{"id":10415,"date":"2025-03-11T15:32:17","date_gmt":"2025-03-11T21:32:17","guid":{"rendered":"https:\/\/www.ipgh.org\/en\/?page_id=10415"},"modified":"2025-09-02T10:03:16","modified_gmt":"2025-09-02T16:03:16","slug":"marzo-2025","status":"publish","type":"page","link":"https:\/\/www.ipgh.org\/en\/?page_id=10415","title":{"rendered":"March 2025"},"content":{"rendered":"\n<div style=\"height:15px\" aria-hidden=\"true\" class=\"wp-block-spacer\"><\/div>\n\n\n\n<div style=\"height:15px\" aria-hidden=\"true\" class=\"wp-block-spacer\"><\/div>\n\n\n\n<p class=\"has-black-color has-text-color has-link-color has-large-font-size wp-elements-edcef2c1aa53fdfe63a13d8e0db3e527\"><strong>25<\/strong><\/p>\n\n\n\n<div style=\"height:15px\" aria-hidden=\"true\" class=\"wp-block-spacer\"><\/div>\n\n\n\n<p class=\"has-luminous-vivid-orange-color has-text-color has-link-color has-medium-font-size wp-elements-54644f2b84b0d5da195a38ec1f926736\"><strong>Preparations for the 26<sup>th<\/sup><\/strong> <strong>General Assembly of the PAIGH in Honduras<\/strong><\/p>\n\n\n\n<div style=\"height:15px\" aria-hidden=\"true\" class=\"wp-block-spacer\"><\/div>\n\n\n\n<p class=\"has-black-color has-text-color has-link-color wp-elements-261bc0e26c3b95c405bbe0058f2a38dc\" style=\"font-size:18px\">Eng. Leidy Yolany Ulloa Colindres, President of the National Section of Honduras and Director of Cartography and Geography at the Institute for Property, held a meeting with MA. Antonio Campuzano Rosales, Secretary General of the Pan American Institute for Geography and History (PAIGH), to coordinate preparations for the 26<sup>th<\/sup> General Assembly of the PAIGH.<\/p>\n\n\n\n<p class=\"has-black-color has-text-color has-link-color wp-elements-e937f14a9f00bc27fb53bac9d1d37b12\" style=\"font-size:18px\">This event shall take place in October 2025 in Honduras, in fulfilment of that approved during the 24<sup>th<\/sup> General Assembly held in the Dominican Republic in 2023. In addition to the General Assembly, the 104<sup> th<\/sup> Meeting of PAIGH Authorities and the Consultation Meetings of the PAIGH Commissions.<\/p>\n\n\n\n<p class=\"has-black-color has-text-color has-link-color wp-elements-934e542fcfd3a4531127fef8aff75629\" style=\"font-size:18px\">The meeting made it possible to make progress in the aspects of logistics and organization, reaffirming the commitment of both parties to ensuring the success of this important statutory meeting of this entity.<\/p>\n\n\n\n<div style=\"height:15px\" aria-hidden=\"true\" class=\"wp-block-spacer\"><\/div>\n\n\n<div class=\"wp-block-image\">\n<figure class=\"aligncenter size-large is-resized\"><img decoding=\"async\" loading=\"lazy\" src=\"https:\/\/www.ipgh.org\/en\/wp-content\/uploads\/2025\/03\/33-1024x579.jpg\" alt=\"\" class=\"wp-image-10487\" style=\"width:695px;height:393px\" width=\"695\" height=\"393\" srcset=\"https:\/\/www.ipgh.org\/en\/wp-content\/uploads\/2025\/03\/33-1024x579.jpg 1024w, https:\/\/www.ipgh.org\/en\/wp-content\/uploads\/2025\/03\/33-300x170.jpg 300w, https:\/\/www.ipgh.org\/en\/wp-content\/uploads\/2025\/03\/33-768x434.jpg 768w, https:\/\/www.ipgh.org\/en\/wp-content\/uploads\/2025\/03\/33-1536x869.jpg 1536w, https:\/\/www.ipgh.org\/en\/wp-content\/uploads\/2025\/03\/33-2048x1158.jpg 2048w\" sizes=\"(max-width: 695px) 100vw, 695px\" \/><\/figure><\/div>\n\n\n<div style=\"height:15px\" aria-hidden=\"true\" class=\"wp-block-spacer\"><\/div>\n\n\n\n<hr class=\"wp-block-separator has-text-color has-luminous-vivid-orange-color has-alpha-channel-opacity has-luminous-vivid-orange-background-color has-background is-style-dots\"\/>\n\n\n\n<p class=\"has-black-color has-text-color has-link-color has-large-font-size wp-elements-6638d027f1aba37e58e985d70c688605\"><strong>19<\/strong><\/p>\n\n\n\n<div style=\"height:15px\" aria-hidden=\"true\" class=\"wp-block-spacer\"><\/div>\n\n\n\n<p class=\"has-luminous-vivid-orange-color has-text-color has-link-color has-medium-font-size wp-elements-c436f2c2b356bbe4fe80fc654b86dbf5\"><strong><strong>Launch of the training project for adverse climate events&nbsp;<\/strong><\/strong><\/p>\n\n\n\n<div style=\"height:15px\" aria-hidden=\"true\" class=\"wp-block-spacer\"><\/div>\n\n\n\n<p class=\"has-black-color has-text-color has-link-color wp-elements-ad182e72fc267cb9494dee7396326137\" style=\"font-size:18px\">The Pan American Institute of Geography and History (PAIGH) was present at the launch of the project&nbsp;\u201cStrengthening of capabilities for research and action on adverse climate events: Training series of the Research Network for Climate Change of the Americas (RICCA)\u201d.<\/p>\n\n\n\n<p class=\"has-black-color has-text-color has-link-color wp-elements-77599869d5e921398de81c2cac955a5f\" style=\"font-size:18px\">MA. Antonio Campuzano Rosales, Secretary General of the PAIGH, participated in remote mode at this major event, at which he stated his recognition of the work team that has made this initiative possible. He emphasized that the project represents a valuable effort for strengthening capabilities for research and action before the challenges involving the climate that this region faces.<\/p>\n\n\n\n<p class=\"has-black-color has-text-color has-link-color wp-elements-36611147cfb3d0a3120c251a1a47e19b\" style=\"font-size:18px\">This initiative started in 2017 thanks to the finance provided by the PAIGH as part of its Technical Assistance Program (PAT), which reflects the commitment of this international organization to the development of solutions based on scientific knowledge and international cooperation.<\/p>\n\n\n\n<p class=\"has-black-color has-text-color has-link-color wp-elements-4b97380a82ab277ad21e5ca5307c7432\" style=\"font-size:18px\">MA. Campuzano underlined the fact that this type of project not only supports and encourages academic exchanges between researchers, it also reaffirms the commitment to strengthening synergies, to raising awareness of the issue and the dissemination of knowledge for the generations to come.<\/p>\n\n\n\n<div style=\"height:15px\" aria-hidden=\"true\" class=\"wp-block-spacer\"><\/div>\n\n\n\n<div class=\"wp-block-columns is-layout-flex wp-container-3 wp-block-columns-is-layout-flex\">\n<div class=\"wp-block-column is-vertically-aligned-center is-layout-flow wp-block-column-is-layout-flow\">\n<figure class=\"wp-block-image size-large\"><img decoding=\"async\" loading=\"lazy\" width=\"1024\" height=\"579\" src=\"https:\/\/www.ipgh.org\/en\/wp-content\/uploads\/2025\/03\/484827718_979232421054438_6694563364810134021_n-1024x579.jpg\" alt=\"\" class=\"wp-image-10473\" srcset=\"https:\/\/www.ipgh.org\/en\/wp-content\/uploads\/2025\/03\/484827718_979232421054438_6694563364810134021_n-1024x579.jpg 1024w, https:\/\/www.ipgh.org\/en\/wp-content\/uploads\/2025\/03\/484827718_979232421054438_6694563364810134021_n-300x170.jpg 300w, https:\/\/www.ipgh.org\/en\/wp-content\/uploads\/2025\/03\/484827718_979232421054438_6694563364810134021_n-768x434.jpg 768w, https:\/\/www.ipgh.org\/en\/wp-content\/uploads\/2025\/03\/484827718_979232421054438_6694563364810134021_n-1536x869.jpg 1536w, https:\/\/www.ipgh.org\/en\/wp-content\/uploads\/2025\/03\/484827718_979232421054438_6694563364810134021_n.jpg 2048w\" sizes=\"(max-width: 1024px) 100vw, 1024px\" \/><\/figure>\n<\/div>\n\n\n\n<div class=\"wp-block-column is-vertically-aligned-center is-layout-flow wp-block-column-is-layout-flow\"><div class=\"wp-block-image\">\n<figure class=\"aligncenter size-large\"><img decoding=\"async\" loading=\"lazy\" width=\"1024\" height=\"579\" src=\"https:\/\/www.ipgh.org\/en\/wp-content\/uploads\/2025\/03\/485649122_979234897720857_5019905967640049712_n-1024x579.jpg\" alt=\"\" class=\"wp-image-10474\" srcset=\"https:\/\/www.ipgh.org\/en\/wp-content\/uploads\/2025\/03\/485649122_979234897720857_5019905967640049712_n-1024x579.jpg 1024w, https:\/\/www.ipgh.org\/en\/wp-content\/uploads\/2025\/03\/485649122_979234897720857_5019905967640049712_n-300x170.jpg 300w, https:\/\/www.ipgh.org\/en\/wp-content\/uploads\/2025\/03\/485649122_979234897720857_5019905967640049712_n-768x434.jpg 768w, https:\/\/www.ipgh.org\/en\/wp-content\/uploads\/2025\/03\/485649122_979234897720857_5019905967640049712_n-1536x869.jpg 1536w, https:\/\/www.ipgh.org\/en\/wp-content\/uploads\/2025\/03\/485649122_979234897720857_5019905967640049712_n.jpg 2048w\" sizes=\"(max-width: 1024px) 100vw, 1024px\" \/><\/figure><\/div><\/div>\n<\/div>\n\n\n\n<div style=\"height:15px\" aria-hidden=\"true\" class=\"wp-block-spacer\"><\/div>\n\n\n\n<hr class=\"wp-block-separator has-text-color has-luminous-vivid-orange-color has-alpha-channel-opacity has-luminous-vivid-orange-background-color has-background is-style-dots\"\/>\n\n\n\n<p class=\"has-black-color has-text-color has-link-color has-large-font-size wp-elements-903b726b4f7f47d8493172c695b7a8e2\"><strong>10<\/strong><\/p>\n\n\n\n<div style=\"height:15px\" aria-hidden=\"true\" class=\"wp-block-spacer\"><\/div>\n\n\n\n<p class=\"has-luminous-vivid-orange-color has-text-color has-link-color has-medium-font-size wp-elements-f1f31e1eed28f634ce0308f1fef88ebe\"><strong><strong>Participation of the PAIGH in the 56<sup>th<\/sup> Extraordinary Series of Sessions of the OAS<\/strong><\/strong><\/p>\n\n\n\n<div style=\"height:15px\" aria-hidden=\"true\" class=\"wp-block-spacer\"><\/div>\n\n\n\n<p class=\"has-black-color has-text-color has-link-color wp-elements-b64b8f7968a75eccf04b91b9bced601b\" style=\"font-size:18px\">The Secretary General of the Pan American Institute of Geography and History (PAIGH), MA. Antonio Campuzano Rosales travelled to Washington, D.C., United States of America, in order to attend the fifty-sixth period of sessions, extra-ordinary in nature, of the General Assembly of the Organization of American States (OAS).<\/p>\n\n\n\n<p class=\"has-black-color has-text-color has-link-color wp-elements-e11f8bbf283ca60ec0e644476ea83590\" style=\"font-size:18px\">The presence of MA. Campuzano at this event represents a significant act for the PAIGH, as it reaffirms the historic link that exists between these two institutions. Since 1949, the PAIGH has been recognized as the first specialized organization of the OAS, from one year after the creation of this organization. This recognition was made official through an agreement that was subsequently updated and signed in Washington, D.C., on May 6<sup>th<\/sup>, 1974.<\/p>\n\n\n\n<p class=\"has-black-color has-text-color has-link-color wp-elements-deca8fa3aeea63753a7a21ff607d8f51\" style=\"font-size:18px\">The PAIGH has performed a fundamental role in strengthening scientific knowledge in the Pan American region. Its work has clearly been enriched thanks to the collaboration with outstanding researchers, scientists and authorities of the Member States.<\/p>\n\n\n\n<p class=\"has-black-color has-text-color has-link-color wp-elements-28c666a05dd02571d2820dbccf4f6408\" style=\"font-size:18px\">Currently, the PAIGH maintains close relations with multiple international organizations, with which it supports and encourages initiatives that favor the exchange of knowledge and the strengthening of technical capabilities.<\/p>\n\n\n\n<div style=\"height:15px\" aria-hidden=\"true\" class=\"wp-block-spacer\"><\/div>\n\n\n\n<div class=\"wp-block-columns is-layout-flex wp-container-7 wp-block-columns-is-layout-flex\">\n<div class=\"wp-block-column is-layout-flow wp-block-column-is-layout-flow\">\n<figure class=\"wp-block-image size-large\"><img decoding=\"async\" loading=\"lazy\" width=\"1024\" height=\"579\" src=\"https:\/\/www.ipgh.org\/en\/wp-content\/uploads\/2025\/03\/10_Nuevo_secretario_general_OEA2-1024x579.jpg\" alt=\"\" class=\"wp-image-10454\" srcset=\"https:\/\/www.ipgh.org\/en\/wp-content\/uploads\/2025\/03\/10_Nuevo_secretario_general_OEA2-1024x579.jpg 1024w, https:\/\/www.ipgh.org\/en\/wp-content\/uploads\/2025\/03\/10_Nuevo_secretario_general_OEA2-300x170.jpg 300w, https:\/\/www.ipgh.org\/en\/wp-content\/uploads\/2025\/03\/10_Nuevo_secretario_general_OEA2-768x434.jpg 768w, https:\/\/www.ipgh.org\/en\/wp-content\/uploads\/2025\/03\/10_Nuevo_secretario_general_OEA2-1536x869.jpg 1536w, https:\/\/www.ipgh.org\/en\/wp-content\/uploads\/2025\/03\/10_Nuevo_secretario_general_OEA2-2048x1158.jpg 2048w\" sizes=\"(max-width: 1024px) 100vw, 1024px\" \/><\/figure>\n<\/div>\n\n\n\n<div class=\"wp-block-column is-layout-flow wp-block-column-is-layout-flow\">\n<figure class=\"wp-block-image size-large\"><img decoding=\"async\" loading=\"lazy\" width=\"1024\" height=\"579\" src=\"https:\/\/www.ipgh.org\/en\/wp-content\/uploads\/2025\/03\/1234-1024x579.jpg\" alt=\"\" class=\"wp-image-10455\" srcset=\"https:\/\/www.ipgh.org\/en\/wp-content\/uploads\/2025\/03\/1234-1024x579.jpg 1024w, https:\/\/www.ipgh.org\/en\/wp-content\/uploads\/2025\/03\/1234-300x170.jpg 300w, https:\/\/www.ipgh.org\/en\/wp-content\/uploads\/2025\/03\/1234-768x434.jpg 768w, https:\/\/www.ipgh.org\/en\/wp-content\/uploads\/2025\/03\/1234-1536x869.jpg 1536w, https:\/\/www.ipgh.org\/en\/wp-content\/uploads\/2025\/03\/1234-2048x1158.jpg 2048w\" sizes=\"(max-width: 1024px) 100vw, 1024px\" \/><\/figure>\n<\/div>\n\n\n\n<div class=\"wp-block-column is-layout-flow wp-block-column-is-layout-flow\">\n<figure class=\"wp-block-image size-large\"><img decoding=\"async\" loading=\"lazy\" width=\"1024\" height=\"579\" src=\"https:\/\/www.ipgh.org\/en\/wp-content\/uploads\/2025\/03\/10_Nuevo_secretario_general_OEA-1024x579.jpg\" alt=\"\" class=\"wp-image-10456\" srcset=\"https:\/\/www.ipgh.org\/en\/wp-content\/uploads\/2025\/03\/10_Nuevo_secretario_general_OEA-1024x579.jpg 1024w, https:\/\/www.ipgh.org\/en\/wp-content\/uploads\/2025\/03\/10_Nuevo_secretario_general_OEA-300x170.jpg 300w, https:\/\/www.ipgh.org\/en\/wp-content\/uploads\/2025\/03\/10_Nuevo_secretario_general_OEA-768x434.jpg 768w, https:\/\/www.ipgh.org\/en\/wp-content\/uploads\/2025\/03\/10_Nuevo_secretario_general_OEA-1536x869.jpg 1536w, https:\/\/www.ipgh.org\/en\/wp-content\/uploads\/2025\/03\/10_Nuevo_secretario_general_OEA-2048x1158.jpg 2048w\" sizes=\"(max-width: 1024px) 100vw, 1024px\" \/><\/figure>\n<\/div>\n<\/div>\n\n\n\n<div style=\"height:15px\" aria-hidden=\"true\" class=\"wp-block-spacer\"><\/div>\n\n\n\n<p class=\"has-luminous-vivid-orange-color has-text-color has-link-color has-medium-font-size wp-elements-9bfd8bf8a49053f35dc65c1164299f26\"><strong>Meeting of MA. Antonio Campuzano with Ambassador Luz Elena Ba\u00f1os Rivas<\/strong><\/p>\n\n\n\n<div style=\"height:15px\" aria-hidden=\"true\" class=\"wp-block-spacer\"><\/div>\n\n\n\n<p class=\"has-black-color has-text-color has-link-color wp-elements-52fa09c0b169d7972ee24664e679cd73\" style=\"font-size:18px\">In the context of his business travel to Washington, D.C., United States of America, MA. Antonio Campuzano Rosales, Secretary General of the Pan American Institute of Geography and History (PAIGH) held a meeting with Ambassador Luz Elena Ba\u00f1os Rivas, Permanent Representative of the United Mexican States before the Organization of American States (OAS).<\/p>\n\n\n\n<p class=\"has-black-color has-text-color has-link-color wp-elements-fe5d07a4c00f1b94c498219f0b7dbf91\" style=\"font-size:18px\">This meeting took place during the fifty-sixth extraordinary series of sessions of the OAS General Assembly, at which the PAIGH participated as part of its commitment with the strengthening of regional cooperation.<\/p>\n\n\n\n<p class=\"has-black-color has-text-color has-link-color wp-elements-90735c26aca39f2aa21ff44fac612ea8\" style=\"font-size:18px\">During the meeting, MA. Antonio Campuzano thanked Ambassador Luz Elena Ba\u00f1os for the support that has been given permanently to the PAIGH, emphasizing the fact that this has been important for technical and scientific development that benefits the Pan American community.<\/p>\n\n\n\n<div style=\"height:15px\" aria-hidden=\"true\" class=\"wp-block-spacer\"><\/div>\n\n\n<div class=\"wp-block-image\">\n<figure class=\"aligncenter size-large is-resized\"><img decoding=\"async\" loading=\"lazy\" src=\"https:\/\/www.ipgh.org\/en\/wp-content\/uploads\/2025\/03\/Embajadora-1024x579.jpg\" alt=\"\" class=\"wp-image-10457\" style=\"width:815px;height:461px\" width=\"815\" height=\"461\" srcset=\"https:\/\/www.ipgh.org\/en\/wp-content\/uploads\/2025\/03\/Embajadora-1024x579.jpg 1024w, https:\/\/www.ipgh.org\/en\/wp-content\/uploads\/2025\/03\/Embajadora-300x170.jpg 300w, https:\/\/www.ipgh.org\/en\/wp-content\/uploads\/2025\/03\/Embajadora-768x434.jpg 768w, https:\/\/www.ipgh.org\/en\/wp-content\/uploads\/2025\/03\/Embajadora-1536x869.jpg 1536w, https:\/\/www.ipgh.org\/en\/wp-content\/uploads\/2025\/03\/Embajadora-2048x1158.jpg 2048w\" sizes=\"(max-width: 815px) 100vw, 815px\" \/><\/figure><\/div>\n\n\n<div style=\"height:15px\" aria-hidden=\"true\" class=\"wp-block-spacer\"><\/div>\n\n\n\n<hr class=\"wp-block-separator has-text-color has-luminous-vivid-orange-color has-alpha-channel-opacity has-luminous-vivid-orange-background-color has-background is-style-dots\"\/>\n\n\n\n<p class=\"has-black-color has-text-color has-link-color has-large-font-size wp-elements-0ff5afdf7cfba587ed3e9f94680203b5\"><strong>06<\/strong><\/p>\n\n\n\n<div style=\"height:15px\" aria-hidden=\"true\" class=\"wp-block-spacer\"><\/div>\n\n\n\n<p class=\"has-luminous-vivid-orange-color has-text-color has-link-color has-medium-font-size wp-elements-046eb239e61a606dd564e71327c6c103\"><strong><strong>Ceremony for the 148<sup>th<\/sup> Anniversary of the National Meteorological Service of Mexico<\/strong><\/strong><\/p>\n\n\n\n<div style=\"height:15px\" aria-hidden=\"true\" class=\"wp-block-spacer\"><\/div>\n\n\n\n<div class=\"wp-block-columns is-layout-flex wp-container-11 wp-block-columns-is-layout-flex\">\n<div class=\"wp-block-column is-layout-flow wp-block-column-is-layout-flow\">\n<figure class=\"wp-block-image size-large\"><img decoding=\"async\" loading=\"lazy\" width=\"1024\" height=\"579\" src=\"https:\/\/www.ipgh.org\/en\/wp-content\/uploads\/2025\/03\/483526210_969254498718897_7320905518534884306_n-1024x579.jpg\" alt=\"\" class=\"wp-image-10416\" srcset=\"https:\/\/www.ipgh.org\/en\/wp-content\/uploads\/2025\/03\/483526210_969254498718897_7320905518534884306_n-1024x579.jpg 1024w, https:\/\/www.ipgh.org\/en\/wp-content\/uploads\/2025\/03\/483526210_969254498718897_7320905518534884306_n-300x170.jpg 300w, https:\/\/www.ipgh.org\/en\/wp-content\/uploads\/2025\/03\/483526210_969254498718897_7320905518534884306_n-768x434.jpg 768w, https:\/\/www.ipgh.org\/en\/wp-content\/uploads\/2025\/03\/483526210_969254498718897_7320905518534884306_n-1536x869.jpg 1536w, https:\/\/www.ipgh.org\/en\/wp-content\/uploads\/2025\/03\/483526210_969254498718897_7320905518534884306_n.jpg 2048w\" sizes=\"(max-width: 1024px) 100vw, 1024px\" \/><\/figure>\n<\/div>\n\n\n\n<div class=\"wp-block-column is-layout-flow wp-block-column-is-layout-flow\">\n<figure class=\"wp-block-image size-large\"><img decoding=\"async\" loading=\"lazy\" width=\"1024\" height=\"579\" src=\"https:\/\/www.ipgh.org\/en\/wp-content\/uploads\/2025\/03\/481909196_969254445385569_4464675011156877894_n-1024x579.jpg\" alt=\"\" class=\"wp-image-10417\" srcset=\"https:\/\/www.ipgh.org\/en\/wp-content\/uploads\/2025\/03\/481909196_969254445385569_4464675011156877894_n-1024x579.jpg 1024w, https:\/\/www.ipgh.org\/en\/wp-content\/uploads\/2025\/03\/481909196_969254445385569_4464675011156877894_n-300x170.jpg 300w, https:\/\/www.ipgh.org\/en\/wp-content\/uploads\/2025\/03\/481909196_969254445385569_4464675011156877894_n-768x434.jpg 768w, https:\/\/www.ipgh.org\/en\/wp-content\/uploads\/2025\/03\/481909196_969254445385569_4464675011156877894_n-1536x869.jpg 1536w, https:\/\/www.ipgh.org\/en\/wp-content\/uploads\/2025\/03\/481909196_969254445385569_4464675011156877894_n.jpg 2048w\" sizes=\"(max-width: 1024px) 100vw, 1024px\" \/><\/figure>\n<\/div>\n\n\n\n<div class=\"wp-block-column is-layout-flow wp-block-column-is-layout-flow\">\n<figure class=\"wp-block-image size-large\"><img decoding=\"async\" loading=\"lazy\" width=\"1024\" height=\"579\" src=\"https:\/\/www.ipgh.org\/en\/wp-content\/uploads\/2025\/03\/483486825_969254462052234_4454386008953918829_n-1024x579.jpg\" alt=\"\" class=\"wp-image-10418\" srcset=\"https:\/\/www.ipgh.org\/en\/wp-content\/uploads\/2025\/03\/483486825_969254462052234_4454386008953918829_n-1024x579.jpg 1024w, https:\/\/www.ipgh.org\/en\/wp-content\/uploads\/2025\/03\/483486825_969254462052234_4454386008953918829_n-300x170.jpg 300w, https:\/\/www.ipgh.org\/en\/wp-content\/uploads\/2025\/03\/483486825_969254462052234_4454386008953918829_n-768x434.jpg 768w, https:\/\/www.ipgh.org\/en\/wp-content\/uploads\/2025\/03\/483486825_969254462052234_4454386008953918829_n-1536x869.jpg 1536w, https:\/\/www.ipgh.org\/en\/wp-content\/uploads\/2025\/03\/483486825_969254462052234_4454386008953918829_n.jpg 2048w\" sizes=\"(max-width: 1024px) 100vw, 1024px\" \/><\/figure>\n<\/div>\n<\/div>\n\n\n\n<div style=\"height:15px\" aria-hidden=\"true\" class=\"wp-block-spacer\"><\/div>\n\n\n\n<p class=\"has-black-color has-text-color has-link-color wp-elements-158361c4abc6bfd4dcabcfbe1b3f351d\" style=\"font-size:18px\">MA. Antonio Campuzano Rosales, Secretary General of the Pan American Institute of Geography and History (PAIGH), attended the ceremony commemorating the 148<strong><sup><sup>th<\/sup><\/sup> <\/strong>Anniversary of the creation of the National Meteorological Service of Mexico (SMN).<\/p>\n\n\n\n<p class=\"has-black-color has-text-color has-link-color wp-elements-49e9a6ac5cd282b0fb0870f4b8c78afd\" style=\"font-size:18px\">The event took place in the architectural complex of the Ex-Archbishopric Palace, which houses both the SMN and the PAIGH, located in Tacubaya, Mexico City. MA. Campuzano was invited to be part of the speakers panel by MSc. Fabi\u00e1n V\u00e1zquez Roma\u00f1a, Coordinator General of the National Meteorological Service.<\/p>\n\n\n\n<p class=\"has-black-color has-text-color has-link-color wp-elements-7f4664e28abf716f404dc544466de45c\" style=\"font-size:18px\">During the ceremony, MSc. V\u00e1zquez Roma\u00f1a highlighted the commitment of the SMN with meteorological monitoring and the prevention of natural hazards.<\/p>\n\n\n\n<p class=\"has-black-color has-text-color has-link-color wp-elements-7169e50013eb0f4e3064a7ee66d81f2a\" style=\"font-size:18px\">As part of the event, MA. Campuzano accompanied the head of the SMN at the cutting of the inaugural ribbon for the exhibition of paintings and photographs of Mexican artists.<\/p>\n\n\n\n<p class=\"has-black-color has-text-color has-link-color wp-elements-c5e696f2a73009dd9d35199bea3758d5\" style=\"font-size:18px\">Subsequently, a tour around the premises of the Ex-Archbishopric complex was made; this included a visit to the General Secretariat of the PAIGH. The group of participants had the opportunity to see at first hand the spaces that are most representative of the Palace building headquarters of the PAIGH, such as the Historic Archive, the library of journals and magazines and the Gallery of Historians and Geographers of America.<\/p>\n\n\n\n<p class=\"has-black-color has-text-color has-link-color wp-elements-c2b5634bf3393aa44a9c6755d34d5a46\" style=\"font-size:18px\">At the end of his participation, MA. Campuzano congratulated the working team of the SMN and stated his best wishes for success to MSc. Fabi\u00e1n V\u00e1zquez Roma\u00f1a.<\/p>\n\n\n\n<div style=\"height:15px\" aria-hidden=\"true\" class=\"wp-block-spacer\"><\/div>\n\n\n\n<hr class=\"wp-block-separator has-text-color has-luminous-vivid-orange-color has-alpha-channel-opacity has-luminous-vivid-orange-background-color has-background is-style-wide\"\/>\n\n\n\n<div class=\"wp-block-buttons is-content-justification-right is-layout-flex wp-container-12 wp-block-buttons-is-layout-flex\">\n<div class=\"wp-block-button\"><a class=\"wp-block-button__link has-luminous-vivid-orange-background-color has-background wp-element-button\" href=\"https:\/\/www.ipgh.org\/en\/?page_id=10044(abre en una nueva pesta\u00f1a)\">Return<\/a><\/div>\n<\/div>\n","protected":false},"excerpt":{"rendered":"<p>25 Preparations for the 26th General Assembly of the PAIGH in Honduras Eng. Leidy Yolany Ulloa Colindres, President of the National Section of Honduras and Director of Cartography and Geography at the Institute for Property, held a meeting with MA. Antonio Campuzano Rosales, Secretary General of the Pan American Institute for Geography and History (PAIGH), <a class=\"read-more\" href=\"https:\/\/www.ipgh.org\/en\/?page_id=10415\">READ MORE<\/a><\/p>\n","protected":false},"author":1,"featured_media":0,"parent":0,"menu_order":0,"comment_status":"closed","ping_status":"closed","template":"","meta":{"footnotes":""},"_links":{"self":[{"href":"https:\/\/www.ipgh.org\/en\/index.php?rest_route=\/wp\/v2\/pages\/10415"}],"collection":[{"href":"https:\/\/www.ipgh.org\/en\/index.php?rest_route=\/wp\/v2\/pages"}],"about":[{"href":"https:\/\/www.ipgh.org\/en\/index.php?rest_route=\/wp\/v2\/types\/page"}],"author":[{"embeddable":true,"href":"https:\/\/www.ipgh.org\/en\/index.php?rest_route=\/wp\/v2\/users\/1"}],"replies":[{"embeddable":true,"href":"https:\/\/www.ipgh.org\/en\/index.php?rest_route=%2Fwp%2Fv2%2Fcomments&post=10415"}],"version-history":[{"count":12,"href":"https:\/\/www.ipgh.org\/en\/index.php?rest_route=\/wp\/v2\/pages\/10415\/revisions"}],"predecessor-version":[{"id":11187,"href":"https:\/\/www.ipgh.org\/en\/index.php?rest_route=\/wp\/v2\/pages\/10415\/revisions\/11187"}],"wp:attachment":[{"href":"https:\/\/www.ipgh.org\/en\/index.php?rest_route=%2Fwp%2Fv2%2Fmedia&parent=10415"}],"curies":[{"name":"wp","href":"https:\/\/api.w.org\/{rel}","templated":true}]}}