{"id":11279,"date":"2025-09-19T08:53:27","date_gmt":"2025-09-19T14:53:27","guid":{"rendered":"https:\/\/www.ipgh.org\/en\/?page_id=11279"},"modified":"2025-09-19T08:55:15","modified_gmt":"2025-09-19T14:55:15","slug":"july-2025","status":"publish","type":"page","link":"https:\/\/www.ipgh.org\/en\/?page_id=11279","title":{"rendered":"July 2025"},"content":{"rendered":"\n<div style=\"height:25px\" aria-hidden=\"true\" class=\"wp-block-spacer\"><\/div>\n\n\n\n<p class=\"has-black-color has-text-color has-link-color has-large-font-size wp-elements-46ae601c8038440f498752ffe41f56bf\"><strong>24-25<\/strong><\/p>\n\n\n\n<div style=\"height:20px\" aria-hidden=\"true\" class=\"wp-block-spacer\"><\/div>\n\n\n\n<p class=\"has-luminous-vivid-orange-color has-text-color has-link-color has-medium-font-size wp-elements-dbcf62f09c3d15e29c04b5f0432d2ca3\"><strong>Fourth Academic Conferences of the American Congress of Freedom<\/strong><\/p>\n\n\n\n<div style=\"height:25px\" aria-hidden=\"true\" class=\"wp-block-spacer\"><\/div>\n\n\n\n<p class=\"has-black-color has-text-color has-link-color wp-elements-2120740e96cbc61dd060312c76eb3b01\" style=\"font-size:18px\">The Fourth Academic Conferences of the American Congress of Freedom were held in Panama City, Panama, dedicated to the theme \u201cSim\u00f3n Bol\u00edvar and the significance of the Amphictyonic Congress of Panama.\u201d The event was organized by the Ministry of Foreign Affairs of Panama and the National Academy of History of Ecuador and took place in the Gran Sal\u00f3n Bol\u00edvar of the Ministry of Foreign Affairs of Panama.<\/p>\n\n\n\n<p class=\"has-black-color has-text-color has-link-color wp-elements-a9b00c69d7530c70f1c07a938dd5a5e5\" style=\"font-size:18px\">The opening ceremony was attended by H.E. Carlos A. Hoyos, Deputy Minister of Foreign Affairs of Panama; Dr. Franklin Barriga L\u00f3pez, Director Emeritus of the National Academy of History of Ecuador; Dr. Carlos Guevara Mann, President of the Bolivarian Society and Deputy Minister of Multilateral Affairs and Cooperation of Panama; MA. Antonio Campuzano Rosales, Secretary General of the Pan American Institute of Geography and History (PAIGH); and H.E. Mar\u00eda Eugenia Herrera, Minister of Culture of Panama.<\/p>\n\n\n\n<p class=\"has-black-color has-text-color has-link-color wp-elements-6356aab4ba2482bf69de685be5e6379a\" style=\"font-size:18px\">The works presented in this edition focused on the figure of Sim\u00f3n Bol\u00edvar, the Liberator, and the efforts of the countries that formed part of the Amphictyonic Congress, with the participation of twenty historians representing PAIGH member countries, including Argentina, Chile, Colombia, Ecuador, Guatemala, Honduras, Mexico, Panama, Paraguay, Peru, the Dominican Republic, and Puerto Rico.<\/p>\n\n\n\n<div style=\"height:25px\" aria-hidden=\"true\" class=\"wp-block-spacer\"><\/div>\n\n\n\n<div class=\"wp-block-columns is-layout-flex wp-container-3 wp-block-columns-is-layout-flex\">\n<div class=\"wp-block-column is-layout-flow wp-block-column-is-layout-flow\">\n<figure class=\"wp-block-image size-large\"><img decoding=\"async\" loading=\"lazy\" width=\"1024\" height=\"579\" src=\"https:\/\/www.ipgh.org\/en\/wp-content\/uploads\/2025\/09\/523803836_1074888011488878_3131675570147074720_n-1024x579.jpg\" alt=\"\" class=\"wp-image-11280\" srcset=\"https:\/\/www.ipgh.org\/en\/wp-content\/uploads\/2025\/09\/523803836_1074888011488878_3131675570147074720_n-1024x579.jpg 1024w, https:\/\/www.ipgh.org\/en\/wp-content\/uploads\/2025\/09\/523803836_1074888011488878_3131675570147074720_n-300x170.jpg 300w, https:\/\/www.ipgh.org\/en\/wp-content\/uploads\/2025\/09\/523803836_1074888011488878_3131675570147074720_n-768x434.jpg 768w, https:\/\/www.ipgh.org\/en\/wp-content\/uploads\/2025\/09\/523803836_1074888011488878_3131675570147074720_n-1536x869.jpg 1536w, https:\/\/www.ipgh.org\/en\/wp-content\/uploads\/2025\/09\/523803836_1074888011488878_3131675570147074720_n.jpg 2048w\" sizes=\"(max-width: 1024px) 100vw, 1024px\" \/><\/figure>\n<\/div>\n\n\n\n<div class=\"wp-block-column is-layout-flow wp-block-column-is-layout-flow\">\n<figure class=\"wp-block-image size-large\"><img decoding=\"async\" loading=\"lazy\" width=\"1024\" height=\"579\" src=\"https:\/\/www.ipgh.org\/en\/wp-content\/uploads\/2025\/09\/520613238_1074888041488875_5983245244496392135_n-1024x579.jpg\" alt=\"\" class=\"wp-image-11281\" srcset=\"https:\/\/www.ipgh.org\/en\/wp-content\/uploads\/2025\/09\/520613238_1074888041488875_5983245244496392135_n-1024x579.jpg 1024w, https:\/\/www.ipgh.org\/en\/wp-content\/uploads\/2025\/09\/520613238_1074888041488875_5983245244496392135_n-300x170.jpg 300w, https:\/\/www.ipgh.org\/en\/wp-content\/uploads\/2025\/09\/520613238_1074888041488875_5983245244496392135_n-768x434.jpg 768w, https:\/\/www.ipgh.org\/en\/wp-content\/uploads\/2025\/09\/520613238_1074888041488875_5983245244496392135_n-1536x869.jpg 1536w, https:\/\/www.ipgh.org\/en\/wp-content\/uploads\/2025\/09\/520613238_1074888041488875_5983245244496392135_n.jpg 2048w\" sizes=\"(max-width: 1024px) 100vw, 1024px\" \/><\/figure>\n<\/div>\n<\/div>\n\n\n\n<div style=\"height:25px\" aria-hidden=\"true\" class=\"wp-block-spacer\"><\/div>\n\n\n\n<hr class=\"wp-block-separator has-text-color has-luminous-vivid-orange-color has-alpha-channel-opacity has-luminous-vivid-orange-background-color has-background is-style-dots\"\/>\n\n\n\n<p class=\"has-luminous-vivid-orange-color has-text-color has-link-color has-medium-font-size wp-elements-2b69ed009d61e54d7e24f0f3f88e8767\"><strong>Visit to the National Section of the PAIGH in Panama<\/strong><\/p>\n\n\n\n<div style=\"height:20px\" aria-hidden=\"true\" class=\"wp-block-spacer\"><\/div>\n\n\n\n<p class=\"has-black-color has-text-color has-link-color wp-elements-47a9e14641d44993244cc213d710e509\" style=\"font-size:19px\">The Secretary General of the Pan American Institute of Geography and History (PAIGH), MA. Antonio Campuzano Rosales, visited the facilities of the National Section of the PAIGH in Panama, located at the \u201cTommy Guardia\u201d National Geographic Institute. He was received by Eng. Lenin Guizado, Director of the Institute and President of the National Section of the PAIGH in Panama.<\/p>\n\n\n\n<p class=\"has-black-color has-text-color has-link-color wp-elements-c1882351fca65dab896a411a7bf13792\" style=\"font-size:19px\">The purpose of the visit was to promote scientific and technical development in areas of interest to the PAIGH in its Member States, through support for the National Sections, in line with the objectives of the PAIGH Strategic Modernization Plan 2022\u20132025.<\/p>\n\n\n\n<p class=\"has-black-color has-text-color has-link-color wp-elements-008b36a3b0b9cbe7b44879bded736003\" style=\"font-size:19px\">During the meeting, strategies were discussed to increase Panama&#8217;s participation in Technical Assistance and Publications Programs, scholarships, and calls for awards in the Institute&#8217;s four areas of scientific development: Cartography, Geography, History, and Geophysics, as well as in related disciplines.<\/p>\n\n\n\n<div style=\"height:25px\" aria-hidden=\"true\" class=\"wp-block-spacer\"><\/div>\n\n\n\n<div class=\"wp-block-columns is-layout-flex wp-container-6 wp-block-columns-is-layout-flex\">\n<div class=\"wp-block-column is-layout-flow wp-block-column-is-layout-flow\">\n<figure class=\"wp-block-image size-large\"><img decoding=\"async\" loading=\"lazy\" width=\"1024\" height=\"579\" src=\"https:\/\/www.ipgh.org\/en\/wp-content\/uploads\/2025\/09\/522505209_1074166274894385_6107086979251636226_n-1024x579.jpg\" alt=\"\" class=\"wp-image-11286\" srcset=\"https:\/\/www.ipgh.org\/en\/wp-content\/uploads\/2025\/09\/522505209_1074166274894385_6107086979251636226_n-1024x579.jpg 1024w, https:\/\/www.ipgh.org\/en\/wp-content\/uploads\/2025\/09\/522505209_1074166274894385_6107086979251636226_n-300x170.jpg 300w, https:\/\/www.ipgh.org\/en\/wp-content\/uploads\/2025\/09\/522505209_1074166274894385_6107086979251636226_n-768x434.jpg 768w, https:\/\/www.ipgh.org\/en\/wp-content\/uploads\/2025\/09\/522505209_1074166274894385_6107086979251636226_n-1536x869.jpg 1536w, https:\/\/www.ipgh.org\/en\/wp-content\/uploads\/2025\/09\/522505209_1074166274894385_6107086979251636226_n.jpg 2048w\" sizes=\"(max-width: 1024px) 100vw, 1024px\" \/><\/figure>\n<\/div>\n\n\n\n<div class=\"wp-block-column is-layout-flow wp-block-column-is-layout-flow\">\n<figure class=\"wp-block-image size-large\"><img decoding=\"async\" loading=\"lazy\" width=\"1024\" height=\"579\" src=\"https:\/\/www.ipgh.org\/en\/wp-content\/uploads\/2025\/09\/523382466_1074169861560693_2450772556606568591_n-1024x579.jpg\" alt=\"\" class=\"wp-image-11287\" srcset=\"https:\/\/www.ipgh.org\/en\/wp-content\/uploads\/2025\/09\/523382466_1074169861560693_2450772556606568591_n-1024x579.jpg 1024w, https:\/\/www.ipgh.org\/en\/wp-content\/uploads\/2025\/09\/523382466_1074169861560693_2450772556606568591_n-300x170.jpg 300w, https:\/\/www.ipgh.org\/en\/wp-content\/uploads\/2025\/09\/523382466_1074169861560693_2450772556606568591_n-768x434.jpg 768w, https:\/\/www.ipgh.org\/en\/wp-content\/uploads\/2025\/09\/523382466_1074169861560693_2450772556606568591_n-1536x869.jpg 1536w, https:\/\/www.ipgh.org\/en\/wp-content\/uploads\/2025\/09\/523382466_1074169861560693_2450772556606568591_n.jpg 2048w\" sizes=\"(max-width: 1024px) 100vw, 1024px\" \/><\/figure>\n<\/div>\n<\/div>\n\n\n\n<div style=\"height:25px\" aria-hidden=\"true\" class=\"wp-block-spacer\"><\/div>\n\n\n\n<hr class=\"wp-block-separator has-text-color has-luminous-vivid-orange-color has-alpha-channel-opacity has-luminous-vivid-orange-background-color has-background is-style-dots\"\/>\n\n\n\n<p class=\"has-black-color has-text-color has-link-color has-large-font-size wp-elements-f4ec819e77d1683a9eac767483b420e1\"><strong>22<\/strong><\/p>\n\n\n\n<div style=\"height:20px\" aria-hidden=\"true\" class=\"wp-block-spacer\"><\/div>\n\n\n\n<p class=\"has-luminous-vivid-orange-color has-text-color has-link-color has-medium-font-size wp-elements-938c3f548ba65dce1c136fb5a20e99f2\"><strong>Discussion on the fight against illicit trafficking in cultural property<\/strong><\/p>\n\n\n\n<div style=\"height:25px\" aria-hidden=\"true\" class=\"wp-block-spacer\"><\/div>\n\n\n\n<div class=\"wp-block-media-text is-stacked-on-mobile\" style=\"grid-template-columns:53% auto\"><figure class=\"wp-block-media-text__media\"><img decoding=\"async\" loading=\"lazy\" width=\"1024\" height=\"579\" src=\"https:\/\/www.ipgh.org\/en\/wp-content\/uploads\/2025\/09\/522348548_1074132784897734_2185278062763440226_n-1024x579.jpg\" alt=\"\" class=\"wp-image-11288 size-full\" srcset=\"https:\/\/www.ipgh.org\/en\/wp-content\/uploads\/2025\/09\/522348548_1074132784897734_2185278062763440226_n-1024x579.jpg 1024w, https:\/\/www.ipgh.org\/en\/wp-content\/uploads\/2025\/09\/522348548_1074132784897734_2185278062763440226_n-300x170.jpg 300w, https:\/\/www.ipgh.org\/en\/wp-content\/uploads\/2025\/09\/522348548_1074132784897734_2185278062763440226_n-768x434.jpg 768w, https:\/\/www.ipgh.org\/en\/wp-content\/uploads\/2025\/09\/522348548_1074132784897734_2185278062763440226_n-1536x869.jpg 1536w, https:\/\/www.ipgh.org\/en\/wp-content\/uploads\/2025\/09\/522348548_1074132784897734_2185278062763440226_n.jpg 2048w\" sizes=\"(max-width: 1024px) 100vw, 1024px\" \/><\/figure><div class=\"wp-block-media-text__content\">\n<p class=\"has-white-color has-text-color has-background has-link-color wp-elements-5fbdc2d12bcfa756e231cdfbd97c7d4d\" style=\"background-color:#ff9448;font-size:18px\">The Palace headquarters of the Pan American Institute of Geography and History (PAIGH) hosted a discussion entitled <em>\u201cThe fight against illicit trafficking in cultural property: the experience of Peru and Mexico,\u201d<\/em> organized by the Embassy of Peru in Mexico in coordination with the PAIGH.                                                               The event was attended by Claudia Bastante, Counselor at the Embassy of Peru in Mexico, who presented the Peruvian case, and Dr. Baltazar Brito Guadarrama, Director of the National Library of Anthropology and History, who presented the Mexican experience. The discussion was moderated by Yesica Fonseca, Minister Counselor at the Embassy of Peru in Mexico.                                           The discussion took place with both in-person and virtual attendance, in an atmosphere of cordiality and broad interest on the part of the audience, both at the \u201cH\u00e9ctor Oscar Jos\u00e9 Pena\u201d Newspaper Library and through the Peruvian representation&#8217;s social media broadcast.                                                                          With this type of academic activity, the PAIGH reaffirms its collaboration and support for its Member States.<\/p>\n<\/div><\/div>\n\n\n\n<div style=\"height:25px\" aria-hidden=\"true\" class=\"wp-block-spacer\"><\/div>\n\n\n\n<hr class=\"wp-block-separator has-text-color has-luminous-vivid-orange-color has-alpha-channel-opacity has-luminous-vivid-orange-background-color has-background is-style-dots\"\/>\n\n\n\n<p class=\"has-black-color has-text-color has-link-color has-large-font-size wp-elements-7cf74934638a62b48568389496070fce\"><strong>08-10<\/strong><\/p>\n\n\n\n<div style=\"height:20px\" aria-hidden=\"true\" class=\"wp-block-spacer\"><\/div>\n\n\n\n<p class=\"has-luminous-vivid-orange-color has-text-color has-link-color has-medium-font-size wp-elements-86d22956149e4ee68f71d8ecc3df9c49\"><strong>103<sup>rd<\/sup> Meeting of Authorities of the PAIGH<\/strong><\/p>\n\n\n\n<div style=\"height:25px\" aria-hidden=\"true\" class=\"wp-block-spacer\"><\/div>\n\n\n\n<div class=\"wp-block-columns is-layout-flex wp-container-9 wp-block-columns-is-layout-flex\">\n<div class=\"wp-block-column is-layout-flow wp-block-column-is-layout-flow\">\n<figure class=\"wp-block-image size-large\"><img decoding=\"async\" loading=\"lazy\" width=\"1024\" height=\"717\" src=\"https:\/\/www.ipgh.org\/en\/wp-content\/uploads\/2025\/09\/518341952_1064759512501728_3276948203085904243_n-1024x717.jpg\" alt=\"\" class=\"wp-image-11289\" srcset=\"https:\/\/www.ipgh.org\/en\/wp-content\/uploads\/2025\/09\/518341952_1064759512501728_3276948203085904243_n-1024x717.jpg 1024w, https:\/\/www.ipgh.org\/en\/wp-content\/uploads\/2025\/09\/518341952_1064759512501728_3276948203085904243_n-300x210.jpg 300w, https:\/\/www.ipgh.org\/en\/wp-content\/uploads\/2025\/09\/518341952_1064759512501728_3276948203085904243_n-768x537.jpg 768w, https:\/\/www.ipgh.org\/en\/wp-content\/uploads\/2025\/09\/518341952_1064759512501728_3276948203085904243_n-1536x1075.jpg 1536w, https:\/\/www.ipgh.org\/en\/wp-content\/uploads\/2025\/09\/518341952_1064759512501728_3276948203085904243_n.jpg 2048w\" sizes=\"(max-width: 1024px) 100vw, 1024px\" \/><\/figure>\n<\/div>\n\n\n\n<div class=\"wp-block-column is-layout-flow wp-block-column-is-layout-flow\">\n<figure class=\"wp-block-image size-large\"><img decoding=\"async\" loading=\"lazy\" width=\"1024\" height=\"717\" src=\"https:\/\/www.ipgh.org\/en\/wp-content\/uploads\/2025\/09\/516940439_1062638449380501_7760961853401632214_n-1024x717.jpg\" alt=\"\" class=\"wp-image-11290\" srcset=\"https:\/\/www.ipgh.org\/en\/wp-content\/uploads\/2025\/09\/516940439_1062638449380501_7760961853401632214_n-1024x717.jpg 1024w, https:\/\/www.ipgh.org\/en\/wp-content\/uploads\/2025\/09\/516940439_1062638449380501_7760961853401632214_n-300x210.jpg 300w, https:\/\/www.ipgh.org\/en\/wp-content\/uploads\/2025\/09\/516940439_1062638449380501_7760961853401632214_n-768x537.jpg 768w, https:\/\/www.ipgh.org\/en\/wp-content\/uploads\/2025\/09\/516940439_1062638449380501_7760961853401632214_n-1536x1075.jpg 1536w, https:\/\/www.ipgh.org\/en\/wp-content\/uploads\/2025\/09\/516940439_1062638449380501_7760961853401632214_n.jpg 2048w\" sizes=\"(max-width: 1024px) 100vw, 1024px\" \/><\/figure>\n<\/div>\n<\/div>\n\n\n\n<div style=\"height:25px\" aria-hidden=\"true\" class=\"wp-block-spacer\"><\/div>\n\n\n\n<p class=\"has-black-color has-text-color has-link-color wp-elements-4c7c5e1dd18687b56b150be0519ebec4\" style=\"font-size:18px\">From July 8 to 10, 2025, the 103rd Meeting of Authorities of the Pan American Institute of Geography and History (PAIGH) was held in Mexico City. These meetings are held twice a year to review scientific, financial, and administrative areas, as well as to coordinate, supervise, analyze, and approve the organization&#8217;s Technical Assistance and Publications programs.<\/p>\n\n\n\n<p class=\"has-black-color has-text-color has-link-color wp-elements-288a9d005b60d2ec534c71148500203f\" style=\"font-size:18px\">The seven PAIGH authorities attended this statutory meeting: Dr. Patricia Sol\u00eds, President (United States of America); BA. Pahola M\u00e9ndez Mata, Vice President (Guatemala); MA. Antonio Campuzano Rosales, Secretary General (Mexico); MSc. Max Alberto Lobo Hern\u00e1ndez, President of the Cartography Commission (Costa Rica); Dr. Hermann Manr\u00edquez Tirado, President of the Geography Commission (Chile); Dr. Filiberto Cruz S\u00e1nchez, President of the History Commission (Dominican Republic); and Dr. Mario Calixto Ruiz Romero, President of the Geophysics Commission (Ecuador).<\/p>\n\n\n\n<p class=\"has-black-color has-text-color has-link-color wp-elements-269f1be4f1a3c9baf1584c9d8566505d\" style=\"font-size:18px\">Dr. Patricia Sol\u00eds formally opened the meeting on July 8. Over the following days, the topics contained in the resolutions for the 26th General Assembly of the PAIGH, scheduled for October 2025 in Honduras, a Member State of the Institute, were addressed.<\/p>\n\n\n\n<div style=\"height:25px\" aria-hidden=\"true\" class=\"wp-block-spacer\"><\/div>\n\n\n\n<hr class=\"wp-block-separator has-text-color has-luminous-vivid-orange-color has-alpha-channel-opacity has-luminous-vivid-orange-background-color has-background is-style-dots\"\/>\n\n\n\n<p class=\"has-black-color has-text-color has-link-color has-large-font-size wp-elements-a29389229d3710e14c8d84280b21c189\"><strong>01<\/strong><\/p>\n\n\n\n<div style=\"height:20px\" aria-hidden=\"true\" class=\"wp-block-spacer\"><\/div>\n\n\n\n<p class=\"has-luminous-vivid-orange-color has-text-color has-link-color has-medium-font-size wp-elements-8771887e906ff852be1c3b4298efb62f\"><strong>The PAIGH welcomed Minister Yong Koo Kang from the Embassy of the Republic of Korea in Mexico to its headquarters<\/strong><\/p>\n\n\n\n<div style=\"height:25px\" aria-hidden=\"true\" class=\"wp-block-spacer\"><\/div>\n\n\n<div class=\"wp-block-image\">\n<figure class=\"aligncenter size-large is-resized\"><img decoding=\"async\" loading=\"lazy\" src=\"https:\/\/www.ipgh.org\/en\/wp-content\/uploads\/2025\/09\/515015025_1056952809949065_1762358257708865683_n-1024x717.jpg\" alt=\"\" class=\"wp-image-11291\" style=\"width:692px;height:484px\" width=\"692\" height=\"484\" srcset=\"https:\/\/www.ipgh.org\/en\/wp-content\/uploads\/2025\/09\/515015025_1056952809949065_1762358257708865683_n-1024x717.jpg 1024w, https:\/\/www.ipgh.org\/en\/wp-content\/uploads\/2025\/09\/515015025_1056952809949065_1762358257708865683_n-300x210.jpg 300w, https:\/\/www.ipgh.org\/en\/wp-content\/uploads\/2025\/09\/515015025_1056952809949065_1762358257708865683_n-768x537.jpg 768w, https:\/\/www.ipgh.org\/en\/wp-content\/uploads\/2025\/09\/515015025_1056952809949065_1762358257708865683_n-1536x1075.jpg 1536w, https:\/\/www.ipgh.org\/en\/wp-content\/uploads\/2025\/09\/515015025_1056952809949065_1762358257708865683_n.jpg 2048w\" sizes=\"(max-width: 692px) 100vw, 692px\" \/><\/figure><\/div>\n\n\n<div style=\"height:25px\" aria-hidden=\"true\" class=\"wp-block-spacer\"><\/div>\n\n\n\n<p class=\"has-black-color has-text-color has-link-color wp-elements-f396c63c67eb14481a2f5b2281767bb8\" style=\"font-size:18px\">During the meeting, PAIGH Secretary General MA. Antonio Campuzano Rosales presented the Minister with a compilation of opinions and comments sent by the Institute&#8217;s National Sections regarding the virtual session <em>\u201cIntroduction to the National Atlas of Korea Project,\u201d<\/em> organized on June 19 by the National Geographic Information Institute (NGII) of Korea.<\/p>\n\n\n\n<p class=\"has-black-color has-text-color has-link-color wp-elements-a94424b0f1d543cc31a9f8f98d30ab9f\" style=\"font-size:18px\">The Secretary General congratulated Minister Yong Koo Kang on the success of this initiative and reaffirmed the PAIGH&#8217;s support for the dissemination of the project.<\/p>\n\n\n\n<div style=\"height:25px\" aria-hidden=\"true\" class=\"wp-block-spacer\"><\/div>\n\n\n\n<hr class=\"wp-block-separator has-text-color has-luminous-vivid-orange-color has-alpha-channel-opacity has-luminous-vivid-orange-background-color has-background is-style-dots\"\/>\n\n\n\n<p class=\"has-luminous-vivid-orange-color has-text-color has-link-color has-medium-font-size wp-elements-564d067001fac634a023f9d703b10afb\"><strong>Virtual meeting with the National Section of Honduras for the 26<sup>th<\/sup> General Assembly<\/strong><\/p>\n\n\n\n<div style=\"height:25px\" aria-hidden=\"true\" class=\"wp-block-spacer\"><\/div>\n\n\n<div class=\"wp-block-image\">\n<figure class=\"aligncenter size-large is-resized\"><img decoding=\"async\" loading=\"lazy\" src=\"https:\/\/www.ipgh.org\/en\/wp-content\/uploads\/2025\/09\/514488650_1056951176615895_2200161563989324966_n-1-1024x717.jpg\" alt=\"\" class=\"wp-image-11293\" style=\"width:616px;height:431px\" width=\"616\" height=\"431\" srcset=\"https:\/\/www.ipgh.org\/en\/wp-content\/uploads\/2025\/09\/514488650_1056951176615895_2200161563989324966_n-1-1024x717.jpg 1024w, https:\/\/www.ipgh.org\/en\/wp-content\/uploads\/2025\/09\/514488650_1056951176615895_2200161563989324966_n-1-300x210.jpg 300w, https:\/\/www.ipgh.org\/en\/wp-content\/uploads\/2025\/09\/514488650_1056951176615895_2200161563989324966_n-1-768x537.jpg 768w, https:\/\/www.ipgh.org\/en\/wp-content\/uploads\/2025\/09\/514488650_1056951176615895_2200161563989324966_n-1-1536x1075.jpg 1536w, https:\/\/www.ipgh.org\/en\/wp-content\/uploads\/2025\/09\/514488650_1056951176615895_2200161563989324966_n-1.jpg 2048w\" sizes=\"(max-width: 616px) 100vw, 616px\" \/><\/figure><\/div>\n\n\n<p class=\"has-black-color has-text-color has-link-color wp-elements-18f8be9f067278a3a7cf63b2d67222fa\" style=\"font-size:18px\">MA. Antonio Campuzano Rosales, Secretary General of the Pan American Institute of Geography and History (PAIGH), held a virtual meeting with Mrs. Leidy Ulloa, President of the PAIGH National Section in Honduras, and Mr. Horacio Ezequiel Padilla, Geography Coordinator for the General Directorate of Cartography and Geography of the Property Institute of that country.<\/p>\n\n\n\n<p class=\"has-black-color has-text-color has-link-color wp-elements-4ce3e1457d83ffefc71cb55b6718bc84\" style=\"font-size:18px\">During the meeting, they continued with the logistical and technical organization of the 26th General Assembly of the PAIGH, scheduled to be held in Tegucigalpa, Honduras, in October 2025. The Secretary General reiterated the General Secretariat&#8217;s support for the National Section of Honduras, highlighting the importance of ongoing collaboration between the Institute&#8217;s authorities and its Member States, in accordance with the PAIGH Strategic Modernization Plan 2022\u20132025.<\/p>\n\n\n\n<div style=\"height:25px\" aria-hidden=\"true\" class=\"wp-block-spacer\"><\/div>\n\n\n\n<hr class=\"wp-block-separator has-text-color has-luminous-vivid-orange-color has-alpha-channel-opacity has-luminous-vivid-orange-background-color has-background is-style-default\"\/>\n\n\n\n<div class=\"wp-block-buttons is-content-justification-right is-layout-flex wp-container-10 wp-block-buttons-is-layout-flex\">\n<div class=\"wp-block-button\"><a class=\"wp-block-button__link has-luminous-vivid-orange-background-color has-background wp-element-button\" href=\"https:\/\/www.ipgh.org\/en\/?page_id=10044\">Return<\/a><\/div>\n<\/div>\n","protected":false},"excerpt":{"rendered":"<p>24-25 Fourth Academic Conferences of the American Congress of Freedom The Fourth Academic Conferences of the American Congress of Freedom were held in Panama City, Panama, dedicated to the theme \u201cSim\u00f3n Bol\u00edvar and the significance of the Amphictyonic Congress of Panama.\u201d The event was organized by the Ministry of Foreign Affairs of Panama and the <a class=\"read-more\" href=\"https:\/\/www.ipgh.org\/en\/?page_id=11279\">READ MORE<\/a><\/p>\n","protected":false},"author":1,"featured_media":0,"parent":0,"menu_order":0,"comment_status":"closed","ping_status":"closed","template":"","meta":{"footnotes":""},"_links":{"self":[{"href":"https:\/\/www.ipgh.org\/en\/index.php?rest_route=\/wp\/v2\/pages\/11279"}],"collection":[{"href":"https:\/\/www.ipgh.org\/en\/index.php?rest_route=\/wp\/v2\/pages"}],"about":[{"href":"https:\/\/www.ipgh.org\/en\/index.php?rest_route=\/wp\/v2\/types\/page"}],"author":[{"embeddable":true,"href":"https:\/\/www.ipgh.org\/en\/index.php?rest_route=\/wp\/v2\/users\/1"}],"replies":[{"embeddable":true,"href":"https:\/\/www.ipgh.org\/en\/index.php?rest_route=%2Fwp%2Fv2%2Fcomments&post=11279"}],"version-history":[{"count":4,"href":"https:\/\/www.ipgh.org\/en\/index.php?rest_route=\/wp\/v2\/pages\/11279\/revisions"}],"predecessor-version":[{"id":11298,"href":"https:\/\/www.ipgh.org\/en\/index.php?rest_route=\/wp\/v2\/pages\/11279\/revisions\/11298"}],"wp:attachment":[{"href":"https:\/\/www.ipgh.org\/en\/index.php?rest_route=%2Fwp%2Fv2%2Fmedia&parent=11279"}],"curies":[{"name":"wp","href":"https:\/\/api.w.org\/{rel}","templated":true}]}}