{"id":11575,"date":"2025-10-08T15:46:37","date_gmt":"2025-10-08T21:46:37","guid":{"rendered":"https:\/\/www.ipgh.org\/en\/?page_id=11575"},"modified":"2025-10-08T16:18:24","modified_gmt":"2025-10-08T22:18:24","slug":"august-2025","status":"publish","type":"page","link":"https:\/\/www.ipgh.org\/en\/?page_id=11575","title":{"rendered":"August 2025"},"content":{"rendered":"\n<p class=\"has-black-color has-text-color has-link-color has-large-font-size wp-elements-d8e783e25000762d2be378ab170f4d6d\"><strong>27<\/strong><\/p>\n\n\n\n<p class=\"has-luminous-vivid-orange-color has-text-color has-link-color wp-elements-be3132364e83b6f8cd2a6879d32b4789\" style=\"font-size:18px\"><strong>Participation of the Secretary General of the PAIGH in the FES-Acatl\u00e1n<\/strong><\/p>\n\n\n\n<p>MA. Antonio Campuzano Rosales, Secretary General of the Pan American Institute of Geography and History (PAIGH), participated in the colloquium <em>\u201cAcatl\u00e1n: Half a Century in the Professionalization of History. Assessments and Challenges,\u201d<\/em> held at the Acatl\u00e1n Faculty of Higher Studies of the National Autonomous University of Mexico (UNAM).<\/p>\n\n\n\n<p>During the event, the Secretary General presented the paper \u201cMilitary History, What For?\u201d, in which he highlighted the relevance of this discipline for understanding historical processes. The activity was organized by the Academic Section of History, as part of the celebration of the 50th anniversary of the Acatl\u00e1n Faculty of Higher Studies of the UNAM.<\/p>\n\n\n\n<p>MA, Campuzano Rosales expressed his gratitude to Mr. Jos\u00e9 Trinidad C\u00e1zarez Mata, Head of the Academic Section of History of the Humanities Program at FES Acatl\u00e1n, for the invitation to this important academic meeting.<\/p>\n\n\n<div class=\"wp-block-image\">\n<figure class=\"aligncenter size-large is-resized\"><img decoding=\"async\" loading=\"lazy\" src=\"https:\/\/www.ipgh.org\/en\/wp-content\/uploads\/2025\/10\/29_Agenda_Acatlan02-1024x579.jpg\" alt=\"\" class=\"wp-image-11577\" style=\"width:773px;height:437px\" width=\"773\" height=\"437\" srcset=\"https:\/\/www.ipgh.org\/en\/wp-content\/uploads\/2025\/10\/29_Agenda_Acatlan02-1024x579.jpg 1024w, https:\/\/www.ipgh.org\/en\/wp-content\/uploads\/2025\/10\/29_Agenda_Acatlan02-300x170.jpg 300w, https:\/\/www.ipgh.org\/en\/wp-content\/uploads\/2025\/10\/29_Agenda_Acatlan02-768x434.jpg 768w, https:\/\/www.ipgh.org\/en\/wp-content\/uploads\/2025\/10\/29_Agenda_Acatlan02-1536x869.jpg 1536w, https:\/\/www.ipgh.org\/en\/wp-content\/uploads\/2025\/10\/29_Agenda_Acatlan02-2048x1158.jpg 2048w\" sizes=\"(max-width: 773px) 100vw, 773px\" \/><\/figure><\/div>\n\n\n<div style=\"height:15px\" aria-hidden=\"true\" class=\"wp-block-spacer\"><\/div>\n\n\n\n<div style=\"height:15px\" aria-hidden=\"true\" class=\"wp-block-spacer\"><\/div>\n\n\n\n<p class=\"has-black-color has-text-color has-link-color has-large-font-size wp-elements-9d8bb51361082db38e686221963f53d7\"><strong>26<\/strong><\/p>\n\n\n\n<p class=\"has-luminous-vivid-orange-color has-text-color has-link-color has-medium-font-size wp-elements-11217a4a9bd7523884cb7b9f144acd3f\"><strong>Visit by the Secretary General of the PAIGH to the Bolivian Embassy in Mexico<\/strong><\/p>\n\n\n\n<div style=\"height:15px\" aria-hidden=\"true\" class=\"wp-block-spacer\"><\/div>\n\n\n\n<p>MA. Antonio Campuzano Rosales, Secretary General of the Pan American Institute of Geography and History (PAIGH), visited the Bolivian Embassy in Mexico, where he was received by Ambassador Jos\u00e9 Crespo for a working meeting.<\/p>\n\n\n\n<p>During the meeting, the importance of strengthening ties of collaboration between the PAIGH and its Member States was highlighted, promoting the participation of the Bolivian scientific community in the Institute&#8217;s programs, such as Technical Assistance and Publications.<\/p>\n\n\n\n<p>Academic collaboration was also emphasized, considering that Ambassador Crespo will participate in a discussion at the PAIGH headquarters in October 2025 related to one of the academic projects financed through the Technical Assistance Program (PAT) of this international organization.<\/p>\n\n\n\n<div style=\"height:20px\" aria-hidden=\"true\" class=\"wp-block-spacer\"><\/div>\n\n\n<div class=\"wp-block-image\">\n<figure class=\"aligncenter size-large is-resized\"><img decoding=\"async\" loading=\"lazy\" src=\"https:\/\/www.ipgh.org\/en\/wp-content\/uploads\/2025\/10\/27_Agenda_Embajada_Bolivia_eng-1024x579.jpg\" alt=\"\" class=\"wp-image-11578\" style=\"width:755px;height:427px\" width=\"755\" height=\"427\" srcset=\"https:\/\/www.ipgh.org\/en\/wp-content\/uploads\/2025\/10\/27_Agenda_Embajada_Bolivia_eng-1024x579.jpg 1024w, https:\/\/www.ipgh.org\/en\/wp-content\/uploads\/2025\/10\/27_Agenda_Embajada_Bolivia_eng-300x170.jpg 300w, https:\/\/www.ipgh.org\/en\/wp-content\/uploads\/2025\/10\/27_Agenda_Embajada_Bolivia_eng-768x434.jpg 768w, https:\/\/www.ipgh.org\/en\/wp-content\/uploads\/2025\/10\/27_Agenda_Embajada_Bolivia_eng-1536x869.jpg 1536w, https:\/\/www.ipgh.org\/en\/wp-content\/uploads\/2025\/10\/27_Agenda_Embajada_Bolivia_eng-2048x1158.jpg 2048w\" sizes=\"(max-width: 755px) 100vw, 755px\" \/><\/figure><\/div>\n\n\n<div style=\"height:15px\" aria-hidden=\"true\" class=\"wp-block-spacer\"><\/div>\n\n\n\n<hr class=\"wp-block-separator has-text-color has-luminous-vivid-orange-color has-alpha-channel-opacity has-luminous-vivid-orange-background-color has-background is-style-dots\"\/>\n\n\n\n<div style=\"height:15px\" aria-hidden=\"true\" class=\"wp-block-spacer\"><\/div>\n\n\n\n<div style=\"height:21px\" aria-hidden=\"true\" class=\"wp-block-spacer\"><\/div>\n\n\n\n<div style=\"height:15px\" aria-hidden=\"true\" class=\"wp-block-spacer\"><\/div>\n\n\n\n<hr class=\"wp-block-separator has-text-color has-luminous-vivid-orange-color has-alpha-channel-opacity has-luminous-vivid-orange-background-color has-background is-style-dots\"\/>\n\n\n\n<p class=\"has-black-color has-text-color has-link-color has-large-font-size wp-elements-49c9de43e3c64d508a54d22d925a5f9b\"><strong>21<\/strong><\/p>\n\n\n\n<p class=\"has-luminous-vivid-orange-color has-text-color has-link-color has-medium-font-size wp-elements-e11d89cd8c438511b3a959de982de228\"><strong>Virtual presentation of the work &#8220;Pan American Congress on the Teaching of History. Memories&#8221;<\/strong><\/p>\n\n\n\n<div style=\"height:15px\" aria-hidden=\"true\" class=\"wp-block-spacer\"><\/div>\n\n\n\n<p>The History Commission of the Pan American Institute of Geography and History (PAIGH) held the virtual presentation of the work &#8220;Pan American Congress on the Teaching of History. Memories.&#8221;<\/p>\n\n\n\n<p>The publication brings together 28 papers presented in August 2024 during the virtual Congress of the same name, with the participation of professors and researchers from 19 countries in the Americas, including Argentina, Belize, Bolivia, Brazil, Costa Rica, Cuba, Ecuador, Guatemala, Haiti, Honduras, Mexico, Paraguay, Peru, and the Dominican Republic.<\/p>\n\n\n\n<p>During the event, Dr. Filiberto Cruz S\u00e1nchez, President of the History Commission and compiler of the work, opened the meeting by thanking Dr. Patricia Sol\u00eds, President of the PAIGH, and MA. Antonio Campuzano Rosales, Secretary General of the Institute, for their participation. He also highlighted the presence of Dr. Reina Rosario, Vice President of the History Commission, and Dr. Adriana Garc\u00eda, Coordinator of the Working Committee on the Teaching of History at the PAIGH, as well as the speakers who made the publication possible.<\/p>\n\n\n\n<p>Dr. Cruz emphasized that this work invites reflection on the importance of keeping the teaching of history alive, a discipline that faces major challenges today. This book constitutes a collective effort to preserve and promote the study of history in the Americas, offering researchers, teachers, and students a valuable reference to strengthen the teaching of this discipline, essential to the identity and memory of the peoples.<\/p>\n\n\n\n<div style=\"height:15px\" aria-hidden=\"true\" class=\"wp-block-spacer\"><\/div>\n\n\n\n<div class=\"wp-block-columns is-layout-flex wp-container-4 wp-block-columns-is-layout-flex\">\n<div class=\"wp-block-column is-layout-flow wp-block-column-is-layout-flow\">\n<figure class=\"wp-block-image size-large\"><img decoding=\"async\" loading=\"lazy\" width=\"1024\" height=\"579\" src=\"https:\/\/www.ipgh.org\/en\/wp-content\/uploads\/2025\/10\/22_Agenda_PresentacionENsenanza02-1024x579.jpg\" alt=\"\" class=\"wp-image-11579\" srcset=\"https:\/\/www.ipgh.org\/en\/wp-content\/uploads\/2025\/10\/22_Agenda_PresentacionENsenanza02-1024x579.jpg 1024w, https:\/\/www.ipgh.org\/en\/wp-content\/uploads\/2025\/10\/22_Agenda_PresentacionENsenanza02-300x170.jpg 300w, https:\/\/www.ipgh.org\/en\/wp-content\/uploads\/2025\/10\/22_Agenda_PresentacionENsenanza02-768x434.jpg 768w, https:\/\/www.ipgh.org\/en\/wp-content\/uploads\/2025\/10\/22_Agenda_PresentacionENsenanza02-1536x869.jpg 1536w, https:\/\/www.ipgh.org\/en\/wp-content\/uploads\/2025\/10\/22_Agenda_PresentacionENsenanza02-2048x1158.jpg 2048w\" sizes=\"(max-width: 1024px) 100vw, 1024px\" \/><\/figure>\n<\/div>\n\n\n\n<div class=\"wp-block-column is-layout-flow wp-block-column-is-layout-flow\">\n<figure class=\"wp-block-image size-large\"><img decoding=\"async\" loading=\"lazy\" width=\"1024\" height=\"579\" src=\"https:\/\/www.ipgh.org\/en\/wp-content\/uploads\/2025\/10\/22_Agenda_PresentacionENsenanza01-1024x579.jpg\" alt=\"\" class=\"wp-image-11580\" srcset=\"https:\/\/www.ipgh.org\/en\/wp-content\/uploads\/2025\/10\/22_Agenda_PresentacionENsenanza01-1024x579.jpg 1024w, https:\/\/www.ipgh.org\/en\/wp-content\/uploads\/2025\/10\/22_Agenda_PresentacionENsenanza01-300x170.jpg 300w, https:\/\/www.ipgh.org\/en\/wp-content\/uploads\/2025\/10\/22_Agenda_PresentacionENsenanza01-768x434.jpg 768w, https:\/\/www.ipgh.org\/en\/wp-content\/uploads\/2025\/10\/22_Agenda_PresentacionENsenanza01-1536x869.jpg 1536w, https:\/\/www.ipgh.org\/en\/wp-content\/uploads\/2025\/10\/22_Agenda_PresentacionENsenanza01-2048x1158.jpg 2048w\" sizes=\"(max-width: 1024px) 100vw, 1024px\" \/><\/figure>\n<\/div>\n\n\n\n<div class=\"wp-block-column is-layout-flow wp-block-column-is-layout-flow\">\n<figure class=\"wp-block-image size-large\"><img decoding=\"async\" loading=\"lazy\" width=\"1024\" height=\"579\" src=\"https:\/\/www.ipgh.org\/en\/wp-content\/uploads\/2025\/10\/22_Agenda_PresentacionENsenanza03-1024x579.jpg\" alt=\"\" class=\"wp-image-11581\" srcset=\"https:\/\/www.ipgh.org\/en\/wp-content\/uploads\/2025\/10\/22_Agenda_PresentacionENsenanza03-1024x579.jpg 1024w, https:\/\/www.ipgh.org\/en\/wp-content\/uploads\/2025\/10\/22_Agenda_PresentacionENsenanza03-300x170.jpg 300w, https:\/\/www.ipgh.org\/en\/wp-content\/uploads\/2025\/10\/22_Agenda_PresentacionENsenanza03-768x434.jpg 768w, https:\/\/www.ipgh.org\/en\/wp-content\/uploads\/2025\/10\/22_Agenda_PresentacionENsenanza03-1536x869.jpg 1536w, https:\/\/www.ipgh.org\/en\/wp-content\/uploads\/2025\/10\/22_Agenda_PresentacionENsenanza03-2048x1158.jpg 2048w\" sizes=\"(max-width: 1024px) 100vw, 1024px\" \/><\/figure>\n<\/div>\n<\/div>\n\n\n\n<p class=\"has-black-color has-text-color has-link-color has-large-font-size wp-elements-6638d027f1aba37e58e985d70c688605\"><strong>19<\/strong><\/p>\n\n\n\n<div style=\"height:15px\" aria-hidden=\"true\" class=\"wp-block-spacer\"><\/div>\n\n\n\n<p class=\"has-luminous-vivid-orange-color has-text-color has-link-color has-medium-font-size wp-elements-e1af0167c3c93d658361036beeb8170c\"><strong>Meeting of the Advisory Committee on Financial Planning and Evaluation (APEF)<\/strong><\/p>\n\n\n\n<p>A meeting of the Advisory Committee on Financial Planning and Evaluation (APEF) of the Pan American Institute of Geography and History (PAIGH) was held virtually, within the framework of Guiding Principle III of the General Secretariat&#8217;s Strategic Modernization Plan 2022\u20132025.<\/p>\n\n\n\n<p>The Committee&#8217;s objective is to oversee the Institute&#8217;s financial health. It is composed of: Dr. Patricia Sol\u00eds, President of the PAIGH; My (R) Ing. Geo. Marcelo Fabi\u00e1n Ancarola, President of the National Section of Argentina; and Col. Andr\u00e9s Moraes, President of the National Section of Uruguay.<\/p>\n\n\n\n<p>During the meeting, the following activities were carried out: presentation of the members of the APEF Committee, presentation of the 2024 Financial Report, presentation of the Audit Report, and presentation of the 2026 Budget Proposal. In addition, Geo. Marcelo Fabi\u00e1n Ancarola was welcomed as a new member of the Committee.<\/p>\n\n\n<div class=\"wp-block-image\">\n<figure class=\"aligncenter size-large is-resized\"><img decoding=\"async\" loading=\"lazy\" src=\"https:\/\/www.ipgh.org\/en\/wp-content\/uploads\/2025\/10\/21_Agenda_APEF_01-1024x579.jpg\" alt=\"\" class=\"wp-image-11582\" style=\"width:822px;height:465px\" width=\"822\" height=\"465\" srcset=\"https:\/\/www.ipgh.org\/en\/wp-content\/uploads\/2025\/10\/21_Agenda_APEF_01-1024x579.jpg 1024w, https:\/\/www.ipgh.org\/en\/wp-content\/uploads\/2025\/10\/21_Agenda_APEF_01-300x170.jpg 300w, https:\/\/www.ipgh.org\/en\/wp-content\/uploads\/2025\/10\/21_Agenda_APEF_01-768x434.jpg 768w, https:\/\/www.ipgh.org\/en\/wp-content\/uploads\/2025\/10\/21_Agenda_APEF_01-1536x869.jpg 1536w, https:\/\/www.ipgh.org\/en\/wp-content\/uploads\/2025\/10\/21_Agenda_APEF_01-2048x1158.jpg 2048w\" sizes=\"(max-width: 822px) 100vw, 822px\" \/><\/figure><\/div>\n\n\n<div style=\"height:48px\" aria-hidden=\"true\" class=\"wp-block-spacer\"><\/div>\n\n\n\n<div style=\"height:50px\" aria-hidden=\"true\" class=\"wp-block-spacer\"><\/div>\n\n\n\n<div style=\"height:50px\" aria-hidden=\"true\" class=\"wp-block-spacer\"><\/div>\n\n\n\n<p><\/p>\n\n\n\n<p><\/p>\n\n\n\n<p><\/p>\n\n\n\n<p class=\"has-black-color has-text-color has-link-color has-large-font-size wp-elements-7b52b6e167604bb216061c9a9275b6b6\"><strong>18<\/strong><\/p>\n\n\n\n<p class=\"has-luminous-vivid-orange-color has-text-color has-link-color has-medium-font-size wp-elements-14dd29ad11550ef6717ca7b1a3d46105\">Virtual meeting with the National Section of Honduras for the 26<sup>th<\/sup> General Assembly<\/p>\n\n\n\n<div style=\"height:15px\" aria-hidden=\"true\" class=\"wp-block-spacer\"><\/div>\n\n\n\n<p>MA. Antonio Campuzano Rosales, Secretary General of the Pan American Institute of Geography and History (PAIGH), held a virtual meeting with Mrs. Leidy Ulloa, President of the PAIGH National Section in Honduras, and Mr. Horacio Ezequiel Padilla, Geography Coordinator for the General Directorate of Cartography and Geography of the Property Institute of that country.<\/p>\n\n\n\n<p>This meeting was part of the preparations for the 26<sup>th<\/sup> General Assembly of the PAIGH, scheduled for October 13-17, 2025, in Tegucigalpa, Honduras. During the meeting, the details of the technical and logistical organization of the Assembly were reviewed and adjusted. The Secretary General reiterated his ongoing support for the National Section of Honduras, highlighting the importance of ongoing collaboration between the PAIGH Authorities and its Member States, in accordance with the PAIGH Strategic Modernization Plan 2022\u20132025.<\/p>\n\n\n\n<p><\/p>\n\n\n\n<div style=\"height:20px\" aria-hidden=\"true\" class=\"wp-block-spacer\"><\/div>\n\n\n\n<div class=\"wp-block-group is-content-justification-center is-nowrap is-layout-flex wp-container-5 wp-block-group-is-layout-flex\">\n<figure class=\"wp-block-image size-large is-resized\"><img decoding=\"async\" loading=\"lazy\" src=\"https:\/\/www.ipgh.org\/en\/wp-content\/uploads\/2025\/10\/18_Agenda_SeccNal_Hobduras02-1024x579.jpg\" alt=\"\" class=\"wp-image-11583\" style=\"width:913px;height:516px\" width=\"913\" height=\"516\" srcset=\"https:\/\/www.ipgh.org\/en\/wp-content\/uploads\/2025\/10\/18_Agenda_SeccNal_Hobduras02-1024x579.jpg 1024w, https:\/\/www.ipgh.org\/en\/wp-content\/uploads\/2025\/10\/18_Agenda_SeccNal_Hobduras02-300x170.jpg 300w, https:\/\/www.ipgh.org\/en\/wp-content\/uploads\/2025\/10\/18_Agenda_SeccNal_Hobduras02-768x434.jpg 768w, https:\/\/www.ipgh.org\/en\/wp-content\/uploads\/2025\/10\/18_Agenda_SeccNal_Hobduras02-1536x869.jpg 1536w, https:\/\/www.ipgh.org\/en\/wp-content\/uploads\/2025\/10\/18_Agenda_SeccNal_Hobduras02-2048x1158.jpg 2048w\" sizes=\"(max-width: 913px) 100vw, 913px\" \/><\/figure>\n<\/div>\n\n\n\n<div style=\"height:15px\" aria-hidden=\"true\" class=\"wp-block-spacer\"><\/div>\n\n\n\n<hr class=\"wp-block-separator has-text-color has-luminous-vivid-orange-color has-alpha-channel-opacity has-luminous-vivid-orange-background-color has-background is-style-dots\"\/>\n\n\n\n<p class=\"has-black-color has-text-color has-link-color has-large-font-size wp-elements-321aea6975699282a2faff8eb80cd0a8\"><strong>6-8<\/strong><\/p>\n\n\n\n<p class=\"has-luminous-vivid-orange-color has-text-color has-link-color has-medium-font-size wp-elements-317b6827e867938d2c9915829818133c\"><strong>PAIGH participation in the 15<sup>th<\/sup> Session of the UN Committee of Experts on Global Geospatial Information Management<\/strong><\/p>\n\n\n\n<div style=\"height:15px\" aria-hidden=\"true\" class=\"wp-block-spacer\"><\/div>\n\n\n\n<p>The Secretary General of the Pan American Institute of Geography and History, MA. Antonio Campuzano Rosales, represented the Pan American community grouped under the PAIGH at the Fifteenth Session of the United Nations Committee of Experts on Global Geospatial Information Management, held from August 6 to 8, 2025, at the United Nations headquarters in New York, United States of America.<\/p>\n\n\n\n<p>For the third consecutive year, MA. Campuzano actively participated in this international forum, where he had five interventions on strategic topics:<\/p>\n\n\n\n<ul>\n<li>United Nations Integrated Geospatial Information Framework.<\/li>\n\n\n\n<li>Global geodetic reference framework.<\/li>\n\n\n\n<li>Geospatial information for sustainable development.<\/li>\n\n\n\n<li>Geospatial information for climate, environment, and resilience.<\/li>\n\n\n\n<li>Standardization of geographical names and collaboration with the United Nations Group of Experts on Geographical Names.<\/li>\n<\/ul>\n\n\n\n<p>In addition to his participation in the plenary sessions, he held several meetings with members of UN-GGIM: Americas and representatives of the Member States of the Institute to exchange relevant knowledge and experiences, in order to continue collaborating on the objectives of UN-GGIM.<\/p>\n\n\n\n<p>The Secretary General expressed his appreciation and gratitude to the various participating delegations, highlighting the importance of international collaboration to achieve progress that benefits not only the Pan American countries, but also the global community.<\/p>\n\n\n\n<p>PAIGH&#8217;s participation in forums such as this one positions the voice of the Americas and strengthens its international scientific leadership in the service of peace.<\/p>\n\n\n\n<div class=\"alignnormal\"><div id=\"metaslider-id-11587\" style=\"max-width: 900px;\" class=\"ml-slider-3-101-0 metaslider metaslider-flex metaslider-11587 ml-slider has-dots-nav ms-theme-default-base\" role=\"region\" aria-label=\"UNGGIM 2025\" data-height=\"500\" data-width=\"900\">\n    <div id=\"metaslider_container_11587\">\n        <div id=\"metaslider_11587\">\n            <ul class='slides'>\n                <li style=\"display: block; width: 100%;\" class=\"slide-11595 ms-image \" aria-roledescription=\"slide\" data-date=\"2025-10-08 16:08:34\"><img src=\"https:\/\/www.ipgh.org\/en\/wp-content\/uploads\/2025\/10\/11_Eventos_UNGGIM_01-scaled-900x500.jpg\" height=\"500\" width=\"900\" alt=\"\" class=\"slider-11587 slide-11595 msDefaultImage\" title=\"11_Eventos_UNGGIM_01\" \/><\/li>\n                <li style=\"display: none; width: 100%;\" class=\"slide-11596 ms-image \" aria-roledescription=\"slide\" data-date=\"2025-10-08 16:08:34\"><img src=\"https:\/\/www.ipgh.org\/en\/wp-content\/uploads\/2025\/10\/11_Eventos_UNGGIM_02-scaled-900x500.jpg\" height=\"500\" width=\"900\" alt=\"\" class=\"slider-11587 slide-11596 msDefaultImage\" title=\"11_Eventos_UNGGIM_02\" \/><\/li>\n                <li style=\"display: none; width: 100%;\" class=\"slide-11597 ms-image \" aria-roledescription=\"slide\" data-date=\"2025-10-08 16:08:34\"><img src=\"https:\/\/www.ipgh.org\/en\/wp-content\/uploads\/2025\/10\/11_Eventos_UNGGIM_03-scaled-900x500.jpg\" height=\"500\" width=\"900\" alt=\"\" class=\"slider-11587 slide-11597 msDefaultImage\" title=\"11_Eventos_UNGGIM_03\" \/><\/li>\n                <li style=\"display: none; width: 100%;\" class=\"slide-11598 ms-image \" aria-roledescription=\"slide\" data-date=\"2025-10-08 16:08:34\"><img src=\"https:\/\/www.ipgh.org\/en\/wp-content\/uploads\/2025\/10\/11_Eventos_UNGGIM_04-scaled-900x500.jpg\" height=\"500\" width=\"900\" alt=\"\" class=\"slider-11587 slide-11598 msDefaultImage\" title=\"11_Eventos_UNGGIM_04\" \/><\/li>\n                <li style=\"display: none; width: 100%;\" class=\"slide-11599 ms-image \" aria-roledescription=\"slide\" data-date=\"2025-10-08 16:08:34\"><img src=\"https:\/\/www.ipgh.org\/en\/wp-content\/uploads\/2025\/10\/11_Eventos_UNGGIM_05-scaled-900x500.jpg\" height=\"500\" width=\"900\" alt=\"\" class=\"slider-11587 slide-11599 msDefaultImage\" title=\"11_Eventos_UNGGIM_05\" \/><\/li>\n                <li style=\"display: none; width: 100%;\" class=\"slide-11600 ms-image \" aria-roledescription=\"slide\" data-date=\"2025-10-08 16:08:35\"><img src=\"https:\/\/www.ipgh.org\/en\/wp-content\/uploads\/2025\/10\/12_Eventos_UNGGIM_01-scaled-900x500.jpg\" height=\"500\" width=\"900\" alt=\"\" class=\"slider-11587 slide-11600 msDefaultImage\" title=\"12_Eventos_UNGGIM_01\" \/><\/li>\n                <li style=\"display: none; width: 100%;\" class=\"slide-11601 ms-image \" aria-roledescription=\"slide\" data-date=\"2025-10-08 16:08:35\"><img src=\"https:\/\/www.ipgh.org\/en\/wp-content\/uploads\/2025\/10\/12_Eventos_UNGGIM_02-1-scaled-900x500.jpg\" height=\"500\" width=\"900\" alt=\"\" class=\"slider-11587 slide-11601 msDefaultImage\" title=\"12_Eventos_UNGGIM_02\" \/><\/li>\n            <\/ul>\n        <\/div>\n        \n    <\/div>\n<\/div><\/div>\n\n\n\n<div style=\"height:20px\" aria-hidden=\"true\" class=\"wp-block-spacer\"><\/div>\n\n\n\n<div style=\"height:15px\" aria-hidden=\"true\" class=\"wp-block-spacer\"><\/div>\n\n\n\n<hr class=\"wp-block-separator has-text-color has-luminous-vivid-orange-color has-alpha-channel-opacity has-luminous-vivid-orange-background-color has-background is-style-dots\"\/>\n\n\n\n<div class=\"wp-block-columns is-layout-flex wp-container-10 wp-block-columns-is-layout-flex\">\n<div class=\"wp-block-column is-layout-flow wp-block-column-is-layout-flow\"><\/div>\n\n\n\n<div class=\"wp-block-column is-layout-flow wp-block-column-is-layout-flow\"><\/div>\n\n\n\n<div class=\"wp-block-column is-layout-flow wp-block-column-is-layout-flow\">\n<div class=\"wp-block-buttons is-content-justification-right is-layout-flex wp-container-8 wp-block-buttons-is-layout-flex\">\n<div class=\"wp-block-button\"><a class=\"wp-block-button__link has-white-color has-luminous-vivid-orange-background-color has-text-color has-background has-link-color wp-element-button\" href=\"https:\/\/www.ipgh.org\/en\/?page_id=7623\" style=\"border-radius:11px\">Back<\/a><\/div>\n<\/div>\n<\/div>\n<\/div>\n","protected":false},"excerpt":{"rendered":"<p>27 Participation of the Secretary General of the PAIGH in the FES-Acatl\u00e1n MA. Antonio Campuzano Rosales, Secretary General of the Pan American Institute of Geography and History (PAIGH), participated in the colloquium \u201cAcatl\u00e1n: Half a Century in the Professionalization of History. Assessments and Challenges,\u201d held at the Acatl\u00e1n Faculty of Higher Studies of the National <a class=\"read-more\" href=\"https:\/\/www.ipgh.org\/en\/?page_id=11575\">READ MORE<\/a><\/p>\n","protected":false},"author":1,"featured_media":0,"parent":0,"menu_order":0,"comment_status":"closed","ping_status":"closed","template":"","meta":{"footnotes":""},"_links":{"self":[{"href":"https:\/\/www.ipgh.org\/en\/index.php?rest_route=\/wp\/v2\/pages\/11575"}],"collection":[{"href":"https:\/\/www.ipgh.org\/en\/index.php?rest_route=\/wp\/v2\/pages"}],"about":[{"href":"https:\/\/www.ipgh.org\/en\/index.php?rest_route=\/wp\/v2\/types\/page"}],"author":[{"embeddable":true,"href":"https:\/\/www.ipgh.org\/en\/index.php?rest_route=\/wp\/v2\/users\/1"}],"replies":[{"embeddable":true,"href":"https:\/\/www.ipgh.org\/en\/index.php?rest_route=%2Fwp%2Fv2%2Fcomments&post=11575"}],"version-history":[{"count":4,"href":"https:\/\/www.ipgh.org\/en\/index.php?rest_route=\/wp\/v2\/pages\/11575\/revisions"}],"predecessor-version":[{"id":11602,"href":"https:\/\/www.ipgh.org\/en\/index.php?rest_route=\/wp\/v2\/pages\/11575\/revisions\/11602"}],"wp:attachment":[{"href":"https:\/\/www.ipgh.org\/en\/index.php?rest_route=%2Fwp%2Fv2%2Fmedia&parent=11575"}],"curies":[{"name":"wp","href":"https:\/\/api.w.org\/{rel}","templated":true}]}}