{"id":1872,"date":"2022-09-05T23:37:05","date_gmt":"2022-09-06T04:37:05","guid":{"rendered":"http:\/\/www.ipgh.org\/en\/?page_id=1872"},"modified":"2025-10-09T15:14:46","modified_gmt":"2025-10-09T21:14:46","slug":"editores","status":"publish","type":"page","link":"https:\/\/www.ipgh.org\/en\/?page_id=1872","title":{"rendered":"Editors"},"content":{"rendered":"\n<h2 class=\"wp-block-heading has-cyan-bluish-gray-color has-text-color\"><mark style=\"background-color:rgba(0, 0, 0, 0);color:#909090\" class=\"has-inline-color\">Revista Cartogr\u00e1fica<\/mark><\/h2>\n\n\n\n<div class=\"wp-block-columns is-layout-flex wp-container-4 wp-block-columns-is-layout-flex\">\n<div class=\"wp-block-column is-layout-flow wp-block-column-is-layout-flow\"><div class=\"wp-block-image\">\n<figure class=\"alignright size-full\"><img decoding=\"async\" loading=\"lazy\" width=\"276\" height=\"325\" src=\"http:\/\/www.ipgh.org\/en\/wp-content\/uploads\/2022\/09\/01_Maria_Gonzalez-1.jpg\" alt=\"\" class=\"wp-image-2273\" srcset=\"https:\/\/www.ipgh.org\/en\/wp-content\/uploads\/2022\/09\/01_Maria_Gonzalez-1.jpg 276w, https:\/\/www.ipgh.org\/en\/wp-content\/uploads\/2022\/09\/01_Maria_Gonzalez-1-255x300.jpg 255w\" sizes=\"(max-width: 276px) 100vw, 276px\" \/><\/figure><\/div><\/div>\n\n\n\n<div class=\"wp-block-column is-layout-flow wp-block-column-is-layout-flow\">\n<p><\/p>\n\n\n\n<p class=\"has-medium-font-size\"><strong><a href=\"mailto:geoester@gmail.com\">Mar\u00eda Ester Gonz\u00e1lez<\/a><\/strong><\/p>\n\n\n\n<p style=\"font-size:16px\"><\/p>\n\n\n\n<p style=\"font-size:16px\"><em><a href=\"mailto:mariaesgonzalez@udec.cl\" target=\"_blank\" rel=\"noreferrer noopener\">mariaesgonzalez@udec.cl<\/a><\/em><\/p>\n\n\n<div class=\"wp-block-image\">\n<figure class=\"alignleft size-full is-resized\"><img decoding=\"async\" loading=\"lazy\" src=\"http:\/\/www.ipgh.org\/en\/wp-content\/uploads\/2022\/09\/01_Argentina.jpg\" alt=\"\" class=\"wp-image-2267\" style=\"width:95px;height:65px\" width=\"95\" height=\"65\" srcset=\"https:\/\/www.ipgh.org\/en\/wp-content\/uploads\/2022\/09\/01_Argentina.jpg 381w, https:\/\/www.ipgh.org\/en\/wp-content\/uploads\/2022\/09\/01_Argentina-300x206.jpg 300w\" sizes=\"(max-width: 95px) 100vw, 95px\" \/><\/figure><\/div><\/div>\n\n\n\n<div class=\"wp-block-column is-layout-flow wp-block-column-is-layout-flow\"><\/div>\n<\/div>\n\n\n\n<hr class=\"wp-block-separator has-alpha-channel-opacity\"\/>\n\n\n\n<h2 class=\"wp-block-heading has-cyan-bluish-gray-color has-text-color\"><mark style=\"background-color:rgba(0, 0, 0, 0);color:#909090\" class=\"has-inline-color\">Revista Geogr\u00e1fica<\/mark><\/h2>\n\n\n\n<div class=\"wp-block-columns is-layout-flex wp-container-8 wp-block-columns-is-layout-flex\">\n<div class=\"wp-block-column is-layout-flow wp-block-column-is-layout-flow\">\n<figure class=\"wp-block-image size-full\"><img decoding=\"async\" loading=\"lazy\" width=\"276\" height=\"325\" src=\"https:\/\/www.ipgh.org\/en\/wp-content\/uploads\/2025\/10\/mJoseVizcaino.gif\" alt=\"\" class=\"wp-image-11665\"\/><\/figure>\n<\/div>\n\n\n\n<div class=\"wp-block-column is-layout-flow wp-block-column-is-layout-flow\">\n<p class=\"has-medium-font-size\"><strong><a href=\"mailto:mariajose.vizgu@gmail.com\">Mar\u00eda Jos\u00e9 Vizcaino<\/a><\/strong><\/p>\n\n\n\n<figure class=\"wp-block-image is-resized\"><img decoding=\"async\" loading=\"lazy\" src=\"https:\/\/www.ipgh.org\/mx\/wp-content\/uploads\/2022\/09\/08_Ecuador.jpg\" alt=\"\" class=\"wp-image-2301\" style=\"width:95px;height:66px\" width=\"95\" height=\"66\" srcset=\"https:\/\/www.ipgh.org\/en\/wp-content\/uploads\/2022\/09\/08_Ecuador.jpg 381w, https:\/\/www.ipgh.org\/en\/wp-content\/uploads\/2022\/09\/08_Ecuador-300x206.jpg 300w\" sizes=\"(max-width: 95px) 100vw, 95px\" \/><\/figure>\n<\/div>\n\n\n\n<div class=\"wp-block-column is-layout-flow wp-block-column-is-layout-flow\"><\/div>\n<\/div>\n\n\n\n<hr class=\"wp-block-separator has-alpha-channel-opacity\"\/>\n\n\n\n<h2 class=\"wp-block-heading has-cyan-bluish-gray-color has-text-color\"><mark style=\"background-color:rgba(0, 0, 0, 0);color:#909090\" class=\"has-inline-color\">Revista Geof\u00edsica<\/mark><\/h2>\n\n\n\n<div class=\"wp-block-columns is-layout-flex wp-container-12 wp-block-columns-is-layout-flex\">\n<div class=\"wp-block-column is-layout-flow wp-block-column-is-layout-flow\"><div class=\"wp-block-image\">\n<figure class=\"alignright size-full\"><img decoding=\"async\" loading=\"lazy\" width=\"276\" height=\"325\" src=\"https:\/\/www.ipgh.org\/en\/wp-content\/uploads\/2025\/08\/juanAnzieta.jpg\" alt=\"\" class=\"wp-image-10990\" srcset=\"https:\/\/www.ipgh.org\/en\/wp-content\/uploads\/2025\/08\/juanAnzieta.jpg 276w, https:\/\/www.ipgh.org\/en\/wp-content\/uploads\/2025\/08\/juanAnzieta-255x300.jpg 255w\" sizes=\"(max-width: 276px) 100vw, 276px\" \/><\/figure><\/div><\/div>\n\n\n\n<div class=\"wp-block-column is-layout-flow wp-block-column-is-layout-flow\">\n<p class=\"has-medium-font-size\"><\/p>\n\n\n\n<p><\/p>\n\n\n\n<p class=\"has-medium-font-size\"><a href=\"mailto:geofisica_editor@ipgh.org\"><strong>Juan Anzieta Reyes<\/strong><\/a><\/p>\n\n\n\n<figure class=\"wp-block-image is-resized\"><img decoding=\"async\" loading=\"lazy\" src=\"https:\/\/www.ipgh.org\/mx\/wp-content\/uploads\/2022\/09\/08_Ecuador.jpg\" alt=\"\" class=\"wp-image-2301\" style=\"width:95px;height:65px\" width=\"95\" height=\"65\" srcset=\"https:\/\/www.ipgh.org\/en\/wp-content\/uploads\/2022\/09\/08_Ecuador.jpg 381w, https:\/\/www.ipgh.org\/en\/wp-content\/uploads\/2022\/09\/08_Ecuador-300x206.jpg 300w\" sizes=\"(max-width: 95px) 100vw, 95px\" \/><\/figure>\n\n\n\n<p style=\"font-size:16px\"><\/p>\n<\/div>\n\n\n\n<div class=\"wp-block-column is-layout-flow wp-block-column-is-layout-flow\"><\/div>\n<\/div>\n\n\n\n<hr class=\"wp-block-separator has-alpha-channel-opacity\"\/>\n\n\n\n<h2 class=\"wp-block-heading has-cyan-bluish-gray-color has-text-color\"><mark style=\"background-color:rgba(0, 0, 0, 0);color:#909090\" class=\"has-inline-color\">Revista de Historia de Am\u00e9rica<\/mark><\/h2>\n\n\n\n<div class=\"wp-block-columns is-layout-flex wp-container-16 wp-block-columns-is-layout-flex\">\n<div class=\"wp-block-column is-layout-flow wp-block-column-is-layout-flow\"><div class=\"wp-block-image\">\n<figure class=\"alignright size-full\"><img decoding=\"async\" loading=\"lazy\" width=\"278\" height=\"327\" src=\"http:\/\/www.ipgh.org\/en\/wp-content\/uploads\/2022\/09\/04_Alexandra_Gonzalez-1.jpg\" alt=\"\" class=\"wp-image-2282\" srcset=\"https:\/\/www.ipgh.org\/en\/wp-content\/uploads\/2022\/09\/04_Alexandra_Gonzalez-1.jpg 278w, https:\/\/www.ipgh.org\/en\/wp-content\/uploads\/2022\/09\/04_Alexandra_Gonzalez-1-255x300.jpg 255w\" sizes=\"(max-width: 278px) 100vw, 278px\" \/><\/figure><\/div><\/div>\n\n\n\n<div class=\"wp-block-column is-layout-flow wp-block-column-is-layout-flow\">\n<p class=\"has-medium-font-size\"><\/p>\n\n\n\n<p class=\"has-medium-font-size\"><strong><a href=\"mailto:alepitag@gmail.com\">Alexandra Pita Gonz\u00e1lez<\/a><\/strong><\/p>\n\n\n\n<p style=\"font-size:16px\"><\/p>\n\n\n<div class=\"wp-block-image\">\n<figure class=\"alignleft size-full is-resized\"><img decoding=\"async\" loading=\"lazy\" src=\"http:\/\/www.ipgh.org\/en\/wp-content\/uploads\/2022\/09\/14_Mexico.jpg\" alt=\"\" class=\"wp-image-2291\" style=\"width:95px;height:65px\" width=\"95\" height=\"65\" srcset=\"https:\/\/www.ipgh.org\/en\/wp-content\/uploads\/2022\/09\/14_Mexico.jpg 381w, https:\/\/www.ipgh.org\/en\/wp-content\/uploads\/2022\/09\/14_Mexico-300x206.jpg 300w\" sizes=\"(max-width: 95px) 100vw, 95px\" \/><\/figure><\/div><\/div>\n\n\n\n<div class=\"wp-block-column is-layout-flow wp-block-column-is-layout-flow\"><\/div>\n<\/div>\n\n\n\n<hr class=\"wp-block-separator has-alpha-channel-opacity\"\/>\n\n\n\n<h2 class=\"wp-block-heading has-cyan-bluish-gray-color has-text-color\"><mark style=\"background-color:rgba(0, 0, 0, 0);color:#909090\" class=\"has-inline-color\">Antropolog\u00eda Americana<\/mark><\/h2>\n\n\n\n<div class=\"wp-block-columns is-layout-flex wp-container-20 wp-block-columns-is-layout-flex\">\n<div class=\"wp-block-column is-layout-flow wp-block-column-is-layout-flow\"><div class=\"wp-block-image\">\n<figure class=\"alignright size-full\"><img decoding=\"async\" loading=\"lazy\" width=\"278\" height=\"327\" src=\"http:\/\/www.ipgh.org\/en\/wp-content\/uploads\/2022\/09\/05_Christina_Oehmichen.jpg\" alt=\"\" class=\"wp-image-2284\" srcset=\"https:\/\/www.ipgh.org\/en\/wp-content\/uploads\/2022\/09\/05_Christina_Oehmichen.jpg 278w, https:\/\/www.ipgh.org\/en\/wp-content\/uploads\/2022\/09\/05_Christina_Oehmichen-255x300.jpg 255w\" sizes=\"(max-width: 278px) 100vw, 278px\" \/><\/figure><\/div><\/div>\n\n\n\n<div class=\"wp-block-column is-layout-flow wp-block-column-is-layout-flow\">\n<p><\/p>\n\n\n\n<p><\/p>\n\n\n\n<p class=\"has-medium-font-size\"><strong><a href=\"mailto:antropologia.americana@gmail.com\">Cristina Oehmichen Baz\u00e1n<\/a><\/strong><\/p>\n\n\n\n<p style=\"font-size:16px\"><\/p>\n\n\n<div class=\"wp-block-image\">\n<figure class=\"alignleft size-full is-resized\"><img decoding=\"async\" loading=\"lazy\" src=\"http:\/\/www.ipgh.org\/en\/wp-content\/uploads\/2022\/09\/14_Mexico.jpg\" alt=\"\" class=\"wp-image-2291\" style=\"width:95px;height:65px\" width=\"95\" height=\"65\" srcset=\"https:\/\/www.ipgh.org\/en\/wp-content\/uploads\/2022\/09\/14_Mexico.jpg 381w, https:\/\/www.ipgh.org\/en\/wp-content\/uploads\/2022\/09\/14_Mexico-300x206.jpg 300w\" sizes=\"(max-width: 95px) 100vw, 95px\" \/><\/figure><\/div><\/div>\n\n\n\n<div class=\"wp-block-column is-layout-flow wp-block-column-is-layout-flow\"><\/div>\n<\/div>\n\n\n\n<hr class=\"wp-block-separator has-alpha-channel-opacity\"\/>\n\n\n\n<h2 class=\"wp-block-heading has-cyan-bluish-gray-color has-text-color\"><mark style=\"background-color:rgba(0, 0, 0, 0);color:#909090\" class=\"has-inline-color\">Revista de Arqueolog\u00eda Americana<\/mark><\/h2>\n\n\n\n<div class=\"wp-block-columns is-layout-flex wp-container-24 wp-block-columns-is-layout-flex\">\n<div class=\"wp-block-column is-layout-flow wp-block-column-is-layout-flow\"><div class=\"wp-block-image\">\n<figure class=\"alignright size-full\"><img decoding=\"async\" loading=\"lazy\" width=\"278\" height=\"327\" src=\"http:\/\/www.ipgh.org\/en\/wp-content\/uploads\/2022\/09\/06_Mario_Rivera.jpg\" alt=\"\" class=\"wp-image-2286\" srcset=\"https:\/\/www.ipgh.org\/en\/wp-content\/uploads\/2022\/09\/06_Mario_Rivera.jpg 278w, https:\/\/www.ipgh.org\/en\/wp-content\/uploads\/2022\/09\/06_Mario_Rivera-255x300.jpg 255w\" sizes=\"(max-width: 278px) 100vw, 278px\" \/><\/figure><\/div><\/div>\n\n\n\n<div class=\"wp-block-column is-layout-flow wp-block-column-is-layout-flow\">\n<p class=\"has-medium-font-size\"><\/p>\n\n\n\n<p class=\"has-medium-font-size\"><strong><a href=\"mailto:marivera41@gmail.com\">Mario \u00c1ngel Rivera D\u00edaz<\/a><\/strong><\/p>\n\n\n\n<p style=\"font-size:16px\"><\/p>\n\n\n<div class=\"wp-block-image\">\n<figure class=\"alignleft size-full is-resized\"><img decoding=\"async\" loading=\"lazy\" src=\"http:\/\/www.ipgh.org\/en\/wp-content\/uploads\/2022\/09\/05_Chile-1.jpg\" alt=\"\" class=\"wp-image-2288\" style=\"width:95px;height:65px\" width=\"95\" height=\"65\" srcset=\"https:\/\/www.ipgh.org\/en\/wp-content\/uploads\/2022\/09\/05_Chile-1.jpg 381w, https:\/\/www.ipgh.org\/en\/wp-content\/uploads\/2022\/09\/05_Chile-1-300x206.jpg 300w\" sizes=\"(max-width: 95px) 100vw, 95px\" \/><\/figure><\/div><\/div>\n\n\n\n<div class=\"wp-block-column is-layout-flow wp-block-column-is-layout-flow\"><\/div>\n<\/div>\n","protected":false},"excerpt":{"rendered":"<p>Revista Cartogr\u00e1fica Mar\u00eda Ester Gonz\u00e1lez mariaesgonzalez@udec.cl Revista Geogr\u00e1fica Mar\u00eda Jos\u00e9 Vizcaino Revista Geof\u00edsica Juan Anzieta Reyes Revista de Historia de Am\u00e9rica Alexandra Pita Gonz\u00e1lez Antropolog\u00eda Americana Cristina Oehmichen Baz\u00e1n Revista de Arqueolog\u00eda Americana Mario \u00c1ngel Rivera D\u00edaz<\/p>\n","protected":false},"author":1,"featured_media":0,"parent":340,"menu_order":3,"comment_status":"closed","ping_status":"closed","template":"","meta":{"footnotes":""},"_links":{"self":[{"href":"https:\/\/www.ipgh.org\/en\/index.php?rest_route=\/wp\/v2\/pages\/1872"}],"collection":[{"href":"https:\/\/www.ipgh.org\/en\/index.php?rest_route=\/wp\/v2\/pages"}],"about":[{"href":"https:\/\/www.ipgh.org\/en\/index.php?rest_route=\/wp\/v2\/types\/page"}],"author":[{"embeddable":true,"href":"https:\/\/www.ipgh.org\/en\/index.php?rest_route=\/wp\/v2\/users\/1"}],"replies":[{"embeddable":true,"href":"https:\/\/www.ipgh.org\/en\/index.php?rest_route=%2Fwp%2Fv2%2Fcomments&post=1872"}],"version-history":[{"count":74,"href":"https:\/\/www.ipgh.org\/en\/index.php?rest_route=\/wp\/v2\/pages\/1872\/revisions"}],"predecessor-version":[{"id":11666,"href":"https:\/\/www.ipgh.org\/en\/index.php?rest_route=\/wp\/v2\/pages\/1872\/revisions\/11666"}],"up":[{"embeddable":true,"href":"https:\/\/www.ipgh.org\/en\/index.php?rest_route=\/wp\/v2\/pages\/340"}],"wp:attachment":[{"href":"https:\/\/www.ipgh.org\/en\/index.php?rest_route=%2Fwp%2Fv2%2Fmedia&parent=1872"}],"curies":[{"name":"wp","href":"https:\/\/api.w.org\/{rel}","templated":true}]}}