{"id":2937,"date":"2022-09-13T09:48:17","date_gmt":"2022-09-13T14:48:17","guid":{"rendered":"http:\/\/www.ipgh.org\/en\/?page_id=2937"},"modified":"2022-09-22T18:39:47","modified_gmt":"2022-09-22T23:39:47","slug":"pat-2020","status":"publish","type":"page","link":"https:\/\/www.ipgh.org\/en\/?page_id=2937","title":{"rendered":"PAT 2020"},"content":{"rendered":"\n<div class=\"wp-block-columns is-layout-flex wp-container-5 wp-block-columns-is-layout-flex\">\n<div class=\"wp-block-column is-layout-flow wp-block-column-is-layout-flow\">\n<div class=\"wp-block-buttons is-content-justification-right is-layout-flex wp-container-1 wp-block-buttons-is-layout-flex\">\n<div class=\"wp-block-button has-custom-width wp-block-button__width-50 has-custom-font-size\" style=\"font-size:15px\"><a class=\"wp-block-button__link has-white-color has-text-color has-background wp-element-button\" href=\"http:\/\/www.ipgh.org\/en\/wp-content\/uploads\/2022\/09\/2020_solicitud-de-fondos-aprobados.docx\" style=\"border-radius:10px;background-color:#003366;padding-top:30px;padding-right:30px;padding-bottom:30px;padding-left:30px\" target=\"_blank\" rel=\"noreferrer noopener\">Formato de solicitud de Fondos Aprobados 2020<\/a><\/div>\n<\/div>\n<\/div>\n\n\n\n<div class=\"wp-block-column is-layout-flow wp-block-column-is-layout-flow\">\n<div class=\"wp-block-buttons is-layout-flex wp-block-buttons-is-layout-flex\">\n<div class=\"wp-block-button has-custom-width wp-block-button__width-50 has-custom-font-size\" style=\"font-size:15px\"><a class=\"wp-block-button__link has-white-color has-text-color has-background wp-element-button\" href=\"https:\/\/www.ipgh.org\/assets\/2020_instructivo-de-desembolso.pdf\" style=\"border-radius:10px;background-color:#003366;padding-top:30px;padding-right:30px;padding-bottom:30px;padding-left:30px\" target=\"_blank\" rel=\"noreferrer noopener\">Instructivo de Desembolso de Fondos 2020<\/a><\/div>\n<\/div>\n<\/div>\n<\/div>\n\n\n\n<p class=\"has-text-align-center has-white-color has-text-color has-background has-medium-font-size\" style=\"background-color:#ff6600\">Proyectos de Asistencia T\u00e9cnica aprobados para el a\u00f1o 2020 <\/p>\n\n\n\n<figure class=\"wp-block-table is-style-stripes\" style=\"font-size:15px\"><table class=\"has-fixed-layout\"><tbody><tr><td class=\"has-text-align-center\" data-align=\"center\"><strong><em>Id.<\/em><\/strong><\/td><td class=\"has-text-align-left\" data-align=\"left\"><em><strong>Pa\u00eds\/Pa\u00edses participantes<\/strong><\/em><\/td><td class=\"has-text-align-left\" data-align=\"left\"><em><strong>Proyecto<\/strong><\/em><\/td><td class=\"has-text-align-center\" data-align=\"center\"><em><strong>Responsable<\/strong><\/em><\/td><td class=\"has-text-align-center\" data-align=\"center\"><em><strong>Comisi\u00f3n<\/strong><\/em><\/td><td class=\"has-text-align-center\" data-align=\"center\"><em><strong>Aporte por Comisi\u00f3n<\/strong><\/em><\/td><td class=\"has-text-align-center\" data-align=\"center\"><em><strong>Total aprobado<\/strong><\/em><br><em><strong>USD<\/strong><\/em><\/td><\/tr><tr><td class=\"has-text-align-center\" data-align=\"center\">HIST 01<\/td><td class=\"has-text-align-left\" data-align=\"left\">Argentina\/<br>M\u00e9xico- Uruguay<\/td><td class=\"has-text-align-left\" data-align=\"left\">Construcciones identitarias y segregaci\u00f3n racial en Iberoam\u00e9rica: desde la colonizaci\u00f3n a las independencias de los pa\u00edses latinoamericanos. Hacia la deconstrucci\u00f3n de una problem\u00e1tica global<\/td><td class=\"has-text-align-center\" data-align=\"center\">Sandra Olivero Guidobono<\/td><td class=\"has-text-align-center\" data-align=\"center\">Historia<\/td><td class=\"has-text-align-center\" data-align=\"center\">8,120<\/td><td class=\"has-text-align-center\" data-align=\"center\">8,120<\/td><\/tr><tr><td class=\"has-text-align-center\" data-align=\"center\">HIST 02<\/td><td class=\"has-text-align-left\" data-align=\"left\">Argentina\/<br>Chile, M\u00e9xico<\/td><td class=\"has-text-align-left\" data-align=\"left\">Entre la cultura y la diplomacia: intelectuales en Am\u00e9rica Latina entre las Independencias y la creaci\u00f3n de la Organizaci\u00f3n de los Estados Americanos, 1810-1948<\/td><td class=\"has-text-align-center\" data-align=\"center\">Paula Bruno<\/td><td class=\"has-text-align-center\" data-align=\"center\">Historia<\/td><td class=\"has-text-align-center\" data-align=\"center\">6,480<\/td><td class=\"has-text-align-center\" data-align=\"center\">6,480<\/td><\/tr><tr><td class=\"has-text-align-center\" data-align=\"center\">GEOF 01<\/td><td class=\"has-text-align-left\" data-align=\"left\">Argentina\/<br>Costa Rica, Uruguay, Brasil<\/td><td class=\"has-text-align-left\" data-align=\"left\">Estimaci\u00f3n de la variaci\u00f3n del almacenamiento de agua en el Acu\u00edfero Guaran\u00ed mediante datos satelitales y terrestres, y su relaci\u00f3n con eventos clim\u00e1ticos extremos<\/td><td class=\"has-text-align-center\" data-align=\"center\">Ayelen Pereira<\/td><td class=\"has-text-align-center\" data-align=\"center\">Geof\u00edsica<\/td><td class=\"has-text-align-center\" data-align=\"center\">8,000<\/td><td class=\"has-text-align-center\" data-align=\"center\">8,000<\/td><\/tr><tr><td class=\"has-text-align-center\" data-align=\"center\">HIST 03<\/td><td class=\"has-text-align-left\" data-align=\"left\">Argentina\/<br>M\u00e9xico<\/td><td class=\"has-text-align-left\" data-align=\"left\">Instituciones y sociedad rural: historias contrastadas en Am\u00e9rica Latina, 1850-1930. Aproximaciones a la arqueolog\u00eda hist\u00f3rica del poder<\/td><td class=\"has-text-align-center\" data-align=\"center\">Mar\u00eda Fernanda Barcos<\/td><td class=\"has-text-align-center\" data-align=\"center\">Historia<\/td><td class=\"has-text-align-center\" data-align=\"center\">6,480<\/td><td class=\"has-text-align-center\" data-align=\"center\">6,480<\/td><\/tr><tr><td class=\"has-text-align-center\" data-align=\"center\">HIST 04<\/td><td class=\"has-text-align-left\" data-align=\"left\">Argentina<\/td><td class=\"has-text-align-left\" data-align=\"left\">Las migraciones del cono Sur de Am\u00e9rica. Historia y actualidad<\/td><td class=\"has-text-align-center\" data-align=\"center\">Hern\u00e1n Asdr\u00fabal Silva<\/td><td class=\"has-text-align-center\" data-align=\"center\">Historia<\/td><td class=\"has-text-align-center\" data-align=\"center\">6,480<\/td><td class=\"has-text-align-center\" data-align=\"center\">6,480<\/td><\/tr><tr><td class=\"has-text-align-center\" data-align=\"center\">CART 01<\/td><td class=\"has-text-align-left\" data-align=\"left\">Belice\/<br>CNIG-Espa\u00f1a<\/td><td class=\"has-text-align-left\" data-align=\"left\">BNSDI Metadata Management Training<\/td><td class=\"has-text-align-center\" data-align=\"center\">Ministry of Natural Resources<\/td><td class=\"has-text-align-center\" data-align=\"center\">Cartograf\u00eda<br>Geograf\u00eda<\/td><td class=\"has-text-align-center\" data-align=\"center\">3,540<br>3,160<\/td><td class=\"has-text-align-center\" data-align=\"center\">6,700<\/td><\/tr><tr><td class=\"has-text-align-center\" data-align=\"center\">GEO 02<\/td><td class=\"has-text-align-left\" data-align=\"left\">Chile\/<br>Argentina, Estados Unidos, Panam\u00e1, Per\u00fa, Rep\u00fablica Dominicana<\/td><td class=\"has-text-align-left\" data-align=\"left\">I Taller internacional de capacitaci\u00f3n en Geom\u00e1tica para desastres <em>flying labs<\/em><\/td><td class=\"has-text-align-center\" data-align=\"center\">Fabiola Barrenechea<\/td><td class=\"has-text-align-center\" data-align=\"center\">Geograf\u00eda<br>Geof\u00edsica<\/td><td class=\"has-text-align-center\" data-align=\"center\">3,560<br>8,000<\/td><td class=\"has-text-align-center\" data-align=\"center\">11,560<\/td><\/tr><tr><td class=\"has-text-align-center\" data-align=\"center\">GEOF 03<\/td><td class=\"has-text-align-left\" data-align=\"left\">Chile<\/td><td class=\"has-text-align-left\" data-align=\"left\">Potencial sismog\u00e9nico de fallas de rumbo dextrales en zonas de trasarco e intrarco de los Andes del Sur: los casos de fallas El Tigre (Argentina) y el Sistema Liqui\u00f1eofqui (Chile)<\/td><td class=\"has-text-align-center\" data-align=\"center\">Joaqu\u00edn Cort\u00e9s Aranda<\/td><td class=\"has-text-align-center\" data-align=\"center\"><\/td><td class=\"has-text-align-center\" data-align=\"center\">7,000<\/td><td class=\"has-text-align-center\" data-align=\"center\">7,000<\/td><\/tr><tr><td class=\"has-text-align-center\" data-align=\"center\">CART 02<br>GEO 03<\/td><td class=\"has-text-align-left\" data-align=\"left\">Chile\/<br>Argentina, Costa Rica, El Salvador, Rep\u00fablica Dominicana<\/td><td class=\"has-text-align-left\" data-align=\"left\">Propuesta de una cartograf\u00eda inclusiva como apoyo para la ense\u00f1anza de la geograf\u00eda en el contexto de los Objetivos del Desarrollo Sustentable (ODS)<\/td><td class=\"has-text-align-center\" data-align=\"center\">Enrique P\u00e9rez de Prada<\/td><td class=\"has-text-align-center\" data-align=\"center\">Cartograf\u00eda<br>Geograf\u00eda<\/td><td class=\"has-text-align-center\" data-align=\"center\">5,000<br>5,000<\/td><td class=\"has-text-align-center\" data-align=\"center\">10,000<\/td><\/tr><tr><td class=\"has-text-align-center\" data-align=\"center\">GEO 04<br>HIST 05<\/td><td class=\"has-text-align-left\" data-align=\"left\">Chile\/<br>Estados Unidos, Uruguay<\/td><td class=\"has-text-align-left\" data-align=\"left\">Revisi\u00f3n de fuentes cient\u00edficas del siglo XVI y XVII para la confecci\u00f3n de un mapa clim\u00e1tico de Am\u00e9rica<\/td><td class=\"has-text-align-center\" data-align=\"center\">Luis Andr\u00e9s Valenzuela Olivares<\/td><td class=\"has-text-align-center\" data-align=\"center\"><em>Geograf\u00eda<\/em><br><em>Historia<\/em><\/td><td class=\"has-text-align-center\" data-align=\"center\">5,000<br>6,480<\/td><td class=\"has-text-align-center\" data-align=\"center\">11,480<\/td><\/tr><tr><td class=\"has-text-align-center\" data-align=\"center\">CART 03<br>GEOF 04<\/td><td class=\"has-text-align-left\" data-align=\"left\">Chile<\/td><td class=\"has-text-align-left\" data-align=\"left\">Workshop: Requerimientos y disponibilidad de Informaci\u00f3n Geogr\u00e1fica en caso de Desastres Naturales<\/td><td class=\"has-text-align-center\" data-align=\"center\">Mar\u00eda Ester Gonz\u00e1lez<\/td><td class=\"has-text-align-center\" data-align=\"center\">Cartograf\u00eda<br>Geof\u00edsica<\/td><td class=\"has-text-align-center\" data-align=\"center\">2,000<br>4,480<\/td><td class=\"has-text-align-center\" data-align=\"center\">6,480<\/td><\/tr><tr><td class=\"has-text-align-center\" data-align=\"center\">CART 04<\/td><td class=\"has-text-align-left\" data-align=\"left\">Colombia\/<br>Per\u00fa<\/td><td class=\"has-text-align-left\" data-align=\"left\">Fortalecimiento de las capacidades institucionales para la integraci\u00f3n de la informaci\u00f3n Estad\u00edstica y Espacial y de las actividades t\u00e9cnicas enmarcadas en el proyecto del Marco Estad\u00edstico y Geoespacial para las Am\u00e9ricas MEGA del grupo de Integraci\u00f3n<\/td><td class=\"has-text-align-center\" data-align=\"center\">Ra\u00fal Emilio Ospina Villalobos<\/td><td class=\"has-text-align-center\" data-align=\"center\">Cartograf\u00eda<\/td><td class=\"has-text-align-center\" data-align=\"center\">7,700<\/td><td class=\"has-text-align-center\" data-align=\"center\"><\/td><\/tr><tr><td class=\"has-text-align-center\" data-align=\"center\">CART 05<br>GEOF 05<\/td><td class=\"has-text-align-left\" data-align=\"left\">Colombia\/<br>Argentina, Uruguay, Brasil<\/td><td class=\"has-text-align-left\" data-align=\"left\">SIRGAS 2020 y Balance del Plan de Acci\u00f3n Conjunto 2016-2020 como trabajo colaborativo para la implementaci\u00f3n de las IDE en las Am\u00e9ricas<\/td><td class=\"has-text-align-center\" data-align=\"center\">Diego Pin\u00f3n<\/td><td class=\"has-text-align-center\" data-align=\"center\">Cartograf\u00eda<br><em>Geof\u00edsica<\/em><\/td><td class=\"has-text-align-center\" data-align=\"center\">4,500<br>5,500<\/td><td class=\"has-text-align-center\" data-align=\"center\">10,000<\/td><\/tr><tr><td class=\"has-text-align-center\" data-align=\"center\">GEO 05<\/td><td class=\"has-text-align-left\" data-align=\"left\">Colombia\/<br>Chile, Uruguay<\/td><td class=\"has-text-align-left\" data-align=\"left\">Uso de RPAS (Drones) para el an\u00e1lisis de la transformaci\u00f3n del paisaje Ant\u00e1rtico a partir de la detecci\u00f3n de l\u00edquenes y musgos ant\u00e1rticos<\/td><td class=\"has-text-align-center\" data-align=\"center\">Natalia Jaramillo<\/td><td class=\"has-text-align-center\" data-align=\"center\">Geograf\u00eda<\/td><td class=\"has-text-align-center\" data-align=\"center\">8,000<\/td><td class=\"has-text-align-center\" data-align=\"center\">8,000<\/td><\/tr><tr><td class=\"has-text-align-center\" data-align=\"center\">CART 06<br>GEO 06<\/td><td class=\"has-text-align-left\" data-align=\"left\">M\u00e9xico\/<br>Argentina, Chile, Costa Rica, , Ecuador, Uruguay<\/td><td class=\"has-text-align-left\" data-align=\"left\">Analizando la resiliencia urbana en Latinoam\u00e9rica a trav\u00e9s de las TIC<\/td><td class=\"has-text-align-center\" data-align=\"center\">Luis Manuel Vilches Bl\u00e1zquez<\/td><td class=\"has-text-align-center\" data-align=\"center\">Cartograf\u00eda<br>Geograf\u00eda<\/td><td class=\"has-text-align-center\" data-align=\"center\">5,000<br>5,000<\/td><td class=\"has-text-align-center\" data-align=\"center\">10,000<\/td><\/tr><tr><td class=\"has-text-align-center\" data-align=\"center\">GEO 07<\/td><td class=\"has-text-align-left\" data-align=\"left\">M\u00e9xico\/<br>Ecuador<\/td><td class=\"has-text-align-left\" data-align=\"left\">Desarrollo del geoturismo en la red de geoparques mundiales UNESCO de Am\u00e9rica Latina y el Caribe (GeoLAC) y sus geoparques aspirantes<\/td><td class=\"has-text-align-center\" data-align=\"center\">Jos\u00e9 Luis Palacio PrietoGonzalo Fern\u00e1ndez de Castro Mart\u00ednez<\/td><td class=\"has-text-align-center\" data-align=\"center\">Geograf\u00eda<\/td><td class=\"has-text-align-center\" data-align=\"center\">8,000<\/td><td class=\"has-text-align-center\" data-align=\"center\">8,000<\/td><\/tr><tr><td class=\"has-text-align-center\" data-align=\"center\">HIST 06<\/td><td class=\"has-text-align-left\" data-align=\"left\">M\u00e9xico<\/td><td class=\"has-text-align-left\" data-align=\"left\">Redes intelectuales y redes textuales: una contribuci\u00f3n al estudio de publicaciones peri\u00f3dicas y proyectos editoriales en ambas Am\u00e9ricas.<\/td><td class=\"has-text-align-center\" data-align=\"center\">Liliana Weinberg Marchevsky<\/td><td class=\"has-text-align-center\" data-align=\"center\">Historia<\/td><td class=\"has-text-align-center\" data-align=\"center\">6,480<\/td><td class=\"has-text-align-center\" data-align=\"center\">6,480<\/td><\/tr><tr><td class=\"has-text-align-center\" data-align=\"center\">GEOF 06<\/td><td class=\"has-text-align-left\" data-align=\"left\">M\u00e9xico\/<br>El Salvador, Guatemala<\/td><td class=\"has-text-align-left\" data-align=\"left\">(Re)evaluaci\u00f3n de la amenaza y el riesgo por lahares volcanes activos de El Salvador y Guatemala con nuevas herramientas de simulaci\u00f3n<\/td><td class=\"has-text-align-center\" data-align=\"center\">Lucia Capra Pedol<\/td><td class=\"has-text-align-center\" data-align=\"center\">Geof\u00edsica<\/td><td class=\"has-text-align-center\" data-align=\"center\">11,520<\/td><td class=\"has-text-align-center\" data-align=\"center\">11,520<\/td><\/tr><tr><td class=\"has-text-align-center\" data-align=\"center\">GEO 08<\/td><td class=\"has-text-align-left\" data-align=\"left\">M\u00e9xico\/<br>Costa Rica, Rep\u00fablica Dominicana<\/td><td class=\"has-text-align-left\" data-align=\"left\">Taller de optimizaci\u00f3n de costos para la localizaci\u00f3n de centrales el\u00e9ctricas de biomasa<\/td><td class=\"has-text-align-center\" data-align=\"center\">Adri\u00e1n Ghilardi<\/td><td class=\"has-text-align-center\" data-align=\"center\">Geograf\u00eda<\/td><td class=\"has-text-align-center\" data-align=\"center\">6,480<\/td><td class=\"has-text-align-center\" data-align=\"center\">6,480<\/td><\/tr><tr><td class=\"has-text-align-center\" data-align=\"center\">CART 07<br>GEO 09<br>GEOF 07<\/td><td class=\"has-text-align-left\" data-align=\"left\">M\u00e9xico\/&nbsp;<br>Costa Rica, Estados Unidos, Honduras, Panam\u00e1<\/td><td class=\"has-text-align-left\" data-align=\"left\">UN-GGIM: Am\u00e9ricas Comit\u00e9 Regional de las Naciones Unidas sobre la Gesti\u00f3n Global de Informaci\u00f3n Geoespacial para las Am\u00e9ricas \u2013 Integraci\u00f3n de Informaci\u00f3n Estad\u00edstica y Geoespacial en Am\u00e9rica Central<\/td><td class=\"has-text-align-center\" data-align=\"center\">Paloma Merodio G\u00f3mez<\/td><td class=\"has-text-align-center\" data-align=\"center\"><br><em>Cartograf\u00eda<\/em><br><em>Geograf\u00eda<\/em><br><em>Geof\u00edsica<\/em><\/td><td class=\"has-text-align-center\" data-align=\"center\">8,700<br>5,800<br>8,500<\/td><td class=\"has-text-align-center\" data-align=\"center\">20,000<\/td><\/tr><tr><td class=\"has-text-align-center\" data-align=\"center\">HIST 07<\/td><td class=\"has-text-align-left\" data-align=\"left\">Rep\u00fablica Dominicana\/<br>Per\u00fa<\/td><td class=\"has-text-align-left\" data-align=\"left\">Atlas Hist\u00f3rico de Am\u00e9rica. Segundo volumen: Colonia<\/td><td class=\"has-text-align-center\" data-align=\"center\">Filiberto Cruz S\u00e1nchez<\/td><td class=\"has-text-align-center\" data-align=\"center\">Historia<\/td><td class=\"has-text-align-center\" data-align=\"center\">6,480<\/td><td class=\"has-text-align-center\" data-align=\"center\">6,480<\/td><\/tr><tr><td class=\"has-text-align-center\" data-align=\"center\">CART 08<\/td><td class=\"has-text-align-left\" data-align=\"left\">Uruguay\/<br>Argentina, Chile, Ecuador, M\u00e9xico, Paraguay, Rep\u00fablica Dominicana<\/td><td class=\"has-text-align-left\" data-align=\"left\">Cat\u00e1logo de objetos geogr\u00e1ficos y s\u00edmbolos multiescala<\/td><td class=\"has-text-align-center\" data-align=\"center\">Bruno Canosa<\/td><td class=\"has-text-align-center\" data-align=\"center\">Cartograf\u00eda<\/td><td class=\"has-text-align-center\" data-align=\"center\">12,760<\/td><td class=\"has-text-align-center\" data-align=\"center\">12,760<\/td><\/tr><\/tbody><\/table><\/figure>\n","protected":false},"excerpt":{"rendered":"<p>Proyectos de Asistencia T\u00e9cnica aprobados para el a\u00f1o 2020 Id. Pa\u00eds\/Pa\u00edses participantes Proyecto Responsable Comisi\u00f3n Aporte por Comisi\u00f3n Total aprobadoUSD HIST 01 Argentina\/M\u00e9xico- Uruguay Construcciones identitarias y segregaci\u00f3n racial en Iberoam\u00e9rica: desde la colonizaci\u00f3n a las independencias de los pa\u00edses latinoamericanos. Hacia la deconstrucci\u00f3n de una problem\u00e1tica global Sandra Olivero Guidobono Historia 8,120 8,120 HIST <a class=\"read-more\" href=\"https:\/\/www.ipgh.org\/en\/?page_id=2937\">READ MORE<\/a><\/p>\n","protected":false},"author":1,"featured_media":0,"parent":542,"menu_order":3,"comment_status":"closed","ping_status":"closed","template":"template-full-width.php","meta":{"footnotes":""},"_links":{"self":[{"href":"https:\/\/www.ipgh.org\/en\/index.php?rest_route=\/wp\/v2\/pages\/2937"}],"collection":[{"href":"https:\/\/www.ipgh.org\/en\/index.php?rest_route=\/wp\/v2\/pages"}],"about":[{"href":"https:\/\/www.ipgh.org\/en\/index.php?rest_route=\/wp\/v2\/types\/page"}],"author":[{"embeddable":true,"href":"https:\/\/www.ipgh.org\/en\/index.php?rest_route=\/wp\/v2\/users\/1"}],"replies":[{"embeddable":true,"href":"https:\/\/www.ipgh.org\/en\/index.php?rest_route=%2Fwp%2Fv2%2Fcomments&post=2937"}],"version-history":[{"count":14,"href":"https:\/\/www.ipgh.org\/en\/index.php?rest_route=\/wp\/v2\/pages\/2937\/revisions"}],"predecessor-version":[{"id":3451,"href":"https:\/\/www.ipgh.org\/en\/index.php?rest_route=\/wp\/v2\/pages\/2937\/revisions\/3451"}],"up":[{"embeddable":true,"href":"https:\/\/www.ipgh.org\/en\/index.php?rest_route=\/wp\/v2\/pages\/542"}],"wp:attachment":[{"href":"https:\/\/www.ipgh.org\/en\/index.php?rest_route=%2Fwp%2Fv2%2Fmedia&parent=2937"}],"curies":[{"name":"wp","href":"https:\/\/api.w.org\/{rel}","templated":true}]}}