{"id":2940,"date":"2022-09-13T09:49:09","date_gmt":"2022-09-13T14:49:09","guid":{"rendered":"http:\/\/www.ipgh.org\/en\/?page_id=2940"},"modified":"2022-09-22T18:43:52","modified_gmt":"2022-09-22T23:43:52","slug":"pat-2021","status":"publish","type":"page","link":"https:\/\/www.ipgh.org\/en\/?page_id=2940","title":{"rendered":"PAT 2021"},"content":{"rendered":"\n<div class=\"wp-block-columns is-layout-flex wp-container-5 wp-block-columns-is-layout-flex\">\n<div class=\"wp-block-column is-layout-flow wp-block-column-is-layout-flow\">\n<div class=\"wp-block-buttons is-content-justification-right is-layout-flex wp-container-1 wp-block-buttons-is-layout-flex\">\n<div class=\"wp-block-button has-custom-width wp-block-button__width-50 has-custom-font-size\" style=\"font-size:15px\"><a class=\"wp-block-button__link has-white-color has-text-color has-background wp-element-button\" href=\"http:\/\/www.ipgh.org\/en\/wp-content\/uploads\/2022\/09\/2021_solicitud-de-fondos-aprobados.docx\" style=\"border-radius:10px;background-color:#003366;padding-top:30px;padding-right:30px;padding-bottom:30px;padding-left:30px\" target=\"_blank\" rel=\"noreferrer noopener\">Formato de solicitud de Fondos Aprobados 2021<\/a><\/div>\n<\/div>\n<\/div>\n\n\n\n<div class=\"wp-block-column is-layout-flow wp-block-column-is-layout-flow\">\n<div class=\"wp-block-buttons is-layout-flex wp-block-buttons-is-layout-flex\">\n<div class=\"wp-block-button has-custom-width wp-block-button__width-50 has-custom-font-size\" style=\"font-size:15px\"><a class=\"wp-block-button__link has-white-color has-text-color has-background wp-element-button\" href=\"https:\/\/www.ipgh.org\/assets\/2021_instructivo-de-desembolso2.pdf\" style=\"border-radius:10px;background-color:#003366;padding-top:30px;padding-right:30px;padding-bottom:30px;padding-left:30px\" target=\"_blank\" rel=\"noreferrer noopener\">Instructivo de Desembolso de Fondos 2021 <\/a><\/div>\n<\/div>\n<\/div>\n<\/div>\n\n\n\n<p class=\"has-text-align-center has-white-color has-text-color has-background has-medium-font-size\" style=\"background-color:#ff6600\">Proyectos de Asistencia T\u00e9cnica aprobados para el a\u00f1o 2021    <\/p>\n\n\n\n<figure class=\"wp-block-table is-style-stripes\" style=\"font-size:15px\"><table class=\"has-fixed-layout\"><tbody><tr><td class=\"has-text-align-center\" data-align=\"center\"><strong><em>Id.<\/em><\/strong><\/td><td class=\"has-text-align-left\" data-align=\"left\"><em><strong>Pa\u00eds\/Pa\u00edses participantes<\/strong><\/em><\/td><td class=\"has-text-align-left\" data-align=\"left\"><em><strong>Proyecto<\/strong><\/em><\/td><td class=\"has-text-align-center\" data-align=\"center\"><em><strong>Responsable<\/strong><\/em><\/td><td class=\"has-text-align-center\" data-align=\"center\"><em><strong>Comisi\u00f3n<\/strong><\/em><\/td><td class=\"has-text-align-center\" data-align=\"center\"><em><strong>Aporte por Comisi\u00f3n<\/strong><\/em><\/td><td class=\"has-text-align-center\" data-align=\"center\"><em><strong>Total aprobado<\/strong><\/em><br><em><strong>USD<\/strong><\/em><\/td><\/tr><tr><td class=\"has-text-align-center\" data-align=\"center\">CART 01<br>GEOF 01<\/td><td class=\"has-text-align-left\" data-align=\"left\">Argentina\/<br>Chile, Colombia, Estados Unidos, M\u00e9xico, Per\u00fa, Rep\u00fablica Dominicana, Uruguay<\/td><td class=\"has-text-align-left\" data-align=\"left\"><br>SIRGAS 2021: marco de referencia geod\u00e9sico para el desarrollo sostenible de las Am\u00e9ricas<\/td><td class=\"has-text-align-center\" data-align=\"center\">Diego Alejandro Pi\u00f1\u00f3n<\/td><td class=\"has-text-align-center\" data-align=\"center\">Cartograf\u00eda<br>Geof\u00edsica<\/td><td class=\"has-text-align-center\" data-align=\"center\">6,000<br>2,000<\/td><td class=\"has-text-align-center\" data-align=\"center\">8,000<\/td><\/tr><tr><td class=\"has-text-align-center\" data-align=\"center\">HIST 01<\/td><td class=\"has-text-align-left\" data-align=\"left\">Argentina\/<br>Chile, Uruguay<\/td><td class=\"has-text-align-left\" data-align=\"left\">Migraci\u00f3n, crisis y pandemia en las primeras d\u00e9cadas del siglo XXI<\/td><td class=\"has-text-align-center\" data-align=\"center\">Hern\u00e1n Asdr\u00fabal Silva<\/td><td class=\"has-text-align-center\" data-align=\"center\">Historia<\/td><td class=\"has-text-align-center\" data-align=\"center\">5,379<\/td><td class=\"has-text-align-center\" data-align=\"center\">5,379<\/td><\/tr><tr><td class=\"has-text-align-center\" data-align=\"center\">CART 02<br>GEO 01<\/td><td class=\"has-text-align-left\" data-align=\"left\">Chile\/<br>Argentina, Colombia, Costa Rica, Ecuador, El Salvador, Estados Unidos, M\u00e9xico, Per\u00fa y Rep\u00fablica Dominicana<\/td><td class=\"has-text-align-left\" data-align=\"left\">Taller de dise\u00f1o y elaboraci\u00f3n de cartograf\u00eda inclusiva para la ense\u00f1anza de la geograf\u00eda y su compromiso con los Objetivos del Desarrollo Sostenible (ODS)<\/td><td class=\"has-text-align-center\" data-align=\"center\">Enrique P\u00e9rez de Prada<\/td><td class=\"has-text-align-center\" data-align=\"center\">Cartograf\u00eda&nbsp;<br>Geograf\u00eda&nbsp;<\/td><td class=\"has-text-align-center\" data-align=\"center\">2,000<br>3,379<\/td><td class=\"has-text-align-center\" data-align=\"center\">5,379<\/td><\/tr><tr><td class=\"has-text-align-center\" data-align=\"center\">GEOF 02<\/td><td class=\"has-text-align-left\" data-align=\"left\">Chile\/<br>Argentina, Ecuador<\/td><td class=\"has-text-align-left\" data-align=\"left\">Microzonificaci\u00f3n S\u00edsmica de la Ciudad de Conc\u00f3n como Herramienta para el Dise\u00f1o S\u00edsmico de Estructuras<\/td><td class=\"has-text-align-center\" data-align=\"center\">Juan Carlos Vielma P\u00e9rez<\/td><td class=\"has-text-align-center\" data-align=\"center\">Geof\u00edsica<\/td><td class=\"has-text-align-center\" data-align=\"center\">6,500<\/td><td class=\"has-text-align-center\" data-align=\"center\">6,500<\/td><\/tr><tr><td class=\"has-text-align-center\" data-align=\"center\">GEO 02<br>GEOF 03<\/td><td class=\"has-text-align-left\" data-align=\"left\">Costa Rica\/<br>Honduras, Nicaragua, Panam\u00e1<\/td><td class=\"has-text-align-left\" data-align=\"left\">Estado del arte y potencial del geoturismo en Am\u00e9rica Central<\/td><td class=\"has-text-align-center\" data-align=\"center\">Adolfo Quesada Rom\u00e1n<\/td><td class=\"has-text-align-center\" data-align=\"center\">Geograf\u00eda&nbsp;<br>Geof\u00edsica<\/td><td class=\"has-text-align-center\" data-align=\"center\">3,379<br>2,000<\/td><td class=\"has-text-align-center\" data-align=\"center\">5,379<\/td><\/tr><tr><td class=\"has-text-align-center\" data-align=\"center\">HIST 02<\/td><td class=\"has-text-align-left\" data-align=\"left\">Costa Rica\/<br>M\u00e9xico<\/td><td class=\"has-text-align-left\" data-align=\"left\">Paleoambiente y paisaje acu\u00e1tico en Am\u00e9rica: Sociedades costeras, lacustres y fluviales<\/td><td class=\"has-text-align-center\" data-align=\"center\">Mauricio Murillo Herrera<\/td><td class=\"has-text-align-center\" data-align=\"center\">Historia&nbsp;<\/td><td class=\"has-text-align-center\" data-align=\"center\">5,379<\/td><td class=\"has-text-align-center\" data-align=\"center\">5,379<\/td><\/tr><tr><td class=\"has-text-align-center\" data-align=\"center\">GEO 03<br>GEOF 04<\/td><td class=\"has-text-align-left\" data-align=\"left\">Ecuador\/<br>Argentina, Brasil, Chile, Colombia, Paraguay, Rep\u00fablica Dominicana<\/td><td class=\"has-text-align-left\" data-align=\"left\">Geoeduca de las Am\u00e9ricas<\/td><td class=\"has-text-align-center\" data-align=\"center\">Rosa Cuesta Molestina<\/td><td class=\"has-text-align-center\" data-align=\"center\">Geograf\u00eda<br>Geof\u00edsica<\/td><td class=\"has-text-align-center\" data-align=\"center\">1,379<br>4,000<\/td><td class=\"has-text-align-center\" data-align=\"center\">5,379<\/td><\/tr><tr><td class=\"has-text-align-center\" data-align=\"center\">CART 03<br>GEOG 04<br>HIST 04<br>GEOF 05<\/td><td class=\"has-text-align-left\" data-align=\"left\">M\u00e9xico\/<br>Chile<\/td><td class=\"has-text-align-left\" data-align=\"left\">Incrementar la calidad y visibilidad de las revistas del IPGH<\/td><td class=\"has-text-align-center\" data-align=\"center\">Alexandra Pita Gonz\u00e1lez<\/td><td class=\"has-text-align-center\" data-align=\"center\">Cartograf\u00eda<br>Geograf\u00eda<br>Historia<br>Geof\u00edsica<\/td><td class=\"has-text-align-center\" data-align=\"center\">2,500<br>2,000<br>1,000<br>2,000<\/td><td class=\"has-text-align-center\" data-align=\"center\">7,500<\/td><\/tr><tr><td class=\"has-text-align-center\" data-align=\"center\">HIST 03<\/td><td class=\"has-text-align-left\" data-align=\"left\">M\u00e9xico\/<br>Costa Rica<\/td><td class=\"has-text-align-left\" data-align=\"left\">Desarrollo hist\u00f3rico del turismo y repercusiones del Covid-19: estudio comparativo en comunidades locales del Caribe de M\u00e9xico y Costa Rica<\/td><td class=\"has-text-align-center\" data-align=\"center\">Cristina Oehmichen<\/td><td class=\"has-text-align-center\" data-align=\"center\">Historia&nbsp;<\/td><td class=\"has-text-align-center\" data-align=\"center\">5,379<\/td><td class=\"has-text-align-center\" data-align=\"center\">5,379<\/td><\/tr><tr><td class=\"has-text-align-center\" data-align=\"center\">CART 04<br>GEO 05<\/td><td class=\"has-text-align-left\" data-align=\"left\">M\u00e9xico\/<br>Canad\u00e1, Estados Unidos&nbsp;<\/td><td class=\"has-text-align-left\" data-align=\"left\">Mapa Integrado de Am\u00e9rica del Norte<\/td><td class=\"has-text-align-center\" data-align=\"center\">Eufracio Zavala Corral<\/td><td class=\"has-text-align-center\" data-align=\"center\">Cartograf\u00eda<br>Geograf\u00eda<\/td><td class=\"has-text-align-center\" data-align=\"center\">2,821<br>3,139<\/td><td class=\"has-text-align-center\" data-align=\"center\">5,960<\/td><\/tr><tr><td class=\"has-text-align-center\" data-align=\"center\">GEO 06<\/td><td class=\"has-text-align-left\" data-align=\"left\">M\u00e9xico\/<br>Estados Unidos<\/td><td class=\"has-text-align-left\" data-align=\"left\">Entre el Desarrollo Sostenible Deseable y el Desarrollo Posible de la Pen\u00ednsula de Yucat\u00e1n, M\u00e9xico en el Contexto del Cambio Clim\u00e1tico&nbsp;<\/td><td class=\"has-text-align-center\" data-align=\"center\">Mauricio Cecilio Dom\u00ednguez Aguilar<\/td><td class=\"has-text-align-center\" data-align=\"center\">Geograf\u00eda<\/td><td class=\"has-text-align-center\" data-align=\"center\">6,500<\/td><td class=\"has-text-align-center\" data-align=\"center\">6,500<\/td><\/tr><tr><td class=\"has-text-align-center\" data-align=\"center\">CART 05<br>HIST 05<\/td><td class=\"has-text-align-left\" data-align=\"left\">Per\u00fa\/<br>Chile, Rep\u00fablica Dominicana<\/td><td class=\"has-text-align-left\" data-align=\"left\">III Seminario Internacional: Atlas Hist\u00f3rico de Am\u00e9rica: siglos XIX y XX<\/td><td class=\"has-text-align-center\" data-align=\"center\">Jorge Alfredo Rafael Ortiz Sotelo<\/td><td class=\"has-text-align-center\" data-align=\"center\">Cartograf\u00eda e Historia<\/td><td class=\"has-text-align-center\" data-align=\"center\">1,278<br>4,101<\/td><td class=\"has-text-align-center\" data-align=\"center\">5,379<\/td><\/tr><tr><td class=\"has-text-align-center\" data-align=\"center\">CART 06<br>GEOF 06<\/td><td class=\"has-text-align-left\" data-align=\"left\">Per\u00fa\/<br>Ecuador<\/td><td class=\"has-text-align-left\" data-align=\"left\">Mediciones geod\u00e9sicas para cuantificar la deformaci\u00f3n de la corteza terrestre en la regi\u00f3n central del Per\u00fa<\/td><td class=\"has-text-align-center\" data-align=\"center\">Juan Carlos Villegas Lanza<\/td><td class=\"has-text-align-center\" data-align=\"center\">Cartograf\u00eda<br>Geof\u00edsica<\/td><td class=\"has-text-align-center\" data-align=\"center\">1,500<br>6,000<\/td><td class=\"has-text-align-center\" data-align=\"center\">7,500<\/td><\/tr><tr><td class=\"has-text-align-center\" data-align=\"center\">CART 07<br>GEO 07<\/td><td class=\"has-text-align-left\" data-align=\"left\">Uruguay\/<br>Argentina, Chile, Ecuador, Rep\u00fablica Dominicana<\/td><td class=\"has-text-align-left\" data-align=\"left\">Cat\u00e1logo de objetos geogr\u00e1ficos y s\u00edmbolos multiescala<\/td><td class=\"has-text-align-center\" data-align=\"center\">Bruno Canosa<\/td><td class=\"has-text-align-center\" data-align=\"center\">Cartograf\u00eda y Geograf\u00eda<\/td><td class=\"has-text-align-center\" data-align=\"center\">3,101<br>2,899<\/td><td class=\"has-text-align-center\" data-align=\"center\">6,000<\/td><\/tr><\/tbody><\/table><\/figure>\n","protected":false},"excerpt":{"rendered":"<p>Proyectos de Asistencia T\u00e9cnica aprobados para el a\u00f1o 2021 Id. Pa\u00eds\/Pa\u00edses participantes Proyecto Responsable Comisi\u00f3n Aporte por Comisi\u00f3n Total aprobadoUSD CART 01GEOF 01 Argentina\/Chile, Colombia, Estados Unidos, M\u00e9xico, Per\u00fa, Rep\u00fablica Dominicana, Uruguay SIRGAS 2021: marco de referencia geod\u00e9sico para el desarrollo sostenible de las Am\u00e9ricas Diego Alejandro Pi\u00f1\u00f3n Cartograf\u00edaGeof\u00edsica 6,0002,000 8,000 HIST 01 Argentina\/Chile, Uruguay <a class=\"read-more\" href=\"https:\/\/www.ipgh.org\/en\/?page_id=2940\">READ MORE<\/a><\/p>\n","protected":false},"author":1,"featured_media":0,"parent":542,"menu_order":2,"comment_status":"closed","ping_status":"closed","template":"template-full-width.php","meta":{"footnotes":""},"_links":{"self":[{"href":"https:\/\/www.ipgh.org\/en\/index.php?rest_route=\/wp\/v2\/pages\/2940"}],"collection":[{"href":"https:\/\/www.ipgh.org\/en\/index.php?rest_route=\/wp\/v2\/pages"}],"about":[{"href":"https:\/\/www.ipgh.org\/en\/index.php?rest_route=\/wp\/v2\/types\/page"}],"author":[{"embeddable":true,"href":"https:\/\/www.ipgh.org\/en\/index.php?rest_route=\/wp\/v2\/users\/1"}],"replies":[{"embeddable":true,"href":"https:\/\/www.ipgh.org\/en\/index.php?rest_route=%2Fwp%2Fv2%2Fcomments&post=2940"}],"version-history":[{"count":18,"href":"https:\/\/www.ipgh.org\/en\/index.php?rest_route=\/wp\/v2\/pages\/2940\/revisions"}],"predecessor-version":[{"id":3453,"href":"https:\/\/www.ipgh.org\/en\/index.php?rest_route=\/wp\/v2\/pages\/2940\/revisions\/3453"}],"up":[{"embeddable":true,"href":"https:\/\/www.ipgh.org\/en\/index.php?rest_route=\/wp\/v2\/pages\/542"}],"wp:attachment":[{"href":"https:\/\/www.ipgh.org\/en\/index.php?rest_route=%2Fwp%2Fv2%2Fmedia&parent=2940"}],"curies":[{"name":"wp","href":"https:\/\/api.w.org\/{rel}","templated":true}]}}