{"id":2943,"date":"2022-09-13T09:49:50","date_gmt":"2022-09-13T14:49:50","guid":{"rendered":"http:\/\/www.ipgh.org\/en\/?page_id=2943"},"modified":"2023-03-10T12:03:31","modified_gmt":"2023-03-10T18:03:31","slug":"pat-2022","status":"publish","type":"page","link":"https:\/\/www.ipgh.org\/en\/?page_id=2943","title":{"rendered":"PAT 2022"},"content":{"rendered":"\n<div style=\"height:45px\" aria-hidden=\"true\" class=\"wp-block-spacer\"><\/div>\n\n\n\n<p class=\"has-text-align-center has-white-color has-text-color has-background has-medium-font-size\" style=\"background-color:#ff6600\">Proyectos de Asistencia T\u00e9cnica aprobados para el a\u00f1o 2022 <\/p>\n\n\n\n<div style=\"height:45px\" aria-hidden=\"true\" class=\"wp-block-spacer\"><\/div>\n\n\n\n<figure class=\"wp-block-table is-style-stripes\" style=\"font-size:15px\"><table class=\"has-fixed-layout\"><tbody><tr><td class=\"has-text-align-center\" data-align=\"center\"><em><strong>    Id.        <\/strong><\/em>                 <\/td><td class=\"has-text-align-left\" data-align=\"left\">    <em><strong>Pa\u00eds\/Pa\u00edses                                                                                                                                                                                                        <\/strong><\/em><br>   <em><strong>participantes<\/strong><\/em>                         <\/td><td class=\"has-text-align-left\" data-align=\"left\"><em><strong>Proyecto<\/strong><\/em><\/td><td class=\"has-text-align-center\" data-align=\"center\"><em><strong>Responsable<\/strong><\/em><\/td><td class=\"has-text-align-center\" data-align=\"center\"><em><strong>Tipo de iniciativa<\/strong><\/em><\/td><td class=\"has-text-align-center\" data-align=\"center\"><em><strong>Comisi\u00f3n<\/strong><\/em><\/td><td class=\"has-text-align-center\" data-align=\"center\"><em><strong>Aporte por Comisi\u00f3n<\/strong><\/em><\/td><td class=\"has-text-align-center\" data-align=\"center\"><em><strong>Total aprobado<\/strong><\/em><br><em><strong>USD<\/strong><\/em><\/td><\/tr><tr><td class=\"has-text-align-center\" data-align=\"center\">HIST 01<\/td><td class=\"has-text-align-left\" data-align=\"left\">Argentina\/<br>Colombia<\/td><td class=\"has-text-align-left\" data-align=\"left\">G\u00e9nero, etnicidad y raza en los festejos bicentenarios latinoamericanos (2010-2022)<\/td><td class=\"has-text-align-center\" data-align=\"center\">Pablo Marcos Ortemberg<\/td><td class=\"has-text-align-center\" data-align=\"center\">Investigaci\u00f3n<\/td><td class=\"has-text-align-center\" data-align=\"center\">Historia<\/td><td class=\"has-text-align-center\" data-align=\"center\">8,000<\/td><td class=\"has-text-align-center\" data-align=\"center\">8,000<\/td><\/tr><tr><td class=\"has-text-align-center\" data-align=\"center\">HIST 02<\/td><td class=\"has-text-align-left\" data-align=\"left\">Argentina\/<br>Brasil, M\u00e9xico y Uruguay<\/td><td class=\"has-text-align-left\" data-align=\"left\">Hacia la construcci\u00f3n del ser nacional en Iberoam\u00e9rica. La diversidad como puente de di\u00e1logo e integraci\u00f3n. Crisis sanitaria, flujos migratorios: desde la vulnerabilidad del odio a las sociedades inclusivas y seguras<\/td><td class=\"has-text-align-center\" data-align=\"center\">Sandra Olivero Guidobono<\/td><td class=\"has-text-align-center\" data-align=\"center\">Investigaci\u00f3n<\/td><td class=\"has-text-align-center\" data-align=\"center\">Historia<\/td><td class=\"has-text-align-center\" data-align=\"center\">7,320.50<\/td><td class=\"has-text-align-center\" data-align=\"center\">7,320.50<\/td><\/tr><tr><td class=\"has-text-align-center\" data-align=\"center\">GEO 01<br>GEOF 02<\/td><td class=\"has-text-align-left\" data-align=\"left\">Argentina\/<br>Chile y Estados Unidos de Am\u00e9rica<\/td><td class=\"has-text-align-left\" data-align=\"left\">How much Blue Carbon can tidal flats sequester?<\/td><td class=\"has-text-align-center\" data-align=\"center\">Gerardo M. E. Perillo<\/td><td class=\"has-text-align-center\" data-align=\"center\">Investigaci\u00f3n<\/td><td class=\"has-text-align-center\" data-align=\"center\">Geograf\u00eda y Geof\u00edsica<\/td><td class=\"has-text-align-center\" data-align=\"center\">5,519<br>6,000<\/td><td class=\"has-text-align-center\" data-align=\"center\">11,519<\/td><\/tr><tr><td class=\"has-text-align-center\" data-align=\"center\">GEOF 01<\/td><td class=\"has-text-align-left\" data-align=\"left\">Argentina\/<br>Brasil, Chile, Colombia,&nbsp; Estados Unidos de Am\u00e9rica<\/td><td class=\"has-text-align-left\" data-align=\"left\">Organizaci\u00f3n del \u2018VI Convection-Permitting Climate Model Workshop\u2019<\/td><td class=\"has-text-align-center\" data-align=\"center\">Llu\u00eds Fita Borrell<\/td><td class=\"has-text-align-center\" data-align=\"center\">Capacitaci\u00f3n<\/td><td class=\"has-text-align-center\" data-align=\"center\">Geof\u00edsica<\/td><td class=\"has-text-align-center\" data-align=\"center\">6,000<\/td><td class=\"has-text-align-center\" data-align=\"center\">6,000<\/td><\/tr><tr><td class=\"has-text-align-center\" data-align=\"center\">CART 01<\/td><td class=\"has-text-align-left\" data-align=\"left\">Argentina\/<br>Chile, Colombia, Costa Rica, Estados Unidos de Am\u00e9rica, Guatemala, Panam\u00e1, Per\u00fa, Rep\u00fablica Dominicana,&nbsp; Uruguay<\/td><td class=\"has-text-align-left\" data-align=\"left\">SIRGAS 2022: marco de referencia geod\u00e9sico para el desarrollo sostenible de las Am\u00e9ricas y del Caribe<\/td><td class=\"has-text-align-center\" data-align=\"center\">Diego Alejandro Pi\u00f1\u00f3n<\/td><td class=\"has-text-align-center\" data-align=\"center\">Capacitaci\u00f3n<\/td><td class=\"has-text-align-center\" data-align=\"center\">Cartograf\u00eda<\/td><td class=\"has-text-align-center\" data-align=\"center\">10,000<\/td><td class=\"has-text-align-center\" data-align=\"center\">10,000<\/td><\/tr><tr><td class=\"has-text-align-center\" data-align=\"center\">CART 02<\/td><td class=\"has-text-align-left\" data-align=\"left\">Chile\/<br>Colombia, Costa Rica, Estados Unidos de Am\u00e9rica, Guatemala,&nbsp; Rep\u00fablica Dominicana<\/td><td class=\"has-text-align-left\" data-align=\"left\">Conferencia Panamericana Infraestructuras de Datos Espaciales (IDE)<\/td><td class=\"has-text-align-center\" data-align=\"center\">Cristi\u00e1n Araneda Hern\u00e1ndez<\/td><td class=\"has-text-align-center\" data-align=\"center\">Capacitaci\u00f3n<\/td><td class=\"has-text-align-center\" data-align=\"center\">Cartograf\u00eda<\/td><td class=\"has-text-align-center\" data-align=\"center\">8,000<\/td><td class=\"has-text-align-center\" data-align=\"center\">8,000<\/td><\/tr><tr><td class=\"has-text-align-center\" data-align=\"center\">HIST 03<\/td><td class=\"has-text-align-left\" data-align=\"left\">Chile\/<br>Argentina y M\u00e9xico<\/td><td class=\"has-text-align-left\" data-align=\"left\">Educaci\u00f3n y Diplomacia. De Sarmiento a Mistral, 1842- 1952<\/td><td class=\"has-text-align-center\" data-align=\"center\">Marina Alvarado Cornejo<\/td><td class=\"has-text-align-center\" data-align=\"center\">Investigaci\u00f3n<\/td><td class=\"has-text-align-center\" data-align=\"center\">Historia<\/td><td class=\"has-text-align-center\" data-align=\"center\">7,801.50<\/td><td class=\"has-text-align-center\" data-align=\"center\">7,801.50<\/td><\/tr><tr><td class=\"has-text-align-center\" data-align=\"center\">GEO 03<\/td><td class=\"has-text-align-left\" data-align=\"left\">Chile\/<br>Argentina, Ecuador, Estados Unidos de Am\u00e9rica, Per\u00fa y Uruguay<\/td><td class=\"has-text-align-left\" data-align=\"left\">II Taller Internacional de Capacitaci\u00f3n en Geom\u00e1tica para Desastres Flying Labs<\/td><td class=\"has-text-align-center\" data-align=\"center\">Fabiola Barrenechea Riveros<\/td><td class=\"has-text-align-center\" data-align=\"center\">Capacitaci\u00f3n<\/td><td class=\"has-text-align-center\" data-align=\"center\">Geograf\u00eda<\/td><td class=\"has-text-align-center\" data-align=\"center\">5,519<\/td><td class=\"has-text-align-center\" data-align=\"center\">5,519<\/td><\/tr><tr><td class=\"has-text-align-center\" data-align=\"center\">CART 03<br>GEOF 03<\/td><td class=\"has-text-align-left\" data-align=\"left\">Chile\/<br>Argentina, Ecuador, Estados Unidos de Am\u00e9rica, Per\u00fa y Uruguay<\/td><td class=\"has-text-align-left\" data-align=\"left\">Jornadas interdisciplinarias de Geociencias: perspectivas, desaf\u00edos y avances en beneficio de la comunidad<\/td><td class=\"has-text-align-center\" data-align=\"center\">Rodrigo Monz\u00f3n Vald\u00e9s<\/td><td class=\"has-text-align-center\" data-align=\"center\">Capacitaci\u00f3n<\/td><td class=\"has-text-align-center\" data-align=\"center\">Cartograf\u00eda y Geof\u00edsica<\/td><td class=\"has-text-align-center\" data-align=\"center\">2,000<br>6,000<\/td><td class=\"has-text-align-center\" data-align=\"center\">8,000<\/td><\/tr><tr><td class=\"has-text-align-center\" data-align=\"center\">CART 04<br>GEO 02<br>HIST 04<\/td><td class=\"has-text-align-left\" data-align=\"left\">Chile\/<br>Estados Unidos de Am\u00e9rica, Per\u00fa, Rep\u00fablica Dominicana y Uruguay<\/td><td class=\"has-text-align-left\" data-align=\"left\">Revisi\u00f3n de Fuentes Cient\u00edficas de los siglos XVI y XVII para la confecci\u00f3n de mapas clim\u00e1ticos de Am\u00e9rica<\/td><td class=\"has-text-align-center\" data-align=\"center\">Luis Andr\u00e9s Valenzuela Olivares<\/td><td class=\"has-text-align-center\" data-align=\"center\">Investigaci\u00f3n<\/td><td class=\"has-text-align-center\" data-align=\"center\">Cartograf\u00eda<br>Geograf\u00eda<br>Historia<\/td><td class=\"has-text-align-center\" data-align=\"center\">2,000<br>2,343<br>1,519<\/td><td class=\"has-text-align-center\" data-align=\"center\">5,862<\/td><\/tr><tr><td class=\"has-text-align-center\" data-align=\"center\">GEOF 04<\/td><td class=\"has-text-align-left\" data-align=\"left\">Ecuador\/<br>Colombia<\/td><td class=\"has-text-align-left\" data-align=\"left\">Applying gravimetric, seismic and geodetic measurements to determine sources of strong persistent ground deformation at calderas: the case of Potrerillos\/Chiles calderas, Ecuador-Colombia border<\/td><td class=\"has-text-align-center\" data-align=\"center\">Patricia A. Monthes<\/td><td class=\"has-text-align-center\" data-align=\"center\">Investigaci\u00f3n<\/td><td class=\"has-text-align-center\" data-align=\"center\">Geof\u00edsica<\/td><td class=\"has-text-align-center\" data-align=\"center\">10,000<\/td><td class=\"has-text-align-center\" data-align=\"center\">10,000<\/td><\/tr><tr><td class=\"has-text-align-center\" data-align=\"center\">GEO 04<\/td><td class=\"has-text-align-left\" data-align=\"left\">Ecuador\/<br>Brasil y M\u00e9xico<\/td><td class=\"has-text-align-left\" data-align=\"left\">COVID-19, informalidad y territorialidad en las ciudad capitales de Am\u00e9rica Latina<\/td><td class=\"has-text-align-center\" data-align=\"center\">Diana Paola Maigua L\u00f3pez<\/td><td class=\"has-text-align-center\" data-align=\"center\">Investigaci\u00f3n<\/td><td class=\"has-text-align-center\" data-align=\"center\">Geograf\u00eda<\/td><td class=\"has-text-align-center\" data-align=\"center\">5,519<\/td><td class=\"has-text-align-center\" data-align=\"center\">5,519<\/td><\/tr><tr><td class=\"has-text-align-center\" data-align=\"center\">GEOF 05<\/td><td class=\"has-text-align-left\" data-align=\"left\">M\u00e9xico\/<br>Colombia<\/td><td class=\"has-text-align-left\" data-align=\"left\">Sistemas Observacionales y Geomagnetismo en las Am\u00e9ricas, funcionamiento, actualizaci\u00f3n y experiencias durante 2020-2021<\/td><td class=\"has-text-align-center\" data-align=\"center\">Juan Esteban Hern\u00e1ndez Quintero<\/td><td class=\"has-text-align-center\" data-align=\"center\">Capacitaci\u00f3n<\/td><td class=\"has-text-align-center\" data-align=\"center\">Geof\u00edsica<\/td><td class=\"has-text-align-center\" data-align=\"center\">6,000<\/td><td class=\"has-text-align-center\" data-align=\"center\">6,000<\/td><\/tr><tr><td class=\"has-text-align-center\" data-align=\"center\">CART 05<br><em>Por definir<\/em><\/td><td class=\"has-text-align-left\" data-align=\"left\">M\u00e9xico\/<br>Argentina, Brasil, Chile, Colombia, Costa Rica, Ecuador, Rep\u00fablica Dominicana y Uruguay<\/td><td class=\"has-text-align-left\" data-align=\"left\">Grafos de conocimiento para la integraci\u00f3n sem\u00e1ntica de informaci\u00f3n geogr\u00e1fica de la regi\u00f3n panamericana<\/td><td class=\"has-text-align-center\" data-align=\"center\">Luis Manuel Vilches Bl\u00e1zquez<br><em>Por definir<\/em><\/td><td class=\"has-text-align-center\" data-align=\"center\">Investigaci\u00f3n<br><em>Por definir<\/em><\/td><td class=\"has-text-align-center\" data-align=\"center\">Cartograf\u00eda<br><em>Por definir<\/em><\/td><td class=\"has-text-align-center\" data-align=\"center\">11,000<br><em>Por definir<\/em><\/td><td class=\"has-text-align-center\" data-align=\"center\">11,000<br><em>Por definir<\/em><\/td><\/tr><tr><td class=\"has-text-align-center\" data-align=\"center\">CART 06<br>GEO 05<\/td><td class=\"has-text-align-left\" data-align=\"left\">M\u00e9xico\/<br>Colombia, Costa Rica, Panam\u00e1 y Rep\u00fablica Dominicana<\/td><td class=\"has-text-align-left\" data-align=\"left\">Integraci\u00f3n de Informaci\u00f3n Geogr\u00e1fica Voluntaria en la actualizaci\u00f3n de nombres geogr\u00e1ficos &#8211; Herramienta tecnol\u00f3gica para la integraci\u00f3n de Informaci\u00f3n Geogr\u00e1fica Voluntaria en la actualizaci\u00f3n de nombres geogr\u00e1ficos (NGIGEV)<\/td><td class=\"has-text-align-center\" data-align=\"center\">Celine Jacquin<\/td><td class=\"has-text-align-center\" data-align=\"center\">Semilla<\/td><td class=\"has-text-align-center\" data-align=\"center\">Cartograf\u00eda<br>Geograf\u00eda<\/td><td class=\"has-text-align-center\" data-align=\"center\">1,940<br>10,000<\/td><td class=\"has-text-align-center\" data-align=\"center\">11,940<\/td><\/tr><tr><td class=\"has-text-align-center\" data-align=\"center\">GEO 06<br>HIST 06<\/td><td class=\"has-text-align-left\" data-align=\"left\">Rep\u00fablica Dominicana\/<br>Colombia y Estados Unidos de Am\u00e9rica<\/td><td class=\"has-text-align-left\" data-align=\"left\">Modernizando el campesinado: Desarrollo rural en el siglo XX en Latinoam\u00e9rica y el Caribe<\/td><td class=\"has-text-align-center\" data-align=\"center\">Marcos A. Morales<\/td><td class=\"has-text-align-center\" data-align=\"center\">Investigaci\u00f3n<\/td><td class=\"has-text-align-center\" data-align=\"center\">Geograf\u00eda<br>Historia<\/td><td class=\"has-text-align-center\" data-align=\"center\">4,000<br>1,519<\/td><td class=\"has-text-align-center\" data-align=\"center\">5,519<\/td><\/tr><tr><td class=\"has-text-align-center\" data-align=\"center\">CART 07<br>HIST 05<\/td><td class=\"has-text-align-left\" data-align=\"left\">Per\u00fa\/<br>Chile y Rep\u00fablica Dominicana<\/td><td class=\"has-text-align-left\" data-align=\"left\">Edici\u00f3n del Atlas Hist\u00f3rico de Am\u00e9rica, siglos XIX y XX<\/td><td class=\"has-text-align-center\" data-align=\"center\">Jorge Ortiz Sotelo<\/td><td class=\"has-text-align-center\" data-align=\"center\">Investigaci\u00f3n<\/td><td class=\"has-text-align-center\" data-align=\"center\">Cartograf\u00eda<br>Historia<\/td><td class=\"has-text-align-center\" data-align=\"center\">2,760<br>3,740<\/td><td class=\"has-text-align-center\" data-align=\"center\">6,500<\/td><\/tr><\/tbody><\/table><\/figure>\n","protected":false},"excerpt":{"rendered":"<p>Proyectos de Asistencia T\u00e9cnica aprobados para el a\u00f1o 2022 Id. Pa\u00eds\/Pa\u00edses participantes Proyecto Responsable Tipo de iniciativa Comisi\u00f3n Aporte por Comisi\u00f3n Total aprobadoUSD HIST 01 Argentina\/Colombia G\u00e9nero, etnicidad y raza en los festejos bicentenarios latinoamericanos (2010-2022) Pablo Marcos Ortemberg Investigaci\u00f3n Historia 8,000 8,000 HIST 02 Argentina\/Brasil, M\u00e9xico y Uruguay Hacia la construcci\u00f3n del ser nacional <a class=\"read-more\" href=\"https:\/\/www.ipgh.org\/en\/?page_id=2943\">READ MORE<\/a><\/p>\n","protected":false},"author":1,"featured_media":0,"parent":542,"menu_order":1,"comment_status":"closed","ping_status":"closed","template":"template-full-width.php","meta":{"footnotes":""},"_links":{"self":[{"href":"https:\/\/www.ipgh.org\/en\/index.php?rest_route=\/wp\/v2\/pages\/2943"}],"collection":[{"href":"https:\/\/www.ipgh.org\/en\/index.php?rest_route=\/wp\/v2\/pages"}],"about":[{"href":"https:\/\/www.ipgh.org\/en\/index.php?rest_route=\/wp\/v2\/types\/page"}],"author":[{"embeddable":true,"href":"https:\/\/www.ipgh.org\/en\/index.php?rest_route=\/wp\/v2\/users\/1"}],"replies":[{"embeddable":true,"href":"https:\/\/www.ipgh.org\/en\/index.php?rest_route=%2Fwp%2Fv2%2Fcomments&post=2943"}],"version-history":[{"count":57,"href":"https:\/\/www.ipgh.org\/en\/index.php?rest_route=\/wp\/v2\/pages\/2943\/revisions"}],"predecessor-version":[{"id":5362,"href":"https:\/\/www.ipgh.org\/en\/index.php?rest_route=\/wp\/v2\/pages\/2943\/revisions\/5362"}],"up":[{"embeddable":true,"href":"https:\/\/www.ipgh.org\/en\/index.php?rest_route=\/wp\/v2\/pages\/542"}],"wp:attachment":[{"href":"https:\/\/www.ipgh.org\/en\/index.php?rest_route=%2Fwp%2Fv2%2Fmedia&parent=2943"}],"curies":[{"name":"wp","href":"https:\/\/api.w.org\/{rel}","templated":true}]}}