{"id":334,"date":"2022-08-18T00:16:43","date_gmt":"2022-08-18T05:16:43","guid":{"rendered":"http:\/\/www.ipgh.org\/en\/?page_id=334"},"modified":"2025-04-01T10:36:40","modified_gmt":"2025-04-01T16:36:40","slug":"quienes-somos-2-2","status":"publish","type":"page","link":"https:\/\/www.ipgh.org\/en\/?page_id=334","title":{"rendered":"About"},"content":{"rendered":"\n<p class=\"has-large-font-size\"><\/p>\n\n\n\n<p class=\"has-text-color has-link-color has-large-font-size wp-elements-dfe5e6ada7856cb05c885738805e3b7b\" style=\"color:#103755\"><strong>Who are we?<\/strong><\/p>\n\n\n\n<p class=\"has-text-align-left has-black-color has-text-color has-link-color wp-elements-11de7ae1b637420047fb4b99275da8ca\" style=\"font-size:18px\">The Pan American Instituto of Geography an History is a specialized inter-American scientific-technical organization of the Organization of American States (OAS), established in accordance with the \u201cCharter of the Organization of American States\u201d.<\/p>\n\n\n\n<p>The Pan American Institute of Geography and History uses the acronym \u201cIPGH\u201d in Spanish, French and Portuguese; and \u201cPAIGH\u201d in English.<\/p>\n\n\n\n<p>The PAIGH enjoys technical and financial autonomy in the exercise of its functions, within the limits set forth in these Statutes.<\/p>\n\n\n\n<p><\/p>\n\n\n\n<p class=\"has-text-color has-link-color has-large-font-size wp-elements-2e6a5750ab8706478bda5cf32081f60c\" style=\"color:#103755\"><strong>History<\/strong><\/p>\n\n\n\n<p style=\"font-size:18px\">Sim\u00f3n Bol\u00edvar&#8217;s initiative to promote the union of the Spanish American nations is well known. The Congress of Panama, which met in 1826 and continued later in Tacubaya, Mexico, was the first attempt to put the Bolivarian ideal into practice. After its closure, the idea of the union of the American countries remained in abeyance but latent.<\/p>\n\n\n<div class=\"wp-block-image\">\n<figure class=\"aligncenter size-full is-resized\"><img decoding=\"async\" loading=\"lazy\" src=\"https:\/\/www.ipgh.org\/en\/wp-content\/uploads\/2022\/09\/ANTECEDENTES.jpg\" alt=\"\" class=\"wp-image-1149\" style=\"width:423px;height:329px\" width=\"423\" height=\"329\" srcset=\"https:\/\/www.ipgh.org\/en\/wp-content\/uploads\/2022\/09\/ANTECEDENTES.jpg 1024w, https:\/\/www.ipgh.org\/en\/wp-content\/uploads\/2022\/09\/ANTECEDENTES-300x233.jpg 300w, https:\/\/www.ipgh.org\/en\/wp-content\/uploads\/2022\/09\/ANTECEDENTES-768x598.jpg 768w\" sizes=\"(max-width: 423px) 100vw, 423px\" \/><\/figure><\/div>\n\n\n<p class=\"has-black-color has-text-color has-link-color wp-elements-4555a423613969c3a74161ca5bea059e\" style=\"font-size:18px\">Fue a finales del siglo XIX y principios del XX, que las Conferencias Internacionales Americanas constituyeron un renovado impulso al panamericanismo, entendido como el deseo de los pa\u00edses de Am\u00e9rica de estrechar v\u00ednculos en los campos de la seguridad, la econom\u00eda, los aspectos sociales y culturales, entre otros.<\/p>\n\n\n\n<p class=\"has-black-color has-text-color has-link-color wp-elements-7c04f255761d9148ea7f2a26280f0158\" style=\"font-size:18px\">Mientras se suced\u00edan estas Conferencias \u2014la primera en Washington (1889); la segunda en M\u00e9xico (1901-1902); la tercera en R\u00edo de Janeiro (1906); la cuarta en Buenos Aires (1910) y la quinta en Santiago de Chile (1923)\u2014, se registraron diversas manifestaciones nacionales de fomento y complementaci\u00f3n cient\u00edfica.<\/p>\n\n\n\n<p class=\"has-black-color has-text-color has-link-color wp-elements-8098ab6c359f7cda5ddab106aefcc9a6\" style=\"font-size:18px\">A finales de 1926, conforme al procedimiento usual, el Gobierno de la Rep\u00fablica de Cuba, designada como sede de la Sexta Conferencia Internacional Americana, procedi\u00f3 a convocar oficialmente dicha reuni\u00f3n.<\/p>\n\n\n\n<p class=\"has-black-color has-text-color has-link-color wp-elements-d69e576b11fd593e34d8afa3b5e032e2\" style=\"font-size:18px\">El programa fue establecido por el Consejo Directivo de la Uni\u00f3n Panamericana, con sede en Washington, en 1927. Entre los grandes temas fijados, resaltaron: Orden Jur\u00eddico Interamericano, Problemas Sociales,, y Cooperaci\u00f3n Intelectual. Este \u00faltimo tema incluy\u00f3 como primer punto: \u201cEstablecimiento de un Instituto Geogr\u00e1fico Panamericano que sirva de centro de coordinaci\u00f3n, distribuci\u00f3n y divulgaci\u00f3n de los estudios geogr\u00e1ficos en los Estados Americanos y de \u00f3rgano de cooperaci\u00f3n entre los institutos geogr\u00e1ficos de Am\u00e9rica\u201d.<\/p>\n\n\n\n<p class=\"has-black-color has-text-color has-link-color wp-elements-721f571bd51500a51328710e7df6c0e0\" style=\"font-size:18px\">En la Sexta Conferencia que se desarroll\u00f3 en La Habana entre el 16 de enero y el 20 de febrero de 1928, se presentaron dos proyectos para la creaci\u00f3n del Instituto Geogr\u00e1fico Panamericano, uno por parte de la Delegaci\u00f3n de M\u00e9xico y otro de la Delegaci\u00f3n de Cuba.<\/p>\n\n\n\n<p class=\"has-black-color has-text-color has-link-color wp-elements-eb5eba900a0a131fcd937f6543a69ac2\" style=\"font-size:18px\">Luego de acordar algunas modificaciones al proyecto, se opt\u00f3 finalmente por la presentaci\u00f3n mexicana, donde desempe\u00f1\u00f3 un papel relevante el ingeniero Pedro C. S\u00e1nchez.<\/p>\n\n\n\n<p class=\"has-black-color has-text-color has-link-color wp-elements-170e53094c56ac34f5d41f1225f6342f\" style=\"font-size:18px\">Si bien inicialmente se habl\u00f3 solamente de Geograf\u00eda, apareci\u00f3 inmediatamente la Historia como una necesidad imprescindible para el estudio de las cuestiones propias de las \u00e1reas colindantes entre Estados.<\/p>\n\n\n\n<p class=\"has-black-color has-text-color has-link-color wp-elements-cdf66b6b123e164ae19aaa93b3baf99f\" style=\"font-size:18px\">Fue aprobada por unanimidad, la creaci\u00f3n del Instituto Panamericano de Geograf\u00eda e Historia, por la Sexta Conferencia Internacional Americana, en pleno, el 7 de febrero de 1928.<\/p>\n\n\n\n<p class=\"has-black-color has-text-color has-link-color wp-elements-96a9901dec47dfabef97c02acc186923\" style=\"font-size:18px\">Entre los objetivos liminares acordados figuraban la coordinaci\u00f3n y divulgaci\u00f3n de los estudios geogr\u00e1ficos, la cooperaci\u00f3n entre los institutos de Am\u00e9rica, la realizaci\u00f3n de investigaciones sobre la materia, la intervenci\u00f3n en el estudio de las fronteras y la formaci\u00f3n de un repositorio documental y de una biblioteca especializada; adem\u00e1s se resolvi\u00f3 que la Uni\u00f3n Panamericana fijara la sede del Instituto y se establecieron como lenguas oficiales el espa\u00f1ol, portugu\u00e9s, ingl\u00e9s y franc\u00e9s.<\/p>\n\n\n\n<p class=\"has-black-color has-text-color has-link-color wp-elements-c4eeccc1d022b175f852835987fb15dc\" style=\"font-size:18px\">El 18 de junio de 1928, la Secretar\u00eda de Agricultura y Fomento del Gobierno de M\u00e9xico le expres\u00f3 a la Secretar\u00eda de Relaciones Exteriores su entera conformidad para que la sede del IPGH fuera la ciudad de M\u00e9xico.<\/p>\n\n\n\n<p class=\"has-black-color has-text-color has-link-color wp-elements-ea3f7d6c21c7e6f021a47cb25a11da09\" style=\"font-size:18px\">Por medio de la Embajada en Washington, se hizo del conocimiento de la Uni\u00f3n Panamericana, lo grato que ser\u00eda para M\u00e9xico ser sede del Instituto Panamericano de Geograf\u00eda e Historia, a lo cual, previo dictamen de una Comisi\u00f3n Especial del Consejo Directivo de la Uni\u00f3n Panamericana, se resolvi\u00f3 el d\u00eda 8 de noviembre de 1928, designar la ciudad de M\u00e9xico como sede del IPGH.<\/p>\n\n\n\n<p class=\"has-black-color has-text-color has-link-color wp-elements-6323f072ab006871410bb69f6e8b4db5\" style=\"font-size:18px\">Por iniciativa del ingeniero Pedro C. S\u00e1nchez, se eligi\u00f3 un terreno ubicado en la parte nororiental del edificio que ocupaba la entonces la Direcci\u00f3n de Estudios Geogr\u00e1ficos y Climatol\u00f3gicos de la Secretar\u00eda de Agricultura y Fomento, en Tacubaya, para construir las nuevas instalaciones.<\/p>\n\n\n\n<p class=\"has-black-color has-text-color has-link-color wp-elements-0ba05db294899ae7bbcf4a2ad493195b\" style=\"font-size:18px\">Lo cierto es que en 1929 se iniciaron los trabajos de construcci\u00f3n de la sede, los cuales concluyeron el 5 de mayo de 1930, d\u00eda de la Batalla de Puebla, fecha en que se realiz\u00f3 la ceremonia de inauguraci\u00f3n del Palacio sede del IPGH, que cont\u00f3 con la asistencia del Presidente de M\u00e9xico, el ingeniero Pascual Ortiz Rubio.<\/p>\n\n\n\n<p class=\"has-black-color has-text-color has-link-color wp-elements-591af6f534e122980cdc789e1b9a04e6\" style=\"font-size:18px\">Dentro de los procesos evolutivos del IPGH y para cubrir problem\u00e1ticas m\u00e1s complejas, las labores que en un principio se ajustaron a los \u00e1mbitos de la Geograf\u00eda y de la Historia, ampliaron su horizonte cient\u00edfico con la Cartograf\u00eda, la Geof\u00edsica y otras disciplinas culturales.<\/p>\n\n\n\n<p class=\"has-black-color has-text-color has-link-color wp-elements-4d901e465bb0c5b95b8b217640019d29\" style=\"font-size:18px\">En 1949, un a\u00f1o despu\u00e9s de la creaci\u00f3n de la Organizaci\u00f3n de los Estados Americanos (OEA), el IPGH firm\u00f3 un acuerdo para convertirse en el primer organismo especializado de la OEA. Este acuerdo fue modificado y firmado de conformidad, en la ciudad de Washington, D. C., el 6 de mayo de 1974.<\/p>\n\n\n\n<p class=\"has-black-color has-text-color has-link-color wp-elements-20cf8b4d4596e6f6197d02184be4bfa9\" style=\"font-size:18px\">Connotados investigadores y cient\u00edficos, as\u00ed como autoridades de la m\u00e1s alta jerarqu\u00eda en los Estados Miembros, han sido importantes protagonistas en el proceso de evoluci\u00f3n del IPGH desde su nacimiento.<\/p>\n\n\n\n<p class=\"has-black-color has-text-color has-link-color wp-elements-73b4ad8980b7c75f1b8c36db43591f45\" style=\"font-size:18px\">Actualmente, el IPGH mantiene v\u00ednculos con m\u00faltiples organizaciones afines a las \u00e1reas de investigaci\u00f3n del IPGH, mediante los cuales se brinda colaboraci\u00f3n a los Estados Miembros.<\/p>\n\n\n\n<p class=\"has-black-color has-text-color has-link-color wp-elements-c03894611bf2032e235c40959df0da65\" style=\"font-size:18px\">El IPGH cuenta, adem\u00e1s, con un acervo bibliogr\u00e1fico denominado &#8220;Jos\u00e9 Toribio Medina&#8221; que se encuentra actualmente alojado en la Biblioteca &#8220;Bonfil Batalla&#8221; en la Escuela Nacional de Antropolog\u00eda e Historia (ENAH), conteniendo m\u00e1s de 231,000 ejemplares. Por otra parte su patrimonio cartogr\u00e1fico se encuentra en la Mapoteca &#8220;Manuel Orozco y Berra&#8221; administrada por el Servicio de Informaci\u00f3n Agr\u00edcola y Pesquero (SIAP) de M\u00e9xico, constituido por m\u00e1s de 150,000 documentos cartogr\u00e1ficos de los cuales 17,000 corresponden a la colecci\u00f3n de mapas del IPGH.<\/p>\n\n\n\n<p class=\"has-text-align-center has-luminous-vivid-orange-color has-text-color has-link-color has-large-font-size wp-elements-fd6c90cc7be9ed2937a5f2132278c156\"><strong> .   .   .<\/strong><\/p>\n\n\n\n<p class=\"has-text-color has-link-color has-large-font-size wp-elements-f13e166aad758e9ce0cdc36f9bb6af7e\" style=\"color:#103755\"><strong>Mission<\/strong><\/p>\n\n\n\n<ul>\n<li class=\"has-medium-font-size\">Encourage, coordinate and distribute studies pertaining to its areas of interest, which are Cartography, Geography, History, Geophysics and those related sciences for the benefit of the Americas;;<\/li>\n\n\n\n<li class=\"has-medium-font-size\">Support initiatives, innovation and the creation of knowledge in matters of its competence, by means of studies, tasks and trainings of its Commissions;<\/li>\n\n\n\n<li class=\"has-medium-font-size\">Encourage interdisciplinary cooperation among related institutes in America and with international organizations.<\/li>\n<\/ul>\n\n\n\n<p class=\"has-text-align-center has-luminous-vivid-orange-color has-text-color has-link-color has-large-font-size wp-elements-fd6c90cc7be9ed2937a5f2132278c156\"><strong> .   .   .<\/strong><\/p>\n\n\n\n<p class=\"has-text-color has-link-color has-large-font-size wp-elements-d2951570d3ac3fb61cafd3cd2a7bdde9\" style=\"color:#103755\"><strong>Vision<\/strong><\/p>\n\n\n\n<p class=\"has-medium-font-size\">Becoming an organization of excellence that is made up of specialists and researchers of its areas of interest;<\/p>\n\n\n\n<ul>\n<li class=\"has-medium-font-size\">Operating as an institution that facilitates and supports research that provides scientific-technical assistance to its Member States, to the Organization of American States, and to all those entities, which request it within the limits of the possible and of the formal agreements;<\/li>\n\n\n\n<li class=\"has-medium-font-size\">Articulating and promoting relationships concerning its areas of interest among Member States, civil society, as well as international scientific, academic, and private initiative organizations.<\/li>\n<\/ul>\n\n\n\n<p class=\"has-text-align-center has-luminous-vivid-orange-color has-text-color has-link-color has-large-font-size wp-elements-fd6c90cc7be9ed2937a5f2132278c156\"><strong> .   .   .<\/strong><\/p>\n\n\n\n<p class=\"has-text-color has-link-color has-large-font-size wp-elements-559c073be574b81b863ed20f7042362a\" style=\"color:#103755\"><strong>Principles<\/strong><\/p>\n\n\n\n<ul>\n<li>The PAIGH prioritizes scientific activities, through its Technical Assistance Program, as well as the dissemination of specialized knowledge through its Publications Program, or those programs established for these purposes in the future;<\/li>\n\n\n\n<li>It encourages attention to the relationship among disciplines in its studies, projects and publications with an emphasis on science, technology and critical thinking;<\/li>\n\n\n\n<li>It stimulates activities of multinational interest;<\/li>\n\n\n\n<li>The PAIGH recognizes the importance of equality, non-discrimination, respect and tolerance for all human beings;<\/li>\n\n\n\n<li>It respects the freedom of expression of its authors, who bear sole responsibility for their respective contents;<\/li>\n\n\n\n<li>The PAIGH does not start up or encourage any work that is considered to be biased towards political or religious proselytism;<\/li>\n\n\n\n<li>It supports open access to its studies and research produced by its programs.<\/li>\n<\/ul>\n","protected":false},"excerpt":{"rendered":"<p>Who are we? The Pan American Instituto of Geography an History is a specialized inter-American scientific-technical organization of the Organization of American States (OAS), established in accordance with the \u201cCharter of the Organization of American States\u201d. The Pan American Institute of Geography and History uses the acronym \u201cIPGH\u201d in Spanish, French and Portuguese; and \u201cPAIGH\u201d <a class=\"read-more\" href=\"https:\/\/www.ipgh.org\/en\/?page_id=334\">READ MORE<\/a><\/p>\n","protected":false},"author":1,"featured_media":405,"parent":0,"menu_order":2,"comment_status":"closed","ping_status":"closed","template":"template-full-width.php","meta":{"footnotes":""},"_links":{"self":[{"href":"https:\/\/www.ipgh.org\/en\/index.php?rest_route=\/wp\/v2\/pages\/334"}],"collection":[{"href":"https:\/\/www.ipgh.org\/en\/index.php?rest_route=\/wp\/v2\/pages"}],"about":[{"href":"https:\/\/www.ipgh.org\/en\/index.php?rest_route=\/wp\/v2\/types\/page"}],"author":[{"embeddable":true,"href":"https:\/\/www.ipgh.org\/en\/index.php?rest_route=\/wp\/v2\/users\/1"}],"replies":[{"embeddable":true,"href":"https:\/\/www.ipgh.org\/en\/index.php?rest_route=%2Fwp%2Fv2%2Fcomments&post=334"}],"version-history":[{"count":28,"href":"https:\/\/www.ipgh.org\/en\/index.php?rest_route=\/wp\/v2\/pages\/334\/revisions"}],"predecessor-version":[{"id":10509,"href":"https:\/\/www.ipgh.org\/en\/index.php?rest_route=\/wp\/v2\/pages\/334\/revisions\/10509"}],"wp:featuredmedia":[{"embeddable":true,"href":"https:\/\/www.ipgh.org\/en\/index.php?rest_route=\/wp\/v2\/media\/405"}],"wp:attachment":[{"href":"https:\/\/www.ipgh.org\/en\/index.php?rest_route=%2Fwp%2Fv2%2Fmedia&parent=334"}],"curies":[{"name":"wp","href":"https:\/\/api.w.org\/{rel}","templated":true}]}}