{"id":340,"date":"2022-08-18T00:20:53","date_gmt":"2022-08-18T05:20:53","guid":{"rendered":"http:\/\/www.ipgh.org\/en\/?page_id=340"},"modified":"2025-06-02T09:57:11","modified_gmt":"2025-06-02T15:57:11","slug":"directorios","status":"publish","type":"page","link":"https:\/\/www.ipgh.org\/en\/?page_id=340","title":{"rendered":"Directories"},"content":{"rendered":"\n<div class=\"wp-block-columns is-layout-flex wp-container-3 wp-block-columns-is-layout-flex\">\n<div class=\"wp-block-column is-layout-flow wp-block-column-is-layout-flow\"><div class=\"wp-block-image\">\n<figure class=\"aligncenter size-large is-resized\"><img decoding=\"async\" loading=\"lazy\" src=\"https:\/\/www.ipgh.org\/en\/wp-content\/uploads\/2023\/09\/CONTACTO-1-843x1024.jpg\" alt=\"\" class=\"wp-image-6321\" style=\"width:478px;height:580px\" width=\"478\" height=\"580\" srcset=\"https:\/\/www.ipgh.org\/en\/wp-content\/uploads\/2023\/09\/CONTACTO-1-843x1024.jpg 843w, https:\/\/www.ipgh.org\/en\/wp-content\/uploads\/2023\/09\/CONTACTO-1-247x300.jpg 247w, https:\/\/www.ipgh.org\/en\/wp-content\/uploads\/2023\/09\/CONTACTO-1-768x933.jpg 768w, https:\/\/www.ipgh.org\/en\/wp-content\/uploads\/2023\/09\/CONTACTO-1-1265x1536.jpg 1265w, https:\/\/www.ipgh.org\/en\/wp-content\/uploads\/2023\/09\/CONTACTO-1-1687x2048.jpg 1687w\" sizes=\"(max-width: 478px) 100vw, 478px\" \/><\/figure><\/div><\/div>\n\n\n\n<div class=\"wp-block-column is-layout-flow wp-block-column-is-layout-flow\">\n<p class=\"has-text-align-left has-cyan-bluish-gray-color has-white-background-color has-text-color has-background has-link-color wp-elements-8bbfa36a77a453f82fbb8dc70f035f4c\" style=\"font-size:25px\"><\/p>\n\n\n\n<p style=\"font-size:28px\"><strong>Palacio sede de la <\/strong><br><strong>Secretar\u00eda General<\/strong><\/p>\n\n\n\n<p class=\"has-luminous-vivid-orange-color has-text-color has-link-color wp-elements-75870c18c932a03e37f60f39be0529de\"><strong>__________________________________________________<\/strong><\/p>\n\n\n\n<p class=\"has-text-align-left has-medium-font-size\"><strong>Ex-Arzobispado n\u00fam. 29<br>Colonia Observatorio<br>11860 Alcald\u00eda Miguel Hidalgo<br>Ciudad de M\u00e9xico, M\u00e9xico<\/strong><br><br><strong>Tels.: (+52-55)5515-1910 | 5277-5791<\/strong><\/p>\n\n\n\n<p class=\"has-medium-font-size\"><strong><a href=\"mailto:secretariageneral@ipgh.org\">secretariageneral@ipgh.org<\/a><\/strong><\/p>\n\n\n\n<p class=\"has-medium-font-size\"><strong><a href=\"https:\/\/www.ipgh.org\/\" data-type=\"link\" data-id=\"https:\/\/www.ipgh.org\/\" target=\"_blank\" rel=\"noreferrer noopener\">www.ipgh.org<\/a><\/strong><\/p>\n<\/div>\n<\/div>\n","protected":false},"excerpt":{"rendered":"<p>Palacio sede de la Secretar\u00eda General __________________________________________________ Ex-Arzobispado n\u00fam. 29Colonia Observatorio11860 Alcald\u00eda Miguel HidalgoCiudad de M\u00e9xico, M\u00e9xico Tels.: (+52-55)5515-1910 | 5277-5791 secretariageneral@ipgh.org www.ipgh.org<\/p>\n","protected":false},"author":1,"featured_media":0,"parent":334,"menu_order":3,"comment_status":"closed","ping_status":"closed","template":"","meta":{"footnotes":""},"_links":{"self":[{"href":"https:\/\/www.ipgh.org\/en\/index.php?rest_route=\/wp\/v2\/pages\/340"}],"collection":[{"href":"https:\/\/www.ipgh.org\/en\/index.php?rest_route=\/wp\/v2\/pages"}],"about":[{"href":"https:\/\/www.ipgh.org\/en\/index.php?rest_route=\/wp\/v2\/types\/page"}],"author":[{"embeddable":true,"href":"https:\/\/www.ipgh.org\/en\/index.php?rest_route=\/wp\/v2\/users\/1"}],"replies":[{"embeddable":true,"href":"https:\/\/www.ipgh.org\/en\/index.php?rest_route=%2Fwp%2Fv2%2Fcomments&post=340"}],"version-history":[{"count":5,"href":"https:\/\/www.ipgh.org\/en\/index.php?rest_route=\/wp\/v2\/pages\/340\/revisions"}],"predecessor-version":[{"id":10804,"href":"https:\/\/www.ipgh.org\/en\/index.php?rest_route=\/wp\/v2\/pages\/340\/revisions\/10804"}],"up":[{"embeddable":true,"href":"https:\/\/www.ipgh.org\/en\/index.php?rest_route=\/wp\/v2\/pages\/334"}],"wp:attachment":[{"href":"https:\/\/www.ipgh.org\/en\/index.php?rest_route=%2Fwp%2Fv2%2Fmedia&parent=340"}],"curies":[{"name":"wp","href":"https:\/\/api.w.org\/{rel}","templated":true}]}}