{"id":4250,"date":"2022-11-04T11:34:22","date_gmt":"2022-11-04T17:34:22","guid":{"rendered":"https:\/\/www.ipgh.org\/en\/?page_id=4250"},"modified":"2023-06-28T12:57:24","modified_gmt":"2023-06-28T17:57:24","slug":"23%e1%b5%83-asamblea-general-resoluciones-aprobadas","status":"publish","type":"page","link":"https:\/\/www.ipgh.org\/en\/?page_id=4250","title":{"rendered":"23\u1d43 Asamblea General &#8211; Resoluciones aprobadas"},"content":{"rendered":"\n<figure class=\"wp-block-table aligncenter is-style-stripes has-medium-font-size\"><table class=\"has-white-background-color has-text-color has-background\" style=\"color:#143169\"><tbody><tr><td class=\"has-text-align-left\" data-align=\"left\"><strong>RES. 1<\/strong><\/td><\/tr><tr><td class=\"has-text-align-left\" data-align=\"left\">\u2705 <a href=\"https:\/\/www.ipgh.org\/en\/wp-content\/uploads\/2022\/12\/23AG_RES-1_MARCO-INTEGRADO-INFORMACION-GEOESPACIAL.pdf\" target=\"_blank\" rel=\"noreferrer noopener\">Marco Integrado de Informaci\u00f3n Geoespacial de las Naciones Unidas<\/a><\/td><\/tr><tr><td class=\"has-text-align-left\" data-align=\"left\">\u2611\ufe0f <a href=\"https:\/\/www.ipgh.org\/en\/wp-content\/uploads\/2022\/12\/23AG_ENG_RES_1.pdf\" target=\"_blank\" rel=\"noreferrer noopener\">United Nations Integrated Geospatial Information Framework<\/a><\/td><\/tr><tr><td class=\"has-text-align-left\" data-align=\"left\">&nbsp;<\/td><\/tr><tr><td class=\"has-text-align-left\" data-align=\"left\"><strong>RES. 2<\/strong><\/td><\/tr><tr><td class=\"has-text-align-left\" data-align=\"left\"><strong>\u2705<\/strong> <a href=\"https:\/\/www.ipgh.org\/en\/wp-content\/uploads\/2022\/12\/23AG_RES-2_FORTALECIMIENTO_PAT.pdf\" target=\"_blank\" rel=\"noreferrer noopener\">Fortalecimiento del Programa de Asistencia T\u00e9cnica<\/a><\/td><\/tr><tr><td class=\"has-text-align-left\" data-align=\"left\">\u2611\ufe0f <a href=\"https:\/\/www.ipgh.org\/en\/wp-content\/uploads\/2022\/12\/23AG_ENG_RES_2.pdf\" target=\"_blank\" rel=\"noreferrer noopener\">Strengthening of the Technical Assistance Program<\/a><\/td><\/tr><tr><td class=\"has-text-align-left\" data-align=\"left\">&nbsp;<\/td><\/tr><tr><td class=\"has-text-align-left\" data-align=\"left\"><strong>RES. 3<\/strong><\/td><\/tr><tr><td class=\"has-text-align-left\" data-align=\"left\">\u2705 <a href=\"https:\/\/www.ipgh.org\/en\/wp-content\/uploads\/2022\/12\/23AG_RES-3_CUOTAS_ANUALES.pdf\" target=\"_blank\" rel=\"noreferrer noopener\">Cuotas anuales de los Estados Miembros para el a\u00f1o 2023<\/a><\/td><\/tr><tr><td class=\"has-text-align-left\" data-align=\"left\"><strong>\u2611\ufe0f<\/strong> <a href=\"https:\/\/www.ipgh.org\/en\/wp-content\/uploads\/2022\/12\/23AG_ENG_RES_3.pdf\" target=\"_blank\" rel=\"noreferrer noopener\">Annual quota payments of the Member States for the year 2023<\/a><\/td><\/tr><tr><td class=\"has-text-align-left\" data-align=\"left\">&nbsp;<\/td><\/tr><tr><td class=\"has-text-align-left\" data-align=\"left\"><strong>RES. 4<\/strong><\/td><\/tr><tr><td class=\"has-text-align-left\" data-align=\"left\">\u2705 <a href=\"https:\/\/www.ipgh.org\/en\/wp-content\/uploads\/2022\/12\/23AG_RES-4_PRESUPUESTO_GENERAL.pdf\" target=\"_blank\" rel=\"noreferrer noopener\">Presupuesto General del Instituto Panamericano de Geograf\u00eda e Historia para el a\u00f1o 2023<\/a><\/td><\/tr><tr><td class=\"has-text-align-left\" data-align=\"left\">\u2611\ufe0f <a href=\"https:\/\/www.ipgh.org\/en\/wp-content\/uploads\/2022\/12\/23AG_ENG_RES_4.pdf\" target=\"_blank\" rel=\"noreferrer noopener\">General Budget of the Pan American Institute of Geography and History for the year 2023<\/a><\/td><\/tr><tr><td class=\"has-text-align-left\" data-align=\"left\">&nbsp;<\/td><\/tr><tr><td class=\"has-text-align-left\" data-align=\"left\"><strong>RES. 5<\/strong><\/td><\/tr><tr><td class=\"has-text-align-left\" data-align=\"left\">\u2705 <a href=\"https:\/\/www.ipgh.org\/en\/wp-content\/uploads\/2022\/12\/23AG_RES-5_ALINEACION_REGLAMENTO_FINANCIERO.pdf\" target=\"_blank\" rel=\"noreferrer noopener\">Alineaci\u00f3n del Reglamento Financiero con el Estatuto Org\u00e1nico del Instituto Panamericano de Geograf\u00eda e Historia<\/a><\/td><\/tr><tr><td class=\"has-text-align-left\" data-align=\"left\">\u2611\ufe0f <a href=\"https:\/\/www.ipgh.org\/en\/wp-content\/uploads\/2022\/12\/23AG_ENG_RES_5.pdf\" target=\"_blank\" rel=\"noreferrer noopener\">Alignment of the Financial Rules of Procedure with the Organic Statute of the Pan American Institute of Geography and History<\/a><\/td><\/tr><tr><td class=\"has-text-align-left\" data-align=\"left\">&nbsp;<\/td><\/tr><tr><td class=\"has-text-align-left\" data-align=\"left\"><strong>RES. 6<\/strong><\/td><\/tr><tr><td class=\"has-text-align-left\" data-align=\"left\">\u2705 <a href=\"https:\/\/www.ipgh.org\/en\/wp-content\/uploads\/2022\/12\/23AG_RES-6_ALINEACION_REGLAMENTO_APEF.pdf\">Alineaci\u00f3n del Reglamento del Comit\u00e9 Asesor de Planeamiento y Evaluaci\u00f3n financiera (APEF) con el Estatuto Org\u00e1nico del Instituto Panamericano de Geograf\u00eda e Historia<\/a><\/td><\/tr><tr><td class=\"has-text-align-left\" data-align=\"left\">\u2611\ufe0f <a href=\"https:\/\/www.ipgh.org\/en\/wp-content\/uploads\/2022\/12\/23AG_ENG_RES_6.pdf\" target=\"_blank\" rel=\"noreferrer noopener\">Alignment of the Rules Of Procedure for The Advisory Financial Planning And Assessment Committee (AFPA) with the Organic Statute of the Pan American Institute of Geography and History<\/a><\/td><\/tr><tr><td class=\"has-text-align-left\" data-align=\"left\">&nbsp;<\/td><\/tr><tr><td class=\"has-text-align-left\" data-align=\"left\"><strong>RES. 7<\/strong><\/td><\/tr><tr><td class=\"has-text-align-left\" data-align=\"left\">\u2705 <a href=\"https:\/\/www.ipgh.org\/en\/wp-content\/uploads\/2022\/12\/23AG_RES-7_DEROGACION_REGLAMENTO_CONSEJO_DIRECTIVO.pdf\" target=\"_blank\" rel=\"noreferrer noopener\">Derogaci\u00f3n del Reglamento del Consejo Directivo del Instituto Panamericano de Geograf\u00eda e Historia<\/a><\/td><\/tr><tr><td class=\"has-text-align-left\" data-align=\"left\">\u2611\ufe0f <a href=\"https:\/\/www.ipgh.org\/en\/wp-content\/uploads\/2022\/12\/23AG_ENG_RES_7.pdf\" target=\"_blank\" rel=\"noreferrer noopener\">Revocation of the Regulations and Procedures for the Directing Council of the Pan American Institute Of Geography And History<\/a><\/td><\/tr><tr><td class=\"has-text-align-left\" data-align=\"left\">&nbsp;<\/td><\/tr><tr><td class=\"has-text-align-left\" data-align=\"left\"><strong>RES. 8<\/strong><\/td><\/tr><tr><td class=\"has-text-align-left\" data-align=\"left\">\u2705 <a href=\"https:\/\/www.ipgh.org\/en\/wp-content\/uploads\/2022\/12\/23AG_RES-8_COLOCACION_PLACA_95_ANIVERSARIO.pdf\" target=\"_blank\" rel=\"noreferrer noopener\">Colocaci\u00f3n de placa conmemorativa por el 95\u00ba Aniversario de la creaci\u00f3n del IPGH<\/a><\/td><\/tr><tr><td class=\"has-text-align-left\" data-align=\"left\">\u2611\ufe0f <a href=\"https:\/\/www.ipgh.org\/en\/wp-content\/uploads\/2022\/12\/23AG_ENG_RES_8.pdf\" target=\"_blank\" rel=\"noreferrer noopener\">Installation of plaque commemorating the 95<sup>th<\/sup> Anniversary of the creation of the PAIGH<\/a><\/td><\/tr><tr><td class=\"has-text-align-left\" data-align=\"left\">&nbsp;<\/td><\/tr><tr><td class=\"has-text-align-left\" data-align=\"left\"><strong>RES. 9<\/strong><\/td><\/tr><tr><td class=\"has-text-align-left\" data-align=\"left\">\u2705 <a href=\"https:\/\/www.ipgh.org\/en\/wp-content\/uploads\/2022\/12\/23AG_RES-9_COLOCACION_PLACA_ARCHIVO_HISTORICO.pdf\" target=\"_blank\" rel=\"noreferrer noopener\">Colocaci\u00f3n de placa conmemorativa para inaugurar el Archivo Hist\u00f3rico del IPGH y denominarlo con el nombre del \u201cIng. Pedro Celestino S\u00e1nchez\u201d<\/a><\/td><\/tr><tr><td class=\"has-text-align-left\" data-align=\"left\">\u2611\ufe0f <a href=\"https:\/\/www.ipgh.org\/en\/wp-content\/uploads\/2022\/12\/23AG_ENG_RES_9.pdf\" target=\"_blank\" rel=\"noreferrer noopener\">Installation of plaque commemorating the inauguration of the Historic Archive of the PAIGH and giving it the name of \u201cIng. Pedro Celestino S\u00e1nchez\u201d<\/a><\/td><\/tr><tr><td class=\"has-text-align-left\" data-align=\"left\">&nbsp;<\/td><\/tr><tr><td class=\"has-text-align-left\" data-align=\"left\"><strong>RES. 10<\/strong><\/td><\/tr><tr><td class=\"has-text-align-left\" data-align=\"left\">\u2705 <a href=\"https:\/\/www.ipgh.org\/en\/wp-content\/uploads\/2022\/12\/23AG_RES-10_CREACION_MURO_AUTORIDADES_FEMENINAS.pdf\" target=\"_blank\" rel=\"noreferrer noopener\">Creaci\u00f3n del muro de Autoridades femeninas del IPGH<\/a><\/td><\/tr><tr><td class=\"has-text-align-left\" data-align=\"left\">\u2611\ufe0f <a href=\"https:\/\/www.ipgh.org\/en\/wp-content\/uploads\/2022\/12\/23AG_ENG_RES_10.pdf\" target=\"_blank\" rel=\"noreferrer noopener\">Creation of the wall for female PAIGH Authorities<\/a><\/td><\/tr><tr><td class=\"has-text-align-left\" data-align=\"left\">&nbsp;<\/td><\/tr><tr><td class=\"has-text-align-left\" data-align=\"left\"><strong>RES. 11<\/strong><\/td><\/tr><tr><td class=\"has-text-align-left\" data-align=\"left\">\u2705 <a href=\"https:\/\/www.ipgh.org\/en\/wp-content\/uploads\/2022\/12\/23AG_RES-11_CREACION_CONDECORACION_PANAMERICANA.pdf\" target=\"_blank\" rel=\"noreferrer noopener\">Creaci\u00f3n de la \u201cCondecoraci\u00f3n Panamericana\u201d al personal cient\u00edfico y administrativo que ha servido al IPGH<\/a><\/td><\/tr><tr><td class=\"has-text-align-left\" data-align=\"left\">\u2611\ufe0f <a href=\"https:\/\/www.ipgh.org\/en\/wp-content\/uploads\/2022\/12\/23AG_ENG_RES_11.pdf\" target=\"_blank\" rel=\"noreferrer noopener\">Creation of the \u201cPan American Award\u201d to scientific and administrative persons, who have served the PAIGH<\/a><\/td><\/tr><tr><td class=\"has-text-align-left\" data-align=\"left\">&nbsp;<\/td><\/tr><tr><td class=\"has-text-align-left\" data-align=\"left\"><strong>RES. 12<\/strong><\/td><\/tr><tr><td class=\"has-text-align-left\" data-align=\"left\">\u2705 <a href=\"https:\/\/www.ipgh.org\/en\/wp-content\/uploads\/2022\/12\/23AG_RES-12_COLOCACION_PLACA_RECINTO_HISTORICO_COLEGIO_MILITAR.pdf\" target=\"_blank\" rel=\"noreferrer noopener\">Colocaci\u00f3n de placa conmemorativa sobre el recinto hist\u00f3rico de M\u00e9xico que actualmente es el Palacio Sede del IPGH<\/a><\/td><\/tr><tr><td class=\"has-text-align-left\" data-align=\"left\">\u2611\ufe0f <a href=\"https:\/\/www.ipgh.org\/en\/wp-content\/uploads\/2022\/12\/23AG_ENG_RES_12.pdf\" target=\"_blank\" rel=\"noreferrer noopener\">Installation of a commemorative plaque on the historic site of Mexico, which is currently the PAIGH Headquarters Palace<\/a><\/td><\/tr><tr><td class=\"has-text-align-left\" data-align=\"left\">&nbsp;<\/td><\/tr><tr><td class=\"has-text-align-left\" data-align=\"left\"><strong>RES. 13<\/strong><\/td><\/tr><tr><td class=\"has-text-align-left\" data-align=\"left\">\u2705 <a href=\"https:\/\/www.ipgh.org\/en\/wp-content\/uploads\/2022\/12\/23AG_RES-13_CREACION_COMITES_RELATIVOS_CENTENARIO.pdf\" target=\"_blank\" rel=\"noreferrer noopener\">Creaci\u00f3n de comit\u00e9s relativos al Centenario del IPGH<\/a><\/td><\/tr><tr><td class=\"has-text-align-left\" data-align=\"left\">\u2611\ufe0f <a href=\"https:\/\/www.ipgh.org\/en\/wp-content\/uploads\/2022\/12\/23AG_ENG_RES_13.pdf\" target=\"_blank\" rel=\"noreferrer noopener\">Creation of committees concerned with the Centenary of the PAIGH<\/a><\/td><\/tr><tr><td class=\"has-text-align-left\" data-align=\"left\">&nbsp;<\/td><\/tr><tr><td class=\"has-text-align-left\" data-align=\"left\"><strong>RES. 14<\/strong><\/td><\/tr><tr><td class=\"has-text-align-left\" data-align=\"left\">\u2705 <a href=\"https:\/\/www.ipgh.org\/en\/wp-content\/uploads\/2022\/12\/23AG_RES-14_RATIFICACION_CONVENIOS_CONTRATO.pdf\" target=\"_blank\" rel=\"noreferrer noopener\">Ratificaci\u00f3n de convenios y contrato de comodato suscritos entre diversas entidades y el IPGH<\/a><\/td><\/tr><tr><td class=\"has-text-align-left\" data-align=\"left\">\u2611\ufe0f <a href=\"https:\/\/www.ipgh.org\/en\/wp-content\/uploads\/2022\/12\/23AG_ENG_RES_14.pdf\" target=\"_blank\" rel=\"noreferrer noopener\">Ratification of the agreements and loan agreement signed between various entities and the PAIGH<\/a><\/td><\/tr><tr><td class=\"has-text-align-left\" data-align=\"left\">&nbsp;<\/td><\/tr><tr><td class=\"has-text-align-left\" data-align=\"left\"><strong>RES. 15<\/strong><\/td><\/tr><tr><td class=\"has-text-align-left\" data-align=\"left\">\u2705 <a href=\"https:\/\/www.ipgh.org\/en\/wp-content\/uploads\/2022\/12\/23AG_RES-15_SEDE_ASAMBLEA_GENERAL_REUNION.pdf\" target=\"_blank\" rel=\"noreferrer noopener\">Sede de la 24\u00aa Asamblea General y la 100\u00aa Reuni\u00f3n de Autoridades del Instituto Panamericano de Geograf\u00eda e Historia<\/a><\/td><\/tr><tr><td class=\"has-text-align-left\" data-align=\"left\">\u2611\ufe0f <a href=\"https:\/\/www.ipgh.org\/en\/wp-content\/uploads\/2022\/12\/23AG_ENG_RES_15.pdf\" target=\"_blank\" rel=\"noreferrer noopener\">Locations for the 24th General Assembly and the 100th Meeting of Authorities of the Pan American Institute of Geography and History<\/a><\/td><\/tr><tr><td class=\"has-text-align-left\" data-align=\"left\">&nbsp;<\/td><\/tr><tr><td class=\"has-text-align-left\" data-align=\"left\"><strong>RES. 16<\/strong><\/td><\/tr><tr><td class=\"has-text-align-left\" data-align=\"left\">\u2705 <a href=\"https:\/\/www.ipgh.org\/en\/wp-content\/uploads\/2022\/12\/23AG_RES-16_ACEPTACION_INFORMES_AUTORIDADES.pdf\" target=\"_blank\" rel=\"noreferrer noopener\">Aceptaci\u00f3n de los informes de las Autoridades del IPGH correspondientes al 2022<\/a><\/td><\/tr><tr><td class=\"has-text-align-left\" data-align=\"left\">\u2611\ufe0f <a href=\"https:\/\/www.ipgh.org\/en\/wp-content\/uploads\/2022\/12\/23AG_ENG_RES_16.pdf\" target=\"_blank\" rel=\"noreferrer noopener\">Acceptance of reports for the year 2022 from the PAIGH Authorities<\/a><\/td><\/tr><tr><td class=\"has-text-align-left\" data-align=\"left\">&nbsp;<\/td><\/tr><tr><td class=\"has-text-align-left\" data-align=\"left\"><strong>RES. 17<\/strong><\/td><\/tr><tr><td class=\"has-text-align-left\" data-align=\"left\">\u2705 <a href=\"https:\/\/www.ipgh.org\/en\/wp-content\/uploads\/2022\/12\/23AG_RES-17_PRESENTACION_INFORMES_SECCIONES_NACIONALES.pdf\" target=\"_blank\" rel=\"noreferrer noopener\">Presentaci\u00f3n de los informes de las Secciones Nacionales del IPGH<\/a><\/td><\/tr><tr><td class=\"has-text-align-left\" data-align=\"left\">\u2611\ufe0f <a href=\"https:\/\/www.ipgh.org\/en\/wp-content\/uploads\/2022\/12\/23AG_ENG_RES_17.pdf\" target=\"_blank\" rel=\"noreferrer noopener\">Presentation of the reports from the PAIGH National Sections<\/a><\/td><\/tr><tr><td class=\"has-text-align-left\" data-align=\"left\">&nbsp;<\/td><\/tr><tr><td class=\"has-text-align-left\" data-align=\"left\"><strong>RES. 18<\/strong><\/td><\/tr><tr><td class=\"has-text-align-left\" data-align=\"left\">\u2705 <a href=\"https:\/\/www.ipgh.org\/en\/wp-content\/uploads\/2022\/12\/23AG_RES-18_RECONOCIMIENTO_IGM_SN_COMITE.pdf\" target=\"_blank\" rel=\"noreferrer noopener\">Reconocimiento al Instituto Geogr\u00e1fico Militar, a la Secci\u00f3n Nacional del IPGH en Ecuador y al Comit\u00e9 Organizador por la preparaci\u00f3n de la 23\u00aa Asamblea General y la 98\u00aa Reuni\u00f3n de Autoridades<\/a><\/td><\/tr><tr><td class=\"has-text-align-left\" data-align=\"left\">\u2611\ufe0f <a href=\"https:\/\/www.ipgh.org\/en\/wp-content\/uploads\/2022\/12\/23AG_ENG_RES_18.pdf\" target=\"_blank\" rel=\"noreferrer noopener\">Recognition of the Military Geographic Institute, the National Section of the PAIGH in Ecuador and the Organizing Committee for preparing the 23rd General Assembly and the 98th Meeting of PAIGH Authorities<\/a><\/td><\/tr><tr><td class=\"has-text-align-left\" data-align=\"left\">&nbsp;<\/td><\/tr><tr><td class=\"has-text-align-left\" data-align=\"left\"><strong><a href=\"https:\/\/www.ipgh.org\/en\/wp-content\/uploads\/2023\/06\/23AG_RES_VFINAL_v2.pdf\" target=\"_blank\" rel=\"noreferrer noopener\">RESOLUCIONES APROBADAS<\/a><\/strong><\/td><\/tr><tr><td class=\"has-text-align-left\" data-align=\"left\"><strong><a href=\"https:\/\/www.ipgh.org\/en\/wp-content\/uploads\/2022\/12\/23AG_RES_VFINA_ENG.pdf\" target=\"_blank\" rel=\"noreferrer noopener\">APPROVED RESOLUTIONS<\/a><\/strong><\/td><\/tr><\/tbody><\/table><\/figure>\n\n\n\n<p><\/p>\n","protected":false},"excerpt":{"rendered":"<p>RES. 1 \u2705 Marco Integrado de Informaci\u00f3n Geoespacial de las Naciones Unidas \u2611\ufe0f United Nations Integrated Geospatial Information Framework &nbsp; RES. 2 \u2705 Fortalecimiento del Programa de Asistencia T\u00e9cnica \u2611\ufe0f Strengthening of the Technical Assistance Program &nbsp; RES. 3 \u2705 Cuotas anuales de los Estados Miembros para el a\u00f1o 2023 \u2611\ufe0f Annual quota payments of <a class=\"read-more\" href=\"https:\/\/www.ipgh.org\/en\/?page_id=4250\">READ MORE<\/a><\/p>\n","protected":false},"author":1,"featured_media":0,"parent":0,"menu_order":0,"comment_status":"closed","ping_status":"closed","template":"","meta":{"footnotes":""},"_links":{"self":[{"href":"https:\/\/www.ipgh.org\/en\/index.php?rest_route=\/wp\/v2\/pages\/4250"}],"collection":[{"href":"https:\/\/www.ipgh.org\/en\/index.php?rest_route=\/wp\/v2\/pages"}],"about":[{"href":"https:\/\/www.ipgh.org\/en\/index.php?rest_route=\/wp\/v2\/types\/page"}],"author":[{"embeddable":true,"href":"https:\/\/www.ipgh.org\/en\/index.php?rest_route=\/wp\/v2\/users\/1"}],"replies":[{"embeddable":true,"href":"https:\/\/www.ipgh.org\/en\/index.php?rest_route=%2Fwp%2Fv2%2Fcomments&post=4250"}],"version-history":[{"count":18,"href":"https:\/\/www.ipgh.org\/en\/index.php?rest_route=\/wp\/v2\/pages\/4250\/revisions"}],"predecessor-version":[{"id":5985,"href":"https:\/\/www.ipgh.org\/en\/index.php?rest_route=\/wp\/v2\/pages\/4250\/revisions\/5985"}],"wp:attachment":[{"href":"https:\/\/www.ipgh.org\/en\/index.php?rest_route=%2Fwp%2Fv2%2Fmedia&parent=4250"}],"curies":[{"name":"wp","href":"https:\/\/api.w.org\/{rel}","templated":true}]}}