{"id":438,"date":"2022-08-18T03:13:13","date_gmt":"2022-08-18T08:13:13","guid":{"rendered":"http:\/\/www.ipgh.org\/en\/?page_id=438"},"modified":"2025-10-20T12:27:05","modified_gmt":"2025-10-20T18:27:05","slug":"estados-miembros-secciones-nacionales","status":"publish","type":"page","link":"https:\/\/www.ipgh.org\/en\/?page_id=438","title":{"rendered":"Authorities, 2026\u20132029 term"},"content":{"rendered":"\n<div class=\"wp-block-columns is-layout-flex wp-container-9 wp-block-columns-is-layout-flex\">\n<div class=\"wp-block-column is-layout-flow wp-block-column-is-layout-flow\">\n<figure class=\"wp-block-image size-full\"><img decoding=\"async\" loading=\"lazy\" width=\"310\" height=\"337\" src=\"https:\/\/www.ipgh.org\/en\/wp-content\/uploads\/2024\/11\/Lobo.png\" alt=\"\" class=\"wp-image-9512\" srcset=\"https:\/\/www.ipgh.org\/en\/wp-content\/uploads\/2024\/11\/Lobo.png 310w, https:\/\/www.ipgh.org\/en\/wp-content\/uploads\/2024\/11\/Lobo-276x300.png 276w\" sizes=\"(max-width: 310px) 100vw, 310px\" \/><\/figure>\n<\/div>\n\n\n\n<div class=\"wp-block-column is-layout-flow wp-block-column-is-layout-flow\">\n<div class=\"wp-block-group is-vertical is-layout-flex wp-container-6 wp-block-group-is-layout-flex\">\n<div class=\"wp-block-group is-vertical is-layout-flex wp-container-5 wp-block-group-is-layout-flex\">\n<div class=\"wp-block-group is-vertical is-layout-flex wp-container-4 wp-block-group-is-layout-flex\">\n<p><\/p>\n\n\n\n<p><\/p>\n\n\n\n<p class=\"has-black-color has-text-color has-link-color wp-elements-cabf2a6ac8877dd7199cd5304daa678b\" style=\"font-size:18px\">MSc. Max Alberto Lobo Hern\u00e1ndez<\/p>\n\n\n\n<div class=\"wp-block-group is-vertical is-layout-flex wp-container-3 wp-block-group-is-layout-flex\">\n<p class=\"has-black-color has-text-color has-link-color wp-elements-8cacaf025fa55724e5d9eb3ecbc76576\" style=\"font-size:16px\">President<\/p>\n\n\n\n<p style=\"font-size:16px\"><a rel=\"noreferrer noopener\" href=\"mailto:malobo.igncr@gmail.com\" target=\"_blank\">malobo.igncr@gmail.com<\/a><\/p>\n\n\n<div class=\"wp-block-image\">\n<figure class=\"alignleft size-full is-resized\"><img decoding=\"async\" loading=\"lazy\" src=\"http:\/\/www.ipgh.org\/en\/wp-content\/uploads\/2022\/09\/07_Costa_Rica.jpg\" alt=\"\" class=\"wp-image-2300\" style=\"width:95px;height:65px\" width=\"95\" height=\"65\" srcset=\"https:\/\/www.ipgh.org\/en\/wp-content\/uploads\/2022\/09\/07_Costa_Rica.jpg 381w, https:\/\/www.ipgh.org\/en\/wp-content\/uploads\/2022\/09\/07_Costa_Rica-300x206.jpg 300w\" sizes=\"(max-width: 95px) 100vw, 95px\" \/><\/figure><\/div>\n\n\n<div style=\"height:7px\" aria-hidden=\"true\" class=\"wp-block-spacer wp-container-content-2\"><\/div>\n<\/div>\n<\/div>\n<\/div>\n<\/div>\n<\/div>\n\n\n\n<div class=\"wp-block-column is-layout-flow wp-block-column-is-layout-flow\">\n<p style=\"font-size:25px\"><\/p>\n<\/div>\n<\/div>\n\n\n\n<div class=\"wp-block-columns is-layout-flex wp-container-17 wp-block-columns-is-layout-flex\">\n<div class=\"wp-block-column is-layout-flow wp-block-column-is-layout-flow\">\n<figure class=\"wp-block-image size-full\"><img decoding=\"async\" loading=\"lazy\" width=\"310\" height=\"337\" src=\"https:\/\/www.ipgh.org\/en\/wp-content\/uploads\/2025\/10\/bishop.png\" alt=\"\" class=\"wp-image-11755\" srcset=\"https:\/\/www.ipgh.org\/en\/wp-content\/uploads\/2025\/10\/bishop.png 310w, https:\/\/www.ipgh.org\/en\/wp-content\/uploads\/2025\/10\/bishop-276x300.png 276w\" sizes=\"(max-width: 310px) 100vw, 310px\" \/><\/figure>\n<\/div>\n\n\n\n<div class=\"wp-block-column is-layout-flow wp-block-column-is-layout-flow\">\n<div class=\"wp-block-group is-layout-flow wp-block-group-is-layout-flow\"><div class=\"wp-block-group__inner-container\">\n<p><\/p>\n\n\n\n<div class=\"wp-block-group is-vertical is-layout-flex wp-container-13 wp-block-group-is-layout-flex\">\n<div class=\"wp-block-group is-layout-flow wp-block-group-is-layout-flow\"><div class=\"wp-block-group__inner-container\">\n<p class=\"has-black-color has-text-color has-link-color wp-elements-91cd5d83c22708e290af7549185c10d6\" style=\"font-size:20px\">Dra. Deirdre Dalpiaz Bishop<\/p>\n<\/div><\/div>\n\n\n\n<div style=\"height:44px\" aria-hidden=\"true\" class=\"wp-block-spacer wp-container-content-12\"><\/div>\n\n\n\n<p class=\"has-black-color has-text-color has-link-color wp-elements-69e19537a6947fdcc896f5b52846a170\" style=\"font-size:16px\">Vice President<\/p>\n\n\n\n<p style=\"font-size:16px\"><a href=\"mailto:deirdre.dalpiaz.bishop@census.gov\">deirdre.dalpiaz.bishop@census.gov<\/a><\/p>\n\n\n<div class=\"wp-block-image\">\n<figure class=\"alignleft size-full is-resized\"><img decoding=\"async\" loading=\"lazy\" src=\"http:\/\/www.ipgh.org\/en\/wp-content\/uploads\/2022\/09\/10_USA.jpg\" alt=\"\" class=\"wp-image-2303\" style=\"width:95px;height:65px\" width=\"95\" height=\"65\" srcset=\"https:\/\/www.ipgh.org\/en\/wp-content\/uploads\/2022\/09\/10_USA.jpg 381w, https:\/\/www.ipgh.org\/en\/wp-content\/uploads\/2022\/09\/10_USA-300x206.jpg 300w\" sizes=\"(max-width: 95px) 100vw, 95px\" \/><\/figure><\/div><\/div>\n<\/div><\/div>\n<\/div>\n\n\n\n<div class=\"wp-block-column is-layout-flow wp-block-column-is-layout-flow\"><\/div>\n<\/div>\n\n\n\n<div class=\"wp-block-columns is-layout-flex wp-container-21 wp-block-columns-is-layout-flex\">\n<div class=\"wp-block-column is-layout-flow wp-block-column-is-layout-flow\">\n<figure class=\"wp-block-image size-full\"><img decoding=\"async\" loading=\"lazy\" width=\"310\" height=\"337\" src=\"https:\/\/www.ipgh.org\/en\/wp-content\/uploads\/2024\/11\/Campuzano.png\" alt=\"\" class=\"wp-image-9511\" srcset=\"https:\/\/www.ipgh.org\/en\/wp-content\/uploads\/2024\/11\/Campuzano.png 310w, https:\/\/www.ipgh.org\/en\/wp-content\/uploads\/2024\/11\/Campuzano-276x300.png 276w\" sizes=\"(max-width: 310px) 100vw, 310px\" \/><\/figure>\n<\/div>\n\n\n\n<div class=\"wp-block-column is-layout-flow wp-block-column-is-layout-flow\">\n<p class=\"has-medium-font-size\"><\/p>\n\n\n\n<div style=\"height:31px\" aria-hidden=\"true\" class=\"wp-block-spacer\"><\/div>\n\n\n\n<p class=\"has-black-color has-text-color has-link-color wp-elements-5bc23dfbc95a9a3796c53a7c12d64168\" style=\"font-size:20px\">Mtro. Antonio Campuzano Rosales<\/p>\n\n\n\n<p class=\"has-black-color has-text-color has-link-color wp-elements-7034a2f19e60c73d943614a53e7f30a2\" style=\"font-size:16px\">General Secretary<\/p>\n\n\n\n<p><a href=\"mailto:antonio.campuzano@ipgh.org\" target=\"_blank\" rel=\"noreferrer noopener\">antonio.campuzano@ipgh.org<\/a><\/p>\n\n\n<div class=\"wp-block-image\">\n<figure class=\"alignleft size-full is-resized\"><img decoding=\"async\" loading=\"lazy\" src=\"http:\/\/www.ipgh.org\/en\/wp-content\/uploads\/2022\/09\/14_Mexico.jpg\" alt=\"\" class=\"wp-image-2291\" style=\"width:95px;height:65px\" width=\"95\" height=\"65\" srcset=\"https:\/\/www.ipgh.org\/en\/wp-content\/uploads\/2022\/09\/14_Mexico.jpg 381w, https:\/\/www.ipgh.org\/en\/wp-content\/uploads\/2022\/09\/14_Mexico-300x206.jpg 300w\" sizes=\"(max-width: 95px) 100vw, 95px\" \/><\/figure><\/div><\/div>\n\n\n\n<div class=\"wp-block-column is-layout-flow wp-block-column-is-layout-flow\"><\/div>\n<\/div>\n\n\n\n<hr class=\"wp-block-separator has-alpha-channel-opacity\"\/>\n\n\n\n<h2 class=\"wp-block-heading has-text-align-left\"><mark style=\"background-color:rgba(0, 0, 0, 0);color:#909090\" class=\"has-inline-color\">Cartography Commission<\/mark> <\/h2>\n\n\n\n<div class=\"wp-block-columns is-layout-flex wp-container-25 wp-block-columns-is-layout-flex\">\n<div class=\"wp-block-column is-layout-flow wp-block-column-is-layout-flow\">\n<figure class=\"wp-block-image size-full\"><img decoding=\"async\" loading=\"lazy\" width=\"310\" height=\"337\" src=\"https:\/\/www.ipgh.org\/en\/wp-content\/uploads\/2025\/10\/Villagomez.png\" alt=\"\" class=\"wp-image-11758\" srcset=\"https:\/\/www.ipgh.org\/en\/wp-content\/uploads\/2025\/10\/Villagomez.png 310w, https:\/\/www.ipgh.org\/en\/wp-content\/uploads\/2025\/10\/Villagomez-276x300.png 276w\" sizes=\"(max-width: 310px) 100vw, 310px\" \/><\/figure>\n<\/div>\n\n\n\n<div class=\"wp-block-column is-layout-flow wp-block-column-is-layout-flow\">\n<div style=\"height:40px\" aria-hidden=\"true\" class=\"wp-block-spacer\"><\/div>\n\n\n\n<p class=\"has-black-color has-text-color has-link-color wp-elements-2b061a8ed2761dff02f97986b04e40ea\" style=\"font-size:20px\">Dra. Martha Paola Villagomez Orozco<\/p>\n\n\n\n<p class=\"has-black-color has-text-color has-link-color wp-elements-8cacaf025fa55724e5d9eb3ecbc76576\" style=\"font-size:16px\">President<\/p>\n\n\n\n<p><a href=\"mailto:martha.villagomez@geograficomilitar.gob.ec\">martha.villagomez@geograficomilitar.gob.ec<\/a><\/p>\n\n\n\n<figure class=\"wp-block-image size-full is-resized\"><img decoding=\"async\" loading=\"lazy\" src=\"https:\/\/www.ipgh.org\/en\/wp-content\/uploads\/2022\/09\/08_Ecuador.jpg\" alt=\"\" class=\"wp-image-2301\" style=\"width:103px;height:71px\" width=\"103\" height=\"71\" srcset=\"https:\/\/www.ipgh.org\/en\/wp-content\/uploads\/2022\/09\/08_Ecuador.jpg 381w, https:\/\/www.ipgh.org\/en\/wp-content\/uploads\/2022\/09\/08_Ecuador-300x206.jpg 300w\" sizes=\"(max-width: 103px) 100vw, 103px\" \/><\/figure>\n<\/div>\n\n\n\n<div class=\"wp-block-column is-layout-flow wp-block-column-is-layout-flow\"><\/div>\n<\/div>\n\n\n\n<div class=\"wp-block-columns is-layout-flex wp-container-29 wp-block-columns-is-layout-flex\">\n<div class=\"wp-block-column is-layout-flow wp-block-column-is-layout-flow\"><div class=\"wp-block-image\">\n<figure class=\"alignright size-full is-resized\"><img decoding=\"async\" loading=\"lazy\" src=\"https:\/\/www.ipgh.org\/en\/wp-content\/uploads\/2025\/10\/Narvaez.png\" alt=\"\" class=\"wp-image-11759\" style=\"width:249px;height:271px\" width=\"249\" height=\"271\" srcset=\"https:\/\/www.ipgh.org\/en\/wp-content\/uploads\/2025\/10\/Narvaez.png 310w, https:\/\/www.ipgh.org\/en\/wp-content\/uploads\/2025\/10\/Narvaez-276x300.png 276w\" sizes=\"(max-width: 249px) 100vw, 249px\" \/><\/figure><\/div><\/div>\n\n\n\n<div class=\"wp-block-column is-layout-flow wp-block-column-is-layout-flow\">\n<div style=\"height:43px\" aria-hidden=\"true\" class=\"wp-block-spacer\"><\/div>\n\n\n\n<p class=\"has-black-color has-text-color has-link-color wp-elements-ec3de51b292c78a034b9b6a9570b7901\" style=\"font-size:20px\">Dra. Roc\u00edo Germania Narv\u00e1ez Benalc\u00e1zar<\/p>\n\n\n\n<p class=\"has-black-color has-text-color has-link-color wp-elements-69e19537a6947fdcc896f5b52846a170\" style=\"font-size:16px\">Vice President<\/p>\n\n\n\n<p style=\"font-size:16px\"><a href=\"mailto:rocio.narvaez@geograficomilitar.gob.ec\">rocio.narvaez@geograficomilitar.gob.ec<\/a><\/p>\n<\/div>\n\n\n\n<div class=\"wp-block-column is-layout-flow wp-block-column-is-layout-flow\">\n<p><\/p>\n<\/div>\n<\/div>\n\n\n\n<hr class=\"wp-block-separator has-alpha-channel-opacity\"\/>\n\n\n\n<h2 class=\"wp-block-heading has-text-align-left\"><mark style=\"background-color:rgba(0, 0, 0, 0);color:#909090\" class=\"has-inline-color\">Geography <mark style=\"background-color:rgba(0, 0, 0, 0);color:#909090\" class=\"has-inline-color\">Commission<\/mark> <\/mark><\/h2>\n\n\n\n<div class=\"wp-block-columns is-layout-flex wp-container-33 wp-block-columns-is-layout-flex\">\n<div class=\"wp-block-column is-layout-flow wp-block-column-is-layout-flow\">\n<figure class=\"wp-block-image size-full\"><img decoding=\"async\" loading=\"lazy\" width=\"310\" height=\"337\" src=\"https:\/\/www.ipgh.org\/en\/wp-content\/uploads\/2024\/11\/Manrriquez.png\" alt=\"\" class=\"wp-image-9514\" srcset=\"https:\/\/www.ipgh.org\/en\/wp-content\/uploads\/2024\/11\/Manrriquez.png 310w, https:\/\/www.ipgh.org\/en\/wp-content\/uploads\/2024\/11\/Manrriquez-276x300.png 276w\" sizes=\"(max-width: 310px) 100vw, 310px\" \/><\/figure>\n<\/div>\n\n\n\n<div class=\"wp-block-column is-layout-flow wp-block-column-is-layout-flow\">\n<div style=\"height:36px\" aria-hidden=\"true\" class=\"wp-block-spacer\"><\/div>\n\n\n\n<p class=\"has-black-color has-text-color has-link-color wp-elements-fe7fb4ef8723e9d8dd384a7f72c391c8\" style=\"font-size:20px\">Dr. Hermann Manr\u00edquez Tirado<\/p>\n\n\n\n<p class=\"has-black-color has-text-color has-link-color wp-elements-8cacaf025fa55724e5d9eb3ecbc76576\" style=\"font-size:16px\">President<\/p>\n\n\n\n<p style=\"font-size:16px\"><a href=\"mailto:hermann.manriquez@gmail.com\" target=\"_blank\" rel=\"noreferrer noopener\">hermann.manriquez@gmail.com<\/a><\/p>\n\n\n<div class=\"wp-block-image\">\n<figure class=\"alignleft size-full is-resized\"><img decoding=\"async\" loading=\"lazy\" src=\"http:\/\/www.ipgh.org\/en\/wp-content\/uploads\/2022\/09\/05_Chile-1.jpg\" alt=\"\" class=\"wp-image-2288\" style=\"width:95px;height:65px\" width=\"95\" height=\"65\" srcset=\"https:\/\/www.ipgh.org\/en\/wp-content\/uploads\/2022\/09\/05_Chile-1.jpg 381w, https:\/\/www.ipgh.org\/en\/wp-content\/uploads\/2022\/09\/05_Chile-1-300x206.jpg 300w\" sizes=\"(max-width: 95px) 100vw, 95px\" \/><\/figure><\/div><\/div>\n\n\n\n<div class=\"wp-block-column is-layout-flow wp-block-column-is-layout-flow\"><\/div>\n<\/div>\n\n\n\n<div class=\"wp-block-columns is-layout-flex wp-container-37 wp-block-columns-is-layout-flex\">\n<div class=\"wp-block-column is-layout-flow wp-block-column-is-layout-flow\"><div class=\"wp-block-image\">\n<figure class=\"alignright size-full is-resized\"><img decoding=\"async\" src=\"https:\/\/www.ipgh.org\/en\/wp-content\/uploads\/2025\/01\/rodrigo-barriga.jpg\" alt=\"\" class=\"wp-image-10038\" style=\"width:250px\" width=\"250\" srcset=\"https:\/\/www.ipgh.org\/en\/wp-content\/uploads\/2025\/01\/rodrigo-barriga.jpg 310w, https:\/\/www.ipgh.org\/en\/wp-content\/uploads\/2025\/01\/rodrigo-barriga-276x300.jpg 276w\" sizes=\"(max-width: 310px) 100vw, 310px\" \/><\/figure><\/div><\/div>\n\n\n\n<div class=\"wp-block-column is-layout-flow wp-block-column-is-layout-flow\">\n<div style=\"height:25px\" aria-hidden=\"true\" class=\"wp-block-spacer\"><\/div>\n\n\n\n<p><\/p>\n\n\n\n<p class=\"has-black-color has-text-color has-link-color wp-elements-9887b0089a1d6cceda5a866a292d7590\" style=\"font-size:20px\">Dr. Rodrigo Barriga Vargas<\/p>\n\n\n\n<p class=\"has-black-color has-text-color has-link-color wp-elements-69e19537a6947fdcc896f5b52846a170\" style=\"font-size:16px\">Vice President<\/p>\n\n\n\n<p style=\"font-size:16px\"><a href=\"mailto:barriga.rodrigo@gmail.com\" target=\"_blank\" rel=\"noreferrer noopener\">barriga.rodrigo@gmail.com<\/a><\/p>\n<\/div>\n\n\n\n<div class=\"wp-block-column is-layout-flow wp-block-column-is-layout-flow\"><\/div>\n<\/div>\n\n\n\n<hr class=\"wp-block-separator has-alpha-channel-opacity\"\/>\n\n\n\n<h2 class=\"wp-block-heading\"><mark style=\"background-color:rgba(0, 0, 0, 0);color:#909090\" class=\"has-inline-color\">History <mark style=\"background-color:rgba(0, 0, 0, 0);color:#909090\" class=\"has-inline-color\">Commission<\/mark> <\/mark><\/h2>\n\n\n\n<div class=\"wp-block-columns is-layout-flex wp-container-41 wp-block-columns-is-layout-flex\">\n<div class=\"wp-block-column is-layout-flow wp-block-column-is-layout-flow\">\n<figure class=\"wp-block-image size-full\"><img decoding=\"async\" loading=\"lazy\" width=\"310\" height=\"337\" src=\"https:\/\/www.ipgh.org\/en\/wp-content\/uploads\/2024\/11\/Cruz.png\" alt=\"\" class=\"wp-image-9516\" srcset=\"https:\/\/www.ipgh.org\/en\/wp-content\/uploads\/2024\/11\/Cruz.png 310w, https:\/\/www.ipgh.org\/en\/wp-content\/uploads\/2024\/11\/Cruz-276x300.png 276w\" sizes=\"(max-width: 310px) 100vw, 310px\" \/><\/figure>\n<\/div>\n\n\n\n<div class=\"wp-block-column is-layout-flow wp-block-column-is-layout-flow\">\n<div style=\"height:27px\" aria-hidden=\"true\" class=\"wp-block-spacer\"><\/div>\n\n\n\n<p><\/p>\n\n\n\n<p class=\"has-black-color has-text-color has-link-color wp-elements-7fc415d25e43725e2c36485bc9a76a1d\" style=\"font-size:20px\">Dr. Filiberto Cruz S\u00e1nchez<\/p>\n\n\n\n<p class=\"has-black-color has-text-color has-link-color wp-elements-8cacaf025fa55724e5d9eb3ecbc76576\" style=\"font-size:16px\">President<\/p>\n\n\n\n<p style=\"font-size:16px\"><a href=\"mailto:comisiondehistoria.ipgh@gmail.com\" target=\"_blank\" rel=\"noreferrer noopener\">comisiondehistoria.ipgh@gmail.com<\/a><\/p>\n\n\n<div class=\"wp-block-image\">\n<figure class=\"alignleft size-full is-resized\"><img decoding=\"async\" loading=\"lazy\" src=\"http:\/\/www.ipgh.org\/en\/wp-content\/uploads\/2022\/09\/19_Dominicana.jpg\" alt=\"\" class=\"wp-image-2311\" style=\"width:95px;height:65px\" width=\"95\" height=\"65\" srcset=\"https:\/\/www.ipgh.org\/en\/wp-content\/uploads\/2022\/09\/19_Dominicana.jpg 381w, https:\/\/www.ipgh.org\/en\/wp-content\/uploads\/2022\/09\/19_Dominicana-300x206.jpg 300w\" sizes=\"(max-width: 95px) 100vw, 95px\" \/><\/figure><\/div><\/div>\n\n\n\n<div class=\"wp-block-column is-layout-flow wp-block-column-is-layout-flow\"><\/div>\n<\/div>\n\n\n\n<div class=\"wp-block-columns is-layout-flex wp-container-45 wp-block-columns-is-layout-flex\">\n<div class=\"wp-block-column is-layout-flow wp-block-column-is-layout-flow\"><div class=\"wp-block-image\">\n<figure class=\"alignright size-full is-resized\"><img decoding=\"async\" loading=\"lazy\" src=\"https:\/\/www.ipgh.org\/en\/wp-content\/uploads\/2024\/11\/Rosario.png\" alt=\"\" class=\"wp-image-9524\" style=\"width:250px;height:272px\" width=\"250\" height=\"272\" srcset=\"https:\/\/www.ipgh.org\/en\/wp-content\/uploads\/2024\/11\/Rosario.png 310w, https:\/\/www.ipgh.org\/en\/wp-content\/uploads\/2024\/11\/Rosario-276x300.png 276w\" sizes=\"(max-width: 250px) 100vw, 250px\" \/><\/figure><\/div><\/div>\n\n\n\n<div class=\"wp-block-column is-layout-flow wp-block-column-is-layout-flow\">\n<p><\/p>\n\n\n\n<div style=\"height:30px\" aria-hidden=\"true\" class=\"wp-block-spacer\"><\/div>\n\n\n\n<p style=\"font-size:20px\">Dra. Reina Cristina Rosario Fern\u00e1ndez<\/p>\n\n\n\n<p style=\"font-size:16px\">Vice President<\/p>\n\n\n\n<p style=\"font-size:16px\"><a href=\"mailto:reinacrf@gmail.com\" target=\"_blank\" rel=\"noreferrer noopener\">reinacrf@gmail.com<\/a><\/p>\n<\/div>\n\n\n\n<div class=\"wp-block-column is-layout-flow wp-block-column-is-layout-flow\"><\/div>\n<\/div>\n\n\n\n<hr class=\"wp-block-separator has-alpha-channel-opacity\"\/>\n\n\n\n<h2 class=\"wp-block-heading\"><mark style=\"background-color:rgba(0, 0, 0, 0);color:#909090\" class=\"has-inline-color\">Geophysics <mark style=\"background-color:rgba(0, 0, 0, 0);color:#909090\" class=\"has-inline-color\">Commission<\/mark> <\/mark> <\/h2>\n\n\n\n<div class=\"wp-block-columns is-layout-flex wp-container-49 wp-block-columns-is-layout-flex\">\n<div class=\"wp-block-column is-layout-flow wp-block-column-is-layout-flow\">\n<figure class=\"wp-block-image size-full\"><img decoding=\"async\" loading=\"lazy\" width=\"310\" height=\"337\" src=\"https:\/\/www.ipgh.org\/en\/wp-content\/uploads\/2025\/10\/Mora.png\" alt=\"\" class=\"wp-image-11760\" srcset=\"https:\/\/www.ipgh.org\/en\/wp-content\/uploads\/2025\/10\/Mora.png 310w, https:\/\/www.ipgh.org\/en\/wp-content\/uploads\/2025\/10\/Mora-276x300.png 276w\" sizes=\"(max-width: 310px) 100vw, 310px\" \/><\/figure>\n<\/div>\n\n\n\n<div class=\"wp-block-column is-layout-flow wp-block-column-is-layout-flow\">\n<p><\/p>\n\n\n\n<div style=\"height:31px\" aria-hidden=\"true\" class=\"wp-block-spacer\"><\/div>\n\n\n\n<p class=\"has-black-color has-text-color has-link-color has-medium-font-size wp-elements-bca80c84d2db4820351407373d406b29\">Ing. H\u00e9ctor Mora P\u00e1ez<\/p>\n\n\n\n<p class=\"has-black-color has-text-color has-link-color wp-elements-8cacaf025fa55724e5d9eb3ecbc76576\" style=\"font-size:16px\">President<\/p>\n\n\n\n<p style=\"font-size:16px\"><a href=\"mailto:hector.mora@igac.gov.co\">hector.mora@igac.gov.co<\/a><\/p>\n\n\n\n<figure class=\"wp-block-image size-full is-resized\"><img decoding=\"async\" loading=\"lazy\" src=\"https:\/\/www.ipgh.org\/en\/wp-content\/uploads\/2022\/09\/06_Colombia.jpg\" alt=\"\" class=\"wp-image-2298\" style=\"width:99px;height:67px\" width=\"99\" height=\"67\" srcset=\"https:\/\/www.ipgh.org\/en\/wp-content\/uploads\/2022\/09\/06_Colombia.jpg 381w, https:\/\/www.ipgh.org\/en\/wp-content\/uploads\/2022\/09\/06_Colombia-300x206.jpg 300w\" sizes=\"(max-width: 99px) 100vw, 99px\" \/><\/figure>\n<\/div>\n\n\n\n<div class=\"wp-block-column is-layout-flow wp-block-column-is-layout-flow\"><\/div>\n<\/div>\n\n\n\n<div class=\"wp-block-columns is-layout-flex wp-container-53 wp-block-columns-is-layout-flex\">\n<div class=\"wp-block-column is-layout-flow wp-block-column-is-layout-flow\"><div class=\"wp-block-image\">\n<figure class=\"alignright size-full is-resized\"><img decoding=\"async\" loading=\"lazy\" src=\"https:\/\/www.ipgh.org\/en\/wp-content\/uploads\/2025\/10\/idarraga.png\" alt=\"\" class=\"wp-image-11761\" style=\"width:250px;height:272px\" width=\"250\" height=\"272\" srcset=\"https:\/\/www.ipgh.org\/en\/wp-content\/uploads\/2025\/10\/idarraga.png 310w, https:\/\/www.ipgh.org\/en\/wp-content\/uploads\/2025\/10\/idarraga-276x300.png 276w\" sizes=\"(max-width: 250px) 100vw, 250px\" \/><\/figure><\/div><\/div>\n\n\n\n<div class=\"wp-block-column is-layout-flow wp-block-column-is-layout-flow\">\n<div style=\"height:34px\" aria-hidden=\"true\" class=\"wp-block-spacer\"><\/div>\n\n\n\n<p class=\"has-black-color has-text-color has-link-color has-medium-font-size wp-elements-77635bcdb1ad549b355a5472ab68e9f5\">Prof. Javier Id\u00e1rraga Garc\u00eda<\/p>\n\n\n\n<p class=\"has-black-color has-text-color has-link-color wp-elements-69e19537a6947fdcc896f5b52846a170\" style=\"font-size:16px\">Vice President<\/p>\n\n\n\n<p style=\"font-size:16px\"><a href=\"mailto:javier.idarraga@uptc.edu.co\">javier.idarraga@uptc.edu.co<\/a><\/p>\n<\/div>\n\n\n\n<div class=\"wp-block-column is-layout-flow wp-block-column-is-layout-flow\"><\/div>\n<\/div>\n","protected":false},"excerpt":{"rendered":"<p>MSc. Max Alberto Lobo Hern\u00e1ndez President malobo.igncr@gmail.com Dra. Deirdre Dalpiaz Bishop Vice President deirdre.dalpiaz.bishop@census.gov Mtro. Antonio Campuzano Rosales General Secretary antonio.campuzano@ipgh.org Cartography Commission Dra. Martha Paola Villagomez Orozco President martha.villagomez@geograficomilitar.gob.ec Dra. Roc\u00edo Germania Narv\u00e1ez Benalc\u00e1zar Vice President rocio.narvaez@geograficomilitar.gob.ec Geography Commission Dr. Hermann Manr\u00edquez Tirado President hermann.manriquez@gmail.com Dr. Rodrigo Barriga Vargas Vice President barriga.rodrigo@gmail.com History Commission <a class=\"read-more\" href=\"https:\/\/www.ipgh.org\/en\/?page_id=438\">READ MORE<\/a><\/p>\n","protected":false},"author":1,"featured_media":0,"parent":340,"menu_order":1,"comment_status":"closed","ping_status":"closed","template":"template-full-width.php","meta":{"footnotes":""},"_links":{"self":[{"href":"https:\/\/www.ipgh.org\/en\/index.php?rest_route=\/wp\/v2\/pages\/438"}],"collection":[{"href":"https:\/\/www.ipgh.org\/en\/index.php?rest_route=\/wp\/v2\/pages"}],"about":[{"href":"https:\/\/www.ipgh.org\/en\/index.php?rest_route=\/wp\/v2\/types\/page"}],"author":[{"embeddable":true,"href":"https:\/\/www.ipgh.org\/en\/index.php?rest_route=\/wp\/v2\/users\/1"}],"replies":[{"embeddable":true,"href":"https:\/\/www.ipgh.org\/en\/index.php?rest_route=%2Fwp%2Fv2%2Fcomments&post=438"}],"version-history":[{"count":343,"href":"https:\/\/www.ipgh.org\/en\/index.php?rest_route=\/wp\/v2\/pages\/438\/revisions"}],"predecessor-version":[{"id":11765,"href":"https:\/\/www.ipgh.org\/en\/index.php?rest_route=\/wp\/v2\/pages\/438\/revisions\/11765"}],"up":[{"embeddable":true,"href":"https:\/\/www.ipgh.org\/en\/index.php?rest_route=\/wp\/v2\/pages\/340"}],"wp:attachment":[{"href":"https:\/\/www.ipgh.org\/en\/index.php?rest_route=%2Fwp%2Fv2%2Fmedia&parent=438"}],"curies":[{"name":"wp","href":"https:\/\/api.w.org\/{rel}","templated":true}]}}