{"id":444,"date":"2022-08-18T03:15:13","date_gmt":"2022-08-18T08:15:13","guid":{"rendered":"http:\/\/www.ipgh.org\/en\/?page_id=444"},"modified":"2025-08-26T09:33:23","modified_gmt":"2025-08-26T15:33:23","slug":"observadores-permanentes","status":"publish","type":"page","link":"https:\/\/www.ipgh.org\/en\/?page_id=444","title":{"rendered":"Permanent Observers"},"content":{"rendered":"\n<p style=\"font-size:18px\">Pueden solicitar la condici\u00f3n de Estado Observador Permanente del IPGH aquellos Estados propuestos por un Estado Miembro con derecho a voto, o por la Secretar\u00eda General del IPGH.<\/p>\n\n\n\n<p style=\"font-size:18px\">La creaci\u00f3n de la condici\u00f3n de Observador Permanente fue aprobada en 1993, por la Resoluci\u00f3n XV de la XV Asamblea General.<\/p>\n\n\n\n<p style=\"font-size:18px\">En 1991, Jamaica fue nombrado el primer Estado Observador del IPGH por Resoluci\u00f3n aprobada por la XXVIII Reuni\u00f3n del Consejo Directivo de Aguascalientes, M\u00e9xico.<\/p>\n\n\n\n<p style=\"font-size:18px\">En 1994, en la XXX Reuni\u00f3n del Consejo Directivo, fue autorizada la incorporaci\u00f3n del Reino de Espa\u00f1a bajo esta condici\u00f3n.<\/p>\n\n\n\n<p style=\"font-size:18px\">Por su parte, en 1997, el Estado de Israel y la Rep\u00fablica francesa ingresaron al IPGH, por la Resoluci\u00f3n VII de la XVI Asamblea General.<\/p>\n\n\n\n<p style=\"font-size:18px\">Finalmente, en la XLIX Reuni\u00f3n del Consejo Directivo del 2019, fue autorizado el ingreso de la Rep\u00fablica de Corea como Estado Observador Permanente del IPGH.<\/p>\n\n\n\n<figure class=\"wp-block-image size-full\"><img decoding=\"async\" loading=\"lazy\" width=\"1024\" height=\"176\" src=\"https:\/\/www.ipgh.org\/en\/wp-content\/uploads\/2025\/08\/PermanentObservers.png\" alt=\"\" class=\"wp-image-10998\" srcset=\"https:\/\/www.ipgh.org\/en\/wp-content\/uploads\/2025\/08\/PermanentObservers.png 1024w, https:\/\/www.ipgh.org\/en\/wp-content\/uploads\/2025\/08\/PermanentObservers-300x52.png 300w, https:\/\/www.ipgh.org\/en\/wp-content\/uploads\/2025\/08\/PermanentObservers-768x132.png 768w\" sizes=\"(max-width: 1024px) 100vw, 1024px\" \/><\/figure>\n","protected":false},"excerpt":{"rendered":"<p>Pueden solicitar la condici\u00f3n de Estado Observador Permanente del IPGH aquellos Estados propuestos por un Estado Miembro con derecho a voto, o por la Secretar\u00eda General del IPGH. La creaci\u00f3n de la condici\u00f3n de Observador Permanente fue aprobada en 1993, por la Resoluci\u00f3n XV de la XV Asamblea General. En 1991, Jamaica fue nombrado el <a class=\"read-more\" href=\"https:\/\/www.ipgh.org\/en\/?page_id=444\">READ MORE<\/a><\/p>\n","protected":false},"author":1,"featured_media":0,"parent":337,"menu_order":6,"comment_status":"closed","ping_status":"closed","template":"","meta":{"footnotes":""},"_links":{"self":[{"href":"https:\/\/www.ipgh.org\/en\/index.php?rest_route=\/wp\/v2\/pages\/444"}],"collection":[{"href":"https:\/\/www.ipgh.org\/en\/index.php?rest_route=\/wp\/v2\/pages"}],"about":[{"href":"https:\/\/www.ipgh.org\/en\/index.php?rest_route=\/wp\/v2\/types\/page"}],"author":[{"embeddable":true,"href":"https:\/\/www.ipgh.org\/en\/index.php?rest_route=\/wp\/v2\/users\/1"}],"replies":[{"embeddable":true,"href":"https:\/\/www.ipgh.org\/en\/index.php?rest_route=%2Fwp%2Fv2%2Fcomments&post=444"}],"version-history":[{"count":14,"href":"https:\/\/www.ipgh.org\/en\/index.php?rest_route=\/wp\/v2\/pages\/444\/revisions"}],"predecessor-version":[{"id":10999,"href":"https:\/\/www.ipgh.org\/en\/index.php?rest_route=\/wp\/v2\/pages\/444\/revisions\/10999"}],"up":[{"embeddable":true,"href":"https:\/\/www.ipgh.org\/en\/index.php?rest_route=\/wp\/v2\/pages\/337"}],"wp:attachment":[{"href":"https:\/\/www.ipgh.org\/en\/index.php?rest_route=%2Fwp%2Fv2%2Fmedia&parent=444"}],"curies":[{"name":"wp","href":"https:\/\/api.w.org\/{rel}","templated":true}]}}