{"id":4471,"date":"2022-12-09T08:29:24","date_gmt":"2022-12-09T14:29:24","guid":{"rendered":"https:\/\/www.ipgh.org\/en\/?page_id=4471"},"modified":"2024-02-15T10:47:47","modified_gmt":"2024-02-15T16:47:47","slug":"pat-2023","status":"publish","type":"page","link":"https:\/\/www.ipgh.org\/en\/?page_id=4471","title":{"rendered":"PAT 2023"},"content":{"rendered":"\n<div style=\"height:50px\" aria-hidden=\"true\" class=\"wp-block-spacer\"><\/div>\n\n\n\n<div class=\"wp-block-buttons is-content-justification-center is-layout-flex wp-container-1 wp-block-buttons-is-layout-flex\">\n<div class=\"wp-block-button has-custom-width wp-block-button__width-25 has-custom-font-size\" style=\"font-size:18px\"><a class=\"wp-block-button__link has-background has-text-align-center wp-element-button\" href=\"https:\/\/www.ipgh.org\/en\/wp-content\/uploads\/2023\/02\/PAT-2023_Lineamientos_Grales-3.pdf\" style=\"border-radius:15px;background-color:#233364;padding-top:var(--wp--preset--spacing--50);padding-right:var(--wp--preset--spacing--50);padding-bottom:var(--wp--preset--spacing--50);padding-left:var(--wp--preset--spacing--50)\" target=\"_blank\" rel=\"noreferrer noopener\"><strong>Lineamientos <\/strong><br><strong>generales<\/strong><\/a><\/div>\n\n\n\n<div class=\"wp-block-button has-custom-width wp-block-button__width-25 has-custom-font-size\" style=\"font-size:18px\"><a class=\"wp-block-button__link has-background wp-element-button\" href=\"https:\/\/www.ipgh.org\/en\/wp-content\/uploads\/2023\/02\/PAT-2023_Carta-Compromiso_Lineamientos.docx\" style=\"border-radius:15px;background-color:#233364;padding-top:var(--wp--preset--spacing--50);padding-right:var(--wp--preset--spacing--50);padding-bottom:var(--wp--preset--spacing--50);padding-left:var(--wp--preset--spacing--50)\" target=\"_blank\" rel=\"noreferrer noopener\"><strong>Carta<\/strong><br><strong> compromiso<\/strong><\/a><\/div>\n\n\n\n<div class=\"wp-block-button has-custom-width wp-block-button__width-25 has-custom-font-size\" style=\"font-size:18px\"><a class=\"wp-block-button__link has-background wp-element-button\" href=\"https:\/\/www.ipgh.org\/en\/wp-content\/uploads\/2023\/02\/PAT-2023_Solicitud-de-Fondos-Aprobados-3.docx\" style=\"border-radius:15px;background-color:#233364;padding-top:var(--wp--preset--spacing--50);padding-right:var(--wp--preset--spacing--50);padding-bottom:var(--wp--preset--spacing--50);padding-left:var(--wp--preset--spacing--50)\" target=\"_blank\" rel=\"noreferrer noopener\"><strong>Solicitud de <\/strong><br><strong>desembolso<\/strong><\/a><\/div>\n\n\n\n<div class=\"wp-block-button has-custom-width wp-block-button__width-25 has-custom-font-size\" style=\"font-size:18px\"><a class=\"wp-block-button__link has-background wp-element-button\" href=\"https:\/\/www.ipgh.org\/en\/wp-content\/uploads\/2023\/02\/Formato-Desglose-Rendicion-de-Cuentas-1.docx\" style=\"border-radius:15px;background-color:#233364;padding-top:var(--wp--preset--spacing--50);padding-right:var(--wp--preset--spacing--50);padding-bottom:var(--wp--preset--spacing--50);padding-left:var(--wp--preset--spacing--50)\" target=\"_blank\" rel=\"noreferrer noopener\"><strong>Formato para <\/strong><br><strong>Rendici\u00f3n de Cuentas<\/strong><\/a><\/div>\n<\/div>\n\n\n\n<div style=\"height:50px\" aria-hidden=\"true\" class=\"wp-block-spacer\"><\/div>\n\n\n\n<p class=\"has-text-align-center has-white-color has-text-color has-background has-medium-font-size\" style=\"background-color:#ff6600\"><strong>Proyectos de Asistencia T\u00e9cnica aprobados para el a\u00f1o 2023 <\/strong><\/p>\n\n\n\n<figure class=\"wp-block-table is-style-stripes\" style=\"font-size:15px\"><table class=\"has-fixed-layout\"><tbody><tr><td class=\"has-text-align-center\" data-align=\"center\"><em><strong>    Id.        <\/strong><\/em>                 <\/td><td class=\"has-text-align-left\" data-align=\"left\">    <em><strong>Pa\u00eds\/<\/strong><\/em><em><strong>Pa\u00edses                                                                                                                                                                                                        <\/strong><\/em><br>  <em><strong>participantes<\/strong><\/em>                         <\/td><td class=\"has-text-align-left\" data-align=\"left\"><em><strong>Proyecto<\/strong><\/em><\/td><td class=\"has-text-align-center\" data-align=\"center\"><em><strong>Responsable<\/strong><\/em><\/td><td class=\"has-text-align-center\" data-align=\"center\"><em><strong>Tipo de iniciativa<\/strong><\/em><\/td><td class=\"has-text-align-center\" data-align=\"center\"><em><strong>Comisi\u00f3n<\/strong><\/em><\/td><td class=\"has-text-align-center\" data-align=\"center\"><em><strong>Aporte por Comisi\u00f3n<\/strong><\/em><\/td><td class=\"has-text-align-center\" data-align=\"center\"><em><strong>Total <\/strong><\/em><br><em><strong>USD<\/strong><\/em><\/td><\/tr><tr><td class=\"has-text-align-center\" data-align=\"center\">CART 01<br><br>GEOF 01<\/td><td class=\"has-text-align-left\" data-align=\"left\"><strong>Argentina <\/strong>\/ Bolivia, Chile, Colombia, Estados Unidos, Rep\u00fablica Dominicana, Uruguay<\/td><td class=\"has-text-align-left\" data-align=\"left\">SIRGAS 2023: marco de referencia geod\u00e9sico para el desarrollo sostenible de las Am\u00e9ricas<\/td><td class=\"has-text-align-center\" data-align=\"center\">Diego Alejandro Pi\u00f1\u00f3n<\/td><td class=\"has-text-align-center\" data-align=\"center\">Capacitaci\u00f3n<\/td><td class=\"has-text-align-center\" data-align=\"center\">Cartograf\u00eda<br><br> Geof\u00edsica<\/td><td class=\"has-text-align-center\" data-align=\"center\">9,000<br><br>4,000<\/td><td class=\"has-text-align-center\" data-align=\"center\">13,000<\/td><\/tr><tr><td class=\"has-text-align-center\" data-align=\"center\">HIST 01<\/td><td class=\"has-text-align-left\" data-align=\"left\"><strong>Argentina<\/strong> \/ Chile, M\u00e9xico<\/td><td class=\"has-text-align-left\" data-align=\"left\">Mujeres entre la guerra y la paz: pacifistas y mediadoras latinoamericanas, 1898-1945<\/td><td class=\"has-text-align-center\" data-align=\"center\">Paula Bruno<\/td><td class=\"has-text-align-center\" data-align=\"center\">Investigaci\u00f3n<\/td><td class=\"has-text-align-center\" data-align=\"center\">Historia<\/td><td class=\"has-text-align-center\" data-align=\"center\">5,000<\/td><td class=\"has-text-align-center\" data-align=\"center\">5,000<\/td><\/tr><tr><td class=\"has-text-align-center\" data-align=\"center\">HIST 02<\/td><td class=\"has-text-align-left\" data-align=\"left\"><strong>Argentina<\/strong> \/ Brasil, Estados Unidos, M\u00e9xico, Uruguay<\/td><td class=\"has-text-align-left\" data-align=\"left\">\u00bfV\u00edctimas o victimarios? Reflexiones, miradas y propuestas sobre la exclusi\u00f3n y la vulnerabilidad en Iberoam\u00e9rica. De-construyendo la desigualdad y fortaleciendo identidades<\/td><td class=\"has-text-align-center\" data-align=\"center\">Sandra Olivero Guidobono<\/td><td class=\"has-text-align-center\" data-align=\"center\">Investigaci\u00f3n<\/td><td class=\"has-text-align-center\" data-align=\"center\">Historia<\/td><td class=\"has-text-align-center\" data-align=\"center\">6,000<\/td><td class=\"has-text-align-center\" data-align=\"center\">6,000<\/td><\/tr><tr><td class=\"has-text-align-center\" data-align=\"center\">CART 02<br><br>GEOG 01<\/td><td class=\"has-text-align-left\" data-align=\"left\"><strong>Chile<\/strong> \/ Brasil, Colombia, Estados Unidos, Panam\u00e1, Paraguay, Per\u00fa, Rep\u00fablica Dominicana, Uruguay<\/td><td class=\"has-text-align-left\" data-align=\"left\">Propuesta de un banco de im\u00e1genes, para ser impresas en relieve en las aulas TIC a trav\u00e9s de horno Fuser, como apoyo a la formaci\u00f3n de los estudiantes con discapacidad visual en el contexto de los Objetivos del Desarrollo Sustentable 2030 (ODS)<\/td><td class=\"has-text-align-center\" data-align=\"center\">Enrique P\u00e9rez de Prada<\/td><td class=\"has-text-align-center\" data-align=\"center\">Investigaci\u00f3n<\/td><td class=\"has-text-align-center\" data-align=\"center\">Cartograf\u00eda<br><br>Geograf\u00eda<\/td><td class=\"has-text-align-center\" data-align=\"center\">6,000<br><br>6,875<\/td><td class=\"has-text-align-center\" data-align=\"center\">12,875<\/td><\/tr><tr><td class=\"has-text-align-center\" data-align=\"center\">GEOF 02 <\/td><td class=\"has-text-align-left\" data-align=\"left\"><strong>Colombia<\/strong> \/ Ecuador, Per\u00fa<\/td><td class=\"has-text-align-left\" data-align=\"left\">GeoSimposio: Geodesia y Geof\u00edsica para el desarrollo sostenible y cient\u00edfico 2023<\/td><td class=\"has-text-align-center\" data-align=\"center\">Daniela Andrea Hern\u00e1ndez Beltr\u00e1n<\/td><td class=\"has-text-align-center\" data-align=\"center\">Capacitaci\u00f3n<\/td><td class=\"has-text-align-center\" data-align=\"center\">Geof\u00edsica<\/td><td class=\"has-text-align-center\" data-align=\"center\">7,000<\/td><td class=\"has-text-align-center\" data-align=\"center\">7,000<\/td><\/tr><tr><td class=\"has-text-align-center\" data-align=\"center\">GEOF 03<\/td><td class=\"has-text-align-left\" data-align=\"left\"><strong>Costa Rica <\/strong>\/ El Salvador, Honduras, Panam\u00e1<\/td><td class=\"has-text-align-left\" data-align=\"left\">Riesgo de inundaciones a escala de cuencas y municipios en Am\u00e9rica Central<\/td><td class=\"has-text-align-center\" data-align=\"center\">Adolfo Quesada Rom\u00e1n<\/td><td class=\"has-text-align-center\" data-align=\"center\">Investigaci\u00f3n<\/td><td class=\"has-text-align-center\" data-align=\"center\">Geof\u00edsica<\/td><td class=\"has-text-align-center\" data-align=\"center\">6,000<\/td><td class=\"has-text-align-center\" data-align=\"center\">6,000<\/td><\/tr><tr><td class=\"has-text-align-center\" data-align=\"center\">GEOG 02<\/td><td class=\"has-text-align-left\" data-align=\"left\"><strong>Ecuador<\/strong> \/ Argentina, Per\u00fa<\/td><td class=\"has-text-align-left\" data-align=\"left\">Evaluaci\u00f3n de los conflictos socioambientales y sus impactos en los territorios de pueblos y comunidades ind\u00edgenas de Am\u00e9rica Latina, en la era post COVID-19<\/td><td class=\"has-text-align-center\" data-align=\"center\">Giannina Zamora Acosta<\/td><td class=\"has-text-align-center\" data-align=\"center\">Investigaci\u00f3n<\/td><td class=\"has-text-align-center\" data-align=\"center\">Geograf\u00eda<\/td><td class=\"has-text-align-center\" data-align=\"center\">6,075<\/td><td class=\"has-text-align-center\" data-align=\"center\">6,075<\/td><\/tr><tr><td class=\"has-text-align-center\" data-align=\"center\">GEOF-04<\/td><td class=\"has-text-align-left\" data-align=\"left\"><strong>Ecuador<\/strong> \/ Chile, Colombia<\/td><td class=\"has-text-align-left\" data-align=\"left\">An\u00e1lisis estad\u00edstico de simulaciones num\u00e9ricas de dispersi\u00f3n y ca\u00edda de ceniza, para la estimaci\u00f3n espaciotemporal del impacto econ\u00f3mico en la regi\u00f3n Andina, caso de estudio Ecuador, Colombia y Chile<\/td><td class=\"has-text-align-center\" data-align=\"center\">Fernando Pav\u00f3n<\/td><td class=\"has-text-align-center\" data-align=\"center\">Investigaci\u00f3n<\/td><td class=\"has-text-align-center\" data-align=\"center\">Geof\u00edsica<\/td><td class=\"has-text-align-center\" data-align=\"center\">7,900<\/td><td class=\"has-text-align-center\" data-align=\"center\">7,900<\/td><\/tr><tr><td class=\"has-text-align-center\" data-align=\"center\">CART-03<\/td><td class=\"has-text-align-left\" data-align=\"left\"><strong>Honduras<\/strong> \/ El Salvador<\/td><td class=\"has-text-align-left\" data-align=\"left\">Atlas geogr\u00e1fico interactivo para ni\u00f1os de Honduras\u2013El Salvador para la conformaci\u00f3n de indicadores de identidad territorial<\/td><td class=\"has-text-align-center\" data-align=\"center\">Nancy Karolina Martinez<\/td><td class=\"has-text-align-center\" data-align=\"center\">Investigaci\u00f3n<\/td><td class=\"has-text-align-center\" data-align=\"center\">Cartograf\u00eda<\/td><td class=\"has-text-align-center\" data-align=\"center\">6,300<\/td><td class=\"has-text-align-center\" data-align=\"center\">6,300<\/td><\/tr><tr><td class=\"has-text-align-center\" data-align=\"center\">HIST-03<\/td><td class=\"has-text-align-left\" data-align=\"left\"><strong>M\u00e9xico<\/strong> \/ Bolivia<\/td><td class=\"has-text-align-left\" data-align=\"left\">La relaci\u00f3n bilateral entre M\u00e9xico y Bolivia. 190 a\u00f1os de encuentros<\/td><td class=\"has-text-align-center\" data-align=\"center\">Jos\u00e9 Crespo Fern\u00e1ndez<\/td><td class=\"has-text-align-center\" data-align=\"center\">Investigaci\u00f3n<\/td><td class=\"has-text-align-center\" data-align=\"center\">Historia<\/td><td class=\"has-text-align-center\" data-align=\"center\">6,000<\/td><td class=\"has-text-align-center\" data-align=\"center\">6,000<\/td><\/tr><tr><td class=\"has-text-align-center\" data-align=\"center\">HIST-04<\/td><td class=\"has-text-align-left\" data-align=\"left\"><strong>Paraguay<\/strong> \/ Argentina, Chile, Uruguay<\/td><td class=\"has-text-align-left\" data-align=\"left\">Configuraci\u00f3n hist\u00f3rica de la regi\u00f3n del R\u00edo de la Plata durante los siglos XVI y XVII. Actores, procesos y espacios<\/td><td class=\"has-text-align-center\" data-align=\"center\">An\u00edbal Herib Caballero Campos<\/td><td class=\"has-text-align-center\" data-align=\"center\">Investigaci\u00f3n<\/td><td class=\"has-text-align-center\" data-align=\"center\">Historia<\/td><td class=\"has-text-align-center\" data-align=\"center\">4,000<\/td><td class=\"has-text-align-center\" data-align=\"center\">4,000<\/td><\/tr><tr><td class=\"has-text-align-center\" data-align=\"center\">GEOG-03<\/td><td class=\"has-text-align-left\" data-align=\"left\"><strong>Rep\u00fablica Dominicana<\/strong> \/ Colombia<\/td><td class=\"has-text-align-left\" data-align=\"left\">Identificaci\u00f3n de las materias en suspensi\u00f3n y validaci\u00f3n de la metodolog\u00eda de caracterizaci\u00f3n de los contaminantes del embalse de la presa de Hatillo por an\u00e1lisis hiperespectral de reflectancia<\/td><td class=\"has-text-align-center\" data-align=\"center\">Martin Rapilly<\/td><td class=\"has-text-align-center\" data-align=\"center\">Investigaci\u00f3n<\/td><td class=\"has-text-align-center\" data-align=\"center\">Geograf\u00eda<\/td><td class=\"has-text-align-center\" data-align=\"center\">6,875<\/td><td class=\"has-text-align-center\" data-align=\"center\">6,875<\/td><\/tr><tr><td class=\"has-text-align-center\" data-align=\"center\">GEOG-04<\/td><td class=\"has-text-align-left\" data-align=\"left\"><strong>Uruguay<\/strong> \/ Chile, Colombia, M\u00e9xico<\/td><td class=\"has-text-align-left\" data-align=\"left\">Geoalfabetizaci\u00f3n mediante la utilizaci\u00f3n de Tecnolog\u00edas de la Informaci\u00f3n Geogr\u00e1fica<\/td><td class=\"has-text-align-center\" data-align=\"center\">Sergio Acosta y Lara<\/td><td class=\"has-text-align-center\" data-align=\"center\">Investigaci\u00f3n<\/td><td class=\"has-text-align-center\" data-align=\"center\">Geograf\u00eda<\/td><td class=\"has-text-align-center\" data-align=\"center\">5,075<\/td><td class=\"has-text-align-center\" data-align=\"center\">5,075<\/td><\/tr><\/tbody><\/table><\/figure>\n","protected":false},"excerpt":{"rendered":"<p>Proyectos de Asistencia T\u00e9cnica aprobados para el a\u00f1o 2023 Id. Pa\u00eds\/Pa\u00edses participantes Proyecto Responsable Tipo de iniciativa Comisi\u00f3n Aporte por Comisi\u00f3n Total USD CART 01 GEOF 01 Argentina \/ Bolivia, Chile, Colombia, Estados Unidos, Rep\u00fablica Dominicana, Uruguay SIRGAS 2023: marco de referencia geod\u00e9sico para el desarrollo sostenible de las Am\u00e9ricas Diego Alejandro Pi\u00f1\u00f3n Capacitaci\u00f3n Cartograf\u00eda <a class=\"read-more\" href=\"https:\/\/www.ipgh.org\/en\/?page_id=4471\">READ MORE<\/a><\/p>\n","protected":false},"author":1,"featured_media":0,"parent":542,"menu_order":1,"comment_status":"closed","ping_status":"closed","template":"","meta":{"footnotes":""},"_links":{"self":[{"href":"https:\/\/www.ipgh.org\/en\/index.php?rest_route=\/wp\/v2\/pages\/4471"}],"collection":[{"href":"https:\/\/www.ipgh.org\/en\/index.php?rest_route=\/wp\/v2\/pages"}],"about":[{"href":"https:\/\/www.ipgh.org\/en\/index.php?rest_route=\/wp\/v2\/types\/page"}],"author":[{"embeddable":true,"href":"https:\/\/www.ipgh.org\/en\/index.php?rest_route=\/wp\/v2\/users\/1"}],"replies":[{"embeddable":true,"href":"https:\/\/www.ipgh.org\/en\/index.php?rest_route=%2Fwp%2Fv2%2Fcomments&post=4471"}],"version-history":[{"count":16,"href":"https:\/\/www.ipgh.org\/en\/index.php?rest_route=\/wp\/v2\/pages\/4471\/revisions"}],"predecessor-version":[{"id":5010,"href":"https:\/\/www.ipgh.org\/en\/index.php?rest_route=\/wp\/v2\/pages\/4471\/revisions\/5010"}],"up":[{"embeddable":true,"href":"https:\/\/www.ipgh.org\/en\/index.php?rest_route=\/wp\/v2\/pages\/542"}],"wp:attachment":[{"href":"https:\/\/www.ipgh.org\/en\/index.php?rest_route=%2Fwp%2Fv2%2Fmedia&parent=4471"}],"curies":[{"name":"wp","href":"https:\/\/api.w.org\/{rel}","templated":true}]}}