{"id":5133,"date":"2023-03-01T15:42:58","date_gmt":"2023-03-01T21:42:58","guid":{"rendered":"https:\/\/www.ipgh.org\/en\/?page_id=5133"},"modified":"2025-08-28T14:36:51","modified_gmt":"2025-08-28T20:36:51","slug":"comision-de-geografia","status":"publish","type":"page","link":"https:\/\/www.ipgh.org\/en\/?page_id=5133","title":{"rendered":"Comisi\u00f3n de Geograf\u00eda"},"content":{"rendered":"\n<p class=\"has-white-color has-luminous-vivid-orange-background-color has-text-color has-background has-medium-font-size\" style=\"padding-top:var(--wp--preset--spacing--30);padding-right:var(--wp--preset--spacing--30);padding-bottom:var(--wp--preset--spacing--30);padding-left:var(--wp--preset--spacing--30)\"><strong>Autoridades<\/strong><\/p>\n\n\n\n<div class=\"wp-block-columns is-layout-flex wp-container-9 wp-block-columns-is-layout-flex\">\n<div class=\"wp-block-column is-layout-flow wp-block-column-is-layout-flow\">\n<div class=\"wp-block-columns is-layout-flex wp-container-3 wp-block-columns-is-layout-flex\">\n<div class=\"wp-block-column is-layout-flow wp-block-column-is-layout-flow\">\n<figure class=\"wp-block-image size-full\"><img decoding=\"async\" loading=\"lazy\" width=\"310\" height=\"337\" src=\"https:\/\/www.ipgh.org\/en\/wp-content\/uploads\/2025\/04\/Manrriquez.png\" alt=\"\" class=\"wp-image-10652\" srcset=\"https:\/\/www.ipgh.org\/en\/wp-content\/uploads\/2025\/04\/Manrriquez.png 310w, https:\/\/www.ipgh.org\/en\/wp-content\/uploads\/2025\/04\/Manrriquez-276x300.png 276w\" sizes=\"(max-width: 310px) 100vw, 310px\" \/><\/figure>\n<\/div>\n\n\n\n<div class=\"wp-block-column is-layout-flow wp-block-column-is-layout-flow\">\n<div style=\"height:36px\" aria-hidden=\"true\" class=\"wp-block-spacer\"><\/div>\n\n\n\n<p class=\"has-text-align-left has-medium-font-size\"><strong>President<\/strong><\/p>\n\n\n\n<p class=\"has-text-align-left has-medium-font-size\">Hermann Manr\u00edquez Tirado<\/p>\n\n\n\n<p class=\"has-medium-font-size\"><a href=\"mailto:hermann.manriquez@gmail.com\"><em>hermann.manriquez@gmail.com<\/em><\/a><\/p>\n<\/div>\n<\/div>\n<\/div>\n\n\n\n<div class=\"wp-block-column is-layout-flow wp-block-column-is-layout-flow\">\n<div class=\"wp-block-columns is-layout-flex wp-container-7 wp-block-columns-is-layout-flex\">\n<div class=\"wp-block-column is-layout-flow wp-block-column-is-layout-flow\">\n<figure class=\"wp-block-image size-full\"><img decoding=\"async\" loading=\"lazy\" width=\"310\" height=\"337\" src=\"https:\/\/www.ipgh.org\/en\/wp-content\/uploads\/2025\/04\/rodrigo-barriga.jpg\" alt=\"\" class=\"wp-image-10651\" srcset=\"https:\/\/www.ipgh.org\/en\/wp-content\/uploads\/2025\/04\/rodrigo-barriga.jpg 310w, https:\/\/www.ipgh.org\/en\/wp-content\/uploads\/2025\/04\/rodrigo-barriga-276x300.jpg 276w\" sizes=\"(max-width: 310px) 100vw, 310px\" \/><\/figure>\n<\/div>\n\n\n\n<div class=\"wp-block-column is-layout-flow wp-block-column-is-layout-flow\">\n<div style=\"height:35px\" aria-hidden=\"true\" class=\"wp-block-spacer\"><\/div>\n\n\n\n<p class=\"has-text-align-left has-medium-font-size\"><strong>Vice President<\/strong><\/p>\n\n\n\n<p class=\"has-medium-font-size\">Rodrigo Barriga Vargas<\/p>\n\n\n\n<p class=\"has-medium-font-size\"><a href=\"mailto:barriga.rodrigo@gmail.com\"><em>barriga.rodrigo@gmail.com<\/em><\/a><\/p>\n<\/div>\n<\/div>\n<\/div>\n<\/div>\n\n\n\n<p class=\"has-white-color has-luminous-vivid-orange-background-color has-text-color has-background has-medium-font-size\" style=\"padding-top:var(--wp--preset--spacing--30);padding-right:var(--wp--preset--spacing--30);padding-bottom:var(--wp--preset--spacing--30);padding-left:var(--wp--preset--spacing--30)\"><strong>Revistas cient\u00edficas<\/strong><\/p>\n\n\n\n<div style=\"height:45px\" aria-hidden=\"true\" class=\"wp-block-spacer\"><\/div>\n\n\n\n<div class=\"wp-block-columns is-layout-flex wp-container-15 wp-block-columns-is-layout-flex\">\n<div class=\"wp-block-column is-layout-flow wp-block-column-is-layout-flow\">\n<div class=\"wp-block-columns is-layout-flex wp-container-12 wp-block-columns-is-layout-flex\">\n<div class=\"wp-block-column is-layout-flow wp-block-column-is-layout-flow\"><div class=\"wp-block-image\">\n<figure class=\"aligncenter size-large is-resized\"><a href=\"https:\/\/revistasipgh.org\/index.php\/regeo\" target=\"_blank\" rel=\"noreferrer noopener\"><img decoding=\"async\" loading=\"lazy\" src=\"https:\/\/www.ipgh.org\/en\/wp-content\/uploads\/2023\/02\/PORTADA_GEOG-697x1024.png\" alt=\"\" class=\"wp-image-5273\" style=\"width:212px;height:314px\" width=\"212\" height=\"314\"\/><\/a><\/figure><\/div><\/div>\n\n\n\n<div class=\"wp-block-column is-layout-flow wp-block-column-is-layout-flow\">\n<div style=\"height:67px\" aria-hidden=\"true\" class=\"wp-block-spacer\"><\/div>\n\n\n\n<p class=\"has-medium-font-size\"><strong>Revista Geogr\u00e1fica <\/strong><\/p>\n\n\n\n<p class=\"has-medium-font-size\"><\/p>\n\n\n\n<p class=\"has-medium-font-size\"><\/p>\n\n\n\n<p class=\"has-medium-font-size\"><em><a href=\"mailto:revista.geografica@ipgh.org\" target=\"_blank\" rel=\"noreferrer noopener\">revista.geografica@ipgh.org<\/a><\/em><\/p>\n<\/div>\n<\/div>\n\n\n\n<div class=\"wp-block-buttons is-layout-flex wp-block-buttons-is-layout-flex\">\n<div class=\"wp-block-button has-custom-width wp-block-button__width-50 has-custom-font-size has-medium-font-size\"><a class=\"wp-block-button__link has-background wp-element-button\" href=\"https:\/\/revistasipgh.org\/index.php\/regeo\/issue\/archive\" style=\"border-radius:5px;background-color:#263a75;padding-top:var(--wp--preset--spacing--30);padding-right:var(--wp--preset--spacing--30);padding-bottom:var(--wp--preset--spacing--30);padding-left:var(--wp--preset--spacing--30)\" target=\"_blank\" rel=\"noreferrer noopener\"><strong>Scientific Journals &#8211; back issues<\/strong><\/a><\/div>\n\n\n\n<div class=\"wp-block-button has-custom-width wp-block-button__width-50 has-custom-font-size has-medium-font-size\"><a class=\"wp-block-button__link has-background wp-element-button\" href=\"https:\/\/www.ipgh.org\/en\/?page_id=561\" style=\"border-radius:5px;background-color:#263a75;padding-top:var(--wp--preset--spacing--30);padding-right:var(--wp--preset--spacing--30);padding-bottom:var(--wp--preset--spacing--30);padding-left:var(--wp--preset--spacing--30)\" target=\"_blank\" rel=\"noreferrer noopener\"><strong>Occasional Publications<\/strong><\/a><\/div>\n<\/div>\n<\/div>\n<\/div>\n\n\n\n<div style=\"height:45px\" aria-hidden=\"true\" class=\"wp-block-spacer\"><\/div>\n\n\n\n<p class=\"has-white-color has-luminous-vivid-orange-background-color has-text-color has-background has-medium-font-size\" style=\"padding-top:var(--wp--preset--spacing--30);padding-right:var(--wp--preset--spacing--30);padding-bottom:var(--wp--preset--spacing--30);padding-left:var(--wp--preset--spacing--30)\"><strong>Committees and Working Groups<\/strong><\/p>\n\n\n\n<p class=\"has-medium-font-size\"><strong>Research Committee<\/strong><\/p>\n\n\n\n<div class=\"wp-block-columns is-layout-flex wp-container-21 wp-block-columns-is-layout-flex\">\n<div class=\"wp-block-column is-layout-flow wp-block-column-is-layout-flow\">\n<div class=\"wp-block-columns is-layout-flex wp-container-18 wp-block-columns-is-layout-flex\">\n<div class=\"wp-block-column is-layout-flow wp-block-column-is-layout-flow\"><div class=\"wp-block-image\">\n<figure class=\"aligncenter size-full\"><img decoding=\"async\" loading=\"lazy\" width=\"146\" height=\"217\" src=\"https:\/\/www.ipgh.org\/en\/wp-content\/uploads\/2023\/02\/image-21.png\" alt=\"\" class=\"wp-image-5164\"\/><\/figure><\/div><\/div>\n\n\n\n<div class=\"wp-block-column is-layout-flow wp-block-column-is-layout-flow\">\n<div style=\"height:21px\" aria-hidden=\"true\" class=\"wp-block-spacer\"><\/div>\n\n\n\n<p class=\"has-medium-font-size\"><em>\u2020<\/em>Nancy Aguirre (Colombia)<\/p>\n\n\n\n<p class=\"has-medium-font-size\"><strong>Coordinator<\/strong><\/p>\n\n\n\n<p class=\"has-medium-font-size\"><a href=\"mailto:cnaguirre@hotmail.com\" target=\"_blank\" rel=\"noreferrer noopener\">cnaguirre@hotmail.com<\/a><\/p>\n<\/div>\n<\/div>\n<\/div>\n\n\n\n<div class=\"wp-block-column is-layout-flow wp-block-column-is-layout-flow\">\n<p class=\"has-medium-font-size\"><strong>Working Group<\/strong><\/p>\n\n\n\n<p class=\"has-small-font-size\">Climate Change in the Americas &#8211; <strong>David Salisbury<\/strong><\/p>\n\n\n\n<p class=\"has-small-font-size\">Disaster risk \u2013\u00a0<strong>Fabiana Barrenechea<\/strong><\/p>\n\n\n\n<p class=\"has-small-font-size\">Urban Studies \u2013\u00a0<strong>Daniel Oscar Lipp<\/strong><\/p>\n\n\n\n<p class=\"has-small-font-size\" id=\"u166998-13\">Spatial Analysis &#8211;\u00a0<strong>Carlos Vel\u00e1zquez<\/strong><\/p>\n\n\n\n<p class=\"has-small-font-size\"><\/p>\n\n\n\n<p class=\"has-small-font-size\" id=\"u166998-16\">Transversal Approach: Gender &#8211;\u00a0<strong>Ana Gomez<\/strong><\/p>\n<\/div>\n<\/div>\n\n\n\n<p class=\"has-medium-font-size\"><strong>Committee on Geographic Education<\/strong><\/p>\n\n\n\n<div class=\"wp-block-columns has-medium-font-size is-layout-flex wp-container-30 wp-block-columns-is-layout-flex\">\n<div class=\"wp-block-column is-layout-flow wp-block-column-is-layout-flow\">\n<div class=\"wp-block-columns is-layout-flex wp-container-24 wp-block-columns-is-layout-flex\">\n<div class=\"wp-block-column is-layout-flow wp-block-column-is-layout-flow\"><div class=\"wp-block-image\">\n<figure class=\"aligncenter size-full\"><img decoding=\"async\" loading=\"lazy\" width=\"149\" height=\"204\" src=\"https:\/\/www.ipgh.org\/en\/wp-content\/uploads\/2023\/02\/image-22.png\" alt=\"\" class=\"wp-image-5165\"\/><\/figure><\/div><\/div>\n\n\n\n<div class=\"wp-block-column is-layout-flow wp-block-column-is-layout-flow\">\n<div style=\"height:15px\" aria-hidden=\"true\" class=\"wp-block-spacer\"><\/div>\n\n\n\n<p class=\"has-medium-font-size\">Fabi\u00e1n Araya Palacios (Chile)<\/p>\n\n\n\n<p class=\"has-medium-font-size\"><strong>Coordinator<\/strong><\/p>\n\n\n\n<p class=\"has-medium-font-size\"> <a rel=\"noreferrer noopener\" href=\"mailto:faraya@userena.cl\" target=\"_blank\">faraya@userena.cl<\/a><\/p>\n<\/div>\n<\/div>\n\n\n\n<div style=\"height:19px\" aria-hidden=\"true\" class=\"wp-block-spacer\"><\/div>\n\n\n\n<div class=\"wp-block-buttons is-content-justification-center is-layout-flex wp-container-25 wp-block-buttons-is-layout-flex\">\n<div class=\"wp-block-button has-custom-font-size is-style-fill\" style=\"font-size:18px\"><a class=\"wp-block-button__link has-white-color has-luminous-vivid-orange-background-color has-text-color has-background has-link-color wp-element-button\" href=\"https:\/\/www.ipgh.org\/en\/wp-content\/uploads\/2024\/04\/Planificacion-2024.-GT-Educacion-Geografica.pdf\" style=\"border-radius:11px;padding-top:var(--wp--preset--spacing--30);padding-right:var(--wp--preset--spacing--70);padding-bottom:var(--wp--preset--spacing--30);padding-left:var(--wp--preset--spacing--70)\" target=\"_blank\" rel=\"noreferrer noopener\"><strong>Planificaci\u00f3n de actividades 2024<\/strong><\/a><\/div>\n<\/div>\n<\/div>\n\n\n\n<div class=\"wp-block-column is-layout-flow wp-block-column-is-layout-flow\">\n<div class=\"wp-block-columns is-layout-flex wp-container-28 wp-block-columns-is-layout-flex\">\n<div class=\"wp-block-column is-layout-flow wp-block-column-is-layout-flow\">\n<p class=\"has-medium-font-size\"><strong><strong>Working Group<\/strong><\/strong><\/p>\n\n\n\n<p><\/p>\n\n\n\n<p class=\"has-small-font-size\">Online Geography Teaching &#8211; <strong>Daniel Mallmann Vallerius<\/strong><\/p>\n\n\n\n<p class=\"has-small-font-size\">Face-to-Face Geography Teaching &#8211; <strong>Silvia Aparecida de Sousa Fern\u00e1ndez<\/strong><\/p>\n\n\n\n<p class=\"has-small-font-size\">Geography Teaching Methods &#8211; <strong>Alexander Cely Rodr\u00edguez<\/strong><\/p>\n\n\n\n<p class=\"has-small-font-size\">Geography Links with the Educational Environment &#8211; <strong>Sandra \u00c1lvarez Barahona<\/strong><\/p>\n<\/div>\n<\/div>\n<\/div>\n<\/div>\n\n\n\n<div style=\"height:21px\" aria-hidden=\"true\" class=\"wp-block-spacer\"><\/div>\n\n\n\n<p class=\"has-medium-font-size\"><strong>Communication and Outreach Committee<\/strong><\/p>\n\n\n\n<div class=\"wp-block-columns has-medium-font-size is-layout-flex wp-container-38 wp-block-columns-is-layout-flex\">\n<div class=\"wp-block-column is-layout-flow wp-block-column-is-layout-flow\">\n<div class=\"wp-block-columns is-layout-flex wp-container-33 wp-block-columns-is-layout-flex\">\n<div class=\"wp-block-column is-layout-flow wp-block-column-is-layout-flow\"><div class=\"wp-block-image\">\n<figure class=\"aligncenter size-full\"><img decoding=\"async\" loading=\"lazy\" width=\"134\" height=\"211\" src=\"https:\/\/www.ipgh.org\/en\/wp-content\/uploads\/2023\/02\/image-6.png\" alt=\"\" class=\"wp-image-5139\"\/><\/figure><\/div><\/div>\n\n\n\n<div class=\"wp-block-column is-layout-flow wp-block-column-is-layout-flow\">\n<div style=\"height:15px\" aria-hidden=\"true\" class=\"wp-block-spacer\"><\/div>\n\n\n\n<p class=\"has-medium-font-size\">Mar\u00eda Jose Vizca\u00edno (Ecuador) <\/p>\n\n\n\n<p class=\"has-medium-font-size\"><strong>Coordinator<\/strong><\/p>\n\n\n\n<p class=\"has-medium-font-size\"><a href=\"mailto:majo.vizcaino@ipgh.gob.ec\" target=\"_blank\" rel=\"noreferrer noopener\">majo.vizcaino@ipgh.gob.ec<\/a><\/p>\n<\/div>\n<\/div>\n<\/div>\n\n\n\n<div class=\"wp-block-column is-layout-flow wp-block-column-is-layout-flow\">\n<div class=\"wp-block-columns is-layout-flex wp-container-36 wp-block-columns-is-layout-flex\">\n<div class=\"wp-block-column is-layout-flow wp-block-column-is-layout-flow\">\n<p class=\"has-medium-font-size\"><strong><strong>Working Group<\/strong><\/strong><\/p>\n\n\n\n<p class=\"has-small-font-size\"><\/p>\n\n\n\n<p class=\"has-small-font-size\">Strengthening the Network of Professionals &#8211; <strong>Isis Tejada<\/strong><\/p>\n\n\n\n<p class=\"has-small-font-size\">Promoting Virtual Communication &#8211; <strong>Dolly Garcia<\/strong><\/p>\n<\/div>\n<\/div>\n<\/div>\n<\/div>\n\n\n\n<p class=\"has-white-color has-luminous-vivid-orange-background-color has-text-color has-background has-medium-font-size\" style=\"padding-top:var(--wp--preset--spacing--30);padding-right:var(--wp--preset--spacing--30);padding-bottom:var(--wp--preset--spacing--30);padding-left:var(--wp--preset--spacing--30)\"><strong>Work Plan<\/strong><\/p>\n\n\n\n<p class=\"has-medium-font-size\"><strong>Mission<\/strong><\/p>\n\n\n\n<p class=\"has-medium-font-size\">Focus, facilitate, and promote Pan-American geographical research and collaborate educationally with the geographical community towards the production of scientific and geographical knowledge that supports the Pan-American Agenda and the United Nations Sustainable Development Goals in interdisciplinary coordination with other commissions for the benefit of the citizens of the Americas.<\/p>\n\n\n\n<ul>\n<li class=\"has-medium-font-size\">Geography Commission &#8211; Work Plan for the Period 2018-2021<\/li>\n\n\n\n<li class=\"has-medium-font-size\">Ten Commandments for the Implementation of the PAIGH Pan American Agenda 2010-2020<\/li>\n\n\n\n<li class=\"has-medium-font-size\">PAIGH Geography Commission Quadrennial Report 2014-2017 (English version)<\/li>\n\n\n\n<li class=\"has-medium-font-size\">IPGH Quadrennial Report of the Geography Commission 2014-2017 (Spanish version)<\/li>\n<\/ul>\n\n\n\n<p class=\"has-white-color has-luminous-vivid-orange-background-color has-text-color has-background has-medium-font-size\" style=\"padding-top:var(--wp--preset--spacing--30);padding-right:var(--wp--preset--spacing--30);padding-bottom:var(--wp--preset--spacing--30);padding-left:var(--wp--preset--spacing--30)\"><strong>Approved Projects<\/strong><\/p>\n\n\n\n<div style=\"height:45px\" aria-hidden=\"true\" class=\"wp-block-spacer\"><\/div>\n\n\n\n<div class=\"wp-block-buttons is-vertical is-layout-flex wp-container-39 wp-block-buttons-is-layout-flex\">\n<div class=\"wp-block-button has-custom-width wp-block-button__width-25\"><a class=\"wp-block-button__link has-background wp-element-button\" href=\"https:\/\/www.ipgh.org\/en\/?page_id=6513\" style=\"border-radius:5px;background-color:#263a75;padding-top:var(--wp--preset--spacing--30);padding-right:var(--wp--preset--spacing--30);padding-bottom:var(--wp--preset--spacing--30);padding-left:var(--wp--preset--spacing--30)\" target=\"_blank\" rel=\"noreferrer noopener\"><strong>2024<\/strong><\/a><\/div>\n\n\n\n<div class=\"wp-block-button has-custom-width wp-block-button__width-25\"><a class=\"wp-block-button__link has-background wp-element-button\" href=\"https:\/\/www.ipgh.org\/en\/?page_id=4471\" style=\"border-radius:5px;background-color:#263a75;padding-top:var(--wp--preset--spacing--30);padding-right:var(--wp--preset--spacing--30);padding-bottom:var(--wp--preset--spacing--30);padding-left:var(--wp--preset--spacing--30)\" target=\"_blank\" rel=\"noreferrer noopener\"><strong>2023<\/strong><\/a><\/div>\n\n\n\n<div class=\"wp-block-button has-custom-width wp-block-button__width-25\"><a class=\"wp-block-button__link has-background wp-element-button\" href=\"https:\/\/www.ipgh.org\/en\/?page_id=2943\" style=\"border-radius:5px;background-color:#263a75;padding-top:var(--wp--preset--spacing--30);padding-right:var(--wp--preset--spacing--30);padding-bottom:var(--wp--preset--spacing--30);padding-left:var(--wp--preset--spacing--30)\" target=\"_blank\" rel=\"noreferrer noopener\"><strong>2022<\/strong><\/a><\/div>\n\n\n\n<div class=\"wp-block-button has-custom-width wp-block-button__width-25\"><a class=\"wp-block-button__link has-background wp-element-button\" href=\"https:\/\/www.ipgh.org\/en\/?page_id=2940\" style=\"border-radius:5px;background-color:#263a75;padding-top:var(--wp--preset--spacing--30);padding-right:var(--wp--preset--spacing--30);padding-bottom:var(--wp--preset--spacing--30);padding-left:var(--wp--preset--spacing--30)\" target=\"_blank\" rel=\"noreferrer noopener\"><strong>2021<\/strong><\/a><\/div>\n\n\n\n<div class=\"wp-block-button has-custom-width wp-block-button__width-25\"><a class=\"wp-block-button__link has-background wp-element-button\" href=\"https:\/\/www.ipgh.org\/en\/?page_id=2937\" style=\"border-radius:5px;background-color:#263a75;padding-top:var(--wp--preset--spacing--30);padding-right:var(--wp--preset--spacing--30);padding-bottom:var(--wp--preset--spacing--30);padding-left:var(--wp--preset--spacing--30)\" target=\"_blank\" rel=\"noreferrer noopener\"><strong>2020<\/strong><\/a><\/div>\n\n\n\n<div class=\"wp-block-button has-custom-width wp-block-button__width-25\"><a class=\"wp-block-button__link has-background wp-element-button\" href=\"https:\/\/www.ipgh.org\/en\/?page_id=2934\" style=\"border-radius:5px;background-color:#263a75;padding-top:var(--wp--preset--spacing--30);padding-right:var(--wp--preset--spacing--30);padding-bottom:var(--wp--preset--spacing--30);padding-left:var(--wp--preset--spacing--30)\" target=\"_blank\" rel=\"noreferrer noopener\"><strong>2019<\/strong><\/a><\/div>\n<\/div>\n","protected":false},"excerpt":{"rendered":"<p>Autoridades President Hermann Manr\u00edquez Tirado hermann.manriquez@gmail.com Vice President Rodrigo Barriga Vargas barriga.rodrigo@gmail.com Revistas cient\u00edficas Revista Geogr\u00e1fica revista.geografica@ipgh.org Committees and Working Groups Research Committee \u2020Nancy Aguirre (Colombia) Coordinator cnaguirre@hotmail.com Working Group Climate Change in the Americas &#8211; David Salisbury Disaster risk \u2013\u00a0Fabiana Barrenechea Urban Studies \u2013\u00a0Daniel Oscar Lipp Spatial Analysis &#8211;\u00a0Carlos Vel\u00e1zquez Transversal Approach: Gender &#8211;\u00a0Ana <a class=\"read-more\" href=\"https:\/\/www.ipgh.org\/en\/?page_id=5133\">READ MORE<\/a><\/p>\n","protected":false},"author":1,"featured_media":0,"parent":0,"menu_order":0,"comment_status":"closed","ping_status":"closed","template":"","meta":{"footnotes":""},"_links":{"self":[{"href":"https:\/\/www.ipgh.org\/en\/index.php?rest_route=\/wp\/v2\/pages\/5133"}],"collection":[{"href":"https:\/\/www.ipgh.org\/en\/index.php?rest_route=\/wp\/v2\/pages"}],"about":[{"href":"https:\/\/www.ipgh.org\/en\/index.php?rest_route=\/wp\/v2\/types\/page"}],"author":[{"embeddable":true,"href":"https:\/\/www.ipgh.org\/en\/index.php?rest_route=\/wp\/v2\/users\/1"}],"replies":[{"embeddable":true,"href":"https:\/\/www.ipgh.org\/en\/index.php?rest_route=%2Fwp%2Fv2%2Fcomments&post=5133"}],"version-history":[{"count":26,"href":"https:\/\/www.ipgh.org\/en\/index.php?rest_route=\/wp\/v2\/pages\/5133\/revisions"}],"predecessor-version":[{"id":11090,"href":"https:\/\/www.ipgh.org\/en\/index.php?rest_route=\/wp\/v2\/pages\/5133\/revisions\/11090"}],"wp:attachment":[{"href":"https:\/\/www.ipgh.org\/en\/index.php?rest_route=%2Fwp%2Fv2%2Fmedia&parent=5133"}],"curies":[{"name":"wp","href":"https:\/\/api.w.org\/{rel}","templated":true}]}}