{"id":552,"date":"2022-08-19T12:15:25","date_gmt":"2022-08-19T17:15:25","guid":{"rendered":"http:\/\/www.ipgh.org\/en\/?page_id=552"},"modified":"2025-08-29T11:55:21","modified_gmt":"2025-08-29T17:55:21","slug":"premios","status":"publish","type":"page","link":"https:\/\/www.ipgh.org\/en\/?page_id=552","title":{"rendered":"Scientific Awards and Recognitions"},"content":{"rendered":"\n<p class=\"has-white-color has-text-color has-background has-link-color has-medium-font-size wp-elements-417535eb2111cae47e354b178542078d\" style=\"background-color:#001489\"><strong>Comisi\u00f3n de Cartograf\u00eda<\/strong><\/p>\n\n\n\n<figure class=\"wp-block-table is-style-stripes has-small-font-size\"><table><thead><tr><th>Nombre del premio<\/th><th>Objetivo<\/th><th>Periodicidad<\/th><th>Tipo de premio<\/th><\/tr><\/thead><tbody><tr><td>Mejor Tesis de Doctorado en Cartograf\u00eda, Geodesia y\/o Informaci\u00f3n Geogr\u00e1fica Premio &#8220;Pedro Vicente Maldonado&#8221;<br><br><br><br><a href=\"https:\/\/comisiones.ipgh.org\/CARTOGRAFIA\/PremioMSc.html\">Premio a la Mejor Tesis de Maestr\u00eda en Cartograf\u00eda, Geodesia y\/o Informaci\u00f3n Geogr\u00e1fica<\/a><br><a href=\"https:\/\/comisiones.ipgh.org\/CARTOGRAFIA\/PremioMSc.html\"> <img decoding=\"async\" src=\"https:\/\/www.ipgh.org\/en\/wp-content\/uploads\/2024\/06\/Activa.gif\"> <\/a><\/td><td><br><br><br>Tiene como finalidad promover y reconocer los trabajos acad\u00e9micos \u2013 cient\u00edficos de calidad realizados por estudiantes de Programas Oficiales de Maestr\u00eda o Doctorado de organizaciones o universidades acreditadas por los Estados Miembros del IPGH, o por nacionales de los Estados Miembros del IPGH que hayan egresado en otras universidades. Dicha premiaci\u00f3n se otorgar\u00e1 en el \u00e1mbito de la Cartograf\u00eda, la Geodesia y la Informaci\u00f3n Geogr\u00e1fica en general, incluyendo aspectos como la captura, manipulaci\u00f3n, presentaci\u00f3n y diseminaci\u00f3n.<\/td><td><br><br><br>Anual (a\u00f1os pares tesis de maestr\u00eda y a\u00f1os impares a tesis de maestr\u00eda y doctorado) En el 2018 se realiz\u00f3 convocatoria para ambos premios<br>2020: ambos<\/td><td>Diploma y hasta tres menciones.<br><br><br><br><br><br><br>Diploma, reconocimiento en efectivo establecido para cada edici\u00f3n y difusi\u00f3n del premio<\/td><\/tr><tr><td><br>Premio &#8220;Carlos A. Carvallo Y\u00e1\u00f1ez&#8221;<\/td><td>Se reconoce a la obra original de mayor valor e importancia para el desarrollo de la cartograf\u00eda de Am\u00e9rica, que constituya un aporte relevante al desarrollo cient\u00edfico sin importar la tem\u00e1tica abordada, siempre y cuando verse sobre las disciplinas englobadas en la Comisi\u00f3n de Cartograf\u00eda.<\/td><td>Cuatrienal<\/td><td>Medalla<\/td><\/tr><\/tbody><\/table><\/figure>\n\n\n\n<p class=\"has-white-color has-text-color has-background has-link-color has-medium-font-size wp-elements-8282a50900e4385c5051b83d43fae87b\" style=\"background-color:#001489\"><strong>Comisi\u00f3n de Geograf\u00eda<\/strong><\/p>\n\n\n\n<figure class=\"wp-block-table is-style-stripes has-small-font-size\"><table><thead><tr><th>Nombre del permio<\/th><th>Objetivo<\/th><th>Periodicidad<\/th><th>tipo de premio<\/th><\/tr><\/thead><tbody><tr><td>Premio &#8220;Arch C. Gerlach&#8221;<\/td><td>Otorgar a la obra original reconocida por el jurado como la de mayor valor e importancia para el desarrollo de la geograf\u00eda de Am\u00e9rica, que constituya un aporte relevante al desarrollo cient\u00edfico sin importar la tem\u00e1tica abordada, siempre y cuando verse sobre las disciplinas englobadas en la Comisi\u00f3n de Geograf\u00eda.<\/td><td>Bianual<\/td><td>Diploma y reconocimiento en efectivo establecido para cada edici\u00f3n<\/td><\/tr><\/tbody><\/table><\/figure>\n\n\n\n<p class=\"has-white-color has-text-color has-background has-link-color has-medium-font-size wp-elements-c0cf50eb98deaf422e8ca3da4a0e0535\" style=\"background-color:#001489\"><strong>Comisi\u00f3n de Historia<\/strong><\/p>\n\n\n\n<figure class=\"wp-block-table is-style-stripes has-small-font-size\"><table><tbody><tr><td>Premio de Historia Colonial de Am\u00e9rica &#8220;Silvio Zavala&#8221;<\/td><td>Reconocimiento a investigadores que se destaquen por la relevancia y trascendencia de sus aportaciones para el desarrollo de la Historia Colonial de Am\u00e9rica.<\/td><td>Bianual<\/td><td>Diploma y 2,000 USD<\/td><\/tr><tr><td>Premio Pensamiento de Am\u00e9rica &#8220;Leopoldo Zea&#8221;<\/td><td>Se otorga a la obra original reconocida por el jurado como la de mayor valor e importancia y que constituya un aporte relevante para el desarrollo del Pensamiento de Am\u00e9rica. Los trabajos sometidos a evaluaci\u00f3n deber\u00e1n ser elaborados por personas de los Estados Miembros del IPGH.<\/td><td>Bianual<\/td><td>Diploma y 2,000 USD<\/td><\/tr><tr><td>Premio Panamericano de Historia &#8221; Mejor Tesis de Maestr\u00eda en Historia&#8221;<br><br>Premio Panamericano de Historia &#8221; Mejor Tesis de Doctorado en Historia&#8221;<\/td><td>Promover y reconocer las investigaciones acad\u00e9micas recientes, realizadas por estudiantes nacionales de los Estados Miembros del IPGH o egresados de programas oficiales de doctorado de las universidades ubicadas en cualquiera de esos Estados Miembros, se otorgar\u00e1 en el \u00e1mbito general de la Historia de Am\u00e9rica, siglos XIX y XX<\/td><td>Anual (a\u00f1os pares tesis de maestr\u00eda y a\u00f1os impares a tesis de maestr\u00eda y doctorado)<\/td><td>Diploma y 1,000 USD<\/td><\/tr><\/tbody><\/table><\/figure>\n\n\n\n<p class=\"has-white-color has-text-color has-background has-link-color has-medium-font-size wp-elements-69bb5017745ea277f01e6349685b4cc7\" style=\"background-color:#001489\"><strong>Comisi\u00f3n de Geof\u00edsica<\/strong><\/p>\n\n\n\n<figure class=\"wp-block-table is-style-stripes has-small-font-size\"><table><tbody><tr><td>Premio &#8220;Luis Mu\u00f1iz Barreto&#8221;<\/td><td>Premio otorgado a la obra original reconocida por el jurado como la de mayor valor e importancia para el desarrollo de la geof\u00edsica de Am\u00e9rica, que constituya un aporte relevante al desarrollo cient\u00edfico sin importar la tem\u00e1tica abordada, siempre y cuando verse sobre las disciplinas englobadas en la Comisi\u00f3n de Geof\u00edsica.<\/td><td>Cuatrienal<\/td><td>Diploma y reconocimiento en efectivo establecido para cada edici\u00f3n<\/td><\/tr><\/tbody><\/table><\/figure>\n\n\n\n<p><\/p>\n\n\n\n<p class=\"has-white-color has-text-color has-background has-link-color wp-elements-50589f0f8d1d5d4398a22f82a7b8c6c6\" style=\"background-color:#001489\"><strong>Premios para todas las Comisiones<\/strong><\/p>\n\n\n\n<figure class=\"wp-block-table is-style-stripes has-small-font-size\"><table><tbody><tr><td>Medalla Panamericana del IPGH<\/td><td>El premio se otorga al cient\u00edfico que se destaque por su trayectoria en alguno de los campos de inter\u00e9s del IPGH.<\/td><td>Cuatrienal<\/td><td>Medalla<\/td><\/tr><tr><td>Premio &#8220;Wallace W. Atwood&#8221;<\/td><td>El premio se otorga a la obra in\u00e9dita en cualquiera de los cuatros campos de investigaci\u00f3n del IPGH, con motivo de las Reuniones de Consulta.<\/td><td>Cuatrienal<\/td><td>Publicaci\u00f3n de la obra<\/td><\/tr><tr><td>Condecoraci\u00f3n Panamericana<\/td><td>La Condecoraci\u00f3n Panamericana es una distinci\u00f3n honor\u00edfica anual, que reconoce la trayectoria, los m\u00e9ritos y los aportes de personas e instituciones, que con su labor han contribuido al desarrollo del IPGH y de sus \u00e1reas de inter\u00e9s, las cuales son Cartograf\u00eda, Geograf\u00eda, Historia, Geof\u00edsica y las ciencias afines en beneficio de Am\u00e9rica<\/td><td>Anual<\/td><td>Medalla<\/td><\/tr><\/tbody><\/table><\/figure>\n","protected":false},"excerpt":{"rendered":"<p>Comisi\u00f3n de Cartograf\u00eda Nombre del premio Objetivo Periodicidad Tipo de premio Mejor Tesis de Doctorado en Cartograf\u00eda, Geodesia y\/o Informaci\u00f3n Geogr\u00e1fica Premio &#8220;Pedro Vicente Maldonado&#8221; Premio a la Mejor Tesis de Maestr\u00eda en Cartograf\u00eda, Geodesia y\/o Informaci\u00f3n Geogr\u00e1fica Tiene como finalidad promover y reconocer los trabajos acad\u00e9micos \u2013 cient\u00edficos de calidad realizados por estudiantes de <a class=\"read-more\" href=\"https:\/\/www.ipgh.org\/en\/?page_id=552\">READ MORE<\/a><\/p>\n","protected":false},"author":1,"featured_media":0,"parent":536,"menu_order":4,"comment_status":"closed","ping_status":"closed","template":"template-full-width.php","meta":{"footnotes":""},"_links":{"self":[{"href":"https:\/\/www.ipgh.org\/en\/index.php?rest_route=\/wp\/v2\/pages\/552"}],"collection":[{"href":"https:\/\/www.ipgh.org\/en\/index.php?rest_route=\/wp\/v2\/pages"}],"about":[{"href":"https:\/\/www.ipgh.org\/en\/index.php?rest_route=\/wp\/v2\/types\/page"}],"author":[{"embeddable":true,"href":"https:\/\/www.ipgh.org\/en\/index.php?rest_route=\/wp\/v2\/users\/1"}],"replies":[{"embeddable":true,"href":"https:\/\/www.ipgh.org\/en\/index.php?rest_route=%2Fwp%2Fv2%2Fcomments&post=552"}],"version-history":[{"count":19,"href":"https:\/\/www.ipgh.org\/en\/index.php?rest_route=\/wp\/v2\/pages\/552\/revisions"}],"predecessor-version":[{"id":11138,"href":"https:\/\/www.ipgh.org\/en\/index.php?rest_route=\/wp\/v2\/pages\/552\/revisions\/11138"}],"up":[{"embeddable":true,"href":"https:\/\/www.ipgh.org\/en\/index.php?rest_route=\/wp\/v2\/pages\/536"}],"wp:attachment":[{"href":"https:\/\/www.ipgh.org\/en\/index.php?rest_route=%2Fwp%2Fv2%2Fmedia&parent=552"}],"curies":[{"name":"wp","href":"https:\/\/api.w.org\/{rel}","templated":true}]}}