{"id":6213,"date":"2023-08-07T01:04:32","date_gmt":"2023-08-07T06:04:32","guid":{"rendered":"https:\/\/www.ipgh.org\/en\/?page_id=6213"},"modified":"2025-08-29T13:47:15","modified_gmt":"2025-08-29T19:47:15","slug":"el-instituto-panamericano-de-geografia-e-historia-participa-como-observador-en-la-13a-sesion-del-comite-de-expertos-de-las-naciones-unidas-sobre-gestion-global-de-la-informacion-geoespacial","status":"publish","type":"page","link":"https:\/\/www.ipgh.org\/en\/?page_id=6213","title":{"rendered":"The Pan American Institute of Geography and History participates as an Observer in the 13th Session of the United Nations Committee of Experts on Global Geospatial Information Management"},"content":{"rendered":"\n<div style=\"height:33px\" aria-hidden=\"true\" class=\"wp-block-spacer\"><\/div>\n\n\n\n<div class=\"wp-block-columns is-layout-flex wp-container-3 wp-block-columns-is-layout-flex\">\n<div class=\"wp-block-column is-layout-flow wp-block-column-is-layout-flow\">\n<p style=\"font-size:18px\">New York, United States &#8211; From August 1 to 4, 2023, the Pan American Institute of Geography and History (PAIGH) had the honor of being invited as an observer to the 13th Session of the United Nations Committee of Experts on Global Geospatial Information Management (UN-GGIM). The Secretary General, Antonio Campuzano Rosales, represented the Institute at this event of great importance for the Pan American community and the world at large.<br><br>The main objective of this Committee session was to lead the coordination, maintenance, and accessibility of geospatial information and resources worldwide. This work is essential to enable United Nations Member States and society in general to use these tools to find sustainable solutions that promote social, economic, and environmental development.<\/p>\n<\/div>\n\n\n\n<div class=\"wp-block-column is-layout-flow wp-block-column-is-layout-flow\">\n<p style=\"font-size:18px\">The PAIGH, in keeping with its institutional mission and Strategic Modernization Plan, is proud to have actively participated in this important event, which contributes to the development and advancement of geospatial information management worldwide.<\/p>\n\n\n\n<p style=\"font-size:18px\">During the six meetings that comprised the 13th Session of the Committee, nearly <strong>400 delegates<\/strong> from <strong>79 countries<\/strong> and <strong>125 observers<\/strong> participated to address the challenges and opportunities presented by global geospatial information management.<\/p>\n<\/div>\n<\/div>\n\n\n\n<div style=\"height:30px\" aria-hidden=\"true\" class=\"wp-block-spacer\"><\/div>\n\n\n\n<figure class=\"wp-block-gallery has-nested-images columns-default is-cropped wp-block-gallery-4 is-layout-flex wp-block-gallery-is-layout-flex\">\n<figure class=\"wp-block-image size-large is-style-default\"><img decoding=\"async\" loading=\"lazy\" width=\"1024\" height=\"708\" data-id=\"6221\" src=\"https:\/\/www.ipgh.org\/en\/wp-content\/uploads\/2023\/08\/IMG-20230803-WA0005-1024x708.jpg\" alt=\"\" class=\"wp-image-6221\" srcset=\"https:\/\/www.ipgh.org\/en\/wp-content\/uploads\/2023\/08\/IMG-20230803-WA0005-1024x708.jpg 1024w, https:\/\/www.ipgh.org\/en\/wp-content\/uploads\/2023\/08\/IMG-20230803-WA0005-300x207.jpg 300w, https:\/\/www.ipgh.org\/en\/wp-content\/uploads\/2023\/08\/IMG-20230803-WA0005-768x531.jpg 768w, https:\/\/www.ipgh.org\/en\/wp-content\/uploads\/2023\/08\/IMG-20230803-WA0005-1536x1062.jpg 1536w, https:\/\/www.ipgh.org\/en\/wp-content\/uploads\/2023\/08\/IMG-20230803-WA0005.jpg 1600w\" sizes=\"(max-width: 1024px) 100vw, 1024px\" \/><\/figure>\n\n\n\n<figure class=\"wp-block-image size-large\"><img decoding=\"async\" loading=\"lazy\" width=\"1024\" height=\"768\" data-id=\"6220\" src=\"https:\/\/www.ipgh.org\/en\/wp-content\/uploads\/2023\/08\/IMG-20230804-WA0004-1024x768.jpg\" alt=\"\" class=\"wp-image-6220\" srcset=\"https:\/\/www.ipgh.org\/en\/wp-content\/uploads\/2023\/08\/IMG-20230804-WA0004-1024x768.jpg 1024w, https:\/\/www.ipgh.org\/en\/wp-content\/uploads\/2023\/08\/IMG-20230804-WA0004-300x225.jpg 300w, https:\/\/www.ipgh.org\/en\/wp-content\/uploads\/2023\/08\/IMG-20230804-WA0004-768x576.jpg 768w, https:\/\/www.ipgh.org\/en\/wp-content\/uploads\/2023\/08\/IMG-20230804-WA0004-1536x1152.jpg 1536w, https:\/\/www.ipgh.org\/en\/wp-content\/uploads\/2023\/08\/IMG-20230804-WA0004.jpg 1600w\" sizes=\"(max-width: 1024px) 100vw, 1024px\" \/><\/figure>\n\n\n\n<figure class=\"wp-block-image size-large\"><img decoding=\"async\" loading=\"lazy\" width=\"1024\" height=\"768\" data-id=\"6218\" src=\"https:\/\/www.ipgh.org\/en\/wp-content\/uploads\/2023\/08\/IMG-20230804-WA0006-1024x768.jpg\" alt=\"\" class=\"wp-image-6218\" srcset=\"https:\/\/www.ipgh.org\/en\/wp-content\/uploads\/2023\/08\/IMG-20230804-WA0006-1024x768.jpg 1024w, https:\/\/www.ipgh.org\/en\/wp-content\/uploads\/2023\/08\/IMG-20230804-WA0006-300x225.jpg 300w, https:\/\/www.ipgh.org\/en\/wp-content\/uploads\/2023\/08\/IMG-20230804-WA0006-768x576.jpg 768w, https:\/\/www.ipgh.org\/en\/wp-content\/uploads\/2023\/08\/IMG-20230804-WA0006-1536x1152.jpg 1536w, https:\/\/www.ipgh.org\/en\/wp-content\/uploads\/2023\/08\/IMG-20230804-WA0006.jpg 1600w\" sizes=\"(max-width: 1024px) 100vw, 1024px\" \/><\/figure>\n<\/figure>\n\n\n\n<div style=\"height:30px\" aria-hidden=\"true\" class=\"wp-block-spacer\"><\/div>\n\n\n\n<div class=\"wp-block-columns is-layout-flex wp-container-8 wp-block-columns-is-layout-flex\">\n<div class=\"wp-block-column is-layout-flow wp-block-column-is-layout-flow\">\n<p style=\"font-size:18px\">Mr. Antonio Campuzano Rosales, representing the PAIGH, stated at the fourth meeting that &#8220;the Pan American Institute of Geography and History welcomes the report [presented above] on the Integrated Geospatial Information Framework (IGIF), and we reaffirm that we will continue to align the goals and objectives of our institution with the IGIF and will continue to support its implementation globally and in the countries that make up our Pan American community. We do not want to leave anyone behind.&#8221;<\/p>\n\n\n\n<div style=\"height:20px\" aria-hidden=\"true\" class=\"wp-block-spacer\"><\/div>\n\n\n\n<figure class=\"wp-block-embed is-type-rich is-provider-twitter wp-block-embed-twitter\"><div class=\"wp-block-embed__wrapper\">\n<blockquote class=\"twitter-tweet\" data-width=\"550\" data-dnt=\"true\"><p lang=\"es\" dir=\"ltr\">\ud83d\udde3\ufe0f\ud83c\udf10 El Secretario General del IPGH, Mtro. Antonio Campuzano Rosales, intervino en la 13a Sesi\u00f3n del Comit\u00e9 de Expertos de las Naciones Unidas sobre Gesti\u00f3n Global de la Informaci\u00f3n Geoespacial. <br><br>En su discurso, destac\u00f3 la importancia del Marco Integrado de Informaci\u00f3n\u2026 <a href=\"https:\/\/t.co\/H1l2hVLRbI\">pic.twitter.com\/H1l2hVLRbI<\/a><\/p>&mdash; IPGH (@IPGH_PAIGH) <a href=\"https:\/\/twitter.com\/IPGH_PAIGH\/status\/1687214671030538243?ref_src=twsrc%5Etfw\">August 3, 2023<\/a><\/blockquote><script async src=\"https:\/\/platform.twitter.com\/widgets.js\" charset=\"utf-8\"><\/script>\n<\/div><\/figure>\n<\/div>\n\n\n\n<div class=\"wp-block-column is-layout-flow wp-block-column-is-layout-flow\">\n<p style=\"font-size:18px\">Likewise, at the fifth meeting, Mr. Campuzano mentioned the PAIGH&#8217;s position on geographical names: &#8220;The Pan American Institute of Geography and History greatly appreciates the report presented and reiterates its strong support for the United Nations Group of Experts on Geographical Names, whose work has been fundamental in promoting and protecting geographical names throughout the world. At the Institute&#8217;s next General Assembly, we will dedicate special time on the agenda to specifically address the issue of Geographical Names, strengthening collaboration among our Member States and promoting a greater understanding of our rich cultural identity.<\/p>\n\n\n\n<div style=\"height:20px\" aria-hidden=\"true\" class=\"wp-block-spacer\"><\/div>\n\n\n\n<figure class=\"wp-block-embed is-type-rich is-provider-twitter wp-block-embed-twitter\"><div class=\"wp-block-embed__wrapper\">\n<blockquote class=\"twitter-tweet\" data-width=\"550\" data-dnt=\"true\"><p lang=\"en\" dir=\"ltr\">\ud83d\udde3\ufe0f\ud83c\udf10 Today, during the 5th Meeting of the 13th Session of the United Nations Committee of Experts on Global Geospatial Information Management (<a href=\"https:\/\/twitter.com\/UNGGIM?ref_src=twsrc%5Etfw\">@UNGGIM<\/a>), the Secretary General of the Pan American Institute of Geography and History (<a href=\"https:\/\/twitter.com\/IPGH_PAIGH?ref_src=twsrc%5Etfw\">@IPGH_PAIGH<\/a>) reiterated support for the work of\u2026 <a href=\"https:\/\/t.co\/04aStI6IME\">pic.twitter.com\/04aStI6IME<\/a><\/p>&mdash; IPGH (@IPGH_PAIGH) <a href=\"https:\/\/twitter.com\/IPGH_PAIGH\/status\/1687579187161481216?ref_src=twsrc%5Etfw\">August 4, 2023<\/a><\/blockquote><script async src=\"https:\/\/platform.twitter.com\/widgets.js\" charset=\"utf-8\"><\/script>\n<\/div><\/figure>\n<\/div>\n<\/div>\n\n\n\n<div style=\"height:33px\" aria-hidden=\"true\" class=\"wp-block-spacer\"><\/div>\n\n\n\n<div class=\"wp-block-columns is-layout-flex wp-container-10 wp-block-columns-is-layout-flex\">\n<div class=\"wp-block-column is-layout-flow wp-block-column-is-layout-flow\">\n<p>In this regard, the Secretary General reaffirmed the PAIGH&#8217;s unwavering commitment to continuing to promote the study and protection of geographical names, recognizing that they are fundamental elements that give our nations a sense of belonging and identity. By safeguarding our cultural values through the preservation of these names, we ensure the conservation of our heritage for future generations.<\/p>\n\n\n\n<p>Finally, the Secretary General emphasized that the Pan American Institute of Geography and History \u201cis fully committed to collaborating closely and meaningfully with the United Nations Group of Experts on Geographical Names, sharing knowledge, resources, and experiences to achieve common goals and enrich the global management of geospatial information.\u201d<\/p>\n<\/div>\n<\/div>\n\n\n\n<div style=\"height:33px\" aria-hidden=\"true\" class=\"wp-block-spacer\"><\/div>\n\n\n\n<figure class=\"wp-block-gallery has-nested-images columns-default is-cropped wp-block-gallery-11 is-layout-flex wp-block-gallery-is-layout-flex\">\n<figure class=\"wp-block-image size-large\"><img decoding=\"async\" loading=\"lazy\" width=\"1024\" height=\"768\" data-id=\"6225\" src=\"https:\/\/www.ipgh.org\/en\/wp-content\/uploads\/2023\/08\/IMG-20230802-WA0020-1024x768.jpg\" alt=\"\" class=\"wp-image-6225\" srcset=\"https:\/\/www.ipgh.org\/en\/wp-content\/uploads\/2023\/08\/IMG-20230802-WA0020-1024x768.jpg 1024w, https:\/\/www.ipgh.org\/en\/wp-content\/uploads\/2023\/08\/IMG-20230802-WA0020-300x225.jpg 300w, https:\/\/www.ipgh.org\/en\/wp-content\/uploads\/2023\/08\/IMG-20230802-WA0020-768x576.jpg 768w, https:\/\/www.ipgh.org\/en\/wp-content\/uploads\/2023\/08\/IMG-20230802-WA0020.jpg 1280w\" sizes=\"(max-width: 1024px) 100vw, 1024px\" \/><\/figure>\n\n\n\n<figure class=\"wp-block-image size-large\"><img decoding=\"async\" loading=\"lazy\" width=\"1024\" height=\"768\" data-id=\"6224\" src=\"https:\/\/www.ipgh.org\/en\/wp-content\/uploads\/2023\/08\/IMG-20230802-WA0046-1024x768.jpg\" alt=\"\" class=\"wp-image-6224\" srcset=\"https:\/\/www.ipgh.org\/en\/wp-content\/uploads\/2023\/08\/IMG-20230802-WA0046-1024x768.jpg 1024w, https:\/\/www.ipgh.org\/en\/wp-content\/uploads\/2023\/08\/IMG-20230802-WA0046-300x225.jpg 300w, https:\/\/www.ipgh.org\/en\/wp-content\/uploads\/2023\/08\/IMG-20230802-WA0046-768x576.jpg 768w, https:\/\/www.ipgh.org\/en\/wp-content\/uploads\/2023\/08\/IMG-20230802-WA0046-1536x1152.jpg 1536w, https:\/\/www.ipgh.org\/en\/wp-content\/uploads\/2023\/08\/IMG-20230802-WA0046.jpg 1600w\" sizes=\"(max-width: 1024px) 100vw, 1024px\" \/><\/figure>\n\n\n\n<figure class=\"wp-block-image size-large\"><img decoding=\"async\" loading=\"lazy\" width=\"1024\" height=\"768\" data-id=\"6226\" src=\"https:\/\/www.ipgh.org\/en\/wp-content\/uploads\/2023\/08\/IMG-20230804-WA0013-2-1024x768.jpg\" alt=\"\" class=\"wp-image-6226\" srcset=\"https:\/\/www.ipgh.org\/en\/wp-content\/uploads\/2023\/08\/IMG-20230804-WA0013-2-1024x768.jpg 1024w, https:\/\/www.ipgh.org\/en\/wp-content\/uploads\/2023\/08\/IMG-20230804-WA0013-2-300x225.jpg 300w, https:\/\/www.ipgh.org\/en\/wp-content\/uploads\/2023\/08\/IMG-20230804-WA0013-2-768x576.jpg 768w, https:\/\/www.ipgh.org\/en\/wp-content\/uploads\/2023\/08\/IMG-20230804-WA0013-2-1536x1152.jpg 1536w, https:\/\/www.ipgh.org\/en\/wp-content\/uploads\/2023\/08\/IMG-20230804-WA0013-2.jpg 1600w\" sizes=\"(max-width: 1024px) 100vw, 1024px\" \/><\/figure>\n<\/figure>\n","protected":false},"excerpt":{"rendered":"<p>New York, United States &#8211; From August 1 to 4, 2023, the Pan American Institute of Geography and History (PAIGH) had the honor of being invited as an observer to the 13th Session of the United Nations Committee of Experts on Global Geospatial Information Management (UN-GGIM). The Secretary General, Antonio Campuzano Rosales, represented the Institute <a class=\"read-more\" href=\"https:\/\/www.ipgh.org\/en\/?page_id=6213\">READ MORE<\/a><\/p>\n","protected":false},"author":1,"featured_media":0,"parent":0,"menu_order":0,"comment_status":"closed","ping_status":"closed","template":"","meta":{"footnotes":""},"_links":{"self":[{"href":"https:\/\/www.ipgh.org\/en\/index.php?rest_route=\/wp\/v2\/pages\/6213"}],"collection":[{"href":"https:\/\/www.ipgh.org\/en\/index.php?rest_route=\/wp\/v2\/pages"}],"about":[{"href":"https:\/\/www.ipgh.org\/en\/index.php?rest_route=\/wp\/v2\/types\/page"}],"author":[{"embeddable":true,"href":"https:\/\/www.ipgh.org\/en\/index.php?rest_route=\/wp\/v2\/users\/1"}],"replies":[{"embeddable":true,"href":"https:\/\/www.ipgh.org\/en\/index.php?rest_route=%2Fwp%2Fv2%2Fcomments&post=6213"}],"version-history":[{"count":8,"href":"https:\/\/www.ipgh.org\/en\/index.php?rest_route=\/wp\/v2\/pages\/6213\/revisions"}],"predecessor-version":[{"id":11175,"href":"https:\/\/www.ipgh.org\/en\/index.php?rest_route=\/wp\/v2\/pages\/6213\/revisions\/11175"}],"wp:attachment":[{"href":"https:\/\/www.ipgh.org\/en\/index.php?rest_route=%2Fwp%2Fv2%2Fmedia&parent=6213"}],"curies":[{"name":"wp","href":"https:\/\/api.w.org\/{rel}","templated":true}]}}