{"id":6339,"date":"2023-09-27T14:09:27","date_gmt":"2023-09-27T19:09:27","guid":{"rendered":"https:\/\/www.ipgh.org\/en\/?page_id=6339"},"modified":"2024-10-15T15:10:09","modified_gmt":"2024-10-15T20:10:09","slug":"informes-de-secciones-nacionales-2023","status":"publish","type":"page","link":"https:\/\/www.ipgh.org\/en\/?page_id=6339","title":{"rendered":"Informes de Secciones Nacionales, 2023"},"content":{"rendered":"\n<div style=\"height:8px\" aria-hidden=\"true\" class=\"wp-block-spacer\"><\/div>\n\n\n\n<div class=\"wp-block-columns is-layout-flex wp-container-4 wp-block-columns-is-layout-flex\">\n<div class=\"wp-block-column is-layout-flow wp-block-column-is-layout-flow\"><div class=\"wp-block-image\">\n<figure class=\"aligncenter size-full is-resized\"><a href=\"https:\/\/www.ipgh.org\/en\/wp-content\/uploads\/2023\/10\/Argentina_informe-anual-2023_compressed.pdf\" target=\"_blank\" rel=\"noreferrer noopener\"><img decoding=\"async\" src=\"https:\/\/www.ipgh.org\/en\/wp-content\/uploads\/2022\/09\/01_Argentina.jpg\" alt=\"\" class=\"wp-image-2267\" style=\"width:190px\" width=\"190\" srcset=\"https:\/\/www.ipgh.org\/en\/wp-content\/uploads\/2022\/09\/01_Argentina.jpg 381w, https:\/\/www.ipgh.org\/en\/wp-content\/uploads\/2022\/09\/01_Argentina-300x206.jpg 300w\" sizes=\"(max-width: 381px) 100vw, 381px\" \/><\/a><\/figure><\/div>\n\n\n<p class=\"has-text-align-center\"><strong>Rep\u00fablica de Argentina<\/strong><\/p>\n<\/div>\n\n\n\n<div class=\"wp-block-column is-layout-flow wp-block-column-is-layout-flow\"><div class=\"wp-block-image\">\n<figure class=\"aligncenter size-full is-resized\"><a href=\"https:\/\/www.ipgh.org\/en\/wp-content\/uploads\/2024\/01\/Bolivia_INFORME-FINAL-IPGH-2023.pdf\" target=\"_blank\" rel=\"noreferrer noopener\"><img decoding=\"async\" loading=\"lazy\" src=\"https:\/\/www.ipgh.org\/en\/wp-content\/uploads\/2022\/09\/03_Bolivia-1.jpg\" alt=\"\" class=\"wp-image-2296\" style=\"object-fit:cover;width:190px;height:130px\" width=\"190\" height=\"130\" srcset=\"https:\/\/www.ipgh.org\/en\/wp-content\/uploads\/2022\/09\/03_Bolivia-1.jpg 381w, https:\/\/www.ipgh.org\/en\/wp-content\/uploads\/2022\/09\/03_Bolivia-1-300x206.jpg 300w\" sizes=\"(max-width: 190px) 100vw, 190px\" \/><\/a><\/figure><\/div>\n\n\n<p class=\"has-text-align-center\"><strong>Rep\u00fablica de Bolivia<\/strong><\/p>\n<\/div>\n\n\n\n<div class=\"wp-block-column is-layout-flow wp-block-column-is-layout-flow\"><div class=\"wp-block-image\">\n<figure class=\"aligncenter size-full is-resized\"><a href=\"https:\/\/www.ipgh.org\/en\/wp-content\/uploads\/2023\/10\/Chile_Informe-IPGH-2023_10OCT2023.pdf\" target=\"_blank\" rel=\"noreferrer noopener\"><img decoding=\"async\" loading=\"lazy\" src=\"https:\/\/www.ipgh.org\/en\/wp-content\/uploads\/2022\/09\/05_Chile-1.jpg\" alt=\"\" class=\"wp-image-2288\" style=\"object-fit:cover;width:190px;height:130px\" width=\"190\" height=\"130\" srcset=\"https:\/\/www.ipgh.org\/en\/wp-content\/uploads\/2022\/09\/05_Chile-1.jpg 381w, https:\/\/www.ipgh.org\/en\/wp-content\/uploads\/2022\/09\/05_Chile-1-300x206.jpg 300w\" sizes=\"(max-width: 190px) 100vw, 190px\" \/><\/a><\/figure><\/div>\n\n\n<p class=\"has-text-align-center\"><strong>Rep\u00fablica de Chile<\/strong><\/p>\n<\/div>\n<\/div>\n\n\n\n<div style=\"height:31px\" aria-hidden=\"true\" class=\"wp-block-spacer\"><\/div>\n\n\n\n<div class=\"wp-block-columns is-layout-flex wp-container-8 wp-block-columns-is-layout-flex\">\n<div class=\"wp-block-column is-layout-flow wp-block-column-is-layout-flow\"><div class=\"wp-block-image\">\n<figure class=\"aligncenter size-full is-resized\"><a href=\"https:\/\/www.ipgh.org\/en\/wp-content\/uploads\/2023\/10\/costa-Rica_Informe-anual-labores_-2023_SNCR-IPGH.pdf\" target=\"_blank\" rel=\"noreferrer noopener\"><img decoding=\"async\" loading=\"lazy\" src=\"https:\/\/www.ipgh.org\/en\/wp-content\/uploads\/2022\/09\/07_Costa_Rica.jpg\" alt=\"\" class=\"wp-image-2300\" style=\"object-fit:cover;width:190px;height:130px\" width=\"190\" height=\"130\" srcset=\"https:\/\/www.ipgh.org\/en\/wp-content\/uploads\/2022\/09\/07_Costa_Rica.jpg 381w, https:\/\/www.ipgh.org\/en\/wp-content\/uploads\/2022\/09\/07_Costa_Rica-300x206.jpg 300w\" sizes=\"(max-width: 190px) 100vw, 190px\" \/><\/a><\/figure><\/div>\n\n\n<p class=\"has-text-align-center\"><strong>Rep\u00fablica de Costa Rica<\/strong><\/p>\n<\/div>\n\n\n\n<div class=\"wp-block-column is-layout-flow wp-block-column-is-layout-flow\"><div class=\"wp-block-image\">\n<figure class=\"aligncenter size-full is-resized\"><a href=\"https:\/\/www.ipgh.org\/en\/wp-content\/uploads\/2023\/10\/Ecuador_Informe-anual-de-actividades-2023_-SN_compressed-1.pdf\" target=\"_blank\" rel=\"noreferrer noopener\"><img decoding=\"async\" loading=\"lazy\" src=\"https:\/\/www.ipgh.org\/en\/wp-content\/uploads\/2022\/09\/08_Ecuador.jpg\" alt=\"\" class=\"wp-image-2301\" style=\"object-fit:cover;width:190px;height:130px\" width=\"190\" height=\"130\" srcset=\"https:\/\/www.ipgh.org\/en\/wp-content\/uploads\/2022\/09\/08_Ecuador.jpg 381w, https:\/\/www.ipgh.org\/en\/wp-content\/uploads\/2022\/09\/08_Ecuador-300x206.jpg 300w\" sizes=\"(max-width: 190px) 100vw, 190px\" \/><\/a><\/figure><\/div>\n\n\n<p class=\"has-text-align-center\"><strong>Rep\u00fablica de Ecuador<\/strong><\/p>\n<\/div>\n\n\n\n<div class=\"wp-block-column is-layout-flow wp-block-column-is-layout-flow\"><div class=\"wp-block-image\">\n<figure class=\"aligncenter size-full is-resized\"><a href=\"https:\/\/www.ipgh.org\/en\/wp-content\/uploads\/2023\/09\/El-Salvador_INFORME_IPGH_2023_compressed.pdf\" target=\"_blank\" rel=\"noreferrer noopener\"><img decoding=\"async\" loading=\"lazy\" src=\"https:\/\/www.ipgh.org\/en\/wp-content\/uploads\/2022\/09\/09_El_Salvador.jpg\" alt=\"\" class=\"wp-image-2302\" style=\"object-fit:cover;width:190px;height:130px\" width=\"190\" height=\"130\" srcset=\"https:\/\/www.ipgh.org\/en\/wp-content\/uploads\/2022\/09\/09_El_Salvador.jpg 381w, https:\/\/www.ipgh.org\/en\/wp-content\/uploads\/2022\/09\/09_El_Salvador-300x206.jpg 300w\" sizes=\"(max-width: 190px) 100vw, 190px\" \/><\/a><\/figure><\/div>\n\n\n<p class=\"has-text-align-center\"><strong>Rep\u00fablica de El Salvador<\/strong><\/p>\n<\/div>\n<\/div>\n\n\n\n<div style=\"height:31px\" aria-hidden=\"true\" class=\"wp-block-spacer\"><\/div>\n\n\n\n<div class=\"wp-block-columns is-layout-flex wp-container-12 wp-block-columns-is-layout-flex\">\n<div class=\"wp-block-column is-layout-flow wp-block-column-is-layout-flow\"><div class=\"wp-block-image\">\n<figure class=\"aligncenter size-full is-resized\"><a href=\"https:\/\/www.ipgh.org\/en\/wp-content\/uploads\/2023\/09\/PAIGH-2023-USNS-Annual-Report_Final_09_28_2023_compressed.pdf\" target=\"_blank\" rel=\"noreferrer noopener\"><img decoding=\"async\" loading=\"lazy\" src=\"https:\/\/www.ipgh.org\/en\/wp-content\/uploads\/2022\/09\/10_USA.jpg\" alt=\"\" class=\"wp-image-2303\" style=\"object-fit:cover;width:190px;height:130px\" width=\"190\" height=\"130\" srcset=\"https:\/\/www.ipgh.org\/en\/wp-content\/uploads\/2022\/09\/10_USA.jpg 381w, https:\/\/www.ipgh.org\/en\/wp-content\/uploads\/2022\/09\/10_USA-300x206.jpg 300w\" sizes=\"(max-width: 190px) 100vw, 190px\" \/><\/a><\/figure><\/div>\n\n\n<p class=\"has-text-align-center\"><strong>Estados Unidos de Am\u00e9rica<\/strong><\/p>\n<\/div>\n\n\n\n<div class=\"wp-block-column is-layout-flow wp-block-column-is-layout-flow\"><div class=\"wp-block-image\">\n<figure class=\"aligncenter size-full is-resized\"><a href=\"https:\/\/www.ipgh.org\/en\/wp-content\/uploads\/2023\/10\/Guatemala_Informe-IPGH-2023.pdf\" target=\"_blank\" rel=\"noreferrer noopener\"><img decoding=\"async\" loading=\"lazy\" src=\"https:\/\/www.ipgh.org\/en\/wp-content\/uploads\/2022\/09\/11_Guatemala.jpg\" alt=\"\" class=\"wp-image-2304\" style=\"object-fit:cover;width:190px;height:130px\" width=\"190\" height=\"130\" srcset=\"https:\/\/www.ipgh.org\/en\/wp-content\/uploads\/2022\/09\/11_Guatemala.jpg 381w, https:\/\/www.ipgh.org\/en\/wp-content\/uploads\/2022\/09\/11_Guatemala-300x206.jpg 300w\" sizes=\"(max-width: 190px) 100vw, 190px\" \/><\/a><\/figure><\/div>\n\n\n<p class=\"has-text-align-center\"><strong>Rep\u00fablica de Guatemala<\/strong><\/p>\n<\/div>\n\n\n\n<div class=\"wp-block-column is-layout-flow wp-block-column-is-layout-flow\"><div class=\"wp-block-image\">\n<figure class=\"aligncenter size-full is-resized\"><a href=\"https:\/\/www.ipgh.org\/en\/wp-content\/uploads\/2023\/10\/Mexico_Informe-de-Actividades-SNMx-2023-06-10-23_y-anexos.pdf\" target=\"_blank\" rel=\"noreferrer noopener\"><img decoding=\"async\" loading=\"lazy\" src=\"https:\/\/www.ipgh.org\/en\/wp-content\/uploads\/2022\/09\/14_Mexico.jpg\" alt=\"\" class=\"wp-image-2291\" style=\"object-fit:cover;width:190px;height:130px\" width=\"190\" height=\"130\" srcset=\"https:\/\/www.ipgh.org\/en\/wp-content\/uploads\/2022\/09\/14_Mexico.jpg 381w, https:\/\/www.ipgh.org\/en\/wp-content\/uploads\/2022\/09\/14_Mexico-300x206.jpg 300w\" sizes=\"(max-width: 190px) 100vw, 190px\" \/><\/a><\/figure><\/div>\n\n\n<p class=\"has-text-align-center\"><strong>Estados Unidos Mexicanos<\/strong><\/p>\n<\/div>\n<\/div>\n\n\n\n<div style=\"height:29px\" aria-hidden=\"true\" class=\"wp-block-spacer\"><\/div>\n\n\n\n<div class=\"wp-block-columns is-layout-flex wp-container-16 wp-block-columns-is-layout-flex\">\n<div class=\"wp-block-column is-layout-flow wp-block-column-is-layout-flow\"><div class=\"wp-block-image\">\n<figure class=\"aligncenter size-full is-resized\"><a href=\"https:\/\/www.ipgh.org\/en\/wp-content\/uploads\/2023\/10\/Paraguay_informe-anual-2023.pdf\" target=\"_blank\" rel=\"noreferrer noopener\"><img decoding=\"async\" loading=\"lazy\" src=\"https:\/\/www.ipgh.org\/en\/wp-content\/uploads\/2022\/09\/17_Paraguay.jpg\" alt=\"\" class=\"wp-image-2309\" style=\"object-fit:cover;width:190px;height:130px\" width=\"190\" height=\"130\" srcset=\"https:\/\/www.ipgh.org\/en\/wp-content\/uploads\/2022\/09\/17_Paraguay.jpg 381w, https:\/\/www.ipgh.org\/en\/wp-content\/uploads\/2022\/09\/17_Paraguay-300x206.jpg 300w\" sizes=\"(max-width: 190px) 100vw, 190px\" \/><\/a><\/figure><\/div>\n\n\n<p class=\"has-text-align-center\"><strong>Rep\u00fablica de Paraguay<\/strong><\/p>\n<\/div>\n\n\n\n<div class=\"wp-block-column is-layout-flow wp-block-column-is-layout-flow\"><div class=\"wp-block-image\">\n<figure class=\"aligncenter size-full is-resized\"><a href=\"https:\/\/www.ipgh.org\/en\/wp-content\/uploads\/2023\/10\/Republica-Dominicana_InformeIPGH-2023_compressed.pdf\" target=\"_blank\" rel=\"noreferrer noopener\"><img decoding=\"async\" loading=\"lazy\" src=\"https:\/\/www.ipgh.org\/en\/wp-content\/uploads\/2022\/09\/19_Dominicana.jpg\" alt=\"\" class=\"wp-image-2311\" style=\"object-fit:cover;width:190px;height:130px\" width=\"190\" height=\"130\" srcset=\"https:\/\/www.ipgh.org\/en\/wp-content\/uploads\/2022\/09\/19_Dominicana.jpg 381w, https:\/\/www.ipgh.org\/en\/wp-content\/uploads\/2022\/09\/19_Dominicana-300x206.jpg 300w\" sizes=\"(max-width: 190px) 100vw, 190px\" \/><\/a><\/figure><\/div>\n\n\n<p class=\"has-text-align-center\"><strong>Rep\u00fablica Dominicana<\/strong><\/p>\n<\/div>\n\n\n\n<div class=\"wp-block-column is-layout-flow wp-block-column-is-layout-flow\"><div class=\"wp-block-image\">\n<figure class=\"aligncenter size-full is-resized\"><a href=\"https:\/\/www.ipgh.org\/en\/wp-content\/uploads\/2023\/10\/Uruguay_Informe-IPGH-2023.pdf\" target=\"_blank\" rel=\"noreferrer noopener\"><img decoding=\"async\" loading=\"lazy\" src=\"https:\/\/www.ipgh.org\/en\/wp-content\/uploads\/2022\/09\/20_Uruguay.jpg\" alt=\"\" class=\"wp-image-2312\" style=\"object-fit:cover;width:190px;height:130px\" width=\"190\" height=\"130\" srcset=\"https:\/\/www.ipgh.org\/en\/wp-content\/uploads\/2022\/09\/20_Uruguay.jpg 381w, https:\/\/www.ipgh.org\/en\/wp-content\/uploads\/2022\/09\/20_Uruguay-300x206.jpg 300w\" sizes=\"(max-width: 190px) 100vw, 190px\" \/><\/a><\/figure><\/div>\n\n\n<p class=\"has-text-align-center\"><strong>Rep\u00fablica Oriental del Uruguay<\/strong><\/p>\n<\/div>\n<\/div>\n\n\n\n<div class=\"wp-block-columns is-layout-flex wp-container-20 wp-block-columns-is-layout-flex\">\n<div class=\"wp-block-column is-layout-flow wp-block-column-is-layout-flow\">\n<p class=\"has-text-align-center\"><\/p>\n<\/div>\n\n\n\n<div class=\"wp-block-column is-layout-flow wp-block-column-is-layout-flow\">\n<p class=\"has-text-align-center\"><\/p>\n<\/div>\n\n\n\n<div class=\"wp-block-column is-layout-flow wp-block-column-is-layout-flow\">\n<p class=\"has-text-align-center\"><\/p>\n\n\n\n<p><\/p>\n<\/div>\n<\/div>\n","protected":false},"excerpt":{"rendered":"<p>Rep\u00fablica de Argentina Rep\u00fablica de Bolivia Rep\u00fablica de Chile Rep\u00fablica de Costa Rica Rep\u00fablica de Ecuador Rep\u00fablica de El Salvador Estados Unidos de Am\u00e9rica Rep\u00fablica de Guatemala Estados Unidos Mexicanos Rep\u00fablica de Paraguay Rep\u00fablica Dominicana Rep\u00fablica Oriental del Uruguay<\/p>\n","protected":false},"author":1,"featured_media":0,"parent":0,"menu_order":0,"comment_status":"closed","ping_status":"closed","template":"","meta":{"footnotes":""},"_links":{"self":[{"href":"https:\/\/www.ipgh.org\/en\/index.php?rest_route=\/wp\/v2\/pages\/6339"}],"collection":[{"href":"https:\/\/www.ipgh.org\/en\/index.php?rest_route=\/wp\/v2\/pages"}],"about":[{"href":"https:\/\/www.ipgh.org\/en\/index.php?rest_route=\/wp\/v2\/types\/page"}],"author":[{"embeddable":true,"href":"https:\/\/www.ipgh.org\/en\/index.php?rest_route=\/wp\/v2\/users\/1"}],"replies":[{"embeddable":true,"href":"https:\/\/www.ipgh.org\/en\/index.php?rest_route=%2Fwp%2Fv2%2Fcomments&post=6339"}],"version-history":[{"count":35,"href":"https:\/\/www.ipgh.org\/en\/index.php?rest_route=\/wp\/v2\/pages\/6339\/revisions"}],"predecessor-version":[{"id":9035,"href":"https:\/\/www.ipgh.org\/en\/index.php?rest_route=\/wp\/v2\/pages\/6339\/revisions\/9035"}],"wp:attachment":[{"href":"https:\/\/www.ipgh.org\/en\/index.php?rest_route=%2Fwp%2Fv2%2Fmedia&parent=6339"}],"curies":[{"name":"wp","href":"https:\/\/api.w.org\/{rel}","templated":true}]}}