{"id":6502,"date":"2024-01-05T13:23:12","date_gmt":"2024-01-05T19:23:12","guid":{"rendered":"https:\/\/www.ipgh.org\/en\/?page_id=6502"},"modified":"2025-08-25T11:46:56","modified_gmt":"2025-08-25T17:46:56","slug":"asamblea-general-2-2","status":"publish","type":"page","link":"https:\/\/www.ipgh.org\/en\/?page_id=6502","title":{"rendered":"24\u00aa Asamblea General"},"content":{"rendered":"\n<p><\/p>\n\n\n\n<figure class=\"wp-block-image size-large is-resized\"><img decoding=\"async\" loading=\"lazy\" src=\"https:\/\/www.ipgh.org\/en\/wp-content\/uploads\/2023\/07\/WhatsApp-Image-2023-07-28-at-12.28.07-1024x340.jpeg\" alt=\"\" class=\"wp-image-6128\" style=\"width:1140px;height:379px\" width=\"1140\" height=\"379\" srcset=\"https:\/\/www.ipgh.org\/en\/wp-content\/uploads\/2023\/07\/WhatsApp-Image-2023-07-28-at-12.28.07-1024x340.jpeg 1024w, https:\/\/www.ipgh.org\/en\/wp-content\/uploads\/2023\/07\/WhatsApp-Image-2023-07-28-at-12.28.07-300x100.jpeg 300w, https:\/\/www.ipgh.org\/en\/wp-content\/uploads\/2023\/07\/WhatsApp-Image-2023-07-28-at-12.28.07-768x255.jpeg 768w, https:\/\/www.ipgh.org\/en\/wp-content\/uploads\/2023\/07\/WhatsApp-Image-2023-07-28-at-12.28.07-1536x510.jpeg 1536w, https:\/\/www.ipgh.org\/en\/wp-content\/uploads\/2023\/07\/WhatsApp-Image-2023-07-28-at-12.28.07.jpeg 1600w\" sizes=\"(max-width: 1140px) 100vw, 1140px\" \/><\/figure>\n\n\n\n<p style=\"font-size:22px\">From November 1 to 3, 2023, experts, authorities, and leaders in the fields of geography, history, and Earth sciences gathered in the historic city of Santo Domingo, Dominican Republic, to address fundamental issues relevant to the Pan American region.<\/p>\n\n\n\n<div class=\"wp-block-group alignfull has-background is-layout-flow wp-block-group-is-layout-flow\" style=\"background-color:#14346c\"><div class=\"wp-block-group__inner-container\">\n<div class=\"wp-block-columns alignwide is-layout-flex wp-container-5 wp-block-columns-is-layout-flex\">\n<div class=\"wp-block-column is-layout-flow wp-block-column-is-layout-flow\" style=\"flex-basis:50%\">\n<figure class=\"wp-block-image size-full is-resized\"><img decoding=\"async\" loading=\"lazy\" src=\"https:\/\/www.ipgh.org\/en\/wp-content\/uploads\/2023\/07\/AG-2.jpeg\" alt=\"\" class=\"wp-image-6146\" style=\"width:499px;height:172px\" width=\"499\" height=\"172\" srcset=\"https:\/\/www.ipgh.org\/en\/wp-content\/uploads\/2023\/07\/AG-2-300x104.jpeg 300w, https:\/\/www.ipgh.org\/en\/wp-content\/uploads\/2023\/07\/AG-2-768x267.jpeg 768w\" sizes=\"(max-width: 499px) 100vw, 499px\" \/><\/figure>\n<\/div>\n\n\n\n<div class=\"wp-block-column is-vertically-aligned-center is-layout-flow wp-block-column-is-layout-flow\" style=\"flex-basis:50%\">\n<hr class=\"wp-block-separator has-text-color has-alpha-channel-opacity has-background is-style-wide\" style=\"background-color:#f1cc64;color:#f1cc64\"\/>\n\n\n\n<div class=\"wp-block-group alignfull is-layout-constrained wp-block-group-is-layout-constrained\"><div class=\"wp-block-group__inner-container\">\n<div class=\"wp-block-buttons is-layout-flex wp-block-buttons-is-layout-flex\">\n<div class=\"wp-block-button has-custom-font-size is-style-outline has-small-font-size\"><a class=\"wp-block-button__link has-white-background-color has-text-color has-background wp-element-button\" href=\"https:\/\/www.ipgh.org\/en\/?page_id=6758\" style=\"border-radius:10px;color:#15336c;padding-top:10px;padding-bottom:10px\" target=\"_blank\" rel=\"noreferrer noopener\">         <strong><mark style=\"background-color:rgba(0, 0, 0, 0)\" class=\"has-inline-color has-luminous-vivid-orange-color\">Resolutions Approved<\/mark><\/strong>        <\/a><\/div>\n<\/div>\n<\/div><\/div>\n<\/div>\n<\/div>\n\n\n\n<div style=\"height:27px\" aria-hidden=\"true\" class=\"wp-block-spacer\"><\/div>\n\n\n\n<div class=\"wp-block-columns is-layout-flex wp-container-9 wp-block-columns-is-layout-flex\">\n<div class=\"wp-block-column is-layout-flow wp-block-column-is-layout-flow\"><\/div>\n\n\n\n<div class=\"wp-block-column is-layout-flow wp-block-column-is-layout-flow\">\n<div class=\"wp-block-buttons is-content-justification-center is-layout-flex wp-container-7 wp-block-buttons-is-layout-flex\">\n<div class=\"wp-block-button has-custom-font-size has-small-font-size\"><a class=\"wp-block-button__link has-luminous-vivid-orange-color has-white-background-color has-text-color has-background has-link-color wp-element-button\" href=\"https:\/\/www.ipgh.org\/en\/?page_id=6339\" style=\"border-radius:8px;padding-top:10px;padding-right:var(--wp--preset--spacing--30);padding-bottom:10px;padding-left:var(--wp--preset--spacing--30)\" target=\"_blank\" rel=\"noreferrer noopener\"><strong>National Section Reports<\/strong><\/a><\/div>\n<\/div>\n<\/div>\n<\/div>\n\n\n\n<div style=\"height:29px\" aria-hidden=\"true\" class=\"wp-block-spacer\"><\/div>\n\n\n\n<div class=\"wp-block-columns alignwide is-layout-flex wp-container-23 wp-block-columns-is-layout-flex\">\n<div class=\"wp-block-column is-vertically-aligned-top is-layout-flow wp-block-column-is-layout-flow\">\n<p class=\"has-white-color has-text-color\" style=\"font-size:15px\">From November 1 to 3, in the city of Santo Domingo, Dominican Republic, representatives of the Member States of the Pan American Institute of Geography and History (PAIGH) will meet at the 24th General Assembly to make important decisions, establish guidelines, and foster international collaboration, with the aim of continuing to promote the development of the geographical sciences and history.<\/p>\n\n\n\n<p><\/p>\n\n\n\n<div class=\"wp-block-buttons is-layout-flex wp-block-buttons-is-layout-flex\">\n<div class=\"wp-block-button has-custom-width wp-block-button__width-100 has-custom-font-size has-small-font-size\"><a class=\"wp-block-button__link has-black-color has-white-background-color has-text-color has-background has-link-color has-text-align-center wp-element-button\" style=\"border-radius:10px;padding-top:10px;padding-right:8px;padding-bottom:10px;padding-left:8px\"><strong><strong>Opening<\/strong><\/strong><\/a><\/div>\n<\/div>\n\n\n\n<div style=\"height:12px\" aria-hidden=\"true\" class=\"wp-block-spacer\"><\/div>\n\n\n\n<div class=\"wp-block-columns is-layout-flex wp-container-13 wp-block-columns-is-layout-flex\">\n<div class=\"wp-block-column is-layout-flow wp-block-column-is-layout-flow\">\n<p class=\"has-white-color has-text-color has-link-color wp-elements-6b1dabb37e06299b5615936ef26679ff\">With the attendance of the authorities of the Pan American Institute of Geography and History, the 2023 Statutory Meetings of this specialized agency of the OAS began on October 30.<\/p>\n\n\n\n<p class=\"has-white-color has-text-color has-link-color wp-elements-54a77b29072d5bf46a2cf7b6606715f9\">The following days saw the 100th Meeting of Authorities, the 5th Joint Technical Meeting of the Commissions, and the 24th General Assembly, as well as the Dominican Congress of Geographical Sciences, all held in the beautiful city of Santo Domingo, Dominican Republic.<\/p>\n\n\n\n<p class=\"has-white-color has-text-color has-link-color wp-elements-fcefde5171303671215583b587e2744d\">In the photo, from left to right: Dr. Hermann Manr\u00edquez Tirado, President of the Geography Commission; Dr. Mario Ruiz Romero, President of the Geophysics Commission; Antonio Campuzano Rosales, Secretary General; Dr. Patricia Sol\u00eds, President; Pahola M\u00e9ndez Mata, Vice President; Dr. Filiberto Cruz S\u00e1nchez, President of the History Commission; and Max Lobo Hern\u00e1ndez.<\/p>\n\n\n\n<hr class=\"wp-block-separator has-alpha-channel-opacity\"\/>\n<\/div>\n\n\n\n<div class=\"wp-block-column is-layout-flow wp-block-column-is-layout-flow\"><div class=\"wp-block-image\">\n<figure class=\"aligncenter size-large\"><img decoding=\"async\" loading=\"lazy\" width=\"1024\" height=\"682\" src=\"https:\/\/www.ipgh.org\/en\/wp-content\/uploads\/2023\/12\/Inauguracion01-1024x682.jpg\" alt=\"\" class=\"wp-image-6503\" srcset=\"https:\/\/www.ipgh.org\/en\/wp-content\/uploads\/2023\/12\/Inauguracion01-1024x682.jpg 1024w, https:\/\/www.ipgh.org\/en\/wp-content\/uploads\/2023\/12\/Inauguracion01-300x200.jpg 300w, https:\/\/www.ipgh.org\/en\/wp-content\/uploads\/2023\/12\/Inauguracion01-768x512.jpg 768w, https:\/\/www.ipgh.org\/en\/wp-content\/uploads\/2023\/12\/Inauguracion01.jpg 1454w\" sizes=\"(max-width: 1024px) 100vw, 1024px\" \/><\/figure><\/div><\/div>\n<\/div>\n\n\n\n<div class=\"wp-block-columns is-layout-flex wp-container-16 wp-block-columns-is-layout-flex\">\n<div class=\"wp-block-column is-layout-flow wp-block-column-is-layout-flow\">\n<figure class=\"wp-block-embed aligncenter is-type-video is-provider-youtube wp-block-embed-youtube wp-embed-aspect-16-9 wp-has-aspect-ratio\"><div class=\"wp-block-embed__wrapper\">\n<iframe loading=\"lazy\" title=\"24a Asamblea General del Instituto Panamericano de Geograf\u00eda e Historia\" width=\"837\" height=\"471\" src=\"https:\/\/www.youtube.com\/embed\/OZx02q0PwLY?feature=oembed\" frameborder=\"0\" allow=\"accelerometer; autoplay; clipboard-write; encrypted-media; gyroscope; picture-in-picture; web-share\" referrerpolicy=\"strict-origin-when-cross-origin\" allowfullscreen><\/iframe>\n<\/div><\/figure>\n\n\n\n<hr class=\"wp-block-separator has-alpha-channel-opacity\"\/>\n<\/div>\n\n\n\n<div class=\"wp-block-column is-layout-flow wp-block-column-is-layout-flow\">\n<p class=\"has-white-color has-text-color has-link-color wp-elements-290a29c034a5583922daa295d21462b2\">As part of the 24th General Assembly of the Pan American Institute of Geography and History, the 100th Meeting of Authorities and the 5th Joint Technical Meeting of the Commissions were inaugurated on October 30. During the formal event, the hosts warmly welcomed the PAIGH authorities, colleagues, scientists, and executives from the Americas.<\/p>\n\n\n\n<p class=\"has-white-color has-text-color has-link-color wp-elements-89fc27ceeffb7f04b6223920fb74bc47\">Representing the Government of the Dominican Republic, the ceremony was presided over by the Deputy Minister of Economic and Social Analysis, Dr. Alexis Cruz; the Thematic Ambassador of the Deputy Minister of Multilateral Foreign Policy Affairs, Ambassador N\u00e9stor Cer\u00f3n; and Mr. Bol\u00edvar Troncoso Morales, President of the National Section of the PAIGH in this country and Director of the Jos\u00e9 Joaqu\u00edn Hungr\u00eda Morell National Geographic Institute.<\/p>\n\n\n\n<p class=\"has-white-color has-text-color has-link-color wp-elements-d7e11e87a8443a250787545e122cf558\">During this first day of work, certificates were presented accrediting the authorities in their current positions in this international organization. In addition, the Secretary General of the PAIGH, Antonio Campuzano, received a plaque of recognition for the Institute from the President of the National Section of the Dominican Republic.<\/p>\n\n\n\n<p class=\"has-white-color has-text-color has-link-color wp-elements-cad4ff0361d6566aebb18342d6ee6199\">In the afternoon, the scheduled work agenda continued.<\/p>\n<\/div>\n<\/div>\n\n\n\n<div class=\"wp-block-columns is-layout-flex wp-container-21 wp-block-columns-is-layout-flex\">\n<div class=\"wp-block-column is-layout-flow wp-block-column-is-layout-flow\">\n<p class=\"has-white-color has-text-color\" style=\"font-size:15px\"><\/p>\n\n\n\n<div class=\"wp-block-columns is-layout-flex wp-container-19 wp-block-columns-is-layout-flex\">\n<div class=\"wp-block-column is-layout-flow wp-block-column-is-layout-flow\">\n<p><\/p>\n\n\n\n<p><\/p>\n\n\n\n<p class=\"has-white-color has-text-color has-link-color wp-elements-1bb498e0df5eb65834be927f7726458f\">On November 1, the formal ceremony marking the start of the working agenda of the 24th General Assembly of the Pan American Institute of Geography and History was held in Santo Domingo, Dominican Republic, on November 1 and 2, 2023.<\/p>\n\n\n\n<p class=\"has-white-color has-text-color has-link-color wp-elements-b3602d0048cef522b6db8a675e4ea8f5\">The inauguration was presided over by Dr. Alexis Cruz, Deputy Minister of Economic and Social Analysis of the Ministry of Economy, Planning, and Development of the Government of the Dominican Republic, as well as the authorities of the PAIGH and the President of the National Section of the host country.<\/p>\n<\/div>\n\n\n\n<div class=\"wp-block-column is-layout-flow wp-block-column-is-layout-flow\">\n<figure class=\"wp-block-image size-large\"><img decoding=\"async\" loading=\"lazy\" width=\"1024\" height=\"682\" src=\"https:\/\/www.ipgh.org\/en\/wp-content\/uploads\/2023\/12\/Inauguracion02-1024x682.jpg\" alt=\"\" class=\"wp-image-6511\" srcset=\"https:\/\/www.ipgh.org\/en\/wp-content\/uploads\/2023\/12\/Inauguracion02-1024x682.jpg 1024w, https:\/\/www.ipgh.org\/en\/wp-content\/uploads\/2023\/12\/Inauguracion02-300x200.jpg 300w, https:\/\/www.ipgh.org\/en\/wp-content\/uploads\/2023\/12\/Inauguracion02-768x512.jpg 768w, https:\/\/www.ipgh.org\/en\/wp-content\/uploads\/2023\/12\/Inauguracion02-1536x1023.jpg 1536w, https:\/\/www.ipgh.org\/en\/wp-content\/uploads\/2023\/12\/Inauguracion02.jpg 1600w\" sizes=\"(max-width: 1024px) 100vw, 1024px\" \/><\/figure>\n<\/div>\n<\/div>\n<\/div>\n<\/div>\n<\/div>\n<\/div>\n\n\n\n<div style=\"height:40px\" aria-hidden=\"true\" class=\"wp-block-spacer\"><\/div>\n<\/div><\/div>\n\n\n\n<div style=\"height:33px\" aria-hidden=\"true\" class=\"wp-block-spacer\"><\/div>\n\n\n\n<div class=\"wp-block-group alignfull has-background is-layout-flow wp-block-group-is-layout-flow\" style=\"background-color:#14346c\"><div class=\"wp-block-group__inner-container\">\n<div style=\"height:70px\" aria-hidden=\"true\" class=\"wp-block-spacer\"><\/div>\n\n\n\n<div class=\"wp-block-columns alignwide is-layout-flex wp-container-27 wp-block-columns-is-layout-flex\">\n<div class=\"wp-block-column is-layout-flow wp-block-column-is-layout-flow\" style=\"flex-basis:50%\">\n<figure class=\"wp-block-image size-full\"><img decoding=\"async\" loading=\"lazy\" width=\"822\" height=\"286\" src=\"https:\/\/www.ipgh.org\/en\/wp-content\/uploads\/2023\/07\/rtc-1.jpeg\" alt=\"\" class=\"wp-image-6148\" srcset=\"https:\/\/www.ipgh.org\/en\/wp-content\/uploads\/2023\/07\/rtc-1.jpeg 822w, https:\/\/www.ipgh.org\/en\/wp-content\/uploads\/2023\/07\/rtc-1-300x104.jpeg 300w, https:\/\/www.ipgh.org\/en\/wp-content\/uploads\/2023\/07\/rtc-1-768x267.jpeg 768w\" sizes=\"(max-width: 822px) 100vw, 822px\" \/><\/figure>\n<\/div>\n\n\n\n<div class=\"wp-block-column is-vertically-aligned-center is-layout-flow wp-block-column-is-layout-flow\" style=\"flex-basis:50%\">\n<hr class=\"wp-block-separator has-text-color has-alpha-channel-opacity has-background is-style-wide\" style=\"background-color:#f1cc64;color:#f1cc64\"\/>\n<\/div>\n<\/div>\n\n\n\n<div class=\"wp-block-columns alignwide is-layout-flex wp-container-32 wp-block-columns-is-layout-flex\">\n<div class=\"wp-block-column is-vertically-aligned-top is-layout-flow wp-block-column-is-layout-flow\">\n<div class=\"wp-block-columns is-layout-flex wp-container-30 wp-block-columns-is-layout-flex\">\n<div class=\"wp-block-column is-layout-flow wp-block-column-is-layout-flow\">\n<p class=\"has-white-color has-text-color\" style=\"font-size:15px\">En el marco de la 24\u00aa Asamblea General deWithin the framework of the 24th General Assembly of the <a rel=\"noreferrer noopener\" href=\"https:\/\/www.facebook.com\/IPGH.PAIGH?__cft__[0]=AZVOlIGLWcqjYEw5tks9v_ZRDyffxXyrd8E0ny41L2eGrjQs0QVXrjH0mfKGxZ0kOV-TBbIo_QvYD2HkgbrfetbzkDyDTwI6cIefNLWBScNwtFghP41M6qrq8h1e6Q-Z7cQQOlGOCGz8eZJDG4gefp9Jg7LxbzpnUb3Y9ecVsHyLZQ&amp;__tn__=-]K-R\" target=\"_blank\">IPGH &#8211; Instituto Panamericano de Geograf\u00eda e Historia<\/a> , the working groups for the 5th Technical Meeting of the Commissions of this scientific body were established in the Dominican Republic, a member country.<\/p>\n\n\n\n<p class=\"has-white-color has-text-color has-link-color wp-elements-212336fb348e6c9cb75a4b29c1206576\">Mr. Bol\u00edvar Troncoso, President of the National Section of the host country, wished success to the scientists and specialists in the fields of cartography, geography, history, geophysics, and related sciences who attended this event, both in person and virtually. With that, the activities for October 30 and 31 were inaugurated.<\/p>\n\n\n\n<p class=\"has-white-color has-text-color has-link-color wp-elements-cea53051f6b277eea764fec0b03915e0\">Likewise, the President, Dr. Patricia Sol\u00eds, and the Secretary General, Antonio Campuzano, warmly welcomed the Presidents of the Commissions, as well as the members of the Committees and Working Groups, among other guests.<\/p>\n\n\n\n<p class=\"has-white-color has-text-color has-link-color wp-elements-cdfb51c4cf57edd13bd471a5bbaf96c6\">These meetings are of great importance, as they allow the commissions to interact with each other in order to carry out joint projects within the framework of the Technical Assistance Program, as well as to evaluate those already underway, in addition to enriching the technical and academic presentations by the participating scientists.<\/p>\n<\/div>\n\n\n\n<div class=\"wp-block-column is-layout-flow wp-block-column-is-layout-flow\"><div class=\"wp-block-image\">\n<figure class=\"aligncenter size-large is-resized\"><img decoding=\"async\" loading=\"lazy\" src=\"https:\/\/www.ipgh.org\/en\/wp-content\/uploads\/2023\/12\/5a_reunion_tecnica01-1024x768.jpg\" alt=\"\" class=\"wp-image-6508\" style=\"width:429px;height:322px\" width=\"429\" height=\"322\" srcset=\"https:\/\/www.ipgh.org\/en\/wp-content\/uploads\/2023\/12\/5a_reunion_tecnica01-1024x768.jpg 1024w, https:\/\/www.ipgh.org\/en\/wp-content\/uploads\/2023\/12\/5a_reunion_tecnica01-300x225.jpg 300w, https:\/\/www.ipgh.org\/en\/wp-content\/uploads\/2023\/12\/5a_reunion_tecnica01-768x576.jpg 768w, https:\/\/www.ipgh.org\/en\/wp-content\/uploads\/2023\/12\/5a_reunion_tecnica01.jpg 1280w\" sizes=\"(max-width: 429px) 100vw, 429px\" \/><\/figure><\/div><\/div>\n<\/div>\n<\/div>\n<\/div>\n\n\n\n<div style=\"height:40px\" aria-hidden=\"true\" class=\"wp-block-spacer\"><\/div>\n<\/div><\/div>\n\n\n\n<div style=\"height:33px\" aria-hidden=\"true\" class=\"wp-block-spacer\"><\/div>\n\n\n\n<div class=\"wp-block-group alignfull has-background is-layout-flow wp-block-group-is-layout-flow\" style=\"background-color:#14346c\"><div class=\"wp-block-group__inner-container\">\n<div style=\"height:70px\" aria-hidden=\"true\" class=\"wp-block-spacer\"><\/div>\n\n\n\n<div class=\"wp-block-columns alignwide is-layout-flex wp-container-36 wp-block-columns-is-layout-flex\">\n<div class=\"wp-block-column is-layout-flow wp-block-column-is-layout-flow\" style=\"flex-basis:50%\">\n<figure class=\"wp-block-image size-full\"><img decoding=\"async\" loading=\"lazy\" width=\"822\" height=\"286\" src=\"https:\/\/www.ipgh.org\/en\/wp-content\/uploads\/2023\/07\/i9hihihi.jpeg\" alt=\"\" class=\"wp-image-6150\" srcset=\"https:\/\/www.ipgh.org\/en\/wp-content\/uploads\/2023\/07\/i9hihihi.jpeg 822w, https:\/\/www.ipgh.org\/en\/wp-content\/uploads\/2023\/07\/i9hihihi-300x104.jpeg 300w, https:\/\/www.ipgh.org\/en\/wp-content\/uploads\/2023\/07\/i9hihihi-768x267.jpeg 768w\" sizes=\"(max-width: 822px) 100vw, 822px\" \/><\/figure>\n<\/div>\n\n\n\n<div class=\"wp-block-column is-vertically-aligned-center is-layout-flow wp-block-column-is-layout-flow\" style=\"flex-basis:50%\">\n<hr class=\"wp-block-separator has-text-color has-alpha-channel-opacity has-background is-style-wide\" style=\"background-color:#f1cc64;color:#f1cc64\"\/>\n<\/div>\n<\/div>\n\n\n\n<div style=\"height:21px\" aria-hidden=\"true\" class=\"wp-block-spacer\"><\/div>\n\n\n\n<div class=\"wp-block-columns alignwide is-layout-flex wp-container-43 wp-block-columns-is-layout-flex\">\n<div class=\"wp-block-column is-vertically-aligned-top is-layout-flow wp-block-column-is-layout-flow\">\n<div class=\"wp-block-group is-layout-constrained wp-block-group-is-layout-constrained\"><div class=\"wp-block-group__inner-container\">\n<div class=\"wp-block-group has-vivid-purple-color has-text-color is-vertical is-layout-flex wp-container-37 wp-block-group-is-layout-flex\" style=\"padding-top:0;padding-right:0;padding-bottom:0;padding-left:0\">\n<figure class=\"wp-block-image size-large is-resized\"><img decoding=\"async\" loading=\"lazy\" src=\"https:\/\/www.ipgh.org\/en\/wp-content\/uploads\/2023\/07\/100-REUNION-DE-AUTORIDADES-1-768x1024.png\" alt=\"\" class=\"wp-image-6151\" style=\"width:266px;height:354px\" width=\"266\" height=\"354\" srcset=\"https:\/\/www.ipgh.org\/en\/wp-content\/uploads\/2023\/07\/100-REUNION-DE-AUTORIDADES-1-768x1023.png 768w, https:\/\/www.ipgh.org\/en\/wp-content\/uploads\/2023\/07\/100-REUNION-DE-AUTORIDADES-1-225x300.png 225w, https:\/\/www.ipgh.org\/en\/wp-content\/uploads\/2023\/07\/100-REUNION-DE-AUTORIDADES-1-1153x1536.png 1153w, https:\/\/www.ipgh.org\/en\/wp-content\/uploads\/2023\/07\/100-REUNION-DE-AUTORIDADES-1.png 1500w\" sizes=\"(max-width: 266px) 100vw, 266px\" \/><\/figure>\n<\/div>\n<\/div><\/div>\n<\/div>\n\n\n\n<div class=\"wp-block-column is-vertically-aligned-top is-layout-flow wp-block-column-is-layout-flow\">\n<p class=\"has-white-color has-text-color\" style=\"font-size:15px\">On Monday, October 30, at their 100th Meeting, PAIGH authorities will share experiences, reflect on past achievements, and outline the Institute&#8217;s vision for the future.<\/p>\n<\/div>\n\n\n\n<div class=\"wp-block-column is-layout-flow wp-block-column-is-layout-flow\">\n<div class=\"wp-block-buttons is-layout-flex wp-block-buttons-is-layout-flex\">\n<div class=\"wp-block-button has-custom-width wp-block-button__width-100 has-custom-font-size is-style-outline has-small-font-size\"><a class=\"wp-block-button__link has-white-background-color has-text-color has-background wp-element-button\" style=\"border-radius:10px;color:#15336c\"><strong>Agenda<\/strong><\/a><\/div>\n\n\n\n<div class=\"wp-block-button has-custom-width wp-block-button__width-100 has-custom-font-size is-style-outline has-small-font-size\"><a class=\"wp-block-button__link has-white-background-color has-text-color has-background wp-element-button\" href=\"https:\/\/www.ipgh.org\/en\/wp-content\/uploads\/2023\/08\/AG24_PROYECTOS_DE_RESOLUCIONES.pdf\" style=\"border-radius:10px;color:#15336c\" target=\"_blank\" rel=\"noreferrer noopener\">Draft resolutions<\/a><\/div>\n<\/div>\n<\/div>\n<\/div>\n\n\n\n<div style=\"height:40px\" aria-hidden=\"true\" class=\"wp-block-spacer\"><\/div>\n<\/div><\/div>\n","protected":false},"excerpt":{"rendered":"<p>From November 1 to 3, 2023, experts, authorities, and leaders in the fields of geography, history, and Earth sciences gathered in the historic city of Santo Domingo, Dominican Republic, to address fundamental issues relevant to the Pan American region. From November 1 to 3, in the city of Santo Domingo, Dominican Republic, representatives of the <a class=\"read-more\" href=\"https:\/\/www.ipgh.org\/en\/?page_id=6502\">READ MORE<\/a><\/p>\n","protected":false},"author":1,"featured_media":0,"parent":367,"menu_order":0,"comment_status":"closed","ping_status":"closed","template":"","meta":{"footnotes":""},"_links":{"self":[{"href":"https:\/\/www.ipgh.org\/en\/index.php?rest_route=\/wp\/v2\/pages\/6502"}],"collection":[{"href":"https:\/\/www.ipgh.org\/en\/index.php?rest_route=\/wp\/v2\/pages"}],"about":[{"href":"https:\/\/www.ipgh.org\/en\/index.php?rest_route=\/wp\/v2\/types\/page"}],"author":[{"embeddable":true,"href":"https:\/\/www.ipgh.org\/en\/index.php?rest_route=\/wp\/v2\/users\/1"}],"replies":[{"embeddable":true,"href":"https:\/\/www.ipgh.org\/en\/index.php?rest_route=%2Fwp%2Fv2%2Fcomments&post=6502"}],"version-history":[{"count":28,"href":"https:\/\/www.ipgh.org\/en\/index.php?rest_route=\/wp\/v2\/pages\/6502\/revisions"}],"predecessor-version":[{"id":10965,"href":"https:\/\/www.ipgh.org\/en\/index.php?rest_route=\/wp\/v2\/pages\/6502\/revisions\/10965"}],"up":[{"embeddable":true,"href":"https:\/\/www.ipgh.org\/en\/index.php?rest_route=\/wp\/v2\/pages\/367"}],"wp:attachment":[{"href":"https:\/\/www.ipgh.org\/en\/index.php?rest_route=%2Fwp%2Fv2%2Fmedia&parent=6502"}],"curies":[{"name":"wp","href":"https:\/\/api.w.org\/{rel}","templated":true}]}}