{"id":6758,"date":"2024-02-29T13:33:23","date_gmt":"2024-02-29T19:33:23","guid":{"rendered":"https:\/\/www.ipgh.org\/en\/?page_id=6758"},"modified":"2025-02-21T12:54:17","modified_gmt":"2025-02-21T18:54:17","slug":"23%e1%b5%83-asamblea-general-resoluciones-aprobadas-2","status":"publish","type":"page","link":"https:\/\/www.ipgh.org\/en\/?page_id=6758","title":{"rendered":"Resoluciones aprobadas &#8211; Resolutions Approved"},"content":{"rendered":"\n<figure class=\"wp-block-table aligncenter is-style-stripes has-medium-font-size\"><table class=\"has-white-background-color has-text-color has-background\" style=\"color:#143169\"><tbody><tr><td class=\"has-text-align-left\" data-align=\"left\"><strong>RES. 1<\/strong><\/td><\/tr><tr><td class=\"has-text-align-left\" data-align=\"left\"><a href=\"https:\/\/www.ipgh.org\/en\/wp-content\/uploads\/2024\/07\/Resolucion1_Actualizacion-y-extension_final2.pdf\" target=\"_blank\" rel=\"noreferrer noopener\">\u2705 Actualizaci\u00f3n y extensi\u00f3n de la Agenda Panamericana<\/a><\/td><\/tr><tr><td class=\"has-text-align-left\" data-align=\"left\"><a href=\"https:\/\/www.ipgh.org\/en\/wp-content\/uploads\/2024\/07\/Resolutions_24AG_English_RES1_GOOD2.pdf\" target=\"_blank\" rel=\"noreferrer noopener\">\u2611\ufe0f Updating and extension of the Pan American Agenda<\/a><\/td><\/tr><tr><td class=\"has-text-align-left\" data-align=\"left\">&nbsp;<\/td><\/tr><tr><td class=\"has-text-align-left\" data-align=\"left\"><strong>RES. 2<\/strong><\/td><\/tr><tr><td class=\"has-text-align-left\" data-align=\"left\"><strong>\u2705<\/strong> <a href=\"https:\/\/www.ipgh.org\/en\/wp-content\/uploads\/2024\/02\/Resolucion2_Declaracion-de-adhesion.pdf\" target=\"_blank\" rel=\"noreferrer noopener\">Declaraci\u00f3n de adhesi\u00f3n a los Principios fundamentales de la <em>Carta de Locus<\/em> (<em>Locus charter<\/em>) sobre la \u00e9tica de los datos de localizaci\u00f3n<\/a><\/td><\/tr><tr><td class=\"has-text-align-left\" data-align=\"left\"><a href=\"https:\/\/www.ipgh.org\/en\/wp-content\/uploads\/2024\/02\/Resolutions_24AG_English_RES2.pdf\" target=\"_blank\" rel=\"noreferrer noopener\">\u2611\ufe0f Declaration of affirmation of the Fundamental Principles of the <em>Locus Charter <\/em>about the ethics of location data<\/a><\/td><\/tr><tr><td class=\"has-text-align-left\" data-align=\"left\">&nbsp;<\/td><\/tr><tr><td class=\"has-text-align-left\" data-align=\"left\"><strong>RES. 3<\/strong><\/td><\/tr><tr><td class=\"has-text-align-left\" data-align=\"left\">\u2705 <a href=\"https:\/\/www.ipgh.org\/en\/wp-content\/uploads\/2024\/02\/Resolucion3_Elevar-el-estatus-del-Grupo-de-Trabajo.pdf\">Elevar el estatus del Grupo de Trabajo Sobre Nombres Geogr\u00e1ficos a Comit\u00e9 de Nombres Geogr\u00e1ficos \u201cJos\u00e9 Joaqu\u00edn Hungr\u00eda Morell\u201d de la Comisi\u00f3n de Cartograf\u00eda del Instituto Panamericano de Geograf\u00eda e Historia<\/a><\/td><\/tr><tr><td class=\"has-text-align-left\" data-align=\"left\"><a href=\"https:\/\/www.ipgh.org\/en\/wp-content\/uploads\/2024\/02\/Resolutions_24AG_English_RES3.pdf\" target=\"_blank\" rel=\"noreferrer noopener\"><strong>\u2611\ufe0f<\/strong> Raising the status of the Geographic Names Working Group to that of the \u201cJos\u00e9 Joaqu\u00edn Hungr\u00eda Morell\u201d, Geographic Names Committee of the Cartography Commission of the Pan American Institute of Geography and History<\/a><\/td><\/tr><tr><td class=\"has-text-align-left\" data-align=\"left\">&nbsp;<\/td><\/tr><tr><td class=\"has-text-align-left\" data-align=\"left\"><strong>RES. 4<\/strong><\/td><\/tr><tr><td class=\"has-text-align-left\" data-align=\"left\">\u2705 <a href=\"https:\/\/www.ipgh.org\/en\/wp-content\/uploads\/2024\/02\/Resolucion4_Agradecimiento-a-la-Republica-de-Corea.pdf\" target=\"_blank\" rel=\"noreferrer noopener\">Agradecimiento a la Rep\u00fablica de Corea por sus contribuciones como Estado Observador Permanente del Instituto Panamericano de Geograf\u00eda e Historia<\/a><\/td><\/tr><tr><td class=\"has-text-align-left\" data-align=\"left\"><a href=\"https:\/\/www.ipgh.org\/en\/wp-content\/uploads\/2024\/02\/Resolutions_24AG_English_RES4.pdf\" target=\"_blank\" rel=\"noreferrer noopener\">\u2611\ufe0f Appreciation expressed to the Republic of Korea for its contributions as a Permanent Observer State of the Pan American Institute of Geography and History<\/a><\/td><\/tr><tr><td class=\"has-text-align-left\" data-align=\"left\">&nbsp;<\/td><\/tr><tr><td class=\"has-text-align-left\" data-align=\"left\"><strong>RES. 5<\/strong><\/td><\/tr><tr><td class=\"has-text-align-left\" data-align=\"left\">\u2705 <a href=\"https:\/\/www.ipgh.org\/en\/wp-content\/uploads\/2024\/02\/Resolucion5_Cuotas-anuales-de-los-Estado-Miembros.pdf\" target=\"_blank\" rel=\"noreferrer noopener\">Cuotas anuales de los Estados Miembros del Instituto Panamericano de Geograf\u00eda e Historia para el a\u00f1o 2024<\/a><\/td><\/tr><tr><td class=\"has-text-align-left\" data-align=\"left\"><a href=\"https:\/\/www.ipgh.org\/en\/wp-content\/uploads\/2024\/02\/Resolutions_24AG_English_RES5.pdf\" target=\"_blank\" rel=\"noreferrer noopener\">\u2611\ufe0f Annual quotas of the Member States of the Pan American Institute of Geography and History for the year 2024<\/a><\/td><\/tr><tr><td class=\"has-text-align-left\" data-align=\"left\">&nbsp;<\/td><\/tr><tr><td class=\"has-text-align-left\" data-align=\"left\"><strong>RES. 6<\/strong><\/td><\/tr><tr><td class=\"has-text-align-left\" data-align=\"left\">\u2705 <a href=\"https:\/\/www.ipgh.org\/en\/wp-content\/uploads\/2024\/02\/Resolucion6_Presentacion-del-informe-pormenorizado.pdf\" target=\"_blank\" rel=\"noreferrer noopener\">Presentaci\u00f3n del Informe Pormenorizado del Presupuesto General para el fortalecimiento del Programa De Asistencia T\u00e9cnica del Instituto Panamericano de Geograf\u00eda e Historia<\/a><\/td><\/tr><tr><td class=\"has-text-align-left\" data-align=\"left\"><a href=\"https:\/\/www.ipgh.org\/en\/wp-content\/uploads\/2024\/02\/Resolutions_24AG_English_RES6.pdf\" target=\"_blank\" rel=\"noreferrer noopener\">\u2611\ufe0f Presentation of the Detailed Report on the General Budget for strengthening the Program of Technical Assistance of the Pan American Institute of Geography and History<\/a><\/td><\/tr><tr><td class=\"has-text-align-left\" data-align=\"left\">&nbsp;<\/td><\/tr><tr><td class=\"has-text-align-left\" data-align=\"left\"><strong>RES. 7<\/strong><\/td><\/tr><tr><td class=\"has-text-align-left\" data-align=\"left\"><a href=\"https:\/\/www.ipgh.org\/en\/wp-content\/uploads\/2024\/02\/Resolucion7_Presupuesto-general.pdf\">\u2705 Presupuesto General del Instituto Panamericano de Geograf\u00eda e Historia para el 2024<\/a><\/td><\/tr><tr><td class=\"has-text-align-left\" data-align=\"left\"><a href=\"https:\/\/www.ipgh.org\/en\/wp-content\/uploads\/2024\/02\/Resolutions_24AG_English_RES7.pdf\">\u2611\ufe0f General Budget of the Pan American Institute of Geography and History, for the year 2024<\/a><\/td><\/tr><tr><td class=\"has-text-align-left\" data-align=\"left\">&nbsp;<\/td><\/tr><tr><td class=\"has-text-align-left\" data-align=\"left\"><strong>RES. 8<\/strong><\/td><\/tr><tr><td class=\"has-text-align-left\" data-align=\"left\"><a href=\"https:\/\/www.ipgh.org\/en\/wp-content\/uploads\/2024\/02\/Resolucion8_Reconocimiento-a-las-Autoridades-del-IPGH.pdf\" target=\"_blank\" rel=\"noreferrer noopener\">\u2705 Reconocimiento a las Autoridades del Instituto Panamericano de Geograf\u00eda e Historia<\/a><\/td><\/tr><tr><td class=\"has-text-align-left\" data-align=\"left\"><a href=\"https:\/\/www.ipgh.org\/en\/wp-content\/uploads\/2024\/02\/Resolutions_24AG_English_RES8.pdf\" target=\"_blank\" rel=\"noreferrer noopener\">\u2611\ufe0f Recognition given to the Authorities of the Pan American Institute of Geography and History<\/a><\/td><\/tr><tr><td class=\"has-text-align-left\" data-align=\"left\">&nbsp;<\/td><\/tr><tr><td class=\"has-text-align-left\" data-align=\"left\"><strong>RES. 9<\/strong><\/td><\/tr><tr><td class=\"has-text-align-left\" data-align=\"left\"><a href=\"https:\/\/www.ipgh.org\/en\/wp-content\/uploads\/2024\/02\/Resolucion9_Aprobacion-de-la-obtencion-y-administracion.pdf\" target=\"_blank\" rel=\"noreferrer noopener\">\u2705 Aprobaci\u00f3n de la obtenci\u00f3n y administraci\u00f3n de fondos para los festejos del Centenario del Instituto Panamericano de Geograf\u00eda e Historia<\/a><\/td><\/tr><tr><td class=\"has-text-align-left\" data-align=\"left\"><a href=\"https:\/\/www.ipgh.org\/en\/wp-content\/uploads\/2024\/02\/Resolutions_24AG_English_RES9.pdf\" target=\"_blank\" rel=\"noreferrer noopener\">\u2611\ufe0f Approval for obtaining and managing the funds for the celebrations of the Centenary of the Pan American Institute of Geography and History<\/a><\/td><\/tr><tr><td class=\"has-text-align-left\" data-align=\"left\">&nbsp;<\/td><\/tr><tr><td class=\"has-text-align-left\" data-align=\"left\"><strong>RES. 10<\/strong><\/td><\/tr><tr><td class=\"has-text-align-left\" data-align=\"left\"><a href=\"https:\/\/www.ipgh.org\/en\/wp-content\/uploads\/2024\/02\/Resolucion10_Aprobacion-de-fondos-destinados-al-sostenimiento-de-SIRGAS.pdf\" target=\"_blank\" rel=\"noreferrer noopener\">\u2705 Aprobaci\u00f3n de fondos destinados al sostenimiento del Sistema de Referencia Geod\u00e9sico para las Am\u00e9ricas (SIRGAS)<\/a><\/td><\/tr><tr><td class=\"has-text-align-left\" data-align=\"left\"><a href=\"https:\/\/www.ipgh.org\/en\/wp-content\/uploads\/2024\/02\/Resolutions_24AG_English_RES10.pdf\" target=\"_blank\" rel=\"noreferrer noopener\">\u2611\ufe0f Approval of funds intended for sustaining the Geodesic Reference System for the Americas (SIRGAS)<\/a><\/td><\/tr><tr><td class=\"has-text-align-left\" data-align=\"left\">&nbsp;<\/td><\/tr><tr><td class=\"has-text-align-left\" data-align=\"left\"><strong>RES. 11<\/strong><\/td><\/tr><tr><td class=\"has-text-align-left\" data-align=\"left\"><a href=\"https:\/\/www.ipgh.org\/en\/wp-content\/uploads\/2024\/02\/Resolucion11_Aprobacion-de-fondos-destinados-al-sostenimiento-de-UN-GGIM-Americas.pdf\" target=\"_blank\" rel=\"noreferrer noopener\">\u2705 Aprobaci\u00f3n de fondos destinados al sostenimiento del Comit\u00e9 Regional de las Naciones Unidas sobre Gesti\u00f3n Global de Informaci\u00f3n Geoespacial para las Am\u00e9ricas (UN-GGIM: Am\u00e9ricas)<\/a><\/td><\/tr><tr><td class=\"has-text-align-left\" data-align=\"left\"><a href=\"https:\/\/www.ipgh.org\/en\/wp-content\/uploads\/2024\/02\/Resolutions_24AG_English_RES11.pdf\" target=\"_blank\" rel=\"noreferrer noopener\">\u2611\ufe0f Approval of funds intended for sustaining the Americas Regional Committee of the United Nations Committee of Experts on Global Geospatial Information Management UN-GGIM: Americas)<\/a><\/td><\/tr><tr><td class=\"has-text-align-left\" data-align=\"left\">&nbsp;<\/td><\/tr><tr><td class=\"has-text-align-left\" data-align=\"left\"><strong>RES. 12<\/strong><\/td><\/tr><tr><td class=\"has-text-align-left\" data-align=\"left\"><a href=\"https:\/\/www.ipgh.org\/en\/wp-content\/uploads\/2024\/02\/Resolucion12_Alineacion-del-Reglamento-de-la-Asamblea-General.pdf\" target=\"_blank\" rel=\"noreferrer noopener\">\u2705 Alineaci\u00f3n del Reglamento de la Asamblea General con el Estatuto Org\u00e1nico del Instituto Panamericano de Geograf\u00eda e Historia<\/a><\/td><\/tr><tr><td class=\"has-text-align-left\" data-align=\"left\"><a href=\"https:\/\/www.ipgh.org\/en\/wp-content\/uploads\/2024\/02\/Resolutions_24AG_English_RES12.pdf\" target=\"_blank\" rel=\"noreferrer noopener\">\u2611\ufe0f Alignment of the Rules of Procedure for the General Assembly with the Organic Statute of the Pan American Institute of Geography and History<\/a><\/td><\/tr><tr><td class=\"has-text-align-left\" data-align=\"left\">&nbsp;<\/td><\/tr><tr><td class=\"has-text-align-left\" data-align=\"left\"><strong>RES. 13<\/strong><\/td><\/tr><tr><td class=\"has-text-align-left\" data-align=\"left\"><a href=\"https:\/\/www.ipgh.org\/en\/wp-content\/uploads\/2024\/02\/Resolucion13_Alineacion-del-Reglamento-de-la-Secretaria-General.pdf\" target=\"_blank\" rel=\"noreferrer noopener\">\u2705 Alineaci\u00f3n del Reglamento de la Secretar\u00eda General con el Estatuto Org\u00e1nico del Instituto Panamericano de Geograf\u00eda e Historia<\/a><\/td><\/tr><tr><td class=\"has-text-align-left\" data-align=\"left\"><a href=\"https:\/\/www.ipgh.org\/en\/wp-content\/uploads\/2024\/02\/Resolutions_24AG_English_RES13.pdf\" target=\"_blank\" rel=\"noreferrer noopener\">\u2611\ufe0f Alignment of the Rules of Procedure for the General Secretariat with the Organic Statute of the Pan American Institute of Geography and History<\/a><\/td><\/tr><tr><td class=\"has-text-align-left\" data-align=\"left\">&nbsp;<\/td><\/tr><tr><td class=\"has-text-align-left\" data-align=\"left\"><strong>RES. 14<\/strong><\/td><\/tr><tr><td class=\"has-text-align-left\" data-align=\"left\"><a href=\"https:\/\/www.ipgh.org\/en\/wp-content\/uploads\/2024\/02\/Resolucion14_Creacion-del-Reglamento-de-la-Condecoracion.pdf\" target=\"_blank\" rel=\"noreferrer noopener\">\u2705 Creaci\u00f3n del Reglamento de la Condecoraci\u00f3n Panamericana del Instituto Panamericano de Geograf\u00eda e Historia<\/a><\/td><\/tr><tr><td class=\"has-text-align-left\" data-align=\"left\"><a href=\"https:\/\/www.ipgh.org\/en\/wp-content\/uploads\/2024\/02\/Resolutions_24AG_English_RES14.pdf\" target=\"_blank\" rel=\"noreferrer noopener\">\u2611\ufe0f Creation of the Regulations for the Pan American Award of the Pan American Institute of Geography and History<\/a><\/td><\/tr><tr><td class=\"has-text-align-left\" data-align=\"left\">&nbsp;<\/td><\/tr><tr><td class=\"has-text-align-left\" data-align=\"left\"><strong>RES. 15<\/strong><\/td><\/tr><tr><td class=\"has-text-align-left\" data-align=\"left\"><a href=\"https:\/\/www.ipgh.org\/en\/wp-content\/uploads\/2024\/02\/Resolucion15_Colocacion-de-placa-conmemorativa.pdf\" target=\"_blank\" rel=\"noreferrer noopener\">\u2705 Colocaci\u00f3n de Placa Conmemorativa para inaugurar la Hemeroteca del Palacio Sede del Instituto Panamericano de Geograf\u00eda e Historia y denominarla con el nombre de \u201cH\u00e9ctor Oscar Jos\u00e9 Pena\u201d<\/a><\/td><\/tr><tr><td class=\"has-text-align-left\" data-align=\"left\"><a href=\"https:\/\/www.ipgh.org\/en\/wp-content\/uploads\/2024\/02\/Resolutions_24AG_English_RES15.pdf\" target=\"_blank\" rel=\"noreferrer noopener\">\u2611\ufe0f Placement of a Commemorative Plaque for inaugurating the Journal And Magazine Library of the Palace Headquarters of the Pan American Institute of Geography And History, to name it after \u201cH\u00e9ctor Oscar Jos\u00e9 Pena\u201d<\/a><\/td><\/tr><tr><td class=\"has-text-align-left\" data-align=\"left\">&nbsp;<\/td><\/tr><tr><td class=\"has-text-align-left\" data-align=\"left\"><strong>RES. 16<\/strong><\/td><\/tr><tr><td class=\"has-text-align-left\" data-align=\"left\"><a href=\"https:\/\/www.ipgh.org\/en\/wp-content\/uploads\/2024\/02\/Resolucion16_Ratificacion-de-convenios-suscritos.pdf\">\u2705 Ratificaci\u00f3n de convenios suscritos entre diversas entidades y el Instituto Panamericano de Geograf\u00eda e Historia<\/a><\/td><\/tr><tr><td class=\"has-text-align-left\" data-align=\"left\"><a href=\"https:\/\/www.ipgh.org\/en\/wp-content\/uploads\/2024\/02\/Resolutions_24AG_English_RES16.pdf\" target=\"_blank\" rel=\"noreferrer noopener\">\u2611\ufe0f Ratification of agreements signed between various entities and the Pan American Institute of Geography and History<\/a><\/td><\/tr><tr><td class=\"has-text-align-left\" data-align=\"left\">&nbsp;<\/td><\/tr><tr><td class=\"has-text-align-left\" data-align=\"left\"><strong>RES. 17<\/strong><\/td><\/tr><tr><td class=\"has-text-align-left\" data-align=\"left\"><a href=\"https:\/\/www.ipgh.org\/en\/wp-content\/uploads\/2024\/02\/Resolucion17_Sede-de-la-25a-Asamblea.pdf\" target=\"_blank\" rel=\"noreferrer noopener\">\u2705 Sede de la 25<sup>a<\/sup> Asamblea General  y la 102<sup>a<\/sup> Reuni\u00f3n de Autoridades del Instituto Panamericano de Geograf\u00eda e Historia<\/a><\/td><\/tr><tr><td class=\"has-text-align-left\" data-align=\"left\"><a href=\"https:\/\/www.ipgh.org\/en\/wp-content\/uploads\/2024\/02\/Resolutions_24AG_English_RES17.pdf\" target=\"_blank\" rel=\"noreferrer noopener\">\u2611\ufe0f Host and location of the 25<sup>th<\/sup> General Assembly and the 102<sup>nd<\/sup> Meeting of the Authorities of the pan American Institute of Geography and History<\/a><\/td><\/tr><tr><td class=\"has-text-align-left\" data-align=\"left\">&nbsp;<\/td><\/tr><tr><td class=\"has-text-align-left\" data-align=\"left\"><strong>RES. 18<\/strong><\/td><\/tr><tr><td class=\"has-text-align-left\" data-align=\"left\"><a href=\"https:\/\/www.ipgh.org\/en\/wp-content\/uploads\/2024\/02\/Resolucion18_Presentacion-de-los-informes.pdf\" target=\"_blank\" rel=\"noreferrer noopener\">\u2705 Presentaci\u00f3n de los Informes de las Secciones Nacionales del Instituto Panamericano de Geograf\u00eda e Historia correspondientes al 2023<\/a><\/td><\/tr><tr><td class=\"has-text-align-left\" data-align=\"left\"><a href=\"https:\/\/www.ipgh.org\/en\/wp-content\/uploads\/2024\/02\/Resolutions_24AG_English_RES18.pdf\" target=\"_blank\" rel=\"noreferrer noopener\">\u2611\ufe0f Presentation of the Reports of the National Sections of the Pan American Institute of Geography and History Corresponding to the year 2023<\/a><\/td><\/tr><tr><td class=\"has-text-align-left\" data-align=\"left\"><\/td><\/tr><tr><td class=\"has-text-align-left\" data-align=\"left\"><strong>RES. 19<\/strong><\/td><\/tr><tr><td class=\"has-text-align-left\" data-align=\"left\"><a href=\"https:\/\/www.ipgh.org\/en\/wp-content\/uploads\/2024\/02\/Resolucion19_Reconocimiento-y-felicitacion-al-CEPEIGE.pdf\" target=\"_blank\" rel=\"noreferrer noopener\">\u2705 Reconocimiento y felicitaci\u00f3n al Centro Panamericano de Estudios e Investigaciones Geogr\u00e1ficas (CEPEIGE) por la conmemoraci\u00f3n de su 50\u00ba aniversario del inicio de sus actividades<\/a><\/td><\/tr><tr><td class=\"has-text-align-left\" data-align=\"left\"><a href=\"https:\/\/www.ipgh.org\/en\/wp-content\/uploads\/2024\/02\/Resolutions_24AG_English_RES19.pdf\" target=\"_blank\" rel=\"noreferrer noopener\">\u2611\ufe0f&nbsp;Recognition and congratulations for the Center for Geographic Studies and Research (CEPEIGE), At The Commemoration Of Its 50<sup>th<\/sup> Anniversary Since The Start Of Its Activities<\/a><\/td><\/tr><tr><td class=\"has-text-align-left\" data-align=\"left\"><\/td><\/tr><tr><td class=\"has-text-align-left\" data-align=\"left\"><strong>RES.<\/strong> <strong>20<\/strong><\/td><\/tr><tr><td class=\"has-text-align-left\" data-align=\"left\"><a href=\"https:\/\/www.ipgh.org\/en\/wp-content\/uploads\/2024\/02\/Resolucion20_Reconocimiento-y-felicitacion-SIRGAS.pdf\" target=\"_blank\" rel=\"noreferrer noopener\">\u2705 Reconocimiento y felicitaci\u00f3n al Sistema de Referencia Geod\u00e9sico para las Am\u00e9ricas (SIRGAS) por el 30\u00ba Aniversario de su creaci\u00f3n<\/a><\/td><\/tr><tr><td class=\"has-text-align-left\" data-align=\"left\"><a href=\"https:\/\/www.ipgh.org\/en\/wp-content\/uploads\/2024\/02\/Resolutions_24AG_English_RES20.pdf\" target=\"_blank\" rel=\"noreferrer noopener\">\u2611\ufe0f Recognition and congratulations for the Geodesic Reference System for the Americas (SIRGAS) upon the 30<sup>th<\/sup> Anniversary of its foundation<\/a><\/td><\/tr><tr><td class=\"has-text-align-left\" data-align=\"left\"><\/td><\/tr><tr><td class=\"has-text-align-left\" data-align=\"left\"><strong>RES. 21<\/strong><\/td><\/tr><tr><td class=\"has-text-align-left\" data-align=\"left\"><a href=\"https:\/\/www.ipgh.org\/en\/wp-content\/uploads\/2024\/02\/Resolucion21_Reconocimiento-y-felicitacion-al-UN-GGIM_-Americas.pdf\" target=\"_blank\" rel=\"noreferrer noopener\">\u2705 Reconocimiento y felicitaci\u00f3n al Comit\u00e9 Regional de Naciones Unidas sobre Gesti\u00f3n Global de la Informaci\u00f3n Geoespacial para las Am\u00e9ricas (UN-GGIM: Am\u00e9ricas) por su 10\u00ba Aniversario<\/a><\/td><\/tr><tr><td class=\"has-text-align-left\" data-align=\"left\"><a href=\"https:\/\/www.ipgh.org\/en\/wp-content\/uploads\/2024\/02\/Resolutions_24AG_English_RES21.pdf\" target=\"_blank\" rel=\"noreferrer noopener\">\u2611\ufe0f Recognition and congratulations for the Americas Regional Committee of the United Nations Committee of Experts on Global Geospatial Information Management (UN-GGIM: americas) upon its 10<sup>th<\/sup> Anniversary<\/a><\/td><\/tr><tr><td class=\"has-text-align-left\" data-align=\"left\"><\/td><\/tr><tr><td class=\"has-text-align-left\" data-align=\"left\"><strong>RES. 22<\/strong><\/td><\/tr><tr><td class=\"has-text-align-left\" data-align=\"left\"><a href=\"https:\/\/www.ipgh.org\/en\/wp-content\/uploads\/2024\/02\/Resolucion22_Aceptacion-de-los-informes-de-la-Autoridades.pdf\" target=\"_blank\" rel=\"noreferrer noopener\">\u2705 Aceptaci\u00f3n de los Informes de las Autoridades del Instituto Panamericano de Geograf\u00eda e Historia correspondientes a 2023<\/a><\/td><\/tr><tr><td class=\"has-text-align-left\" data-align=\"left\"><a href=\"https:\/\/www.ipgh.org\/en\/wp-content\/uploads\/2024\/02\/Resolutions_24AG_English_RES22.pdf\" target=\"_blank\" rel=\"noreferrer noopener\">\u2611\ufe0f Acceptance of the reports of the Authorities of the Pan American Institute of Geography and History corresponding to the year 2023<\/a><\/td><\/tr><tr><td class=\"has-text-align-left\" data-align=\"left\"><\/td><\/tr><tr><td class=\"has-text-align-left\" data-align=\"left\"><strong>RES. 23<\/strong><\/td><\/tr><tr><td class=\"has-text-align-left\" data-align=\"left\"><a href=\"https:\/\/www.ipgh.org\/en\/wp-content\/uploads\/2024\/02\/Resolucion23_Reconocimiento-al-gobierno-de-la-RepDom.pdf\" target=\"_blank\" rel=\"noreferrer noopener\">\u2705 Reconocimiento al Gobierno de la Rep\u00fablica Dominicana, al Instituto Geogr\u00e1fico Nacional \u201cJos\u00e9 Joaqu\u00edn Hungr\u00eda Morell\u201d y al Comit\u00e9 Organizador por la preparaci\u00f3n de la 24\u00aa Asamblea General y reuniones conexas<\/a><\/td><\/tr><tr><td class=\"has-text-align-left\" data-align=\"left\"><a href=\"https:\/\/www.ipgh.org\/en\/wp-content\/uploads\/2024\/02\/Resolutions_24AG_English_RES23.pdf\" target=\"_blank\" rel=\"noreferrer noopener\">\u2611\ufe0f Recognition for the Government of the Dominican Republic, the \u201cJos\u00e9 Joaqu\u00edn Hungr\u00eda Morell\u201d National Geographic Institute and the Organizing Committee, for the preparation of the 24<sup>th<\/sup> General Assembly and associated meetings<\/a><\/td><\/tr><tr><td class=\"has-text-align-left\" data-align=\"left\"><a href=\"https:\/\/www.ipgh.org\/en\/wp-content\/uploads\/2025\/02\/24AG_Resoluciones_Aprobadas_GOOD.pdf\" target=\"_blank\" rel=\"noreferrer noopener\">\u2705 <strong>RESOLUCIONES APROBADAS<\/strong><\/a><\/td><\/tr><tr><td class=\"has-text-align-left\" data-align=\"left\">\u2611\ufe0f <strong><a rel=\"noreferrer noopener\" href=\"https:\/\/www.ipgh.org\/en\/wp-content\/uploads\/2024\/01\/Resolutions_24AG_English.pdf\" target=\"_blank\">RESOLUTIONS <\/a><strong>APPROVED <\/strong><\/strong><\/td><\/tr><\/tbody><\/table><\/figure>\n\n\n\n<p><\/p>\n","protected":false},"excerpt":{"rendered":"<p>RES. 1 \u2705 Actualizaci\u00f3n y extensi\u00f3n de la Agenda Panamericana \u2611\ufe0f Updating and extension of the Pan American Agenda &nbsp; RES. 2 \u2705 Declaraci\u00f3n de adhesi\u00f3n a los Principios fundamentales de la Carta de Locus (Locus charter) sobre la \u00e9tica de los datos de localizaci\u00f3n \u2611\ufe0f Declaration of affirmation of the Fundamental Principles of the <a class=\"read-more\" href=\"https:\/\/www.ipgh.org\/en\/?page_id=6758\">READ MORE<\/a><\/p>\n","protected":false},"author":1,"featured_media":0,"parent":0,"menu_order":0,"comment_status":"closed","ping_status":"closed","template":"","meta":{"footnotes":""},"_links":{"self":[{"href":"https:\/\/www.ipgh.org\/en\/index.php?rest_route=\/wp\/v2\/pages\/6758"}],"collection":[{"href":"https:\/\/www.ipgh.org\/en\/index.php?rest_route=\/wp\/v2\/pages"}],"about":[{"href":"https:\/\/www.ipgh.org\/en\/index.php?rest_route=\/wp\/v2\/types\/page"}],"author":[{"embeddable":true,"href":"https:\/\/www.ipgh.org\/en\/index.php?rest_route=\/wp\/v2\/users\/1"}],"replies":[{"embeddable":true,"href":"https:\/\/www.ipgh.org\/en\/index.php?rest_route=%2Fwp%2Fv2%2Fcomments&post=6758"}],"version-history":[{"count":29,"href":"https:\/\/www.ipgh.org\/en\/index.php?rest_route=\/wp\/v2\/pages\/6758\/revisions"}],"predecessor-version":[{"id":10181,"href":"https:\/\/www.ipgh.org\/en\/index.php?rest_route=\/wp\/v2\/pages\/6758\/revisions\/10181"}],"wp:attachment":[{"href":"https:\/\/www.ipgh.org\/en\/index.php?rest_route=%2Fwp%2Fv2%2Fmedia&parent=6758"}],"curies":[{"name":"wp","href":"https:\/\/api.w.org\/{rel}","templated":true}]}}