{"id":6833,"date":"2024-04-17T11:54:58","date_gmt":"2024-04-17T16:54:58","guid":{"rendered":"https:\/\/www.ipgh.org\/en\/?page_id=6833"},"modified":"2025-07-04T09:16:19","modified_gmt":"2025-07-04T15:16:19","slug":"memorias-de-las-segundas-jornadas-academicas-del-conreso-americano-de-la-libertad","status":"publish","type":"page","link":"https:\/\/www.ipgh.org\/en\/?page_id=6833","title":{"rendered":"Proceedings of the Second Academic Seminar of the American Liberty Congress"},"content":{"rendered":"\n<p>The Second Academic Conference of the American Congress of Freedom was held at the facilities of the National Academy of History and Geography in Mexico City. The inauguration of this important event was in charge of Mr. Antonio Campuzano Rosales, Secretary General of the Pan American Institute of Geography and History (PAIGH), who had the honor of conducting the opening ceremonies.<\/p>\n\n\n\n<p>This Second Conference of the American Congress of Liberty was sponsored by the following institutions:<\/p>\n\n\n\n<p>National Academy of History of Ecuador, National Academy of History and Geography of Mexico, National Museum of History of Chapultepec, Center for Research on Latin America and the Caribbean of the National Autonomous University of Mexico. As well as the following international organizations in Mexico, as embassies: Latin American Institute of Educational Communication and the Pan American Institute of Geography and History.<\/p>\n\n\n\n<p>The Congress lasted three days, from May 23 to 25, 2023, and was an enriching space where ideas, research and reflections on the independence processes in the American continent were shared.<\/p>\n\n\n\n<p>Let us remember that the First Academic Conference of the American Congress of Liberty took place in the city of Quito, Ecuador, in May 2022 and that the third edition will be held in the city of Bogota, Colombia in 2024.<\/p>\n\n\n\n<p class=\"has-text-align-center\"><strong><a rel=\"noreferrer noopener\" href=\"https:\/\/www.ipgh.org\/en\/wp-content\/uploads\/2024\/04\/Memorias_SEGUNDAS_JORNADAS_web.pdf\" target=\"_blank\">Download book (spanish)<\/a><\/strong><\/p>\n\n\n<div class=\"wp-block-image\">\n<figure class=\"aligncenter size-medium is-resized\"><a href=\"https:\/\/www.ipgh.org\/en\/wp-content\/uploads\/2024\/04\/Memorias_SEGUNDAS_JORNADAS_web.pdf\" target=\"_blank\" rel=\"noreferrer noopener\"><img decoding=\"async\" loading=\"lazy\" src=\"https:\/\/www.ipgh.org\/en\/wp-content\/uploads\/2024\/04\/Captura-de-pantalla-2024-04-22-092623-211x300.png\" alt=\"\" class=\"wp-image-6915\" style=\"width:291px;height:414px\" width=\"291\" height=\"414\" srcset=\"https:\/\/www.ipgh.org\/en\/wp-content\/uploads\/2024\/04\/Captura-de-pantalla-2024-04-22-092623-211x300.png 211w, https:\/\/www.ipgh.org\/en\/wp-content\/uploads\/2024\/04\/Captura-de-pantalla-2024-04-22-092623.png 556w\" sizes=\"(max-width: 291px) 100vw, 291px\" \/><\/a><\/figure><\/div>\n\n\n<figure class=\"wp-block-table is-style-stripes\"><table class=\"has-black-color has-luminous-vivid-amber-background-color has-text-color has-background has-link-color has-fixed-layout\"><tbody><tr><td class=\"has-text-align-center\" data-align=\"center\"><img decoding=\"async\" src=\"https:\/\/www.ipgh.org\/en\/wp-content\/uploads\/2024\/09\/galeana-1.jpg\" alt=\"\"><br><strong>La dicotom\u00eda Monarqu\u00eda o Rep\u00fablica en M\u00e9xico<\/strong><br><em>Patricia Galeana Herrera<\/em><br><br><br><strong>[<a rel=\"noreferrer noopener\" href=\"https:\/\/youtu.be\/aP6zYlqorJA\" target=\"_blank\">Video]<\/a><\/strong><\/td><td class=\"has-text-align-center\" data-align=\"center\"><img decoding=\"async\" src=\"https:\/\/www.ipgh.org\/en\/wp-content\/uploads\/2024\/09\/rembis-1.jpg\" alt=\"\"><br><strong>Monarqu\u00edas mexicanas<\/strong><br><em>Eleonora Elizabeth Rembis Rubio<\/em><br><br><br><br><strong><a rel=\"noreferrer noopener\" href=\"https:\/\/youtu.be\/OdtBdbWfWqI?si=DiXdFBy56M4fffL5\" target=\"_blank\">[Video]<\/a><\/strong><\/td><td class=\"has-text-align-center\" data-align=\"center\"><img decoding=\"async\" src=\"https:\/\/www.ipgh.org\/en\/wp-content\/uploads\/2024\/09\/Ruiz.jpg\" alt=\"\"><br><strong>El monarquismo, una alternativa de gobierno para Am\u00e9rica Latina independiente<\/strong><br><em>Rub\u00e9n Ruiz Guerra<\/em><br><br><a rel=\"noreferrer noopener\" href=\"https:\/\/youtu.be\/iSb1_58na88?si=Z0-eU741EjXKjFFu\" target=\"_blank\"><strong>[Video]<\/strong><\/a><\/td><td class=\"has-text-align-center\" data-align=\"center\"><img decoding=\"async\" src=\"https:\/\/www.ipgh.org\/en\/wp-content\/uploads\/2024\/09\/Dosal.jpg\" alt=\"\"><br><strong>Sistemas de gobierno mon\u00e1rquicos, heter\u00e1rquicos y an\u00e1rquicos<\/strong><br><em>Jos\u00e9 Alejandro Dosal Luce<\/em><br><br><strong><a rel=\"noreferrer noopener\" href=\"https:\/\/youtu.be\/Wiyg9dLhxcE\" target=\"_blank\">[Video]<\/a><\/strong><\/td><\/tr><tr><td class=\"has-text-align-center\" data-align=\"center\"><img decoding=\"async\" src=\"https:\/\/www.ipgh.org\/en\/wp-content\/uploads\/2024\/09\/wagner.jpg\" alt=\"\"><br><strong>Luego de la independencia de Centroam\u00e9rica,<br>\u00bfMonarqu\u00eda o Rep\u00fablica?<\/strong><br><em>Regina Wagner Henn<\/em><br><br><br><strong><a rel=\"noreferrer noopener\" href=\"https:\/\/youtu.be\/dan7oKy5btE\" target=\"_blank\">[Video]<\/a><\/strong><\/td><td class=\"has-text-align-center\" data-align=\"center\"><img decoding=\"async\" src=\"https:\/\/www.ipgh.org\/en\/wp-content\/uploads\/2024\/10\/rodriguez.jpg\" alt=\"\"><br><strong>Puerto Rico en las revoluciones atl\u00e1nticas: la independencia imposible<\/strong><br><em>Jorge Rodr\u00edguez Beruff<\/em><br><br><br><strong><a rel=\"noreferrer noopener\" href=\"https:\/\/youtu.be\/T8UZqlUoyMc\" target=\"_blank\">[Video]<\/a><\/strong><\/td><td class=\"has-text-align-center\" data-align=\"center\"><img decoding=\"async\" src=\"https:\/\/www.ipgh.org\/en\/wp-content\/uploads\/2024\/10\/araya.jpg\" alt=\"\"><br><strong>El espectro del sistema mon\u00e1rquico en los primeros a\u00f1os de creaci\u00f3n del Estado de Costa Rica, 1821-1823<\/strong><br><em>Manuel Araya Incera<\/em><br><br><strong><a rel=\"noreferrer noopener\" href=\"https:\/\/youtu.be\/J4QuNHBgzMc\" target=\"_blank\">[Video]<\/a><\/strong><\/td><td class=\"has-text-align-center\" data-align=\"center\"><img decoding=\"async\" src=\"https:\/\/www.ipgh.org\/en\/wp-content\/uploads\/2024\/10\/jaen.jpg\" alt=\"\"><br><strong>Los tortuosos caminos de Hispanoam\u00e9rica hacia la libertad. (Monarqu\u00eda, Rep\u00fablica, Democracia, Autocracia)<\/strong><br><em>Omar Ja\u00e9n Su\u00e1rez<\/em><br><br><strong><a rel=\"noreferrer noopener\" href=\"https:\/\/youtu.be\/wiKKUp2SPVo\" target=\"_blank\">[Video]<\/a><\/strong><\/td><\/tr><tr><td class=\"has-text-align-center\" data-align=\"center\"><img decoding=\"async\" src=\"https:\/\/www.ipgh.org\/en\/wp-content\/uploads\/2024\/10\/ramos.jpg\" alt=\"\"><br><strong>Trascendencia y actualidad de la proclamaci\u00f3n de la independencia y fundaci\u00f3n del 1 de julio de 1823 y la fundaci\u00f3n de las Provincias Unidas del Centro de Am\u00e9rica<\/strong><br><em>V\u00edctor Manuel Ramos<\/em><br><br><strong><a rel=\"noreferrer noopener\" href=\"https:\/\/youtu.be\/qJG0L-TOAkc\" target=\"_blank\">[Video]<\/a><\/strong><\/td><td class=\"has-text-align-center\" data-align=\"center\"><img decoding=\"async\" src=\"https:\/\/www.ipgh.org\/en\/wp-content\/uploads\/2024\/10\/lopezejia.jpg\" alt=\"\"><br><strong>Entre lo antiguo y lo moderno: la transici\u00f3n del antiguo r\u00e9gimen al Estado Federal republicano en Centroam\u00e9rica<\/strong><br><em>Mar\u00eda Eugenia L\u00f3pez Mej\u00eda Vel\u00e1squez<\/em><br><br><br><strong><a rel=\"noreferrer noopener\" href=\"https:\/\/youtu.be\/uKcHl-Uhqtk\" target=\"_blank\">[Video]<\/a><\/strong><\/td><td class=\"has-text-align-center\" data-align=\"center\"><img decoding=\"async\" src=\"https:\/\/www.ipgh.org\/en\/wp-content\/uploads\/2024\/10\/cruz.jpg\" alt=\"\"><br><strong>La independencia de Hait\u00ed, Rep\u00fablica Dominicana, Cuba y Puerto Rico<\/strong><br><em>Filiberto Cruz S\u00e1nchez<\/em><br><br><br><br><br><strong><a rel=\"noreferrer noopener\" href=\"https:\/\/youtu.be\/JSF5koHsC1k\" target=\"_blank\">[Video]<\/a><\/strong><\/td><td class=\"has-text-align-center\" data-align=\"center\"><img decoding=\"async\" src=\"https:\/\/www.ipgh.org\/en\/wp-content\/uploads\/2024\/10\/campuzano.jpg\" alt=\"\"><br><strong>M\u00e9xico ante un dilema\u2026 \u00bfImperio o Rep\u00fablica? El largo camino a la consolidaci\u00f3n del Estado Mexicano<\/strong><br><em>Antonio Campuzano Rosales<\/em><br><br><br><br><strong><a rel=\"noreferrer noopener\" href=\"https:\/\/youtu.be\/nr38q_f-Vpo\" target=\"_blank\">[Video]<\/a><\/strong><\/td><\/tr><tr><td class=\"has-text-align-center\" data-align=\"center\"><img decoding=\"async\" src=\"https:\/\/www.ipgh.org\/en\/wp-content\/uploads\/2024\/10\/souex.jpg\" alt=\"\"><br><strong>\u00bfUn monarca indiano? Los proyectos para un futuro gobierno en el \u00e1rea andina durante el proceso de independencia<\/strong><br><em>Mar\u00eda Luisa Soux<\/em><br><br><strong><a rel=\"noreferrer noopener\" href=\"https:\/\/youtu.be\/eYZcc0A1Tzw\" target=\"_blank\">[Video]<\/a><\/strong><\/td><td class=\"has-text-align-center\" data-align=\"center\"><img decoding=\"async\" src=\"https:\/\/www.ipgh.org\/en\/wp-content\/uploads\/2024\/10\/bridikhina.jpg\" alt=\"\"><br><strong>Vicente Pasos Kankiy, su idea sobre la monarqu\u00eda incaica<\/strong><br><em>Eugenia Bridikhina<\/em><br><br><br><br><br><strong><a rel=\"noreferrer noopener\" href=\"https:\/\/youtu.be\/hPIouJy4WAg\" target=\"_blank\">[Video]<\/a><\/strong><\/td><td class=\"has-text-align-center\" data-align=\"center\"><img decoding=\"async\" src=\"https:\/\/www.ipgh.org\/en\/wp-content\/uploads\/2024\/10\/duran.jpg\" alt=\"\"><br><strong>\u00bfPor qu\u00e9 flaque\u00f3 el libertador Sim\u00f3n Bolivar con el proyecto democr\u00e1tico?<\/strong><br><em>Eduardo Dur\u00e1n G\u00f3mez<\/em><br><br><br><br><strong><a rel=\"noreferrer noopener\" href=\"https:\/\/youtu.be\/YGww0-ZyixY\" target=\"_blank\">[Video]<\/a><\/strong><\/td><td class=\"has-text-align-center\" data-align=\"center\"><img decoding=\"async\" src=\"https:\/\/www.ipgh.org\/en\/wp-content\/uploads\/2024\/10\/davila.jpg\" alt=\"\"><br><strong>R\u00e9gimen republicano y democracia, simbiosis correcta<\/strong><br><em>Jorge D\u00e1vila-Pestana Vergara<\/em><br><br><br><br><br><strong><a rel=\"noreferrer noopener\" href=\"https:\/\/youtu.be\/bTXAQO0bImo\" target=\"_blank\">[Video]<\/a><\/strong><\/td><\/tr><tr><td class=\"has-text-align-center\" data-align=\"center\"><img decoding=\"async\" src=\"https:\/\/www.ipgh.org\/en\/wp-content\/uploads\/2024\/10\/martinez.jpg\" alt=\"\"><br><strong>Los actores del proyecto mon\u00e1rquico en la Rep\u00fablica de Colombia<\/strong><br><em>Armando Mart\u00ednez Garnica<\/em><br><br><strong><a rel=\"noreferrer noopener\" href=\"https:\/\/youtu.be\/Uv84lG1IqQI\" target=\"_blank\">[Video]<\/a><\/strong><\/td><td class=\"has-text-align-center\" data-align=\"center\"><img decoding=\"async\" src=\"https:\/\/www.ipgh.org\/en\/wp-content\/uploads\/2024\/10\/ortiz.jpg\" alt=\"\"><br><strong>El Per\u00fa y la propuesta mon\u00e1rquica de San Mart\u00edn<\/strong><br><em>Jorge Ortiz Sotelo<\/em><br><br><br><strong><a rel=\"noreferrer noopener\" href=\"https:\/\/youtu.be\/mo71Ts0tAEc\" target=\"_blank\">[Video]<\/a><\/strong><\/td><td class=\"has-text-align-center\" data-align=\"center\"><img decoding=\"async\" src=\"https:\/\/www.ipgh.org\/en\/wp-content\/uploads\/2024\/10\/alarcon.jpg\" alt=\"\"><br><strong>El liderazgo en el inicio de la Rep\u00fablica del Ecuador<\/strong><br><em>C\u00e9sar Alarc\u00f3n Costta<\/em><br><br><br><strong><a href=\"https:\/\/youtu.be\/w7s4YLW3he0\">[Video]<\/a><\/strong><\/td><td class=\"has-text-align-center\" data-align=\"center\"><img decoding=\"async\" src=\"https:\/\/www.ipgh.org\/en\/wp-content\/uploads\/2024\/10\/ibarra.jpg\" alt=\"\"><br><strong>Lecciones del Libertador en las tres primeras d\u00e9cadas<br>de vida republicana en Ecuador<\/strong><br><em>Am\u00e9rica Ibarra Parra<\/em><br><br><strong><a href=\"https:\/\/youtu.be\/PP300e0FDEs\">[Video]<\/a><\/strong><\/td><\/tr><tr><td class=\"has-text-align-center\" data-align=\"center\"><img decoding=\"async\" src=\"https:\/\/www.ipgh.org\/en\/wp-content\/uploads\/2024\/10\/vallejo.jpg\" alt=\"\"><br><strong>Historia de la democracia en el Ecuador desde una perspectiva intercultural. Mecanismos de democracia comunitaria<\/strong><br><em>Santiago Vallejo V\u00e1squez<\/em><br><br><strong><a rel=\"noreferrer noopener\" href=\"https:\/\/youtu.be\/1OnYYOqqrJw\" target=\"_blank\">[Video]<\/a><\/strong><\/td><td class=\"has-text-align-center\" data-align=\"center\"><img decoding=\"async\" src=\"https:\/\/www.ipgh.org\/en\/wp-content\/uploads\/2024\/10\/monte.jpg\" alt=\"\"><br><strong>Paraguay: la primera Rep\u00fablica del sur<\/strong><br><em>Mar\u00eda Graciela Monte de L\u00f3pez Moreira<\/em><br><br><br><strong><a href=\"https:\/\/youtu.be\/OcWPhPlfo4Y\">[Video]<\/a><\/strong><\/td><td class=\"has-text-align-center\" data-align=\"center\"><img decoding=\"async\" src=\"https:\/\/www.ipgh.org\/en\/wp-content\/uploads\/2024\/10\/barriga.jpg\" alt=\"\"><br><strong>La libertad y la democracia, ideales para la grandeza de las naciones<\/strong><br><em>Franklin Barriga L\u00f3pez<\/em><br><br><br><strong><a rel=\"noreferrer noopener\" href=\"https:\/\/youtu.be\/5EW_zQzWDLY\" target=\"_blank\">[Video]<\/a><\/strong><\/td><td class=\"has-text-align-center\" data-align=\"center\"><\/td><\/tr><\/tbody><\/table><\/figure>\n\n\n\n\n\n\n\n\n\n\n\n\n\n\n\n\n\n\n\n\n\n\n\n\n\n\n\n\n\n\n\n\n\n\n\n\n","protected":false},"excerpt":{"rendered":"<p>The Second Academic Conference of the American Congress of Freedom was held at the facilities of the National Academy of History and Geography in Mexico City. The inauguration of this important event was in charge of Mr. Antonio Campuzano Rosales, Secretary General of the Pan American Institute of Geography and History (PAIGH), who had the <a class=\"read-more\" href=\"https:\/\/www.ipgh.org\/en\/?page_id=6833\">READ MORE<\/a><\/p>\n","protected":false},"author":1,"featured_media":0,"parent":0,"menu_order":0,"comment_status":"closed","ping_status":"closed","template":"","meta":{"footnotes":""},"_links":{"self":[{"href":"https:\/\/www.ipgh.org\/en\/index.php?rest_route=\/wp\/v2\/pages\/6833"}],"collection":[{"href":"https:\/\/www.ipgh.org\/en\/index.php?rest_route=\/wp\/v2\/pages"}],"about":[{"href":"https:\/\/www.ipgh.org\/en\/index.php?rest_route=\/wp\/v2\/types\/page"}],"author":[{"embeddable":true,"href":"https:\/\/www.ipgh.org\/en\/index.php?rest_route=\/wp\/v2\/users\/1"}],"replies":[{"embeddable":true,"href":"https:\/\/www.ipgh.org\/en\/index.php?rest_route=%2Fwp%2Fv2%2Fcomments&post=6833"}],"version-history":[{"count":29,"href":"https:\/\/www.ipgh.org\/en\/index.php?rest_route=\/wp\/v2\/pages\/6833\/revisions"}],"predecessor-version":[{"id":10818,"href":"https:\/\/www.ipgh.org\/en\/index.php?rest_route=\/wp\/v2\/pages\/6833\/revisions\/10818"}],"wp:attachment":[{"href":"https:\/\/www.ipgh.org\/en\/index.php?rest_route=%2Fwp%2Fv2%2Fmedia&parent=6833"}],"curies":[{"name":"wp","href":"https:\/\/api.w.org\/{rel}","templated":true}]}}