{"id":7542,"date":"2024-09-25T15:55:22","date_gmt":"2024-09-25T20:55:22","guid":{"rendered":"https:\/\/www.ipgh.org\/en\/?page_id=7542"},"modified":"2025-10-29T14:41:36","modified_gmt":"2025-10-29T20:41:36","slug":"enero-2024","status":"publish","type":"page","link":"https:\/\/www.ipgh.org\/en\/?page_id=7542","title":{"rendered":"January 2024"},"content":{"rendered":"\n<hr class=\"wp-block-separator has-text-color has-luminous-vivid-orange-color has-alpha-channel-opacity has-luminous-vivid-orange-background-color has-background is-style-wide\"\/>\n\n\n\n<p class=\"has-black-color has-text-color has-link-color has-large-font-size wp-elements-d6dd2d9a7bb97858066e4a08b8e91e5e\"><strong>08<\/strong><\/p>\n\n\n\n<p class=\"has-luminous-vivid-orange-color has-text-color has-link-color has-medium-font-size wp-elements-ca28211bfcb2dbb6e419c0c39649e3aa\"><strong>35<sup>th<\/sup> Meeting of Embassy and Consulate Heads &#8211; 2024<\/strong><\/p>\n\n\n\n<p><\/p>\n\n\n\n<div class=\"wp-block-group is-content-justification-center is-nowrap is-layout-flex wp-container-1 wp-block-group-is-layout-flex\">\n<figure class=\"wp-block-image size-full is-resized\"><img decoding=\"async\" loading=\"lazy\" src=\"https:\/\/www.ipgh.org\/en\/wp-content\/uploads\/2024\/09\/1.-ENERO.jpg\" alt=\"\" class=\"wp-image-7573\" style=\"width:506px;height:373px\" width=\"506\" height=\"373\" srcset=\"https:\/\/www.ipgh.org\/en\/wp-content\/uploads\/2024\/09\/1.-ENERO.jpg 1012w, https:\/\/www.ipgh.org\/en\/wp-content\/uploads\/2024\/09\/1.-ENERO-300x221.jpg 300w, https:\/\/www.ipgh.org\/en\/wp-content\/uploads\/2024\/09\/1.-ENERO-768x567.jpg 768w\" sizes=\"(max-width: 506px) 100vw, 506px\" \/><\/figure>\n\n\n\n<figure class=\"wp-block-image size-large is-resized\"><img decoding=\"async\" loading=\"lazy\" src=\"https:\/\/www.ipgh.org\/en\/wp-content\/uploads\/2024\/09\/1.2-ENERO-1-1024x683.jpg\" alt=\"\" class=\"wp-image-7571\" style=\"width:557px;height:373px\" width=\"557\" height=\"373\" srcset=\"https:\/\/www.ipgh.org\/en\/wp-content\/uploads\/2024\/09\/1.2-ENERO-1-1024x683.jpg 1024w, https:\/\/www.ipgh.org\/en\/wp-content\/uploads\/2024\/09\/1.2-ENERO-1-300x200.jpg 300w, https:\/\/www.ipgh.org\/en\/wp-content\/uploads\/2024\/09\/1.2-ENERO-1.jpg 1280w\" sizes=\"(max-width: 557px) 100vw, 557px\" \/><\/figure>\n<\/div>\n\n\n\n<p style=\"font-size:18px\">MA. Antonio Campuzano Rosales, Secretary General of the PAIGH, responded to the invitation made by the Secretariat for Foreign Relations of Mexico, to participate, as member of the diplomatic corps, at the 35<sup>th<\/sup> Meeting of Embassy and Consulate Heads &#8211; 2024.<\/p>\n\n\n\n<p style=\"font-size:18px\">During the inauguration event, Foreign Relations Minister Alicia B\u00e1rcena emphasized that this meeting was focused on \u201creceiving and listening to the leaders of our diplomatic offices in the world\u201d. She highlighted the theme of the meeting: \u201cFor a diplomacy of convictions: closeness, humane, and egalitarian.<\/p>\n\n\n\n<p style=\"font-size:18px\">In this way, relations between the PAIGH General Secretariat and the government of the country hosting the headquarters of this international organization are strengthened.<\/p>\n\n\n\n<div style=\"height:15px\" aria-hidden=\"true\" class=\"wp-block-spacer\"><\/div>\n\n\n\n<hr class=\"wp-block-separator has-text-color has-luminous-vivid-orange-color has-alpha-channel-opacity has-luminous-vivid-orange-background-color has-background is-style-dots\"\/>\n\n\n\n<p class=\"has-black-color has-text-color has-link-color has-large-font-size wp-elements-cd8b195c35b747e262a1726bfcba823a\" style=\"font-style:normal;font-weight:500\"><strong>09<\/strong><\/p>\n\n\n\n<p class=\"has-luminous-vivid-orange-color has-text-color has-link-color has-medium-font-size wp-elements-1bc46365be19f1c09a9d28a4021a16a8\"><strong>Virtual meeting concerning preparations of the 96<\/strong><sup>th <\/sup><strong>Anniversary of the PAIGH<\/strong><\/p>\n\n\n\n<p><\/p>\n\n\n\n<div class=\"wp-block-media-text is-stacked-on-mobile\" style=\"font-size:18px\"><figure class=\"wp-block-media-text__media\"><img decoding=\"async\" loading=\"lazy\" width=\"1024\" height=\"768\" src=\"https:\/\/www.ipgh.org\/en\/wp-content\/uploads\/2024\/09\/2.2-ENERO-1024x768.jpg\" alt=\"\" class=\"wp-image-7574 size-full\" srcset=\"https:\/\/www.ipgh.org\/en\/wp-content\/uploads\/2024\/09\/2.2-ENERO-1024x768.jpg 1024w, https:\/\/www.ipgh.org\/en\/wp-content\/uploads\/2024\/09\/2.2-ENERO-300x225.jpg 300w, https:\/\/www.ipgh.org\/en\/wp-content\/uploads\/2024\/09\/2.2-ENERO-768x576.jpg 768w, https:\/\/www.ipgh.org\/en\/wp-content\/uploads\/2024\/09\/2.2-ENERO-1536x1152.jpg 1536w, https:\/\/www.ipgh.org\/en\/wp-content\/uploads\/2024\/09\/2.2-ENERO.jpg 2048w\" sizes=\"(max-width: 1024px) 100vw, 1024px\" \/><\/figure><div class=\"wp-block-media-text__content\">\n<p style=\"font-size:18px\">Virtual meeting between the President and the Secretary General of the PAIGH, Dr. Patricia Sol\u00eds and MA. Antonio Campuzano Rosales, respectively.<\/p>\n\n\n\n<p style=\"font-size:18px\">The meeting had the purpose of defining details for preparing the 96<sup>th<\/sup>&nbsp;Anniversary of this international organization, to be held on the next 7<sup>th <\/sup>of February at the Palace building of the headquarters (Mexico City).<\/p>\n<\/div><\/div>\n\n\n\n<div style=\"height:15px\" aria-hidden=\"true\" class=\"wp-block-spacer\"><\/div>\n\n\n\n<hr class=\"wp-block-separator has-text-color has-luminous-vivid-orange-color has-alpha-channel-opacity has-luminous-vivid-orange-background-color has-background is-style-dots\"\/>\n\n\n\n<div style=\"height:15px\" aria-hidden=\"true\" class=\"wp-block-spacer\"><\/div>\n\n\n\n<p class=\"has-black-color has-text-color has-link-color has-large-font-size wp-elements-e2f435d43ae0b51ef5c9cd3fad04fa7d\" style=\"font-style:normal;font-weight:500\"><strong>16<\/strong><\/p>\n\n\n\n<p class=\"has-luminous-vivid-orange-color has-text-color has-link-color has-medium-font-size wp-elements-7d8062be13ea158292340eed72f33b69\"><strong>Virtual meeting about the preparations for the subsequent meetings of UN-GGIM: Americas<\/strong><\/p>\n\n\n\n<p><\/p>\n\n\n\n<div class=\"wp-block-group is-vertical is-content-justification-stretch is-layout-flex wp-container-3 wp-block-group-is-layout-flex\">\n<div class=\"wp-block-media-text has-media-on-the-right is-stacked-on-mobile is-style-default\"><div class=\"wp-block-media-text__content\">\n<p style=\"font-size:18px\">The PAIGH Secretary General held a work meeting with Sof\u00eda Nilo Cris\u00f3stomo and Leonardo Scharth Loureiro Silva, President and Vice-President of the UN-GGIM: Americas, respectively.<\/p>\n\n\n\n<p style=\"font-size:18px\">The objective of this session was to continue with the preparations for the coming meetings of the UN-GGIM: Americas, to be held in the city of Mexico during the last quarter of 2024.<\/p>\n\n\n\n<p style=\"font-size:18px\">For her part, Sof\u00eda Nilo highlighted the collaboration between both institutions, which results in benefits for the participating countries of the continent.<\/p>\n\n\n\n<p style=\"font-size:18px\">During the meeting, MA. Campuzano re-confirmed the commitment of the PAIGH to supporting various international organizations in the performance of their fundamental functions.<\/p>\n\n\n\n<p><\/p>\n<\/div><figure class=\"wp-block-media-text__media\"><img decoding=\"async\" loading=\"lazy\" width=\"1024\" height=\"683\" src=\"https:\/\/www.ipgh.org\/en\/wp-content\/uploads\/2024\/09\/3-ENERO-1-1024x683.jpg\" alt=\"\" class=\"wp-image-7576 size-full\" srcset=\"https:\/\/www.ipgh.org\/en\/wp-content\/uploads\/2024\/09\/3-ENERO-1-1024x683.jpg 1024w, https:\/\/www.ipgh.org\/en\/wp-content\/uploads\/2024\/09\/3-ENERO-1-300x200.jpg 300w, https:\/\/www.ipgh.org\/en\/wp-content\/uploads\/2024\/09\/3-ENERO-1-768x512.jpg 768w, https:\/\/www.ipgh.org\/en\/wp-content\/uploads\/2024\/09\/3-ENERO-1-1536x1024.jpg 1536w, https:\/\/www.ipgh.org\/en\/wp-content\/uploads\/2024\/09\/3-ENERO-1.jpg 1654w\" sizes=\"(max-width: 1024px) 100vw, 1024px\" \/><\/figure><\/div>\n\n\n\n<div style=\"height:0px\" aria-hidden=\"true\" class=\"wp-block-spacer wp-container-content-2\"><\/div>\n<\/div>\n\n\n\n<hr class=\"wp-block-separator has-text-color has-luminous-vivid-orange-color has-alpha-channel-opacity has-luminous-vivid-orange-background-color has-background is-style-dots\"\/>\n\n\n\n<p class=\"has-black-color has-text-color has-link-color has-large-font-size wp-elements-9405df2ec7e8b67e42f2fc276183733a\" style=\"font-style:normal;font-weight:500\"><strong>18<\/strong><\/p>\n\n\n\n<p class=\"has-luminous-vivid-orange-color has-text-color has-link-color has-medium-font-size wp-elements-3d7a90ab9d2940395240cd5c71c845c0\"><strong><strong>Remote meeting with managers of the OAS Office for the Belize-Guatemala Adjacency Zone<\/strong><\/strong><\/p>\n\n\n\n<p><\/p>\n\n\n\n<div class=\"wp-block-group is-content-justification-center is-nowrap is-layout-flex wp-container-4 wp-block-group-is-layout-flex\">\n<figure class=\"wp-block-image size-large is-resized\"><img decoding=\"async\" loading=\"lazy\" src=\"https:\/\/www.ipgh.org\/en\/wp-content\/uploads\/2024\/09\/4-ENERO-1024x683.jpg\" alt=\"\" class=\"wp-image-7577\" style=\"width:422px;height:281px\" width=\"422\" height=\"281\" srcset=\"https:\/\/www.ipgh.org\/en\/wp-content\/uploads\/2024\/09\/4-ENERO-1024x683.jpg 1024w, https:\/\/www.ipgh.org\/en\/wp-content\/uploads\/2024\/09\/4-ENERO-300x200.jpg 300w, https:\/\/www.ipgh.org\/en\/wp-content\/uploads\/2024\/09\/4-ENERO-768x512.jpg 768w, https:\/\/www.ipgh.org\/en\/wp-content\/uploads\/2024\/09\/4-ENERO-1536x1024.jpg 1536w, https:\/\/www.ipgh.org\/en\/wp-content\/uploads\/2024\/09\/4-ENERO.jpg 2048w\" sizes=\"(max-width: 422px) 100vw, 422px\" \/><\/figure>\n\n\n\n<figure class=\"wp-block-image size-large is-resized\"><img decoding=\"async\" loading=\"lazy\" src=\"https:\/\/www.ipgh.org\/en\/wp-content\/uploads\/2024\/09\/4.2-ENERO-1024x683.jpg\" alt=\"\" class=\"wp-image-7578\" style=\"width:440px;height:293px\" width=\"440\" height=\"293\" srcset=\"https:\/\/www.ipgh.org\/en\/wp-content\/uploads\/2024\/09\/4.2-ENERO-1024x683.jpg 1024w, https:\/\/www.ipgh.org\/en\/wp-content\/uploads\/2024\/09\/4.2-ENERO-300x200.jpg 300w, https:\/\/www.ipgh.org\/en\/wp-content\/uploads\/2024\/09\/4.2-ENERO-768x512.jpg 768w, https:\/\/www.ipgh.org\/en\/wp-content\/uploads\/2024\/09\/4.2-ENERO.jpg 1440w\" sizes=\"(max-width: 440px) 100vw, 440px\" \/><\/figure>\n<\/div>\n\n\n\n<p style=\"font-size:18px\">A remote, virtual meeting was held with the managers of the Office of the Organization of American States (OEA) for the Belize-Guatemala Adjacency Zone, Amb. Agust\u00edn Espinosa and Sergio L\u00f3pez Vivanco, accompanied by Sof\u00eda Cu\u00e9llar Hern\u00e1ndez, the Verification Official.<\/p>\n\n\n\n<p style=\"font-size:18px\">The Adjacency Zone Office requested support from the Pan American Institute of Geography and History in order to manage the on-site training in geo-referencing for its staff.<\/p>\n\n\n\n<p style=\"font-size:18px\">As the motto that governs the PAIGH under the current administration is \u201cScience in the Service of Peace\u201d and seeing that this desire is taking material form here, work is done in a joint effort between the various organizations in order to achieve the well-being of the fraternal countries.<\/p>\n\n\n\n<div style=\"height:15px\" aria-hidden=\"true\" class=\"wp-block-spacer\"><\/div>\n\n\n\n<hr class=\"wp-block-separator has-text-color has-luminous-vivid-orange-color has-alpha-channel-opacity has-luminous-vivid-orange-background-color has-background is-style-dots\"\/>\n\n\n\n<p class=\"has-black-color has-text-color has-link-color has-large-font-size wp-elements-2c5154eed0d54ba4d51922e384ca0cbf\"><strong>23<\/strong><\/p>\n\n\n\n<p class=\"has-luminous-vivid-orange-color has-text-color has-link-color has-medium-font-size wp-elements-e95b874c15de20366f86ac2f1302ff62\"><strong><strong>Handover of bibliographic collections to El Salvador<\/strong><\/strong><\/p>\n\n\n\n<p><\/p>\n\n\n\n<p style=\"font-size:18px\">With the objective of enriching the stocks of the new National Library of El Salvador, on a protocol visit to the Palace building headquarters of the PAIGH, Mrs. Rosa Delmy Caba\u00f1as, Ambassador of the Republic of El Salvador, received as a donation of bibliographic material and journals, approximately 500 titles that are part of the editions published over the 96 years of this Institute.<\/p>\n\n\n\n<p style=\"font-size:18px\">In his welcome speech, MA. Antonio Campuzano Rosales, Secretary General of the PAIGH, gave congratulations for the visit of the lady Ambassador, and at the same time, he stated that, with this donation, the PAIGH fulfils its function of working for the scientific development of the countries of the American continent, putting into material form the motto of the current administration: \u201cScience in the Service of Peace\u201d. For her part, Ambassador Caba\u00f1as, gave thanks for feeling honored by the reception at the Palace building headquarters of the PAIGH; she pointed out the importance of the scientific production of the PAIGH, which shall enrich the cultural policy that El Salvador, Member State of this specialized organization is putting into effect. \u201cBooks are our allies\u201d, she stated specifically.<\/p>\n\n\n\n<div class=\"wp-block-group is-nowrap is-layout-flex wp-container-5 wp-block-group-is-layout-flex\">\n<figure class=\"wp-block-image size-large is-resized\"><img decoding=\"async\" loading=\"lazy\" src=\"https:\/\/www.ipgh.org\/en\/wp-content\/uploads\/2024\/09\/5.2-ENERO-1-683x1024.jpg\" alt=\"\" class=\"wp-image-7584\" style=\"width:382px;height:573px\" width=\"382\" height=\"573\" srcset=\"https:\/\/www.ipgh.org\/en\/wp-content\/uploads\/2024\/09\/5.2-ENERO-1-683x1024.jpg 683w, https:\/\/www.ipgh.org\/en\/wp-content\/uploads\/2024\/09\/5.2-ENERO-1-200x300.jpg 200w, https:\/\/www.ipgh.org\/en\/wp-content\/uploads\/2024\/09\/5.2-ENERO-1-768x1152.jpg 768w, https:\/\/www.ipgh.org\/en\/wp-content\/uploads\/2024\/09\/5.2-ENERO-1-1024x1536.jpg 1024w, https:\/\/www.ipgh.org\/en\/wp-content\/uploads\/2024\/09\/5.2-ENERO-1.jpg 1365w\" sizes=\"(max-width: 382px) 100vw, 382px\" \/><\/figure>\n\n\n\n<figure class=\"wp-block-image size-large is-resized\"><img decoding=\"async\" loading=\"lazy\" src=\"https:\/\/www.ipgh.org\/en\/wp-content\/uploads\/2024\/09\/5-ENERO-704x1024.jpg\" alt=\"\" class=\"wp-image-7585\" style=\"width:400px;height:582px\" width=\"400\" height=\"582\" srcset=\"https:\/\/www.ipgh.org\/en\/wp-content\/uploads\/2024\/09\/5-ENERO-704x1024.jpg 704w, https:\/\/www.ipgh.org\/en\/wp-content\/uploads\/2024\/09\/5-ENERO-206x300.jpg 206w, https:\/\/www.ipgh.org\/en\/wp-content\/uploads\/2024\/09\/5-ENERO-768x1118.jpg 768w, https:\/\/www.ipgh.org\/en\/wp-content\/uploads\/2024\/09\/5-ENERO-1055x1536.jpg 1055w, https:\/\/www.ipgh.org\/en\/wp-content\/uploads\/2024\/09\/5-ENERO.jpg 1407w\" sizes=\"(max-width: 400px) 100vw, 400px\" \/><\/figure>\n\n\n\n<figure class=\"wp-block-image size-large is-resized\"><img decoding=\"async\" loading=\"lazy\" src=\"https:\/\/www.ipgh.org\/en\/wp-content\/uploads\/2024\/09\/5.3-ENERO-683x1024.jpg\" alt=\"\" class=\"wp-image-7586\" style=\"width:387px;height:580px\" width=\"387\" height=\"580\" srcset=\"https:\/\/www.ipgh.org\/en\/wp-content\/uploads\/2024\/09\/5.3-ENERO-683x1024.jpg 683w, https:\/\/www.ipgh.org\/en\/wp-content\/uploads\/2024\/09\/5.3-ENERO-200x300.jpg 200w, https:\/\/www.ipgh.org\/en\/wp-content\/uploads\/2024\/09\/5.3-ENERO-768x1152.jpg 768w, https:\/\/www.ipgh.org\/en\/wp-content\/uploads\/2024\/09\/5.3-ENERO-1024x1536.jpg 1024w, https:\/\/www.ipgh.org\/en\/wp-content\/uploads\/2024\/09\/5.3-ENERO.jpg 1365w\" sizes=\"(max-width: 387px) 100vw, 387px\" \/><\/figure>\n<\/div>\n\n\n\n<div style=\"height:15px\" aria-hidden=\"true\" class=\"wp-block-spacer\"><\/div>\n\n\n\n<hr class=\"wp-block-separator has-text-color has-luminous-vivid-orange-color has-alpha-channel-opacity has-luminous-vivid-orange-background-color has-background is-style-dots\"\/>\n\n\n\n<p class=\"has-black-color has-text-color has-link-color has-large-font-size wp-elements-7bd9c09b36961a183a82daae774dfc83\"><strong>24<\/strong><\/p>\n\n\n\n<p class=\"has-luminous-vivid-orange-color has-text-color has-link-color has-medium-font-size wp-elements-3407d2cc41b91b6047703006d2032d2f\"><strong><strong>Work meeting with the Presidents of the Commissions<\/strong><\/strong><\/p>\n\n\n\n<p><\/p>\n\n\n\n<div class=\"wp-block-media-text is-stacked-on-mobile\"><figure class=\"wp-block-media-text__media\"><img decoding=\"async\" loading=\"lazy\" width=\"1024\" height=\"737\" src=\"https:\/\/www.ipgh.org\/en\/wp-content\/uploads\/2024\/09\/6-ENERO-1024x737.jpg\" alt=\"\" class=\"wp-image-7588 size-full\" srcset=\"https:\/\/www.ipgh.org\/en\/wp-content\/uploads\/2024\/09\/6-ENERO-1024x737.jpg 1024w, https:\/\/www.ipgh.org\/en\/wp-content\/uploads\/2024\/09\/6-ENERO-300x216.jpg 300w, https:\/\/www.ipgh.org\/en\/wp-content\/uploads\/2024\/09\/6-ENERO-768x553.jpg 768w, https:\/\/www.ipgh.org\/en\/wp-content\/uploads\/2024\/09\/6-ENERO.jpg 1264w\" sizes=\"(max-width: 1024px) 100vw, 1024px\" \/><\/figure><div class=\"wp-block-media-text__content\">\n<figure class=\"wp-block-table\" style=\"font-size:18px\"><table class=\"has-white-color has-text-color has-background has-link-color\" style=\"background-color:#ff9448\"><tbody><tr><td>The PAIGH Secretary General held a virtual meeting with the Presidents of the Commissions of this Institute: Max A. Lobo Hern\u00e1ndez (Cartography), Hermann Manr\u00edquez Tirado (Geography), Filiberto Cruz S\u00e1nchez (History) and Mario C. Ruiz Romero (Geophysics). This work session is within the framework of the objectives of the Strategic Modernization Plan of the PAIGH for 2022-2025, especially in planning the tasks of the PAIGH for the following years in the matters of the budget, the Pan American Agenda and the Commission Consultation Meetings.<\/td><\/tr><\/tbody><\/table><\/figure>\n<\/div><\/div>\n\n\n\n<div style=\"height:15px\" aria-hidden=\"true\" class=\"wp-block-spacer\"><\/div>\n\n\n\n<hr class=\"wp-block-separator has-text-color has-luminous-vivid-orange-color has-alpha-channel-opacity has-luminous-vivid-orange-background-color has-background is-style-dots\"\/>\n\n\n\n<p class=\"has-black-color has-text-color has-link-color has-large-font-size wp-elements-9d8bb51361082db38e686221963f53d7\"><strong>26<\/strong><\/p>\n\n\n\n<p class=\"has-luminous-vivid-orange-color has-text-color has-link-color has-medium-font-size wp-elements-cf2a71092e9830a3a0045d7b7a9fbc04\"><strong><strong>4<sup>th<\/sup> Report on Activities of MA. Rub\u00e9n Ruiz Guerra, head of the CIALC<\/strong><\/strong><\/p>\n\n\n\n<p><\/p>\n\n\n<div class=\"wp-block-image\">\n<figure class=\"aligncenter size-large is-resized\"><img decoding=\"async\" loading=\"lazy\" src=\"https:\/\/www.ipgh.org\/en\/wp-content\/uploads\/2024\/09\/7.1-ENERO-1024x567.jpg\" alt=\"\" class=\"wp-image-7605\" style=\"width:859px;height:476px\" width=\"859\" height=\"476\" srcset=\"https:\/\/www.ipgh.org\/en\/wp-content\/uploads\/2024\/09\/7.1-ENERO-1024x567.jpg 1024w, https:\/\/www.ipgh.org\/en\/wp-content\/uploads\/2024\/09\/7.1-ENERO-300x166.jpg 300w, https:\/\/www.ipgh.org\/en\/wp-content\/uploads\/2024\/09\/7.1-ENERO-768x425.jpg 768w, https:\/\/www.ipgh.org\/en\/wp-content\/uploads\/2024\/09\/7.1-ENERO.jpg 1280w\" sizes=\"(max-width: 859px) 100vw, 859px\" \/><\/figure><\/div>\n\n\n<div style=\"height:15px\" aria-hidden=\"true\" class=\"wp-block-spacer\"><\/div>\n\n\n\n<p style=\"font-size:18px\">MA. Antonio Campuzano Rosales, Secretary General of the PAIGH, attended the meeting for the rendering up of the 4<sup>th<\/sup> Report on Activities of MA. Rub\u00e9n Ruiz Guerra, Director of the Latin America and Caribbean Research Center (CIALC) of the National Autonomous University of Mexico (UNAM).<\/p>\n\n\n\n<p style=\"font-size:18px\">The event took place in the Humanities (Tower II building) of the University City and was chaired by Dr. Leonardo Lomel\u00ed Vanegas, Rector of the UNAM and by Dr. Miguel A. L\u00f3pez Leyva, Coordinator of Humanities of that same institution, in addition to the presence of notable figures such as doctors Patricia Galeana and Rigoberta Mench\u00fa (Nobel prize for Peace, 1992).&nbsp;<br>Within the report, the mention of the work done between the PAIGH and the CIALC, through the grant program for the History of America Diploma, run through virtual media, should be pointed out.<\/p>\n\n\n\n<hr class=\"wp-block-separator has-text-color has-luminous-vivid-orange-color has-alpha-channel-opacity has-luminous-vivid-orange-background-color has-background is-style-dots\"\/>\n\n\n\n<p class=\"has-black-color has-text-color has-link-color has-large-font-size wp-elements-d9c8c2b8d543a4476b0d2b7f04a35d8a\"><strong>31<\/strong><\/p>\n\n\n\n<p class=\"has-luminous-vivid-orange-color has-text-color has-link-color has-medium-font-size wp-elements-2f94337de49856898ce92978e48b2549\"><strong>Commemorative ceremony at the Embassy of Nicaragua in Mexico<\/strong><\/p>\n\n\n\n<div class=\"wp-block-media-text is-stacked-on-mobile\" style=\"grid-template-columns:39% auto\"><figure class=\"wp-block-media-text__media\"><img decoding=\"async\" loading=\"lazy\" width=\"897\" height=\"1024\" src=\"https:\/\/www.ipgh.org\/en\/wp-content\/uploads\/2024\/09\/8.1-ENERO-1-897x1024.png\" alt=\"\" class=\"wp-image-7620 size-full\" srcset=\"https:\/\/www.ipgh.org\/en\/wp-content\/uploads\/2024\/09\/8.1-ENERO-1-897x1024.png 897w, https:\/\/www.ipgh.org\/en\/wp-content\/uploads\/2024\/09\/8.1-ENERO-1-263x300.png 263w, https:\/\/www.ipgh.org\/en\/wp-content\/uploads\/2024\/09\/8.1-ENERO-1-768x877.png 768w, https:\/\/www.ipgh.org\/en\/wp-content\/uploads\/2024\/09\/8.1-ENERO-1-1346x1536.png 1346w, https:\/\/www.ipgh.org\/en\/wp-content\/uploads\/2024\/09\/8.1-ENERO-1.png 1449w\" sizes=\"(max-width: 897px) 100vw, 897px\" \/><\/figure><div class=\"wp-block-media-text__content\">\n<p class=\"has-white-color has-text-color has-background has-link-color wp-elements-449761d6fadc25ffe5b896aafb25c6bd\" style=\"background-color:#ff9448;font-size:18px\">Commemorative ceremony on the occasion of the birth and passage to immortality of the Nicaraguan poet, Rub\u00e9n Dar\u00edo (1867-1916), who was also a writer, journalist, and diplomat. MA. Antonio Campuzano Rosales, Secretary General of the PAIGH, responded to the invitation of his Excellency, Mr. Juan Carlos Guti\u00e9rrez Madrigal, Ambassador of Nicaragua in Mexico, who, during the event, placed a floral offering in honor of this outstanding figure.<\/p>\n<\/div><\/div>\n\n\n\n<hr class=\"wp-block-separator has-text-color has-luminous-vivid-orange-color has-alpha-channel-opacity has-luminous-vivid-orange-background-color has-background is-style-wide\"\/>\n\n\n\n<div class=\"wp-block-columns is-layout-flex wp-container-8 wp-block-columns-is-layout-flex\">\n<div class=\"wp-block-column is-layout-flow wp-block-column-is-layout-flow\">\n<div class=\"wp-block-buttons is-content-justification-right is-layout-flex wp-container-6 wp-block-buttons-is-layout-flex\">\n<div class=\"wp-block-button\"><a class=\"wp-block-button__link has-white-color has-luminous-vivid-orange-background-color has-text-color has-background has-link-color wp-element-button\" href=\"https:\/\/www.ipgh.org\/en\/?page_id=7623\" style=\"border-radius:11px;padding-top:var(--wp--preset--spacing--30);padding-right:var(--wp--preset--spacing--50);padding-bottom:var(--wp--preset--spacing--30);padding-left:var(--wp--preset--spacing--50)\">Back<\/a><\/div>\n<\/div>\n<\/div>\n<\/div>\n","protected":false},"excerpt":{"rendered":"<p>08 35th Meeting of Embassy and Consulate Heads &#8211; 2024 MA. Antonio Campuzano Rosales, Secretary General of the PAIGH, responded to the invitation made by the Secretariat for Foreign Relations of Mexico, to participate, as member of the diplomatic corps, at the 35th Meeting of Embassy and Consulate Heads &#8211; 2024. During the inauguration event, <a class=\"read-more\" href=\"https:\/\/www.ipgh.org\/en\/?page_id=7542\">READ MORE<\/a><\/p>\n","protected":false},"author":1,"featured_media":0,"parent":0,"menu_order":0,"comment_status":"closed","ping_status":"closed","template":"","meta":{"footnotes":""},"_links":{"self":[{"href":"https:\/\/www.ipgh.org\/en\/index.php?rest_route=\/wp\/v2\/pages\/7542"}],"collection":[{"href":"https:\/\/www.ipgh.org\/en\/index.php?rest_route=\/wp\/v2\/pages"}],"about":[{"href":"https:\/\/www.ipgh.org\/en\/index.php?rest_route=\/wp\/v2\/types\/page"}],"author":[{"embeddable":true,"href":"https:\/\/www.ipgh.org\/en\/index.php?rest_route=\/wp\/v2\/users\/1"}],"replies":[{"embeddable":true,"href":"https:\/\/www.ipgh.org\/en\/index.php?rest_route=%2Fwp%2Fv2%2Fcomments&post=7542"}],"version-history":[{"count":47,"href":"https:\/\/www.ipgh.org\/en\/index.php?rest_route=\/wp\/v2\/pages\/7542\/revisions"}],"predecessor-version":[{"id":11840,"href":"https:\/\/www.ipgh.org\/en\/index.php?rest_route=\/wp\/v2\/pages\/7542\/revisions\/11840"}],"wp:attachment":[{"href":"https:\/\/www.ipgh.org\/en\/index.php?rest_route=%2Fwp%2Fv2%2Fmedia&parent=7542"}],"curies":[{"name":"wp","href":"https:\/\/api.w.org\/{rel}","templated":true}]}}