{"id":7697,"date":"2024-09-25T16:03:48","date_gmt":"2024-09-25T21:03:48","guid":{"rendered":"https:\/\/www.ipgh.org\/en\/?page_id=7697"},"modified":"2025-10-29T12:50:55","modified_gmt":"2025-10-29T18:50:55","slug":"marzo-2024","status":"publish","type":"page","link":"https:\/\/www.ipgh.org\/en\/?page_id=7697","title":{"rendered":"Marzo 2024"},"content":{"rendered":"\n<p class=\"has-black-color has-text-color has-link-color has-large-font-size wp-elements-a29389229d3710e14c8d84280b21c189\"><strong>01<\/strong><\/p>\n\n\n\n<p class=\"has-luminous-vivid-orange-color has-text-color has-link-color has-medium-font-size wp-elements-98d4defe4dff74c83633ed31c3b98636\"><strong>Work of the Internal Committee of the PAIGH<\/strong><\/p>\n\n\n\n<div style=\"height:15px\" aria-hidden=\"true\" class=\"wp-block-spacer\"><\/div>\n\n\n\n<div class=\"wp-block-columns is-layout-flex wp-container-3 wp-block-columns-is-layout-flex\">\n<div class=\"wp-block-column is-layout-flow wp-block-column-is-layout-flow\">\n<figure class=\"wp-block-image size-large\"><img decoding=\"async\" loading=\"lazy\" width=\"1024\" height=\"1024\" src=\"https:\/\/www.ipgh.org\/en\/wp-content\/uploads\/2025\/09\/March01-1024x1024.gif\" alt=\"\" class=\"wp-image-11327\" srcset=\"https:\/\/www.ipgh.org\/en\/wp-content\/uploads\/2025\/09\/March01-1024x1024.gif 1024w, https:\/\/www.ipgh.org\/en\/wp-content\/uploads\/2025\/09\/March01-300x300.gif 300w, https:\/\/www.ipgh.org\/en\/wp-content\/uploads\/2025\/09\/March01-150x150.gif 150w, https:\/\/www.ipgh.org\/en\/wp-content\/uploads\/2025\/09\/March01-768x768.gif 768w\" sizes=\"(max-width: 1024px) 100vw, 1024px\" \/><\/figure>\n<\/div>\n\n\n\n<div class=\"wp-block-column is-layout-flow wp-block-column-is-layout-flow\">\n<p><\/p>\n\n\n\n<p><\/p>\n\n\n\n<p><\/p>\n\n\n\n<p><\/p>\n\n\n\n<p class=\"has-white-color has-luminous-vivid-orange-background-color has-text-color has-background has-link-color wp-elements-16eb3307a86d57e1d3bccfa14b1ccdf2\" style=\"font-size:18px\">Meeting of the Internal Committee of the PAIGH for the work of aligning the rules of procedures and the regulations to the Statutes of the Pan American Institute of Geography and History. The work meeting had the participation of MA. Antonio Campuzano Rosales, Secretary General; BA. Sergio Mart\u00ednez Torres, Personal Secretary, and Mr. Norberto Garc\u00eda Castelo, responsible for the Technical Assistance Department. The collective work of the staff of the General Secretariat of the PAIGH is within the framework of the policies for action of the PAIGH Strategic Modernization Plan of the current administration.<\/p>\n<\/div>\n<\/div>\n\n\n\n<hr class=\"wp-block-separator has-text-color has-luminous-vivid-orange-color has-alpha-channel-opacity has-luminous-vivid-orange-background-color has-background is-style-dots\"\/>\n\n\n\n<p class=\"has-black-color has-text-color has-link-color has-large-font-size wp-elements-0ff5afdf7cfba587ed3e9f94680203b5\"><strong>06<\/strong><\/p>\n\n\n\n<p class=\"has-luminous-vivid-orange-color has-text-color has-link-color has-medium-font-size wp-elements-3cae134e86f0a265dec7a20883bdde75\"><strong><strong>Visit to the Embassy of the Republic of Paraguay<\/strong><\/strong><\/p>\n\n\n\n<div class=\"wp-block-columns is-layout-flex wp-container-6 wp-block-columns-is-layout-flex\">\n<div class=\"wp-block-column is-layout-flow wp-block-column-is-layout-flow\">\n<p><\/p>\n\n\n\n<p><\/p>\n\n\n\n<p style=\"font-size:18px\">MA. Antonio Campuzano Rosales and BA. Sergio Mart\u00ednez Torres, Secretary General and Personal Secretary of the PAIGH respectively, went to the Embassy of the Republic of Paraguay to meet Her Excellency Ambassador Gloria Yrma Amarilla Acosta.<\/p>\n\n\n\n<p style=\"font-size:18px\">During their visit, they discussed various matters involving the collaboration between the PAIGH and the Member State of Paraguay, with the purpose of disseminating more widely the academic offerings that this scientific organization makes available, through calls for applications to grants and awards, applications for finance of projects, participation in scientific journals and the donation of publications.<\/p>\n\n\n\n<p style=\"font-size:18px\">With these actions the PAIGH is keeping close to its lines or policies for action in the scientific area of its Strategic Modernization Plan for 2022-2025.<\/p>\n<\/div>\n\n\n\n<div class=\"wp-block-column is-layout-flow wp-block-column-is-layout-flow\">\n<figure class=\"wp-block-image size-large\"><img decoding=\"async\" loading=\"lazy\" width=\"1024\" height=\"1024\" src=\"https:\/\/www.ipgh.org\/en\/wp-content\/uploads\/2025\/09\/March02-1024x1024.gif\" alt=\"\" class=\"wp-image-11328\" srcset=\"https:\/\/www.ipgh.org\/en\/wp-content\/uploads\/2025\/09\/March02-1024x1024.gif 1024w, https:\/\/www.ipgh.org\/en\/wp-content\/uploads\/2025\/09\/March02-300x300.gif 300w, https:\/\/www.ipgh.org\/en\/wp-content\/uploads\/2025\/09\/March02-150x150.gif 150w, https:\/\/www.ipgh.org\/en\/wp-content\/uploads\/2025\/09\/March02-768x768.gif 768w\" sizes=\"(max-width: 1024px) 100vw, 1024px\" \/><\/figure>\n<\/div>\n<\/div>\n\n\n\n<div style=\"height:15px\" aria-hidden=\"true\" class=\"wp-block-spacer\"><\/div>\n\n\n\n<hr class=\"wp-block-separator has-text-color has-luminous-vivid-orange-color has-alpha-channel-opacity has-luminous-vivid-orange-background-color has-background is-style-dots\"\/>\n\n\n\n<p class=\"has-black-color has-text-color has-link-color has-large-font-size wp-elements-c9fa55374ea2171a2aa7153502b2d8ff\"><strong>12<\/strong><\/p>\n\n\n\n<p class=\"has-luminous-vivid-orange-color has-text-color has-link-color has-medium-font-size wp-elements-e3b79a121bcb2f98df943b48556bbf14\"><strong>Virtual meeting with the CEPEIGE<\/strong><\/p>\n\n\n\n<p><\/p>\n\n\n\n<p style=\"font-size:18px\">MA. Antonio Campuzano Rosales, Secretary General of the PAIGH, accompanied by Mr. Norberto Garc\u00eda Castelo, responsible for the Technical Assistance Department, held a virtual meeting with the staff of the Pan American Center for Geographic Studies and Research (CEPEIGE), Ecuador.<\/p>\n\n\n\n<p style=\"font-size:18px\">MSc. Nelson Ortega (director of the CEPEIGE), with members of his staff: Jonathan Panimboza, Head of Academics; also, Diego Armando Almachi,&nbsp; Humberto G\u00f3mez and Maritza Velastegu\u00ed, presented the coordination of the work for running the 50<sup>th<\/sup> Pan American Course in Applied Geography.<\/p>\n\n\n\n<p style=\"font-size:18px\">Both organizations established lines of action for the grants available, the parallel courses, also the public dissemination of these.<\/p>\n\n\n\n<p style=\"font-size:18px\">The PAIGH reaffirms its commitment to fulfilling its Strategic Modernization Plan for 2022-2025 by means of its close collaboration with peer organizations such as the CEPEIGE.<\/p>\n\n\n\n<div style=\"height:32px\" aria-hidden=\"true\" class=\"wp-block-spacer\"><\/div>\n\n\n\n<div class=\"wp-block-group is-nowrap is-layout-flex wp-container-7 wp-block-group-is-layout-flex\">\n<figure class=\"wp-block-image size-large is-resized\"><img decoding=\"async\" loading=\"lazy\" src=\"https:\/\/www.ipgh.org\/en\/wp-content\/uploads\/2025\/09\/March03-1024x1024.gif\" alt=\"\" class=\"wp-image-11329\" style=\"width:509px;height:509px\" width=\"509\" height=\"509\" srcset=\"https:\/\/www.ipgh.org\/en\/wp-content\/uploads\/2025\/09\/March03-1024x1024.gif 1024w, https:\/\/www.ipgh.org\/en\/wp-content\/uploads\/2025\/09\/March03-300x300.gif 300w, https:\/\/www.ipgh.org\/en\/wp-content\/uploads\/2025\/09\/March03-150x150.gif 150w, https:\/\/www.ipgh.org\/en\/wp-content\/uploads\/2025\/09\/March03-768x768.gif 768w\" sizes=\"(max-width: 509px) 100vw, 509px\" \/><\/figure>\n\n\n\n<figure class=\"wp-block-image size-large is-resized\"><img decoding=\"async\" loading=\"lazy\" src=\"https:\/\/www.ipgh.org\/en\/wp-content\/uploads\/2025\/09\/March04-1024x1024.gif\" alt=\"\" class=\"wp-image-11330\" style=\"width:511px;height:511px\" width=\"511\" height=\"511\" srcset=\"https:\/\/www.ipgh.org\/en\/wp-content\/uploads\/2025\/09\/March04-1024x1024.gif 1024w, https:\/\/www.ipgh.org\/en\/wp-content\/uploads\/2025\/09\/March04-300x300.gif 300w, https:\/\/www.ipgh.org\/en\/wp-content\/uploads\/2025\/09\/March04-150x150.gif 150w, https:\/\/www.ipgh.org\/en\/wp-content\/uploads\/2025\/09\/March04-768x768.gif 768w\" sizes=\"(max-width: 511px) 100vw, 511px\" \/><\/figure>\n<\/div>\n\n\n\n<div style=\"height:13px\" aria-hidden=\"true\" class=\"wp-block-spacer\"><\/div>\n\n\n\n<div style=\"height:16px\" aria-hidden=\"true\" class=\"wp-block-spacer\"><\/div>\n\n\n\n<p class=\"has-luminous-vivid-orange-color has-text-color has-link-color has-medium-font-size wp-elements-cd8b330323f9c22d185a668410033124\"><strong> <strong>Meeting with staff of the \u201cSodi\u201d Lawyers Firm<\/strong><\/strong><\/p>\n\n\n\n<div class=\"wp-block-columns is-layout-flex wp-container-10 wp-block-columns-is-layout-flex\">\n<div class=\"wp-block-column is-layout-flow wp-block-column-is-layout-flow\">\n<p><\/p>\n\n\n\n<p><\/p>\n\n\n\n<p><\/p>\n\n\n\n<p><\/p>\n\n\n\n<p style=\"font-size:18px\">MA. Antonio Campuzano Rosales, Secretary General of the PAIGH, accompanied by BA Sergio Mart\u00ednez Torres, Personal Secretary, met with staff of the \u201cSodi\u201d Lawyers Firm for continuing with the work of aligning the internal procedures and rules of the Institute with its statutes. This session is within the framework of the lines of action of the Strategic Modernization Plan of the PAIGH implemented by the current administration.<\/p>\n<\/div>\n\n\n\n<div class=\"wp-block-column is-layout-flow wp-block-column-is-layout-flow\">\n<figure class=\"wp-block-image size-large\"><img decoding=\"async\" loading=\"lazy\" width=\"1024\" height=\"1024\" src=\"https:\/\/www.ipgh.org\/en\/wp-content\/uploads\/2025\/09\/March05-1024x1024.gif\" alt=\"\" class=\"wp-image-11331\" srcset=\"https:\/\/www.ipgh.org\/en\/wp-content\/uploads\/2025\/09\/March05-1024x1024.gif 1024w, https:\/\/www.ipgh.org\/en\/wp-content\/uploads\/2025\/09\/March05-300x300.gif 300w, https:\/\/www.ipgh.org\/en\/wp-content\/uploads\/2025\/09\/March05-150x150.gif 150w, https:\/\/www.ipgh.org\/en\/wp-content\/uploads\/2025\/09\/March05-768x768.gif 768w\" sizes=\"(max-width: 1024px) 100vw, 1024px\" \/><\/figure>\n<\/div>\n<\/div>\n\n\n\n<div style=\"height:15px\" aria-hidden=\"true\" class=\"wp-block-spacer\"><\/div>\n\n\n\n<hr class=\"wp-block-separator has-text-color has-luminous-vivid-orange-color has-alpha-channel-opacity has-luminous-vivid-orange-background-color has-background is-style-dots\"\/>\n\n\n\n<p class=\"has-black-color has-text-color has-link-color has-large-font-size wp-elements-a516d6d0f55faa698bac79e5fdf1ab16\"><strong>13<\/strong><\/p>\n\n\n\n<p class=\"has-luminous-vivid-orange-color has-text-color has-link-color has-medium-font-size wp-elements-d8620194d81cdc71ab89ba89de1a751c\"><strong>Visit of Mr. Yong Koo Kang, Councilor for Economic Affairs of the Embassy of the Republic of Korea in Mexico<\/strong><\/p>\n\n\n\n<div class=\"wp-block-columns is-layout-flex wp-container-13 wp-block-columns-is-layout-flex\">\n<div class=\"wp-block-column is-layout-flow wp-block-column-is-layout-flow\">\n<figure class=\"wp-block-image size-large\"><img decoding=\"async\" loading=\"lazy\" width=\"1024\" height=\"1024\" src=\"https:\/\/www.ipgh.org\/en\/wp-content\/uploads\/2025\/09\/March06-1024x1024.gif\" alt=\"\" class=\"wp-image-11332\" srcset=\"https:\/\/www.ipgh.org\/en\/wp-content\/uploads\/2025\/09\/March06-1024x1024.gif 1024w, https:\/\/www.ipgh.org\/en\/wp-content\/uploads\/2025\/09\/March06-300x300.gif 300w, https:\/\/www.ipgh.org\/en\/wp-content\/uploads\/2025\/09\/March06-150x150.gif 150w, https:\/\/www.ipgh.org\/en\/wp-content\/uploads\/2025\/09\/March06-768x768.gif 768w\" sizes=\"(max-width: 1024px) 100vw, 1024px\" \/><\/figure>\n<\/div>\n\n\n\n<div class=\"wp-block-column is-layout-flow wp-block-column-is-layout-flow\">\n<p><\/p>\n\n\n\n<p><\/p>\n\n\n\n<p style=\"font-size:18px\">At the Palace building headquarters of the PAIGH, the satisfying visit of Mr. Yong Koo Kang, official of the diplomatic representation of Korea in Mexico, was received.<\/p>\n\n\n\n<p style=\"font-size:18px\">In an interesting and pleasant conversation, MA. Antonio Campuzano Rosales, Secretary General, stated his satisfaction with the strengthening the links for technical and scientific collaboration between the PAIGH and the Republic of Korea, which has the status of Permanent Observer State in this international organization.<\/p>\n\n\n\n<p style=\"font-size:18px\">MA. Campuzano stated to Mr. Yong Koo Kang, that, beyond the strategic PAIGH-Korea alliance, there is a close link of friendship between the peoples of the Pa American community and the Korean nation.<\/p>\n\n\n\n<p style=\"font-size:18px\">Along the same lines, it is intended to continue the academic exchange between the Pan American and Korean scientific communities, by means of training and the dissemination of the Earth Sciences and History, the disciplines that the Pan American Institute of Geography and History is focused on.<\/p>\n<\/div>\n<\/div>\n\n\n\n<div style=\"height:15px\" aria-hidden=\"true\" class=\"wp-block-spacer\"><\/div>\n\n\n\n<div style=\"height:15px\" aria-hidden=\"true\" class=\"wp-block-spacer\"><\/div>\n\n\n\n<hr class=\"wp-block-separator has-text-color has-luminous-vivid-orange-color has-alpha-channel-opacity has-luminous-vivid-orange-background-color has-background is-style-dots\"\/>\n\n\n\n<p class=\"has-black-color has-text-color has-link-color has-large-font-size wp-elements-efc1083636910547fbd74726ec20e0eb\"><strong>15<\/strong><\/p>\n\n\n\n<p class=\"has-luminous-vivid-orange-color has-text-color has-link-color has-medium-font-size wp-elements-faa8fa073cd613b3aa183aff0b88f55a\"><strong>Meeting in remote mode for the alignment of the Internal Procedures and Regulations<\/strong><\/p>\n\n\n\n<p style=\"font-size:18px\">With the participation&nbsp;of MA. Antonio Campuzano Rosales, Secretary General of the PAIGH, and the Commission Presidents of this Institute; Dr. Filiberto Cruz S\u00e1nchez (History), Dr. Hermann Manr\u00edquez Tirado (Geography), and MSc. Max Lobo Hern\u00e1ndez (Cartography), a virtual meeting was held with the objective of working on the alignment of the Internal Procedures with the Statutes in force of the PAIGH.<\/p>\n\n\n\n<p style=\"font-size:18px\">Each one of the Commission Presidents, provided comments on the various documents, related to the smooth and efficient operation of the Pan American Institute of Geography and History.<\/p>\n\n\n\n<p style=\"font-size:18px\">With these work activities, the actions contained in the central guiding concepts of the Strategic Modernization Plan for 2022-2025 are being given follow-up and progress.<\/p>\n\n\n\n<div style=\"height:15px\" aria-hidden=\"true\" class=\"wp-block-spacer\"><\/div>\n\n\n\n<div class=\"wp-block-group is-content-justification-center is-nowrap is-layout-flex wp-container-14 wp-block-group-is-layout-flex\">\n<hr class=\"wp-block-separator has-alpha-channel-opacity\"\/>\n\n\n\n<hr class=\"wp-block-separator has-alpha-channel-opacity\"\/>\n\n\n\n<figure class=\"wp-block-image size-large is-resized\"><img decoding=\"async\" loading=\"lazy\" src=\"https:\/\/www.ipgh.org\/en\/wp-content\/uploads\/2025\/09\/March07-1024x1024.gif\" alt=\"\" class=\"wp-image-11333\" style=\"width:367px;height:367px\" width=\"367\" height=\"367\" srcset=\"https:\/\/www.ipgh.org\/en\/wp-content\/uploads\/2025\/09\/March07-1024x1024.gif 1024w, https:\/\/www.ipgh.org\/en\/wp-content\/uploads\/2025\/09\/March07-300x300.gif 300w, https:\/\/www.ipgh.org\/en\/wp-content\/uploads\/2025\/09\/March07-150x150.gif 150w, https:\/\/www.ipgh.org\/en\/wp-content\/uploads\/2025\/09\/March07-768x768.gif 768w\" sizes=\"(max-width: 367px) 100vw, 367px\" \/><\/figure>\n\n\n\n<figure class=\"wp-block-image size-large is-resized\"><img decoding=\"async\" loading=\"lazy\" src=\"https:\/\/www.ipgh.org\/en\/wp-content\/uploads\/2025\/09\/March08-1-1024x1024.gif\" alt=\"\" class=\"wp-image-11376\" style=\"width:367px;height:367px\" width=\"367\" height=\"367\" srcset=\"https:\/\/www.ipgh.org\/en\/wp-content\/uploads\/2025\/09\/March08-1-1024x1024.gif 1024w, https:\/\/www.ipgh.org\/en\/wp-content\/uploads\/2025\/09\/March08-1-300x300.gif 300w, https:\/\/www.ipgh.org\/en\/wp-content\/uploads\/2025\/09\/March08-1-150x150.gif 150w, https:\/\/www.ipgh.org\/en\/wp-content\/uploads\/2025\/09\/March08-1-768x768.gif 768w\" sizes=\"(max-width: 367px) 100vw, 367px\" \/><\/figure>\n<\/div>\n\n\n\n<div style=\"height:14px\" aria-hidden=\"true\" class=\"wp-block-spacer\"><\/div>\n\n\n\n<div class=\"wp-block-group is-content-justification-center is-nowrap is-layout-flex wp-container-15 wp-block-group-is-layout-flex\">\n<figure class=\"wp-block-image size-large is-resized\"><img decoding=\"async\" loading=\"lazy\" src=\"https:\/\/www.ipgh.org\/en\/wp-content\/uploads\/2025\/09\/March09-1024x1024.gif\" alt=\"\" class=\"wp-image-11378\" style=\"width:365px;height:365px\" width=\"365\" height=\"365\" srcset=\"https:\/\/www.ipgh.org\/en\/wp-content\/uploads\/2025\/09\/March09-1024x1024.gif 1024w, https:\/\/www.ipgh.org\/en\/wp-content\/uploads\/2025\/09\/March09-300x300.gif 300w, https:\/\/www.ipgh.org\/en\/wp-content\/uploads\/2025\/09\/March09-150x150.gif 150w, https:\/\/www.ipgh.org\/en\/wp-content\/uploads\/2025\/09\/March09-768x768.gif 768w\" sizes=\"(max-width: 365px) 100vw, 365px\" \/><\/figure>\n\n\n\n<figure class=\"wp-block-image size-large is-resized\"><img decoding=\"async\" loading=\"lazy\" src=\"https:\/\/www.ipgh.org\/en\/wp-content\/uploads\/2025\/09\/March10-1024x1024.gif\" alt=\"\" class=\"wp-image-11379\" style=\"width:366px;height:366px\" width=\"366\" height=\"366\" srcset=\"https:\/\/www.ipgh.org\/en\/wp-content\/uploads\/2025\/09\/March10-1024x1024.gif 1024w, https:\/\/www.ipgh.org\/en\/wp-content\/uploads\/2025\/09\/March10-300x300.gif 300w, https:\/\/www.ipgh.org\/en\/wp-content\/uploads\/2025\/09\/March10-150x150.gif 150w, https:\/\/www.ipgh.org\/en\/wp-content\/uploads\/2025\/09\/March10-768x768.gif 768w\" sizes=\"(max-width: 366px) 100vw, 366px\" \/><\/figure>\n<\/div>\n\n\n\n<div style=\"height:31px\" aria-hidden=\"true\" class=\"wp-block-spacer\"><\/div>\n\n\n\n<hr class=\"wp-block-separator has-text-color has-luminous-vivid-orange-color has-alpha-channel-opacity has-luminous-vivid-orange-background-color has-background is-style-wide\"\/>\n\n\n\n<div class=\"wp-block-columns is-layout-flex wp-container-20 wp-block-columns-is-layout-flex\">\n<div class=\"wp-block-column is-layout-flow wp-block-column-is-layout-flow\"><\/div>\n\n\n\n<div class=\"wp-block-column is-layout-flow wp-block-column-is-layout-flow\"><\/div>\n\n\n\n<div class=\"wp-block-column is-layout-flow wp-block-column-is-layout-flow\">\n<div class=\"wp-block-buttons is-content-justification-right is-layout-flex wp-container-18 wp-block-buttons-is-layout-flex\">\n<div class=\"wp-block-button\"><a class=\"wp-block-button__link has-white-color has-luminous-vivid-orange-background-color has-text-color has-background has-link-color has-text-align-right wp-element-button\" href=\"https:\/\/www.ipgh.org\/en\/?page_id=7623\" style=\"border-radius:11px\">Back<\/a><\/div>\n<\/div>\n<\/div>\n<\/div>\n","protected":false},"excerpt":{"rendered":"<p>01 Work of the Internal Committee of the PAIGH Meeting of the Internal Committee of the PAIGH for the work of aligning the rules of procedures and the regulations to the Statutes of the Pan American Institute of Geography and History. The work meeting had the participation of MA. Antonio Campuzano Rosales, Secretary General; BA. <a class=\"read-more\" href=\"https:\/\/www.ipgh.org\/en\/?page_id=7697\">READ MORE<\/a><\/p>\n","protected":false},"author":1,"featured_media":0,"parent":0,"menu_order":0,"comment_status":"closed","ping_status":"closed","template":"","meta":{"footnotes":""},"_links":{"self":[{"href":"https:\/\/www.ipgh.org\/en\/index.php?rest_route=\/wp\/v2\/pages\/7697"}],"collection":[{"href":"https:\/\/www.ipgh.org\/en\/index.php?rest_route=\/wp\/v2\/pages"}],"about":[{"href":"https:\/\/www.ipgh.org\/en\/index.php?rest_route=\/wp\/v2\/types\/page"}],"author":[{"embeddable":true,"href":"https:\/\/www.ipgh.org\/en\/index.php?rest_route=\/wp\/v2\/users\/1"}],"replies":[{"embeddable":true,"href":"https:\/\/www.ipgh.org\/en\/index.php?rest_route=%2Fwp%2Fv2%2Fcomments&post=7697"}],"version-history":[{"count":29,"href":"https:\/\/www.ipgh.org\/en\/index.php?rest_route=\/wp\/v2\/pages\/7697\/revisions"}],"predecessor-version":[{"id":11825,"href":"https:\/\/www.ipgh.org\/en\/index.php?rest_route=\/wp\/v2\/pages\/7697\/revisions\/11825"}],"wp:attachment":[{"href":"https:\/\/www.ipgh.org\/en\/index.php?rest_route=%2Fwp%2Fv2%2Fmedia&parent=7697"}],"curies":[{"name":"wp","href":"https:\/\/api.w.org\/{rel}","templated":true}]}}