{"id":7813,"date":"2024-09-25T16:04:46","date_gmt":"2024-09-25T21:04:46","guid":{"rendered":"https:\/\/www.ipgh.org\/en\/?page_id=7813"},"modified":"2025-10-29T14:48:18","modified_gmt":"2025-10-29T20:48:18","slug":"mayo-2024","status":"publish","type":"page","link":"https:\/\/www.ipgh.org\/en\/?page_id=7813","title":{"rendered":"May 2024"},"content":{"rendered":"\n<p class=\"has-black-color has-text-color has-link-color has-large-font-size wp-elements-97c4458943e4fd4f0c99c659beb78626\"><strong>01 <\/strong><\/p>\n\n\n\n<p class=\"has-luminous-vivid-orange-color has-text-color has-link-color has-medium-font-size wp-elements-5eb7e5028c38ad4670daaf2f1a7fa30e\"><strong>Virtual meeting with MSc. Nelson Ortega (CEPEIGE)<\/strong><\/p>\n\n\n\n<div style=\"height:15px\" aria-hidden=\"true\" class=\"wp-block-spacer\"><\/div>\n\n\n\n<div class=\"wp-block-media-text is-stacked-on-mobile\" style=\"grid-template-columns:44% auto\"><figure class=\"wp-block-media-text__media\"><img decoding=\"async\" loading=\"lazy\" width=\"600\" height=\"600\" src=\"https:\/\/www.ipgh.org\/en\/wp-content\/uploads\/2024\/09\/2-MAYO-2.jpg\" alt=\"\" class=\"wp-image-7826 size-full\" srcset=\"https:\/\/www.ipgh.org\/en\/wp-content\/uploads\/2024\/09\/2-MAYO-2.jpg 600w, https:\/\/www.ipgh.org\/en\/wp-content\/uploads\/2024\/09\/2-MAYO-2-300x300.jpg 300w, https:\/\/www.ipgh.org\/en\/wp-content\/uploads\/2024\/09\/2-MAYO-2-150x150.jpg 150w\" sizes=\"(max-width: 600px) 100vw, 600px\" \/><\/figure><div class=\"wp-block-media-text__content\">\n<p style=\"font-size:18px\">On this occasion, the Secretary General of the PAIGH held a work meeting with MSc. Nelson Ortega, Director of the Pan American Center for Geographic Studies and Research, with its headquarters in Ecuador.<br>Matters involving the academic actions run jointly between the PAIGH and the CEPEIGE were discussed. It should be pointed out that, on the occasion of the 50<sup>th<\/sup>&nbsp;Anniversary of the Center, throughout the year 2024, a full sequence of courses and workshops for the Pan American community in virtual and in-person formats has been scheduled.<\/p>\n<\/div><\/div>\n\n\n\n<hr class=\"wp-block-separator has-text-color has-luminous-vivid-orange-color has-alpha-channel-opacity has-luminous-vivid-orange-background-color has-background is-style-dots\"\/>\n\n\n\n<p class=\"has-black-color has-text-color has-link-color has-large-font-size wp-elements-00105b756a53cf0a79ba494f2cc31e48\"><strong>03 <\/strong><\/p>\n\n\n\n<p class=\"has-luminous-vivid-orange-color has-text-color has-link-color has-medium-font-size wp-elements-243ed825ccf17f57bd6b72fd8a08b69d\"><strong>Visit of the Director of the Special Mission of the OAS in the Belize-Guatemala Adjacency Zone<\/strong><\/p>\n\n\n\n<div style=\"height:15px\" aria-hidden=\"true\" class=\"wp-block-spacer\"><\/div>\n\n\n\n<p style=\"font-size:18px\">The Palace building of the PAIGH headquarters received the satisfying visit of MSc. Sergio L\u00f3pez Vivanco, Director of the Special Mission of the Organization of American States &#8211; OAS &#8211; in the Belize-Guatemala Adjacency Zone, and his fianc\u00e9e. They were received by MA. Antonio Campuzano Rosales, Secretary General of the PAIGH, and his distinguished wife, Mrs. Ver\u00f3nica Ireta Badillo.<\/p>\n\n\n\n<p style=\"font-size:18px\">During the event with protocol aspects, both responsible figures agreed on the recognition due and the significance of the actions that the Special Mission performs in the field for keeping peace in the region.<\/p>\n\n\n\n<p style=\"font-size:18px\">For his part, MA. Campuzano highlighted the extraordinary efforts of the special team that, for 20 years, has worked with great professionalism and dedication in the Zone.<\/p>\n\n\n\n<p style=\"font-size:18px\">MSc. Lopez took the opportunity to give thanks for the management tasks and the support that the PAIGH offers in order for the staff under his supervision to update technical and scientific capabilities for a better performance of their functions.<\/p>\n\n\n\n<div style=\"height:15px\" aria-hidden=\"true\" class=\"wp-block-spacer\"><\/div>\n\n\n\n<div class=\"wp-block-group is-content-justification-center is-nowrap is-layout-flex wp-container-1 wp-block-group-is-layout-flex\">\n<figure class=\"wp-block-image size-large is-resized\"><img decoding=\"async\" loading=\"lazy\" src=\"https:\/\/www.ipgh.org\/en\/wp-content\/uploads\/2024\/09\/3.1-MAYO-1024x1024.jpg\" alt=\"\" class=\"wp-image-7820\" style=\"width:409px;height:409px\" width=\"409\" height=\"409\" srcset=\"https:\/\/www.ipgh.org\/en\/wp-content\/uploads\/2024\/09\/3.1-MAYO-1024x1024.jpg 1024w, https:\/\/www.ipgh.org\/en\/wp-content\/uploads\/2024\/09\/3.1-MAYO-300x300.jpg 300w, https:\/\/www.ipgh.org\/en\/wp-content\/uploads\/2024\/09\/3.1-MAYO-150x150.jpg 150w, https:\/\/www.ipgh.org\/en\/wp-content\/uploads\/2024\/09\/3.1-MAYO-768x768.jpg 768w, https:\/\/www.ipgh.org\/en\/wp-content\/uploads\/2024\/09\/3.1-MAYO-1536x1536.jpg 1536w, https:\/\/www.ipgh.org\/en\/wp-content\/uploads\/2024\/09\/3.1-MAYO.jpg 2048w\" sizes=\"(max-width: 409px) 100vw, 409px\" \/><\/figure>\n\n\n\n<figure class=\"wp-block-image size-large is-resized\"><img decoding=\"async\" loading=\"lazy\" src=\"https:\/\/www.ipgh.org\/en\/wp-content\/uploads\/2024\/09\/3.2-MAYO-1024x1024.jpg\" alt=\"\" class=\"wp-image-7821\" style=\"width:415px;height:415px\" width=\"415\" height=\"415\" srcset=\"https:\/\/www.ipgh.org\/en\/wp-content\/uploads\/2024\/09\/3.2-MAYO-1024x1024.jpg 1024w, https:\/\/www.ipgh.org\/en\/wp-content\/uploads\/2024\/09\/3.2-MAYO-300x300.jpg 300w, https:\/\/www.ipgh.org\/en\/wp-content\/uploads\/2024\/09\/3.2-MAYO-150x150.jpg 150w, https:\/\/www.ipgh.org\/en\/wp-content\/uploads\/2024\/09\/3.2-MAYO-768x768.jpg 768w, https:\/\/www.ipgh.org\/en\/wp-content\/uploads\/2024\/09\/3.2-MAYO-1536x1536.jpg 1536w, https:\/\/www.ipgh.org\/en\/wp-content\/uploads\/2024\/09\/3.2-MAYO.jpg 2048w\" sizes=\"(max-width: 415px) 100vw, 415px\" \/><\/figure>\n<\/div>\n\n\n\n<div style=\"height:11px\" aria-hidden=\"true\" class=\"wp-block-spacer\"><\/div>\n\n\n\n<hr class=\"wp-block-separator has-text-color has-luminous-vivid-orange-color has-alpha-channel-opacity has-luminous-vivid-orange-background-color has-background is-style-dots\"\/>\n\n\n\n<p class=\"has-black-color has-text-color has-link-color has-large-font-size wp-elements-106db69e60e2fac934bf2374555c5139\"><strong>07<\/strong><\/p>\n\n\n\n<p class=\"has-luminous-vivid-orange-color has-text-color has-link-color has-medium-font-size wp-elements-83de1670fa1f4572b148d3c814bd5400\"><strong>Meeting with the PAIGH National Section of El Salvador<\/strong><\/p>\n\n\n\n<div style=\"height:15px\" aria-hidden=\"true\" class=\"wp-block-spacer\"><\/div>\n\n\n\n<div class=\"wp-block-media-text is-stacked-on-mobile\"><figure class=\"wp-block-media-text__media\"><img decoding=\"async\" loading=\"lazy\" width=\"1024\" height=\"1024\" src=\"https:\/\/www.ipgh.org\/en\/wp-content\/uploads\/2024\/09\/4-MAYO-1024x1024.jpg\" alt=\"\" class=\"wp-image-7829 size-full\" srcset=\"https:\/\/www.ipgh.org\/en\/wp-content\/uploads\/2024\/09\/4-MAYO-1024x1024.jpg 1024w, https:\/\/www.ipgh.org\/en\/wp-content\/uploads\/2024\/09\/4-MAYO-300x300.jpg 300w, https:\/\/www.ipgh.org\/en\/wp-content\/uploads\/2024\/09\/4-MAYO-150x150.jpg 150w, https:\/\/www.ipgh.org\/en\/wp-content\/uploads\/2024\/09\/4-MAYO-768x768.jpg 768w, https:\/\/www.ipgh.org\/en\/wp-content\/uploads\/2024\/09\/4-MAYO-1536x1536.jpg 1536w, https:\/\/www.ipgh.org\/en\/wp-content\/uploads\/2024\/09\/4-MAYO.jpg 2048w\" sizes=\"(max-width: 1024px) 100vw, 1024px\" \/><\/figure><div class=\"wp-block-media-text__content\">\n<p class=\"has-white-color has-text-color has-background has-link-color wp-elements-0f5393edfb2c05f81efa149a88394ed2\" style=\"background-color:#ff9448;font-size:18px\">Architect Albertina S. Rodr\u00edguez de Aguilar, accompanied by her work team from the National Records Center of El Salvador, talked with MA. Antonio Campuzano Rosales with the objective of establishing opportunities for cooperation, to push forwards the scientific and technical areas in the scope covered by the PAIGH. Along the same lines, the Secretary General stated interest in strengthening the fraternal links for work and the support of the PAIGH for the Pan American community.<br>For this reason, a schedule for work on issues of modernization by technical training shall be set up.<\/p>\n<\/div><\/div>\n\n\n\n<div style=\"height:15px\" aria-hidden=\"true\" class=\"wp-block-spacer\"><\/div>\n\n\n\n<hr class=\"wp-block-separator has-text-color has-luminous-vivid-orange-color has-alpha-channel-opacity has-luminous-vivid-orange-background-color has-background is-style-dots\"\/>\n\n\n\n<p class=\"has-black-color has-text-color has-link-color has-large-font-size wp-elements-d6dd2d9a7bb97858066e4a08b8e91e5e\"><strong>08<\/strong><\/p>\n\n\n\n<p class=\"has-luminous-vivid-orange-color has-text-color has-link-color has-medium-font-size wp-elements-312cbbf00edc4a733c2dc9dc17bbdc6d\"><strong>Visit of Staff Members of the National Institute for Statistics and Geography (INEGI)<\/strong><\/p>\n\n\n\n<div style=\"height:15px\" aria-hidden=\"true\" class=\"wp-block-spacer\"><\/div>\n\n\n<div class=\"wp-block-image is-style-default\">\n<figure class=\"aligncenter size-large is-resized\"><img decoding=\"async\" loading=\"lazy\" src=\"https:\/\/www.ipgh.org\/en\/wp-content\/uploads\/2024\/09\/6-MAYO-1024x1024.jpg\" alt=\"\" class=\"wp-image-7830\" style=\"width:635px;height:635px\" width=\"635\" height=\"635\" srcset=\"https:\/\/www.ipgh.org\/en\/wp-content\/uploads\/2024\/09\/6-MAYO-1024x1024.jpg 1024w, https:\/\/www.ipgh.org\/en\/wp-content\/uploads\/2024\/09\/6-MAYO-300x300.jpg 300w, https:\/\/www.ipgh.org\/en\/wp-content\/uploads\/2024\/09\/6-MAYO-150x150.jpg 150w, https:\/\/www.ipgh.org\/en\/wp-content\/uploads\/2024\/09\/6-MAYO-768x768.jpg 768w, https:\/\/www.ipgh.org\/en\/wp-content\/uploads\/2024\/09\/6-MAYO-1536x1536.jpg 1536w, https:\/\/www.ipgh.org\/en\/wp-content\/uploads\/2024\/09\/6-MAYO.jpg 2048w\" sizes=\"(max-width: 635px) 100vw, 635px\" \/><\/figure><\/div>\n\n\n<div style=\"height:15px\" aria-hidden=\"true\" class=\"wp-block-spacer\"><\/div>\n\n\n\n<p style=\"font-size:18px\">MA. Antonio Campuzano Rosales, Secretary General del PAIGH, welcomed the delegation of the INEGI, made up of Dr. Paloma Merodio G\u00f3mez, Vice-President of the Governing Council, BSc. Luis Gerardo Esparza R\u00edos, Director General of Geography and Environment, Eng. Francisco Javier Medina Parra, Assistant Director General of Basic Geographic Information and BA. Gabriela Garc\u00eda Seco, Sub-director for Technical Coordination of the Vice-Presidency.<\/p>\n\n\n\n<p style=\"font-size:18px\">During the event with its protocol aspects, MA. Campuzano provided an overview of the history and functions of the PAIGH while at the same time recognizing the importance of the continual collaboration between the INEGI and the PAIGH which dates back over a long time. Along the same lines, he gave thanks for the support provided on matters of scientific and technical training to the Republic of El Salvador, a Member State of the PAIGH.<\/p>\n\n\n\n<div style=\"height:15px\" aria-hidden=\"true\" class=\"wp-block-spacer\"><\/div>\n\n\n\n<hr class=\"wp-block-separator has-text-color has-luminous-vivid-orange-color has-alpha-channel-opacity has-luminous-vivid-orange-background-color has-background is-style-dots\"\/>\n\n\n\n<p class=\"has-black-color has-text-color has-link-color has-large-font-size wp-elements-894882d988a030e65172b192f4c76053\"><strong>09<\/strong><\/p>\n\n\n\n<p class=\"has-luminous-vivid-orange-color has-text-color has-link-color has-medium-font-size wp-elements-d1a12a515b542d97f1deabaebd994e45\"><strong>Visit of the Secretary General to the CREFAL<\/strong><\/p>\n\n\n\n<div style=\"height:15px\" aria-hidden=\"true\" class=\"wp-block-spacer\"><\/div>\n\n\n\n<div class=\"wp-block-media-text is-stacked-on-mobile\"><figure class=\"wp-block-media-text__media\"><img decoding=\"async\" loading=\"lazy\" width=\"1024\" height=\"1024\" src=\"https:\/\/www.ipgh.org\/en\/wp-content\/uploads\/2024\/09\/7.1-MAYO-1-1024x1024.jpg\" alt=\"\" class=\"wp-image-7832 size-full\" srcset=\"https:\/\/www.ipgh.org\/en\/wp-content\/uploads\/2024\/09\/7.1-MAYO-1-1024x1024.jpg 1024w, https:\/\/www.ipgh.org\/en\/wp-content\/uploads\/2024\/09\/7.1-MAYO-1-300x300.jpg 300w, https:\/\/www.ipgh.org\/en\/wp-content\/uploads\/2024\/09\/7.1-MAYO-1-150x150.jpg 150w, https:\/\/www.ipgh.org\/en\/wp-content\/uploads\/2024\/09\/7.1-MAYO-1-768x768.jpg 768w, https:\/\/www.ipgh.org\/en\/wp-content\/uploads\/2024\/09\/7.1-MAYO-1-1536x1536.jpg 1536w, https:\/\/www.ipgh.org\/en\/wp-content\/uploads\/2024\/09\/7.1-MAYO-1.jpg 2048w\" sizes=\"(max-width: 1024px) 100vw, 1024px\" \/><\/figure><div class=\"wp-block-media-text__content\">\n<p style=\"font-size:18px\">MA. Antonio Campuzano Rosales, Secretary General of the PAIGH, attended the 73<sup>rd <\/sup>Anniversary of the creation of the Center for Regional Cooperation for the Education of Adults in Latin America and the Caribbean (CREFAL), responding to the invitation made by Dr. Jaime del R\u00edo Salcedo, Secretary General of the CREFAL.<br>As part of the protocol, the raising of the flags of the Latin-American and Caribbean countries took place, in addition to a photographic exhibition titled \u201cCREFAL in the course of time\u201d.<\/p>\n\n\n\n<p><\/p>\n<\/div><\/div>\n\n\n\n<div style=\"height:15px\" aria-hidden=\"true\" class=\"wp-block-spacer\"><\/div>\n\n\n\n<hr class=\"wp-block-separator has-text-color has-luminous-vivid-orange-color has-alpha-channel-opacity has-luminous-vivid-orange-background-color has-background is-style-dots\"\/>\n\n\n\n<p class=\"has-black-color has-text-color has-link-color has-large-font-size wp-elements-a516d6d0f55faa698bac79e5fdf1ab16\"><strong>13<\/strong><\/p>\n\n\n\n<p class=\"has-luminous-vivid-orange-color has-text-color has-link-color has-medium-font-size wp-elements-974c2013fc5daee8e8e508ff9b40e27b\"><strong>Virtual meeting with leading staff members of the An\u00e1huac University \u2013 North Campus<\/strong><\/p>\n\n\n\n<p style=\"font-size:18px\">MA. Antonio Campuzano Rosales held a remote-mode meeting with members of the staff at the An\u00e1huac University (North Campus) of Mexico City. Those present were: BA Jos\u00e9 A. de Landa Dorantes, Coordinator for Business Linkage at An\u00e1huac; BA. Eduardo A. Tapia Guti\u00e9rrez, Assistant Coordinator for Corporate Academic Disciplines and teacher Karla Sandoval T\u00e9llez, Coordinator of the Undergraduate Course in History, of the Education and Humanities Faculty.<\/p>\n\n\n\n<p style=\"font-size:18px\">The purpose of this meeting was to carry out the preparations for the signature of a new formal agreement between the PAIGH and this university, through which it will be possible to put into effect various academic activities that enrich the functions and objectives of both institutions.<\/p>\n\n\n\n<p style=\"font-size:18px\">The links of the PAIGH with various academic entities are fundamental and one of the central points of the Strategic Modernization Plan for 2022-2025 of the current administration.<\/p>\n\n\n\n<p><\/p>\n\n\n\n<div style=\"height:15px\" aria-hidden=\"true\" class=\"wp-block-spacer\"><\/div>\n\n\n<div class=\"wp-block-image\">\n<figure class=\"aligncenter size-large is-resized\"><img decoding=\"async\" loading=\"lazy\" src=\"https:\/\/www.ipgh.org\/en\/wp-content\/uploads\/2024\/09\/8-MAYO-1024x1024.jpg\" alt=\"\" class=\"wp-image-7966\" style=\"width:464px;height:464px\" width=\"464\" height=\"464\" srcset=\"https:\/\/www.ipgh.org\/en\/wp-content\/uploads\/2024\/09\/8-MAYO-1024x1024.jpg 1024w, https:\/\/www.ipgh.org\/en\/wp-content\/uploads\/2024\/09\/8-MAYO-300x300.jpg 300w, https:\/\/www.ipgh.org\/en\/wp-content\/uploads\/2024\/09\/8-MAYO-150x150.jpg 150w, https:\/\/www.ipgh.org\/en\/wp-content\/uploads\/2024\/09\/8-MAYO-768x768.jpg 768w, https:\/\/www.ipgh.org\/en\/wp-content\/uploads\/2024\/09\/8-MAYO-1536x1536.jpg 1536w, https:\/\/www.ipgh.org\/en\/wp-content\/uploads\/2024\/09\/8-MAYO.jpg 2048w\" sizes=\"(max-width: 464px) 100vw, 464px\" \/><\/figure><\/div>\n\n\n<div style=\"height:18px\" aria-hidden=\"true\" class=\"wp-block-spacer\"><\/div>\n\n\n\n<hr class=\"wp-block-separator has-text-color has-luminous-vivid-orange-color has-alpha-channel-opacity has-luminous-vivid-orange-background-color has-background is-style-dots\"\/>\n\n\n\n<p class=\"has-black-color has-text-color has-link-color has-large-font-size wp-elements-b8f3ab887f35fcde07a074153e77951a\"><strong>16<\/strong><\/p>\n\n\n\n<p class=\"has-luminous-vivid-orange-color has-text-color has-link-color has-medium-font-size wp-elements-4194e771189a51156e8687147bca3155\"><strong>Presentation of the <em>National Atlas of Korea<\/em>, 2023 edition, version in Spanish<\/strong><\/p>\n\n\n\n<div style=\"height:15px\" aria-hidden=\"true\" class=\"wp-block-spacer\"><\/div>\n\n\n\n<p style=\"font-size:18px\">This major event took place in the Palace building headquarters of the PAIGH.<\/p>\n\n\n\n<p style=\"font-size:18px\">Within the program of presentations about this important book, his Excellency the Ambassador of the Republic of Korea in Mexico, Huh Tae-wan, pointed out the academic, scientific, and cultural relevance of the <em>National Atlas of Korea<\/em>, in its version printed in Spanish. In addition, he recognized the Pan American Institute of Geography and History as the reputable center of research in geography and history in the region.<\/p>\n\n\n\n<p style=\"font-size:18px\">Moreover, he stated his respect and admiration for Dr. Su Jim Lim and for her team of contributors, due to the hard work performed during the year, for bringing this edition of the Atlas into the public sphere.<\/p>\n\n\n\n<p style=\"font-size:18px\">The Ambassador of the Republic of Korea in Mexico, added that, since 2017, the government of his country annually publishes the atlas with the objective of facilitating knowledge of geography, history and culture; for this reason, periodically the Government of Korea works hard on improving the quality and accuracy of the book.<\/p>\n\n\n\n<p style=\"font-size:18px\">He also stated that: \u201cThe book is an excellent opportunity to deepen the mutual understanding, not only between Korea and Mexico but also between Korea and all the other member countries of the PAIGH\u201d.<\/p>\n\n\n\n<p style=\"font-size:18px\">Finally, he repeated his thanks to MA. Campuzano, for the support in the organization of this event, while at the same time confirming again the commitment of the Embassy of Korea to continue cooperating with the PAIGH.<\/p>\n\n\n\n<div style=\"height:15px\" aria-hidden=\"true\" class=\"wp-block-spacer\"><\/div>\n\n\n\n<div class=\"wp-block-group is-nowrap is-layout-flex wp-container-2 wp-block-group-is-layout-flex\">\n<figure class=\"wp-block-image size-large is-resized\"><img decoding=\"async\" loading=\"lazy\" src=\"https:\/\/www.ipgh.org\/en\/wp-content\/uploads\/2024\/09\/9-MAYO-1024x579.jpg\" alt=\"\" class=\"wp-image-7967\" style=\"width:405px;height:229px\" width=\"405\" height=\"229\" srcset=\"https:\/\/www.ipgh.org\/en\/wp-content\/uploads\/2024\/09\/9-MAYO-1024x579.jpg 1024w, https:\/\/www.ipgh.org\/en\/wp-content\/uploads\/2024\/09\/9-MAYO-300x170.jpg 300w, https:\/\/www.ipgh.org\/en\/wp-content\/uploads\/2024\/09\/9-MAYO-768x434.jpg 768w, https:\/\/www.ipgh.org\/en\/wp-content\/uploads\/2024\/09\/9-MAYO-1536x869.jpg 1536w, https:\/\/www.ipgh.org\/en\/wp-content\/uploads\/2024\/09\/9-MAYO.jpg 2048w\" sizes=\"(max-width: 405px) 100vw, 405px\" \/><\/figure>\n\n\n\n<figure class=\"wp-block-image size-large is-resized\"><img decoding=\"async\" loading=\"lazy\" src=\"https:\/\/www.ipgh.org\/en\/wp-content\/uploads\/2024\/09\/9.2-MAYO-1024x579.jpg\" alt=\"\" class=\"wp-image-7968\" style=\"width:404px;height:228px\" width=\"404\" height=\"228\" srcset=\"https:\/\/www.ipgh.org\/en\/wp-content\/uploads\/2024\/09\/9.2-MAYO-1024x579.jpg 1024w, https:\/\/www.ipgh.org\/en\/wp-content\/uploads\/2024\/09\/9.2-MAYO-300x170.jpg 300w, https:\/\/www.ipgh.org\/en\/wp-content\/uploads\/2024\/09\/9.2-MAYO-768x434.jpg 768w, https:\/\/www.ipgh.org\/en\/wp-content\/uploads\/2024\/09\/9.2-MAYO-1536x869.jpg 1536w, https:\/\/www.ipgh.org\/en\/wp-content\/uploads\/2024\/09\/9.2-MAYO.jpg 2048w\" sizes=\"(max-width: 404px) 100vw, 404px\" \/><\/figure>\n\n\n\n<figure class=\"wp-block-image size-large is-resized\"><img decoding=\"async\" loading=\"lazy\" src=\"https:\/\/www.ipgh.org\/en\/wp-content\/uploads\/2024\/09\/9.4-MAYO-1024x579.jpg\" alt=\"\" class=\"wp-image-7969\" style=\"width:401px;height:227px\" width=\"401\" height=\"227\" srcset=\"https:\/\/www.ipgh.org\/en\/wp-content\/uploads\/2024\/09\/9.4-MAYO-1024x579.jpg 1024w, https:\/\/www.ipgh.org\/en\/wp-content\/uploads\/2024\/09\/9.4-MAYO-300x170.jpg 300w, https:\/\/www.ipgh.org\/en\/wp-content\/uploads\/2024\/09\/9.4-MAYO-768x434.jpg 768w, https:\/\/www.ipgh.org\/en\/wp-content\/uploads\/2024\/09\/9.4-MAYO-1536x869.jpg 1536w, https:\/\/www.ipgh.org\/en\/wp-content\/uploads\/2024\/09\/9.4-MAYO.jpg 2048w\" sizes=\"(max-width: 401px) 100vw, 401px\" \/><\/figure>\n<\/div>\n\n\n\n<div style=\"height:15px\" aria-hidden=\"true\" class=\"wp-block-spacer\"><\/div>\n\n\n\n<hr class=\"wp-block-separator has-text-color has-luminous-vivid-orange-color has-alpha-channel-opacity has-luminous-vivid-orange-background-color has-background is-style-dots\"\/>\n\n\n\n<p class=\"has-black-color has-text-color has-link-color has-large-font-size wp-elements-b0b023c9f32fa345e2ee83d9419c9729\"><strong>17<\/strong><\/p>\n\n\n\n<p class=\"has-luminous-vivid-orange-color has-text-color has-link-color has-medium-font-size wp-elements-14f0fd9c17151ceed03277f114920a14\"><strong>Virtual meeting of the PAIGH and the CAF<\/strong><\/p>\n\n\n\n<p class=\"has-black-color has-text-color has-link-color wp-elements-6f5fd5b55104d577d6ceb496162c0642\" style=\"font-size:18px\"><\/p>\n\n\n\n<p style=\"font-size:18px\">The work schedule of the General Secretariat of the PAIGH gives continuity to its meetings for collaboration with scientific and technical institutions and organizations. On this occasion, the issue discussed was that of the prevention of hazards arising from climate change.<br>Regional collaboration with international entities is of great importance for this international organization, as this leads to the implementation, progress towards and fulfilment of the objectives set out in the Strategic Plan for 2022-2025.<\/p>\n\n\n\n<div style=\"height:15px\" aria-hidden=\"true\" class=\"wp-block-spacer\"><\/div>\n\n\n\n<div class=\"wp-block-media-text is-stacked-on-mobile\" style=\"grid-template-columns:54% auto\"><figure class=\"wp-block-media-text__media\"><img decoding=\"async\" loading=\"lazy\" width=\"1024\" height=\"579\" src=\"https:\/\/www.ipgh.org\/en\/wp-content\/uploads\/2024\/09\/10.1-MAYO-1024x579.jpg\" alt=\"\" class=\"wp-image-7971 size-full\" srcset=\"https:\/\/www.ipgh.org\/en\/wp-content\/uploads\/2024\/09\/10.1-MAYO-1024x579.jpg 1024w, https:\/\/www.ipgh.org\/en\/wp-content\/uploads\/2024\/09\/10.1-MAYO-300x170.jpg 300w, https:\/\/www.ipgh.org\/en\/wp-content\/uploads\/2024\/09\/10.1-MAYO-768x434.jpg 768w, https:\/\/www.ipgh.org\/en\/wp-content\/uploads\/2024\/09\/10.1-MAYO-1536x869.jpg 1536w, https:\/\/www.ipgh.org\/en\/wp-content\/uploads\/2024\/09\/10.1-MAYO.jpg 2048w\" sizes=\"(max-width: 1024px) 100vw, 1024px\" \/><\/figure><div class=\"wp-block-media-text__content\">\n<p class=\"has-white-color has-text-color has-background has-link-color wp-elements-ed681db491faef249587c4f9381c7094\" style=\"background-color:#ff9448;font-size:18px\">MA. Antonio Campuzano Rosales, Secretary General of the PAIGH, met in virtual mode with Juan Palacios, Chief Executive for Environmental, Social, and Climatic Hazards at the Development Bank of Latin America and the Caribbean (CAF), and with Eng. Eric van Praag, head of the Cartography Commission of the PAIGH National Section of the United States of America.<\/p>\n<\/div><\/div>\n\n\n\n<div style=\"height:15px\" aria-hidden=\"true\" class=\"wp-block-spacer\"><\/div>\n\n\n\n<hr class=\"wp-block-separator has-text-color has-luminous-vivid-orange-color has-alpha-channel-opacity has-luminous-vivid-orange-background-color has-background is-style-wide\"\/>\n\n\n\n<div class=\"wp-block-columns is-layout-flex wp-container-7 wp-block-columns-is-layout-flex\">\n<div class=\"wp-block-column is-layout-flow wp-block-column-is-layout-flow\"><\/div>\n\n\n\n<div class=\"wp-block-column is-layout-flow wp-block-column-is-layout-flow\"><\/div>\n\n\n\n<div class=\"wp-block-column is-layout-flow wp-block-column-is-layout-flow\">\n<div class=\"wp-block-buttons is-content-justification-right is-layout-flex wp-container-5 wp-block-buttons-is-layout-flex\">\n<div class=\"wp-block-button\"><a class=\"wp-block-button__link has-white-color has-luminous-vivid-orange-background-color has-text-color has-background has-link-color wp-element-button\" href=\"https:\/\/www.ipgh.org\/en\/?page_id=7623\" style=\"border-radius:11px\">Back<\/a><\/div>\n<\/div>\n<\/div>\n<\/div>\n","protected":false},"excerpt":{"rendered":"<p>01 Virtual meeting with MSc. Nelson Ortega (CEPEIGE) On this occasion, the Secretary General of the PAIGH held a work meeting with MSc. Nelson Ortega, Director of the Pan American Center for Geographic Studies and Research, with its headquarters in Ecuador.Matters involving the academic actions run jointly between the PAIGH and the CEPEIGE were discussed. <a class=\"read-more\" href=\"https:\/\/www.ipgh.org\/en\/?page_id=7813\">READ MORE<\/a><\/p>\n","protected":false},"author":1,"featured_media":0,"parent":0,"menu_order":0,"comment_status":"closed","ping_status":"closed","template":"","meta":{"footnotes":""},"_links":{"self":[{"href":"https:\/\/www.ipgh.org\/en\/index.php?rest_route=\/wp\/v2\/pages\/7813"}],"collection":[{"href":"https:\/\/www.ipgh.org\/en\/index.php?rest_route=\/wp\/v2\/pages"}],"about":[{"href":"https:\/\/www.ipgh.org\/en\/index.php?rest_route=\/wp\/v2\/types\/page"}],"author":[{"embeddable":true,"href":"https:\/\/www.ipgh.org\/en\/index.php?rest_route=\/wp\/v2\/users\/1"}],"replies":[{"embeddable":true,"href":"https:\/\/www.ipgh.org\/en\/index.php?rest_route=%2Fwp%2Fv2%2Fcomments&post=7813"}],"version-history":[{"count":22,"href":"https:\/\/www.ipgh.org\/en\/index.php?rest_route=\/wp\/v2\/pages\/7813\/revisions"}],"predecessor-version":[{"id":11846,"href":"https:\/\/www.ipgh.org\/en\/index.php?rest_route=\/wp\/v2\/pages\/7813\/revisions\/11846"}],"wp:attachment":[{"href":"https:\/\/www.ipgh.org\/en\/index.php?rest_route=%2Fwp%2Fv2%2Fmedia&parent=7813"}],"curies":[{"name":"wp","href":"https:\/\/api.w.org\/{rel}","templated":true}]}}