{"id":7977,"date":"2024-09-25T16:06:12","date_gmt":"2024-09-25T21:06:12","guid":{"rendered":"https:\/\/www.ipgh.org\/en\/?page_id=7977"},"modified":"2025-10-29T14:55:01","modified_gmt":"2025-10-29T20:55:01","slug":"junio-2024","status":"publish","type":"page","link":"https:\/\/www.ipgh.org\/en\/?page_id=7977","title":{"rendered":"Junio 2024"},"content":{"rendered":"\n<p class=\"has-black-color has-text-color has-link-color has-large-font-size wp-elements-c836c41b367ed0daceba108584aed082\"><strong>11<\/strong><\/p>\n\n\n\n<p class=\"has-luminous-vivid-orange-color has-text-color has-link-color has-medium-font-size wp-elements-f028f322132c31e7f6f755b3e638d5e9\"><strong>Permanent Mission of Haiti to the Organization of American States<\/strong><\/p>\n\n\n\n<div style=\"height:15px\" aria-hidden=\"true\" class=\"wp-block-spacer\"><\/div>\n\n\n<div class=\"wp-block-image\">\n<figure class=\"aligncenter size-large is-resized\"><img decoding=\"async\" loading=\"lazy\" src=\"https:\/\/www.ipgh.org\/en\/wp-content\/uploads\/2024\/09\/1Junio--1024x579.jpg\" alt=\"\" class=\"wp-image-7978\" style=\"width:790px;height:447px\" width=\"790\" height=\"447\" srcset=\"https:\/\/www.ipgh.org\/en\/wp-content\/uploads\/2024\/09\/1Junio--1024x579.jpg 1024w, https:\/\/www.ipgh.org\/en\/wp-content\/uploads\/2024\/09\/1Junio--300x170.jpg 300w, https:\/\/www.ipgh.org\/en\/wp-content\/uploads\/2024\/09\/1Junio--768x434.jpg 768w, https:\/\/www.ipgh.org\/en\/wp-content\/uploads\/2024\/09\/1Junio--1536x869.jpg 1536w, https:\/\/www.ipgh.org\/en\/wp-content\/uploads\/2024\/09\/1Junio-.jpg 2048w\" sizes=\"(max-width: 790px) 100vw, 790px\" \/><\/figure><\/div>\n\n\n<div style=\"height:15px\" aria-hidden=\"true\" class=\"wp-block-spacer\"><\/div>\n\n\n\n<p>&nbsp;<\/p>\n\n\n\n<p style=\"font-size:18px\">The PAIGH Secretary General, MA. Antonio Campuzano Rosales, shared a work meeting with the Representative of the Permanent Mission of Haiti to the Organization of American States, Ambassador Gandy Thomas, who was accompanied by his assistants, Mr. Sherlo Antoine and Mr. Jean Bernard Henry.<\/p>\n\n\n\n<p style=\"font-size:18px\">Ambassador Thomas stated the interest of the Republic of Haiti as a PAIGH Member State in strengthening its participation and collaboration in this international scientific organization. Along the same lines, MA. Campuzano provided specific information on the matter of projects, grants, publications and calls for proposals, in the four areas that the PAIGH is dedicated to: Cartography, Geography, History, Geophysics and related sciences.<\/p>\n\n\n\n<div style=\"height:15px\" aria-hidden=\"true\" class=\"wp-block-spacer\"><\/div>\n\n\n\n<hr class=\"wp-block-separator has-text-color has-luminous-vivid-orange-color has-alpha-channel-opacity has-luminous-vivid-orange-background-color has-background is-style-dots\"\/>\n\n\n\n<p class=\"has-black-color has-text-color has-link-color has-large-font-size wp-elements-c9fa55374ea2171a2aa7153502b2d8ff\"><strong>12<\/strong><\/p>\n\n\n\n<p class=\"has-luminous-vivid-orange-color has-text-color has-link-color has-medium-font-size wp-elements-bb8b34e3e128cfc40f179f08ff4b40be\"><strong>Aguascalientes Declaration and Joint Action Plan<\/strong><\/p>\n\n\n\n<div style=\"height:15px\" aria-hidden=\"true\" class=\"wp-block-spacer\"><\/div>\n\n\n\n<p class=\"has-white-background-color has-background\" style=\"font-size:18px\">The Secretary General of the PAIGH, MA. Antonio Campuzano Rosales, met in virtual mode with representatives of AmeriGEO and of UN-GGIM: Americas, with the aim of reporting on the fulfilment of the agreements set up in 2021 by the PAIGH; also for ratifying the institutional support and follow-up actions for the agreements of the Aguascalientes Declaration and the Joint Action Plan, documents which shall guide the activities to be carried out in the subsequent months. In this work session, MA. Campuzano stated the willingness of the PAIGH to collaborate closely with these international bodies, whose representatives attending the meeting were: Paul L. Riley, Pamela Castillo, \u00c1lvaro Monett, Fernanda Le\u00f3n, Nancy D. Searby, Leonardo Loureiro and Natalia Berm\u00fadez.<\/p>\n\n\n\n<div style=\"height:15px\" aria-hidden=\"true\" class=\"wp-block-spacer\"><\/div>\n\n\n\n<div class=\"wp-block-media-text is-stacked-on-mobile\" style=\"grid-template-columns:49% auto\"><figure class=\"wp-block-media-text__media\"><img decoding=\"async\" loading=\"lazy\" width=\"1024\" height=\"579\" src=\"https:\/\/www.ipgh.org\/en\/wp-content\/uploads\/2024\/09\/2.1-Junio-1024x579.jpg\" alt=\"\" class=\"wp-image-7980 size-full\" srcset=\"https:\/\/www.ipgh.org\/en\/wp-content\/uploads\/2024\/09\/2.1-Junio-1024x579.jpg 1024w, https:\/\/www.ipgh.org\/en\/wp-content\/uploads\/2024\/09\/2.1-Junio-300x170.jpg 300w, https:\/\/www.ipgh.org\/en\/wp-content\/uploads\/2024\/09\/2.1-Junio-768x434.jpg 768w, https:\/\/www.ipgh.org\/en\/wp-content\/uploads\/2024\/09\/2.1-Junio-1536x869.jpg 1536w, https:\/\/www.ipgh.org\/en\/wp-content\/uploads\/2024\/09\/2.1-Junio.jpg 2048w\" sizes=\"(max-width: 1024px) 100vw, 1024px\" \/><\/figure><div class=\"wp-block-media-text__content\">\n<figure class=\"wp-block-image size-large is-resized\"><img decoding=\"async\" loading=\"lazy\" src=\"https:\/\/www.ipgh.org\/en\/wp-content\/uploads\/2024\/09\/2-Junio-1024x579.jpg\" alt=\"\" class=\"wp-image-7982\" style=\"width:545px;height:308px\" width=\"545\" height=\"308\" srcset=\"https:\/\/www.ipgh.org\/en\/wp-content\/uploads\/2024\/09\/2-Junio-1024x579.jpg 1024w, https:\/\/www.ipgh.org\/en\/wp-content\/uploads\/2024\/09\/2-Junio-300x170.jpg 300w, https:\/\/www.ipgh.org\/en\/wp-content\/uploads\/2024\/09\/2-Junio-768x434.jpg 768w, https:\/\/www.ipgh.org\/en\/wp-content\/uploads\/2024\/09\/2-Junio-1536x869.jpg 1536w, https:\/\/www.ipgh.org\/en\/wp-content\/uploads\/2024\/09\/2-Junio.jpg 2048w\" sizes=\"(max-width: 545px) 100vw, 545px\" \/><\/figure>\n<\/div><\/div>\n\n\n\n<div style=\"height:30px\" aria-hidden=\"true\" class=\"wp-block-spacer\"><\/div>\n\n\n\n<p class=\"has-luminous-vivid-orange-color has-text-color has-link-color has-medium-font-size wp-elements-0dfd77eee81deb6d7045e22a9260adcb\"><strong>Meeting in virtual mode with the Vice-President of the PAIGH<\/strong><\/p>\n\n\n\n<div style=\"height:26px\" aria-hidden=\"true\" class=\"wp-block-spacer\"><\/div>\n\n\n\n<div class=\"wp-block-media-text is-stacked-on-mobile\" style=\"grid-template-columns:55% auto\"><figure class=\"wp-block-media-text__media\"><img decoding=\"async\" loading=\"lazy\" width=\"1024\" height=\"579\" src=\"https:\/\/www.ipgh.org\/en\/wp-content\/uploads\/2024\/09\/3-Junio-1024x579.jpg\" alt=\"\" class=\"wp-image-7985 size-full\" srcset=\"https:\/\/www.ipgh.org\/en\/wp-content\/uploads\/2024\/09\/3-Junio-1024x579.jpg 1024w, https:\/\/www.ipgh.org\/en\/wp-content\/uploads\/2024\/09\/3-Junio-300x170.jpg 300w, https:\/\/www.ipgh.org\/en\/wp-content\/uploads\/2024\/09\/3-Junio-768x434.jpg 768w, https:\/\/www.ipgh.org\/en\/wp-content\/uploads\/2024\/09\/3-Junio-1536x869.jpg 1536w, https:\/\/www.ipgh.org\/en\/wp-content\/uploads\/2024\/09\/3-Junio.jpg 2048w\" sizes=\"(max-width: 1024px) 100vw, 1024px\" \/><\/figure><div class=\"wp-block-media-text__content\">\n<p class=\"has-white-color has-text-color has-background has-link-color wp-elements-3fe41150250aa80517aca4bcc9100fad\" style=\"background-color:#ff9448;font-size:18px\">This work session is within the preparations for the 101<sup>st<\/sup> Meeting of the PAIGH Authorities to be held during the month of July of this year, in Mexico City. During the meeting, both the Vice-President and the Secretary General of the PAIGH demonstrated enthusiasm and commitment for working closely together in the second half of 2024, the period in which, besides the 102<sup>nd<\/sup> Meeting of PAIGH Authorities, the 25<sup>th<\/sup>&nbsp;General Assembly, the main event of the statutory meetings of this international organization, shall be held.<\/p>\n<\/div><\/div>\n\n\n\n<div style=\"height:15px\" aria-hidden=\"true\" class=\"wp-block-spacer\"><\/div>\n\n\n\n<hr class=\"wp-block-separator has-text-color has-luminous-vivid-orange-color has-alpha-channel-opacity has-luminous-vivid-orange-background-color has-background is-style-dots\"\/>\n\n\n\n<p class=\"has-black-color has-text-color has-link-color has-large-font-size wp-elements-a516d6d0f55faa698bac79e5fdf1ab16\"><strong>13<\/strong><\/p>\n\n\n\n<p class=\"has-luminous-vivid-orange-color has-text-color has-link-color has-medium-font-size wp-elements-0b17d1246e2d4a9cc05a89b30c371795\"><strong>Meeting with the President of the Geography Commission of the PAIGH<\/strong><\/p>\n\n\n\n<p><\/p>\n\n\n\n<p style=\"font-size:18px\">MA. Antonio Campuzano Rosales, Secretary General of the PAIGH, held an interesting work meeting in virtual mode with Dr. Hermann Manr\u00edquez Tirado, President of the Geography Commission of this international organization, in the framework of the 101<sup>st<\/sup> meeting of PAIGH Authorities. With the aim of assessing, devising and preparing the activities of the four PAIGH Commissions, the Authorities shall meet at the start of following month of July in the Palace Building headquarters, in Mexico City.<\/p>\n\n\n\n<div style=\"height:15px\" aria-hidden=\"true\" class=\"wp-block-spacer\"><\/div>\n\n\n\n<div class=\"wp-block-group is-content-justification-center is-nowrap is-layout-flex wp-container-1 wp-block-group-is-layout-flex\">\n<figure class=\"wp-block-image size-large is-resized\"><img decoding=\"async\" loading=\"lazy\" src=\"https:\/\/www.ipgh.org\/en\/wp-content\/uploads\/2024\/09\/4-Junio-1024x579.jpg\" alt=\"\" class=\"wp-image-7993\" style=\"width:866px;height:490px\" width=\"866\" height=\"490\" srcset=\"https:\/\/www.ipgh.org\/en\/wp-content\/uploads\/2024\/09\/4-Junio-1024x579.jpg 1024w, https:\/\/www.ipgh.org\/en\/wp-content\/uploads\/2024\/09\/4-Junio-300x170.jpg 300w, https:\/\/www.ipgh.org\/en\/wp-content\/uploads\/2024\/09\/4-Junio-768x434.jpg 768w, https:\/\/www.ipgh.org\/en\/wp-content\/uploads\/2024\/09\/4-Junio-1536x869.jpg 1536w, https:\/\/www.ipgh.org\/en\/wp-content\/uploads\/2024\/09\/4-Junio.jpg 2048w\" sizes=\"(max-width: 866px) 100vw, 866px\" \/><\/figure>\n<\/div>\n\n\n\n<div style=\"height:15px\" aria-hidden=\"true\" class=\"wp-block-spacer\"><\/div>\n\n\n\n<hr class=\"wp-block-separator has-text-color has-luminous-vivid-orange-color has-alpha-channel-opacity has-luminous-vivid-orange-background-color has-background is-style-dots\"\/>\n\n\n\n<p class=\"has-black-color has-text-color has-link-color has-large-font-size wp-elements-77a7386ba02c1461c776a0a701bcc033\"><strong>14<\/strong><\/p>\n\n\n\n<p class=\"has-luminous-vivid-orange-color has-text-color has-link-color has-medium-font-size wp-elements-e5be9d2a5fee705663f9b93c60b29121\"><strong>Visit to the offices of the Mexican Anthropology Society<\/strong><\/p>\n\n\n\n<div style=\"height:15px\" aria-hidden=\"true\" class=\"wp-block-spacer\"><\/div>\n\n\n\n<div class=\"wp-block-media-text is-stacked-on-mobile\" style=\"grid-template-columns:55% auto\"><figure class=\"wp-block-media-text__media\"><img decoding=\"async\" loading=\"lazy\" width=\"1024\" height=\"579\" src=\"https:\/\/www.ipgh.org\/en\/wp-content\/uploads\/2024\/09\/5-Junio-1-1024x579.jpg\" alt=\"\" class=\"wp-image-8008 size-full\" srcset=\"https:\/\/www.ipgh.org\/en\/wp-content\/uploads\/2024\/09\/5-Junio-1-1024x579.jpg 1024w, https:\/\/www.ipgh.org\/en\/wp-content\/uploads\/2024\/09\/5-Junio-1-300x170.jpg 300w, https:\/\/www.ipgh.org\/en\/wp-content\/uploads\/2024\/09\/5-Junio-1-768x434.jpg 768w, https:\/\/www.ipgh.org\/en\/wp-content\/uploads\/2024\/09\/5-Junio-1-1536x869.jpg 1536w, https:\/\/www.ipgh.org\/en\/wp-content\/uploads\/2024\/09\/5-Junio-1.jpg 2048w\" sizes=\"(max-width: 1024px) 100vw, 1024px\" \/><\/figure><div class=\"wp-block-media-text__content\">\n<p style=\"font-size:18px\">In a pleasant visit, MA. Antonio Campuzano Rosales was at the offices of the Mexican Anthropology Society. He was received by Dr. Ana Mar\u00eda Salazar Peralta, Vice-President of the Mexican Anthropology Society.<\/p>\n\n\n\n<p style=\"font-size:18px\">The two institutions share interests and specific goals, so their collaborative work together shall yield quality scientific production.<\/p>\n\n\n\n<p style=\"font-size:18px\">This productive meeting is the start of a collaborative relationship between these two institutions, with the purpose of encouraging the dissemination of scientific knowledge in the area of Anthropology and History.<\/p>\n\n\n\n<p><\/p>\n<\/div><\/div>\n\n\n\n<hr class=\"wp-block-separator has-text-color has-luminous-vivid-orange-color has-alpha-channel-opacity has-luminous-vivid-orange-background-color has-background is-style-dots\"\/>\n\n\n\n<p class=\"has-black-color has-text-color has-link-color has-large-font-size wp-elements-edcef2c1aa53fdfe63a13d8e0db3e527\"><strong>25<\/strong><\/p>\n\n\n\n<p class=\"has-luminous-vivid-orange-color has-text-color has-link-color has-medium-font-size wp-elements-4f540a1c22688991dff1a9384c78c609\"><strong>Visit to the PAIGH National Section in Paraguay<\/strong><\/p>\n\n\n\n<div style=\"height:15px\" aria-hidden=\"true\" class=\"wp-block-spacer\"><\/div>\n\n\n\n<p style=\"font-size:18px\">As part of the agenda for work in Paraguay, MA. Antonio Campuzano Rosales, PAIGH Secretary General, met with Colonel DCEM Pedro Gustavo Rodr\u00edguez Mart\u00ednez, Director of the Military Geographic Service and President of the PAIGH National Section in Paraguay.<br>The Secretary General provided to the Paraguayan scientific community information about the openness of the PAIGH towards encouraging their participation in the Technical Assistance Program in projects and publications, in addition to sharing information about the various grants and annual awards, with the aim of interesting the professionals of the areas that the Institute is concerned with: Cartography, Geography, Geophysics and History.<\/p>\n\n\n\n<p style=\"font-size:18px\">Meetings such as these strengthen the links of collaboration between the PAIGH and its National Sections, thus fulfilling the objectives laid out, under the current administration, through the Strategic Modernization Plan for 2022-2025.<\/p>\n\n\n\n<div style=\"height:15px\" aria-hidden=\"true\" class=\"wp-block-spacer\"><\/div>\n\n\n\n<div class=\"wp-block-group is-nowrap is-layout-flex wp-container-2 wp-block-group-is-layout-flex\">\n<figure class=\"wp-block-image size-large is-resized\"><img decoding=\"async\" loading=\"lazy\" src=\"https:\/\/www.ipgh.org\/en\/wp-content\/uploads\/2024\/09\/6.1-Junio-1024x579.jpg\" alt=\"\" class=\"wp-image-8010\" style=\"width:517px;height:293px\" width=\"517\" height=\"293\" srcset=\"https:\/\/www.ipgh.org\/en\/wp-content\/uploads\/2024\/09\/6.1-Junio-1024x579.jpg 1024w, https:\/\/www.ipgh.org\/en\/wp-content\/uploads\/2024\/09\/6.1-Junio-300x170.jpg 300w, https:\/\/www.ipgh.org\/en\/wp-content\/uploads\/2024\/09\/6.1-Junio-768x434.jpg 768w, https:\/\/www.ipgh.org\/en\/wp-content\/uploads\/2024\/09\/6.1-Junio-1536x869.jpg 1536w, https:\/\/www.ipgh.org\/en\/wp-content\/uploads\/2024\/09\/6.1-Junio.jpg 2048w\" sizes=\"(max-width: 517px) 100vw, 517px\" \/><\/figure>\n\n\n\n<figure class=\"wp-block-image size-large is-resized\"><img decoding=\"async\" loading=\"lazy\" src=\"https:\/\/www.ipgh.org\/en\/wp-content\/uploads\/2024\/09\/6.2-Junio-1024x579.jpg\" alt=\"\" class=\"wp-image-8011\" style=\"width:603px;height:341px\" width=\"603\" height=\"341\" srcset=\"https:\/\/www.ipgh.org\/en\/wp-content\/uploads\/2024\/09\/6.2-Junio-1024x579.jpg 1024w, https:\/\/www.ipgh.org\/en\/wp-content\/uploads\/2024\/09\/6.2-Junio-300x170.jpg 300w, https:\/\/www.ipgh.org\/en\/wp-content\/uploads\/2024\/09\/6.2-Junio-768x434.jpg 768w, https:\/\/www.ipgh.org\/en\/wp-content\/uploads\/2024\/09\/6.2-Junio-1536x869.jpg 1536w, https:\/\/www.ipgh.org\/en\/wp-content\/uploads\/2024\/09\/6.2-Junio.jpg 2048w\" sizes=\"(max-width: 603px) 100vw, 603px\" \/><\/figure>\n<\/div>\n\n\n\n<div style=\"height:15px\" aria-hidden=\"true\" class=\"wp-block-spacer\"><\/div>\n\n\n\n<hr class=\"wp-block-separator has-text-color has-luminous-vivid-orange-color has-alpha-channel-opacity has-luminous-vivid-orange-background-color has-background is-style-dots\"\/>\n\n\n\n<p class=\"has-black-color has-text-color has-link-color has-large-font-size wp-elements-9d8bb51361082db38e686221963f53d7\"><strong>26<\/strong><\/p>\n\n\n\n<p class=\"has-luminous-vivid-orange-color has-text-color has-link-color has-medium-font-size wp-elements-81824c2dba0eacd41a3c5380d9b833f4\"><strong>Participation in the 54<sup>th<\/sup> General Assembly of the OAS<\/strong><\/p>\n\n\n\n<div style=\"height:15px\" aria-hidden=\"true\" class=\"wp-block-spacer\"><\/div>\n\n\n\n<p style=\"font-size:18px\">MA. Antonio Campuzano Rosales, Secretary General of the PAIGH, participated in the inauguration of the 54<sup>th <\/sup>General Assembly of the Organization of American States, which took place in the city of Asunci\u00f3n, Republic of Paraguay, from the 26<sup>th<\/sup> to the 28<sup>th<\/sup> of June, 2024.<\/p>\n\n\n\n<p style=\"font-size:18px\">The relations between the Pan American Institute of Geography and History and the Organization of American States started some years after the creation of the latter. In the year 1949, the PAIGH signed an agreement by which it became the first specialized agency of that organization.<\/p>\n\n\n\n<p><\/p>\n\n\n\n<div class=\"wp-block-media-text is-stacked-on-mobile\" style=\"grid-template-columns:51% auto\"><figure class=\"wp-block-media-text__media\"><img decoding=\"async\" loading=\"lazy\" width=\"1024\" height=\"579\" src=\"https:\/\/www.ipgh.org\/en\/wp-content\/uploads\/2024\/09\/7-Junio-1024x579.jpg\" alt=\"\" class=\"wp-image-8014 size-full\" srcset=\"https:\/\/www.ipgh.org\/en\/wp-content\/uploads\/2024\/09\/7-Junio-1024x579.jpg 1024w, https:\/\/www.ipgh.org\/en\/wp-content\/uploads\/2024\/09\/7-Junio-300x170.jpg 300w, https:\/\/www.ipgh.org\/en\/wp-content\/uploads\/2024\/09\/7-Junio-768x434.jpg 768w, https:\/\/www.ipgh.org\/en\/wp-content\/uploads\/2024\/09\/7-Junio-1536x869.jpg 1536w, https:\/\/www.ipgh.org\/en\/wp-content\/uploads\/2024\/09\/7-Junio.jpg 2048w\" sizes=\"(max-width: 1024px) 100vw, 1024px\" \/><\/figure><div class=\"wp-block-media-text__content\">\n<p style=\"font-size:18px\">Since then, the PAIGH has sustained itself as a point of reference in science for the States of the Pan American community which it supports by means of its various programs, such as those of the Technical Assistance and the Publications, in addition to its call for proposals for the provision of grants and awards.<\/p>\n<\/div><\/div>\n\n\n\n<div style=\"height:15px\" aria-hidden=\"true\" class=\"wp-block-spacer\"><\/div>\n\n\n\n<hr class=\"wp-block-separator has-text-color has-luminous-vivid-orange-color has-alpha-channel-opacity has-luminous-vivid-orange-background-color has-background is-style-dots\"\/>\n\n\n\n<p class=\"has-black-color has-text-color has-link-color has-large-font-size wp-elements-d8e783e25000762d2be378ab170f4d6d\"><strong>27<\/strong><\/p>\n\n\n\n<p class=\"has-luminous-vivid-orange-color has-text-color has-link-color has-medium-font-size wp-elements-e3ea080ba91d07bebc0dbe06635cb960\"><strong>Visit to the premises of the Paraguayan Academy for History<\/strong><\/p>\n\n\n\n<div style=\"height:15px\" aria-hidden=\"true\" class=\"wp-block-spacer\"><\/div>\n\n\n<div class=\"wp-block-image\">\n<figure class=\"aligncenter size-large is-resized\"><img decoding=\"async\" loading=\"lazy\" src=\"https:\/\/www.ipgh.org\/en\/wp-content\/uploads\/2024\/09\/8.1-junio-1024x579.jpg\" alt=\"\" class=\"wp-image-8015\" style=\"width:667px;height:377px\" width=\"667\" height=\"377\" srcset=\"https:\/\/www.ipgh.org\/en\/wp-content\/uploads\/2024\/09\/8.1-junio-1024x579.jpg 1024w, https:\/\/www.ipgh.org\/en\/wp-content\/uploads\/2024\/09\/8.1-junio-300x170.jpg 300w, https:\/\/www.ipgh.org\/en\/wp-content\/uploads\/2024\/09\/8.1-junio-768x434.jpg 768w, https:\/\/www.ipgh.org\/en\/wp-content\/uploads\/2024\/09\/8.1-junio-1536x869.jpg 1536w, https:\/\/www.ipgh.org\/en\/wp-content\/uploads\/2024\/09\/8.1-junio.jpg 2048w\" sizes=\"(max-width: 667px) 100vw, 667px\" \/><\/figure><\/div>\n\n\n<div style=\"height:15px\" aria-hidden=\"true\" class=\"wp-block-spacer\"><\/div>\n\n\n\n<p style=\"font-size:18px\">In this cordial visit, MA. Campuzano met Mr. Gustavo Acosta Toledo and Dr. Ma. Graciela Monte de L\u00f3pez Moreira, President and Librarian of this institution dedicated to the dissemination of studies in and knowledge of history.<\/p>\n\n\n\n<p style=\"font-size:18px\">The authorities of the Academy agreed with MA. Campuzano to cooperate and provide support reciprocally.&nbsp;&nbsp;<\/p>\n\n\n\n<p style=\"font-size:18px\">The PAIGH, as a specialized organization of the OAS, confirms its commitment to the Pan American community upon initiating these strategic alliances that result in the dissemination of scientific knowledge.<\/p>\n\n\n\n<div style=\"height:15px\" aria-hidden=\"true\" class=\"wp-block-spacer\"><\/div>\n\n\n\n<hr class=\"wp-block-separator has-text-color has-luminous-vivid-orange-color has-alpha-channel-opacity has-luminous-vivid-orange-background-color has-background is-style-wide\"\/>\n\n\n\n<div class=\"wp-block-columns is-layout-flex wp-container-7 wp-block-columns-is-layout-flex\">\n<div class=\"wp-block-column is-layout-flow wp-block-column-is-layout-flow\"><\/div>\n\n\n\n<div class=\"wp-block-column is-layout-flow wp-block-column-is-layout-flow\"><\/div>\n\n\n\n<div class=\"wp-block-column is-layout-flow wp-block-column-is-layout-flow\">\n<div class=\"wp-block-buttons is-content-justification-right is-layout-flex wp-container-5 wp-block-buttons-is-layout-flex\">\n<div class=\"wp-block-button\"><a class=\"wp-block-button__link has-white-color has-luminous-vivid-orange-background-color has-text-color has-background has-link-color wp-element-button\" href=\"https:\/\/www.ipgh.org\/en\/?page_id=7623\" style=\"border-radius:11px\">Back<\/a><\/div>\n<\/div>\n<\/div>\n<\/div>\n","protected":false},"excerpt":{"rendered":"<p>11 Permanent Mission of Haiti to the Organization of American States &nbsp; The PAIGH Secretary General, MA. Antonio Campuzano Rosales, shared a work meeting with the Representative of the Permanent Mission of Haiti to the Organization of American States, Ambassador Gandy Thomas, who was accompanied by his assistants, Mr. Sherlo Antoine and Mr. Jean Bernard <a class=\"read-more\" href=\"https:\/\/www.ipgh.org\/en\/?page_id=7977\">READ MORE<\/a><\/p>\n","protected":false},"author":1,"featured_media":0,"parent":0,"menu_order":0,"comment_status":"closed","ping_status":"closed","template":"","meta":{"footnotes":""},"_links":{"self":[{"href":"https:\/\/www.ipgh.org\/en\/index.php?rest_route=\/wp\/v2\/pages\/7977"}],"collection":[{"href":"https:\/\/www.ipgh.org\/en\/index.php?rest_route=\/wp\/v2\/pages"}],"about":[{"href":"https:\/\/www.ipgh.org\/en\/index.php?rest_route=\/wp\/v2\/types\/page"}],"author":[{"embeddable":true,"href":"https:\/\/www.ipgh.org\/en\/index.php?rest_route=\/wp\/v2\/users\/1"}],"replies":[{"embeddable":true,"href":"https:\/\/www.ipgh.org\/en\/index.php?rest_route=%2Fwp%2Fv2%2Fcomments&post=7977"}],"version-history":[{"count":28,"href":"https:\/\/www.ipgh.org\/en\/index.php?rest_route=\/wp\/v2\/pages\/7977\/revisions"}],"predecessor-version":[{"id":11848,"href":"https:\/\/www.ipgh.org\/en\/index.php?rest_route=\/wp\/v2\/pages\/7977\/revisions\/11848"}],"wp:attachment":[{"href":"https:\/\/www.ipgh.org\/en\/index.php?rest_route=%2Fwp%2Fv2%2Fmedia&parent=7977"}],"curies":[{"name":"wp","href":"https:\/\/api.w.org\/{rel}","templated":true}]}}