{"id":8255,"date":"2024-09-26T09:39:39","date_gmt":"2024-09-26T14:39:39","guid":{"rendered":"https:\/\/www.ipgh.org\/en\/?page_id=8255"},"modified":"2025-10-08T08:10:03","modified_gmt":"2025-10-08T14:10:03","slug":"septiembre-2024","status":"publish","type":"page","link":"https:\/\/www.ipgh.org\/en\/?page_id=8255","title":{"rendered":"September 2024"},"content":{"rendered":"\n<p class=\"has-black-color has-text-color has-link-color has-large-font-size wp-elements-67adc0315888dd757bdd22ea9a948234\"><strong>23 &#8211; 27 <\/strong><\/p>\n\n\n\n<p class=\"has-luminous-vivid-orange-color has-text-color has-link-color has-medium-font-size wp-elements-34aec4324009d53eb492eca05b0a29c7\"><strong>Visita del Secretario General del IPGH a Corea<\/strong><\/p>\n\n\n\n<div style=\"height:15px\" aria-hidden=\"true\" class=\"wp-block-spacer\"><\/div>\n\n\n\n<p>MA. Antonio Campuzano Rosales, Secretary General of the Pan American Institute of Geography and History (PAIGH), made a working visit to the Republic of Korea, an observer country of the PAIGH, in response to an invitation from the Korean government. During this visit, he met with Mr. Hong Seung-in, Deputy Director General of the Office of International Legal Affairs of the Korean Ministry of Foreign Affairs, and Mr. Kim Bong-soo, Third Secretary of the Territories and Oceans Division. During these meetings, Mr. Campuzano expressed his gratitude for the invitation, highlighting the importance of collaboration between the two institutions.<\/p>\n\n\n\n<p>This trip reinforced the commitment of this specialized agency and the Republic of Korea to continue collaborating on scientific and technical development in areas such as Cartography, Geography, History, and Geophysics, promoting future joint initiatives for the benefit of the Pan-American community.<\/p>\n\n\n\n<div style=\"height:20px\" aria-hidden=\"true\" class=\"wp-block-spacer\"><\/div>\n\n\n<div class=\"wp-block-image\">\n<figure class=\"aligncenter size-large is-resized\"><img decoding=\"async\" loading=\"lazy\" src=\"https:\/\/www.ipgh.org\/en\/wp-content\/uploads\/2024\/10\/octubre-2024-1024x579.jpg\" alt=\"\" class=\"wp-image-9055\" style=\"width:677px;height:383px\" width=\"677\" height=\"383\" srcset=\"https:\/\/www.ipgh.org\/en\/wp-content\/uploads\/2024\/10\/octubre-2024-1024x579.jpg 1024w, https:\/\/www.ipgh.org\/en\/wp-content\/uploads\/2024\/10\/octubre-2024-300x170.jpg 300w, https:\/\/www.ipgh.org\/en\/wp-content\/uploads\/2024\/10\/octubre-2024-768x434.jpg 768w, https:\/\/www.ipgh.org\/en\/wp-content\/uploads\/2024\/10\/octubre-2024-1536x869.jpg 1536w, https:\/\/www.ipgh.org\/en\/wp-content\/uploads\/2024\/10\/octubre-2024.jpg 2048w\" sizes=\"(max-width: 677px) 100vw, 677px\" \/><\/figure><\/div>\n\n\n<div style=\"height:20px\" aria-hidden=\"true\" class=\"wp-block-spacer\"><\/div>\n\n\n\n<p>During his visit to the National Geographic Information Institute (NGII), MA. Campuzano had the opportunity to tour the institute&#8217;s museum, where he was able to appreciate the geographic and scientific heritage created over the years. This meeting strengthened the ties of cooperation between the two institutions and allowed for recognition of the support provided by the NGII to the Pan-American scientific community.<\/p>\n\n\n\n<p>As a gesture of appreciation, MA. Campuzano presented a plaque of recognition to Mr. Hong and Mr. Cho WooSug, Director General of the NGII, symbolizing the PAIGH&#8217;s gratitude for the academic opportunities offered and its interest in strengthening institutional ties for scientific development and future joint initiatives.<\/p>\n\n\n\n<div style=\"height:20px\" aria-hidden=\"true\" class=\"wp-block-spacer\"><\/div>\n\n\n<div class=\"wp-block-image\">\n<figure class=\"aligncenter size-large is-resized\"><img decoding=\"async\" loading=\"lazy\" src=\"https:\/\/www.ipgh.org\/en\/wp-content\/uploads\/2024\/10\/1-septiembre-1-1024x579.jpg\" alt=\"\" class=\"wp-image-9056\" style=\"width:778px;height:440px\" width=\"778\" height=\"440\" srcset=\"https:\/\/www.ipgh.org\/en\/wp-content\/uploads\/2024\/10\/1-septiembre-1-1024x579.jpg 1024w, https:\/\/www.ipgh.org\/en\/wp-content\/uploads\/2024\/10\/1-septiembre-1-300x170.jpg 300w, https:\/\/www.ipgh.org\/en\/wp-content\/uploads\/2024\/10\/1-septiembre-1-768x434.jpg 768w, https:\/\/www.ipgh.org\/en\/wp-content\/uploads\/2024\/10\/1-septiembre-1.jpg 1440w\" sizes=\"(max-width: 778px) 100vw, 778px\" \/><\/figure><\/div>\n\n\n<div style=\"height:25px\" aria-hidden=\"true\" class=\"wp-block-spacer\"><\/div>\n\n\n\n<div class=\"wp-block-media-text is-stacked-on-mobile\"><figure class=\"wp-block-media-text__media\"><img decoding=\"async\" loading=\"lazy\" width=\"1024\" height=\"579\" src=\"https:\/\/www.ipgh.org\/en\/wp-content\/uploads\/2024\/10\/septiembre-iltimo-cam-3-1024x579.jpg\" alt=\"\" class=\"wp-image-9070 size-full\" srcset=\"https:\/\/www.ipgh.org\/en\/wp-content\/uploads\/2024\/10\/septiembre-iltimo-cam-3-1024x579.jpg 1024w, https:\/\/www.ipgh.org\/en\/wp-content\/uploads\/2024\/10\/septiembre-iltimo-cam-3-300x170.jpg 300w, https:\/\/www.ipgh.org\/en\/wp-content\/uploads\/2024\/10\/septiembre-iltimo-cam-3-768x434.jpg 768w, https:\/\/www.ipgh.org\/en\/wp-content\/uploads\/2024\/10\/septiembre-iltimo-cam-3.jpg 1440w\" sizes=\"(max-width: 1024px) 100vw, 1024px\" \/><\/figure><div class=\"wp-block-media-text__content\">\n<p class=\"has-white-color has-text-color has-background has-link-color wp-elements-09b868bfd57d09afc00a577720a00096\" style=\"background-color:#ff9448;font-size:18px\">As part of his working tour of the Republic of Korea, Antonio Campuzano Rosales, Secretary General of the PAIGH, participated as a speaker at the 30<sup>th<\/sup> International Seminar on the Names of the Seas. The theme of this edition was \u201cSustainable geographical nomenclature for the future: achievements and challenges during the 30 years of the seminar.\u201d During his speech, Mr. Campuzano highlighted the importance of geographical names, pointing out that they transcend the territorial or geographical. He emphasized that these names encapsulate key aspects of a society&#8217;s culture and way of life from the perspective of historical science.<\/p>\n<\/div><\/div>\n\n\n\n<div style=\"height:25px\" aria-hidden=\"true\" class=\"wp-block-spacer\"><\/div>\n\n\n\n<div class=\"wp-block-media-text is-stacked-on-mobile\"><figure class=\"wp-block-media-text__media\"><img decoding=\"async\" loading=\"lazy\" width=\"1024\" height=\"579\" src=\"https:\/\/www.ipgh.org\/en\/wp-content\/uploads\/2024\/10\/septiembre-2324-ultimo-3-1024x579.jpg\" alt=\"\" class=\"wp-image-9072 size-full\" srcset=\"https:\/\/www.ipgh.org\/en\/wp-content\/uploads\/2024\/10\/septiembre-2324-ultimo-3-1024x579.jpg 1024w, https:\/\/www.ipgh.org\/en\/wp-content\/uploads\/2024\/10\/septiembre-2324-ultimo-3-300x170.jpg 300w, https:\/\/www.ipgh.org\/en\/wp-content\/uploads\/2024\/10\/septiembre-2324-ultimo-3-768x434.jpg 768w, https:\/\/www.ipgh.org\/en\/wp-content\/uploads\/2024\/10\/septiembre-2324-ultimo-3-1536x869.jpg 1536w, https:\/\/www.ipgh.org\/en\/wp-content\/uploads\/2024\/10\/septiembre-2324-ultimo-3.jpg 2048w\" sizes=\"(max-width: 1024px) 100vw, 1024px\" \/><\/figure><div class=\"wp-block-media-text__content\">\n<figure class=\"wp-block-image size-large\"><img decoding=\"async\" loading=\"lazy\" width=\"1024\" height=\"579\" src=\"https:\/\/www.ipgh.org\/en\/wp-content\/uploads\/2024\/10\/septiembre-ultomo-2024-2-1024x579.jpg\" alt=\"\" class=\"wp-image-9073\" srcset=\"https:\/\/www.ipgh.org\/en\/wp-content\/uploads\/2024\/10\/septiembre-ultomo-2024-2-1024x579.jpg 1024w, https:\/\/www.ipgh.org\/en\/wp-content\/uploads\/2024\/10\/septiembre-ultomo-2024-2-300x170.jpg 300w, https:\/\/www.ipgh.org\/en\/wp-content\/uploads\/2024\/10\/septiembre-ultomo-2024-2-768x434.jpg 768w, https:\/\/www.ipgh.org\/en\/wp-content\/uploads\/2024\/10\/septiembre-ultomo-2024-2-1536x869.jpg 1536w, https:\/\/www.ipgh.org\/en\/wp-content\/uploads\/2024\/10\/septiembre-ultomo-2024-2.jpg 2048w\" sizes=\"(max-width: 1024px) 100vw, 1024px\" \/><\/figure>\n<\/div><\/div>\n\n\n\n<div style=\"height:20px\" aria-hidden=\"true\" class=\"wp-block-spacer\"><\/div>\n\n\n\n<p class=\"has-black-color has-text-color has-link-color has-large-font-size wp-elements-7b52b6e167604bb216061c9a9275b6b6\"><strong>18<\/strong><\/p>\n\n\n\n<p class=\"has-luminous-vivid-orange-color has-text-color has-link-color has-medium-font-size wp-elements-0c9d191451a9c8551e8e04b9387064ef\"><strong>Virtual meeting with the heads of international organizations based in Mexico<\/strong><\/p>\n\n\n\n<div style=\"height:15px\" aria-hidden=\"true\" class=\"wp-block-spacer\"><\/div>\n\n\n\n<div class=\"wp-block-group is-content-justification-center is-nowrap is-layout-flex wp-container-1 wp-block-group-is-layout-flex\">\n<figure class=\"wp-block-image size-large is-resized\"><img decoding=\"async\" loading=\"lazy\" src=\"https:\/\/www.ipgh.org\/en\/wp-content\/uploads\/2024\/09\/5.1-SEPTIEMBRE-1024x579.jpg\" alt=\"\" class=\"wp-image-8265\" style=\"width:491px;height:278px\" width=\"491\" height=\"278\" srcset=\"https:\/\/www.ipgh.org\/en\/wp-content\/uploads\/2024\/09\/5.1-SEPTIEMBRE-1024x579.jpg 1024w, https:\/\/www.ipgh.org\/en\/wp-content\/uploads\/2024\/09\/5.1-SEPTIEMBRE-300x170.jpg 300w, https:\/\/www.ipgh.org\/en\/wp-content\/uploads\/2024\/09\/5.1-SEPTIEMBRE-768x434.jpg 768w, https:\/\/www.ipgh.org\/en\/wp-content\/uploads\/2024\/09\/5.1-SEPTIEMBRE-1536x869.jpg 1536w, https:\/\/www.ipgh.org\/en\/wp-content\/uploads\/2024\/09\/5.1-SEPTIEMBRE.jpg 2048w\" sizes=\"(max-width: 491px) 100vw, 491px\" \/><\/figure>\n\n\n\n<figure class=\"wp-block-image size-large is-resized\"><img decoding=\"async\" loading=\"lazy\" src=\"https:\/\/www.ipgh.org\/en\/wp-content\/uploads\/2024\/09\/5-SEPTIEMBRE-1024x579.jpg\" alt=\"\" class=\"wp-image-8263\" style=\"width:502px;height:284px\" width=\"502\" height=\"284\" srcset=\"https:\/\/www.ipgh.org\/en\/wp-content\/uploads\/2024\/09\/5-SEPTIEMBRE-1024x579.jpg 1024w, https:\/\/www.ipgh.org\/en\/wp-content\/uploads\/2024\/09\/5-SEPTIEMBRE-300x170.jpg 300w, https:\/\/www.ipgh.org\/en\/wp-content\/uploads\/2024\/09\/5-SEPTIEMBRE-768x434.jpg 768w, https:\/\/www.ipgh.org\/en\/wp-content\/uploads\/2024\/09\/5-SEPTIEMBRE-1536x869.jpg 1536w, https:\/\/www.ipgh.org\/en\/wp-content\/uploads\/2024\/09\/5-SEPTIEMBRE.jpg 2048w\" sizes=\"(max-width: 502px) 100vw, 502px\" \/><\/figure>\n<\/div>\n\n\n\n<div style=\"height:15px\" aria-hidden=\"true\" class=\"wp-block-spacer\"><\/div>\n\n\n\n<p>Leaders of international organizations based in Mexico: Dr. Salvador Percastre, Director General of the Latin American Institute for Educational Communication (ILCE); Mr. \u00c1lvaro Velarca Hern\u00e1ndez, Secretary General of the Inter-American Conference on Social Security (CISS); Mr. Jaime del R\u00edo Salcedo, Director General of the Regional Cooperation Center for Adult Education in Latin America and the Caribbean (CREFAL), and His Excellency Ambassador Fl\u00e1vio Roberto Bonzanini, Secretary General of the Agency for the Prohibition of Nuclear Weapons in Latin America and the Caribbean (OPANAL), met virtually to exchange interesting experiences that will serve to enrich their work and plan strategic collaborations in order to project their objectives in the Pan American region.<\/p>\n\n\n\n<p>It is worth mentioning that these types of meetings allow for the strengthening of ties of friendship for the benefit of the member countries of these institutions.<\/p>\n\n\n\n<div style=\"height:15px\" aria-hidden=\"true\" class=\"wp-block-spacer\"><\/div>\n\n\n\n<hr class=\"wp-block-separator has-text-color has-luminous-vivid-orange-color has-alpha-channel-opacity has-luminous-vivid-orange-background-color has-background is-style-dots\"\/>\n\n\n\n<p class=\"has-black-color has-text-color has-link-color has-large-font-size wp-elements-b0b023c9f32fa345e2ee83d9419c9729\"><strong>17<\/strong><\/p>\n\n\n\n<p class=\"has-luminous-vivid-orange-color has-text-color has-link-color has-medium-font-size wp-elements-96e7dfa390a4f1479849a291cde99fbd\"><strong>Training on \u201cDiplomatic Immunity\u201d and \u201cFirst Aid, First Aid Kit for Immediate Assistance, and Development of a Civil Protection Plan\u201d<\/strong><\/p>\n\n\n\n<div style=\"height:15px\" aria-hidden=\"true\" class=\"wp-block-spacer\"><\/div>\n\n\n\n<p class=\"has-text-align-left has-black-color has-text-color has-background has-link-color wp-elements-d117589294bcb21be8553321de1b1b4d\" style=\"background-color:#ff944700;font-size:18px\">In compliance with the actions corresponding to Guiding Principle VI of the 2022-2025 Strategic Modernization Plan of the Pan American Institute of Geography and History, the staff of the General Secretariat received training on \u201cDiplomatic Immunity\u201d and first aid concepts, immediate assistance first aid kits, and the development of a civil protection plan.<\/p>\n\n\n\n<div class=\"wp-block-media-text is-stacked-on-mobile\" style=\"grid-template-columns:57% auto\"><figure class=\"wp-block-media-text__media\"><img decoding=\"async\" loading=\"lazy\" width=\"1024\" height=\"579\" src=\"https:\/\/www.ipgh.org\/en\/wp-content\/uploads\/2024\/09\/4.1-SEPTIEMBRE-1024x579.jpg\" alt=\"\" class=\"wp-image-8261 size-full\" srcset=\"https:\/\/www.ipgh.org\/en\/wp-content\/uploads\/2024\/09\/4.1-SEPTIEMBRE-1024x579.jpg 1024w, https:\/\/www.ipgh.org\/en\/wp-content\/uploads\/2024\/09\/4.1-SEPTIEMBRE-300x170.jpg 300w, https:\/\/www.ipgh.org\/en\/wp-content\/uploads\/2024\/09\/4.1-SEPTIEMBRE-768x434.jpg 768w, https:\/\/www.ipgh.org\/en\/wp-content\/uploads\/2024\/09\/4.1-SEPTIEMBRE.jpg 1440w\" sizes=\"(max-width: 1024px) 100vw, 1024px\" \/><\/figure><div class=\"wp-block-media-text__content\">\n<p class=\"has-white-color has-text-color has-background has-link-color wp-elements-1dc1b08f089004f974dd9b22b70f3894\" style=\"background-color:#ff9448;font-size:18px\">These types of activities fall under Guiding Principle VI of the Strategic Plan for Modernization of the Pan American Institute of Geography and History, which seeks, among other things, to promote knowledge and practice in the workplace, with the participation of all staff. In this way, the General Secretariat of the PAIGH maintains constant compliance with the objectives set by this administration.<\/p>\n<\/div><\/div>\n\n\n\n<div style=\"height:25px\" aria-hidden=\"true\" class=\"wp-block-spacer\"><\/div>\n\n\n\n<p class=\"has-luminous-vivid-orange-color has-text-color has-link-color has-medium-font-size wp-elements-2530c6d023d2fdd8bc0825229d9ea639\"><strong>Meeting of the Diplomatic Corps and Representatives of International Organizations<\/strong><\/p>\n\n\n\n<p>MA. Antonio Campuzano Rosales, Secretary General of the PAIGH, thanked the Foreign Minister and the Mexican Government for the support and hospitality that this international organization has received since establishing its headquarters in Mexico City in 1930.<\/p>\n\n\n\n<p>On behalf of the Pan-American community that comprises it, the PAIGH extended its sincere congratulations to Foreign Minister Alicia B\u00e1rcena for her leadership, characterized by a profound diplomatic and humanistic sensibility, and wished her every success in the new tasks she will undertake in the near future.<\/p>\n\n\n\n<div style=\"height:11px\" aria-hidden=\"true\" class=\"wp-block-spacer\"><\/div>\n\n\n<div class=\"wp-block-image\">\n<figure class=\"aligncenter size-large is-resized\"><img decoding=\"async\" loading=\"lazy\" src=\"https:\/\/www.ipgh.org\/en\/wp-content\/uploads\/2024\/09\/4-SEPTIEMBRE-1024x579.jpg\" alt=\"\" class=\"wp-image-8260\" style=\"width:725px;height:410px\" width=\"725\" height=\"410\" srcset=\"https:\/\/www.ipgh.org\/en\/wp-content\/uploads\/2024\/09\/4-SEPTIEMBRE-1024x579.jpg 1024w, https:\/\/www.ipgh.org\/en\/wp-content\/uploads\/2024\/09\/4-SEPTIEMBRE-300x170.jpg 300w, https:\/\/www.ipgh.org\/en\/wp-content\/uploads\/2024\/09\/4-SEPTIEMBRE-768x434.jpg 768w, https:\/\/www.ipgh.org\/en\/wp-content\/uploads\/2024\/09\/4-SEPTIEMBRE.jpg 1440w\" sizes=\"(max-width: 725px) 100vw, 725px\" \/><\/figure><\/div>\n\n\n<div style=\"height:15px\" aria-hidden=\"true\" class=\"wp-block-spacer\"><\/div>\n\n\n\n<hr class=\"wp-block-separator has-text-color has-luminous-vivid-orange-color has-alpha-channel-opacity has-luminous-vivid-orange-background-color has-background is-style-dots\"\/>\n\n\n\n<p class=\"has-black-color has-text-color has-link-color has-large-font-size wp-elements-903b726b4f7f47d8493172c695b7a8e2\"><strong>10<\/strong><\/p>\n\n\n\n<p class=\"has-luminous-vivid-orange-color has-text-color has-link-color has-medium-font-size wp-elements-e2c087feffc3cf733efe522b03835da0\"><strong>Strengthening ties with Member States<\/strong><\/p>\n\n\n\n<div style=\"height:15px\" aria-hidden=\"true\" class=\"wp-block-spacer\"><\/div>\n\n\n<div class=\"wp-block-image\">\n<figure class=\"aligncenter size-large is-resized\"><img decoding=\"async\" loading=\"lazy\" src=\"https:\/\/www.ipgh.org\/en\/wp-content\/uploads\/2024\/09\/3-SEPTIEMBRE-1024x579.jpg\" alt=\"\" class=\"wp-image-8259\" style=\"width:723px;height:409px\" width=\"723\" height=\"409\" srcset=\"https:\/\/www.ipgh.org\/en\/wp-content\/uploads\/2024\/09\/3-SEPTIEMBRE-1024x579.jpg 1024w, https:\/\/www.ipgh.org\/en\/wp-content\/uploads\/2024\/09\/3-SEPTIEMBRE-300x170.jpg 300w, https:\/\/www.ipgh.org\/en\/wp-content\/uploads\/2024\/09\/3-SEPTIEMBRE-768x434.jpg 768w, https:\/\/www.ipgh.org\/en\/wp-content\/uploads\/2024\/09\/3-SEPTIEMBRE-1536x869.jpg 1536w, https:\/\/www.ipgh.org\/en\/wp-content\/uploads\/2024\/09\/3-SEPTIEMBRE.jpg 2048w\" sizes=\"(max-width: 723px) 100vw, 723px\" \/><\/figure><\/div>\n\n\n<div style=\"height:15px\" aria-hidden=\"true\" class=\"wp-block-spacer\"><\/div>\n\n\n\n<p>The Secretary General of the PAIGH, Antonio Campuzano Rosales, visited the offices of Her Excellency Sonia Cruz de Aspra, Ambassador of the Republic of Honduras to the United Mexican States.<\/p>\n\n\n\n<p>It should be noted that the Republic of Honduras will host the 26th General Assembly of the PAIGH in 2025, which will take place in the city of Tegucigalpa.<\/p>\n\n\n\n<p>In a fruitful and pleasant conversation, the intention is to strengthen the ties of collaboration between this international organization and the PAIGH Member State of Honduras, so that the scientific community of that nation can learn about and access the scientific and academic offerings of the PAIGH.<\/p>\n\n\n\n<p>Meetings such as this will result in scientific production through the programs that the PAIGH offers to the Pan-American community, such as scholarships, training, publications, and technical assistance projects.<\/p>\n\n\n\n<div style=\"height:15px\" aria-hidden=\"true\" class=\"wp-block-spacer\"><\/div>\n\n\n\n<hr class=\"wp-block-separator has-text-color has-luminous-vivid-orange-color has-alpha-channel-opacity has-luminous-vivid-orange-background-color has-background is-style-dots\"\/>\n\n\n\n<p class=\"has-black-color has-text-color has-link-color has-large-font-size wp-elements-0ff5afdf7cfba587ed3e9f94680203b5\"><strong>06<\/strong><\/p>\n\n\n\n<p class=\"has-luminous-vivid-orange-color has-text-color has-link-color has-medium-font-size wp-elements-2db7ef6d977bbde78b4733d609eeb55f\"><strong>Keynote Lecture: \u201cBenito Ju\u00e1rez, the Republican Army, and Their Strategy Against Imperialist Troops, 1862\u20131867: A Military Perspective\u201d<\/strong><\/p>\n\n\n\n<div style=\"height:15px\" aria-hidden=\"true\" class=\"wp-block-spacer\"><\/div>\n\n\n\n<div class=\"wp-block-media-text is-stacked-on-mobile\" style=\"grid-template-columns:58% auto\"><figure class=\"wp-block-media-text__media\"><img decoding=\"async\" loading=\"lazy\" width=\"1024\" height=\"579\" src=\"https:\/\/www.ipgh.org\/en\/wp-content\/uploads\/2024\/09\/2-SEPTIEMBRE-1024x579.jpg\" alt=\"\" class=\"wp-image-8258 size-full\" srcset=\"https:\/\/www.ipgh.org\/en\/wp-content\/uploads\/2024\/09\/2-SEPTIEMBRE-1024x579.jpg 1024w, https:\/\/www.ipgh.org\/en\/wp-content\/uploads\/2024\/09\/2-SEPTIEMBRE-300x170.jpg 300w, https:\/\/www.ipgh.org\/en\/wp-content\/uploads\/2024\/09\/2-SEPTIEMBRE-768x434.jpg 768w, https:\/\/www.ipgh.org\/en\/wp-content\/uploads\/2024\/09\/2-SEPTIEMBRE-1536x869.jpg 1536w, https:\/\/www.ipgh.org\/en\/wp-content\/uploads\/2024\/09\/2-SEPTIEMBRE.jpg 2048w\" sizes=\"(max-width: 1024px) 100vw, 1024px\" \/><\/figure><div class=\"wp-block-media-text__content\">\n<p class=\"has-white-color has-text-color has-background has-link-color wp-elements-ab336285a97128582b8c195c3edf24cd\" style=\"background-color:#ff9448;font-size:18px\">The presentation by Mr. Campuzano Rosales was part of the agenda of the 21st National Meeting of Historians of the Second Empire and the Restoration of the Republic. \u201cTwo Mexican Empires: Agust\u00edn de Iturbide and Maximilian of Habsburg. From fascination to disenchantment. Dissertations.\u201d The event was held at the Museum of the Restoration of the Republic.<\/p>\n<\/div><\/div>\n\n\n\n<div style=\"height:15px\" aria-hidden=\"true\" class=\"wp-block-spacer\"><\/div>\n\n\n\n<hr class=\"wp-block-separator has-text-color has-luminous-vivid-orange-color has-alpha-channel-opacity has-luminous-vivid-orange-background-color has-background is-style-dots\"\/>\n\n\n\n<p class=\"has-black-color has-text-color has-link-color has-large-font-size wp-elements-37dcb2cb90a74343f8f42726a2f89bbd\"><strong>04<\/strong><\/p>\n\n\n\n<p class=\"has-luminous-vivid-orange-color has-text-color has-link-color has-medium-font-size wp-elements-8f73d49f771b9ffa9fd759c64a86f93d\"><strong>Visit by the Minister Counselor of the Embassy of Peru in Mexico<\/strong><\/p>\n\n\n\n<div style=\"height:15px\" aria-hidden=\"true\" class=\"wp-block-spacer\"><\/div>\n\n\n\n<p>The Minister Counselor of the Peruvian Embassy in Mexico, Yesica Fonseca, was accompanied by her colleagues: Counselor \u00c1lvaro de los R\u00edos and Mr. Manuel Garc\u00eda, administrator of the embassy.<\/p>\n\n\n\n<p>The Secretary General of this Institute, Antonio Campuzano Rosales, gave them a warm welcome.<\/p>\n\n\n\n<p>The purpose of this meeting was to showcase the work carried out both within and outside the institution, as well as to provide a tour of the history of the Palace headquarters.<\/p>\n\n\n\n<p>The Secretary General emphasized the importance of collaborating countries for the growth and constant dissemination of science.<\/p>\n\n\n\n<p>The Minister Counselor of Peru considered it extremely important to continue strengthening ties of trust in order to contribute to scientific and diplomatic advances.<\/p>\n\n\n\n<div class=\"wp-block-group is-content-justification-center is-nowrap is-layout-flex wp-container-2 wp-block-group-is-layout-flex\">\n<figure class=\"wp-block-image size-large is-resized\"><img decoding=\"async\" loading=\"lazy\" src=\"https:\/\/www.ipgh.org\/en\/wp-content\/uploads\/2024\/09\/1.1-SEPTIEMBRE-1024x579.jpg\" alt=\"\" class=\"wp-image-8257\" style=\"width:741px;height:419px\" width=\"741\" height=\"419\" srcset=\"https:\/\/www.ipgh.org\/en\/wp-content\/uploads\/2024\/09\/1.1-SEPTIEMBRE-1024x579.jpg 1024w, https:\/\/www.ipgh.org\/en\/wp-content\/uploads\/2024\/09\/1.1-SEPTIEMBRE-300x170.jpg 300w, https:\/\/www.ipgh.org\/en\/wp-content\/uploads\/2024\/09\/1.1-SEPTIEMBRE-768x434.jpg 768w, https:\/\/www.ipgh.org\/en\/wp-content\/uploads\/2024\/09\/1.1-SEPTIEMBRE-1536x869.jpg 1536w, https:\/\/www.ipgh.org\/en\/wp-content\/uploads\/2024\/09\/1.1-SEPTIEMBRE.jpg 2048w\" sizes=\"(max-width: 741px) 100vw, 741px\" \/><\/figure>\n<\/div>\n\n\n\n<hr class=\"wp-block-separator has-text-color has-luminous-vivid-orange-color has-alpha-channel-opacity has-luminous-vivid-orange-background-color has-background is-style-wide\"\/>\n\n\n\n<div style=\"height:15px\" aria-hidden=\"true\" class=\"wp-block-spacer\"><\/div>\n\n\n\n<div class=\"wp-block-columns is-layout-flex wp-container-7 wp-block-columns-is-layout-flex\">\n<div class=\"wp-block-column is-layout-flow wp-block-column-is-layout-flow\"><\/div>\n\n\n\n<div class=\"wp-block-column is-layout-flow wp-block-column-is-layout-flow\"><\/div>\n\n\n\n<div class=\"wp-block-column is-layout-flow wp-block-column-is-layout-flow\">\n<div class=\"wp-block-buttons is-content-justification-right is-layout-flex wp-container-5 wp-block-buttons-is-layout-flex\">\n<div class=\"wp-block-button\"><a class=\"wp-block-button__link has-white-color has-luminous-vivid-orange-background-color has-text-color has-background has-link-color wp-element-button\" href=\"https:\/\/www.ipgh.org\/en\/?page_id=7623\" style=\"border-radius:11px\">Back<\/a><\/div>\n<\/div>\n<\/div>\n<\/div>\n\n\n\n<div style=\"height:15px\" aria-hidden=\"true\" class=\"wp-block-spacer\"><\/div>\n\n\n\n<div style=\"height:15px\" aria-hidden=\"true\" class=\"wp-block-spacer\"><\/div>\n","protected":false},"excerpt":{"rendered":"<p>23 &#8211; 27 Visita del Secretario General del IPGH a Corea MA. Antonio Campuzano Rosales, Secretary General of the Pan American Institute of Geography and History (PAIGH), made a working visit to the Republic of Korea, an observer country of the PAIGH, in response to an invitation from the Korean government. During this visit, he <a class=\"read-more\" href=\"https:\/\/www.ipgh.org\/en\/?page_id=8255\">READ MORE<\/a><\/p>\n","protected":false},"author":1,"featured_media":0,"parent":0,"menu_order":0,"comment_status":"closed","ping_status":"closed","template":"","meta":{"footnotes":""},"_links":{"self":[{"href":"https:\/\/www.ipgh.org\/en\/index.php?rest_route=\/wp\/v2\/pages\/8255"}],"collection":[{"href":"https:\/\/www.ipgh.org\/en\/index.php?rest_route=\/wp\/v2\/pages"}],"about":[{"href":"https:\/\/www.ipgh.org\/en\/index.php?rest_route=\/wp\/v2\/types\/page"}],"author":[{"embeddable":true,"href":"https:\/\/www.ipgh.org\/en\/index.php?rest_route=\/wp\/v2\/users\/1"}],"replies":[{"embeddable":true,"href":"https:\/\/www.ipgh.org\/en\/index.php?rest_route=%2Fwp%2Fv2%2Fcomments&post=8255"}],"version-history":[{"count":22,"href":"https:\/\/www.ipgh.org\/en\/index.php?rest_route=\/wp\/v2\/pages\/8255\/revisions"}],"predecessor-version":[{"id":11512,"href":"https:\/\/www.ipgh.org\/en\/index.php?rest_route=\/wp\/v2\/pages\/8255\/revisions\/11512"}],"wp:attachment":[{"href":"https:\/\/www.ipgh.org\/en\/index.php?rest_route=%2Fwp%2Fv2%2Fmedia&parent=8255"}],"curies":[{"name":"wp","href":"https:\/\/api.w.org\/{rel}","templated":true}]}}