{"id":8438,"date":"2024-09-26T15:56:06","date_gmt":"2024-09-26T20:56:06","guid":{"rendered":"https:\/\/www.ipgh.org\/en\/?page_id=8438"},"modified":"2025-09-03T11:41:15","modified_gmt":"2025-09-03T17:41:15","slug":"febrero-2023","status":"publish","type":"page","link":"https:\/\/www.ipgh.org\/en\/?page_id=8438","title":{"rendered":"February 2023"},"content":{"rendered":"\n<p class=\"has-black-color has-text-color has-link-color has-large-font-size wp-elements-d6dd2d9a7bb97858066e4a08b8e91e5e\"><strong>08<\/strong><\/p>\n\n\n\n<p class=\"has-luminous-vivid-orange-color has-text-color has-link-color has-medium-font-size wp-elements-13492476185fac740a0a68084b7944b9\"><strong>Celebration of 95 years of contributions to the development of America<\/strong><\/p>\n\n\n\n<div style=\"height:15px\" aria-hidden=\"true\" class=\"wp-block-spacer\"><\/div>\n\n\n\n<div class=\"wp-block-group is-content-justification-center is-nowrap is-layout-flex wp-container-1 wp-block-group-is-layout-flex\">\n<figure class=\"wp-block-image size-full is-resized\"><img decoding=\"async\" loading=\"lazy\" src=\"https:\/\/www.ipgh.org\/en\/wp-content\/uploads\/2024\/09\/1-febero-23.jpg\" alt=\"\" class=\"wp-image-8439\" style=\"width:592px;height:384px\" width=\"592\" height=\"384\" srcset=\"https:\/\/www.ipgh.org\/en\/wp-content\/uploads\/2024\/09\/1-febero-23.jpg 960w, https:\/\/www.ipgh.org\/en\/wp-content\/uploads\/2024\/09\/1-febero-23-300x195.jpg 300w, https:\/\/www.ipgh.org\/en\/wp-content\/uploads\/2024\/09\/1-febero-23-768x498.jpg 768w\" sizes=\"(max-width: 592px) 100vw, 592px\" \/><\/figure>\n<\/div>\n\n\n\n<div style=\"height:15px\" aria-hidden=\"true\" class=\"wp-block-spacer\"><\/div>\n\n\n\n<p class=\"has-black-color has-text-color has-link-color wp-elements-bdf98451cd8bb9d08c71f6fae8a76afc\" style=\"font-size:18px\">During the ceremony marking the 95<sup>th<\/sup> anniversary of the founding of this scientific and technical organisation, Mr Antonio Campuzano Rosales, Secretary General, highlighted the noble principles and valuable contributions that both women and men have made throughout the history of this institution for the development and benefit of the American continent.<\/p>\n\n\n\n<div style=\"height:15px\" aria-hidden=\"true\" class=\"wp-block-spacer\"><\/div>\n\n\n\n<div class=\"wp-block-group is-nowrap is-layout-flex wp-container-2 wp-block-group-is-layout-flex\">\n<figure class=\"wp-block-image size-large is-resized\"><img decoding=\"async\" loading=\"lazy\" src=\"https:\/\/www.ipgh.org\/en\/wp-content\/uploads\/2024\/09\/1.1-febrero-1-1024x733.jpg\" alt=\"\" class=\"wp-image-8441\" style=\"width:525px;height:376px\" width=\"525\" height=\"376\" srcset=\"https:\/\/www.ipgh.org\/en\/wp-content\/uploads\/2024\/09\/1.1-febrero-1-1024x733.jpg 1024w, https:\/\/www.ipgh.org\/en\/wp-content\/uploads\/2024\/09\/1.1-febrero-1-300x215.jpg 300w, https:\/\/www.ipgh.org\/en\/wp-content\/uploads\/2024\/09\/1.1-febrero-1-768x550.jpg 768w, https:\/\/www.ipgh.org\/en\/wp-content\/uploads\/2024\/09\/1.1-febrero-1.jpg 1500w\" sizes=\"(max-width: 525px) 100vw, 525px\" \/><\/figure>\n\n\n\n<figure class=\"wp-block-image size-full is-resized\"><img decoding=\"async\" loading=\"lazy\" src=\"https:\/\/www.ipgh.org\/en\/wp-content\/uploads\/2024\/09\/1.3-febrero.jpg\" alt=\"\" class=\"wp-image-8440\" style=\"width:578px;height:393px\" width=\"578\" height=\"393\" srcset=\"https:\/\/www.ipgh.org\/en\/wp-content\/uploads\/2024\/09\/1.3-febrero.jpg 960w, https:\/\/www.ipgh.org\/en\/wp-content\/uploads\/2024\/09\/1.3-febrero-300x204.jpg 300w, https:\/\/www.ipgh.org\/en\/wp-content\/uploads\/2024\/09\/1.3-febrero-768x522.jpg 768w\" sizes=\"(max-width: 578px) 100vw, 578px\" \/><\/figure>\n<\/div>\n\n\n\n<div style=\"height:16px\" aria-hidden=\"true\" class=\"wp-block-spacer\"><\/div>\n\n\n\n<p>Throughout the history of the PAIGH, women have played a fundamental role in its various bodies, structures, and activities. For this reason, during the 23<sup>rd<\/sup> General Assembly held in Quito, Ecuador (2022), Resolution 11 was approved, referring to the mural that pays tribute to the women who have held positions of authority in this institution.<\/p>\n\n\n\n<p>The inauguration of the PAIGH Mural of Women Authorities was carried out by Dr. Elsa Leticia Flores M\u00e1rquez, Dr. Patricia Sol\u00eds, and Dr. Patricia Galeana (left to right), who are part of this tribute through their portraits.<\/p>\n\n\n\n<div style=\"height:15px\" aria-hidden=\"true\" class=\"wp-block-spacer\"><\/div>\n\n\n\n<div class=\"wp-block-media-text is-stacked-on-mobile\" style=\"grid-template-columns:56% auto\"><figure class=\"wp-block-media-text__media\"><img decoding=\"async\" loading=\"lazy\" width=\"1024\" height=\"1024\" src=\"https:\/\/www.ipgh.org\/en\/wp-content\/uploads\/2024\/09\/1.4-febrero-1024x1024.jpg\" alt=\"\" class=\"wp-image-8442 size-full\" srcset=\"https:\/\/www.ipgh.org\/en\/wp-content\/uploads\/2024\/09\/1.4-febrero-1024x1024.jpg 1024w, https:\/\/www.ipgh.org\/en\/wp-content\/uploads\/2024\/09\/1.4-febrero-300x300.jpg 300w, https:\/\/www.ipgh.org\/en\/wp-content\/uploads\/2024\/09\/1.4-febrero-150x150.jpg 150w, https:\/\/www.ipgh.org\/en\/wp-content\/uploads\/2024\/09\/1.4-febrero-768x768.jpg 768w, https:\/\/www.ipgh.org\/en\/wp-content\/uploads\/2024\/09\/1.4-febrero.jpg 1080w\" sizes=\"(max-width: 1024px) 100vw, 1024px\" \/><\/figure><div class=\"wp-block-media-text__content\">\n<p class=\"has-white-color has-text-color has-background has-link-color wp-elements-057726fd6897f3656a1bc0c7fab87e61\" style=\"background-color:#ff9448;font-size:18px\">During the commemoration of the 95<sup>th<\/sup> anniversary of the PAIGH, a plaque was unveiled to inaugurate the \u2018Ing. Pedro Celestino S\u00e1nchez\u2019 Historical Archive.<br>The opening ceremony was presided over by Dr. Patricia Galeana, former President of the PAIGH History Commission.<\/p>\n<\/div><\/div>\n\n\n\n<div style=\"height:15px\" aria-hidden=\"true\" class=\"wp-block-spacer\"><\/div>\n\n\n\n<div class=\"wp-block-media-text has-media-on-the-right is-stacked-on-mobile\"><div class=\"wp-block-media-text__content\">\n<p class=\"has-black-color has-text-color has-link-color wp-elements-039596263288449b0ec4b3d5413d08dd\" style=\"font-size:18px\">As part of the anniversary ceremony programme, portraits of the following distinguished scientists were unveiled in the Gallery of Geographers and Historians of America: Piedad Pe\u00f1aherrera de Costales (anthropologist), Martha Ordo\u00f1ez Alb\u00e1n (palaeontologist), Artemis Torres Valenzuela (historian), Raquel Mar\u00eda de Le\u00f3n (geographer and historian) and Eunice Newton Foote (scientist).<\/p>\n<\/div><figure class=\"wp-block-media-text__media\"><img decoding=\"async\" loading=\"lazy\" width=\"1024\" height=\"1024\" src=\"https:\/\/www.ipgh.org\/en\/wp-content\/uploads\/2024\/09\/1.5-febrero-23-1024x1024.jpg\" alt=\"\" class=\"wp-image-8444 size-full\" srcset=\"https:\/\/www.ipgh.org\/en\/wp-content\/uploads\/2024\/09\/1.5-febrero-23-1024x1024.jpg 1024w, https:\/\/www.ipgh.org\/en\/wp-content\/uploads\/2024\/09\/1.5-febrero-23-300x300.jpg 300w, https:\/\/www.ipgh.org\/en\/wp-content\/uploads\/2024\/09\/1.5-febrero-23-150x150.jpg 150w, https:\/\/www.ipgh.org\/en\/wp-content\/uploads\/2024\/09\/1.5-febrero-23-768x768.jpg 768w, https:\/\/www.ipgh.org\/en\/wp-content\/uploads\/2024\/09\/1.5-febrero-23.jpg 1080w\" sizes=\"(max-width: 1024px) 100vw, 1024px\" \/><\/figure><\/div>\n\n\n\n<div style=\"height:16px\" aria-hidden=\"true\" class=\"wp-block-spacer\"><\/div>\n\n\n\n<hr class=\"wp-block-separator has-text-color has-luminous-vivid-orange-color has-alpha-channel-opacity has-luminous-vivid-orange-background-color has-background is-style-dots\"\/>\n\n\n\n<p class=\"has-black-color has-text-color has-link-color has-large-font-size wp-elements-77a7386ba02c1461c776a0a701bcc033\"><strong>14<\/strong><\/p>\n\n\n\n<p class=\"has-luminous-vivid-orange-color has-text-color has-link-color has-medium-font-size wp-elements-ddd7cab0900517dfe43df7dfe71228de\"><strong>56 Years of OPANAL: a shared commitment to peace in the Americas<\/strong><\/p>\n\n\n\n<div style=\"height:15px\" aria-hidden=\"true\" class=\"wp-block-spacer\"><\/div>\n\n\n\n<div class=\"wp-block-group is-content-justification-right is-nowrap is-layout-flex wp-container-3 wp-block-group-is-layout-flex\">\n<figure class=\"wp-block-image size-full is-resized\"><img decoding=\"async\" loading=\"lazy\" src=\"https:\/\/www.ipgh.org\/en\/wp-content\/uploads\/2024\/09\/2.1-febrero-23.jpg\" alt=\"\" class=\"wp-image-8446\" style=\"width:387px;height:516px\" width=\"387\" height=\"516\" srcset=\"https:\/\/www.ipgh.org\/en\/wp-content\/uploads\/2024\/09\/2.1-febrero-23.jpg 703w, https:\/\/www.ipgh.org\/en\/wp-content\/uploads\/2024\/09\/2.1-febrero-23-225x300.jpg 225w\" sizes=\"(max-width: 387px) 100vw, 387px\" \/><\/figure>\n\n\n\n<figure class=\"wp-block-image size-large is-resized\"><img decoding=\"async\" loading=\"lazy\" src=\"https:\/\/www.ipgh.org\/en\/wp-content\/uploads\/2024\/09\/2-febrero-23-1024x644.jpg\" alt=\"\" class=\"wp-image-8445\" style=\"width:576px;height:362px\" width=\"576\" height=\"362\" srcset=\"https:\/\/www.ipgh.org\/en\/wp-content\/uploads\/2024\/09\/2-febrero-23-1024x644.jpg 1024w, https:\/\/www.ipgh.org\/en\/wp-content\/uploads\/2024\/09\/2-febrero-23-300x189.jpg 300w, https:\/\/www.ipgh.org\/en\/wp-content\/uploads\/2024\/09\/2-febrero-23-768x483.jpg 768w, https:\/\/www.ipgh.org\/en\/wp-content\/uploads\/2024\/09\/2-febrero-23-1536x966.jpg 1536w, https:\/\/www.ipgh.org\/en\/wp-content\/uploads\/2024\/09\/2-febrero-23.jpg 1600w\" sizes=\"(max-width: 576px) 100vw, 576px\" \/><\/figure>\n<\/div>\n\n\n\n<div style=\"height:15px\" aria-hidden=\"true\" class=\"wp-block-spacer\"><\/div>\n\n\n\n<p class=\"has-black-color has-text-color has-link-color wp-elements-38b3f13ad277979bc2bbbe2b94b278ec\" style=\"font-size:18px\">With the aim of strengthening alliances with international organisations, Antonio Campuzano Rosales attended the commemoration of the 56<sup>th<\/sup> anniversary of the Organisation for the Prohibition of Nuclear Weapons in Latin America and the Caribbean (OPANAL), an international organisation based in Mexico which, like the PAIGH, has the mission of preserving peace in the Americas.<\/p>\n\n\n\n<div style=\"height:15px\" aria-hidden=\"true\" class=\"wp-block-spacer\"><\/div>\n\n\n\n<hr class=\"wp-block-separator has-text-color has-luminous-vivid-orange-color has-alpha-channel-opacity has-luminous-vivid-orange-background-color has-background is-style-dots\"\/>\n\n\n\n<p class=\"has-black-color has-text-color has-link-color has-large-font-size wp-elements-49c9de43e3c64d508a54d22d925a5f9b\"><strong>21<\/strong><\/p>\n\n\n\n<p class=\"has-luminous-vivid-orange-color has-text-color has-link-color has-medium-font-size wp-elements-859fd60fbf92f3aa3ef1fed405b477cb\"><strong>The PAIGH at Petr\u00f3leos Mexicanos&#8217; \u2018Jornada Guinda\u2019 event<\/strong><\/p>\n\n\n\n<div style=\"height:15px\" aria-hidden=\"true\" class=\"wp-block-spacer\"><\/div>\n\n\n\n<div class=\"wp-block-media-text is-stacked-on-mobile\" style=\"grid-template-columns:55% auto\"><figure class=\"wp-block-media-text__media\"><img decoding=\"async\" loading=\"lazy\" width=\"700\" height=\"500\" src=\"https:\/\/www.ipgh.org\/en\/wp-content\/uploads\/2024\/09\/3-febrero.jpg\" alt=\"\" class=\"wp-image-8447 size-full\" srcset=\"https:\/\/www.ipgh.org\/en\/wp-content\/uploads\/2024\/09\/3-febrero.jpg 700w, https:\/\/www.ipgh.org\/en\/wp-content\/uploads\/2024\/09\/3-febrero-300x214.jpg 300w\" sizes=\"(max-width: 700px) 100vw, 700px\" \/><\/figure><div class=\"wp-block-media-text__content\">\n<p class=\"has-white-color has-text-color has-background has-link-color wp-elements-59ce3d1bd90bd10541ebd8c592b2c11a\" style=\"background-color:#ff9448;font-size:18px\">Mr Antonio Campuzano, Secretary General of the PAIGH, participated in the \u2018Jornada Guinda\u2019, a virtual event organised by Petr\u00f3leos Mexicanos (PEMEX), where he gave a moving keynote speech entitled \u2018Flag of Mexico\u2019, addressing the topic from a historical perspective. With this participation, the PAIGH reaffirms its commitment to bringing its activities closer to the host country&#8217;s government institutions.<\/p>\n<\/div><\/div>\n\n\n\n<div style=\"height:15px\" aria-hidden=\"true\" class=\"wp-block-spacer\"><\/div>\n\n\n\n<p class=\"has-luminous-vivid-orange-color has-text-color has-link-color has-medium-font-size wp-elements-55f92497642f4d230b0021ca9435c645\"><strong>Meeting between the IPGH and the Baja California History Seminar (Mexico) to discuss future collaborations<\/strong><\/p>\n\n\n\n<div style=\"height:15px\" aria-hidden=\"true\" class=\"wp-block-spacer\"><\/div>\n\n\n\n<div class=\"wp-block-media-text has-media-on-the-right is-stacked-on-mobile\"><div class=\"wp-block-media-text__content\">\n<p style=\"font-size:18px\">A virtual meeting was held between the Secretary General of the PAIGH and Mr. Eduardo de la Vega Smith, President of the Baja California History Seminar (Mexico), as well as academic Horacio Gonz\u00e1lez Moncada.<\/p>\n\n\n\n<p style=\"font-size:18px\">During the meeting, an overview of the PAIGH&#8217;s Technical Assistance Programme (PAT) was presented and possible future collaboration projects were discussed.<\/p>\n<\/div><figure class=\"wp-block-media-text__media\"><img decoding=\"async\" loading=\"lazy\" width=\"700\" height=\"500\" src=\"https:\/\/www.ipgh.org\/en\/wp-content\/uploads\/2024\/09\/3.3-febrero-23.jpg\" alt=\"\" class=\"wp-image-8448 size-full\" srcset=\"https:\/\/www.ipgh.org\/en\/wp-content\/uploads\/2024\/09\/3.3-febrero-23.jpg 700w, https:\/\/www.ipgh.org\/en\/wp-content\/uploads\/2024\/09\/3.3-febrero-23-300x214.jpg 300w\" sizes=\"(max-width: 700px) 100vw, 700px\" \/><\/figure><\/div>\n\n\n\n<div style=\"height:15px\" aria-hidden=\"true\" class=\"wp-block-spacer\"><\/div>\n\n\n\n<hr class=\"wp-block-separator has-text-color has-luminous-vivid-orange-color has-alpha-channel-opacity has-luminous-vivid-orange-background-color has-background is-style-dots\"\/>\n\n\n\n<p class=\"has-black-color has-text-color has-link-color has-large-font-size wp-elements-f4ec819e77d1683a9eac767483b420e1\"><strong>22<\/strong><\/p>\n\n\n\n<p class=\"has-luminous-vivid-orange-color has-text-color has-link-color has-medium-font-size wp-elements-a0752d4fb6b2fad6beaabb3a38ce8ec3\"><strong>Keynote lecture on Pedro Henr\u00edquez Ure\u00f1a<\/strong><\/p>\n\n\n\n<div style=\"height:15px\" aria-hidden=\"true\" class=\"wp-block-spacer\"><\/div>\n\n\n\n<div class=\"wp-block-group is-content-justification-center is-nowrap is-layout-flex wp-container-4 wp-block-group-is-layout-flex\">\n<figure class=\"wp-block-image size-full is-resized\"><img decoding=\"async\" loading=\"lazy\" src=\"https:\/\/www.ipgh.org\/en\/wp-content\/uploads\/2024\/09\/4-febrero-23.jpg\" alt=\"\" class=\"wp-image-8451\" style=\"width:380px;height:531px\" width=\"380\" height=\"531\" srcset=\"https:\/\/www.ipgh.org\/en\/wp-content\/uploads\/2024\/09\/4-febrero-23.jpg 500w, https:\/\/www.ipgh.org\/en\/wp-content\/uploads\/2024\/09\/4-febrero-23-214x300.jpg 214w\" sizes=\"(max-width: 380px) 100vw, 380px\" \/><\/figure>\n\n\n\n<figure class=\"wp-block-image size-full is-resized\"><img decoding=\"async\" loading=\"lazy\" src=\"https:\/\/www.ipgh.org\/en\/wp-content\/uploads\/2024\/09\/4.1-febrero-23.jpg\" alt=\"\" class=\"wp-image-8452\" style=\"width:378px;height:529px\" width=\"378\" height=\"529\" srcset=\"https:\/\/www.ipgh.org\/en\/wp-content\/uploads\/2024\/09\/4.1-febrero-23.jpg 500w, https:\/\/www.ipgh.org\/en\/wp-content\/uploads\/2024\/09\/4.1-febrero-23-214x300.jpg 214w\" sizes=\"(max-width: 378px) 100vw, 378px\" \/><\/figure>\n<\/div>\n\n\n\n<div style=\"height:15px\" aria-hidden=\"true\" class=\"wp-block-spacer\"><\/div>\n\n\n\n<p class=\"has-black-color has-text-color has-link-color wp-elements-638b8db73c5e94873935036122a49860\" style=\"font-size:18px\">Responding to the kind invitation of Her Excellency Mar\u00eda Isabel Castillo Baez, Ambassador of the Dominican Republic to Mexico, the Secretary General of the PAIGH, Antonio Campuzano Rosales, visited the facilities of El Colegio de M\u00e9xico to accompany Dr. Eduardo Moctezuma Matos in the presentation of the keynote lecture \u2018Pedro Henr\u00edquez Ure\u00f1a: a profile,\u2019 as part of the reactivation of the Extraordinary Chair of Latin American and Caribbean Studies \u2018Pedro Henr\u00edquez Ure\u00f1a.\u2019<\/p>\n\n\n\n<p class=\"has-black-color has-text-color has-link-color wp-elements-76e099327dcd9f178da69eca219e182a\" style=\"font-size:18px\">It should be noted that Dr. Eduardo Matos Moctezuma collaborated for several years as part of the Editorial Committee (1980\u20132012) of the Bolet\u00edn de Antropolog\u00eda Americana, a publication edited by the Pan American Institute of Geography and History until 2016.<\/p>\n\n\n\n<div style=\"height:15px\" aria-hidden=\"true\" class=\"wp-block-spacer\"><\/div>\n\n\n\n<hr class=\"wp-block-separator has-text-color has-luminous-vivid-orange-color has-alpha-channel-opacity has-luminous-vivid-orange-background-color has-background is-style-dots\"\/>\n\n\n\n<p class=\"has-black-color has-text-color has-link-color has-large-font-size wp-elements-49c9de43e3c64d508a54d22d925a5f9b\"><strong>21<\/strong><\/p>\n\n\n\n<p><\/p>\n\n\n\n<div class=\"wp-block-media-text is-stacked-on-mobile\"><figure class=\"wp-block-media-text__media\"><img decoding=\"async\" loading=\"lazy\" width=\"1024\" height=\"1024\" src=\"https:\/\/www.ipgh.org\/en\/wp-content\/uploads\/2024\/09\/5-febrero-23-1024x1024.jpg\" alt=\"\" class=\"wp-image-8456 size-full\" srcset=\"https:\/\/www.ipgh.org\/en\/wp-content\/uploads\/2024\/09\/5-febrero-23-1024x1024.jpg 1024w, https:\/\/www.ipgh.org\/en\/wp-content\/uploads\/2024\/09\/5-febrero-23-300x300.jpg 300w, https:\/\/www.ipgh.org\/en\/wp-content\/uploads\/2024\/09\/5-febrero-23-150x150.jpg 150w, https:\/\/www.ipgh.org\/en\/wp-content\/uploads\/2024\/09\/5-febrero-23-768x768.jpg 768w, https:\/\/www.ipgh.org\/en\/wp-content\/uploads\/2024\/09\/5-febrero-23.jpg 1500w\" sizes=\"(max-width: 1024px) 100vw, 1024px\" \/><\/figure><div class=\"wp-block-media-text__content\">\n<p class=\"has-white-color has-text-color has-background has-link-color wp-elements-4562339ca44f20d904e5570d0078539b\" style=\"background-color:#ff9448;font-size:18px\">MA Antonio Campuzano Rosales, Secretary General of the PAIGH, held a meeting with Mr Emilio L\u00f3pez Romero, Director of the National Centre for Geographic Information of Spain (National Geographic Institute of Spain and CNIG). The purpose of the meeting was to coordinate joint actions that benefit the Pan American community, within the framework of the PAIGH&#8217;s Technical Assistance Programme (PAT).<\/p>\n<\/div><\/div>\n\n\n\n<div style=\"height:15px\" aria-hidden=\"true\" class=\"wp-block-spacer\"><\/div>\n\n\n\n<hr class=\"wp-block-separator has-text-color has-luminous-vivid-orange-color has-alpha-channel-opacity has-luminous-vivid-orange-background-color has-background is-style-dots\"\/>\n\n\n\n<p class=\"has-black-color has-text-color has-link-color has-large-font-size wp-elements-7bd9c09b36961a183a82daae774dfc83\"><strong>24<\/strong><\/p>\n\n\n\n<p class=\"has-luminous-vivid-orange-color has-text-color has-link-color has-medium-font-size wp-elements-138da02626aa470e8c02e74a67ce7679\"><strong>The PAIGH and OPANAL: a shared commitment to peace in Latin America<\/strong><\/p>\n\n\n\n<div style=\"height:15px\" aria-hidden=\"true\" class=\"wp-block-spacer\"><\/div>\n\n\n\n<p class=\"has-black-color has-text-color has-link-color wp-elements-f7b7116b48fb9f22f75975fcb3387a33\" style=\"font-size:18px\">In accordance with the \u2018Strategic Plan for the Modernisation of the PAIGH 2022-2025\u2019 and with the aim of linking the Institute with international organisations, Mr Antonio Campuzano, Secretary General of the PAIGH, visited the headquarters of the Agency for the Prohibition of Nuclear Weapons in Latin America, where he was received by Ambassador Fl\u00e1vio Roberto Bonzanini, Secretary General of OPANAL, an organisation based in Mexico which, like the PAIGH, promotes the principles of peace in the region. Fl\u00e1vio Roberto Bonzanini, Secretary General of OPANAL, an organisation based in Mexico which, like the PAIGH, promotes the principles of peace in the region.<\/p>\n\n\n\n<div style=\"height:20px\" aria-hidden=\"true\" class=\"wp-block-spacer\"><\/div>\n\n\n\n<div class=\"wp-block-group is-content-justification-center is-nowrap is-layout-flex wp-container-5 wp-block-group-is-layout-flex\">\n<figure class=\"wp-block-image size-large is-resized\"><img decoding=\"async\" loading=\"lazy\" src=\"https:\/\/www.ipgh.org\/en\/wp-content\/uploads\/2024\/09\/6-febrero-23-768x1024.jpg\" alt=\"\" class=\"wp-image-8457\" style=\"width:455px;height:607px\" width=\"455\" height=\"607\" srcset=\"https:\/\/www.ipgh.org\/en\/wp-content\/uploads\/2024\/09\/6-febrero-23-768x1024.jpg 768w, https:\/\/www.ipgh.org\/en\/wp-content\/uploads\/2024\/09\/6-febrero-23-225x300.jpg 225w, https:\/\/www.ipgh.org\/en\/wp-content\/uploads\/2024\/09\/6-febrero-23-1152x1536.jpg 1152w, https:\/\/www.ipgh.org\/en\/wp-content\/uploads\/2024\/09\/6-febrero-23.jpg 1200w\" sizes=\"(max-width: 455px) 100vw, 455px\" \/><\/figure>\n\n\n\n<figure class=\"wp-block-image size-large is-resized\"><img decoding=\"async\" loading=\"lazy\" src=\"https:\/\/www.ipgh.org\/en\/wp-content\/uploads\/2024\/09\/6.1-febrero-1024x768.jpg\" alt=\"\" class=\"wp-image-8458\" style=\"width:682px;height:512px\" width=\"682\" height=\"512\" srcset=\"https:\/\/www.ipgh.org\/en\/wp-content\/uploads\/2024\/09\/6.1-febrero-1024x768.jpg 1024w, https:\/\/www.ipgh.org\/en\/wp-content\/uploads\/2024\/09\/6.1-febrero-300x225.jpg 300w, https:\/\/www.ipgh.org\/en\/wp-content\/uploads\/2024\/09\/6.1-febrero-768x576.jpg 768w, https:\/\/www.ipgh.org\/en\/wp-content\/uploads\/2024\/09\/6.1-febrero-1536x1152.jpg 1536w, https:\/\/www.ipgh.org\/en\/wp-content\/uploads\/2024\/09\/6.1-febrero.jpg 1600w\" sizes=\"(max-width: 682px) 100vw, 682px\" \/><\/figure>\n<\/div>\n\n\n\n<div style=\"height:15px\" aria-hidden=\"true\" class=\"wp-block-spacer\"><\/div>\n\n\n\n<hr class=\"wp-block-separator has-text-color has-luminous-vivid-orange-color has-alpha-channel-opacity has-luminous-vivid-orange-background-color has-background is-style-dots\"\/>\n\n\n\n<p class=\"has-black-color has-text-color has-link-color has-large-font-size wp-elements-547166ae0f7ec1e4ecccaee8f651755a\"><strong>28<\/strong><\/p>\n\n\n\n<p class=\"has-text-align-left has-luminous-vivid-orange-color has-white-background-color has-text-color has-background has-link-color has-medium-font-size wp-elements-23fe91515b78898734c59d91c21f92e6\"><strong>The PAIGH in the 3rd CIALC Report<\/strong><\/p>\n\n\n\n<p><\/p>\n\n\n\n<div class=\"wp-block-media-text is-stacked-on-mobile\" style=\"grid-template-columns:42% auto\"><figure class=\"wp-block-media-text__media\"><img decoding=\"async\" loading=\"lazy\" width=\"819\" height=\"1024\" src=\"https:\/\/www.ipgh.org\/en\/wp-content\/uploads\/2024\/09\/7-febrero-23-1-819x1024.jpg\" alt=\"\" class=\"wp-image-8464 size-full\" srcset=\"https:\/\/www.ipgh.org\/en\/wp-content\/uploads\/2024\/09\/7-febrero-23-1-819x1024.jpg 819w, https:\/\/www.ipgh.org\/en\/wp-content\/uploads\/2024\/09\/7-febrero-23-1-240x300.jpg 240w, https:\/\/www.ipgh.org\/en\/wp-content\/uploads\/2024\/09\/7-febrero-23-1-768x960.jpg 768w, https:\/\/www.ipgh.org\/en\/wp-content\/uploads\/2024\/09\/7-febrero-23-1.jpg 984w\" sizes=\"(max-width: 819px) 100vw, 819px\" \/><\/figure><div class=\"wp-block-media-text__content\">\n<p class=\"has-white-color has-text-color has-background has-link-color wp-elements-bf6da9f1504d081525b5ab8ae9c22003\" style=\"background-color:#ff9448;font-size:18px\">The Secretary General of the PAIGH attended the presentation of the 3<sup>rd<\/sup> Activity Report by Dr. Rub\u00e9n Ruiz Guerra, Director of the Centre for Research on Latin America and the Caribbean (CIALC) at the National Autonomous University of Mexico (UNAM).<br>In recent years, a strong relationship has been forged with CIALC through agreements and academic work.<\/p>\n<\/div><\/div>\n\n\n\n<div style=\"height:15px\" aria-hidden=\"true\" class=\"wp-block-spacer\"><\/div>\n\n\n\n<hr class=\"wp-block-separator has-text-color has-luminous-vivid-orange-color has-alpha-channel-opacity has-luminous-vivid-orange-background-color has-background is-style-wide\"\/>\n\n\n\n<div class=\"wp-block-columns is-layout-flex wp-container-10 wp-block-columns-is-layout-flex\">\n<div class=\"wp-block-column is-layout-flow wp-block-column-is-layout-flow\"><\/div>\n\n\n\n<div class=\"wp-block-column is-layout-flow wp-block-column-is-layout-flow\"><\/div>\n\n\n\n<div class=\"wp-block-column is-layout-flow wp-block-column-is-layout-flow\">\n<div class=\"wp-block-buttons is-content-justification-right is-layout-flex wp-container-8 wp-block-buttons-is-layout-flex\">\n<div class=\"wp-block-button\"><a class=\"wp-block-button__link has-black-color has-cyan-bluish-gray-background-color has-text-color has-background has-link-color wp-element-button\" href=\"https:\/\/www.ipgh.org\/en\/?page_id=8377\" style=\"border-radius:5px;padding-top:var(--wp--preset--spacing--20);padding-right:var(--wp--preset--spacing--40);padding-bottom:var(--wp--preset--spacing--20);padding-left:var(--wp--preset--spacing--40)\" target=\"_blank\" rel=\"noreferrer noopener\">Back<\/a><\/div>\n<\/div>\n<\/div>\n<\/div>\n","protected":false},"excerpt":{"rendered":"<p>08 Celebration of 95 years of contributions to the development of America During the ceremony marking the 95th anniversary of the founding of this scientific and technical organisation, Mr Antonio Campuzano Rosales, Secretary General, highlighted the noble principles and valuable contributions that both women and men have made throughout the history of this institution for <a class=\"read-more\" href=\"https:\/\/www.ipgh.org\/en\/?page_id=8438\">READ MORE<\/a><\/p>\n","protected":false},"author":1,"featured_media":0,"parent":0,"menu_order":0,"comment_status":"closed","ping_status":"closed","template":"","meta":{"footnotes":""},"_links":{"self":[{"href":"https:\/\/www.ipgh.org\/en\/index.php?rest_route=\/wp\/v2\/pages\/8438"}],"collection":[{"href":"https:\/\/www.ipgh.org\/en\/index.php?rest_route=\/wp\/v2\/pages"}],"about":[{"href":"https:\/\/www.ipgh.org\/en\/index.php?rest_route=\/wp\/v2\/types\/page"}],"author":[{"embeddable":true,"href":"https:\/\/www.ipgh.org\/en\/index.php?rest_route=\/wp\/v2\/users\/1"}],"replies":[{"embeddable":true,"href":"https:\/\/www.ipgh.org\/en\/index.php?rest_route=%2Fwp%2Fv2%2Fcomments&post=8438"}],"version-history":[{"count":13,"href":"https:\/\/www.ipgh.org\/en\/index.php?rest_route=\/wp\/v2\/pages\/8438\/revisions"}],"predecessor-version":[{"id":11213,"href":"https:\/\/www.ipgh.org\/en\/index.php?rest_route=\/wp\/v2\/pages\/8438\/revisions\/11213"}],"wp:attachment":[{"href":"https:\/\/www.ipgh.org\/en\/index.php?rest_route=%2Fwp%2Fv2%2Fmedia&parent=8438"}],"curies":[{"name":"wp","href":"https:\/\/api.w.org\/{rel}","templated":true}]}}