{"id":8643,"date":"2024-09-27T11:10:16","date_gmt":"2024-09-27T16:10:16","guid":{"rendered":"https:\/\/www.ipgh.org\/en\/?page_id=8643"},"modified":"2025-09-08T08:30:00","modified_gmt":"2025-09-08T14:30:00","slug":"abril-2023","status":"publish","type":"page","link":"https:\/\/www.ipgh.org\/en\/?page_id=8643","title":{"rendered":"April 2023"},"content":{"rendered":"\n<p><\/p>\n\n\n\n<p class=\"has-black-color has-text-color has-link-color has-large-font-size wp-elements-c9fa55374ea2171a2aa7153502b2d8ff\"><strong>12<\/strong><\/p>\n\n\n\n<p class=\"has-luminous-vivid-orange-color has-text-color has-link-color has-medium-font-size wp-elements-792959ea84309072a7e7e149ab3646a0\"><strong>Visit by Dr Pablo L\u00f3pez Ram\u00edrez and his team to the General Secretariat of the PAIGH<\/strong><\/p>\n\n\n\n<p class=\"has-luminous-vivid-orange-color has-text-color has-link-color has-medium-font-size wp-elements-781b4dcc3c14ca56b1c325c471017ed1\"><\/p>\n\n\n\n<div style=\"height:15px\" aria-hidden=\"true\" class=\"wp-block-spacer\"><\/div>\n\n\n\n<p><\/p>\n\n\n\n<div class=\"wp-block-media-text is-stacked-on-mobile\" style=\"grid-template-columns:45% auto\"><figure class=\"wp-block-media-text__media\"><img decoding=\"async\" loading=\"lazy\" width=\"819\" height=\"1024\" src=\"https:\/\/www.ipgh.org\/en\/wp-content\/uploads\/2024\/09\/1-abril23-819x1024.jpg\" alt=\"\" class=\"wp-image-8645 size-full\" srcset=\"https:\/\/www.ipgh.org\/en\/wp-content\/uploads\/2024\/09\/1-abril23-819x1024.jpg 819w, https:\/\/www.ipgh.org\/en\/wp-content\/uploads\/2024\/09\/1-abril23-240x300.jpg 240w, https:\/\/www.ipgh.org\/en\/wp-content\/uploads\/2024\/09\/1-abril23-768x960.jpg 768w, https:\/\/www.ipgh.org\/en\/wp-content\/uploads\/2024\/09\/1-abril23-1229x1536.jpg 1229w, https:\/\/www.ipgh.org\/en\/wp-content\/uploads\/2024\/09\/1-abril23.jpg 1500w\" sizes=\"(max-width: 819px) 100vw, 819px\" \/><\/figure><div class=\"wp-block-media-text__content\">\n<p class=\"has-white-color has-text-color has-background has-link-color wp-elements-d890e00ca4f8c06bb4ae30b23fa782e3\" style=\"background-color:#ff9448;font-size:18px\">The General Secretariat of the PAIGH had the honour of welcoming Dr. Pablo L\u00f3pez Ram\u00edrez, Acting Director General of CentroGeo Centro P\u00fablico Conacyt, together with Ms. Aura Citlalli Torres G\u00f3mez, from the Distance Learning Department, and Mr. Alberto Porras Vel\u00e1zquez, research professor. The purpose of the meeting was to strengthen the collaborative ties that both institutions have maintained for several years.<\/p>\n<\/div><\/div>\n\n\n\n<div style=\"height:15px\" aria-hidden=\"true\" class=\"wp-block-spacer\"><\/div>\n\n\n\n<hr class=\"wp-block-separator has-text-color has-luminous-vivid-orange-color has-alpha-channel-opacity has-luminous-vivid-orange-background-color has-background is-style-dots\"\/>\n\n\n\n<p class=\"has-black-color has-text-color has-link-color has-large-font-size wp-elements-a10186e7ca95113fd921d8c9234ffc3d\"><strong>19 <\/strong><\/p>\n\n\n\n<p class=\"has-luminous-vivid-orange-color has-text-color has-link-color has-medium-font-size wp-elements-c0c3da2bc3b9130257df137cd5d0382a\"><strong>Ceremony for the Presentation of the National Flag of the Republic of Korea to the PAIGH<\/strong><\/p>\n\n\n\n<div style=\"height:15px\" aria-hidden=\"true\" class=\"wp-block-spacer\"><\/div>\n\n\n\n<p class=\"has-black-color has-text-color has-link-color wp-elements-25800752358c3e76b54ef391bde2088c\" style=\"font-size:18px\">The ceremony for the presentation of the National Flag of the Republic of Korea, in its capacity as Permanent Observer State, to the headquarters of the General Secretariat of the PAIGH was held. For this occasion, the Palace headquarters was decked out in its finery to receive the Ambassador of the Republic of Korea to Mexico, His Excellency Mr. Huh Tae-wan, who presented the national flag to the Secretary General of the PAIGH, Mr. Antonio Campuzano Rosales.<\/p>\n\n\n\n<div style=\"height:15px\" aria-hidden=\"true\" class=\"wp-block-spacer\"><\/div>\n\n\n\n<div class=\"wp-block-group is-nowrap is-layout-flex wp-container-1 wp-block-group-is-layout-flex\">\n<figure class=\"wp-block-image size-large is-resized\"><img decoding=\"async\" loading=\"lazy\" src=\"https:\/\/www.ipgh.org\/en\/wp-content\/uploads\/2024\/09\/3-abril-23-1024x1024.jpg\" alt=\"\" class=\"wp-image-8648\" style=\"width:431px;height:431px\" width=\"431\" height=\"431\" srcset=\"https:\/\/www.ipgh.org\/en\/wp-content\/uploads\/2024\/09\/3-abril-23-1024x1024.jpg 1024w, https:\/\/www.ipgh.org\/en\/wp-content\/uploads\/2024\/09\/3-abril-23-300x300.jpg 300w, https:\/\/www.ipgh.org\/en\/wp-content\/uploads\/2024\/09\/3-abril-23-150x150.jpg 150w, https:\/\/www.ipgh.org\/en\/wp-content\/uploads\/2024\/09\/3-abril-23-768x768.jpg 768w, https:\/\/www.ipgh.org\/en\/wp-content\/uploads\/2024\/09\/3-abril-23.jpg 1080w\" sizes=\"(max-width: 431px) 100vw, 431px\" \/><\/figure>\n\n\n\n<figure class=\"wp-block-image size-full is-resized\"><img decoding=\"async\" loading=\"lazy\" src=\"https:\/\/www.ipgh.org\/en\/wp-content\/uploads\/2024\/09\/3.1-abril-23.jpg\" alt=\"\" class=\"wp-image-8649\" style=\"width:365px;height:487px\" width=\"365\" height=\"487\" srcset=\"https:\/\/www.ipgh.org\/en\/wp-content\/uploads\/2024\/09\/3.1-abril-23.jpg 660w, https:\/\/www.ipgh.org\/en\/wp-content\/uploads\/2024\/09\/3.1-abril-23-225x300.jpg 225w\" sizes=\"(max-width: 365px) 100vw, 365px\" \/><\/figure>\n\n\n\n<figure class=\"wp-block-image size-large is-resized\"><img decoding=\"async\" loading=\"lazy\" src=\"https:\/\/www.ipgh.org\/en\/wp-content\/uploads\/2024\/09\/3.2-abril23-1024x1024.jpg\" alt=\"\" class=\"wp-image-8651\" style=\"width:443px;height:443px\" width=\"443\" height=\"443\" srcset=\"https:\/\/www.ipgh.org\/en\/wp-content\/uploads\/2024\/09\/3.2-abril23-1024x1024.jpg 1024w, https:\/\/www.ipgh.org\/en\/wp-content\/uploads\/2024\/09\/3.2-abril23-300x300.jpg 300w, https:\/\/www.ipgh.org\/en\/wp-content\/uploads\/2024\/09\/3.2-abril23-150x150.jpg 150w, https:\/\/www.ipgh.org\/en\/wp-content\/uploads\/2024\/09\/3.2-abril23-768x768.jpg 768w, https:\/\/www.ipgh.org\/en\/wp-content\/uploads\/2024\/09\/3.2-abril23.jpg 1080w\" sizes=\"(max-width: 443px) 100vw, 443px\" \/><\/figure>\n<\/div>\n\n\n\n<div style=\"height:15px\" aria-hidden=\"true\" class=\"wp-block-spacer\"><\/div>\n\n\n<div class=\"wp-block-image\">\n<figure class=\"aligncenter size-large is-resized\"><img decoding=\"async\" loading=\"lazy\" src=\"https:\/\/www.ipgh.org\/en\/wp-content\/uploads\/2024\/09\/3.3-ABRIL23-1024x768.jpg\" alt=\"\" class=\"wp-image-8656\" style=\"width:620px;height:465px\" width=\"620\" height=\"465\" srcset=\"https:\/\/www.ipgh.org\/en\/wp-content\/uploads\/2024\/09\/3.3-ABRIL23-1024x768.jpg 1024w, https:\/\/www.ipgh.org\/en\/wp-content\/uploads\/2024\/09\/3.3-ABRIL23-300x225.jpg 300w, https:\/\/www.ipgh.org\/en\/wp-content\/uploads\/2024\/09\/3.3-ABRIL23-768x576.jpg 768w, https:\/\/www.ipgh.org\/en\/wp-content\/uploads\/2024\/09\/3.3-ABRIL23.jpg 1249w\" sizes=\"(max-width: 620px) 100vw, 620px\" \/><\/figure><\/div>\n\n\n<div style=\"height:15px\" aria-hidden=\"true\" class=\"wp-block-spacer\"><\/div>\n\n\n\n<p class=\"has-black-color has-text-color has-link-color wp-elements-655f65e42215271c3cd89333c78f43e7\" style=\"font-size:18px\">During the ceremony, attended by ambassadors and representatives from various states and organisations based in Mexico, Mr Campuzano Rosales expressed his gratitude for the trust and willingness of the Korean government as a Permanent Observer State, highlighting the significance of the presentation of its flag, which now hangs in the William Bowie Room at the Palace headquarters.<\/p>\n\n\n\n<div style=\"height:15px\" aria-hidden=\"true\" class=\"wp-block-spacer\"><\/div>\n\n\n\n<hr class=\"wp-block-separator has-text-color has-luminous-vivid-orange-color has-alpha-channel-opacity has-luminous-vivid-orange-background-color has-background is-style-dots\"\/>\n\n\n\n<p class=\"has-black-color has-text-color has-link-color has-large-font-size wp-elements-edcef2c1aa53fdfe63a13d8e0db3e527\"><strong>25<\/strong><\/p>\n\n\n\n<p class=\"has-luminous-vivid-orange-color has-text-color has-link-color has-medium-font-size wp-elements-1b7a5f1dd86f3ec7505ea681071536ac\"><strong>Visit by the President of the High Court of Justice of the State of Mexico to the PAIGH<\/strong><\/p>\n\n\n\n<div style=\"height:15px\" aria-hidden=\"true\" class=\"wp-block-spacer\"><\/div>\n\n\n\n<div class=\"wp-block-media-text is-stacked-on-mobile\" style=\"grid-template-columns:41% auto\"><figure class=\"wp-block-media-text__media\"><img decoding=\"async\" loading=\"lazy\" width=\"682\" height=\"1024\" src=\"https:\/\/www.ipgh.org\/en\/wp-content\/uploads\/2024\/09\/5-ABRIL-23-682x1024.jpg\" alt=\"\" class=\"wp-image-8665 size-full\" srcset=\"https:\/\/www.ipgh.org\/en\/wp-content\/uploads\/2024\/09\/5-ABRIL-23-682x1024.jpg 682w, https:\/\/www.ipgh.org\/en\/wp-content\/uploads\/2024\/09\/5-ABRIL-23-200x300.jpg 200w, https:\/\/www.ipgh.org\/en\/wp-content\/uploads\/2024\/09\/5-ABRIL-23-768x1154.jpg 768w, https:\/\/www.ipgh.org\/en\/wp-content\/uploads\/2024\/09\/5-ABRIL-23-1022x1536.jpg 1022w, https:\/\/www.ipgh.org\/en\/wp-content\/uploads\/2024\/09\/5-ABRIL-23.jpg 1363w\" sizes=\"(max-width: 682px) 100vw, 682px\" \/><\/figure><div class=\"wp-block-media-text__content\">\n<p class=\"has-white-color has-text-color has-background has-link-color wp-elements-55bac796a031233c2a315e9c3410b0ce\" style=\"background-color:#ff9448;font-size:18px\">As part of the current administration&#8217;s Strategic Plan, the aim is to strengthen ties between this international body and the Mexican State authorities, as well as to explore new areas of collaboration.<\/p>\n<\/div><\/div>\n\n\n\n<p><br><\/p>\n\n\n\n<div style=\"height:15px\" aria-hidden=\"true\" class=\"wp-block-spacer\"><\/div>\n\n\n\n<hr class=\"wp-block-separator has-text-color has-luminous-vivid-orange-color has-alpha-channel-opacity has-luminous-vivid-orange-background-color has-background is-style-wide\"\/>\n\n\n\n<div class=\"wp-block-columns is-layout-flex wp-container-6 wp-block-columns-is-layout-flex\">\n<div class=\"wp-block-column is-layout-flow wp-block-column-is-layout-flow\"><\/div>\n\n\n\n<div class=\"wp-block-column is-layout-flow wp-block-column-is-layout-flow\"><\/div>\n\n\n\n<div class=\"wp-block-column is-vertically-aligned-center is-layout-flow wp-block-column-is-layout-flow\">\n<div class=\"wp-block-buttons is-content-justification-right is-layout-flex wp-container-4 wp-block-buttons-is-layout-flex\">\n<div class=\"wp-block-button\"><a class=\"wp-block-button__link has-black-color has-cyan-bluish-gray-background-color has-text-color has-background has-link-color wp-element-button\" href=\"https:\/\/www.ipgh.org\/en\/?page_id=7623\">Back<\/a><\/div>\n<\/div>\n<\/div>\n<\/div>\n","protected":false},"excerpt":{"rendered":"<p>12 Visit by Dr Pablo L\u00f3pez Ram\u00edrez and his team to the General Secretariat of the PAIGH The General Secretariat of the PAIGH had the honour of welcoming Dr. Pablo L\u00f3pez Ram\u00edrez, Acting Director General of CentroGeo Centro P\u00fablico Conacyt, together with Ms. Aura Citlalli Torres G\u00f3mez, from the Distance Learning Department, and Mr. Alberto <a class=\"read-more\" href=\"https:\/\/www.ipgh.org\/en\/?page_id=8643\">READ MORE<\/a><\/p>\n","protected":false},"author":1,"featured_media":0,"parent":0,"menu_order":0,"comment_status":"closed","ping_status":"closed","template":"","meta":{"footnotes":""},"_links":{"self":[{"href":"https:\/\/www.ipgh.org\/en\/index.php?rest_route=\/wp\/v2\/pages\/8643"}],"collection":[{"href":"https:\/\/www.ipgh.org\/en\/index.php?rest_route=\/wp\/v2\/pages"}],"about":[{"href":"https:\/\/www.ipgh.org\/en\/index.php?rest_route=\/wp\/v2\/types\/page"}],"author":[{"embeddable":true,"href":"https:\/\/www.ipgh.org\/en\/index.php?rest_route=\/wp\/v2\/users\/1"}],"replies":[{"embeddable":true,"href":"https:\/\/www.ipgh.org\/en\/index.php?rest_route=%2Fwp%2Fv2%2Fcomments&post=8643"}],"version-history":[{"count":5,"href":"https:\/\/www.ipgh.org\/en\/index.php?rest_route=\/wp\/v2\/pages\/8643\/revisions"}],"predecessor-version":[{"id":11222,"href":"https:\/\/www.ipgh.org\/en\/index.php?rest_route=\/wp\/v2\/pages\/8643\/revisions\/11222"}],"wp:attachment":[{"href":"https:\/\/www.ipgh.org\/en\/index.php?rest_route=%2Fwp%2Fv2%2Fmedia&parent=8643"}],"curies":[{"name":"wp","href":"https:\/\/api.w.org\/{rel}","templated":true}]}}