{"id":8750,"date":"2024-09-27T14:11:51","date_gmt":"2024-09-27T19:11:51","guid":{"rendered":"https:\/\/www.ipgh.org\/en\/?page_id=8750"},"modified":"2025-09-10T08:23:05","modified_gmt":"2025-09-10T14:23:05","slug":"julio-2023","status":"publish","type":"page","link":"https:\/\/www.ipgh.org\/en\/?page_id=8750","title":{"rendered":"July 2023"},"content":{"rendered":"\n<p class=\"has-black-color has-text-color has-link-color has-large-font-size wp-elements-37dcb2cb90a74343f8f42726a2f89bbd\"><strong>04<\/strong><\/p>\n\n\n\n<p class=\"has-luminous-vivid-orange-color has-text-color has-link-color has-medium-font-size wp-elements-e2d57764940e148c6fc953d919031179\"><strong>Inauguration of the 99<sup>th<\/sup> Meeting of Authorities of the PAIGH<\/strong><\/p>\n\n\n\n<div style=\"height:18px\" aria-hidden=\"true\" class=\"wp-block-spacer\"><\/div>\n\n\n\n<div class=\"wp-block-group is-nowrap is-layout-flex wp-container-2 wp-block-group-is-layout-flex\">\n<figure class=\"wp-block-image size-large is-resized\"><img decoding=\"async\" loading=\"lazy\" src=\"https:\/\/www.ipgh.org\/en\/wp-content\/uploads\/2024\/09\/9-junio-23-1024x768.jpg\" alt=\"\" class=\"wp-image-8753\" style=\"width:545px;height:409px\" width=\"545\" height=\"409\" srcset=\"https:\/\/www.ipgh.org\/en\/wp-content\/uploads\/2024\/09\/9-junio-23-1024x768.jpg 1024w, https:\/\/www.ipgh.org\/en\/wp-content\/uploads\/2024\/09\/9-junio-23-300x225.jpg 300w, https:\/\/www.ipgh.org\/en\/wp-content\/uploads\/2024\/09\/9-junio-23-768x576.jpg 768w, https:\/\/www.ipgh.org\/en\/wp-content\/uploads\/2024\/09\/9-junio-23-1536x1152.jpg 1536w, https:\/\/www.ipgh.org\/en\/wp-content\/uploads\/2024\/09\/9-junio-23.jpg 2048w\" sizes=\"(max-width: 545px) 100vw, 545px\" \/><\/figure>\n\n\n\n<div style=\"height:100px;width:0px\" aria-hidden=\"true\" class=\"wp-block-spacer wp-container-content-1\"><\/div>\n\n\n\n<figure class=\"wp-block-image size-full\"><img decoding=\"async\" loading=\"lazy\" width=\"768\" height=\"768\" src=\"https:\/\/www.ipgh.org\/en\/wp-content\/uploads\/2025\/09\/9.gif\" alt=\"\" class=\"wp-image-11235\"\/><\/figure>\n<\/div>\n\n\n\n<div style=\"height:20px\" aria-hidden=\"true\" class=\"wp-block-spacer\"><\/div>\n\n\n\n<p>The 99<sup>th<\/sup> Meeting of Authorities of this international organization was held in Guatemala City, Guatemala. During the opening of this important statutory meeting of the PAIGH, Mr. Antonio Campuzano Rosales, Secretary General, referred to the upcoming centenary of the PAIGH (in 2028) and highlighted the privileged and challenging position of the Authorities \u201cas captains of a ship sailing towards this important milestone.\u201d<\/p>\n\n\n\n<p>This meeting provided a unique opportunity to join forces and work together towards the strengthening and renewal of the PAIGH. The Authorities, as a coordinating body, are responsible for ensuring compliance with the resolutions of the PAIGH General Assembly and proposing initiatives on matters within their competence.<\/p>\n\n\n\n<div style=\"height:15px\" aria-hidden=\"true\" class=\"wp-block-spacer\"><\/div>\n\n\n\n<hr class=\"wp-block-separator has-text-color has-luminous-vivid-orange-color has-alpha-channel-opacity has-luminous-vivid-orange-background-color has-background is-style-dots\"\/>\n\n\n\n<p class=\"has-black-color has-text-color has-link-color has-large-font-size wp-elements-7b52b6e167604bb216061c9a9275b6b6\"><strong>18<\/strong><\/p>\n\n\n\n<p class=\"has-luminous-vivid-orange-color has-text-color has-link-color has-medium-font-size wp-elements-aceaccedf79cf34e299a6eb38f98bb88\"><strong>Meeting of the General Secretariat of the PAIGH with the Presidents of the Commissions<\/strong><\/p>\n\n\n\n<div style=\"height:15px\" aria-hidden=\"true\" class=\"wp-block-spacer\"><\/div>\n\n\n\n<div class=\"wp-block-media-text is-stacked-on-mobile\" style=\"grid-template-columns:47% auto\"><figure class=\"wp-block-media-text__media\"><img decoding=\"async\" loading=\"lazy\" width=\"600\" height=\"600\" src=\"https:\/\/www.ipgh.org\/en\/wp-content\/uploads\/2024\/09\/10-junio-23.jpg\" alt=\"\" class=\"wp-image-8757 size-full\" srcset=\"https:\/\/www.ipgh.org\/en\/wp-content\/uploads\/2024\/09\/10-junio-23.jpg 600w, https:\/\/www.ipgh.org\/en\/wp-content\/uploads\/2024\/09\/10-junio-23-300x300.jpg 300w, https:\/\/www.ipgh.org\/en\/wp-content\/uploads\/2024\/09\/10-junio-23-150x150.jpg 150w\" sizes=\"(max-width: 600px) 100vw, 600px\" \/><\/figure><div class=\"wp-block-media-text__content\">\n<p class=\"has-white-color has-text-color has-background has-link-color wp-elements-a0d1f8d0f769beec8af0c7099d4fd774\" style=\"background-color:#ff9448;font-size:18px\">The General Secretariat of the Pan American Institute of Geography and History held a remote meeting with the presidents of its four commissions to review the status of each of the Technical Assistance Program (PAT) projects.<\/p>\n<\/div><\/div>\n\n\n\n<div style=\"height:15px\" aria-hidden=\"true\" class=\"wp-block-spacer\"><\/div>\n\n\n\n<hr class=\"wp-block-separator has-text-color has-luminous-vivid-orange-color has-alpha-channel-opacity has-luminous-vivid-orange-background-color has-background is-style-dots\"\/>\n\n\n\n<p class=\"has-black-color has-text-color has-link-color has-large-font-size wp-elements-6c35bc2ae9571a652f4112f331874b34\"><strong>20<\/strong><\/p>\n\n\n\n<p class=\"has-luminous-vivid-orange-color has-text-color has-link-color has-medium-font-size wp-elements-13295d696171b0b340f308959746a7a6\"><strong>Celebration of the National Day of the Republic of Colombia<\/strong><\/p>\n\n\n\n<div style=\"height:15px\" aria-hidden=\"true\" class=\"wp-block-spacer\"><\/div>\n\n\n<div class=\"wp-block-image\">\n<figure class=\"aligncenter size-full is-resized\"><img decoding=\"async\" loading=\"lazy\" src=\"https:\/\/www.ipgh.org\/en\/wp-content\/uploads\/2024\/09\/11-junio-23.jpg\" alt=\"\" class=\"wp-image-8758\" style=\"width:521px;height:521px\" width=\"521\" height=\"521\" srcset=\"https:\/\/www.ipgh.org\/en\/wp-content\/uploads\/2024\/09\/11-junio-23.jpg 960w, https:\/\/www.ipgh.org\/en\/wp-content\/uploads\/2024\/09\/11-junio-23-300x300.jpg 300w, https:\/\/www.ipgh.org\/en\/wp-content\/uploads\/2024\/09\/11-junio-23-150x150.jpg 150w, https:\/\/www.ipgh.org\/en\/wp-content\/uploads\/2024\/09\/11-junio-23-768x768.jpg 768w\" sizes=\"(max-width: 521px) 100vw, 521px\" \/><\/figure><\/div>\n\n\n<div style=\"height:15px\" aria-hidden=\"true\" class=\"wp-block-spacer\"><\/div>\n\n\n\n<p class=\"has-black-color has-text-color has-link-color wp-elements-8d62deb7d3bcd959af9a518703005a28\" style=\"font-size:18px\">From left to right: Dr. Salvador Percastre, Director of the Latin American Institute for Educational Communication (ILCE); Antonio Campuzano Rosales, Secretary General of the PAIGH, and His Excellency \u00c1lvaro Mois\u00e9s Ninco Daza, Ambassador of Colombia to Mexico, on the occasion of the commemoration of Colombia&#8217;s National Day.<\/p>\n\n\n\n<div style=\"height:15px\" aria-hidden=\"true\" class=\"wp-block-spacer\"><\/div>\n\n\n\n<hr class=\"wp-block-separator has-text-color has-luminous-vivid-orange-color has-alpha-channel-opacity has-luminous-vivid-orange-background-color has-background is-style-dots\"\/>\n\n\n\n<p class=\"has-black-color has-text-color has-link-color has-large-font-size wp-elements-edcef2c1aa53fdfe63a13d8e0db3e527\"><strong>25<\/strong><\/p>\n\n\n\n<p class=\"has-luminous-vivid-orange-color has-text-color has-link-color has-medium-font-size wp-elements-4f377f0108f7e2e6a2c73a08731cc704\"><strong>Coordination meeting with the Dominican Republic<\/strong><\/p>\n\n\n\n<div style=\"height:15px\" aria-hidden=\"true\" class=\"wp-block-spacer\"><\/div>\n\n\n\n<p>A virtual meeting was held with the President of the National Section of the PAIGH in the Dominican Republic and Director of the National Geographic Institute \u201cJos\u00e9 Joaqu\u00edn Hungr\u00eda Morell,\u201d Mr. Bol\u00edvar Troncoso Morales, who was accompanied by his respective work team.<\/p>\n\n\n\n<p>The Secretary General of the PAIGH coordinated and finalized logistical details to ensure the smooth running and completion of the statutory meetings for the year, including the 24<sup>th<\/sup> General Assembly of this international organization, which will be held in November of this year in Santo Domingo, Dominican Republic.<\/p>\n\n\n\n<div style=\"height:15px\" aria-hidden=\"true\" class=\"wp-block-spacer\"><\/div>\n\n\n\n<div class=\"wp-block-group is-nowrap is-layout-flex wp-container-3 wp-block-group-is-layout-flex\">\n<figure class=\"wp-block-image size-large\"><img decoding=\"async\" loading=\"lazy\" width=\"1024\" height=\"1024\" src=\"https:\/\/www.ipgh.org\/en\/wp-content\/uploads\/2024\/09\/12.1-julio-23-1024x1024.jpg\" alt=\"\" class=\"wp-image-8760\" srcset=\"https:\/\/www.ipgh.org\/en\/wp-content\/uploads\/2024\/09\/12.1-julio-23-1024x1024.jpg 1024w, https:\/\/www.ipgh.org\/en\/wp-content\/uploads\/2024\/09\/12.1-julio-23-300x300.jpg 300w, https:\/\/www.ipgh.org\/en\/wp-content\/uploads\/2024\/09\/12.1-julio-23-150x150.jpg 150w, https:\/\/www.ipgh.org\/en\/wp-content\/uploads\/2024\/09\/12.1-julio-23-768x768.jpg 768w, https:\/\/www.ipgh.org\/en\/wp-content\/uploads\/2024\/09\/12.1-julio-23.jpg 1374w\" sizes=\"(max-width: 1024px) 100vw, 1024px\" \/><\/figure>\n\n\n\n<figure class=\"wp-block-image size-large is-resized\"><img decoding=\"async\" loading=\"lazy\" src=\"https:\/\/www.ipgh.org\/en\/wp-content\/uploads\/2024\/09\/12-julio-23-1024x1024.jpg\" alt=\"\" class=\"wp-image-8759\" style=\"width:568px;height:568px\" width=\"568\" height=\"568\" srcset=\"https:\/\/www.ipgh.org\/en\/wp-content\/uploads\/2024\/09\/12-julio-23-1024x1024.jpg 1024w, https:\/\/www.ipgh.org\/en\/wp-content\/uploads\/2024\/09\/12-julio-23-300x300.jpg 300w, https:\/\/www.ipgh.org\/en\/wp-content\/uploads\/2024\/09\/12-julio-23-150x150.jpg 150w, https:\/\/www.ipgh.org\/en\/wp-content\/uploads\/2024\/09\/12-julio-23-768x768.jpg 768w, https:\/\/www.ipgh.org\/en\/wp-content\/uploads\/2024\/09\/12-julio-23.jpg 1374w\" sizes=\"(max-width: 568px) 100vw, 568px\" \/><\/figure>\n<\/div>\n\n\n\n<div style=\"height:15px\" aria-hidden=\"true\" class=\"wp-block-spacer\"><\/div>\n\n\n\n<hr class=\"wp-block-separator has-text-color has-luminous-vivid-orange-color has-alpha-channel-opacity has-luminous-vivid-orange-background-color has-background is-style-dots\"\/>\n\n\n\n<p class=\"has-black-color has-text-color has-link-color has-large-font-size wp-elements-9d8bb51361082db38e686221963f53d7\"><strong>26<\/strong><\/p>\n\n\n\n<p class=\"has-luminous-vivid-orange-color has-text-color has-link-color has-medium-font-size wp-elements-a7debd837c5ca4685983a282ae103247\"><strong>Signing of the Third Specific Collaboration Agreement<\/strong><\/p>\n\n\n\n<div style=\"height:15px\" aria-hidden=\"true\" class=\"wp-block-spacer\"><\/div>\n\n\n\n<div class=\"wp-block-media-text is-stacked-on-mobile\"><figure class=\"wp-block-media-text__media\"><img decoding=\"async\" loading=\"lazy\" width=\"1024\" height=\"1024\" src=\"https:\/\/www.ipgh.org\/en\/wp-content\/uploads\/2024\/09\/13-julio-23-1024x1024.jpg\" alt=\"\" class=\"wp-image-8763 size-full\" srcset=\"https:\/\/www.ipgh.org\/en\/wp-content\/uploads\/2024\/09\/13-julio-23-1024x1024.jpg 1024w, https:\/\/www.ipgh.org\/en\/wp-content\/uploads\/2024\/09\/13-julio-23-300x300.jpg 300w, https:\/\/www.ipgh.org\/en\/wp-content\/uploads\/2024\/09\/13-julio-23-150x150.jpg 150w, https:\/\/www.ipgh.org\/en\/wp-content\/uploads\/2024\/09\/13-julio-23-768x768.jpg 768w, https:\/\/www.ipgh.org\/en\/wp-content\/uploads\/2024\/09\/13-julio-23.jpg 1031w\" sizes=\"(max-width: 1024px) 100vw, 1024px\" \/><\/figure><div class=\"wp-block-media-text__content\">\n<p class=\"has-white-color has-text-color has-background has-link-color wp-elements-d209b7c1945e82f0c30216bb01dfec89\" style=\"background-color:#ff9448;font-size:18px\">The signing of the \u201cThird Specific Collaboration Agreement\u201d between the Pan American Institute of Geography and History (PAIGH) and the Center for Research in Geospatial Information Sciences, A.C. (CentroGEO) took place.<br><br>The purpose of this agreement is to establish the general basis and mechanisms of cooperation for granting scholarships for the benefit of the Pan American community. <\/p>\n<\/div><\/div>\n\n\n\n<div style=\"height:15px\" aria-hidden=\"true\" class=\"wp-block-spacer\"><\/div>\n\n\n\n<hr class=\"wp-block-separator has-text-color has-luminous-vivid-orange-color has-alpha-channel-opacity has-luminous-vivid-orange-background-color has-background is-style-dots\"\/>\n\n\n\n<p class=\"has-black-color has-text-color has-link-color has-large-font-size wp-elements-d8e783e25000762d2be378ab170f4d6d\"><strong>27<\/strong><\/p>\n\n\n\n<p class=\"has-luminous-vivid-orange-color has-text-color has-link-color has-medium-font-size wp-elements-bd9e565789ec99622837826cb3967131\"><strong>Creation of the PAIGH Civil Protection Brigade<\/strong><\/p>\n\n\n\n<div style=\"height:15px\" aria-hidden=\"true\" class=\"wp-block-spacer\"><\/div>\n\n\n<div class=\"wp-block-image\">\n<figure class=\"aligncenter size-large is-resized\"><img decoding=\"async\" loading=\"lazy\" src=\"https:\/\/www.ipgh.org\/en\/wp-content\/uploads\/2024\/09\/14-julio-23-1024x598.jpg\" alt=\"\" class=\"wp-image-8764\" style=\"width:842px;height:492px\" width=\"842\" height=\"492\" srcset=\"https:\/\/www.ipgh.org\/en\/wp-content\/uploads\/2024\/09\/14-julio-23-1024x598.jpg 1024w, https:\/\/www.ipgh.org\/en\/wp-content\/uploads\/2024\/09\/14-julio-23-300x175.jpg 300w, https:\/\/www.ipgh.org\/en\/wp-content\/uploads\/2024\/09\/14-julio-23-768x449.jpg 768w, https:\/\/www.ipgh.org\/en\/wp-content\/uploads\/2024\/09\/14-julio-23-1536x898.jpg 1536w, https:\/\/www.ipgh.org\/en\/wp-content\/uploads\/2024\/09\/14-julio-23.jpg 1600w\" sizes=\"(max-width: 842px) 100vw, 842px\" \/><\/figure><\/div>\n\n\n<div style=\"height:15px\" aria-hidden=\"true\" class=\"wp-block-spacer\"><\/div>\n\n\n\n<p class=\"has-black-color has-text-color has-link-color wp-elements-90ac3f2d6058ad9301f8b8d4afa28e47\" style=\"font-size:18px\">As part of the PAIGH Civil Protection Brigade, a first aid course was held for the staff of the PAIGH General Secretariat at the headquarters building. These activities are in line with the \u201cStrategic Plan for the Modernization of the Pan American Institute of Geography and History 2022-2025,\u201d which establishes that the necessary measures must be analyzed and taken to improve and strengthen the quality of life and professional and work development of staff, considering that human resources are the most valuable asset of the PAIGH.<\/p>\n\n\n\n<div style=\"height:15px\" aria-hidden=\"true\" class=\"wp-block-spacer\"><\/div>\n\n\n\n<hr class=\"wp-block-separator has-text-color has-luminous-vivid-orange-color has-alpha-channel-opacity has-luminous-vivid-orange-background-color has-background is-style-wide\"\/>\n\n\n\n<div class=\"wp-block-columns is-layout-flex wp-container-8 wp-block-columns-is-layout-flex\">\n<div class=\"wp-block-column is-layout-flow wp-block-column-is-layout-flow\"><\/div>\n\n\n\n<div class=\"wp-block-column is-layout-flow wp-block-column-is-layout-flow\"><\/div>\n\n\n\n<div class=\"wp-block-column is-layout-flow wp-block-column-is-layout-flow\">\n<div class=\"wp-block-buttons is-content-justification-right is-layout-flex wp-container-6 wp-block-buttons-is-layout-flex\">\n<div class=\"wp-block-button\"><a class=\"wp-block-button__link has-black-color has-cyan-bluish-gray-background-color has-text-color has-background has-link-color wp-element-button\" href=\"https:\/\/www.ipgh.org\/en\/?page_id=8377\" style=\"border-radius:5px\" target=\"_blank\" rel=\"noreferrer noopener\">  Back<\/a><\/div>\n<\/div>\n<\/div>\n<\/div>\n","protected":false},"excerpt":{"rendered":"<p>04 Inauguration of the 99th Meeting of Authorities of the PAIGH The 99th Meeting of Authorities of this international organization was held in Guatemala City, Guatemala. During the opening of this important statutory meeting of the PAIGH, Mr. Antonio Campuzano Rosales, Secretary General, referred to the upcoming centenary of the PAIGH (in 2028) and highlighted <a class=\"read-more\" href=\"https:\/\/www.ipgh.org\/en\/?page_id=8750\">READ MORE<\/a><\/p>\n","protected":false},"author":1,"featured_media":0,"parent":0,"menu_order":0,"comment_status":"closed","ping_status":"closed","template":"","meta":{"footnotes":""},"_links":{"self":[{"href":"https:\/\/www.ipgh.org\/en\/index.php?rest_route=\/wp\/v2\/pages\/8750"}],"collection":[{"href":"https:\/\/www.ipgh.org\/en\/index.php?rest_route=\/wp\/v2\/pages"}],"about":[{"href":"https:\/\/www.ipgh.org\/en\/index.php?rest_route=\/wp\/v2\/types\/page"}],"author":[{"embeddable":true,"href":"https:\/\/www.ipgh.org\/en\/index.php?rest_route=\/wp\/v2\/users\/1"}],"replies":[{"embeddable":true,"href":"https:\/\/www.ipgh.org\/en\/index.php?rest_route=%2Fwp%2Fv2%2Fcomments&post=8750"}],"version-history":[{"count":10,"href":"https:\/\/www.ipgh.org\/en\/index.php?rest_route=\/wp\/v2\/pages\/8750\/revisions"}],"predecessor-version":[{"id":11237,"href":"https:\/\/www.ipgh.org\/en\/index.php?rest_route=\/wp\/v2\/pages\/8750\/revisions\/11237"}],"wp:attachment":[{"href":"https:\/\/www.ipgh.org\/en\/index.php?rest_route=%2Fwp%2Fv2%2Fmedia&parent=8750"}],"curies":[{"name":"wp","href":"https:\/\/api.w.org\/{rel}","templated":true}]}}