{"id":8978,"date":"2024-10-16T16:26:16","date_gmt":"2024-10-16T21:26:16","guid":{"rendered":"https:\/\/www.ipgh.org\/en\/?page_id=8978"},"modified":"2025-09-24T10:07:24","modified_gmt":"2025-09-24T16:07:24","slug":"septiembre-2023","status":"publish","type":"page","link":"https:\/\/www.ipgh.org\/en\/?page_id=8978","title":{"rendered":"September 2023"},"content":{"rendered":"\n<p class=\"has-black-color has-text-color has-link-color has-large-font-size wp-elements-6d737d1ed496d6a6ad4f0df3ccd633e2\"><strong>29<\/strong><\/p>\n\n\n\n<p class=\"has-luminous-vivid-orange-color has-text-color has-link-color has-medium-font-size wp-elements-13084d264fc27109d273d700269f50b1\"><strong>Towards to the 24<sup>th<\/sup> General Assembly<\/strong><\/p>\n\n\n\n<p>MA. Antonio Campuzano Rosales, Secretary General of the PAIGH, met with Mr. Bol\u00edvar Troncoso Morales, President of the PAIGH National Section in the Dominican Republic, to review the logistical progress of the 24th General Assembly and related meetings. This important event will include the 100th Meeting of Authorities, the 5th Technical Meeting of Commissions, and the Dominican Congress of Geographical Sciences, organized by the National Geographic Institute \u201cJos\u00e9 Joaqu\u00edn Hungr\u00eda Morell.\u201d<\/p>\n\n\n\n<p>The participants emphasized their commitment to ensuring the success of these meetings, which aim to strengthen collaboration among Member States and ensure efficient logistical planning for the scheduled activities.<\/p>\n\n\n\n<div style=\"height:20px\" aria-hidden=\"true\" class=\"wp-block-spacer\"><\/div>\n\n\n\n<div class=\"wp-block-group is-nowrap is-layout-flex wp-container-1 wp-block-group-is-layout-flex\">\n<figure class=\"wp-block-image size-large is-resized\"><img decoding=\"async\" loading=\"lazy\" src=\"https:\/\/www.ipgh.org\/en\/wp-content\/uploads\/2024\/11\/384497731_639218045055879_6370275803687811887_n-1024x609.jpg\" alt=\"\" class=\"wp-image-9324\" style=\"width:597px;height:354px\" width=\"597\" height=\"354\" srcset=\"https:\/\/www.ipgh.org\/en\/wp-content\/uploads\/2024\/11\/384497731_639218045055879_6370275803687811887_n-1024x609.jpg 1024w, https:\/\/www.ipgh.org\/en\/wp-content\/uploads\/2024\/11\/384497731_639218045055879_6370275803687811887_n-300x178.jpg 300w, https:\/\/www.ipgh.org\/en\/wp-content\/uploads\/2024\/11\/384497731_639218045055879_6370275803687811887_n-768x457.jpg 768w, https:\/\/www.ipgh.org\/en\/wp-content\/uploads\/2024\/11\/384497731_639218045055879_6370275803687811887_n-1536x913.jpg 1536w, https:\/\/www.ipgh.org\/en\/wp-content\/uploads\/2024\/11\/384497731_639218045055879_6370275803687811887_n.jpg 1566w\" sizes=\"(max-width: 597px) 100vw, 597px\" \/><\/figure>\n\n\n\n<figure class=\"wp-block-image size-large\"><img decoding=\"async\" loading=\"lazy\" width=\"1024\" height=\"683\" src=\"https:\/\/www.ipgh.org\/en\/wp-content\/uploads\/2024\/11\/383954930_639217971722553_8215722121619185102_n-1024x683.jpg\" alt=\"\" class=\"wp-image-9325\" srcset=\"https:\/\/www.ipgh.org\/en\/wp-content\/uploads\/2024\/11\/383954930_639217971722553_8215722121619185102_n-1024x683.jpg 1024w, https:\/\/www.ipgh.org\/en\/wp-content\/uploads\/2024\/11\/383954930_639217971722553_8215722121619185102_n-300x200.jpg 300w, https:\/\/www.ipgh.org\/en\/wp-content\/uploads\/2024\/11\/383954930_639217971722553_8215722121619185102_n-768x512.jpg 768w, https:\/\/www.ipgh.org\/en\/wp-content\/uploads\/2024\/11\/383954930_639217971722553_8215722121619185102_n.jpg 1396w\" sizes=\"(max-width: 1024px) 100vw, 1024px\" \/><\/figure>\n<\/div>\n\n\n\n<div style=\"height:23px\" aria-hidden=\"true\" class=\"wp-block-spacer\"><\/div>\n\n\n\n<p class=\"has-luminous-vivid-orange-color has-text-color has-link-color has-medium-font-size wp-elements-13bc181a65df696f2a58616669a4db8a\">Virtual meeting between Antonio Campuzano Rosales and Patricia Sol\u00eds in the context of preparations for the 24<sup>th<\/sup> General Assembly<\/p>\n\n\n\n<p>MA. Antonio Campuzano Rosales, Secretary General of the Pan American Institute of Geography and History, met virtually with Dr. Patricia Solis, President of the PAIGH, to continue with the preparations for the 24<sup>th<\/sup> General Assembly and related meetings, which took place in Santo Domingo, Dominican Republic, from October 30 to November 4, 2023.<\/p>\n\n\n\n<p>Both authorities expressed their commitment to working together with the National Section of that country. Dr. Solis expressed her support for extending invitations to other Caribbean countries and predicted the success of the Institute&#8217;s statutory meetings.<\/p>\n\n\n\n<div style=\"height:25px\" aria-hidden=\"true\" class=\"wp-block-spacer\"><\/div>\n\n\n<div class=\"wp-block-image\">\n<figure class=\"aligncenter size-full is-resized\"><img decoding=\"async\" loading=\"lazy\" src=\"https:\/\/www.ipgh.org\/en\/wp-content\/uploads\/2024\/11\/383954976_639215335056150_3434328813126731880_n.jpg\" alt=\"\" class=\"wp-image-9323\" style=\"width:498px;height:498px\" width=\"498\" height=\"498\" srcset=\"https:\/\/www.ipgh.org\/en\/wp-content\/uploads\/2024\/11\/383954976_639215335056150_3434328813126731880_n.jpg 783w, https:\/\/www.ipgh.org\/en\/wp-content\/uploads\/2024\/11\/383954976_639215335056150_3434328813126731880_n-300x300.jpg 300w, https:\/\/www.ipgh.org\/en\/wp-content\/uploads\/2024\/11\/383954976_639215335056150_3434328813126731880_n-150x150.jpg 150w, https:\/\/www.ipgh.org\/en\/wp-content\/uploads\/2024\/11\/383954976_639215335056150_3434328813126731880_n-768x768.jpg 768w\" sizes=\"(max-width: 498px) 100vw, 498px\" \/><\/figure><\/div>\n\n\n<div style=\"height:20px\" aria-hidden=\"true\" class=\"wp-block-spacer\"><\/div>\n\n\n\n<hr class=\"wp-block-separator has-text-color has-luminous-vivid-orange-color has-alpha-channel-opacity has-luminous-vivid-orange-background-color has-background is-style-dots\"\/>\n\n\n\n<p class=\"has-black-color has-text-color has-link-color has-large-font-size wp-elements-9d8bb51361082db38e686221963f53d7\"><strong>26<\/strong><\/p>\n\n\n\n<p class=\"has-luminous-vivid-orange-color has-text-color has-link-color has-medium-font-size wp-elements-85c6c8329cadc43dc1d7cd945e4b9b86\"><strong>Meeting between PAIGH and Esri to Strengthen Collaboration in Training and Technological Tools<\/strong><\/p>\n\n\n\n<div style=\"height:20px\" aria-hidden=\"true\" class=\"wp-block-spacer\"><\/div>\n\n\n\n<div class=\"wp-block-group is-nowrap is-layout-flex wp-container-2 wp-block-group-is-layout-flex\">\n<figure class=\"wp-block-image size-large is-resized\"><img decoding=\"async\" loading=\"lazy\" src=\"https:\/\/www.ipgh.org\/en\/wp-content\/uploads\/2024\/11\/384246020_637540395223644_913722389834296578_n-1024x661.jpg\" alt=\"\" class=\"wp-image-9320\" style=\"width:589px;height:380px\" width=\"589\" height=\"380\" srcset=\"https:\/\/www.ipgh.org\/en\/wp-content\/uploads\/2024\/11\/384246020_637540395223644_913722389834296578_n-1024x661.jpg 1024w, https:\/\/www.ipgh.org\/en\/wp-content\/uploads\/2024\/11\/384246020_637540395223644_913722389834296578_n-300x194.jpg 300w, https:\/\/www.ipgh.org\/en\/wp-content\/uploads\/2024\/11\/384246020_637540395223644_913722389834296578_n-768x496.jpg 768w, https:\/\/www.ipgh.org\/en\/wp-content\/uploads\/2024\/11\/384246020_637540395223644_913722389834296578_n.jpg 1348w\" sizes=\"(max-width: 589px) 100vw, 589px\" \/><\/figure>\n\n\n\n<figure class=\"wp-block-image size-large\"><img decoding=\"async\" loading=\"lazy\" width=\"1024\" height=\"698\" src=\"https:\/\/www.ipgh.org\/en\/wp-content\/uploads\/2024\/11\/384239293_637540488556968_5859665465046203637_n-1024x698.jpg\" alt=\"\" class=\"wp-image-9321\" srcset=\"https:\/\/www.ipgh.org\/en\/wp-content\/uploads\/2024\/11\/384239293_637540488556968_5859665465046203637_n-1024x698.jpg 1024w, https:\/\/www.ipgh.org\/en\/wp-content\/uploads\/2024\/11\/384239293_637540488556968_5859665465046203637_n-300x204.jpg 300w, https:\/\/www.ipgh.org\/en\/wp-content\/uploads\/2024\/11\/384239293_637540488556968_5859665465046203637_n-768x523.jpg 768w, https:\/\/www.ipgh.org\/en\/wp-content\/uploads\/2024\/11\/384239293_637540488556968_5859665465046203637_n.jpg 1271w\" sizes=\"(max-width: 1024px) 100vw, 1024px\" \/><\/figure>\n<\/div>\n\n\n\n<p>As part of the collaboration framework between Esri and the Pan American Institute of Geography and History (PAIGH), Antonio Campuzano Rosales, Secretary General of PAIGH; Hermann Manr\u00edquez, President of the Geography Commission; and Eric van Praag, Senior Project Manager at Esri, participated in a virtual meeting. The purpose of the meeting was to explore new opportunities for collaboration, especially in the areas of training and access to advanced technologies.<\/p>\n\n\n\n<p>The conversation focused on the benefits of tools such as software licensing, ArcGIS Online, StoryMaps, and training programs. This support would allow students to access real-world practices that facilitate their training and encourage the use of best practices. The meetings between the two institutions are notable for generating creative ideas that benefit the academic and professional community in geography and related sciences.<\/p>\n\n\n\n<div style=\"height:12px\" aria-hidden=\"true\" class=\"wp-block-spacer\"><\/div>\n\n\n\n<p class=\"has-black-color has-text-color has-link-color has-large-font-size wp-elements-6c35bc2ae9571a652f4112f331874b34\"><strong>20<\/strong><\/p>\n\n\n\n<p class=\"has-luminous-vivid-orange-color has-text-color has-link-color has-medium-font-size wp-elements-da1037a32a70425b5f9743c87fcef961\"><strong>Meeting between the Secretary General of the PAIGH and Researchers from the Atlas of Climate Change in the Americas (ACCA)<\/strong><\/p>\n\n\n\n<div style=\"height:20px\" aria-hidden=\"true\" class=\"wp-block-spacer\"><\/div>\n\n\n<div class=\"wp-block-image\">\n<figure class=\"aligncenter size-large is-resized\"><img decoding=\"async\" loading=\"lazy\" src=\"https:\/\/www.ipgh.org\/en\/wp-content\/uploads\/2024\/11\/381058035_634185238892493_748531737426495716_n-1-1-1024x507.jpg\" alt=\"\" class=\"wp-image-9316\" style=\"width:850px;height:421px\" width=\"850\" height=\"421\" srcset=\"https:\/\/www.ipgh.org\/en\/wp-content\/uploads\/2024\/11\/381058035_634185238892493_748531737426495716_n-1-1-1024x507.jpg 1024w, https:\/\/www.ipgh.org\/en\/wp-content\/uploads\/2024\/11\/381058035_634185238892493_748531737426495716_n-1-1-300x149.jpg 300w, https:\/\/www.ipgh.org\/en\/wp-content\/uploads\/2024\/11\/381058035_634185238892493_748531737426495716_n-1-1-768x380.jpg 768w, https:\/\/www.ipgh.org\/en\/wp-content\/uploads\/2024\/11\/381058035_634185238892493_748531737426495716_n-1-1-1536x761.jpg 1536w, https:\/\/www.ipgh.org\/en\/wp-content\/uploads\/2024\/11\/381058035_634185238892493_748531737426495716_n-1-1.jpg 1708w\" sizes=\"(max-width: 850px) 100vw, 850px\" \/><\/figure><\/div>\n\n\n<div style=\"height:25px\" aria-hidden=\"true\" class=\"wp-block-spacer\"><\/div>\n\n\n\n<p>As part of the \u201cAtlas of Climate Change in the Americas (ACCA)\u201d project, Antonio Campuzano Rosales, Secretary General of the Pan American Institute of Geography and History (PAIGH), held a virtual meeting with the scientists responsible for this important project. Among those in attendance were prominent researchers such as Dr. Patricia Snaider, David Salisbury, Dr. Fernando L\u00f3pez, Dr. Oscar Pyszczek, Dr. Rigaud Sanabria, Dr. Nancy Aguirre, Dr. Daniel Lipp, and Dr. David Vel\u00e1zquez.<\/p>\n\n\n\n<p>MA. Campuzano acknowledged the importance of these researchers&#8217; contributions to the development of the ACCA and expressed his interest in disseminating and continuing the project. He also offered the PAIGH Technical Assistance Program for next year as a support tool and encouraged the scientists to continue their efforts in the medium and long term, with the aim of increasing the impact of their research through the PAIGH&#8217;s communication channels.<\/p>\n\n\n\n<div style=\"height:15px\" aria-hidden=\"true\" class=\"wp-block-spacer\"><\/div>\n\n\n\n<hr class=\"wp-block-separator has-text-color has-luminous-vivid-orange-color has-alpha-channel-opacity has-luminous-vivid-orange-background-color has-background is-style-dots\"\/>\n\n\n\n<p class=\"has-black-color has-text-color has-link-color has-large-font-size wp-elements-6638d027f1aba37e58e985d70c688605\"><strong>19<\/strong><\/p>\n\n\n\n<p class=\"has-luminous-vivid-orange-color has-text-color has-link-color has-medium-font-size wp-elements-31e035f9b7d30e58e8febb9f62a50d86\"><strong>Second National Drill 2023<\/strong><\/p>\n\n\n\n<div class=\"wp-block-media-text is-stacked-on-mobile\"><figure class=\"wp-block-media-text__media\"><img decoding=\"async\" loading=\"lazy\" width=\"1024\" height=\"682\" src=\"https:\/\/www.ipgh.org\/en\/wp-content\/uploads\/2024\/11\/380534998_633629265614757_1397075232106494185_n-1-1024x682.jpg\" alt=\"\" class=\"wp-image-9329 size-full\" srcset=\"https:\/\/www.ipgh.org\/en\/wp-content\/uploads\/2024\/11\/380534998_633629265614757_1397075232106494185_n-1-1024x682.jpg 1024w, https:\/\/www.ipgh.org\/en\/wp-content\/uploads\/2024\/11\/380534998_633629265614757_1397075232106494185_n-1-300x200.jpg 300w, https:\/\/www.ipgh.org\/en\/wp-content\/uploads\/2024\/11\/380534998_633629265614757_1397075232106494185_n-1-768x512.jpg 768w, https:\/\/www.ipgh.org\/en\/wp-content\/uploads\/2024\/11\/380534998_633629265614757_1397075232106494185_n-1.jpg 1069w\" sizes=\"(max-width: 1024px) 100vw, 1024px\" \/><\/figure><div class=\"wp-block-media-text__content\">\n<p class=\"has-white-color has-text-color has-background has-link-color wp-elements-3aec96830f7bd50d5847b9953e1aa86e\" style=\"background-color:#ff9448;font-size:18px\">Civil Protection of the Pan American Institute of Geography and History participated in the \u2018Second National Drill 2023,\u2019 which aimed to prepare its staff to follow the evacuation protocol for the headquarters building within the time frame recommended by government authorities.<\/p>\n<\/div><\/div>\n\n\n\n<div style=\"height:15px\" aria-hidden=\"true\" class=\"wp-block-spacer\"><\/div>\n\n\n\n<hr class=\"wp-block-separator has-text-color has-luminous-vivid-orange-color has-alpha-channel-opacity has-luminous-vivid-orange-background-color has-background is-style-dots\"\/>\n\n\n\n<p class=\"has-black-color has-text-color has-link-color has-large-font-size wp-elements-c9fa55374ea2171a2aa7153502b2d8ff\"><strong>12<\/strong><\/p>\n\n\n\n<p class=\"has-luminous-vivid-orange-color has-text-color has-link-color has-medium-font-size wp-elements-5c8579aa418363389cc089908d042257\"><strong>Virtual meeting between the PAIGH and the National Section in the Dominican Republic<\/strong><\/p>\n\n\n\n<div style=\"height:15px\" aria-hidden=\"true\" class=\"wp-block-spacer\"><\/div>\n\n\n\n<p class=\"has-black-color has-text-color has-link-color wp-elements-f57b7e5de6f57f5b4aea5f1e3779c946\" style=\"font-size:18px\">Reuni\u00f3n en formato virtual del entre el Mtro. Antonio Campuzano Rosales, Secretario General del Instituto Panamericano de Geograf\u00eda e Historia y el Lic. Bol\u00edvar Troncoso, Presidente de la Secci\u00f3n Nacional del IPGH en Rep\u00fablica Dominicana y Director Nacional del Instituto Geogr\u00e1fico Nacional \u201cJos\u00e9 Joaqu\u00edn Hungr\u00eda Morell\u201d, con el objeto de dar continuidad a la organizaci\u00f3n de las reuniones estatutarias del presente a\u00f1o.<\/p>\n\n\n\n<p class=\"has-black-color has-text-color has-link-color wp-elements-c5b25ca13d94072251f82e05e3e58142\" style=\"font-size:18px\">Dada la riqueza de las reuniones de ete a\u00f1o, la mesa de trabajo revis\u00f3 la log\u00edstica para la 100\u00aa Reuni\u00f3n de Autoridades, la 24\u00aa Asamblea General, la 5\u00aa Reuni\u00f3n T\u00e9cnica de las Comisiones y el Congreso Dominicano de Ciencias Geogr\u00e1ficas. <\/p>\n\n\n\n<p class=\"has-black-color has-text-color has-link-color wp-elements-a139a09f2e24541ceb7a405fb2421246\" style=\"font-size:18px\">Igualmente se abord\u00f3 la agenda para el segundo \u201cTaller presencial de Nombres Geogr\u00e1ficos e Informaci\u00f3n Geoespacial\u201d, que se llevar\u00e1 a cabo esta semana en la ciudad de Suwon, Rep\u00fablica de Corea.<\/p>\n\n\n\n<div style=\"height:15px\" aria-hidden=\"true\" class=\"wp-block-spacer\"><\/div>\n\n\n<div class=\"wp-block-image\">\n<figure class=\"aligncenter size-large is-resized\"><img decoding=\"async\" loading=\"lazy\" src=\"https:\/\/www.ipgh.org\/en\/wp-content\/uploads\/2024\/10\/septiembre-6-1024x598.jpg\" alt=\"\" class=\"wp-image-9101\" style=\"width:725px;height:423px\" width=\"725\" height=\"423\" srcset=\"https:\/\/www.ipgh.org\/en\/wp-content\/uploads\/2024\/10\/septiembre-6-1024x598.jpg 1024w, https:\/\/www.ipgh.org\/en\/wp-content\/uploads\/2024\/10\/septiembre-6-300x175.jpg 300w, https:\/\/www.ipgh.org\/en\/wp-content\/uploads\/2024\/10\/septiembre-6-768x448.jpg 768w, https:\/\/www.ipgh.org\/en\/wp-content\/uploads\/2024\/10\/septiembre-6.jpg 1050w\" sizes=\"(max-width: 725px) 100vw, 725px\" \/><\/figure><\/div>\n\n\n<div style=\"height:15px\" aria-hidden=\"true\" class=\"wp-block-spacer\"><\/div>\n\n\n\n<div style=\"height:15px\" aria-hidden=\"true\" class=\"wp-block-spacer\"><\/div>\n\n\n\n<hr class=\"wp-block-separator has-text-color has-luminous-vivid-orange-color has-alpha-channel-opacity has-luminous-vivid-orange-background-color has-background is-style-dots\"\/>\n\n\n\n<p class=\"has-black-color has-text-color has-link-color has-large-font-size wp-elements-fcd08b4b7260c70856618fbcf514ab4f\"><strong>07 <\/strong><\/p>\n\n\n\n<p class=\"has-luminous-vivid-orange-color has-text-color has-link-color has-medium-font-size wp-elements-426cec6897c9c04a26198cbbd5dae79c\"><strong>Commemorative Ceremony for the 201<sup>st<\/sup> Anniversary of Brazil&#8217;s Independence<\/strong><\/p>\n\n\n\n<div style=\"height:15px\" aria-hidden=\"true\" class=\"wp-block-spacer\"><\/div>\n\n\n\n<div class=\"wp-block-columns is-layout-flex wp-container-5 wp-block-columns-is-layout-flex\">\n<div class=\"wp-block-column is-layout-flow wp-block-column-is-layout-flow\">\n<figure class=\"wp-block-image size-large\"><img decoding=\"async\" loading=\"lazy\" width=\"1024\" height=\"1024\" src=\"https:\/\/www.ipgh.org\/en\/wp-content\/uploads\/2024\/10\/SEPTIEMBRE-5-1024x1024.jpg\" alt=\"\" class=\"wp-image-9099\" srcset=\"https:\/\/www.ipgh.org\/en\/wp-content\/uploads\/2024\/10\/SEPTIEMBRE-5-1024x1024.jpg 1024w, https:\/\/www.ipgh.org\/en\/wp-content\/uploads\/2024\/10\/SEPTIEMBRE-5-300x300.jpg 300w, https:\/\/www.ipgh.org\/en\/wp-content\/uploads\/2024\/10\/SEPTIEMBRE-5-150x150.jpg 150w, https:\/\/www.ipgh.org\/en\/wp-content\/uploads\/2024\/10\/SEPTIEMBRE-5-768x768.jpg 768w, https:\/\/www.ipgh.org\/en\/wp-content\/uploads\/2024\/10\/SEPTIEMBRE-5.jpg 1200w\" sizes=\"(max-width: 1024px) 100vw, 1024px\" \/><\/figure>\n<\/div>\n\n\n\n<div class=\"wp-block-column is-layout-flow wp-block-column-is-layout-flow\">\n<figure class=\"wp-block-image size-large\"><img decoding=\"async\" loading=\"lazy\" width=\"1024\" height=\"1024\" src=\"https:\/\/www.ipgh.org\/en\/wp-content\/uploads\/2024\/10\/SEPTIEMBRE-5.1-1024x1024.jpg\" alt=\"\" class=\"wp-image-9100\" srcset=\"https:\/\/www.ipgh.org\/en\/wp-content\/uploads\/2024\/10\/SEPTIEMBRE-5.1-1024x1024.jpg 1024w, https:\/\/www.ipgh.org\/en\/wp-content\/uploads\/2024\/10\/SEPTIEMBRE-5.1-300x300.jpg 300w, https:\/\/www.ipgh.org\/en\/wp-content\/uploads\/2024\/10\/SEPTIEMBRE-5.1-150x150.jpg 150w, https:\/\/www.ipgh.org\/en\/wp-content\/uploads\/2024\/10\/SEPTIEMBRE-5.1-768x768.jpg 768w, https:\/\/www.ipgh.org\/en\/wp-content\/uploads\/2024\/10\/SEPTIEMBRE-5.1.jpg 1200w\" sizes=\"(max-width: 1024px) 100vw, 1024px\" \/><\/figure>\n<\/div>\n<\/div>\n\n\n\n<div style=\"height:20px\" aria-hidden=\"true\" class=\"wp-block-spacer\"><\/div>\n\n\n\n<p class=\"has-black-color has-text-color has-link-color wp-elements-4b79a44c15524132c5dad8f115aae7c6\" style=\"font-size:18px\">The ceremony marking the 201<sup>st<\/sup> anniversary of Brazil&#8217;s independence was attended by Mr Antonio Campuzano Rosales, Secretary General of the Pan American Institute of Geography and History (PAIGH), and Mr. Efra\u00edn Guadarrama, Director General of American Regional Organisations and Mechanisms of the Mexican Ministry of Foreign Affairs, as well as the rest of the Diplomatic Corps. The commemorative ceremony was presided over by His Excellency Mr. Fernando Coimbra, Ambassador of Brazil to Mexico.<\/p>\n\n\n\n<div style=\"height:15px\" aria-hidden=\"true\" class=\"wp-block-spacer\"><\/div>\n\n\n\n<p class=\"has-luminous-vivid-orange-color has-text-color has-link-color has-medium-font-size wp-elements-d8d7e83508873e84e461170235bed0ac\"><strong>Virtual Meeting for the \u201cAtlas of Climate Change in the Americas (ACCA)\u201d Project<\/strong><\/p>\n\n\n\n<div style=\"height:15px\" aria-hidden=\"true\" class=\"wp-block-spacer\"><\/div>\n\n\n\n<p>As part of the Atlas of Climate Change in the Americas (ACCA) project, the Secretary-General of this Institute organised a virtual meeting with leading representatives from various institutions involved in this work: Dr Fernando L\u00f3pez, Director of the Geographic Institute of Aragon (IGEAR); Dr Patricia Snaider, from the Complutense University of Madrid; and Geographer \u00c1lvaro Monett, together with Mr Horacio Castellanos, both from the Statistics Division of the Economic Commission for Latin America and the Caribbean (ECLAC). \u00c1lvaro Monett, together with Mr Horacio Castellanos, both from the Statistics Division of the Economic Commission for Latin America and the Caribbean (ECLAC).<\/p>\n\n\n\n<p>During the meeting, the importance of providing economic and technological means to keep the Atlas up to date in terms of geospatial information and other improvements and needs was discussed.<\/p>\n\n\n\n<div style=\"height:20px\" aria-hidden=\"true\" class=\"wp-block-spacer\"><\/div>\n\n\n<div class=\"wp-block-image\">\n<figure class=\"aligncenter size-large is-resized\"><img decoding=\"async\" loading=\"lazy\" src=\"https:\/\/www.ipgh.org\/en\/wp-content\/uploads\/2024\/10\/SEPTIEMBRE-43-1024x858.jpg\" alt=\"\" class=\"wp-image-9098\" style=\"width:637px;height:534px\" width=\"637\" height=\"534\" srcset=\"https:\/\/www.ipgh.org\/en\/wp-content\/uploads\/2024\/10\/SEPTIEMBRE-43-1024x858.jpg 1024w, https:\/\/www.ipgh.org\/en\/wp-content\/uploads\/2024\/10\/SEPTIEMBRE-43-300x251.jpg 300w, https:\/\/www.ipgh.org\/en\/wp-content\/uploads\/2024\/10\/SEPTIEMBRE-43-768x643.jpg 768w, https:\/\/www.ipgh.org\/en\/wp-content\/uploads\/2024\/10\/SEPTIEMBRE-43.jpg 1079w\" sizes=\"(max-width: 637px) 100vw, 637px\" \/><\/figure><\/div>\n\n\n<div style=\"height:15px\" aria-hidden=\"true\" class=\"wp-block-spacer\"><\/div>\n\n\n\n<hr class=\"wp-block-separator has-text-color has-luminous-vivid-orange-color has-alpha-channel-opacity has-luminous-vivid-orange-background-color has-background is-style-dots\"\/>\n\n\n\n<p class=\"has-black-color has-text-color has-link-color has-large-font-size wp-elements-0ff5afdf7cfba587ed3e9f94680203b5\"><strong>06<\/strong><\/p>\n\n\n\n<p class=\"has-luminous-vivid-orange-color has-text-color has-link-color has-medium-font-size wp-elements-c7d54b910591afcfae4510566efcbd9a\"><strong>Visit by students from UAEM\u00e9x to IPGH<\/strong><\/p>\n\n\n\n<div style=\"height:15px\" aria-hidden=\"true\" class=\"wp-block-spacer\"><\/div>\n\n\n\n<div class=\"wp-block-media-text is-stacked-on-mobile\"><figure class=\"wp-block-media-text__media\"><img decoding=\"async\" loading=\"lazy\" width=\"1024\" height=\"683\" src=\"https:\/\/www.ipgh.org\/en\/wp-content\/uploads\/2024\/10\/3-octubre-1024x683.jpg\" alt=\"\" class=\"wp-image-9097 size-full\" srcset=\"https:\/\/www.ipgh.org\/en\/wp-content\/uploads\/2024\/10\/3-octubre-1024x683.jpg 1024w, https:\/\/www.ipgh.org\/en\/wp-content\/uploads\/2024\/10\/3-octubre-300x200.jpg 300w, https:\/\/www.ipgh.org\/en\/wp-content\/uploads\/2024\/10\/3-octubre-768x512.jpg 768w, https:\/\/www.ipgh.org\/en\/wp-content\/uploads\/2024\/10\/3-octubre.jpg 1396w\" sizes=\"(max-width: 1024px) 100vw, 1024px\" \/><\/figure><div class=\"wp-block-media-text__content\">\n<p class=\"has-white-color has-text-color has-background has-link-color wp-elements-8f4b6455d536b6eb3c19ac1f6ef9f001\" style=\"background-color:#ff9448;font-size:18px\">Mr Antonio Campuzano, Secretary General of the PAIGH, welcomed Ms Sandra Ochoa, Director of the Faculty of Economics at the Autonomous University of the State of Mexico (UAM\u00e9x), who, accompanied by a group of university students belonging to PotroMUN, toured the historic premises of the PAIGH headquarters.<\/p>\n<\/div><\/div>\n\n\n\n<div style=\"height:20px\" aria-hidden=\"true\" class=\"wp-block-spacer\"><\/div>\n\n\n\n<hr class=\"wp-block-separator has-text-color has-luminous-vivid-orange-color has-alpha-channel-opacity has-luminous-vivid-orange-background-color has-background is-style-wide\"\/>\n\n\n\n<div class=\"wp-block-columns is-layout-flex wp-container-10 wp-block-columns-is-layout-flex\">\n<div class=\"wp-block-column is-layout-flow wp-block-column-is-layout-flow\"><\/div>\n\n\n\n<div class=\"wp-block-column is-layout-flow wp-block-column-is-layout-flow\"><\/div>\n\n\n\n<div class=\"wp-block-column is-layout-flow wp-block-column-is-layout-flow\">\n<div class=\"wp-block-buttons is-content-justification-right is-layout-flex wp-container-8 wp-block-buttons-is-layout-flex\">\n<div class=\"wp-block-button\"><a class=\"wp-block-button__link has-black-color has-cyan-bluish-gray-background-color has-text-color has-background has-link-color wp-element-button\" href=\"https:\/\/www.ipgh.org\/en\/?page_id=8377\" style=\"border-radius:5px;padding-top:var(--wp--preset--spacing--20);padding-right:var(--wp--preset--spacing--20);padding-bottom:var(--wp--preset--spacing--20);padding-left:var(--wp--preset--spacing--20)\" target=\"_blank\" rel=\"noreferrer noopener\">  Back<\/a><\/div>\n<\/div>\n<\/div>\n<\/div>\n","protected":false},"excerpt":{"rendered":"<p>29 Towards to the 24th General Assembly MA. Antonio Campuzano Rosales, Secretary General of the PAIGH, met with Mr. Bol\u00edvar Troncoso Morales, President of the PAIGH National Section in the Dominican Republic, to review the logistical progress of the 24th General Assembly and related meetings. This important event will include the 100th Meeting of Authorities, <a class=\"read-more\" href=\"https:\/\/www.ipgh.org\/en\/?page_id=8978\">READ MORE<\/a><\/p>\n","protected":false},"author":1,"featured_media":0,"parent":0,"menu_order":0,"comment_status":"closed","ping_status":"closed","template":"","meta":{"footnotes":""},"_links":{"self":[{"href":"https:\/\/www.ipgh.org\/en\/index.php?rest_route=\/wp\/v2\/pages\/8978"}],"collection":[{"href":"https:\/\/www.ipgh.org\/en\/index.php?rest_route=\/wp\/v2\/pages"}],"about":[{"href":"https:\/\/www.ipgh.org\/en\/index.php?rest_route=\/wp\/v2\/types\/page"}],"author":[{"embeddable":true,"href":"https:\/\/www.ipgh.org\/en\/index.php?rest_route=\/wp\/v2\/users\/1"}],"replies":[{"embeddable":true,"href":"https:\/\/www.ipgh.org\/en\/index.php?rest_route=%2Fwp%2Fv2%2Fcomments&post=8978"}],"version-history":[{"count":10,"href":"https:\/\/www.ipgh.org\/en\/index.php?rest_route=\/wp\/v2\/pages\/8978\/revisions"}],"predecessor-version":[{"id":11315,"href":"https:\/\/www.ipgh.org\/en\/index.php?rest_route=\/wp\/v2\/pages\/8978\/revisions\/11315"}],"wp:attachment":[{"href":"https:\/\/www.ipgh.org\/en\/index.php?rest_route=%2Fwp%2Fv2%2Fmedia&parent=8978"}],"curies":[{"name":"wp","href":"https:\/\/api.w.org\/{rel}","templated":true}]}}