{"id":9430,"date":"2024-11-12T11:59:50","date_gmt":"2024-11-12T17:59:50","guid":{"rendered":"https:\/\/www.ipgh.org\/en\/?page_id=9430"},"modified":"2025-10-08T08:41:50","modified_gmt":"2025-10-08T14:41:50","slug":"noviembre-2024","status":"publish","type":"page","link":"https:\/\/www.ipgh.org\/en\/?page_id=9430","title":{"rendered":"November 2024"},"content":{"rendered":"\n<p><\/p>\n\n\n\n<p><\/p>\n\n\n\n<p><\/p>\n\n\n\n<p><\/p>\n\n\n\n<p><\/p>\n\n\n\n<p><\/p>\n\n\n\n<p class=\"has-black-color has-text-color has-link-color has-large-font-size wp-elements-e22c041eb4a219dbc71c5251185c6c74\"><strong>19-21<\/strong><\/p>\n\n\n\n<div class=\"wp-block-columns is-layout-flex wp-container-4 wp-block-columns-is-layout-flex\">\n<div class=\"wp-block-column is-layout-flow wp-block-column-is-layout-flow\">\n<figure class=\"wp-block-image size-large\"><img decoding=\"async\" loading=\"lazy\" width=\"1024\" height=\"579\" src=\"https:\/\/www.ipgh.org\/en\/wp-content\/uploads\/2024\/12\/Secretario-IPGH-1024x579.png\" alt=\"\" class=\"wp-image-9612\" srcset=\"https:\/\/www.ipgh.org\/en\/wp-content\/uploads\/2024\/12\/Secretario-IPGH-1024x579.png 1024w, https:\/\/www.ipgh.org\/en\/wp-content\/uploads\/2024\/12\/Secretario-IPGH-300x170.png 300w, https:\/\/www.ipgh.org\/en\/wp-content\/uploads\/2024\/12\/Secretario-IPGH-768x434.png 768w, https:\/\/www.ipgh.org\/en\/wp-content\/uploads\/2024\/12\/Secretario-IPGH-1536x869.png 1536w, https:\/\/www.ipgh.org\/en\/wp-content\/uploads\/2024\/12\/Secretario-IPGH-2048x1158.png 2048w\" sizes=\"(max-width: 1024px) 100vw, 1024px\" \/><\/figure>\n<\/div>\n\n\n\n<div class=\"wp-block-column is-layout-flow wp-block-column-is-layout-flow\">\n<figure class=\"wp-block-image size-large\"><img decoding=\"async\" loading=\"lazy\" width=\"1024\" height=\"579\" src=\"https:\/\/www.ipgh.org\/en\/wp-content\/uploads\/2024\/12\/Comite-Cordinador-1024x579.png\" alt=\"\" class=\"wp-image-9613\" srcset=\"https:\/\/www.ipgh.org\/en\/wp-content\/uploads\/2024\/12\/Comite-Cordinador-1024x579.png 1024w, https:\/\/www.ipgh.org\/en\/wp-content\/uploads\/2024\/12\/Comite-Cordinador-300x170.png 300w, https:\/\/www.ipgh.org\/en\/wp-content\/uploads\/2024\/12\/Comite-Cordinador-768x434.png 768w, https:\/\/www.ipgh.org\/en\/wp-content\/uploads\/2024\/12\/Comite-Cordinador-1536x869.png 1536w, https:\/\/www.ipgh.org\/en\/wp-content\/uploads\/2024\/12\/Comite-Cordinador-2048x1158.png 2048w\" sizes=\"(max-width: 1024px) 100vw, 1024px\" \/><\/figure>\n<\/div>\n\n\n\n<div class=\"wp-block-column is-layout-flow wp-block-column-is-layout-flow\">\n<figure class=\"wp-block-image size-large\"><img decoding=\"async\" loading=\"lazy\" width=\"1024\" height=\"579\" src=\"https:\/\/www.ipgh.org\/en\/wp-content\/uploads\/2024\/12\/25-Asamblea-General-2024-1-1024x579.png\" alt=\"\" class=\"wp-image-9614\" srcset=\"https:\/\/www.ipgh.org\/en\/wp-content\/uploads\/2024\/12\/25-Asamblea-General-2024-1-1024x579.png 1024w, https:\/\/www.ipgh.org\/en\/wp-content\/uploads\/2024\/12\/25-Asamblea-General-2024-1-300x170.png 300w, https:\/\/www.ipgh.org\/en\/wp-content\/uploads\/2024\/12\/25-Asamblea-General-2024-1-768x434.png 768w, https:\/\/www.ipgh.org\/en\/wp-content\/uploads\/2024\/12\/25-Asamblea-General-2024-1-1536x869.png 1536w, https:\/\/www.ipgh.org\/en\/wp-content\/uploads\/2024\/12\/25-Asamblea-General-2024-1-2048x1158.png 2048w\" sizes=\"(max-width: 1024px) 100vw, 1024px\" \/><\/figure>\n<\/div>\n<\/div>\n\n\n\n<div style=\"height:20px\" aria-hidden=\"true\" class=\"wp-block-spacer\"><\/div>\n\n\n\n<hr class=\"wp-block-separator has-text-color has-luminous-vivid-orange-color has-alpha-channel-opacity has-luminous-vivid-orange-background-color has-background is-style-dots\"\/>\n\n\n\n<p class=\"has-black-color has-text-color has-link-color has-large-font-size wp-elements-6638d027f1aba37e58e985d70c688605\"><strong>19<\/strong><\/p>\n\n\n\n<p class=\"has-luminous-vivid-orange-color has-text-color has-link-color has-medium-font-size wp-elements-09a7512909776fad51dbf144182fa8f4\"><strong>Start of the 25<sup>th<\/sup> General Assembly of the PAIGH in Santiago, Chile<\/strong><\/p>\n\n\n\n<div style=\"height:15px\" aria-hidden=\"true\" class=\"wp-block-spacer\"><\/div>\n\n\n<div class=\"wp-block-image\">\n<figure class=\"aligncenter size-large\"><img decoding=\"async\" loading=\"lazy\" width=\"1024\" height=\"546\" src=\"https:\/\/www.ipgh.org\/en\/wp-content\/uploads\/2024\/12\/20_25_AG_FotografiaOficial-2.0-1024x546.png\" alt=\"\" class=\"wp-image-9589\" srcset=\"https:\/\/www.ipgh.org\/en\/wp-content\/uploads\/2024\/12\/20_25_AG_FotografiaOficial-2.0-1024x546.png 1024w, https:\/\/www.ipgh.org\/en\/wp-content\/uploads\/2024\/12\/20_25_AG_FotografiaOficial-2.0-300x160.png 300w, https:\/\/www.ipgh.org\/en\/wp-content\/uploads\/2024\/12\/20_25_AG_FotografiaOficial-2.0-768x410.png 768w, https:\/\/www.ipgh.org\/en\/wp-content\/uploads\/2024\/12\/20_25_AG_FotografiaOficial-2.0-1536x819.png 1536w, https:\/\/www.ipgh.org\/en\/wp-content\/uploads\/2024\/12\/20_25_AG_FotografiaOficial-2.0-2048x1092.png 2048w\" sizes=\"(max-width: 1024px) 100vw, 1024px\" \/><\/figure><\/div>\n\n\n<div style=\"height:15px\" aria-hidden=\"true\" class=\"wp-block-spacer\"><\/div>\n\n\n\n<p>On November 19, 2024, the 25<sup>th<\/sup> General Assembly of the Pan American Institute of Geography and History (PAIGH) began with a formal ceremony at the headquarters of the Economic Commission for Latin America and the Caribbean (ECLAC) in Santiago, Chile.<\/p>\n\n\n\n<p>This event brings together authorities, representatives, and experts from PAIGH Member States, who gather to deliberate on strategic initiatives and collaborative projects that will strengthen scientific and technical cooperation in the areas of geography, cartography, geophysics, and history in the Pan American region.<\/p>\n\n\n\n<div style=\"height:15px\" aria-hidden=\"true\" class=\"wp-block-spacer\"><\/div>\n\n\n\n<p class=\"has-luminous-vivid-orange-color has-text-color has-link-color has-medium-font-size wp-elements-a52375c21e978c5a1cb6da38ec5fa02f\"><strong>Presentation of Reports and Commitments at the 25<sup>th<\/sup> General Assembly of the PAIGH<\/strong><\/p>\n\n\n\n<div style=\"height:15px\" aria-hidden=\"true\" class=\"wp-block-spacer\"><\/div>\n\n\n\n<div class=\"wp-block-columns is-layout-flex wp-container-6 wp-block-columns-is-layout-flex\">\n<div class=\"wp-block-column is-layout-flow wp-block-column-is-layout-flow\"><div class=\"wp-block-image\">\n<figure class=\"aligncenter size-large\"><img decoding=\"async\" loading=\"lazy\" width=\"1024\" height=\"579\" src=\"https:\/\/www.ipgh.org\/en\/wp-content\/uploads\/2024\/12\/Secretario-General-1-1024x579.png\" alt=\"\" class=\"wp-image-9602\" srcset=\"https:\/\/www.ipgh.org\/en\/wp-content\/uploads\/2024\/12\/Secretario-General-1-1024x579.png 1024w, https:\/\/www.ipgh.org\/en\/wp-content\/uploads\/2024\/12\/Secretario-General-1-300x170.png 300w, https:\/\/www.ipgh.org\/en\/wp-content\/uploads\/2024\/12\/Secretario-General-1-768x434.png 768w, https:\/\/www.ipgh.org\/en\/wp-content\/uploads\/2024\/12\/Secretario-General-1-1536x869.png 1536w, https:\/\/www.ipgh.org\/en\/wp-content\/uploads\/2024\/12\/Secretario-General-1-2048x1158.png 2048w\" sizes=\"(max-width: 1024px) 100vw, 1024px\" \/><\/figure><\/div>\n\n\n<div style=\"height:15px\" aria-hidden=\"true\" class=\"wp-block-spacer\"><\/div>\n<\/div>\n<\/div>\n\n\n\n<p>The PAIGH authorities presented their reports for the current year, highlighting their joint work on calls for proposals and awarding of prizes, monitoring project development (technical reports and fund disbursement), periodical publications, virtual meetings, budget allocation, organization of conferences, and representation at international events, both in person and virtual, among other activities in the areas of cartography, geography, history, geophysics, and related sciences.<\/p>\n\n\n\n<p>For his part, Antonio Campuzano Rosales highlighted the progress made in accordance with the IPGH&#8217;s 2022-2025 Strategic Modernization Plan, reaffirming efforts to consolidate efficient and transparent management.<\/p>\n\n\n\n<div style=\"height:20px\" aria-hidden=\"true\" class=\"wp-block-spacer\"><\/div>\n\n\n\n<hr class=\"wp-block-separator has-text-color has-luminous-vivid-orange-color has-alpha-channel-opacity has-luminous-vivid-orange-background-color has-background is-style-dots\"\/>\n\n\n\n<p class=\"has-black-color has-text-color has-link-color has-large-font-size wp-elements-7b52b6e167604bb216061c9a9275b6b6\"><strong>18<\/strong><\/p>\n\n\n\n<p class=\"has-luminous-vivid-orange-color has-text-color has-link-color has-medium-font-size wp-elements-e28d78eb81c116ae3078e6c9d4971772\"><strong>Official photograph of the 102<sup>nd<\/sup> Meeting of Authorities of the PAIGH in Santiago, Chile<\/strong><\/p>\n\n\n\n<div style=\"height:15px\" aria-hidden=\"true\" class=\"wp-block-spacer\"><\/div>\n\n\n<div class=\"wp-block-image\">\n<figure class=\"aligncenter size-large\"><img decoding=\"async\" loading=\"lazy\" width=\"1024\" height=\"579\" src=\"https:\/\/www.ipgh.org\/en\/wp-content\/uploads\/2024\/12\/467716963_894615432849471_1019934463309276601_n-1024x579.jpg\" alt=\"\" class=\"wp-image-9588\" srcset=\"https:\/\/www.ipgh.org\/en\/wp-content\/uploads\/2024\/12\/467716963_894615432849471_1019934463309276601_n-1024x579.jpg 1024w, https:\/\/www.ipgh.org\/en\/wp-content\/uploads\/2024\/12\/467716963_894615432849471_1019934463309276601_n-300x170.jpg 300w, https:\/\/www.ipgh.org\/en\/wp-content\/uploads\/2024\/12\/467716963_894615432849471_1019934463309276601_n-768x434.jpg 768w, https:\/\/www.ipgh.org\/en\/wp-content\/uploads\/2024\/12\/467716963_894615432849471_1019934463309276601_n.jpg 1440w\" sizes=\"(max-width: 1024px) 100vw, 1024px\" \/><figcaption class=\"wp-element-caption\">In the photo, from left to right: Dr. Hermann Manr\u00edquez Tirado, President of the Geography Commission; MSc. Max A. Lobo Hern\u00e1ndez, President of the Cartography Commission; Dr. Reina C. Rosario Fern\u00e1ndez, Vice President of the History Commission; Col. Carlos Prado Casanova, President of the Chilean National Section; Dr. Patricia Sol\u00eds, President; Lic. Pahola M\u00e9ndez Mata, Vice President; Mtro. Antonio Campuzano Rosales, Secretary General; and Dr. Mario C. Ruiz Romero, President of the Geophysics Commission.<\/figcaption><\/figure><\/div>\n\n\n<div style=\"height:20px\" aria-hidden=\"true\" class=\"wp-block-spacer\"><\/div>\n\n\n\n<p class=\"has-luminous-vivid-orange-color has-text-color has-link-color has-medium-font-size wp-elements-f42f1491b59f5497263b687a486f5c69\"><strong>Inauguration of the 102<sup>nd<\/sup> Meeting of Authorities of the PAIGH<\/strong><\/p>\n\n\n\n<div style=\"height:10px\" aria-hidden=\"true\" class=\"wp-block-spacer\"><\/div>\n\n\n<div class=\"wp-block-image\">\n<figure class=\"aligncenter size-large is-resized\"><img decoding=\"async\" loading=\"lazy\" src=\"https:\/\/www.ipgh.org\/en\/wp-content\/uploads\/2024\/12\/467516718_894606732850341_4272259619911913542_n-1024x578.jpg\" alt=\"\" class=\"wp-image-9583\" style=\"width:829px;height:468px\" width=\"829\" height=\"468\" srcset=\"https:\/\/www.ipgh.org\/en\/wp-content\/uploads\/2024\/12\/467516718_894606732850341_4272259619911913542_n-1024x578.jpg 1024w, https:\/\/www.ipgh.org\/en\/wp-content\/uploads\/2024\/12\/467516718_894606732850341_4272259619911913542_n-300x169.jpg 300w, https:\/\/www.ipgh.org\/en\/wp-content\/uploads\/2024\/12\/467516718_894606732850341_4272259619911913542_n-768x434.jpg 768w, https:\/\/www.ipgh.org\/en\/wp-content\/uploads\/2024\/12\/467516718_894606732850341_4272259619911913542_n.jpg 1440w\" sizes=\"(max-width: 829px) 100vw, 829px\" \/><\/figure><\/div>\n\n\n<div style=\"height:15px\" aria-hidden=\"true\" class=\"wp-block-spacer\"><\/div>\n\n\n\n<p>The 102<sup>n<\/sup>d Meeting of Authorities of the Pan American Institute of Geography and History (PAIGH) was inaugurated in the city of Santiago, Chile. This event was held at the facilities of the Military Geographic Institute (IGM).<\/p>\n\n\n\n<p>The working group was composed of PAIGH authorities: Dr. Patricia Sol\u00eds, President; Lic. Pahola M\u00e9ndez Mata, Vice President; Antonio Campuzano Rosales, Secretary General; Max A. Lobo Hern\u00e1ndez, MSc. Max A. Lobo Hern\u00e1ndez, President of the Cartography Commission; Dr. Hermann Manr\u00edquez Tirado, President of the Geography Commission; Dr. Reina C. Rosario Fern\u00e1ndez, Vice President of the History Commission; and Dr. Mario Calixto Ruiz Romero, President of the Geophysics Commission.<\/p>\n\n\n\n<p>Antonio Campuzano Rosales, Secretary General of the PAIGH, welcomed the attendees and highlighted that the meeting agenda includes the review of key resolutions that will be presented at the upcoming 25<sup>th<\/sup> General Assembly of the PAIGH. These resolutions seek to consolidate the Institute&#8217;s impact for the benefit of Member States.<\/p>\n\n\n\n<div style=\"height:21px\" aria-hidden=\"true\" class=\"wp-block-spacer\"><\/div>\n\n\n\n<p class=\"has-luminous-vivid-orange-color has-text-color has-link-color has-medium-font-size wp-elements-6775fa8a0fc5fee8760fc91cdb4eff3c\"><strong>Signing of Memorandum of Understanding between PAIGH and Bernardo O&#8217;Higgins University (UBO)<\/strong><\/p>\n\n\n\n<div style=\"height:16px\" aria-hidden=\"true\" class=\"wp-block-spacer\"><\/div>\n\n\n\n<p>As part of the activities of the 102<sup>nd<\/sup> Meeting of Authorities of the Pan American Institute of Geography and History (PAIGH), Monday, November 18, 2024, began with a visit to Bernardo O&#8217;Higgins University (UBO) in Santiago, Chile. The rector of the institution, Dr. Claudio Alberto Ruff Escobar, warmly welcomed the PAIGH representatives.<\/p>\n\n\n\n<p>During this visit, a Memorandum of Understanding was signed between the PAIGH and the UBO. The document was signed by the rector of the UBO and Mr. Antonio Campuzano Rosales, Secretary General of the PAIGH, with Dr. Patricia Sol\u00eds, President of the PAIGH, and Colonel Carlos Prado Casanova, President of the Chilean National Section, participating as witnesses of honor.<\/p>\n\n\n\n<div style=\"height:15px\" aria-hidden=\"true\" class=\"wp-block-spacer\"><\/div>\n\n\n\n<div class=\"wp-block-columns is-layout-flex wp-container-9 wp-block-columns-is-layout-flex\">\n<div class=\"wp-block-column is-layout-flow wp-block-column-is-layout-flow\">\n<figure class=\"wp-block-image size-large\"><img decoding=\"async\" loading=\"lazy\" width=\"1024\" height=\"580\" src=\"https:\/\/www.ipgh.org\/en\/wp-content\/uploads\/2024\/12\/467554932_894496269528054_3034941173125620558_n-1-1024x580.jpg\" alt=\"\" class=\"wp-image-9586\" srcset=\"https:\/\/www.ipgh.org\/en\/wp-content\/uploads\/2024\/12\/467554932_894496269528054_3034941173125620558_n-1-1024x580.jpg 1024w, https:\/\/www.ipgh.org\/en\/wp-content\/uploads\/2024\/12\/467554932_894496269528054_3034941173125620558_n-1-300x170.jpg 300w, https:\/\/www.ipgh.org\/en\/wp-content\/uploads\/2024\/12\/467554932_894496269528054_3034941173125620558_n-1-768x435.jpg 768w, https:\/\/www.ipgh.org\/en\/wp-content\/uploads\/2024\/12\/467554932_894496269528054_3034941173125620558_n-1.jpg 1440w\" sizes=\"(max-width: 1024px) 100vw, 1024px\" \/><\/figure>\n<\/div>\n\n\n\n<div class=\"wp-block-column is-layout-flow wp-block-column-is-layout-flow\">\n<figure class=\"wp-block-image size-large\"><img decoding=\"async\" loading=\"lazy\" width=\"1024\" height=\"580\" src=\"https:\/\/www.ipgh.org\/en\/wp-content\/uploads\/2024\/12\/467621191_894496276194720_4179446645659294541_n-1-1024x580.jpg\" alt=\"\" class=\"wp-image-9587\" srcset=\"https:\/\/www.ipgh.org\/en\/wp-content\/uploads\/2024\/12\/467621191_894496276194720_4179446645659294541_n-1-1024x580.jpg 1024w, https:\/\/www.ipgh.org\/en\/wp-content\/uploads\/2024\/12\/467621191_894496276194720_4179446645659294541_n-1-300x170.jpg 300w, https:\/\/www.ipgh.org\/en\/wp-content\/uploads\/2024\/12\/467621191_894496276194720_4179446645659294541_n-1-768x435.jpg 768w, https:\/\/www.ipgh.org\/en\/wp-content\/uploads\/2024\/12\/467621191_894496276194720_4179446645659294541_n-1.jpg 1440w\" sizes=\"(max-width: 1024px) 100vw, 1024px\" \/><\/figure>\n<\/div>\n<\/div>\n\n\n\n<div style=\"height:15px\" aria-hidden=\"true\" class=\"wp-block-spacer\"><\/div>\n\n\n\n<hr class=\"wp-block-separator has-text-color has-luminous-vivid-orange-color has-alpha-channel-opacity has-luminous-vivid-orange-background-color has-background is-style-dots\"\/>\n\n\n\n<p class=\"has-black-color has-text-color has-link-color has-large-font-size wp-elements-0ff5afdf7cfba587ed3e9f94680203b5\"><strong>06<\/strong><\/p>\n\n\n\n<p class=\"has-luminous-vivid-orange-color has-text-color has-link-color has-medium-font-size wp-elements-d42073ab1fddb94e9992d4c659cba352\"><strong>Signing of a Collaboration Agreement between the PAIGH and the Mexican Society of Geography and Statistics<\/strong><\/p>\n\n\n\n<div style=\"height:15px\" aria-hidden=\"true\" class=\"wp-block-spacer\"><\/div>\n\n\n<div class=\"wp-block-image\">\n<figure class=\"aligncenter size-large\"><img decoding=\"async\" loading=\"lazy\" width=\"1024\" height=\"579\" src=\"https:\/\/www.ipgh.org\/en\/wp-content\/uploads\/2024\/11\/466061557_886256047018743_4408819378362057372_n-1024x579.jpg\" alt=\"\" class=\"wp-image-9431\" srcset=\"https:\/\/www.ipgh.org\/en\/wp-content\/uploads\/2024\/11\/466061557_886256047018743_4408819378362057372_n-1024x579.jpg 1024w, https:\/\/www.ipgh.org\/en\/wp-content\/uploads\/2024\/11\/466061557_886256047018743_4408819378362057372_n-300x170.jpg 300w, https:\/\/www.ipgh.org\/en\/wp-content\/uploads\/2024\/11\/466061557_886256047018743_4408819378362057372_n-768x434.jpg 768w, https:\/\/www.ipgh.org\/en\/wp-content\/uploads\/2024\/11\/466061557_886256047018743_4408819378362057372_n.jpg 1440w\" sizes=\"(max-width: 1024px) 100vw, 1024px\" \/><\/figure><\/div>\n\n\n<div style=\"height:21px\" aria-hidden=\"true\" class=\"wp-block-spacer\"><\/div>\n\n\n\n<p>This agreement establishes a framework for collaboration in key areas such as cartography, geography, geophysics, and geographical names, with a special emphasis on joint efforts to address the climate emergency and increase the resilience of nations to climate change. In the field of history, the PAIGH seeks to strengthen its ties with the academies of history in the Americas, promoting teaching and historical identity on the continent.<\/p>\n\n\n\n<p>The event was attended by representatives of the SMGE, including Hugo Castro Aranda, President; Virgilio Arias Ram\u00edrez, Vice President; \u00d3scar Gonz\u00e1lez Azuela, Member; Guillermo Heyser Quir\u00f3z, Secretary General; Mar\u00eda Eugenia del Valle Prieto, Director of International Relations; Francisco Avenda\u00f1o Sol, Legal Director; Liliana Esperanza C\u00e1rdenas Trevi\u00f1o, President of Casa de Coahuila A.C.; and Miriam Funes, Director of Communication and New Projects.<\/p>\n\n\n\n<hr class=\"wp-block-separator has-text-color has-luminous-vivid-orange-color has-alpha-channel-opacity has-luminous-vivid-orange-background-color has-background is-style-wide\"\/>\n\n\n\n<div class=\"wp-block-buttons is-content-justification-right is-layout-flex wp-container-10 wp-block-buttons-is-layout-flex\">\n<div class=\"wp-block-button\"><a class=\"wp-block-button__link has-white-color has-luminous-vivid-orange-background-color has-text-color has-background has-link-color wp-element-button\" href=\"https:\/\/www.ipgh.org\/en\/?page_id=7623(abre en una nueva pesta\u00f1a)\">Back<\/a><\/div>\n<\/div>\n","protected":false},"excerpt":{"rendered":"<p>19-21 19 Start of the 25th General Assembly of the PAIGH in Santiago, Chile On November 19, 2024, the 25th General Assembly of the Pan American Institute of Geography and History (PAIGH) began with a formal ceremony at the headquarters of the Economic Commission for Latin America and the Caribbean (ECLAC) in Santiago, Chile. This <a class=\"read-more\" href=\"https:\/\/www.ipgh.org\/en\/?page_id=9430\">READ MORE<\/a><\/p>\n","protected":false},"author":1,"featured_media":0,"parent":0,"menu_order":0,"comment_status":"closed","ping_status":"closed","template":"","meta":{"footnotes":""},"_links":{"self":[{"href":"https:\/\/www.ipgh.org\/en\/index.php?rest_route=\/wp\/v2\/pages\/9430"}],"collection":[{"href":"https:\/\/www.ipgh.org\/en\/index.php?rest_route=\/wp\/v2\/pages"}],"about":[{"href":"https:\/\/www.ipgh.org\/en\/index.php?rest_route=\/wp\/v2\/types\/page"}],"author":[{"embeddable":true,"href":"https:\/\/www.ipgh.org\/en\/index.php?rest_route=\/wp\/v2\/users\/1"}],"replies":[{"embeddable":true,"href":"https:\/\/www.ipgh.org\/en\/index.php?rest_route=%2Fwp%2Fv2%2Fcomments&post=9430"}],"version-history":[{"count":6,"href":"https:\/\/www.ipgh.org\/en\/index.php?rest_route=\/wp\/v2\/pages\/9430\/revisions"}],"predecessor-version":[{"id":11516,"href":"https:\/\/www.ipgh.org\/en\/index.php?rest_route=\/wp\/v2\/pages\/9430\/revisions\/11516"}],"wp:attachment":[{"href":"https:\/\/www.ipgh.org\/en\/index.php?rest_route=%2Fwp%2Fv2%2Fmedia&parent=9430"}],"curies":[{"name":"wp","href":"https:\/\/api.w.org\/{rel}","templated":true}]}}