{"id":9896,"date":"2024-12-19T12:53:57","date_gmt":"2024-12-19T18:53:57","guid":{"rendered":"https:\/\/www.ipgh.org\/en\/?page_id=9896"},"modified":"2025-02-12T15:30:47","modified_gmt":"2025-02-12T21:30:47","slug":"9896-2","status":"publish","type":"page","link":"https:\/\/www.ipgh.org\/en\/?page_id=9896","title":{"rendered":"PAT 2025"},"content":{"rendered":"\n<figure class=\"wp-block-table is-style-stripes\"><table class=\"has-fixed-layout\"><tbody><tr><td class=\"has-text-align-center\" data-align=\"center\"><a rel=\"noreferrer noopener\" href=\"https:\/\/drive.google.com\/file\/d\/1KVut8WfCzEi_KlJ8v-0rfHKcFaIUqCPA\/view\" target=\"_blank\"><strong>Normativa <\/strong><\/a><a rel=\"noreferrer noopener\" href=\"https:\/\/drive.google.com\/file\/d\/1KVut8WfCzEi_KlJ8v-0rfHKcFaIUqCPA\/view\" target=\"_blank\"><strong>del Programa de Asistencia T\u00e9cnica<\/strong><\/a><\/td><td class=\"has-text-align-center\" data-align=\"center\"><a rel=\"noreferrer noopener\" href=\"https:\/\/docs.google.com\/document\/d\/1MmngaDZQuclhlT86c88mCPjK0TcLOPCL\/edit?usp=drive_link&amp;ouid=102264622104240238662&amp;rtpof=true&amp;sd=true\" target=\"_blank\"><strong>Formulario de solicitud de fondos aprobados<\/strong><\/a><\/td><td class=\"has-text-align-center\" data-align=\"center\"><a rel=\"noreferrer noopener\" href=\"https:\/\/docs.google.com\/document\/d\/1A1ZpmVN6YX8K1YQnuMVIx_i4xY67lTYo\/edit?usp=drive_link&amp;ouid=102264622104240238662&amp;rtpof=true&amp;sd=true\" target=\"_blank\"><strong>Carta Compromiso de Solicitud Fondos Aprobados<\/strong><\/a><\/td><td class=\"has-text-align-center\" data-align=\"center\"><a rel=\"noreferrer noopener\" href=\"https:\/\/docs.google.com\/document\/d\/1_wTg6lWa6waK1_Xv1En4aF-tt89jPn3u\/edit?usp=drive_link&amp;ouid=102264622104240238662&amp;rtpof=true&amp;sd=true\" target=\"_blank\"><strong>Formato para rendici\u00f3n<\/strong><\/a><br><a rel=\"noreferrer noopener\" href=\"https:\/\/docs.google.com\/document\/d\/1_wTg6lWa6waK1_Xv1En4aF-tt89jPn3u\/edit?usp=drive_link&amp;ouid=102264622104240238662&amp;rtpof=true&amp;sd=true\" target=\"_blank\"><strong>de cuentas <\/strong><\/a><\/td><\/tr><\/tbody><\/table><\/figure>\n\n\n\n<hr class=\"wp-block-separator has-alpha-channel-opacity\"\/>\n\n\n\n<p class=\"has-text-align-center has-black-color has-cyan-bluish-gray-background-color has-text-color has-background has-link-color has-medium-font-size wp-elements-56fbe7c8ef9e775dc9002e4eafd26b60\"><strong>Proyectos de Asistencia T\u00e9cnica Aprobados para el a\u00f1o 2025<\/strong><\/p>\n\n\n\n<figure class=\"wp-block-table is-style-stripes\"><table><tbody><tr><td class=\"has-text-align-center\" data-align=\"center\"><strong>Id.<\/strong><\/td><td class=\"has-text-align-center\" data-align=\"center\"><strong>Pa\u00eds\/Pa\u00edses<\/strong><br><strong>participantes<\/strong><\/td><td class=\"has-text-align-center\" data-align=\"center\"><strong>Proyecto<\/strong><\/td><td class=\"has-text-align-center\" data-align=\"center\"><strong>Responsable<\/strong><\/td><td class=\"has-text-align-center\" data-align=\"center\"><strong>Tipo de iniciativa<\/strong><\/td><td class=\"has-text-align-center\" data-align=\"center\"><strong>Comisi\u00f3n<\/strong><\/td><td class=\"has-text-align-center\" data-align=\"center\"><strong>Aporte por Comisi\u00f3n<\/strong><\/td><td class=\"has-text-align-center\" data-align=\"center\"><strong>Total<\/strong><br><strong>USD<\/strong><\/td><\/tr><tr><td class=\"has-text-align-center\" data-align=\"center\"><strong>CART-01<\/strong><\/td><td class=\"has-text-align-center\" data-align=\"center\">ARGENTINA\/<br>Brasil, Chile, Ecuador y<br>Uruguay<\/td><td class=\"has-text-align-center\" data-align=\"center\">Taller regional de informaci\u00f3n<br>geoespacial para la gesti\u00f3n del riesgo<br>de desastres<\/td><td class=\"has-text-align-center\" data-align=\"center\">Ana Paula Micou<\/td><td class=\"has-text-align-center\" data-align=\"center\">Capacitaci\u00f3n \/Taller<\/td><td class=\"has-text-align-center\" data-align=\"center\">Cartograf\u00eda<\/td><td class=\"has-text-align-center\" data-align=\"center\">4,000<\/td><td class=\"has-text-align-center\" data-align=\"center\"><strong>4,000<\/strong><\/td><\/tr><tr><td class=\"has-text-align-center\" data-align=\"center\"><strong>CART-02<\/strong><\/td><td class=\"has-text-align-center\" data-align=\"center\">CHILE\/<br>Argentina, Belice,<br>Bolivia, Brasil, Colombia,<br>Costa Rica, Ecuador, El<br>Salvador, Estados<br>Unidos, Guatemala,<br>Hait\u00ed, Honduras, M\u00e9xico,<br>Nicaragua, Panam\u00e1,<br>Paraguay, Per\u00fa,<br>Rep\u00fablica Dominicana,<br>Uruguay y Venezuela<\/td><td class=\"has-text-align-center\" data-align=\"center\">Seminario internacional para el<br>intercambio de buenas pr\u00e1cticas en<br>administraci\u00f3n de tierras<\/td><td class=\"has-text-align-center\" data-align=\"center\">Mar\u00eda Silvia<br>C\u00e9spedes<br>Sep\u00falveda<\/td><td class=\"has-text-align-center\" data-align=\"center\">Capacitaci\u00f3n<br>\/Seminario<\/td><td class=\"has-text-align-center\" data-align=\"center\">Cartograf\u00eda<\/td><td class=\"has-text-align-center\" data-align=\"center\">4,150<\/td><td class=\"has-text-align-center\" data-align=\"center\"><strong>4,150<\/strong><\/td><\/tr><tr><td class=\"has-text-align-center\" data-align=\"center\"><strong>GEOG-01<\/strong><\/td><td class=\"has-text-align-center\" data-align=\"center\">CHILE&nbsp;\/<br>Colombia, Costa Rica,<br>Estados Unidos y M\u00e9xico<\/td><td class=\"has-text-align-center\" data-align=\"center\">Construcci\u00f3n de mapas decisionales para la gesti\u00f3n del riesgo de desastre<\/td><td class=\"has-text-align-center\" data-align=\"center\">Gloria del Carmen<br>Naranjo Ram\u00edrez<\/td><td class=\"has-text-align-center\" data-align=\"center\">Investigaci\u00f3n<\/td><td class=\"has-text-align-center\" data-align=\"center\">Geograf\u00eda<\/td><td class=\"has-text-align-center\" data-align=\"center\">3,000<\/td><td class=\"has-text-align-center\" data-align=\"center\"><strong>3,000<\/strong><\/td><\/tr><tr><td class=\"has-text-align-center\" data-align=\"center\"><strong>GEOG-02<\/strong><\/td><td class=\"has-text-align-center\" data-align=\"center\">COLOMBIA\/<br>Argentina, Bolivia,<br>Brasil, Per\u00fa y M\u00e9xico<\/td><td class=\"has-text-align-center\" data-align=\"center\">Fortalecimiento de las capacidades para<br>la investigaci\u00f3n y acci\u00f3n sobre los eventos clim\u00e1ticos adversos: Serie de<br>capacitaciones de la red de<br>investigadores de cambio clim\u00e1tico de las Am\u00e9ricas (RICCA)<\/td><td class=\"has-text-align-center\" data-align=\"center\">Oscar Luis<br>Pyszczek<\/td><td class=\"has-text-align-center\" data-align=\"center\">Capacitaci\u00f3n<br>\/Curso<\/td><td class=\"has-text-align-center\" data-align=\"center\">Geograf\u00eda<\/td><td class=\"has-text-align-center\" data-align=\"center\">4,000<\/td><td class=\"has-text-align-center\" data-align=\"center\"><strong>4,000<\/strong><\/td><\/tr><tr><td class=\"has-text-align-center\" data-align=\"center\"><strong>GEOG-03<\/strong><\/td><td class=\"has-text-align-center\" data-align=\"center\">COLOMBIA\/<br>Bolivia, Brasil, Chile,<br>Ecuador, Estados<br>Unidos, Guatemala,<br>M\u00e9xico, Per\u00fa, Rep\u00fablica<br>Dominicana y Venezuela<\/td><td class=\"has-text-align-center\" data-align=\"center\">II Conferencia tem\u00e1tica geograf\u00edas de la paz &#8220;La liminidad de la paz y la guerra: territorios y cuerpos de sacrificios en Am\u00e9ricas y el Caribe&#8221;<\/td><td class=\"has-text-align-center\" data-align=\"center\">Juan Manuel<br>Delgado Estrada<\/td><td class=\"has-text-align-center\" data-align=\"center\">Capacitaci\u00f3n\/<br>Seminario<\/td><td class=\"has-text-align-center\" data-align=\"center\">Geograf\u00eda<\/td><td class=\"has-text-align-center\" data-align=\"center\">3,000<\/td><td class=\"has-text-align-center\" data-align=\"center\"><strong>3,000<\/strong><\/td><\/tr><tr><td class=\"has-text-align-center\" data-align=\"center\"><strong>HIST-01<\/strong><\/td><td class=\"has-text-align-center\" data-align=\"center\">CHILE\/<br>Ecuador y Per\u00fa<\/td><td class=\"has-text-align-center\" data-align=\"center\">Conciencia mar\u00edtima e identidades sociales en Chile, Per\u00fa y Ecuador<\/td><td class=\"has-text-align-center\" data-align=\"center\">Rodrigo Am\u00edlcar<br>Moreno Jeria<\/td><td class=\"has-text-align-center\" data-align=\"center\">Semilla<\/td><td class=\"has-text-align-center\" data-align=\"center\">Historia<\/td><td class=\"has-text-align-center\" data-align=\"center\">4,000<\/td><td class=\"has-text-align-center\" data-align=\"center\"><strong>4,000<\/strong><\/td><\/tr><tr><td class=\"has-text-align-center\" data-align=\"center\"><strong>HIST-02<\/strong><\/td><td class=\"has-text-align-center\" data-align=\"center\">M\u00c9XICO\/<br>Argentina<\/td><td class=\"has-text-align-center\" data-align=\"center\">Mujeres en la diplomacia y los circuitos pol\u00edticos internacionales, 1914-1945<\/td><td class=\"has-text-align-center\" data-align=\"center\">Alexandra Cristina<br>Pita Gonz\u00e1lez<\/td><td class=\"has-text-align-center\" data-align=\"center\">Investigaci\u00f3n<\/td><td class=\"has-text-align-center\" data-align=\"center\">Historia<\/td><td class=\"has-text-align-center\" data-align=\"center\">4,500<\/td><td class=\"has-text-align-center\" data-align=\"center\"><strong>4,500<\/strong><\/td><\/tr><tr><td class=\"has-text-align-center\" data-align=\"center\"><strong>HIST-03<\/strong><\/td><td class=\"has-text-align-center\" data-align=\"center\">REP\u00daBLICA<br>DOMINICANA\/<br>Hait\u00ed<\/td><td class=\"has-text-align-center\" data-align=\"center\">Plantas medicinales de las dos colonias de la isla de Santo Domingo. Estudio etnohist\u00f3rico comparativo<\/td><td class=\"has-text-align-center\" data-align=\"center\">F\u00e1tima Portorreal<br>Lirianoa<\/td><td class=\"has-text-align-center\" data-align=\"center\">Investigaci\u00f3n<\/td><td class=\"has-text-align-center\" data-align=\"center\">Historia<\/td><td class=\"has-text-align-center\" data-align=\"center\">5,000<\/td><td class=\"has-text-align-center\" data-align=\"center\"><strong>5,000<\/strong><\/td><\/tr><tr><td class=\"has-text-align-center\" data-align=\"center\"><strong>GEOF-01<\/strong><\/td><td class=\"has-text-align-center\" data-align=\"center\">ECUADOR\/<br>Chile, Brasil, M\u00e9xico y<br>Uruguay<\/td><td class=\"has-text-align-center\" data-align=\"center\">Portal panamericano de patrimonio geol\u00f3gico para ni\u00f1os<\/td><td class=\"has-text-align-center\" data-align=\"center\">Geovanna Patricia<br>Villacreses<br>Rivadeneira<\/td><td class=\"has-text-align-center\" data-align=\"center\">Semilla<\/td><td class=\"has-text-align-center\" data-align=\"center\">Geof\u00edsica<\/td><td class=\"has-text-align-center\" data-align=\"center\">2,300<\/td><td class=\"has-text-align-center\" data-align=\"center\"><strong>2,300<\/strong><\/td><\/tr><tr><td class=\"has-text-align-center\" data-align=\"center\"><strong>GEOF-02<\/strong><\/td><td class=\"has-text-align-center\" data-align=\"center\">M\u00c9XICO\/<br>Nicaragua<\/td><td class=\"has-text-align-center\" data-align=\"center\">Caracterizaci\u00f3n gravim\u00e9trica de dos<br>zonas de subducci\u00f3n: M\u00e9xico y<br>Nicaragua<\/td><td class=\"has-text-align-center\" data-align=\"center\">Elsa Leticia Flores<br>M\u00e1rquez<\/td><td class=\"has-text-align-center\" data-align=\"center\">Investigaci\u00f3n<\/td><td class=\"has-text-align-center\" data-align=\"center\">Geof\u00edsica<\/td><td class=\"has-text-align-center\" data-align=\"center\">6,000<\/td><td class=\"has-text-align-center\" data-align=\"center\"><strong>6,000<\/strong><\/td><\/tr><tr><td class=\"has-text-align-center\" data-align=\"center\"><\/td><td class=\"has-text-align-center\" data-align=\"center\"><\/td><td class=\"has-text-align-center\" data-align=\"center\"><\/td><td class=\"has-text-align-center\" data-align=\"center\"><\/td><td class=\"has-text-align-center\" data-align=\"center\"><\/td><td class=\"has-text-align-center\" data-align=\"center\"><\/td><td class=\"has-text-align-center\" data-align=\"center\"><\/td><td class=\"has-text-align-center\" data-align=\"center\"><\/td><\/tr><\/tbody><\/table><\/figure>\n","protected":false},"excerpt":{"rendered":"<p>Normativa del Programa de Asistencia T\u00e9cnica Formulario de solicitud de fondos aprobados Carta Compromiso de Solicitud Fondos Aprobados Formato para rendici\u00f3nde cuentas Proyectos de Asistencia T\u00e9cnica Aprobados para el a\u00f1o 2025 Id. Pa\u00eds\/Pa\u00edsesparticipantes Proyecto Responsable Tipo de iniciativa Comisi\u00f3n Aporte por Comisi\u00f3n TotalUSD CART-01 ARGENTINA\/Brasil, Chile, Ecuador yUruguay Taller regional de informaci\u00f3ngeoespacial para la gesti\u00f3n <a class=\"read-more\" href=\"https:\/\/www.ipgh.org\/en\/?page_id=9896\">READ MORE<\/a><\/p>\n","protected":false},"author":1,"featured_media":0,"parent":0,"menu_order":0,"comment_status":"closed","ping_status":"closed","template":"","meta":{"footnotes":""},"_links":{"self":[{"href":"https:\/\/www.ipgh.org\/en\/index.php?rest_route=\/wp\/v2\/pages\/9896"}],"collection":[{"href":"https:\/\/www.ipgh.org\/en\/index.php?rest_route=\/wp\/v2\/pages"}],"about":[{"href":"https:\/\/www.ipgh.org\/en\/index.php?rest_route=\/wp\/v2\/types\/page"}],"author":[{"embeddable":true,"href":"https:\/\/www.ipgh.org\/en\/index.php?rest_route=\/wp\/v2\/users\/1"}],"replies":[{"embeddable":true,"href":"https:\/\/www.ipgh.org\/en\/index.php?rest_route=%2Fwp%2Fv2%2Fcomments&post=9896"}],"version-history":[{"count":15,"href":"https:\/\/www.ipgh.org\/en\/index.php?rest_route=\/wp\/v2\/pages\/9896\/revisions"}],"predecessor-version":[{"id":10111,"href":"https:\/\/www.ipgh.org\/en\/index.php?rest_route=\/wp\/v2\/pages\/9896\/revisions\/10111"}],"wp:attachment":[{"href":"https:\/\/www.ipgh.org\/en\/index.php?rest_route=%2Fwp%2Fv2%2Fmedia&parent=9896"}],"curies":[{"name":"wp","href":"https:\/\/api.w.org\/{rel}","templated":true}]}}