{"id":10005,"date":"2025-01-21T11:58:01","date_gmt":"2025-01-21T17:58:01","guid":{"rendered":"https:\/\/www.ipgh.org\/mx\/?page_id=10005"},"modified":"2025-01-21T12:09:48","modified_gmt":"2025-01-21T18:09:48","slug":"101%e1%b5%83-reunion-de-autoridades-2","status":"publish","type":"page","link":"https:\/\/www.ipgh.org\/mx\/?page_id=10005","title":{"rendered":"102\u1d43 Reuni\u00f3n de Autoridades"},"content":{"rendered":"\n<div style=\"height:15px\" aria-hidden=\"true\" class=\"wp-block-spacer\"><\/div>\n\n\n\n<p>El d\u00eda 18 de noviembre de 2024, se llev\u00f3 a cabo la CII Reuni\u00f3n de Autoridades del Instituto Panamericano de Geograf\u00eda e Historia, en las instalaciones del Instituto Geogr\u00e1fico Militar (IGM) de Chile, que en esta ocasi\u00f3n fue el pa\u00eds anfitri\u00f3n de las reuniones estatutarias de este organismo internacional. Con un c\u00e1lido recibimiento el Coronel Carlos Prado Casanova, Presidente de la Secci\u00f3n Nacional de Chile y Director del IGM.<\/p>\n\n\n\n<p>La agenda de trabajo de dicha reuni\u00f3n incluy\u00f3 la revisi\u00f3n de las resoluciones que ser\u00e1n presentadas a la 25<strong>\u00aa<\/strong> Asamblea General del IPGH con el fin continuar en el objetivo de seguir consolidando el impacto de esta organizaci\u00f3n en beneficio de sus Estados Miembros.<\/p>\n\n\n\n<div style=\"height:15px\" aria-hidden=\"true\" class=\"wp-block-spacer\"><\/div>\n\n\n\n<hr class=\"wp-block-separator has-alpha-channel-opacity\"\/>\n\n\n\n<p><\/p>\n\n\n\n<figure class=\"wp-block-image size-large\"><img decoding=\"async\" loading=\"lazy\" width=\"1024\" height=\"579\" src=\"https:\/\/www.ipgh.org\/mx\/wp-content\/uploads\/2025\/01\/467716963_894615432849471_1019934463309276601_n-1024x579.jpg\" alt=\"\" class=\"wp-image-10011\" srcset=\"https:\/\/www.ipgh.org\/mx\/wp-content\/uploads\/2025\/01\/467716963_894615432849471_1019934463309276601_n-1024x579.jpg 1024w, https:\/\/www.ipgh.org\/mx\/wp-content\/uploads\/2025\/01\/467716963_894615432849471_1019934463309276601_n-300x170.jpg 300w, https:\/\/www.ipgh.org\/mx\/wp-content\/uploads\/2025\/01\/467716963_894615432849471_1019934463309276601_n-768x434.jpg 768w, https:\/\/www.ipgh.org\/mx\/wp-content\/uploads\/2025\/01\/467716963_894615432849471_1019934463309276601_n.jpg 1440w\" sizes=\"(max-width: 1024px) 100vw, 1024px\" \/><\/figure>\n","protected":false},"excerpt":{"rendered":"<p>El d\u00eda 18 de noviembre de 2024, se llev\u00f3 a cabo la CII Reuni\u00f3n de Autoridades del Instituto Panamericano de Geograf\u00eda e Historia, en las instalaciones del Instituto Geogr\u00e1fico Militar (IGM) de Chile, que en esta ocasi\u00f3n fue el pa\u00eds anfitri\u00f3n de las reuniones estatutarias de este organismo internacional. Con un c\u00e1lido recibimiento el Coronel <a class=\"read-more\" href=\"https:\/\/www.ipgh.org\/mx\/?page_id=10005\">LEER M\u00c1S<\/a><\/p>\n","protected":false},"author":1,"featured_media":0,"parent":0,"menu_order":0,"comment_status":"closed","ping_status":"closed","template":"","meta":{"footnotes":""},"_links":{"self":[{"href":"https:\/\/www.ipgh.org\/mx\/index.php?rest_route=\/wp\/v2\/pages\/10005"}],"collection":[{"href":"https:\/\/www.ipgh.org\/mx\/index.php?rest_route=\/wp\/v2\/pages"}],"about":[{"href":"https:\/\/www.ipgh.org\/mx\/index.php?rest_route=\/wp\/v2\/types\/page"}],"author":[{"embeddable":true,"href":"https:\/\/www.ipgh.org\/mx\/index.php?rest_route=\/wp\/v2\/users\/1"}],"replies":[{"embeddable":true,"href":"https:\/\/www.ipgh.org\/mx\/index.php?rest_route=%2Fwp%2Fv2%2Fcomments&post=10005"}],"version-history":[{"count":2,"href":"https:\/\/www.ipgh.org\/mx\/index.php?rest_route=\/wp\/v2\/pages\/10005\/revisions"}],"predecessor-version":[{"id":10012,"href":"https:\/\/www.ipgh.org\/mx\/index.php?rest_route=\/wp\/v2\/pages\/10005\/revisions\/10012"}],"wp:attachment":[{"href":"https:\/\/www.ipgh.org\/mx\/index.php?rest_route=%2Fwp%2Fv2%2Fmedia&parent=10005"}],"curies":[{"name":"wp","href":"https:\/\/api.w.org\/{rel}","templated":true}]}}