{"id":10251,"date":"2025-03-03T09:21:30","date_gmt":"2025-03-03T15:21:30","guid":{"rendered":"https:\/\/www.ipgh.org\/mx\/?page_id=10251"},"modified":"2025-10-14T11:46:10","modified_gmt":"2025-10-14T17:46:10","slug":"diciembre-2025","status":"publish","type":"page","link":"https:\/\/www.ipgh.org\/mx\/?page_id=10251","title":{"rendered":"Diciembre 2025"},"content":{"rendered":"\n<div style=\"height:15px\" aria-hidden=\"true\" class=\"wp-block-spacer\"><\/div>\n\n\n\n<p class=\"has-black-color has-text-color has-link-color has-large-font-size wp-elements-c836c41b367ed0daceba108584aed082\"><strong>11<\/strong><\/p>\n\n\n\n<p class=\"has-luminous-vivid-orange-color has-text-color has-link-color has-medium-font-size wp-elements-c421cc09446bcadd16fb4e11e7f8a4ee\"><strong>Conversatorio sobre los campos de batalla de Jun\u00edn y Ayacucho<\/strong><\/p>\n\n\n\n<div style=\"height:15px\" aria-hidden=\"true\" class=\"wp-block-spacer\"><\/div>\n\n\n\n<p class=\"has-black-color has-text-color has-link-color wp-elements-15cb7657f9a150efa53cf5de67c066dc\" style=\"font-size:18px\">El Palacio Sede del Instituto Panamericano de Geograf\u00eda e Historia alberg\u00f3 un importante evento acad\u00e9mico, el Conversatorio \u201cLos campos de batalla de Jun\u00edn y Ayacucho; la arqueolog\u00eda y la historia cobran vida a trav\u00e9s de sus protagonistas\u201d.<\/p>\n\n\n\n<p class=\"has-black-color has-text-color has-link-color wp-elements-3e3477bf326786423762a1460e1f014d\" style=\"font-size:18px\">Evento organizado por la Embajada del Per\u00fa en M\u00e9xico en el marco del Bicentenario de la Consolidaci\u00f3n de su Independencia.<\/p>\n\n\n\n<p class=\"has-black-color has-text-color has-link-color wp-elements-6fcae9499e52e2608240e03f41dc7ed9\" style=\"font-size:18px\">El Conversatorio cont\u00f3 con la participaci\u00f3n de destacados historiadores provenientes de otros Estados Miembros, tales como Argentina, Chile y Colombia, quienes disertaron sobre la trascendencia de la Batalla de Jun\u00edn y Ayacucho como hito culminante de la independencia peruana.<\/p>\n\n\n\n<p class=\"has-black-color has-text-color has-link-color wp-elements-e5f246cc88bc9d922c7fd1295a076087\" style=\"font-size:18px\">El programa estuvo dividido en dos segmentos. En el primero, tuvimos la participaci\u00f3n de la Dra. Natalia Sobrevilla Perea, investigadora independiente y de la Mtra. Milena Vega Centeno Alzamora, de la Comisi\u00f3n de Historia de la Secci\u00f3n Nacional del IPGH en Per\u00fa, y como moderadores, la Ministra Consejera de la Embajada de Per\u00fa en M\u00e9xico, Yesica Fonseca y el Mtro. Antonio Campuzano Rosales, Secretario General del IPGH. El di\u00e1logo acad\u00e9mico entre estas personalidades brind\u00f3 una perspectiva clara e ilustrativa sobre la trascendencia del hecho hist\u00f3rico de la batalla mencionada para Per\u00fa y para la regi\u00f3n.<\/p>\n\n\n\n<p class=\"has-black-color has-text-color has-link-color wp-elements-175b2bdc55aabc30e4ac1a876d32f706\" style=\"font-size:18px\">El segundo segmento de este Conversatorio, en modo h\u00edbrido, fue moderado por el Ministro Sebasti\u00e1n Lara, de la Embajada de Chile en M\u00e9xico y cont\u00f3 con las aportaciones de historiadores provenientes de Argentina, Dr. Gabriel Di Meglio (Universidad de Buenos Aires); de Chile, Dr. Cristi\u00e1n Guerrero Lira (Universidad de Chile); y de Colombia, Dr. Eduardo Correa (Universidad Nacional Aut\u00f3noma de M\u00e9xico). El intercambio de ideas de los invitados, aportaron luz sobre la importancia que tienen los hechos que llevaron a la consolidaci\u00f3n de la independencia peruana.<\/p>\n\n\n\n<p class=\"has-black-color has-text-color has-link-color wp-elements-5717b95edfcd365cfd60e88bcb5570b0\" style=\"font-size:18px\">El IPGH refrenda su compromiso con la producci\u00f3n y difusi\u00f3n del conocimiento cient\u00edfico a trav\u00e9s de la organizaci\u00f3n y apoyo de eventos acad\u00e9micos como este.<\/p>\n\n\n\n<div style=\"height:15px\" aria-hidden=\"true\" class=\"wp-block-spacer\"><\/div>\n\n\n\n<div class=\"wp-block-columns is-layout-flex wp-container-4 wp-block-columns-is-layout-flex\">\n<div class=\"wp-block-column is-layout-flow wp-block-column-is-layout-flow\">\n<figure class=\"wp-block-image size-large is-resized\"><img decoding=\"async\" loading=\"lazy\" src=\"https:\/\/www.ipgh.org\/mx\/wp-content\/uploads\/2025\/03\/469824107_909564511354563_8491751053904271683_n-1024x579.jpg\" alt=\"\" class=\"wp-image-10253\" style=\"width:372px;height:210px\" width=\"372\" height=\"210\" srcset=\"https:\/\/www.ipgh.org\/mx\/wp-content\/uploads\/2025\/03\/469824107_909564511354563_8491751053904271683_n-1024x579.jpg 1024w, https:\/\/www.ipgh.org\/mx\/wp-content\/uploads\/2025\/03\/469824107_909564511354563_8491751053904271683_n-300x170.jpg 300w, https:\/\/www.ipgh.org\/mx\/wp-content\/uploads\/2025\/03\/469824107_909564511354563_8491751053904271683_n-768x434.jpg 768w, https:\/\/www.ipgh.org\/mx\/wp-content\/uploads\/2025\/03\/469824107_909564511354563_8491751053904271683_n-1536x869.jpg 1536w, https:\/\/www.ipgh.org\/mx\/wp-content\/uploads\/2025\/03\/469824107_909564511354563_8491751053904271683_n.jpg 2048w\" sizes=\"(max-width: 372px) 100vw, 372px\" \/><\/figure>\n<\/div>\n\n\n\n<div class=\"wp-block-column is-layout-flow wp-block-column-is-layout-flow\">\n<figure class=\"wp-block-image size-large is-resized\"><img decoding=\"async\" loading=\"lazy\" src=\"https:\/\/www.ipgh.org\/mx\/wp-content\/uploads\/2025\/03\/470069030_909564574687890_7276186094957958065_n-1024x579.jpg\" alt=\"\" class=\"wp-image-10254\" style=\"width:377px;height:213px\" width=\"377\" height=\"213\" srcset=\"https:\/\/www.ipgh.org\/mx\/wp-content\/uploads\/2025\/03\/470069030_909564574687890_7276186094957958065_n-1024x579.jpg 1024w, https:\/\/www.ipgh.org\/mx\/wp-content\/uploads\/2025\/03\/470069030_909564574687890_7276186094957958065_n-300x170.jpg 300w, https:\/\/www.ipgh.org\/mx\/wp-content\/uploads\/2025\/03\/470069030_909564574687890_7276186094957958065_n-768x434.jpg 768w, https:\/\/www.ipgh.org\/mx\/wp-content\/uploads\/2025\/03\/470069030_909564574687890_7276186094957958065_n-1536x869.jpg 1536w, https:\/\/www.ipgh.org\/mx\/wp-content\/uploads\/2025\/03\/470069030_909564574687890_7276186094957958065_n.jpg 2048w\" sizes=\"(max-width: 377px) 100vw, 377px\" \/><\/figure>\n<\/div>\n\n\n\n<div class=\"wp-block-column is-layout-flow wp-block-column-is-layout-flow\">\n<figure class=\"wp-block-image size-large is-resized\"><img decoding=\"async\" loading=\"lazy\" src=\"https:\/\/www.ipgh.org\/mx\/wp-content\/uploads\/2025\/03\/470064679_909564544687893_2721704820756159913_n-1024x579.jpg\" alt=\"\" class=\"wp-image-10255\" style=\"width:375px;height:212px\" width=\"375\" height=\"212\" srcset=\"https:\/\/www.ipgh.org\/mx\/wp-content\/uploads\/2025\/03\/470064679_909564544687893_2721704820756159913_n-1024x579.jpg 1024w, https:\/\/www.ipgh.org\/mx\/wp-content\/uploads\/2025\/03\/470064679_909564544687893_2721704820756159913_n-300x170.jpg 300w, https:\/\/www.ipgh.org\/mx\/wp-content\/uploads\/2025\/03\/470064679_909564544687893_2721704820756159913_n-768x434.jpg 768w, https:\/\/www.ipgh.org\/mx\/wp-content\/uploads\/2025\/03\/470064679_909564544687893_2721704820756159913_n-1536x869.jpg 1536w, https:\/\/www.ipgh.org\/mx\/wp-content\/uploads\/2025\/03\/470064679_909564544687893_2721704820756159913_n.jpg 2048w\" sizes=\"(max-width: 375px) 100vw, 375px\" \/><\/figure>\n<\/div>\n<\/div>\n\n\n\n<div style=\"height:20px\" aria-hidden=\"true\" class=\"wp-block-spacer\"><\/div>\n\n\n\n<p class=\"has-luminous-vivid-orange-color has-text-color has-link-color has-medium-font-size wp-elements-7f277c2a79505c6088599ec9b49bb4a7\"><strong>Entrega de las <em>Obras del Inca Garcilaso de la Vega<\/em> al IPGH<\/strong><\/p>\n\n\n\n<div style=\"height:15px\" aria-hidden=\"true\" class=\"wp-block-spacer\"><\/div>\n\n\n\n<p class=\"has-black-color has-text-color has-link-color wp-elements-f3a417448b503e3acc29d198efd735d2\" style=\"font-size:18px\">En el marco de la realizaci\u00f3n del Conversatorio \u201cLos campos de batalla de Jun\u00edn y Ayacucho; la arqueolog\u00eda y la historia cobran vida a trav\u00e9s de sus protagonistas\u201d, en el Palacio Sede del Instituto Panamericano de Geograf\u00eda e Historia, se llev\u00f3 a cabo la entrega de las \u201cObras completas\u201d del Inca Garcilaso de la Vega.<\/p>\n\n\n\n<p class=\"has-black-color has-text-color has-link-color wp-elements-7fcc0daf1c20faf02c51288697fb5504\" style=\"font-size:18px\">De manos de la Ministra Consejera de la Embajada de Per\u00fa en M\u00e9xico, Yesica Fonseca, el Mtro. Antonio Campuzano Rosales, Secretario General del IPGH recibi\u00f3 con gran gusto los ejemplares de esta magna obra publicada por el Ministerio de Relaciones Internacionales a trav\u00e9s del Centro Cultural Inca Garcilaso de Per\u00fa.<\/p>\n\n\n\n<p class=\"has-black-color has-text-color has-link-color wp-elements-0237ef811863bca0fa8531c0d52773a6\" style=\"font-size:18px\">Para el IPGH esta donaci\u00f3n representa un valioso aporte a su acervo bibliogr\u00e1fico, pues la obra del Inca Garcilaso de la Vega es fundamental para entender el descubrimiento y conquista de Per\u00fa. Por otro lado, este acto es simb\u00f3lico debido a que el retrato al \u00f3leo de este personaje forma parte de la Galer\u00eda de Historiadores y Ge\u00f3grafos de Am\u00e9rica del IPGH.<\/p>\n\n\n\n<div style=\"height:15px\" aria-hidden=\"true\" class=\"wp-block-spacer\"><\/div>\n\n\n<div class=\"wp-block-image\">\n<figure class=\"aligncenter size-large is-resized\"><img decoding=\"async\" loading=\"lazy\" src=\"https:\/\/www.ipgh.org\/mx\/wp-content\/uploads\/2025\/03\/469883720_909566808021000_6029069546781293565_n-1024x579.jpg\" alt=\"\" class=\"wp-image-10252\" style=\"width:769px;height:435px\" width=\"769\" height=\"435\" srcset=\"https:\/\/www.ipgh.org\/mx\/wp-content\/uploads\/2025\/03\/469883720_909566808021000_6029069546781293565_n-1024x579.jpg 1024w, https:\/\/www.ipgh.org\/mx\/wp-content\/uploads\/2025\/03\/469883720_909566808021000_6029069546781293565_n-300x170.jpg 300w, https:\/\/www.ipgh.org\/mx\/wp-content\/uploads\/2025\/03\/469883720_909566808021000_6029069546781293565_n-768x434.jpg 768w, https:\/\/www.ipgh.org\/mx\/wp-content\/uploads\/2025\/03\/469883720_909566808021000_6029069546781293565_n-1536x869.jpg 1536w, https:\/\/www.ipgh.org\/mx\/wp-content\/uploads\/2025\/03\/469883720_909566808021000_6029069546781293565_n.jpg 2048w\" sizes=\"(max-width: 769px) 100vw, 769px\" \/><\/figure><\/div>\n\n\n<div style=\"height:14px\" aria-hidden=\"true\" class=\"wp-block-spacer\"><\/div>\n\n\n\n<hr class=\"wp-block-separator has-text-color has-luminous-vivid-orange-color has-alpha-channel-opacity has-luminous-vivid-orange-background-color has-background\"\/>\n\n\n\n<div style=\"height:10px\" aria-hidden=\"true\" class=\"wp-block-spacer\"><\/div>\n\n\n\n<div class=\"wp-block-buttons is-content-justification-right is-layout-flex wp-container-5 wp-block-buttons-is-layout-flex\">\n<div class=\"wp-block-button\"><a class=\"wp-block-button__link has-white-color has-luminous-vivid-orange-background-color has-text-color has-background has-link-color wp-element-button\" href=\"https:\/\/www.ipgh.org\/mx\/?page_id=7623\">Regresar<\/a><\/div>\n<\/div>\n","protected":false},"excerpt":{"rendered":"<p>11 Conversatorio sobre los campos de batalla de Jun\u00edn y Ayacucho El Palacio Sede del Instituto Panamericano de Geograf\u00eda e Historia alberg\u00f3 un importante evento acad\u00e9mico, el Conversatorio \u201cLos campos de batalla de Jun\u00edn y Ayacucho; la arqueolog\u00eda y la historia cobran vida a trav\u00e9s de sus protagonistas\u201d. Evento organizado por la Embajada del Per\u00fa <a class=\"read-more\" href=\"https:\/\/www.ipgh.org\/mx\/?page_id=10251\">LEER M\u00c1S<\/a><\/p>\n","protected":false},"author":1,"featured_media":0,"parent":0,"menu_order":0,"comment_status":"closed","ping_status":"closed","template":"","meta":{"footnotes":""},"_links":{"self":[{"href":"https:\/\/www.ipgh.org\/mx\/index.php?rest_route=\/wp\/v2\/pages\/10251"}],"collection":[{"href":"https:\/\/www.ipgh.org\/mx\/index.php?rest_route=\/wp\/v2\/pages"}],"about":[{"href":"https:\/\/www.ipgh.org\/mx\/index.php?rest_route=\/wp\/v2\/types\/page"}],"author":[{"embeddable":true,"href":"https:\/\/www.ipgh.org\/mx\/index.php?rest_route=\/wp\/v2\/users\/1"}],"replies":[{"embeddable":true,"href":"https:\/\/www.ipgh.org\/mx\/index.php?rest_route=%2Fwp%2Fv2%2Fcomments&post=10251"}],"version-history":[{"count":3,"href":"https:\/\/www.ipgh.org\/mx\/index.php?rest_route=\/wp\/v2\/pages\/10251\/revisions"}],"predecessor-version":[{"id":11502,"href":"https:\/\/www.ipgh.org\/mx\/index.php?rest_route=\/wp\/v2\/pages\/10251\/revisions\/11502"}],"wp:attachment":[{"href":"https:\/\/www.ipgh.org\/mx\/index.php?rest_route=%2Fwp%2Fv2%2Fmedia&parent=10251"}],"curies":[{"name":"wp","href":"https:\/\/api.w.org\/{rel}","templated":true}]}}