{"id":10550,"date":"2025-04-07T15:08:08","date_gmt":"2025-04-07T21:08:08","guid":{"rendered":"https:\/\/www.ipgh.org\/mx\/?page_id=10550"},"modified":"2025-04-07T15:30:58","modified_gmt":"2025-04-07T21:30:58","slug":"plan-de-accion-conjunto-2","status":"publish","type":"page","link":"https:\/\/www.ipgh.org\/mx\/?page_id=10550","title":{"rendered":"Agenda Panamericana"},"content":{"rendered":"\n<p id=\"u22596854-39\">\u00a0<\/p>\n\n\n\n<p>La Agenda Panamericana 2023-2030 del Instituto Panamericano de Geograf\u00eda e Historia se encuadra en el marco de los 17<br>Objetivos de Desarrollo Sostenible de la Organizaci\u00f3n de las Naciones Unidas y en las Resoluciones adoptadas por el Comit\u00e9 de Expertos de<br>Naciones Unidas sobre Gesti\u00f3n Global de Informaci\u00f3n Geoespacial (UN-GGIM).<br><\/p>\n\n\n\n<p>Asimismo, se fundamenta en la Carta de la Organizaci\u00f3n de los Estados Americanos y en el Marco de Sendai para la Reducci\u00f3n del Riesgo de<br>Desastres 2015-2030, adoptado en la Tercera Conferencia Mundial de las Naciones Unidas celebrada en Sendai (Jap\u00f3n) en 2015. Tambi\u00e9n interact\u00faa con la informaci\u00f3n emitida por el Grupo Intergubernamental de Expertos sobre el Cambio Clim\u00e1tico (IPCC) desde 1988.<\/p>\n\n\n<div class=\"wp-block-image\">\n<figure class=\"aligncenter size-large is-resized\"><a href=\"https:\/\/drive.google.com\/file\/d\/13LvLlUqJx-JU1chpTElpAQULMTFXdn4E\/view?usp=sharing\" target=\"_blank\" rel=\"noreferrer noopener\"><img decoding=\"async\" loading=\"lazy\" src=\"https:\/\/www.ipgh.org\/mx\/wp-content\/uploads\/2025\/04\/Agenda-Panamericana_2023_2030_final-1-791x1024.jpg\" alt=\"\" class=\"wp-image-10552\" style=\"width:346px;height:448px\" width=\"346\" height=\"448\" srcset=\"https:\/\/www.ipgh.org\/mx\/wp-content\/uploads\/2025\/04\/Agenda-Panamericana_2023_2030_final-1-791x1024.jpg 791w, https:\/\/www.ipgh.org\/mx\/wp-content\/uploads\/2025\/04\/Agenda-Panamericana_2023_2030_final-1-232x300.jpg 232w, https:\/\/www.ipgh.org\/mx\/wp-content\/uploads\/2025\/04\/Agenda-Panamericana_2023_2030_final-1-768x994.jpg 768w, https:\/\/www.ipgh.org\/mx\/wp-content\/uploads\/2025\/04\/Agenda-Panamericana_2023_2030_final-1-1187x1536.jpg 1187w, https:\/\/www.ipgh.org\/mx\/wp-content\/uploads\/2025\/04\/Agenda-Panamericana_2023_2030_final-1-1583x2048.jpg 1583w, https:\/\/www.ipgh.org\/mx\/wp-content\/uploads\/2025\/04\/Agenda-Panamericana_2023_2030_final-1-scaled.jpg 1978w\" sizes=\"(max-width: 346px) 100vw, 346px\" \/><\/a><\/figure><\/div>\n\n\n<p style=\"font-size:18px\"><\/p>\n\n\n\n<p style=\"font-size:18px\"><\/p>\n","protected":false},"excerpt":{"rendered":"<p>\u00a0 La Agenda Panamericana 2023-2030 del Instituto Panamericano de Geograf\u00eda e Historia se encuadra en el marco de los 17Objetivos de Desarrollo Sostenible de la Organizaci\u00f3n de las Naciones Unidas y en las Resoluciones adoptadas por el Comit\u00e9 de Expertos deNaciones Unidas sobre Gesti\u00f3n Global de Informaci\u00f3n Geoespacial (UN-GGIM). Asimismo, se fundamenta en la Carta <a class=\"read-more\" href=\"https:\/\/www.ipgh.org\/mx\/?page_id=10550\">LEER M\u00c1S<\/a><\/p>\n","protected":false},"author":1,"featured_media":0,"parent":138,"menu_order":7,"comment_status":"closed","ping_status":"closed","template":"","meta":{"footnotes":""},"_links":{"self":[{"href":"https:\/\/www.ipgh.org\/mx\/index.php?rest_route=\/wp\/v2\/pages\/10550"}],"collection":[{"href":"https:\/\/www.ipgh.org\/mx\/index.php?rest_route=\/wp\/v2\/pages"}],"about":[{"href":"https:\/\/www.ipgh.org\/mx\/index.php?rest_route=\/wp\/v2\/types\/page"}],"author":[{"embeddable":true,"href":"https:\/\/www.ipgh.org\/mx\/index.php?rest_route=\/wp\/v2\/users\/1"}],"replies":[{"embeddable":true,"href":"https:\/\/www.ipgh.org\/mx\/index.php?rest_route=%2Fwp%2Fv2%2Fcomments&post=10550"}],"version-history":[{"count":5,"href":"https:\/\/www.ipgh.org\/mx\/index.php?rest_route=\/wp\/v2\/pages\/10550\/revisions"}],"predecessor-version":[{"id":10557,"href":"https:\/\/www.ipgh.org\/mx\/index.php?rest_route=\/wp\/v2\/pages\/10550\/revisions\/10557"}],"up":[{"embeddable":true,"href":"https:\/\/www.ipgh.org\/mx\/index.php?rest_route=\/wp\/v2\/pages\/138"}],"wp:attachment":[{"href":"https:\/\/www.ipgh.org\/mx\/index.php?rest_route=%2Fwp%2Fv2%2Fmedia&parent=10550"}],"curies":[{"name":"wp","href":"https:\/\/api.w.org\/{rel}","templated":true}]}}