{"id":1067,"date":"2022-08-29T16:30:57","date_gmt":"2022-08-29T21:30:57","guid":{"rendered":"http:\/\/www.ipgh.org\/mx\/?page_id=1067"},"modified":"2022-09-09T18:17:18","modified_gmt":"2022-09-09T23:17:18","slug":"reuniones-tecnicas-de-las-comisiones","status":"publish","type":"page","link":"https:\/\/www.ipgh.org\/mx\/?page_id=1067","title":{"rendered":"Reuniones T\u00e9cnicas de las Comisiones"},"content":{"rendered":"\n<p class=\"has-medium-font-size\">Las Comisiones celebran Reuniones T\u00e9cnicas cada cuatro a\u00f1os, a mediados del periodo comprendido entre dos Reuniones de Consulta ordinarias.<\/p>\n\n\n\n<p class=\"has-medium-font-size\">Las Reuniones T\u00e9cnicas de las Comisiones tienen como objetivos, entre otros:<\/p>\n\n\n\n<ul class=\"has-medium-font-size\"><li>Evaluar la marcha de los proyectos aprobados por las Comisiones;<\/li><li>Conocer los informes de los Presidentes de las Comisiones;<\/li><li>Conocer los informes de los Comit\u00e9s y Grupos de Trabajo;<\/li><li>Realizar presentaciones t\u00e9cnicas y acad\u00e9micas, por parte de especialistas, con especial \u00e9nfasis en comunicar actividades y avances realizados en el marco del Programa de Asistencia T\u00e9cnica;<\/li><li>Promover la relaci\u00f3n entre las Comisiones para aprobar proyectos en conjunto.<\/li><\/ul>\n","protected":false},"excerpt":{"rendered":"<p>Las Comisiones celebran Reuniones T\u00e9cnicas cada cuatro a\u00f1os, a mediados del periodo comprendido entre dos Reuniones de Consulta ordinarias. Las Reuniones T\u00e9cnicas de las Comisiones tienen como objetivos, entre otros: Evaluar la marcha de los proyectos aprobados por las Comisiones; Conocer los informes de los Presidentes de las Comisiones; Conocer los informes de los Comit\u00e9s <a class=\"read-more\" href=\"https:\/\/www.ipgh.org\/mx\/?page_id=1067\">LEER M\u00c1S<\/a><\/p>\n","protected":false},"author":1,"featured_media":0,"parent":120,"menu_order":4,"comment_status":"closed","ping_status":"closed","template":"template-full-width.php","meta":{"footnotes":""},"_links":{"self":[{"href":"https:\/\/www.ipgh.org\/mx\/index.php?rest_route=\/wp\/v2\/pages\/1067"}],"collection":[{"href":"https:\/\/www.ipgh.org\/mx\/index.php?rest_route=\/wp\/v2\/pages"}],"about":[{"href":"https:\/\/www.ipgh.org\/mx\/index.php?rest_route=\/wp\/v2\/types\/page"}],"author":[{"embeddable":true,"href":"https:\/\/www.ipgh.org\/mx\/index.php?rest_route=\/wp\/v2\/users\/1"}],"replies":[{"embeddable":true,"href":"https:\/\/www.ipgh.org\/mx\/index.php?rest_route=%2Fwp%2Fv2%2Fcomments&post=1067"}],"version-history":[{"count":4,"href":"https:\/\/www.ipgh.org\/mx\/index.php?rest_route=\/wp\/v2\/pages\/1067\/revisions"}],"predecessor-version":[{"id":8743,"href":"https:\/\/www.ipgh.org\/mx\/index.php?rest_route=\/wp\/v2\/pages\/1067\/revisions\/8743"}],"up":[{"embeddable":true,"href":"https:\/\/www.ipgh.org\/mx\/index.php?rest_route=\/wp\/v2\/pages\/120"}],"wp:attachment":[{"href":"https:\/\/www.ipgh.org\/mx\/index.php?rest_route=%2Fwp%2Fv2%2Fmedia&parent=1067"}],"curies":[{"name":"wp","href":"https:\/\/api.w.org\/{rel}","templated":true}]}}