{"id":11119,"date":"2025-08-29T11:19:53","date_gmt":"2025-08-29T17:19:53","guid":{"rendered":"https:\/\/www.ipgh.org\/mx\/?page_id=11119"},"modified":"2025-08-29T11:19:54","modified_gmt":"2025-08-29T17:19:54","slug":"101%e1%b5%83-reunion-de-autoridades-2-2","status":"publish","type":"page","link":"https:\/\/www.ipgh.org\/mx\/?page_id=11119","title":{"rendered":"103\u1d43 Reuni\u00f3n de Autoridades"},"content":{"rendered":"\n<div style=\"height:15px\" aria-hidden=\"true\" class=\"wp-block-spacer\"><\/div>\n\n\n\n<p>El 8 de julio de 2025 dieron inicio los trabajos de la CIII Reuni\u00f3n de Autoridades del IPGH en la Ciudad de M\u00e9xico.<\/p>\n\n\n\n<p>A esta importante reuni\u00f3n estatutaria se congregaron nuestras siete Autoridades: Dra. Patricia Sol\u00eds, Presidenta (Estados Unidos de Am\u00e9rica); Lic. Pahola M\u00e9ndez Mata, Vicepresidenta (Guatemala); Mtro. Antonio Campuzano Rosales, Secretario General (M\u00e9xico); MSc. Max Alberto Lobo Hern\u00e1ndez, Presidente de la Comisi\u00f3n de Cartograf\u00eda (Costa Rica); Dr. Hermann Manr\u00edquez Tirado, Presidente de la Comisi\u00f3n de Geograf\u00eda (Chile); Dr. Filiberto Cruz S\u00e1nchez (Rep\u00fablica Dominicana), Presidente de la Comisi\u00f3n de Historia; Dr. Mario Calixto Ruiz Romero, Presidente de la Comisi\u00f3n de Geof\u00edsica (Ecuador).<\/p>\n\n\n\n<p>La Dra. Patricia Sol\u00eds, Presidenta del IPGH dio por inaugurados los trabajos de la CIII Reuni\u00f3n de Autoridades en punto de las 10:51 hrs., de este 8 de julio.<\/p>\n\n\n\n<p>En el transcurso de la CIII Reuni\u00f3n de Autoridades del IPGH se trabaj\u00f3 arduamente para preparar tambi\u00e9n los temas contenidos en las resoluciones rumbo a la 26\u00aa Asamblea General del IPGH, en el Estado Miembro de Honduras.<\/p>\n\n\n<div class=\"wp-block-image\">\n<figure class=\"aligncenter size-large\"><img decoding=\"async\" loading=\"lazy\" width=\"1024\" height=\"716\" src=\"https:\/\/www.ipgh.org\/mx\/wp-content\/uploads\/2025\/08\/103RA_FotoOficial02-1024x716.jpg\" alt=\"\" class=\"wp-image-11120\" srcset=\"https:\/\/www.ipgh.org\/mx\/wp-content\/uploads\/2025\/08\/103RA_FotoOficial02-1024x716.jpg 1024w, https:\/\/www.ipgh.org\/mx\/wp-content\/uploads\/2025\/08\/103RA_FotoOficial02-300x210.jpg 300w, https:\/\/www.ipgh.org\/mx\/wp-content\/uploads\/2025\/08\/103RA_FotoOficial02-768x537.jpg 768w, https:\/\/www.ipgh.org\/mx\/wp-content\/uploads\/2025\/08\/103RA_FotoOficial02-1536x1075.jpg 1536w, https:\/\/www.ipgh.org\/mx\/wp-content\/uploads\/2025\/08\/103RA_FotoOficial02-2048x1433.jpg 2048w\" sizes=\"(max-width: 1024px) 100vw, 1024px\" \/><\/figure><\/div>","protected":false},"excerpt":{"rendered":"<p>El 8 de julio de 2025 dieron inicio los trabajos de la CIII Reuni\u00f3n de Autoridades del IPGH en la Ciudad de M\u00e9xico. A esta importante reuni\u00f3n estatutaria se congregaron nuestras siete Autoridades: Dra. Patricia Sol\u00eds, Presidenta (Estados Unidos de Am\u00e9rica); Lic. Pahola M\u00e9ndez Mata, Vicepresidenta (Guatemala); Mtro. Antonio Campuzano Rosales, Secretario General (M\u00e9xico); MSc. <a class=\"read-more\" href=\"https:\/\/www.ipgh.org\/mx\/?page_id=11119\">LEER M\u00c1S<\/a><\/p>\n","protected":false},"author":1,"featured_media":0,"parent":0,"menu_order":0,"comment_status":"closed","ping_status":"closed","template":"","meta":{"footnotes":""},"_links":{"self":[{"href":"https:\/\/www.ipgh.org\/mx\/index.php?rest_route=\/wp\/v2\/pages\/11119"}],"collection":[{"href":"https:\/\/www.ipgh.org\/mx\/index.php?rest_route=\/wp\/v2\/pages"}],"about":[{"href":"https:\/\/www.ipgh.org\/mx\/index.php?rest_route=\/wp\/v2\/types\/page"}],"author":[{"embeddable":true,"href":"https:\/\/www.ipgh.org\/mx\/index.php?rest_route=\/wp\/v2\/users\/1"}],"replies":[{"embeddable":true,"href":"https:\/\/www.ipgh.org\/mx\/index.php?rest_route=%2Fwp%2Fv2%2Fcomments&post=11119"}],"version-history":[{"count":1,"href":"https:\/\/www.ipgh.org\/mx\/index.php?rest_route=\/wp\/v2\/pages\/11119\/revisions"}],"predecessor-version":[{"id":11121,"href":"https:\/\/www.ipgh.org\/mx\/index.php?rest_route=\/wp\/v2\/pages\/11119\/revisions\/11121"}],"wp:attachment":[{"href":"https:\/\/www.ipgh.org\/mx\/index.php?rest_route=%2Fwp%2Fv2%2Fmedia&parent=11119"}],"curies":[{"name":"wp","href":"https:\/\/api.w.org\/{rel}","templated":true}]}}