{"id":11194,"date":"2025-09-18T10:24:48","date_gmt":"2025-09-18T16:24:48","guid":{"rendered":"https:\/\/www.ipgh.org\/mx\/?page_id=11194"},"modified":"2025-09-19T08:47:29","modified_gmt":"2025-09-19T14:47:29","slug":"julio-2025","status":"publish","type":"page","link":"https:\/\/www.ipgh.org\/mx\/?page_id=11194","title":{"rendered":"Julio 2025"},"content":{"rendered":"\n<div style=\"height:25px\" aria-hidden=\"true\" class=\"wp-block-spacer\"><\/div>\n\n\n\n<p class=\"has-black-color has-text-color has-link-color has-large-font-size wp-elements-46ae601c8038440f498752ffe41f56bf\"><strong>24-25<\/strong><\/p>\n\n\n\n<div style=\"height:20px\" aria-hidden=\"true\" class=\"wp-block-spacer\"><\/div>\n\n\n\n<p class=\"has-luminous-vivid-orange-color has-text-color has-link-color has-medium-font-size wp-elements-d2a4fdf35ae6f8e6a900704dce946806\"><strong>Cuartas Jornadas Acad\u00e9micas del Congreso Americano de la Libertad<\/strong><\/p>\n\n\n\n<div style=\"height:25px\" aria-hidden=\"true\" class=\"wp-block-spacer\"><\/div>\n\n\n\n<p class=\"has-black-color has-text-color has-link-color wp-elements-340b7c878093429988282ceaba674b9d\" style=\"font-size:18px\">En la ciudad de Panam\u00e1, Panam\u00e1, se llevaron a cabo las Cuartas Jornadas Acad\u00e9micas del Congreso Americano de la Libertad, dedicadas al tema \u201cSim\u00f3n Bol\u00edvar y la trascendencia del Congreso Anficti\u00f3nico de Panam\u00e1\u201d. El evento fue organizado por el Ministerio de Relaciones Exteriores de Panam\u00e1 y la Academia Nacional de Historia del Ecuador, y se desarroll\u00f3 en el Gran Sal\u00f3n Bol\u00edvar del Ministerio de Relaciones Exteriores de Panam\u00e1.<\/p>\n\n\n\n<p class=\"has-black-color has-text-color has-link-color wp-elements-9ea87f7c4bf5c2c90695d21ab9bd812a\" style=\"font-size:18px\">El acto inaugural cont\u00f3 con la participaci\u00f3n de S. E. Carlos A. Hoyos, Viceministro de Relaciones Exteriores de Panam\u00e1; Dr. Franklin Barriga L\u00f3pez, Director de Honor Vitalicio de la Academia Nacional de Historia del Ecuador; Dr. Carlos Guevara Mann, Presidente de la Sociedad Bolivariana y Viceministro de Asuntos Multilaterales y Cooperaci\u00f3n de Panam\u00e1; Mtro. Antonio Campuzano Rosales, Secretario General del Instituto Panamericano de Geograf\u00eda e Historia (IPGH); y S. E. Mar\u00eda Eugenia Herrera, Ministra de Cultura de Panam\u00e1.<\/p>\n\n\n\n<p class=\"has-black-color has-text-color has-link-color wp-elements-0aa07645ddab44effd6c9d15ecb76c90\" style=\"font-size:18px\">Los trabajos presentados en esta edici\u00f3n tuvieron como eje tem\u00e1tico la figura del Libertador Sim\u00f3n Bol\u00edvar y los esfuerzos de los pa\u00edses que formaron parte del Congreso Anficti\u00f3nico, con la participaci\u00f3n de veinte historiadores representantes de pa\u00edses miembros del IPGH, incluyendo Argentina, Chile, Colombia, Ecuador, Guatemala, Honduras, M\u00e9xico, Panam\u00e1, Paraguay, Per\u00fa, Rep\u00fablica Dominicana y Puerto Rico.<\/p>\n\n\n\n<div style=\"height:25px\" aria-hidden=\"true\" class=\"wp-block-spacer\"><\/div>\n\n\n\n<div class=\"wp-block-columns are-vertically-aligned-center is-layout-flex wp-container-3 wp-block-columns-is-layout-flex\">\n<div class=\"wp-block-column is-vertically-aligned-center is-layout-flow wp-block-column-is-layout-flow\">\n<figure class=\"wp-block-image size-large is-resized\"><img decoding=\"async\" loading=\"lazy\" src=\"https:\/\/www.ipgh.org\/mx\/wp-content\/uploads\/2025\/09\/523803836_1074888011488878_3131675570147074720_n-1024x579.jpg\" alt=\"\" class=\"wp-image-11196\" style=\"width:569px;height:321px\" width=\"569\" height=\"321\" srcset=\"https:\/\/www.ipgh.org\/mx\/wp-content\/uploads\/2025\/09\/523803836_1074888011488878_3131675570147074720_n-1024x579.jpg 1024w, https:\/\/www.ipgh.org\/mx\/wp-content\/uploads\/2025\/09\/523803836_1074888011488878_3131675570147074720_n-300x170.jpg 300w, https:\/\/www.ipgh.org\/mx\/wp-content\/uploads\/2025\/09\/523803836_1074888011488878_3131675570147074720_n-768x434.jpg 768w, https:\/\/www.ipgh.org\/mx\/wp-content\/uploads\/2025\/09\/523803836_1074888011488878_3131675570147074720_n-1536x869.jpg 1536w, https:\/\/www.ipgh.org\/mx\/wp-content\/uploads\/2025\/09\/523803836_1074888011488878_3131675570147074720_n.jpg 2048w\" sizes=\"(max-width: 569px) 100vw, 569px\" \/><\/figure>\n<\/div>\n\n\n\n<div class=\"wp-block-column is-vertically-aligned-center is-layout-flow wp-block-column-is-layout-flow\">\n<figure class=\"wp-block-image size-large is-resized\"><img decoding=\"async\" loading=\"lazy\" src=\"https:\/\/www.ipgh.org\/mx\/wp-content\/uploads\/2025\/09\/520613238_1074888041488875_5983245244496392135_n-1-1024x579.jpg\" alt=\"\" class=\"wp-image-11197\" style=\"width:567px;height:320px\" width=\"567\" height=\"320\" srcset=\"https:\/\/www.ipgh.org\/mx\/wp-content\/uploads\/2025\/09\/520613238_1074888041488875_5983245244496392135_n-1-1024x579.jpg 1024w, https:\/\/www.ipgh.org\/mx\/wp-content\/uploads\/2025\/09\/520613238_1074888041488875_5983245244496392135_n-1-300x170.jpg 300w, https:\/\/www.ipgh.org\/mx\/wp-content\/uploads\/2025\/09\/520613238_1074888041488875_5983245244496392135_n-1-768x434.jpg 768w, https:\/\/www.ipgh.org\/mx\/wp-content\/uploads\/2025\/09\/520613238_1074888041488875_5983245244496392135_n-1-1536x869.jpg 1536w, https:\/\/www.ipgh.org\/mx\/wp-content\/uploads\/2025\/09\/520613238_1074888041488875_5983245244496392135_n-1.jpg 2048w\" sizes=\"(max-width: 567px) 100vw, 567px\" \/><\/figure>\n<\/div>\n<\/div>\n\n\n\n<div style=\"height:25px\" aria-hidden=\"true\" class=\"wp-block-spacer\"><\/div>\n\n\n\n<hr class=\"wp-block-separator has-text-color has-luminous-vivid-orange-color has-alpha-channel-opacity has-luminous-vivid-orange-background-color has-background is-style-dots\"\/>\n\n\n\n<p class=\"has-luminous-vivid-orange-color has-text-color has-link-color has-medium-font-size wp-elements-e69d3a5e97be4a845373105061e9c203\"><strong>Visita a la Secci\u00f3n Nacional del IPGH en Panam\u00e1<\/strong><\/p>\n\n\n\n<div style=\"height:20px\" aria-hidden=\"true\" class=\"wp-block-spacer\"><\/div>\n\n\n\n<p class=\"has-black-color has-text-color has-link-color wp-elements-bcb6e3e3c106f93265df9318e22046d8\" style=\"font-size:18px\">El Secretario General del Instituto Panamericano de Geograf\u00eda e Historia (IPGH), Mtro. Antonio Campuzano Rosales, visit\u00f3 las instalaciones de la Secci\u00f3n Nacional del IPGH en Panam\u00e1, ubicadas en el Instituto Geogr\u00e1fico Nacional \u201cTommy Guardia\u201d. Fue recibido por el Ing. Lenin Guizado, Director del Instituto y Presidente de la Secci\u00f3n Nacional del IPGH en Panam\u00e1.<\/p>\n\n\n\n<p class=\"has-black-color has-text-color has-link-color wp-elements-f74cdfdee1ede940643e888ea0b2fbc6\" style=\"font-size:18px\">El objetivo de la visita fue promover el desarrollo cient\u00edfico y t\u00e9cnico en las \u00e1reas de inter\u00e9s del IPGH en sus Estados Miembros, mediante el apoyo a las Secciones Nacionales, en l\u00ednea con los objetivos del Plan Estrat\u00e9gico de Modernizaci\u00f3n del IPGH 2022\u20132025.<\/p>\n\n\n\n<p class=\"has-black-color has-text-color has-link-color wp-elements-4765db7989a1aad298adc3bb4acbfbdc\" style=\"font-size:18px\">Durante el encuentro, se abordaron estrategias para incrementar la participaci\u00f3n de Panam\u00e1 en los Programas de Asistencia T\u00e9cnica, Publicaciones, becas y convocatorias a premios en las cuatro \u00e1reas de desarrollo cient\u00edfico del Instituto: Cartograf\u00eda, Geograf\u00eda, Historia y Geof\u00edsica, as\u00ed como en disciplinas afines.<\/p>\n\n\n\n<div style=\"height:25px\" aria-hidden=\"true\" class=\"wp-block-spacer\"><\/div>\n\n\n\n<div class=\"wp-block-columns are-vertically-aligned-center is-layout-flex wp-container-6 wp-block-columns-is-layout-flex\">\n<div class=\"wp-block-column is-vertically-aligned-center is-layout-flow wp-block-column-is-layout-flow\">\n<figure class=\"wp-block-image size-large\"><img decoding=\"async\" loading=\"lazy\" width=\"1024\" height=\"579\" src=\"https:\/\/www.ipgh.org\/mx\/wp-content\/uploads\/2025\/09\/522505209_1074166274894385_6107086979251636226_n-1024x579.jpg\" alt=\"\" class=\"wp-image-11198\" srcset=\"https:\/\/www.ipgh.org\/mx\/wp-content\/uploads\/2025\/09\/522505209_1074166274894385_6107086979251636226_n-1024x579.jpg 1024w, https:\/\/www.ipgh.org\/mx\/wp-content\/uploads\/2025\/09\/522505209_1074166274894385_6107086979251636226_n-300x170.jpg 300w, https:\/\/www.ipgh.org\/mx\/wp-content\/uploads\/2025\/09\/522505209_1074166274894385_6107086979251636226_n-768x434.jpg 768w, https:\/\/www.ipgh.org\/mx\/wp-content\/uploads\/2025\/09\/522505209_1074166274894385_6107086979251636226_n-1536x869.jpg 1536w, https:\/\/www.ipgh.org\/mx\/wp-content\/uploads\/2025\/09\/522505209_1074166274894385_6107086979251636226_n.jpg 2048w\" sizes=\"(max-width: 1024px) 100vw, 1024px\" \/><\/figure>\n<\/div>\n\n\n\n<div class=\"wp-block-column is-vertically-aligned-center is-layout-flow wp-block-column-is-layout-flow\">\n<figure class=\"wp-block-image size-large\"><img decoding=\"async\" loading=\"lazy\" width=\"1024\" height=\"579\" src=\"https:\/\/www.ipgh.org\/mx\/wp-content\/uploads\/2025\/09\/523382466_1074169861560693_2450772556606568591_n-1024x579.jpg\" alt=\"\" class=\"wp-image-11199\" srcset=\"https:\/\/www.ipgh.org\/mx\/wp-content\/uploads\/2025\/09\/523382466_1074169861560693_2450772556606568591_n-1024x579.jpg 1024w, https:\/\/www.ipgh.org\/mx\/wp-content\/uploads\/2025\/09\/523382466_1074169861560693_2450772556606568591_n-300x170.jpg 300w, https:\/\/www.ipgh.org\/mx\/wp-content\/uploads\/2025\/09\/523382466_1074169861560693_2450772556606568591_n-768x434.jpg 768w, https:\/\/www.ipgh.org\/mx\/wp-content\/uploads\/2025\/09\/523382466_1074169861560693_2450772556606568591_n-1536x869.jpg 1536w, https:\/\/www.ipgh.org\/mx\/wp-content\/uploads\/2025\/09\/523382466_1074169861560693_2450772556606568591_n.jpg 2048w\" sizes=\"(max-width: 1024px) 100vw, 1024px\" \/><\/figure>\n<\/div>\n<\/div>\n\n\n\n<div style=\"height:25px\" aria-hidden=\"true\" class=\"wp-block-spacer\"><\/div>\n\n\n\n<hr class=\"wp-block-separator has-text-color has-luminous-vivid-orange-color has-alpha-channel-opacity has-luminous-vivid-orange-background-color has-background is-style-dots\"\/>\n\n\n\n<p class=\"has-black-color has-text-color has-link-color has-large-font-size wp-elements-f4ec819e77d1683a9eac767483b420e1\"><strong>22<\/strong><\/p>\n\n\n\n<div style=\"height:20px\" aria-hidden=\"true\" class=\"wp-block-spacer\"><\/div>\n\n\n\n<p class=\"has-luminous-vivid-orange-color has-text-color has-link-color has-medium-font-size wp-elements-ac49686afaf71f886d0cb5477fe83728\"><strong>Conversatorio sobre la lucha contra el tr\u00e1fico il\u00edcito de bienes culturales<\/strong><\/p>\n\n\n\n<div style=\"height:25px\" aria-hidden=\"true\" class=\"wp-block-spacer\"><\/div>\n\n\n\n<div class=\"wp-block-media-text is-stacked-on-mobile\"><figure class=\"wp-block-media-text__media\"><img decoding=\"async\" loading=\"lazy\" width=\"1024\" height=\"579\" src=\"https:\/\/www.ipgh.org\/mx\/wp-content\/uploads\/2025\/09\/522348548_1074132784897734_2185278062763440226_n-1024x579.jpg\" alt=\"\" class=\"wp-image-11200 size-full\" srcset=\"https:\/\/www.ipgh.org\/mx\/wp-content\/uploads\/2025\/09\/522348548_1074132784897734_2185278062763440226_n-1024x579.jpg 1024w, https:\/\/www.ipgh.org\/mx\/wp-content\/uploads\/2025\/09\/522348548_1074132784897734_2185278062763440226_n-300x170.jpg 300w, https:\/\/www.ipgh.org\/mx\/wp-content\/uploads\/2025\/09\/522348548_1074132784897734_2185278062763440226_n-768x434.jpg 768w, https:\/\/www.ipgh.org\/mx\/wp-content\/uploads\/2025\/09\/522348548_1074132784897734_2185278062763440226_n-1536x869.jpg 1536w, https:\/\/www.ipgh.org\/mx\/wp-content\/uploads\/2025\/09\/522348548_1074132784897734_2185278062763440226_n.jpg 2048w\" sizes=\"(max-width: 1024px) 100vw, 1024px\" \/><\/figure><div class=\"wp-block-media-text__content\">\n<p class=\"has-white-color has-text-color has-background has-link-color wp-elements-284430ab59b63dd7d5232ac44d83e4bf\" style=\"background-color:#ff9448;font-size:18px\">El Palacio Sede del Instituto Panamericano de Geograf\u00eda e Historia (IPGH) alberg\u00f3 el conversatorio <em>\u201cLa lucha contra el tr\u00e1fico il\u00edcito de bienes culturales: la experiencia del Per\u00fa y M\u00e9xico\u201d<\/em>, organizado por la Embajada del Per\u00fa en M\u00e9xico en coordinaci\u00f3n con el IPGH.                                                       El evento cont\u00f3 con la participaci\u00f3n de la Consejera de la Embajada de Per\u00fa en M\u00e9xico, Claudia Bastante, quien present\u00f3 el caso peruano, y del Dr. Baltazar Brito Guadarrama, Director de la Biblioteca Nacional de Antropolog\u00eda e Historia, quien expuso la experiencia mexicana. La moderaci\u00f3n estuvo a cargo de la Ministra Consejera de la Embajada de Per\u00fa en M\u00e9xico, Yesica Fonseca.                                                                                                           El conversatorio se desarroll\u00f3 con asistencia presencial y virtual, en un ambiente de cordialidad y amplio inter\u00e9s por parte de la audiencia, tanto en la Hemeroteca \u201cH\u00e9ctor Oscar Jos\u00e9 Pena\u201d como a trav\u00e9s de la transmisi\u00f3n en redes sociales de la representaci\u00f3n peruana.                                             Con este tipo de actividades acad\u00e9micas, el IPGH reafirma su colaboraci\u00f3n y apoyo a sus Estados Miembros.<\/p>\n<\/div><\/div>\n\n\n\n<div style=\"height:25px\" aria-hidden=\"true\" class=\"wp-block-spacer\"><\/div>\n\n\n\n<hr class=\"wp-block-separator has-text-color has-luminous-vivid-orange-color has-alpha-channel-opacity has-luminous-vivid-orange-background-color has-background is-style-dots\"\/>\n\n\n\n<p class=\"has-black-color has-text-color has-link-color has-large-font-size wp-elements-7cf74934638a62b48568389496070fce\"><strong>08-10<\/strong><\/p>\n\n\n\n<div style=\"height:25px\" aria-hidden=\"true\" class=\"wp-block-spacer\"><\/div>\n\n\n\n<p class=\"has-luminous-vivid-orange-color has-text-color has-link-color has-medium-font-size wp-elements-86b3045a47025bde429d974f1692062c\"><strong>CIII Reuni\u00f3n de Autoridades del IPGH<\/strong><\/p>\n\n\n\n<div style=\"height:25px\" aria-hidden=\"true\" class=\"wp-block-spacer\"><\/div>\n\n\n\n<div class=\"wp-block-columns are-vertically-aligned-center is-layout-flex wp-container-9 wp-block-columns-is-layout-flex\">\n<div class=\"wp-block-column is-vertically-aligned-center is-layout-flow wp-block-column-is-layout-flow\">\n<figure class=\"wp-block-image size-large\"><img decoding=\"async\" loading=\"lazy\" width=\"1024\" height=\"717\" src=\"https:\/\/www.ipgh.org\/mx\/wp-content\/uploads\/2025\/09\/518341952_1064759512501728_3276948203085904243_n-1024x717.jpg\" alt=\"\" class=\"wp-image-11201\" srcset=\"https:\/\/www.ipgh.org\/mx\/wp-content\/uploads\/2025\/09\/518341952_1064759512501728_3276948203085904243_n-1024x717.jpg 1024w, https:\/\/www.ipgh.org\/mx\/wp-content\/uploads\/2025\/09\/518341952_1064759512501728_3276948203085904243_n-300x210.jpg 300w, https:\/\/www.ipgh.org\/mx\/wp-content\/uploads\/2025\/09\/518341952_1064759512501728_3276948203085904243_n-768x537.jpg 768w, https:\/\/www.ipgh.org\/mx\/wp-content\/uploads\/2025\/09\/518341952_1064759512501728_3276948203085904243_n-1536x1075.jpg 1536w, https:\/\/www.ipgh.org\/mx\/wp-content\/uploads\/2025\/09\/518341952_1064759512501728_3276948203085904243_n.jpg 2048w\" sizes=\"(max-width: 1024px) 100vw, 1024px\" \/><\/figure>\n<\/div>\n\n\n\n<div class=\"wp-block-column is-vertically-aligned-center is-layout-flow wp-block-column-is-layout-flow\">\n<figure class=\"wp-block-image size-large\"><img decoding=\"async\" loading=\"lazy\" width=\"1024\" height=\"717\" src=\"https:\/\/www.ipgh.org\/mx\/wp-content\/uploads\/2025\/09\/516940439_1062638449380501_7760961853401632214_n-1024x717.jpg\" alt=\"\" class=\"wp-image-11202\" srcset=\"https:\/\/www.ipgh.org\/mx\/wp-content\/uploads\/2025\/09\/516940439_1062638449380501_7760961853401632214_n-1024x717.jpg 1024w, https:\/\/www.ipgh.org\/mx\/wp-content\/uploads\/2025\/09\/516940439_1062638449380501_7760961853401632214_n-300x210.jpg 300w, https:\/\/www.ipgh.org\/mx\/wp-content\/uploads\/2025\/09\/516940439_1062638449380501_7760961853401632214_n-768x537.jpg 768w, https:\/\/www.ipgh.org\/mx\/wp-content\/uploads\/2025\/09\/516940439_1062638449380501_7760961853401632214_n-1536x1075.jpg 1536w, https:\/\/www.ipgh.org\/mx\/wp-content\/uploads\/2025\/09\/516940439_1062638449380501_7760961853401632214_n.jpg 2048w\" sizes=\"(max-width: 1024px) 100vw, 1024px\" \/><\/figure>\n<\/div>\n<\/div>\n\n\n\n<div style=\"height:25px\" aria-hidden=\"true\" class=\"wp-block-spacer\"><\/div>\n\n\n\n<p class=\"has-black-color has-text-color has-link-color wp-elements-bf6a0c5be2330ff9dfec797ed5554eb9\" style=\"font-size:18px\">Del 8 al 10 de julio de 2025 se llevaron a cabo los trabajos de la CIII Reuni\u00f3n de Autoridades del Instituto Panamericano de Geograf\u00eda e Historia (IPGH) en la Ciudad de M\u00e9xico. Estas reuniones se realizan dos veces al a\u00f1o para revisar las \u00e1reas cient\u00edfica, financiera y administrativa, as\u00ed como para coordinar, supervisar, analizar y aprobar los programas de Asistencia T\u00e9cnica y Publicaciones del organismo.<\/p>\n\n\n\n<p class=\"has-black-color has-text-color has-link-color wp-elements-c8afbd7890ac04380119837611217bd4\" style=\"font-size:18px\">A esta reuni\u00f3n estatutaria asistieron las siete Autoridades del IPGH: Dra. Patricia Sol\u00eds, Presidenta (Estados Unidos de Am\u00e9rica); Lic. Pahola M\u00e9ndez Mata, Vicepresidenta (Guatemala); Mtro. Antonio Campuzano Rosales, Secretario General (M\u00e9xico); MSc. Max Alberto Lobo Hern\u00e1ndez, Presidente de la Comisi\u00f3n de Cartograf\u00eda (Costa Rica); Dr. Hermann Manr\u00edquez Tirado, Presidente de la Comisi\u00f3n de Geograf\u00eda (Chile); Dr. Filiberto Cruz S\u00e1nchez, Presidente de la Comisi\u00f3n de Historia (Rep\u00fablica Dominicana); y Dr. Mario Calixto Ruiz Romero, Presidente de la Comisi\u00f3n de Geof\u00edsica (Ecuador).<\/p>\n\n\n\n<p class=\"has-black-color has-text-color has-link-color wp-elements-54699f73a576054e4dcb6e26e0322478\" style=\"font-size:18px\">La Dra. Patricia Sol\u00eds dio inicio formal a los trabajos de la reuni\u00f3n el 8 de julio. Durante los d\u00edas siguientes, se abordaron los temas contenidos en las resoluciones rumbo a la 26\u00aa Asamblea General del IPGH, programada para octubre de 2025 en Honduras, Estado Miembro del Instituto.<\/p>\n\n\n\n<div style=\"height:25px\" aria-hidden=\"true\" class=\"wp-block-spacer\"><\/div>\n\n\n\n<hr class=\"wp-block-separator has-text-color has-luminous-vivid-orange-color has-alpha-channel-opacity has-luminous-vivid-orange-background-color has-background is-style-dots\"\/>\n\n\n\n<p class=\"has-black-color has-text-color has-link-color has-large-font-size wp-elements-a29389229d3710e14c8d84280b21c189\"><strong>01<\/strong><\/p>\n\n\n\n<div style=\"height:25px\" aria-hidden=\"true\" class=\"wp-block-spacer\"><\/div>\n\n\n\n<p class=\"has-luminous-vivid-orange-color has-text-color has-link-color has-medium-font-size wp-elements-9cdc883516462f1ffdbc063d2cbf1ec5\"><strong>El IPGH recibi\u00f3 en su Palacio Sede al Ministro Yong Koo Kang de la Embajada de la Rep\u00fablica de Corea en M\u00e9xico<\/strong><\/p>\n\n\n\n<div style=\"height:25px\" aria-hidden=\"true\" class=\"wp-block-spacer\"><\/div>\n\n\n<div class=\"wp-block-image\">\n<figure class=\"aligncenter size-large is-resized\"><img decoding=\"async\" loading=\"lazy\" src=\"https:\/\/www.ipgh.org\/mx\/wp-content\/uploads\/2025\/09\/515015025_1056952809949065_1762358257708865683_n-1024x717.jpg\" alt=\"\" class=\"wp-image-11203\" style=\"width:680px;height:476px\" width=\"680\" height=\"476\" srcset=\"https:\/\/www.ipgh.org\/mx\/wp-content\/uploads\/2025\/09\/515015025_1056952809949065_1762358257708865683_n-1024x717.jpg 1024w, https:\/\/www.ipgh.org\/mx\/wp-content\/uploads\/2025\/09\/515015025_1056952809949065_1762358257708865683_n-300x210.jpg 300w, https:\/\/www.ipgh.org\/mx\/wp-content\/uploads\/2025\/09\/515015025_1056952809949065_1762358257708865683_n-768x537.jpg 768w, https:\/\/www.ipgh.org\/mx\/wp-content\/uploads\/2025\/09\/515015025_1056952809949065_1762358257708865683_n-1536x1075.jpg 1536w, https:\/\/www.ipgh.org\/mx\/wp-content\/uploads\/2025\/09\/515015025_1056952809949065_1762358257708865683_n.jpg 2048w\" sizes=\"(max-width: 680px) 100vw, 680px\" \/><\/figure><\/div>\n\n\n<div style=\"height:25px\" aria-hidden=\"true\" class=\"wp-block-spacer\"><\/div>\n\n\n\n<p class=\"has-black-color has-text-color has-link-color wp-elements-8b3edbdb2614d6c6455762f2d381cdbe\" style=\"font-size:18px\">Durante el encuentro, el Secretario General del IPGH, Mtro. Antonio Campuzano Rosales, entreg\u00f3 al Ministro una recopilaci\u00f3n de opiniones y comentarios enviados por las Secciones Nacionales del Instituto respecto de la sesi\u00f3n virtual <em>\u201cIntroducci\u00f3n sobre el proyecto del Atlas Nacional de Corea\u201d<\/em>, organizada el 19 de junio por el Instituto Nacional de Informaci\u00f3n Geogr\u00e1fica (NGII) de Corea. <\/p>\n\n\n\n<p class=\"has-black-color has-text-color has-link-color wp-elements-4fa7e0b58b02981d7d52de4fce8d3102\" style=\"font-size:18px\">El Secretario General felicit\u00f3 al Ministro Yong Koo Kang por el \u00e9xito de esta iniciativa y reafirm\u00f3 el respaldo del IPGH a la difusi\u00f3n del proyecto.<\/p>\n\n\n\n<div style=\"height:25px\" aria-hidden=\"true\" class=\"wp-block-spacer\"><\/div>\n\n\n\n<hr class=\"wp-block-separator has-text-color has-luminous-vivid-orange-color has-alpha-channel-opacity has-luminous-vivid-orange-background-color has-background is-style-dots\"\/>\n\n\n\n<p class=\"has-luminous-vivid-orange-color has-text-color has-link-color has-medium-font-size wp-elements-7c0d50ec2ffe30309cdf83efcd7023bf\"><strong>Reuni\u00f3n virtual con la Secci\u00f3n Nacional de Honduras para la 26\u00aa Asamblea General<\/strong><\/p>\n\n\n\n<div style=\"height:25px\" aria-hidden=\"true\" class=\"wp-block-spacer\"><\/div>\n\n\n<div class=\"wp-block-image\">\n<figure class=\"aligncenter size-large is-resized\"><img decoding=\"async\" loading=\"lazy\" src=\"https:\/\/www.ipgh.org\/mx\/wp-content\/uploads\/2025\/09\/514488650_1056951176615895_2200161563989324966_n-1024x717.jpg\" alt=\"\" class=\"wp-image-11204\" style=\"width:633px;height:443px\" width=\"633\" height=\"443\" srcset=\"https:\/\/www.ipgh.org\/mx\/wp-content\/uploads\/2025\/09\/514488650_1056951176615895_2200161563989324966_n-1024x717.jpg 1024w, https:\/\/www.ipgh.org\/mx\/wp-content\/uploads\/2025\/09\/514488650_1056951176615895_2200161563989324966_n-300x210.jpg 300w, https:\/\/www.ipgh.org\/mx\/wp-content\/uploads\/2025\/09\/514488650_1056951176615895_2200161563989324966_n-768x537.jpg 768w, https:\/\/www.ipgh.org\/mx\/wp-content\/uploads\/2025\/09\/514488650_1056951176615895_2200161563989324966_n-1536x1075.jpg 1536w, https:\/\/www.ipgh.org\/mx\/wp-content\/uploads\/2025\/09\/514488650_1056951176615895_2200161563989324966_n.jpg 2048w\" sizes=\"(max-width: 633px) 100vw, 633px\" \/><\/figure><\/div>\n\n\n<div style=\"height:25px\" aria-hidden=\"true\" class=\"wp-block-spacer\"><\/div>\n\n\n\n<p class=\"has-black-color has-text-color has-link-color wp-elements-707714843f79709b773c734b781183ff\" style=\"font-size:18px\">El&nbsp; Mtro. Antonio Campuzano Rosales, Secretario General del Instituto Panamericano de Geograf\u00eda e Historia (IPGH), sostuvo una reuni\u00f3n virtual con la Ing. Leidy Ulloa, Presidenta de la Secci\u00f3n Nacional del IPGH en Honduras, y el Sr. Horacio Ezequiel Padilla, Coordinador de Geograf\u00eda de la Direcci\u00f3n General de Cartograf\u00eda y Geograf\u00eda del Instituto de la Propiedad de dicho pa\u00eds.<\/p>\n\n\n\n<p class=\"has-black-color has-text-color has-link-color wp-elements-f7fa3a9493feb60bd73dff7e69e17fa3\" style=\"font-size:18px\">Durante el encuentro se&nbsp; dio continuidad a la organizaci\u00f3n log\u00edstica y t\u00e9cnica de la 26\u00aa Asamblea General del IPGH, programada para celebrarse en Tegucigalpa, Honduras en octubre de 2025. El Secretario General reiter\u00f3 el respaldo de la Secretar\u00eda General a la Secci\u00f3n Nacional de Honduras, destacando la importancia de la colaboraci\u00f3n permanente entre las Autoridades del Instituto y sus Estados Miembros, conforme al Plan Estrat\u00e9gico de Modernizaci\u00f3n del IPGH 2022\u20132025.<\/p>\n\n\n\n<div style=\"height:25px\" aria-hidden=\"true\" class=\"wp-block-spacer\"><\/div>\n\n\n\n<hr class=\"wp-block-separator has-text-color has-luminous-vivid-orange-color has-alpha-channel-opacity has-luminous-vivid-orange-background-color has-background is-style-default\"\/>\n\n\n\n<div class=\"wp-block-buttons is-content-justification-right is-layout-flex wp-container-10 wp-block-buttons-is-layout-flex\">\n<div class=\"wp-block-button is-style-fill\"><a class=\"wp-block-button__link has-luminous-vivid-orange-background-color has-background wp-element-button\" href=\"https:\/\/www.ipgh.org\/mx\/?page_id=10044\">Regresar<\/a><\/div>\n<\/div>\n","protected":false},"excerpt":{"rendered":"<p>24-25 Cuartas Jornadas Acad\u00e9micas del Congreso Americano de la Libertad En la ciudad de Panam\u00e1, Panam\u00e1, se llevaron a cabo las Cuartas Jornadas Acad\u00e9micas del Congreso Americano de la Libertad, dedicadas al tema \u201cSim\u00f3n Bol\u00edvar y la trascendencia del Congreso Anficti\u00f3nico de Panam\u00e1\u201d. El evento fue organizado por el Ministerio de Relaciones Exteriores de Panam\u00e1 <a class=\"read-more\" href=\"https:\/\/www.ipgh.org\/mx\/?page_id=11194\">LEER M\u00c1S<\/a><\/p>\n","protected":false},"author":1,"featured_media":0,"parent":0,"menu_order":0,"comment_status":"closed","ping_status":"closed","template":"","meta":{"footnotes":""},"_links":{"self":[{"href":"https:\/\/www.ipgh.org\/mx\/index.php?rest_route=\/wp\/v2\/pages\/11194"}],"collection":[{"href":"https:\/\/www.ipgh.org\/mx\/index.php?rest_route=\/wp\/v2\/pages"}],"about":[{"href":"https:\/\/www.ipgh.org\/mx\/index.php?rest_route=\/wp\/v2\/types\/page"}],"author":[{"embeddable":true,"href":"https:\/\/www.ipgh.org\/mx\/index.php?rest_route=\/wp\/v2\/users\/1"}],"replies":[{"embeddable":true,"href":"https:\/\/www.ipgh.org\/mx\/index.php?rest_route=%2Fwp%2Fv2%2Fcomments&post=11194"}],"version-history":[{"count":2,"href":"https:\/\/www.ipgh.org\/mx\/index.php?rest_route=\/wp\/v2\/pages\/11194\/revisions"}],"predecessor-version":[{"id":11210,"href":"https:\/\/www.ipgh.org\/mx\/index.php?rest_route=\/wp\/v2\/pages\/11194\/revisions\/11210"}],"wp:attachment":[{"href":"https:\/\/www.ipgh.org\/mx\/index.php?rest_route=%2Fwp%2Fv2%2Fmedia&parent=11194"}],"curies":[{"name":"wp","href":"https:\/\/api.w.org\/{rel}","templated":true}]}}