{"id":11735,"date":"2025-12-03T10:53:00","date_gmt":"2025-12-03T16:53:00","guid":{"rendered":"https:\/\/www.ipgh.org\/mx\/?page_id=11735"},"modified":"2025-12-03T11:21:36","modified_gmt":"2025-12-03T17:21:36","slug":"octubre-2025","status":"publish","type":"page","link":"https:\/\/www.ipgh.org\/mx\/?page_id=11735","title":{"rendered":"Octubre 2025"},"content":{"rendered":"\n<h3 class=\"wp-block-heading has-luminous-vivid-orange-color has-text-color has-link-color has-medium-font-size wp-elements-2a4c33dbf241bf277bd87991a9cf3c5f\"><strong>CIV Reuni\u00f3n de Autoridades del IPGH<\/strong><\/h3>\n\n\n\n<p class=\"has-black-color has-text-color has-link-color wp-elements-bc3c33764641b6bff3b62a85f64f53c4\" style=\"font-size:18px\">El 13 de octubre, Tegucigalpa, capital de Honduras, fue sede de la CIV Reuni\u00f3n de Autoridades del Instituto Panamericano de Geograf\u00eda e Historia (IPGH), un espacio dedicado al an\u00e1lisis y planeaci\u00f3n institucional. En la sesi\u00f3n participaron la Presidenta del IPGH, Dra. Patricia Sol\u00eds; la Vicepresidenta, Lic. Pahola M\u00e9ndez; el Secretario General, Mtro. Antonio Campuzano Rosales; y los Presidentes de las Comisiones de Cartograf\u00eda, Geograf\u00eda, Historia y Geof\u00edsica.<\/p>\n\n\n\n<p class=\"has-black-color has-text-color has-link-color wp-elements-ef364f583c93663fa50d3dccde6d2345\" style=\"font-size:18px\">Durante esta jornada se revisaron informes, proyectos cient\u00edficos y propuestas administrativas que sirvieron de base para las decisiones que posteriormente ser\u00edan abordadas en la Asamblea General. Este encuentro permiti\u00f3 afinar estrategias y fortalecer la visi\u00f3n compartida de cooperaci\u00f3n t\u00e9cnica y cient\u00edfica entre los pa\u00edses del continente.<\/p>\n\n\n\n<div style=\"height:25px\" aria-hidden=\"true\" class=\"wp-block-spacer\"><\/div>\n\n\n\n<div class=\"alignnormal\"><div id=\"metaslider-id-11736\" style=\"max-width: 900px;\" class=\"ml-slider-3-101-0 metaslider metaslider-flex metaslider-11736 ml-slider has-dots-nav ms-theme-bubble\" role=\"region\" aria-label=\"CIV Reunion de Autoridades\" data-height=\"500\" data-width=\"900\">\n    <div id=\"metaslider_container_11736\">\n        <div id=\"metaslider_11736\">\n            <ul aria-live='off' class='slides'>\n                <li style=\"display: block; width: 100%;\" class=\"slide-11749 ms-image \" aria-roledescription=\"slide\" data-date=\"2025-11-03 15:36:13\"><img src=\"https:\/\/www.ipgh.org\/mx\/wp-content\/uploads\/2025\/11\/civ-ru-900x500.jpg\" height=\"500\" width=\"900\" alt=\"\" class=\"slider-11736 slide-11749 msDefaultImage\" title=\"civ ru\" \/><\/li>\n                <li style=\"display: none; width: 100%;\" class=\"slide-11750 ms-image \" aria-roledescription=\"slide\" data-date=\"2025-11-03 15:36:20\"><img src=\"https:\/\/www.ipgh.org\/mx\/wp-content\/uploads\/2025\/11\/560583998_1142216671422678_9010727336311461517_n-1-900x500.jpg\" height=\"500\" width=\"900\" alt=\"\" class=\"slider-11736 slide-11750 msDefaultImage\" title=\"560583998_1142216671422678_9010727336311461517_n\" \/><\/li>\n                <li style=\"display: none; width: 100%;\" class=\"slide-11752 ms-image \" aria-roledescription=\"slide\" data-date=\"2025-11-03 15:37:35\"><img src=\"https:\/\/www.ipgh.org\/mx\/wp-content\/uploads\/2025\/11\/559948595_1142331818077830_6314428574943656997_n-900x500.jpg\" height=\"500\" width=\"900\" alt=\"\" class=\"slider-11736 slide-11752 msDefaultImage\" title=\"559948595_1142331818077830_6314428574943656997_n\" \/><\/li>\n                <li style=\"display: none; width: 100%;\" class=\"slide-11754 ms-image \" aria-roledescription=\"slide\" data-date=\"2025-11-03 15:38:30\"><img src=\"https:\/\/www.ipgh.org\/mx\/wp-content\/uploads\/2025\/11\/CIV_RA-900x500.jpg\" height=\"500\" width=\"900\" alt=\"\" class=\"slider-11736 slide-11754 msDefaultImage\" title=\"CIV_RA\" \/><\/li>\n                <li style=\"display: none; width: 100%;\" class=\"slide-11753 ms-image \" aria-roledescription=\"slide\" data-date=\"2025-11-03 15:38:17\"><img src=\"https:\/\/www.ipgh.org\/mx\/wp-content\/uploads\/2025\/11\/559647340_1142331814744497_2629906466642408702_n-900x500.jpg\" height=\"500\" width=\"900\" alt=\"\" class=\"slider-11736 slide-11753 msDefaultImage\" title=\"559647340_1142331814744497_2629906466642408702_n\" \/><\/li>\n                <li style=\"display: none; width: 100%;\" class=\"slide-11755 ms-image \" aria-roledescription=\"slide\" data-date=\"2025-11-03 15:38:57\"><img src=\"https:\/\/www.ipgh.org\/mx\/wp-content\/uploads\/2025\/11\/AUV-RA-1-900x500.jpg\" height=\"500\" width=\"900\" alt=\"\" class=\"slider-11736 slide-11755 msDefaultImage\" title=\"AUV RA\" \/><\/li>\n                <li style=\"display: none; width: 100%;\" class=\"slide-11757 ms-image \" aria-roledescription=\"slide\" data-date=\"2025-11-03 15:39:51\"><img src=\"https:\/\/www.ipgh.org\/mx\/wp-content\/uploads\/2025\/11\/CVM_RAU1-900x500.jpg\" height=\"500\" width=\"900\" alt=\"\" class=\"slider-11736 slide-11757 msDefaultImage\" title=\"CVM_RAU1\" \/><\/li>\n                <li style=\"display: none; width: 100%;\" class=\"slide-11758 ms-image \" aria-roledescription=\"slide\" data-date=\"2025-11-03 15:40:01\"><img src=\"https:\/\/www.ipgh.org\/mx\/wp-content\/uploads\/2025\/11\/CIV_RA2-900x500.jpg\" height=\"500\" width=\"900\" alt=\"\" class=\"slider-11736 slide-11758 msDefaultImage\" title=\"CIV_RA2\" \/><\/li>\n                <li style=\"display: none; width: 100%;\" class=\"slide-11760 ms-image \" aria-roledescription=\"slide\" data-date=\"2025-11-03 15:46:57\"><img src=\"https:\/\/www.ipgh.org\/mx\/wp-content\/uploads\/2025\/11\/565809532_1142400024737676_4109370878430887809_n-900x500.jpg\" height=\"500\" width=\"900\" alt=\"\" class=\"slider-11736 slide-11760 msDefaultImage\" title=\"565809532_1142400024737676_4109370878430887809_n\" \/><\/li>\n            <\/ul>\n        <\/div>\n        \n    <\/div>\n<\/div><\/div>\n\n\n\n<div style=\"height:25px\" aria-hidden=\"true\" class=\"wp-block-spacer\"><\/div>\n\n\n\n<h3 class=\"wp-block-heading has-luminous-vivid-orange-color has-text-color has-link-color has-medium-font-size wp-elements-f4a0c9ed7606febe33862c8ad906539d\"><strong>Reuniones de Consulta de las Comisione<\/strong><\/h3>\n\n\n\n<p class=\"has-black-color has-text-color has-link-color wp-elements-107097d4501592eaf8a33df1430b512b\" style=\"font-size:18px\">Los d\u00edas <strong>13 y 14 de octubre<\/strong> continuaron las actividades con las <strong>Reuniones de Consulta de las Comisiones<\/strong>, donde expertos y representantes de los Estados Miembros del IPGH compartieron avances de investigaci\u00f3n, analizaron pol\u00edticas cient\u00edficas y revisaron los programas de trabajo para el pr\u00f3ximo periodo.<\/p>\n\n\n\n<p class=\"has-black-color has-text-color has-link-color wp-elements-a77bdc1cfd4aed41457df01c52684145\" style=\"font-size:18px\">Cada comisi\u00f3n sesion\u00f3 de manera independiente para discutir temas clave como la renovaci\u00f3n de sus autoridades, la definici\u00f3n de prioridades cient\u00edficas y la promoci\u00f3n de proyectos interdisciplinarios. Estos espacios de di\u00e1logo contribuyeron al fortalecimiento de la colaboraci\u00f3n panamericana en beneficio del desarrollo cient\u00edfico y t\u00e9cnico de la regi\u00f3n.<\/p>\n\n\n\n<div style=\"height:25px\" aria-hidden=\"true\" class=\"wp-block-spacer\"><\/div>\n\n\n\n<div class=\"wp-block-columns is-layout-flex wp-container-3 wp-block-columns-is-layout-flex\">\n<div class=\"wp-block-column is-layout-flow wp-block-column-is-layout-flow\">\n<figure class=\"wp-block-image size-large\"><img decoding=\"async\" loading=\"lazy\" width=\"1024\" height=\"579\" src=\"https:\/\/www.ipgh.org\/mx\/wp-content\/uploads\/2025\/12\/561399600_1143971104580568_7417914888513099946_n-1-1024x579.jpg\" alt=\"\" class=\"wp-image-11880\" srcset=\"https:\/\/www.ipgh.org\/mx\/wp-content\/uploads\/2025\/12\/561399600_1143971104580568_7417914888513099946_n-1-1024x579.jpg 1024w, https:\/\/www.ipgh.org\/mx\/wp-content\/uploads\/2025\/12\/561399600_1143971104580568_7417914888513099946_n-1-300x170.jpg 300w, https:\/\/www.ipgh.org\/mx\/wp-content\/uploads\/2025\/12\/561399600_1143971104580568_7417914888513099946_n-1-768x434.jpg 768w, https:\/\/www.ipgh.org\/mx\/wp-content\/uploads\/2025\/12\/561399600_1143971104580568_7417914888513099946_n-1-1536x869.jpg 1536w, https:\/\/www.ipgh.org\/mx\/wp-content\/uploads\/2025\/12\/561399600_1143971104580568_7417914888513099946_n-1.jpg 2048w\" sizes=\"(max-width: 1024px) 100vw, 1024px\" \/><\/figure>\n<\/div>\n\n\n\n<div class=\"wp-block-column is-layout-flow wp-block-column-is-layout-flow\">\n<figure class=\"wp-block-image size-large\"><img decoding=\"async\" loading=\"lazy\" width=\"1024\" height=\"579\" src=\"https:\/\/www.ipgh.org\/mx\/wp-content\/uploads\/2025\/12\/562357751_1143971124580566_528521853223559812_n-1-1024x579.jpg\" alt=\"\" class=\"wp-image-11881\" srcset=\"https:\/\/www.ipgh.org\/mx\/wp-content\/uploads\/2025\/12\/562357751_1143971124580566_528521853223559812_n-1-1024x579.jpg 1024w, https:\/\/www.ipgh.org\/mx\/wp-content\/uploads\/2025\/12\/562357751_1143971124580566_528521853223559812_n-1-300x170.jpg 300w, https:\/\/www.ipgh.org\/mx\/wp-content\/uploads\/2025\/12\/562357751_1143971124580566_528521853223559812_n-1-768x434.jpg 768w, https:\/\/www.ipgh.org\/mx\/wp-content\/uploads\/2025\/12\/562357751_1143971124580566_528521853223559812_n-1-1536x869.jpg 1536w, https:\/\/www.ipgh.org\/mx\/wp-content\/uploads\/2025\/12\/562357751_1143971124580566_528521853223559812_n-1.jpg 2048w\" sizes=\"(max-width: 1024px) 100vw, 1024px\" \/><\/figure>\n<\/div>\n<\/div>\n\n\n\n<div style=\"height:7px\" aria-hidden=\"true\" class=\"wp-block-spacer\"><\/div>\n\n\n\n<div class=\"wp-block-columns is-layout-flex wp-container-6 wp-block-columns-is-layout-flex\">\n<div class=\"wp-block-column is-layout-flow wp-block-column-is-layout-flow\">\n<figure class=\"wp-block-image size-large\"><img decoding=\"async\" loading=\"lazy\" width=\"1024\" height=\"579\" src=\"https:\/\/www.ipgh.org\/mx\/wp-content\/uploads\/2025\/12\/566209890_1143971101247235_6467786002386505338_n-1-1024x579.jpg\" alt=\"\" class=\"wp-image-11882\" srcset=\"https:\/\/www.ipgh.org\/mx\/wp-content\/uploads\/2025\/12\/566209890_1143971101247235_6467786002386505338_n-1-1024x579.jpg 1024w, https:\/\/www.ipgh.org\/mx\/wp-content\/uploads\/2025\/12\/566209890_1143971101247235_6467786002386505338_n-1-300x170.jpg 300w, https:\/\/www.ipgh.org\/mx\/wp-content\/uploads\/2025\/12\/566209890_1143971101247235_6467786002386505338_n-1-768x434.jpg 768w, https:\/\/www.ipgh.org\/mx\/wp-content\/uploads\/2025\/12\/566209890_1143971101247235_6467786002386505338_n-1-1536x869.jpg 1536w, https:\/\/www.ipgh.org\/mx\/wp-content\/uploads\/2025\/12\/566209890_1143971101247235_6467786002386505338_n-1.jpg 2048w\" sizes=\"(max-width: 1024px) 100vw, 1024px\" \/><\/figure>\n<\/div>\n\n\n\n<div class=\"wp-block-column is-layout-flow wp-block-column-is-layout-flow\">\n<figure class=\"wp-block-image size-large\"><img decoding=\"async\" loading=\"lazy\" width=\"1024\" height=\"579\" src=\"https:\/\/www.ipgh.org\/mx\/wp-content\/uploads\/2025\/12\/564683992_1143971107913901_2614192885823556716_n-1-1024x579.jpg\" alt=\"\" class=\"wp-image-11883\" srcset=\"https:\/\/www.ipgh.org\/mx\/wp-content\/uploads\/2025\/12\/564683992_1143971107913901_2614192885823556716_n-1-1024x579.jpg 1024w, https:\/\/www.ipgh.org\/mx\/wp-content\/uploads\/2025\/12\/564683992_1143971107913901_2614192885823556716_n-1-300x170.jpg 300w, https:\/\/www.ipgh.org\/mx\/wp-content\/uploads\/2025\/12\/564683992_1143971107913901_2614192885823556716_n-1-768x434.jpg 768w, https:\/\/www.ipgh.org\/mx\/wp-content\/uploads\/2025\/12\/564683992_1143971107913901_2614192885823556716_n-1-1536x869.jpg 1536w, https:\/\/www.ipgh.org\/mx\/wp-content\/uploads\/2025\/12\/564683992_1143971107913901_2614192885823556716_n-1.jpg 2048w\" sizes=\"(max-width: 1024px) 100vw, 1024px\" \/><\/figure>\n<\/div>\n<\/div>\n\n\n\n<div style=\"height:25px\" aria-hidden=\"true\" class=\"wp-block-spacer\"><\/div>\n\n\n\n<h3 class=\"wp-block-heading has-luminous-vivid-orange-color has-text-color has-link-color has-medium-font-size wp-elements-969188046f99403ab5bbd1f12b095b77\"><strong>26\u00aa Asamblea General del IPGH<\/strong><\/h3>\n\n\n\n<p class=\"has-black-color has-text-color has-link-color wp-elements-241a003a249aa0cbbf8c6c0c6d7d962d\" style=\"font-size:18px\">Del <strong>15 al 17 de octubre<\/strong>, se llev\u00f3 a cabo la <strong>26\u00aa Asamblea General del Instituto Panamericano de Geograf\u00eda e Historia<\/strong>, evento que marc\u00f3 el cierre de una intensa semana de trabajo en Tegucigalpa. Durante esta reuni\u00f3n se instalaron los <strong>Comit\u00e9s de Pol\u00edtica Cient\u00edfica, Administrativa, Financiera<\/strong> y el <strong>Comit\u00e9 Coordinador de Resoluciones<\/strong>, encargados de evaluar y redactar las resoluciones sometidas a consideraci\u00f3n de la Asamblea.<\/p>\n\n\n\n<p class=\"has-black-color has-text-color has-link-color wp-elements-ff2d7da7adbeb4e70d181ae53a9616f1\" style=\"font-size:18px\">Las resoluciones aprobadas, resultado del an\u00e1lisis t\u00e9cnico y del consenso entre los Estados Miembros, reflejan el compromiso del IPGH con el fortalecimiento institucional y el avance cient\u00edfico panamericano hacia el a\u00f1o 2026. En el marco de la Asamblea tambi\u00e9n se realiz\u00f3 la <strong>elecci\u00f3n de las nuevas autoridades<\/strong> del Instituto para el periodo <strong>2026\u20132029<\/strong>, resultando electos el <strong>MSc. Max Alberto Lobo Hern\u00e1ndez<\/strong> como Presidente; la <strong>Dra. Deirdre Dalpiaz Bishop<\/strong> como Vicepresidenta; y el <strong>Mtro. Antonio Campuzano Rosales<\/strong>, quien fue reelegido como Secretario General.<\/p>\n\n\n\n<p class=\"has-black-color has-text-color has-link-color wp-elements-cfbf12c81203be27f4be43defc0ad064\" style=\"font-size:18px\">El encuentro concluy\u00f3 con la entrega de los <strong>Premios de las Comisiones edici\u00f3n 2025<\/strong>, que reconocen la excelencia acad\u00e9mica y cient\u00edfica en las \u00e1reas de Cartograf\u00eda, Geograf\u00eda, Historia y Geof\u00edsica.<br>El Instituto Panamericano de Geograf\u00eda e Historia expres\u00f3 su m\u00e1s sincero agradecimiento al Gobierno y pueblo de Honduras por su c\u00e1lida hospitalidad y apoyo en la realizaci\u00f3n de estos eventos.<\/p>\n\n\n\n<div style=\"height:15px\" aria-hidden=\"true\" class=\"wp-block-spacer\"><\/div>\n\n\n<div class=\"wp-block-image\">\n<figure class=\"aligncenter size-large\"><img decoding=\"async\" loading=\"lazy\" width=\"1024\" height=\"579\" src=\"https:\/\/www.ipgh.org\/mx\/wp-content\/uploads\/2025\/12\/562344221_1144147387896273_2543316731869821377_n-1-1024x579.jpg\" alt=\"\" class=\"wp-image-11884\" srcset=\"https:\/\/www.ipgh.org\/mx\/wp-content\/uploads\/2025\/12\/562344221_1144147387896273_2543316731869821377_n-1-1024x579.jpg 1024w, https:\/\/www.ipgh.org\/mx\/wp-content\/uploads\/2025\/12\/562344221_1144147387896273_2543316731869821377_n-1-300x170.jpg 300w, https:\/\/www.ipgh.org\/mx\/wp-content\/uploads\/2025\/12\/562344221_1144147387896273_2543316731869821377_n-1-768x434.jpg 768w, https:\/\/www.ipgh.org\/mx\/wp-content\/uploads\/2025\/12\/562344221_1144147387896273_2543316731869821377_n-1-1536x869.jpg 1536w, https:\/\/www.ipgh.org\/mx\/wp-content\/uploads\/2025\/12\/562344221_1144147387896273_2543316731869821377_n-1.jpg 2048w\" sizes=\"(max-width: 1024px) 100vw, 1024px\" \/><\/figure><\/div>\n\n\n<div style=\"height:25px\" aria-hidden=\"true\" class=\"wp-block-spacer\"><\/div>\n\n\n\n<hr class=\"wp-block-separator has-text-color has-luminous-vivid-orange-color has-alpha-channel-opacity has-luminous-vivid-orange-background-color has-background is-style-dots\"\/>\n\n\n\n<p class=\"has-black-color has-text-color has-link-color has-large-font-size wp-elements-547166ae0f7ec1e4ecccaee8f651755a\"><strong>28<\/strong><\/p>\n\n\n\n<div style=\"height:20px\" aria-hidden=\"true\" class=\"wp-block-spacer\"><\/div>\n\n\n\n<p class=\"has-luminous-vivid-orange-color has-text-color has-link-color has-medium-font-size wp-elements-f55f77622ee13943cdea98f6c68690c4\"><strong>Reuni\u00f3n con editores de las revistas cient\u00edficas del IPGH<\/strong><\/p>\n\n\n\n<p class=\"has-black-color has-text-color has-link-color wp-elements-e9dec524a849c539d24a345f5afdf7be\" style=\"font-size:18px\">El martes 28 de octubre de 2025, en el Palacio Sede del Instituto Panamericano de Geograf\u00eda e Historia (IPGH), el Secretario General, Mtro. Antonio Campuzano Rosales, acompa\u00f1ado por el personal del Departamento de Comunicaci\u00f3n Social, sostuvo una reuni\u00f3n virtual con los editores de las revistas cient\u00edficas del Instituto: la Dra. Mar\u00eda Ester Gonz\u00e1lez (Revista Cartogr\u00e1fica), la Dra. Alexandra Pita Gonz\u00e1lez (Revista de Historia de Am\u00e9rica) y el Dr. Mario Rivera (Revista de Arqueolog\u00eda Americana).<\/p>\n\n\n\n<p class=\"has-black-color has-text-color has-link-color wp-elements-76ccfe8dd476c076ae88c1c3ee90a3f4\" style=\"font-size:18px\">Durante el encuentro, el Mtro. Campuzano present\u00f3 un recuento de los logros alcanzados durante su administraci\u00f3n, destacando la consolidaci\u00f3n de las publicaciones cient\u00edficas del IPGH como plataformas acad\u00e9micas de alto impacto en el continente americano. Subray\u00f3 adem\u00e1s la dedicaci\u00f3n, profesionalismo y constancia de los editores, quienes han contribuido de manera significativa al fortalecimiento del prestigio y la proyecci\u00f3n internacional del Instituto.<\/p>\n\n\n\n<p class=\"has-black-color has-text-color has-link-color wp-elements-e884ccf5d58a1a1d1f592e3d8e48bfb0\" style=\"font-size:18px\">En este contexto, anunci\u00f3 la aprobaci\u00f3n de la <strong>Resoluci\u00f3n 12<\/strong> de la 26\u00aa Asamblea General (15-17 de octubre, Tegucigalpa, Honduras), mediante la cual se otorga la <strong>Condecoraci\u00f3n Panamericana del Instituto Panamericano de Geograf\u00eda e Historia<\/strong> a cuatro de sus editores, as\u00ed como a la Sra. Guadalupe Romero, del Departamento de Comunicaci\u00f3n Social, quien ha estado a cargo de las revistas por m\u00e1s de una d\u00e9cada. Este reconocimiento destaca la trayectoria, el compromiso y las contribuciones sobresalientes de quienes han impulsado la difusi\u00f3n del conocimiento cient\u00edfico y la preservaci\u00f3n de la calidad editorial del IPGH. La distinci\u00f3n representa uno de los m\u00e1s altos honores otorgados anualmente por el Instituto.<\/p>\n\n\n\n<p class=\"has-black-color has-text-color has-link-color wp-elements-f4564d73c7ef1887f101431083ddd25b\" style=\"font-size:18px\">Asimismo, se inform\u00f3 sobre la aprobaci\u00f3n de los <strong>Reglamentos de Comunicaci\u00f3n Social y de Premios<\/strong>, instrumentos normativos que fortalecen la estructura institucional y garantizan procesos m\u00e1s claros y transparentes.<\/p>\n\n\n\n<div style=\"height:25px\" aria-hidden=\"true\" class=\"wp-block-spacer\"><\/div>\n\n\n<div class=\"wp-block-image\">\n<figure class=\"aligncenter size-large is-resized\"><img decoding=\"async\" loading=\"lazy\" src=\"https:\/\/www.ipgh.org\/mx\/wp-content\/uploads\/2025\/12\/571618507_1155983190046026_8956911096732530754_n-1024x579.jpg\" alt=\"\" class=\"wp-image-11885\" style=\"width:897px;height:507px\" width=\"897\" height=\"507\" srcset=\"https:\/\/www.ipgh.org\/mx\/wp-content\/uploads\/2025\/12\/571618507_1155983190046026_8956911096732530754_n-1024x579.jpg 1024w, https:\/\/www.ipgh.org\/mx\/wp-content\/uploads\/2025\/12\/571618507_1155983190046026_8956911096732530754_n-300x170.jpg 300w, https:\/\/www.ipgh.org\/mx\/wp-content\/uploads\/2025\/12\/571618507_1155983190046026_8956911096732530754_n-768x434.jpg 768w, https:\/\/www.ipgh.org\/mx\/wp-content\/uploads\/2025\/12\/571618507_1155983190046026_8956911096732530754_n-1536x869.jpg 1536w, https:\/\/www.ipgh.org\/mx\/wp-content\/uploads\/2025\/12\/571618507_1155983190046026_8956911096732530754_n.jpg 2048w\" sizes=\"(max-width: 897px) 100vw, 897px\" \/><\/figure><\/div>\n\n\n<div style=\"height:25px\" aria-hidden=\"true\" class=\"wp-block-spacer\"><\/div>\n\n\n\n<hr class=\"wp-block-separator has-text-color has-luminous-vivid-orange-color has-alpha-channel-opacity has-luminous-vivid-orange-background-color has-background is-style-wide\"\/>\n\n\n\n<div class=\"wp-block-buttons is-content-justification-right is-layout-flex wp-container-7 wp-block-buttons-is-layout-flex\">\n<div class=\"wp-block-button\"><a class=\"wp-block-button__link has-white-color has-luminous-vivid-orange-background-color has-text-color has-background has-link-color wp-element-button\" href=\"https:\/\/www.ipgh.org\/mx\/?page_id=10044\">Regresar<\/a><\/div>\n<\/div>\n","protected":false},"excerpt":{"rendered":"<p>CIV Reuni\u00f3n de Autoridades del IPGH El 13 de octubre, Tegucigalpa, capital de Honduras, fue sede de la CIV Reuni\u00f3n de Autoridades del Instituto Panamericano de Geograf\u00eda e Historia (IPGH), un espacio dedicado al an\u00e1lisis y planeaci\u00f3n institucional. En la sesi\u00f3n participaron la Presidenta del IPGH, Dra. Patricia Sol\u00eds; la Vicepresidenta, Lic. Pahola M\u00e9ndez; el <a class=\"read-more\" href=\"https:\/\/www.ipgh.org\/mx\/?page_id=11735\">LEER M\u00c1S<\/a><\/p>\n","protected":false},"author":1,"featured_media":0,"parent":0,"menu_order":0,"comment_status":"closed","ping_status":"closed","template":"","meta":{"footnotes":""},"_links":{"self":[{"href":"https:\/\/www.ipgh.org\/mx\/index.php?rest_route=\/wp\/v2\/pages\/11735"}],"collection":[{"href":"https:\/\/www.ipgh.org\/mx\/index.php?rest_route=\/wp\/v2\/pages"}],"about":[{"href":"https:\/\/www.ipgh.org\/mx\/index.php?rest_route=\/wp\/v2\/types\/page"}],"author":[{"embeddable":true,"href":"https:\/\/www.ipgh.org\/mx\/index.php?rest_route=\/wp\/v2\/users\/1"}],"replies":[{"embeddable":true,"href":"https:\/\/www.ipgh.org\/mx\/index.php?rest_route=%2Fwp%2Fv2%2Fcomments&post=11735"}],"version-history":[{"count":5,"href":"https:\/\/www.ipgh.org\/mx\/index.php?rest_route=\/wp\/v2\/pages\/11735\/revisions"}],"predecessor-version":[{"id":11889,"href":"https:\/\/www.ipgh.org\/mx\/index.php?rest_route=\/wp\/v2\/pages\/11735\/revisions\/11889"}],"wp:attachment":[{"href":"https:\/\/www.ipgh.org\/mx\/index.php?rest_route=%2Fwp%2Fv2%2Fmedia&parent=11735"}],"curies":[{"name":"wp","href":"https:\/\/api.w.org\/{rel}","templated":true}]}}