{"id":118,"date":"2022-08-10T21:02:28","date_gmt":"2022-08-11T02:02:28","guid":{"rendered":"http:\/\/www.ipgh.org\/mx\/?page_id=118"},"modified":"2026-03-13T12:48:38","modified_gmt":"2026-03-13T18:48:38","slug":"comisiones-2","status":"publish","type":"page","link":"https:\/\/www.ipgh.org\/mx\/?page_id=118","title":{"rendered":"Comisiones"},"content":{"rendered":"\n<p style=\"font-size:18px\">Las Comisiones del Instituto Panamericano de Geograf\u00eda e Historia, son los \u00f3rganos encargados de elaborar y ejecutar los programas cient\u00edficos y t\u00e9cnicos del IPGH aprobados por la Asamblea General. Adem\u00e1s, promueven y coordinan el desarrollo cient\u00edfico y t\u00e9cnico de sus respectivos campos de acci\u00f3n en los Pa\u00edses Miembros.<\/p>\n\n\n\n<p style=\"font-size:18px\">Las Comisiones tienen su sede en el pa\u00eds de elecci\u00f3n de sus Autoridades y se subdividen en Comit\u00e9s y Grupos de Trabajo. Se re\u00fanen ordinariamente cada dos a\u00f1os.<\/p>\n\n\n\n<div style=\"height:61px\" aria-hidden=\"true\" class=\"wp-block-spacer\"><\/div>\n\n\n<div class=\"wp-block-image\">\n<figure class=\"aligncenter size-large is-resized\"><img decoding=\"async\" loading=\"lazy\" src=\"https:\/\/www.ipgh.org\/mx\/wp-content\/uploads\/2026\/02\/1-1024x1024.png\" alt=\"\" class=\"wp-image-12021\" style=\"width:455px;height:455px\" width=\"455\" height=\"455\" srcset=\"https:\/\/www.ipgh.org\/mx\/wp-content\/uploads\/2026\/02\/1-1024x1024.png 1024w, https:\/\/www.ipgh.org\/mx\/wp-content\/uploads\/2026\/02\/1-300x300.png 300w, https:\/\/www.ipgh.org\/mx\/wp-content\/uploads\/2026\/02\/1-150x150.png 150w, https:\/\/www.ipgh.org\/mx\/wp-content\/uploads\/2026\/02\/1-768x768.png 768w, https:\/\/www.ipgh.org\/mx\/wp-content\/uploads\/2026\/02\/1.png 1080w\" sizes=\"(max-width: 455px) 100vw, 455px\" \/><\/figure><\/div>\n\n\n<div style=\"height:28px\" aria-hidden=\"true\" class=\"wp-block-spacer\"><\/div>\n\n\n\n<div class=\"wp-block-buttons alignwide is-horizontal is-content-justification-center is-layout-flex wp-container-1 wp-block-buttons-is-layout-flex\">\n<div class=\"wp-block-button has-custom-width wp-block-button__width-100 is-style-outline\"><a class=\"wp-block-button__link has-white-background-color has-text-color has-background has-link-color has-text-align-center wp-element-button\" href=\"https:\/\/www.ipgh.org\/mx\/wp-content\/uploads\/2026\/02\/Convocatoria_Cartografia_Maestria_26_03.02.26-1.pdf\" style=\"border-radius:12px;color:#0f0f76;padding-top:var(--wp--preset--spacing--30);padding-right:var(--wp--preset--spacing--80);padding-bottom:var(--wp--preset--spacing--30);padding-left:var(--wp--preset--spacing--80)\"><strong>Premio <\/strong>a la<strong> Mejor Tesis <\/strong>de<strong> Maestr\u00eda<\/strong> en<strong> Cartograf\u00eda, Geodesia <\/strong>y\/o<strong> Informaci\u00f3n Geogr\u00e1fica<\/strong><\/a><\/div>\n\n\n\n<div class=\"wp-block-button has-custom-width wp-block-button__width-100 has-custom-font-size is-style-outline\" style=\"font-size:16px\"><a class=\"wp-block-button__link has-white-background-color has-text-color has-background has-link-color has-text-align-center wp-element-button\" href=\"https:\/\/www.ipgh.org\/mx\/wp-content\/uploads\/2026\/02\/Convocatoria_Cartografia_Doctorado_03.02.26-1.pdf\" style=\"border-radius:12px;color:#3d95c9;padding-top:var(--wp--preset--spacing--30);padding-right:var(--wp--preset--spacing--80);padding-bottom:var(--wp--preset--spacing--30);padding-left:var(--wp--preset--spacing--80)\"><strong>Premio &#8220;Pedro Vicente Maldonado&#8221; <\/strong>a la<strong> Mejor Tesis <\/strong>de<strong> Doctorado <\/strong>en<strong> Cartograf\u00eda, <\/strong> <br><strong>Geodesia <\/strong>y\/o<strong> Informaci\u00f3n Geogr\u00e1fica<\/strong><\/a><\/div>\n\n\n\n<div class=\"wp-block-button has-custom-width wp-block-button__width-100 has-custom-font-size is-style-outline\" style=\"font-size:16px\"><a class=\"wp-block-button__link has-luminous-vivid-amber-color has-white-background-color has-text-color has-background has-link-color has-text-align-center wp-element-button\" href=\"https:\/\/drive.google.com\/file\/d\/1M6RCkmUmUiw7nnUlHGPRUKiKgRSSLbbN\/view?usp=drive_link\" style=\"border-radius:12px;padding-top:var(--wp--preset--spacing--30);padding-right:var(--wp--preset--spacing--80);padding-bottom:var(--wp--preset--spacing--30);padding-left:var(--wp--preset--spacing--80)\"><strong>Premio \u201cArch C. Gerlach\u201d<\/strong><\/a><\/div>\n\n\n\n<div class=\"wp-block-button has-custom-width wp-block-button__width-100 is-style-outline\"><a class=\"wp-block-button__link has-vivid-green-cyan-color has-white-background-color has-text-color has-background has-link-color wp-element-button\" href=\"https:\/\/drive.google.com\/file\/d\/1Pnjf31qtzGOMMnkVMr0yJVVk1AStCVsG\/view?usp=sharing\" style=\"border-radius:12px;padding-top:var(--wp--preset--spacing--30);padding-right:var(--wp--preset--spacing--80);padding-bottom:var(--wp--preset--spacing--30);padding-left:var(--wp--preset--spacing--80)\"><strong>Premio \u201cLuiz Muniz Barreto\u201d<\/strong><\/a><\/div>\n\n\n\n<div class=\"wp-block-button has-custom-width wp-block-button__width-100 is-style-outline\"><a class=\"wp-block-button__link has-white-background-color has-text-color has-background has-link-color has-text-align-center wp-element-button\" href=\"https:\/\/www.ipgh.org\/mx\/wp-content\/uploads\/2026\/02\/Convocatoria_Condecoracion_2026-2-1.pdf\" style=\"border-radius:12px;color:#170e5d;padding-top:var(--wp--preset--spacing--30);padding-right:var(--wp--preset--spacing--80);padding-bottom:var(--wp--preset--spacing--30);padding-left:var(--wp--preset--spacing--80)\"><strong>Condecoraci\u00f3n Panamericana<\/strong><\/a><\/div>\n<\/div>\n\n\n\n<div style=\"height:60px\" aria-hidden=\"true\" class=\"wp-block-spacer\"><\/div>\n\n\n\n<div class=\"wp-block-columns is-layout-flex wp-container-10 wp-block-columns-is-layout-flex\">\n<div class=\"wp-block-column is-layout-flow wp-block-column-is-layout-flow\">\n<div class=\"wp-block-columns is-layout-flex wp-container-4 wp-block-columns-is-layout-flex\">\n<div class=\"wp-block-column is-layout-flow wp-block-column-is-layout-flow\"><div class=\"wp-block-image\">\n<figure class=\"aligncenter size-large\"><a href=\"https:\/\/www.ipgh.org\/mx\/?page_id=5132\" target=\"_blank\" rel=\"noreferrer noopener\"><img decoding=\"async\" loading=\"lazy\" width=\"1024\" height=\"1024\" src=\"https:\/\/www.ipgh.org\/mx\/wp-content\/uploads\/2024\/02\/Banner_comision_cartografia2024-1024x1024.png\" alt=\"\" class=\"wp-image-6706\" srcset=\"https:\/\/www.ipgh.org\/mx\/wp-content\/uploads\/2024\/02\/Banner_comision_cartografia2024.png 1024w, https:\/\/www.ipgh.org\/mx\/wp-content\/uploads\/2024\/02\/Banner_comision_cartografia2024-300x300.png 300w, https:\/\/www.ipgh.org\/mx\/wp-content\/uploads\/2024\/02\/Banner_comision_cartografia2024-150x150.png 150w, https:\/\/www.ipgh.org\/mx\/wp-content\/uploads\/2024\/02\/Banner_comision_cartografia2024-768x768.png 768w\" sizes=\"(max-width: 1024px) 100vw, 1024px\" \/><\/a><\/figure><\/div>\n\n\n<div style=\"height:15px\" aria-hidden=\"true\" class=\"wp-block-spacer\"><\/div>\n\n\n\n<p style=\"font-size:18px\">Creada conforme a la Resoluci\u00f3n X adoptada en la III Asamblea General, celebrada en Lima, Per\u00fa, en abril del a\u00f1o 1941.<\/p>\n<\/div>\n\n\n\n<div class=\"wp-block-column is-layout-flow wp-block-column-is-layout-flow\"><div class=\"wp-block-image\">\n<figure class=\"aligncenter size-large\"><a href=\"https:\/\/www.ipgh.org\/mx\/?page_id=5133\" target=\"_blank\" rel=\"noreferrer noopener\"><img decoding=\"async\" loading=\"lazy\" width=\"1024\" height=\"1024\" src=\"https:\/\/www.ipgh.org\/mx\/wp-content\/uploads\/2024\/02\/Banner_comision_geografia2024-1024x1024.png\" alt=\"\" class=\"wp-image-6709\" srcset=\"https:\/\/www.ipgh.org\/mx\/wp-content\/uploads\/2024\/02\/Banner_comision_geografia2024.png 1024w, https:\/\/www.ipgh.org\/mx\/wp-content\/uploads\/2024\/02\/Banner_comision_geografia2024-300x300.png 300w, https:\/\/www.ipgh.org\/mx\/wp-content\/uploads\/2024\/02\/Banner_comision_geografia2024-150x150.png 150w, https:\/\/www.ipgh.org\/mx\/wp-content\/uploads\/2024\/02\/Banner_comision_geografia2024-768x768.png 768w\" sizes=\"(max-width: 1024px) 100vw, 1024px\" \/><\/a><\/figure><\/div>\n\n\n<div style=\"height:15px\" aria-hidden=\"true\" class=\"wp-block-spacer\"><\/div>\n\n\n\n<p style=\"font-size:18px\">Establecida de acuerdo a la Resoluci\u00f3n IV, de la IV Asamblea General, celebrada en Caracas, Venezuela, en agosto de 1946.<\/p>\n<\/div>\n<\/div>\n\n\n\n<p><\/p>\n<\/div>\n\n\n\n<div class=\"wp-block-column is-layout-flow wp-block-column-is-layout-flow\">\n<div class=\"wp-block-columns is-layout-flex wp-container-8 wp-block-columns-is-layout-flex\">\n<div class=\"wp-block-column is-layout-flow wp-block-column-is-layout-flow\"><div class=\"wp-block-image\">\n<figure class=\"aligncenter size-large is-resized\"><a href=\"https:\/\/www.ipgh.org\/mx\/?page_id=524\" target=\"_blank\" rel=\"noreferrer noopener\"><img decoding=\"async\" loading=\"lazy\" src=\"https:\/\/www.ipgh.org\/mx\/wp-content\/uploads\/2024\/02\/Banner_comision_historia2024-1024x1024.png\" alt=\"\" class=\"wp-image-6703\" style=\"width:277px;height:277px\" width=\"277\" height=\"277\" srcset=\"https:\/\/www.ipgh.org\/mx\/wp-content\/uploads\/2024\/02\/Banner_comision_historia2024.png 1024w, https:\/\/www.ipgh.org\/mx\/wp-content\/uploads\/2024\/02\/Banner_comision_historia2024-300x300.png 300w, https:\/\/www.ipgh.org\/mx\/wp-content\/uploads\/2024\/02\/Banner_comision_historia2024-150x150.png 150w, https:\/\/www.ipgh.org\/mx\/wp-content\/uploads\/2024\/02\/Banner_comision_historia2024-768x768.png 768w\" sizes=\"(max-width: 277px) 100vw, 277px\" \/><\/a><\/figure><\/div>\n\n\n<div style=\"height:15px\" aria-hidden=\"true\" class=\"wp-block-spacer\"><\/div>\n\n\n\n<p style=\"font-size:18px\">Concebida conforme a la Resoluci\u00f3n XXVII adoptada en la IV Asamblea General, celebrada en Caracas, Venezuela, en agosto de 1946.<\/p>\n<\/div>\n\n\n\n<div class=\"wp-block-column is-layout-flow wp-block-column-is-layout-flow\"><div class=\"wp-block-image\">\n<figure class=\"aligncenter size-large\"><a href=\"https:\/\/www.ipgh.org\/mx\/?page_id=5143\" target=\"_blank\" rel=\"noreferrer noopener\"><img decoding=\"async\" loading=\"lazy\" width=\"1024\" height=\"1024\" src=\"https:\/\/www.ipgh.org\/mx\/wp-content\/uploads\/2024\/02\/Banner_comision_geofisica2024-1024x1024.png\" alt=\"\" class=\"wp-image-6711\" srcset=\"https:\/\/www.ipgh.org\/mx\/wp-content\/uploads\/2024\/02\/Banner_comision_geofisica2024.png 1024w, https:\/\/www.ipgh.org\/mx\/wp-content\/uploads\/2024\/02\/Banner_comision_geofisica2024-300x300.png 300w, https:\/\/www.ipgh.org\/mx\/wp-content\/uploads\/2024\/02\/Banner_comision_geofisica2024-150x150.png 150w, https:\/\/www.ipgh.org\/mx\/wp-content\/uploads\/2024\/02\/Banner_comision_geofisica2024-768x768.png 768w\" sizes=\"(max-width: 1024px) 100vw, 1024px\" \/><\/a><\/figure><\/div>\n\n\n<div style=\"height:15px\" aria-hidden=\"true\" class=\"wp-block-spacer\"><\/div>\n\n\n\n<p style=\"font-size:18px\">Creada de acuerdo a la Resoluci\u00f3n I adoptada en la IX Asamblea General, celebrada en Washington, D.C., Estados Unidos, en junio de 1969.<\/p>\n<\/div>\n<\/div>\n<\/div>\n<\/div>\n\n\n\n<div style=\"height:30px\" aria-hidden=\"true\" class=\"wp-block-spacer\"><\/div>\n\n\n\n<div style=\"height:20px\" aria-hidden=\"true\" class=\"wp-block-spacer\"><\/div>\n\n\n\n<p><\/p>\n","protected":false},"excerpt":{"rendered":"<p>Las Comisiones del Instituto Panamericano de Geograf\u00eda e Historia, son los \u00f3rganos encargados de elaborar y ejecutar los programas cient\u00edficos y t\u00e9cnicos del IPGH aprobados por la Asamblea General. Adem\u00e1s, promueven y coordinan el desarrollo cient\u00edfico y t\u00e9cnico de sus respectivos campos de acci\u00f3n en los Pa\u00edses Miembros. Las Comisiones tienen su sede en el <a class=\"read-more\" href=\"https:\/\/www.ipgh.org\/mx\/?page_id=118\">LEER M\u00c1S<\/a><\/p>\n","protected":false},"author":1,"featured_media":0,"parent":0,"menu_order":3,"comment_status":"closed","ping_status":"closed","template":"","meta":{"footnotes":""},"_links":{"self":[{"href":"https:\/\/www.ipgh.org\/mx\/index.php?rest_route=\/wp\/v2\/pages\/118"}],"collection":[{"href":"https:\/\/www.ipgh.org\/mx\/index.php?rest_route=\/wp\/v2\/pages"}],"about":[{"href":"https:\/\/www.ipgh.org\/mx\/index.php?rest_route=\/wp\/v2\/types\/page"}],"author":[{"embeddable":true,"href":"https:\/\/www.ipgh.org\/mx\/index.php?rest_route=\/wp\/v2\/users\/1"}],"replies":[{"embeddable":true,"href":"https:\/\/www.ipgh.org\/mx\/index.php?rest_route=%2Fwp%2Fv2%2Fcomments&post=118"}],"version-history":[{"count":36,"href":"https:\/\/www.ipgh.org\/mx\/index.php?rest_route=\/wp\/v2\/pages\/118\/revisions"}],"predecessor-version":[{"id":12107,"href":"https:\/\/www.ipgh.org\/mx\/index.php?rest_route=\/wp\/v2\/pages\/118\/revisions\/12107"}],"wp:attachment":[{"href":"https:\/\/www.ipgh.org\/mx\/index.php?rest_route=%2Fwp%2Fv2%2Fmedia&parent=118"}],"curies":[{"name":"wp","href":"https:\/\/api.w.org\/{rel}","templated":true}]}}