{"id":139,"date":"2022-08-11T15:12:55","date_gmt":"2022-08-11T20:12:55","guid":{"rendered":"http:\/\/www.ipgh.org\/mx\/?page_id=139"},"modified":"2025-09-15T14:42:29","modified_gmt":"2025-09-15T20:42:29","slug":"alianzas-estrategicas","status":"publish","type":"page","link":"https:\/\/www.ipgh.org\/mx\/?page_id=139","title":{"rendered":"Alianzas Estrat\u00e9gicas"},"content":{"rendered":"\n<p class=\"has-medium-font-size\">Uno de los objetivos del Instituto Panamericano de Geograf\u00eda e Historia es articular y promover relaciones concernientes a sus \u00e1reas de inter\u00e9s, entre los Estados Miembros, la sociedad civil, as\u00ed como las organizaciones internacionales cient\u00edficas, acad\u00e9micas e iniciativa privada.&nbsp;<\/p>\n\n\n\n<p class=\"has-medium-font-size\">Bajo ese marco, el IPGH ha constituido diversas sinergias para la uni\u00f3n de fuerzas y recursos con instituciones cient\u00edficas internacionales, as\u00ed como empresas de la iniciativa privada (Socios Cooperadores), vinculadas a la misi\u00f3n visi\u00f3n y principios institucionales.<\/p>\n\n\n\n<p class=\"has-medium-font-size\">Asimismo, los objetivos en beneficio mutuo sustentan una de las misiones del IPGH, que es: promover la cooperaci\u00f3n interdisciplinaria entre los institutos de Am\u00e9rica y organizaciones internacionales afines.<\/p>\n\n\n\n<hr class=\"wp-block-separator has-alpha-channel-opacity\"\/>\n\n\n\n<div class=\"wp-block-columns is-layout-flex wp-container-4 wp-block-columns-is-layout-flex\">\n<div class=\"wp-block-column is-layout-flow wp-block-column-is-layout-flow\"><div class=\"wp-block-image\">\n<figure class=\"aligncenter size-full is-resized\"><a href=\"https:\/\/sirgas.ipgh.org\/\" target=\"_blank\" rel=\"noreferrer noopener\"><img decoding=\"async\" loading=\"lazy\" src=\"https:\/\/www.ipgh.org\/mx\/wp-content\/uploads\/2024\/06\/Sirgas-1.gif\" alt=\"\" class=\"wp-image-7233\" style=\"width:277px;height:182px\" width=\"277\" height=\"182\"\/><\/a><\/figure><\/div><\/div>\n\n\n\n<div class=\"wp-block-column is-layout-flow wp-block-column-is-layout-flow\"><div class=\"wp-block-image\">\n<figure class=\"aligncenter size-full is-resized\"><a href=\"https:\/\/geo.cepal.org\/en\/inicio.html\" target=\"_blank\" rel=\"noreferrer noopener\"><img decoding=\"async\" loading=\"lazy\" src=\"https:\/\/www.ipgh.org\/mx\/wp-content\/uploads\/2024\/06\/UNGGIM-1.gif\" alt=\"\" class=\"wp-image-7234\" style=\"object-fit:cover;width:277px;height:169px\" width=\"277\" height=\"169\"\/><\/a><\/figure><\/div><\/div>\n\n\n\n<div class=\"wp-block-column is-layout-flow wp-block-column-is-layout-flow\"><div class=\"wp-block-image\">\n<figure class=\"aligncenter size-full is-resized\"><a href=\"https:\/\/geo.cepal.org\/en\/inicio.html\" target=\"_blank\" rel=\"noreferrer noopener\"><img decoding=\"async\" loading=\"lazy\" src=\"https:\/\/www.ipgh.org\/mx\/wp-content\/uploads\/2024\/06\/UNIGIS-1.gif\" alt=\"\" class=\"wp-image-7236\" style=\"object-fit:cover;width:277px;height:180px\" width=\"277\" height=\"180\"\/><\/a><\/figure><\/div><\/div>\n<\/div>\n\n\n\n<div class=\"wp-block-columns is-layout-flex wp-container-8 wp-block-columns-is-layout-flex\">\n<div class=\"wp-block-column is-layout-flow wp-block-column-is-layout-flow\"><div class=\"wp-block-image\">\n<figure class=\"aligncenter size-full is-resized\"><a href=\"https:\/\/www.oas.org\/es\/columbus\/default.asp\" target=\"_blank\" rel=\"noreferrer noopener\"><img decoding=\"async\" loading=\"lazy\" src=\"https:\/\/www.ipgh.org\/mx\/wp-content\/uploads\/2024\/06\/oea-1.gif\" alt=\"\" class=\"wp-image-7237\" style=\"width:277px;height:183px\" width=\"277\" height=\"183\"\/><\/a><\/figure><\/div><\/div>\n\n\n\n<div class=\"wp-block-column is-layout-flow wp-block-column-is-layout-flow\"><div class=\"wp-block-image\">\n<figure class=\"aligncenter size-full is-resized\"><a href=\"https:\/\/www.bibliotecanacional.gob.cl\/\" target=\"_blank\" rel=\"noreferrer noopener\"><img decoding=\"async\" loading=\"lazy\" src=\"https:\/\/www.ipgh.org\/mx\/wp-content\/uploads\/2024\/06\/BNAL_chile-2.gif\" alt=\"\" class=\"wp-image-7249\" style=\"width:277px;height:183px\" width=\"277\" height=\"183\"\/><\/a><\/figure><\/div><\/div>\n\n\n\n<div class=\"wp-block-column is-layout-flow wp-block-column-is-layout-flow\"><div class=\"wp-block-image\">\n<figure class=\"aligncenter size-full is-resized\"><a href=\"https:\/\/www.enah.edu.mx\/index.php\/catalogo-biblio\" target=\"_blank\" rel=\"noreferrer noopener\"><img decoding=\"async\" loading=\"lazy\" src=\"https:\/\/www.ipgh.org\/mx\/wp-content\/uploads\/2024\/06\/enah-1.gif\" alt=\"\" class=\"wp-image-7239\" style=\"width:277px;height:182px\" width=\"277\" height=\"182\"\/><\/a><\/figure><\/div><\/div>\n<\/div>\n\n\n\n<div class=\"wp-block-columns is-layout-flex wp-container-12 wp-block-columns-is-layout-flex\">\n<div class=\"wp-block-column is-layout-flow wp-block-column-is-layout-flow\"><div class=\"wp-block-image\">\n<figure class=\"aligncenter size-full is-resized\"><a href=\"https:\/\/revistamapping.com\/\" target=\"_blank\" rel=\"noreferrer noopener\"><img decoding=\"async\" loading=\"lazy\" src=\"https:\/\/www.ipgh.org\/mx\/wp-content\/uploads\/2024\/06\/mapping-1.gif\" alt=\"\" class=\"wp-image-7240\" style=\"width:276px;height:182px\" width=\"276\" height=\"182\"\/><\/a><\/figure><\/div><\/div>\n\n\n\n<div class=\"wp-block-column is-layout-flow wp-block-column-is-layout-flow\"><div class=\"wp-block-image\">\n<figure class=\"aligncenter size-full is-resized\"><a href=\"https:\/\/www.igac.gov.co\/\" target=\"_blank\" rel=\"noreferrer noopener\"><img decoding=\"async\" loading=\"lazy\" src=\"https:\/\/www.ipgh.org\/mx\/wp-content\/uploads\/2024\/06\/IGAC-1.gif\" alt=\"\" class=\"wp-image-7241\" style=\"width:276px;height:182px\" width=\"276\" height=\"182\"\/><\/a><\/figure><\/div><\/div>\n\n\n\n<div class=\"wp-block-column is-layout-flow wp-block-column-is-layout-flow\"><div class=\"wp-block-image\">\n<figure class=\"aligncenter size-full is-resized\"><a href=\"https:\/\/www.centrogeo.org.mx\/\" target=\"_blank\" rel=\"noreferrer noopener\"><img decoding=\"async\" loading=\"lazy\" src=\"https:\/\/www.ipgh.org\/mx\/wp-content\/uploads\/2024\/06\/CentroGeo-1.gif\" alt=\"\" class=\"wp-image-7242\" style=\"width:276px;height:182px\" width=\"276\" height=\"182\"\/><\/a><\/figure><\/div><\/div>\n<\/div>\n\n\n\n<div class=\"wp-block-columns is-layout-flex wp-container-16 wp-block-columns-is-layout-flex\">\n<div class=\"wp-block-column is-layout-flow wp-block-column-is-layout-flow\"><div class=\"wp-block-image\">\n<figure class=\"aligncenter size-full is-resized\"><a href=\"https:\/\/cepeige.org\/home\/\" target=\"_blank\" rel=\"noreferrer noopener\"><img decoding=\"async\" loading=\"lazy\" src=\"https:\/\/www.ipgh.org\/mx\/wp-content\/uploads\/2024\/06\/Cepeige.gif\" alt=\"CEPEIGE\" class=\"wp-image-7243\" style=\"width:276px;height:181px\" width=\"276\" height=\"181\"\/><\/a><\/figure><\/div><\/div>\n\n\n\n<div class=\"wp-block-column is-layout-flow wp-block-column-is-layout-flow\"><div class=\"wp-block-image\">\n<figure class=\"aligncenter size-full is-resized\"><a href=\"http:\/\/www.cialc.unam.mx\/\" target=\"_blank\" rel=\"noreferrer noopener\"><img decoding=\"async\" loading=\"lazy\" src=\"https:\/\/www.ipgh.org\/mx\/wp-content\/uploads\/2024\/06\/cialc-1.gif\" alt=\"\" class=\"wp-image-7244\" style=\"width:275px;height:181px\" width=\"275\" height=\"181\"\/><\/a><\/figure><\/div><\/div>\n\n\n\n<div class=\"wp-block-column is-layout-flow wp-block-column-is-layout-flow\"><div class=\"wp-block-image\">\n<figure class=\"aligncenter size-full is-resized\"><a href=\"https:\/\/www.oas.org\/es\/\" target=\"_blank\" rel=\"noreferrer noopener\"><img decoding=\"async\" loading=\"lazy\" src=\"https:\/\/www.ipgh.org\/mx\/wp-content\/uploads\/2024\/06\/OEA1-1.gif\" alt=\"\" class=\"wp-image-7245\" style=\"width:277px;height:182px\" width=\"277\" height=\"182\"\/><\/a><\/figure><\/div><\/div>\n<\/div>\n\n\n\n<div class=\"wp-block-columns is-layout-flex wp-container-20 wp-block-columns-is-layout-flex\">\n<div class=\"wp-block-column is-layout-flow wp-block-column-is-layout-flow\"><div class=\"wp-block-image\">\n<figure class=\"aligncenter size-full is-resized\"><a href=\"https:\/\/www.ign.es\/web\/inicio?locale=es\" target=\"_blank\" rel=\"noreferrer noopener\"><img decoding=\"async\" loading=\"lazy\" src=\"https:\/\/www.ipgh.org\/mx\/wp-content\/uploads\/2024\/06\/IGN_CNIG-1.gif\" alt=\"\" class=\"wp-image-7246\" style=\"width:278px;height:183px\" width=\"278\" height=\"183\"\/><\/a><\/figure><\/div><\/div>\n\n\n\n<div class=\"wp-block-column is-layout-flow wp-block-column-is-layout-flow\"><div class=\"wp-block-image\">\n<figure class=\"aligncenter size-full is-resized\"><a href=\"https:\/\/mapoteca.siap.gob.mx\/\" target=\"_blank\" rel=\"noreferrer noopener\"><img decoding=\"async\" loading=\"lazy\" src=\"https:\/\/www.ipgh.org\/mx\/wp-content\/uploads\/2024\/06\/MAPOTECA-1.gif\" alt=\"\" class=\"wp-image-7247\" style=\"width:277px;height:182px\" width=\"277\" height=\"182\"\/><\/a><\/figure><\/div><\/div>\n\n\n\n<div class=\"wp-block-column is-layout-flow wp-block-column-is-layout-flow\"><div class=\"wp-block-image\">\n<figure class=\"aligncenter size-full is-resized\"><a href=\"https:\/\/ciesas.edu.mx\/\" target=\"_blank\" rel=\"noreferrer noopener\"><img decoding=\"async\" loading=\"lazy\" src=\"https:\/\/www.ipgh.org\/mx\/wp-content\/uploads\/2025\/09\/Logo-secihti-ciesas-2.png\" alt=\"\" class=\"wp-image-11145\" style=\"width:150px;height:182px\" width=\"150\" height=\"182\"\/><\/a><\/figure><\/div><\/div>\n<\/div>\n\n\n\n<div class=\"wp-block-columns is-layout-flex wp-container-24 wp-block-columns-is-layout-flex\">\n<div class=\"wp-block-column is-layout-flow wp-block-column-is-layout-flow\"><\/div>\n\n\n\n<div class=\"wp-block-column is-layout-flow wp-block-column-is-layout-flow\"><div class=\"wp-block-image\">\n<figure class=\"aligncenter size-large is-resized\"><a href=\"https:\/\/igu-online.org\/\" target=\"_blank\" rel=\"noreferrer noopener\"><img decoding=\"async\" loading=\"lazy\" src=\"https:\/\/www.ipgh.org\/mx\/wp-content\/uploads\/2025\/09\/UGI_UGI-768x1024.jpg\" alt=\"\" class=\"wp-image-11163\" style=\"width:139px;height:185px\" width=\"139\" height=\"185\" srcset=\"https:\/\/www.ipgh.org\/mx\/wp-content\/uploads\/2025\/09\/UGI_UGI-768x1024.jpg 768w, https:\/\/www.ipgh.org\/mx\/wp-content\/uploads\/2025\/09\/UGI_UGI-225x300.jpg 225w, https:\/\/www.ipgh.org\/mx\/wp-content\/uploads\/2025\/09\/UGI_UGI.jpg 886w\" sizes=\"(max-width: 139px) 100vw, 139px\" \/><\/a><\/figure><\/div><\/div>\n\n\n\n<div class=\"wp-block-column is-layout-flow wp-block-column-is-layout-flow\"><\/div>\n<\/div>\n","protected":false},"excerpt":{"rendered":"<p>Uno de los objetivos del Instituto Panamericano de Geograf\u00eda e Historia es articular y promover relaciones concernientes a sus \u00e1reas de inter\u00e9s, entre los Estados Miembros, la sociedad civil, as\u00ed como las organizaciones internacionales cient\u00edficas, acad\u00e9micas e iniciativa privada.&nbsp; Bajo ese marco, el IPGH ha constituido diversas sinergias para la uni\u00f3n de fuerzas y recursos <a class=\"read-more\" href=\"https:\/\/www.ipgh.org\/mx\/?page_id=139\">LEER M\u00c1S<\/a><\/p>\n","protected":false},"author":1,"featured_media":0,"parent":0,"menu_order":0,"comment_status":"closed","ping_status":"closed","template":"","meta":{"footnotes":""},"_links":{"self":[{"href":"https:\/\/www.ipgh.org\/mx\/index.php?rest_route=\/wp\/v2\/pages\/139"}],"collection":[{"href":"https:\/\/www.ipgh.org\/mx\/index.php?rest_route=\/wp\/v2\/pages"}],"about":[{"href":"https:\/\/www.ipgh.org\/mx\/index.php?rest_route=\/wp\/v2\/types\/page"}],"author":[{"embeddable":true,"href":"https:\/\/www.ipgh.org\/mx\/index.php?rest_route=\/wp\/v2\/users\/1"}],"replies":[{"embeddable":true,"href":"https:\/\/www.ipgh.org\/mx\/index.php?rest_route=%2Fwp%2Fv2%2Fcomments&post=139"}],"version-history":[{"count":20,"href":"https:\/\/www.ipgh.org\/mx\/index.php?rest_route=\/wp\/v2\/pages\/139\/revisions"}],"predecessor-version":[{"id":11165,"href":"https:\/\/www.ipgh.org\/mx\/index.php?rest_route=\/wp\/v2\/pages\/139\/revisions\/11165"}],"wp:attachment":[{"href":"https:\/\/www.ipgh.org\/mx\/index.php?rest_route=%2Fwp%2Fv2%2Fmedia&parent=139"}],"curies":[{"name":"wp","href":"https:\/\/api.w.org\/{rel}","templated":true}]}}