{"id":191,"date":"2022-08-12T13:53:53","date_gmt":"2022-08-12T18:53:53","guid":{"rendered":"http:\/\/www.ipgh.org\/mx\/?page_id=191"},"modified":"2024-05-08T13:32:05","modified_gmt":"2024-05-08T18:32:05","slug":"antecedentes-2","status":"publish","type":"page","link":"https:\/\/www.ipgh.org\/mx\/?page_id=191","title":{"rendered":"Antecedentes"},"content":{"rendered":"\n<div class=\"wp-block-media-text alignfull is-stacked-on-mobile is-vertically-aligned-center\" style=\"grid-template-columns:47% auto\"><figure class=\"wp-block-media-text__media\"><img decoding=\"async\" loading=\"lazy\" width=\"1024\" height=\"797\" src=\"http:\/\/www.ipgh.org\/mx\/wp-content\/uploads\/2022\/09\/ANTECEDENTES.jpg\" alt=\"\" class=\"wp-image-1149 size-full\" srcset=\"https:\/\/www.ipgh.org\/mx\/wp-content\/uploads\/2022\/09\/ANTECEDENTES.jpg 1024w, https:\/\/www.ipgh.org\/mx\/wp-content\/uploads\/2022\/09\/ANTECEDENTES-300x233.jpg 300w, https:\/\/www.ipgh.org\/mx\/wp-content\/uploads\/2022\/09\/ANTECEDENTES-768x598.jpg 768w\" sizes=\"(max-width: 1024px) 100vw, 1024px\" \/><\/figure><div class=\"wp-block-media-text__content\">\n<p class=\"has-medium-font-size\">Bien conocida es la iniciativa impulsada por Sim\u00f3n Bol\u00edvar orientada a promover la uni\u00f3n de las naciones hispanoamericanas. El Congreso de Panam\u00e1 reunido en 1826, y continuado posteriormente en Tacubaya, M\u00e9xico, constituy\u00f3 el primer intento de llevar a la pr\u00e1ctica el ideal bolivariano. Luego de su cierre, la idea de la uni\u00f3n de los pa\u00edses americanos se mantuvo en suspenso pero latente.<\/p>\n<\/div><\/div>\n\n\n\n<p><\/p>\n\n\n\n<p class=\"has-medium-font-size\">Fue a finales del siglo XIX y principios del XX, que las Conferencias Internacionales Americanas constituyeron un renovado impulso al panamericanismo, entendido como el deseo de los pa\u00edses de Am\u00e9rica de estrechar v\u00ednculos en los campos de la seguridad, la econom\u00eda, los aspectos sociales y culturales, entre otros.<\/p>\n\n\n\n<p class=\"has-medium-font-size\">Mientras se suced\u00edan estas Conferencias \u2014la primera en Washington (1889); la segunda en M\u00e9xico (1901-1902); la tercera en R\u00edo de Janeiro (1906); la cuarta en Buenos Aires (1910) y la quinta en Santiago de Chile (1923)\u2014, se registraron diversas manifestaciones nacionales de fomento y complementaci\u00f3n cient\u00edfica.<\/p>\n\n\n\n<p class=\"has-medium-font-size\">A finales de 1926, conforme al procedimiento usual, el Gobierno de la Rep\u00fablica de Cuba, designada como sede de la Sexta Conferencia Internacional Americana, procedi\u00f3 a convocar oficialmente dicha reuni\u00f3n.<\/p>\n\n\n\n<p class=\"has-medium-font-size\">El programa fue establecido por el Consejo Directivo de la Uni\u00f3n Panamericana, con sede en Washington, en 1927. Entre los grandes temas fijados, resaltaron: Orden Jur\u00eddico Interamericano, Problemas Sociales,, y Cooperaci\u00f3n Intelectual. Este \u00faltimo tema incluy\u00f3 como primer punto: \u201cEstablecimiento de un Instituto Geogr\u00e1fico Panamericano que sirva de centro de coordinaci\u00f3n, distribuci\u00f3n y divulgaci\u00f3n de los estudios geogr\u00e1ficos en los Estados Americanos y de \u00f3rgano de cooperaci\u00f3n entre los institutos geogr\u00e1ficos de Am\u00e9rica\u201d.<\/p>\n\n\n\n<p class=\"has-medium-font-size\">En la Sexta Conferencia que se desarroll\u00f3 en La Habana entre el 16 de enero y el 20 de febrero de 1928, se presentaron dos proyectos para la creaci\u00f3n del Instituto Geogr\u00e1fico Panamericano, uno por parte de la Delegaci\u00f3n de M\u00e9xico y otro de la Delegaci\u00f3n de Cuba.<\/p>\n\n\n\n<p class=\"has-medium-font-size\">Luego de acordar algunas modificaciones al proyecto, se opt\u00f3 finalmente por la presentaci\u00f3n mexicana, donde desempe\u00f1\u00f3 un papel relevante el ingeniero Pedro C. S\u00e1nchez.<\/p>\n\n\n\n<p class=\"has-medium-font-size\">Si bien inicialmente se habl\u00f3 solamente de Geograf\u00eda, apareci\u00f3 inmediatamente la Historia como una necesidad imprescindible para el estudio de las cuestiones propias de las \u00e1reas colindantes entre Estados.<\/p>\n\n\n\n<p class=\"has-medium-font-size\">Fue aprobada por unanimidad, la creaci\u00f3n del Instituto Panamericano de Geograf\u00eda e Historia, por la Sexta Conferencia Internacional Americana, en pleno, el 7 de febrero de 1928.<\/p>\n\n\n\n<p class=\"has-medium-font-size\">Entre los objetivos liminares acordados figuraban la coordinaci\u00f3n y divulgaci\u00f3n de los estudios geogr\u00e1ficos, la cooperaci\u00f3n entre los institutos de Am\u00e9rica, la realizaci\u00f3n de investigaciones sobre la materia, la intervenci\u00f3n en el estudio de las fronteras y la formaci\u00f3n de un repositorio documental y de una biblioteca especializada; adem\u00e1s se resolvi\u00f3 que la Uni\u00f3n Panamericana fijara la sede del Instituto y se establecieron como lenguas oficiales el espa\u00f1ol, portugu\u00e9s, ingl\u00e9s y franc\u00e9s.<\/p>\n\n\n\n<p class=\"has-medium-font-size\">El 18 de junio de 1928, la Secretar\u00eda de Agricultura y Fomento del Gobierno de M\u00e9xico le expres\u00f3 a la Secretar\u00eda de Relaciones Exteriores su entera conformidad para que la sede del IPGH fuera la ciudad de M\u00e9xico.<\/p>\n\n\n\n<p class=\"has-medium-font-size\">Por medio de la Embajada en Washington, se hizo del conocimiento de la Uni\u00f3n Panamericana, lo grato que ser\u00eda para M\u00e9xico ser sede del Instituto Panamericano de Geograf\u00eda e Historia, a lo cual, previo dictamen de una Comisi\u00f3n Especial del Consejo Directivo de la Uni\u00f3n Panamericana, se resolvi\u00f3 el d\u00eda 8 de noviembre de 1928, designar la ciudad de M\u00e9xico como sede del IPGH.<\/p>\n\n\n\n<p class=\"has-medium-font-size\">Por iniciativa del ingeniero Pedro C. S\u00e1nchez, se eligi\u00f3 un terreno ubicado en la parte nororiental del edificio que ocupaba la entonces la Direcci\u00f3n de Estudios Geogr\u00e1ficos y Climatol\u00f3gicos de la Secretar\u00eda de Agricultura y Fomento, en Tacubaya, para construir las nuevas instalaciones.<\/p>\n\n\n\n<p class=\"has-medium-font-size\">Lo cierto es que en 1929 se iniciaron los trabajos de construcci\u00f3n de la sede, los cuales concluyeron el 5 de mayo de 1930, d\u00eda de la Batalla de Puebla, fecha en que se realiz\u00f3 la ceremonia de inauguraci\u00f3n del Palacio sede del IPGH, que cont\u00f3 con la asistencia del Presidente de M\u00e9xico, el ingeniero Pascual Ortiz Rubio.<\/p>\n\n\n\n<p class=\"has-medium-font-size\">Dentro de los procesos evolutivos del IPGH y para cubrir problem\u00e1ticas m\u00e1s complejas, las labores que en un principio se ajustaron a los \u00e1mbitos de la Geograf\u00eda y de la Historia, ampliaron su horizonte cient\u00edfico con la Cartograf\u00eda, la Geof\u00edsica y otras disciplinas culturales.<\/p>\n\n\n\n<p class=\"has-medium-font-size\">En 1949, un a\u00f1o despu\u00e9s de la creaci\u00f3n de la Organizaci\u00f3n de los Estados Americanos (OEA), el IPGH firm\u00f3 un acuerdo para convertirse en el primer organismo especializado de la OEA. Este acuerdo fue modificado y firmado de conformidad, en la ciudad de Washington, D. C., el 6 de mayo de 1974.<\/p>\n\n\n\n<p class=\"has-medium-font-size\">Connotados investigadores y cient\u00edficos, as\u00ed como autoridades de la m\u00e1s alta jerarqu\u00eda en los Estados Miembros, han sido importantes protagonistas en el proceso de evoluci\u00f3n del IPGH desde su nacimiento.<\/p>\n\n\n\n<p class=\"has-medium-font-size\">Actualmente, el IPGH mantiene v\u00ednculos con m\u00faltiples organizaciones afines a las \u00e1reas de investigaci\u00f3n del IPGH, mediante los cuales se brinda colaboraci\u00f3n a los Estados Miembros.<\/p>\n\n\n\n<p class=\"has-medium-font-size\">El IPGH cuenta, adem\u00e1s, con un acervo bibliogr\u00e1fico denominado &#8220;Jos\u00e9 Toribio Medina&#8221; que se encuentra actualmente alojado en la Biblioteca &#8220;Bonfil Batalla&#8221; en la Escuela Nacional de Antropolog\u00eda e Historia (ENAH), conteniendo m\u00e1s de 231,000 ejemplares. Por otra parte su patrimonio cartogr\u00e1fico se encuentra en la Mapoteca &#8220;Manuel Orozco y Berra&#8221; administrada por el Servicio de Informaci\u00f3n Agr\u00edcola y Pesquero (SIAP) de M\u00e9xico, constituido por m\u00e1s de 150,000 documentos cartogr\u00e1ficos de los cuales 17,000 corresponden a la colecci\u00f3n de mapas del IPGH.<\/p>\n\n\n\n<div class=\"wp-block-buttons is-content-justification-right is-layout-flex wp-container-1 wp-block-buttons-is-layout-flex\"><\/div>\n","protected":false},"excerpt":{"rendered":"<p>Bien conocida es la iniciativa impulsada por Sim\u00f3n Bol\u00edvar orientada a promover la uni\u00f3n de las naciones hispanoamericanas. El Congreso de Panam\u00e1 reunido en 1826, y continuado posteriormente en Tacubaya, M\u00e9xico, constituy\u00f3 el primer intento de llevar a la pr\u00e1ctica el ideal bolivariano. Luego de su cierre, la idea de la uni\u00f3n de los pa\u00edses <a class=\"read-more\" href=\"https:\/\/www.ipgh.org\/mx\/?page_id=191\">LEER M\u00c1S<\/a><\/p>\n","protected":false},"author":1,"featured_media":0,"parent":334,"menu_order":1,"comment_status":"closed","ping_status":"closed","template":"template-full-width.php","meta":{"footnotes":""},"_links":{"self":[{"href":"https:\/\/www.ipgh.org\/mx\/index.php?rest_route=\/wp\/v2\/pages\/191"}],"collection":[{"href":"https:\/\/www.ipgh.org\/mx\/index.php?rest_route=\/wp\/v2\/pages"}],"about":[{"href":"https:\/\/www.ipgh.org\/mx\/index.php?rest_route=\/wp\/v2\/types\/page"}],"author":[{"embeddable":true,"href":"https:\/\/www.ipgh.org\/mx\/index.php?rest_route=\/wp\/v2\/users\/1"}],"replies":[{"embeddable":true,"href":"https:\/\/www.ipgh.org\/mx\/index.php?rest_route=%2Fwp%2Fv2%2Fcomments&post=191"}],"version-history":[{"count":26,"href":"https:\/\/www.ipgh.org\/mx\/index.php?rest_route=\/wp\/v2\/pages\/191\/revisions"}],"predecessor-version":[{"id":6948,"href":"https:\/\/www.ipgh.org\/mx\/index.php?rest_route=\/wp\/v2\/pages\/191\/revisions\/6948"}],"up":[{"embeddable":true,"href":"https:\/\/www.ipgh.org\/mx\/index.php?rest_route=\/wp\/v2\/pages\/334"}],"wp:attachment":[{"href":"https:\/\/www.ipgh.org\/mx\/index.php?rest_route=%2Fwp%2Fv2%2Fmedia&parent=191"}],"curies":[{"name":"wp","href":"https:\/\/api.w.org\/{rel}","templated":true}]}}