{"id":218,"date":"2022-08-12T15:58:28","date_gmt":"2022-08-12T20:58:28","guid":{"rendered":"http:\/\/www.ipgh.org\/mx\/?page_id=218"},"modified":"2022-09-09T18:04:36","modified_gmt":"2022-09-09T23:04:36","slug":"mision","status":"publish","type":"page","link":"https:\/\/www.ipgh.org\/mx\/?page_id=218","title":{"rendered":"Misi\u00f3n"},"content":{"rendered":"\n<div class=\"wp-block-media-text alignfull is-stacked-on-mobile is-vertically-aligned-center\" style=\"grid-template-columns:49% auto\"><figure class=\"wp-block-media-text__media\"><img decoding=\"async\" loading=\"lazy\" width=\"683\" height=\"1024\" src=\"http:\/\/www.ipgh.org\/mx\/wp-content\/uploads\/2022\/09\/MISION-683x1024.jpg\" alt=\"\" class=\"wp-image-1257 size-full\" srcset=\"https:\/\/www.ipgh.org\/mx\/wp-content\/uploads\/2022\/09\/MISION-683x1024.jpg 683w, https:\/\/www.ipgh.org\/mx\/wp-content\/uploads\/2022\/09\/MISION-200x300.jpg 200w, https:\/\/www.ipgh.org\/mx\/wp-content\/uploads\/2022\/09\/MISION-768x1152.jpg 768w, https:\/\/www.ipgh.org\/mx\/wp-content\/uploads\/2022\/09\/MISION-1024x1536.jpg 1024w, https:\/\/www.ipgh.org\/mx\/wp-content\/uploads\/2022\/09\/MISION-1365x2048.jpg 1365w, https:\/\/www.ipgh.org\/mx\/wp-content\/uploads\/2022\/09\/MISION.jpg 1500w\" sizes=\"(max-width: 683px) 100vw, 683px\" \/><\/figure><div class=\"wp-block-media-text__content\">\n<ul class=\"has-medium-font-size\"><li>Fomentar, coordinar y difundir los estudios pertenecientes a sus \u00e1reas de inter\u00e9s, las cuales son Cartograf\u00eda, Geograf\u00eda, Historia, Geof\u00edsica y las ciencias afines en beneficio de Am\u00e9rica;<\/li><li>Apoyar la iniciativa, innovaci\u00f3n y generaci\u00f3n de conocimiento en sus \u00e1reas de inter\u00e9s, a trav\u00e9s de estudios, capacitaciones y trabajos de sus Comisiones;<\/li><li>Promover la cooperaci\u00f3n interdisciplinaria entre los institutos de Am\u00e9rica y organizaciones internacionales afines. <\/li><\/ul>\n\n\n\n<p><\/p>\n\n\n\n<p><\/p>\n\n\n\n<div class=\"wp-block-buttons is-content-justification-right is-layout-flex wp-container-1 wp-block-buttons-is-layout-flex\"><\/div>\n<\/div><\/div>\n\n\n\n<div class=\"wp-block-group is-vertical is-content-justification-right is-layout-flex wp-container-3 wp-block-group-is-layout-flex\">\n<div class=\"wp-block-buttons is-layout-flex wp-block-buttons-is-layout-flex\"><\/div>\n<\/div>\n","protected":false},"excerpt":{"rendered":"","protected":false},"author":1,"featured_media":0,"parent":334,"menu_order":2,"comment_status":"closed","ping_status":"closed","template":"template-full-width.php","meta":{"footnotes":""},"_links":{"self":[{"href":"https:\/\/www.ipgh.org\/mx\/index.php?rest_route=\/wp\/v2\/pages\/218"}],"collection":[{"href":"https:\/\/www.ipgh.org\/mx\/index.php?rest_route=\/wp\/v2\/pages"}],"about":[{"href":"https:\/\/www.ipgh.org\/mx\/index.php?rest_route=\/wp\/v2\/types\/page"}],"author":[{"embeddable":true,"href":"https:\/\/www.ipgh.org\/mx\/index.php?rest_route=\/wp\/v2\/users\/1"}],"replies":[{"embeddable":true,"href":"https:\/\/www.ipgh.org\/mx\/index.php?rest_route=%2Fwp%2Fv2%2Fcomments&post=218"}],"version-history":[{"count":33,"href":"https:\/\/www.ipgh.org\/mx\/index.php?rest_route=\/wp\/v2\/pages\/218\/revisions"}],"predecessor-version":[{"id":2398,"href":"https:\/\/www.ipgh.org\/mx\/index.php?rest_route=\/wp\/v2\/pages\/218\/revisions\/2398"}],"up":[{"embeddable":true,"href":"https:\/\/www.ipgh.org\/mx\/index.php?rest_route=\/wp\/v2\/pages\/334"}],"wp:attachment":[{"href":"https:\/\/www.ipgh.org\/mx\/index.php?rest_route=%2Fwp%2Fv2%2Fmedia&parent=218"}],"curies":[{"name":"wp","href":"https:\/\/api.w.org\/{rel}","templated":true}]}}