{"id":258,"date":"2022-08-12T17:03:58","date_gmt":"2022-08-12T22:03:58","guid":{"rendered":"http:\/\/www.ipgh.org\/mx\/?page_id=258"},"modified":"2022-09-09T18:05:51","modified_gmt":"2022-09-09T23:05:51","slug":"principios","status":"publish","type":"page","link":"https:\/\/www.ipgh.org\/mx\/?page_id=258","title":{"rendered":"Principios"},"content":{"rendered":"\n<figure class=\"wp-block-image size-full is-resized\"><img decoding=\"async\" loading=\"lazy\" src=\"http:\/\/www.ipgh.org\/mx\/wp-content\/uploads\/2022\/09\/PRINCIPIOS.jpg\" alt=\"\" class=\"wp-image-1271\" width=\"1135\" height=\"757\" srcset=\"https:\/\/www.ipgh.org\/mx\/wp-content\/uploads\/2022\/09\/PRINCIPIOS.jpg 1024w, https:\/\/www.ipgh.org\/mx\/wp-content\/uploads\/2022\/09\/PRINCIPIOS-300x200.jpg 300w, https:\/\/www.ipgh.org\/mx\/wp-content\/uploads\/2022\/09\/PRINCIPIOS-768x512.jpg 768w\" sizes=\"(max-width: 1135px) 100vw, 1135px\" \/><\/figure>\n\n\n\n<p><\/p>\n\n\n\n<ul class=\"has-medium-font-size\"><li>Prioriza las actividades cient\u00edficas y la difusi\u00f3n de conocimiento especializado a trav\u00e9s de los programas de Asistencia T\u00e9cnica, de Publicaciones, o los que en el futuro se establezcan para estos fines;<\/li><li>Promueve la relaci\u00f3n entre disciplinas en sus estudios, proyectos y publicaciones, con \u00e9nfasis en la ciencia, la tecnolog\u00eda y el pensamiento cr\u00edtico;<\/li><li>Estimula las actividades de inter\u00e9s multinacional;<\/li><li>Reconoce la importancia de la igualdad, no- discriminaci\u00f3n, respeto y tolerancia para todos los seres humanos;<\/li><li>Respeta la libertad de expresi\u00f3n de sus autores, quienes son los \u00fanicos responsables de sus contenidos;<\/li><li>No emprende ni promueve trabajos que se consideren parciales hacia el proselitismo pol\u00edtico o religioso;<\/li><li>Fomenta el acceso abierto de sus estudios e investigaciones, producto de sus programas.<\/li><\/ul>\n","protected":false},"excerpt":{"rendered":"<p>Prioriza las actividades cient\u00edficas y la difusi\u00f3n de conocimiento especializado a trav\u00e9s de los programas de Asistencia T\u00e9cnica, de Publicaciones, o los que en el futuro se establezcan para estos fines; Promueve la relaci\u00f3n entre disciplinas en sus estudios, proyectos y publicaciones, con \u00e9nfasis en la ciencia, la tecnolog\u00eda y el pensamiento cr\u00edtico; Estimula las <a class=\"read-more\" href=\"https:\/\/www.ipgh.org\/mx\/?page_id=258\">LEER M\u00c1S<\/a><\/p>\n","protected":false},"author":1,"featured_media":416,"parent":334,"menu_order":4,"comment_status":"closed","ping_status":"closed","template":"template-full-width.php","meta":{"footnotes":""},"_links":{"self":[{"href":"https:\/\/www.ipgh.org\/mx\/index.php?rest_route=\/wp\/v2\/pages\/258"}],"collection":[{"href":"https:\/\/www.ipgh.org\/mx\/index.php?rest_route=\/wp\/v2\/pages"}],"about":[{"href":"https:\/\/www.ipgh.org\/mx\/index.php?rest_route=\/wp\/v2\/types\/page"}],"author":[{"embeddable":true,"href":"https:\/\/www.ipgh.org\/mx\/index.php?rest_route=\/wp\/v2\/users\/1"}],"replies":[{"embeddable":true,"href":"https:\/\/www.ipgh.org\/mx\/index.php?rest_route=%2Fwp%2Fv2%2Fcomments&post=258"}],"version-history":[{"count":18,"href":"https:\/\/www.ipgh.org\/mx\/index.php?rest_route=\/wp\/v2\/pages\/258\/revisions"}],"predecessor-version":[{"id":2249,"href":"https:\/\/www.ipgh.org\/mx\/index.php?rest_route=\/wp\/v2\/pages\/258\/revisions\/2249"}],"up":[{"embeddable":true,"href":"https:\/\/www.ipgh.org\/mx\/index.php?rest_route=\/wp\/v2\/pages\/334"}],"wp:featuredmedia":[{"embeddable":true,"href":"https:\/\/www.ipgh.org\/mx\/index.php?rest_route=\/wp\/v2\/media\/416"}],"wp:attachment":[{"href":"https:\/\/www.ipgh.org\/mx\/index.php?rest_route=%2Fwp%2Fv2%2Fmedia&parent=258"}],"curies":[{"name":"wp","href":"https:\/\/api.w.org\/{rel}","templated":true}]}}