{"id":4111,"date":"2022-09-30T12:03:09","date_gmt":"2022-09-30T17:03:09","guid":{"rendered":"http:\/\/www.ipgh.org\/mx\/?page_id=4111"},"modified":"2022-09-30T12:05:00","modified_gmt":"2022-09-30T17:05:00","slug":"48-directing-council","status":"publish","type":"page","link":"https:\/\/www.ipgh.org\/mx\/?page_id=4111","title":{"rendered":"<strong>48 Directing Council<\/strong>"},"content":{"rendered":"\n<div class=\"wp-block-buttons is-layout-flex wp-block-buttons-is-layout-flex\">\n<div class=\"wp-block-button has-custom-width wp-block-button__width-75 has-custom-font-size\" style=\"font-size:15px\"><a class=\"wp-block-button__link has-white-color has-text-color has-background wp-element-button\" style=\"border-radius:10px;background-color:#ff6600;padding-top:10px;padding-right:10px;padding-bottom:10px;padding-left:10px\"><strong>Resolution 1.<\/strong> Strategic Institutional Development Plan<\/a><\/div>\n\n\n\n<div class=\"wp-block-button has-custom-width wp-block-button__width-75 has-custom-font-size\" style=\"font-size:15px\"><a class=\"wp-block-button__link has-white-color has-text-color has-background wp-element-button\" style=\"border-radius:10px;background-color:#ff6600;padding-top:10px;padding-right:10px;padding-bottom:10px;padding-left:10px\"><strong>Resolution 2.<\/strong> New Fee Scale for the Member States from 2020<\/a><\/div>\n\n\n\n<div class=\"wp-block-button has-custom-width wp-block-button__width-75 has-custom-font-size\" style=\"font-size:15px\"><a class=\"wp-block-button__link has-white-color has-text-color has-background wp-element-button\" style=\"border-radius:10px;background-color:#ff6600;padding-top:10px;padding-right:10px;padding-bottom:10px;padding-left:10px\"><strong><strong>Resolution<\/strong> 3.<\/strong> Fees of the Member States for 2019<\/a><\/div>\n\n\n\n<div class=\"wp-block-button has-custom-width wp-block-button__width-75 has-custom-font-size\" style=\"font-size:15px\"><a class=\"wp-block-button__link has-white-color has-text-color has-background wp-element-button\" style=\"border-radius:10px;background-color:#ff6600;padding-top:10px;padding-right:10px;padding-bottom:10px;padding-left:10px\"><strong><strong>Resolution<\/strong> 4<\/strong>. 2017 Financial Report<\/a><\/div>\n\n\n\n<div class=\"wp-block-button has-custom-width wp-block-button__width-75 has-custom-font-size\" style=\"font-size:15px\"><a class=\"wp-block-button__link has-white-color has-text-color has-background wp-element-button\" style=\"border-radius:10px;background-color:#ff6600;padding-top:10px;padding-right:10px;padding-bottom:10px;padding-left:10px\"><strong><strong>Resolution<\/strong> 5.<\/strong> 2017 Audit Report<\/a><\/div>\n\n\n\n<div class=\"wp-block-button has-custom-width wp-block-button__width-75 has-custom-font-size\" style=\"font-size:15px\"><a class=\"wp-block-button__link has-white-color has-text-color has-background wp-element-button\" style=\"border-radius:10px;background-color:#ff6600;padding-top:10px;padding-right:10px;padding-bottom:10px;padding-left:10px\"><strong><strong>Resolution<\/strong> 6.<\/strong> 2019 Budget Program<\/a><\/div>\n\n\n\n<div class=\"wp-block-button has-custom-width wp-block-button__width-75 has-custom-font-size\" style=\"font-size:15px\"><a class=\"wp-block-button__link has-white-color has-text-color has-background wp-element-button\" style=\"border-radius:10px;background-color:#ff6600;padding-top:10px;padding-right:10px;padding-bottom:10px;padding-left:10px\"><strong>Resolution 7.<\/strong> Pol\u00edtica Editorial del IPGH<\/a><\/div>\n\n\n\n<div class=\"wp-block-button has-custom-width wp-block-button__width-75 has-custom-font-size\" style=\"font-size:15px\"><a class=\"wp-block-button__link has-white-color has-text-color has-background wp-element-button\" style=\"border-radius:10px;background-color:#ff6600;padding-top:10px;padding-right:10px;padding-bottom:10px;padding-left:10px\"><strong>Resolution 8.<\/strong> Reuni\u00f3n T\u00e9cnica de las Comisiones<\/a><\/div>\n\n\n\n<div class=\"wp-block-button has-custom-width wp-block-button__width-75 has-custom-font-size\" style=\"font-size:15px\"><a class=\"wp-block-button__link has-white-color has-text-color has-background wp-element-button\" style=\"border-radius:10px;background-color:#ff6600;padding-top:10px;padding-right:10px;padding-bottom:10px;padding-left:10px\"><strong><strong>Resolution<\/strong> 9<\/strong>. Becas acad\u00e9micas y pasant\u00edas<\/a><\/div>\n\n\n\n<div class=\"wp-block-button has-custom-width wp-block-button__width-75 has-custom-font-size\" style=\"font-size:15px\"><a class=\"wp-block-button__link has-white-color has-text-color has-background wp-element-button\" style=\"border-radius:10px;background-color:#ff6600;padding-top:10px;padding-right:10px;padding-bottom:10px;padding-left:10px\"><strong>Resolution 10.<\/strong> Elecci\u00f3n del Miembro del Consejo Superior y Acad\u00e9mico del CEPEIGE<\/a><\/div>\n\n\n\n<div class=\"wp-block-button has-custom-width wp-block-button__width-75 has-custom-font-size\" style=\"font-size:15px\"><a class=\"wp-block-button__link has-white-color has-text-color has-background wp-element-button\" style=\"border-radius:10px;background-color:#ff6600;padding-top:10px;padding-right:10px;padding-bottom:10px;padding-left:10px\"><strong>Resolution 11.<\/strong> Incentivar la educaci\u00f3n en Geograf\u00eda en los Estados Miembros<\/a><\/div>\n\n\n\n<div class=\"wp-block-button has-custom-width wp-block-button__width-75 has-custom-font-size\" style=\"font-size:15px\"><a class=\"wp-block-button__link has-white-color has-text-color has-background wp-element-button\" style=\"border-radius:10px;background-color:#ff6600;padding-top:10px;padding-right:10px;padding-bottom:10px;padding-left:10px\"><strong><strong>Resolution<\/strong> 12.<\/strong> Ense\u00f1anza de la Historia<\/a><\/div>\n\n\n\n<div class=\"wp-block-button has-custom-width wp-block-button__width-75 has-custom-font-size\" style=\"font-size:15px\"><a class=\"wp-block-button__link has-white-color has-text-color has-background wp-element-button\" style=\"border-radius:10px;background-color:#ff6600;padding-top:10px;padding-right:10px;padding-bottom:10px;padding-left:10px\"><strong><strong>Resolution<\/strong> 13.<\/strong> Presentaci\u00f3n de Informes de Secciones Nacionales<\/a><\/div>\n\n\n\n<div class=\"wp-block-button has-custom-width wp-block-button__width-75 has-custom-font-size\" style=\"font-size:15px\"><a class=\"wp-block-button__link has-white-color has-text-color has-background wp-element-button\" style=\"border-radius:10px;background-color:#ff6600;padding-top:10px;padding-right:10px;padding-bottom:10px;padding-left:10px\"><strong>Resolution 14.<\/strong> Ratificaci\u00f3n del Acuerdo de Cooperaci\u00f3n entre la Pan American Development Foundation y el Instituto Panamericano de Geograf\u00eda e Historia<\/a><\/div>\n\n\n\n<div class=\"wp-block-button has-custom-width wp-block-button__width-75 has-custom-font-size\" style=\"font-size:15px\"><a class=\"wp-block-button__link has-white-color has-text-color has-background wp-element-button\" style=\"border-radius:10px;background-color:#ff6600;padding-top:10px;padding-right:10px;padding-bottom:10px;padding-left:10px\"><strong>Resolution 15.<\/strong> Ratificaci\u00f3n del Convenio Marco de Cooperaci\u00f3n suscrito entre la Universidad Tecnol\u00f3gica Metropolitana del Estado de Chile y el Instituto Panamericano de Geograf\u00eda e Historia<\/a><\/div>\n\n\n\n<div class=\"wp-block-button has-custom-width wp-block-button__width-75 has-custom-font-size\" style=\"font-size:15px\"><a class=\"wp-block-button__link has-white-color has-text-color has-background wp-element-button\" style=\"border-radius:10px;background-color:#ff6600;padding-top:10px;padding-right:10px;padding-bottom:10px;padding-left:10px\"><strong>Resolution 16.<\/strong> Mapa Integrado de Am\u00e9rica<\/a><\/div>\n\n\n\n<div class=\"wp-block-button has-custom-width wp-block-button__width-75 has-custom-font-size\" style=\"font-size:15px\"><a class=\"wp-block-button__link has-white-color has-text-color has-background wp-element-button\" style=\"border-radius:10px;background-color:#ff6600;padding-top:10px;padding-right:10px;padding-bottom:10px;padding-left:10px\"><strong>Resolution 17.<\/strong> Modificaci\u00f3n al Art\u00edculo 30 del Reglamento de Publicaciones<\/a><\/div>\n\n\n\n<div class=\"wp-block-button has-custom-width wp-block-button__width-75 has-custom-font-size\" style=\"font-size:15px\"><a class=\"wp-block-button__link has-white-color has-text-color has-background wp-element-button\" style=\"border-radius:10px;background-color:#ff6600;padding-top:10px;padding-right:10px;padding-bottom:10px;padding-left:10px\"><strong><strong>Resolution<\/strong> 18.<\/strong> Modificaci\u00f3n al Art\u00edculo 30 del Reglamento de Publicaciones<\/a><\/div>\n\n\n\n<div class=\"wp-block-button has-custom-width wp-block-button__width-75 has-custom-font-size\" style=\"font-size:15px\"><a class=\"wp-block-button__link has-white-color has-text-color has-background wp-element-button\" style=\"border-radius:10px;background-color:#ff6600;padding-top:10px;padding-right:10px;padding-bottom:10px;padding-left:10px\"><strong><strong>Resolution<\/strong> 19.<\/strong> Sede de las pr\u00f3ximas Reuniones Estatutarias del Instituto Panamericano de Geograf\u00eda e Historia<\/a><\/div>\n\n\n\n<div class=\"wp-block-button has-custom-width wp-block-button__width-75 has-custom-font-size\" style=\"font-size:15px\"><a class=\"wp-block-button__link has-white-color has-text-color has-background wp-element-button\" style=\"border-radius:10px;background-color:#ff6600;padding-top:10px;padding-right:10px;padding-bottom:10px;padding-left:10px\"><strong><strong>Resolution<\/strong> 20.<\/strong> Rumbo al Centenario del IPGH<\/a><\/div>\n\n\n\n<div class=\"wp-block-button has-custom-width wp-block-button__width-75 has-custom-font-size\" style=\"font-size:15px\"><a class=\"wp-block-button__link has-white-color has-text-color has-background wp-element-button\" style=\"border-radius:10px;background-color:#ff6600;padding-top:10px;padding-right:10px;padding-bottom:10px;padding-left:10px\"><strong><strong>Resolutio<\/strong>n 21.<\/strong> Difusi\u00f3n de la Resoluci\u00f3n AG\/RES.2922 (XLVIII-0\/18) de la OEA &#8220;Fortalecimiento de \u00d3rganos, Organismos y Entidades, Iniciativas y Mecanismos de la OEA&#8221;<\/a><\/div>\n\n\n\n<div class=\"wp-block-button has-custom-width wp-block-button__width-75 has-custom-font-size\" style=\"font-size:15px\"><a class=\"wp-block-button__link has-white-color has-text-color has-background wp-element-button\" style=\"border-radius:10px;background-color:#ff6600;padding-top:10px;padding-right:10px;padding-bottom:10px;padding-left:10px\"><strong>Resolution 22.<\/strong> Socios Cooperadores del IPGH<\/a><\/div>\n\n\n\n<div class=\"wp-block-button has-custom-width wp-block-button__width-75 has-custom-font-size\" style=\"font-size:15px\"><a class=\"wp-block-button__link has-white-color has-text-color has-background wp-element-button\" style=\"border-radius:10px;background-color:#ff6600;padding-top:10px;padding-right:10px;padding-bottom:10px;padding-left:10px\"><strong>Resolution 23.<\/strong> Aceptaci\u00f3n de los Informes de las Autoridades<\/a><\/div>\n\n\n\n<div class=\"wp-block-button has-custom-width wp-block-button__width-75 has-custom-font-size\" style=\"font-size:15px\"><a class=\"wp-block-button__link has-white-color has-text-color has-background wp-element-button\" style=\"border-radius:10px;background-color:#ff6600;padding-top:10px;padding-right:10px;padding-bottom:10px;padding-left:10px\"><strong>Resolution 24.<\/strong> Agradecimiento al Instituto Geogr\u00e1fico Militar del Ecuador por el apoyo brindado a Paraguay en el Proyecto del Mapa Integrado de Am\u00e9rica del Sur<\/a><\/div>\n\n\n\n<div class=\"wp-block-button has-custom-width wp-block-button__width-75 has-custom-font-size\" style=\"font-size:15px\"><a class=\"wp-block-button__link has-white-color has-text-color has-background wp-element-button\" style=\"border-radius:10px;background-color:#ff6600;padding-top:10px;padding-right:10px;padding-bottom:10px;padding-left:10px\"><strong><strong>Resolution<\/strong> 25.<\/strong> Agradecimiento al Gobierno del Estado Plurinacional de Bolivia<\/a><\/div>\n<\/div>\n","protected":false},"excerpt":{"rendered":"","protected":false},"author":1,"featured_media":0,"parent":361,"menu_order":5,"comment_status":"closed","ping_status":"closed","template":"","meta":{"footnotes":""},"_links":{"self":[{"href":"https:\/\/www.ipgh.org\/mx\/index.php?rest_route=\/wp\/v2\/pages\/4111"}],"collection":[{"href":"https:\/\/www.ipgh.org\/mx\/index.php?rest_route=\/wp\/v2\/pages"}],"about":[{"href":"https:\/\/www.ipgh.org\/mx\/index.php?rest_route=\/wp\/v2\/types\/page"}],"author":[{"embeddable":true,"href":"https:\/\/www.ipgh.org\/mx\/index.php?rest_route=\/wp\/v2\/users\/1"}],"replies":[{"embeddable":true,"href":"https:\/\/www.ipgh.org\/mx\/index.php?rest_route=%2Fwp%2Fv2%2Fcomments&post=4111"}],"version-history":[{"count":3,"href":"https:\/\/www.ipgh.org\/mx\/index.php?rest_route=\/wp\/v2\/pages\/4111\/revisions"}],"predecessor-version":[{"id":4114,"href":"https:\/\/www.ipgh.org\/mx\/index.php?rest_route=\/wp\/v2\/pages\/4111\/revisions\/4114"}],"up":[{"embeddable":true,"href":"https:\/\/www.ipgh.org\/mx\/index.php?rest_route=\/wp\/v2\/pages\/361"}],"wp:attachment":[{"href":"https:\/\/www.ipgh.org\/mx\/index.php?rest_route=%2Fwp%2Fv2%2Fmedia&parent=4111"}],"curies":[{"name":"wp","href":"https:\/\/api.w.org\/{rel}","templated":true}]}}