{"id":418,"date":"2022-08-18T03:00:53","date_gmt":"2022-08-18T08:00:53","guid":{"rendered":"http:\/\/www.ipgh.org\/mx\/?page_id=418"},"modified":"2022-09-13T10:31:15","modified_gmt":"2022-09-13T15:31:15","slug":"asamblea-general-definicion","status":"publish","type":"page","link":"https:\/\/www.ipgh.org\/mx\/?page_id=418","title":{"rendered":"Asamblea General"},"content":{"rendered":"\n<p><\/p>\n\n\n\n<div class=\"wp-block-media-text alignfull is-stacked-on-mobile is-vertically-aligned-center\"><figure class=\"wp-block-media-text__media\"><img decoding=\"async\" loading=\"lazy\" width=\"714\" height=\"1024\" src=\"http:\/\/www.ipgh.org\/mx\/wp-content\/uploads\/2022\/09\/ASAMBLEA-GENERAL-714x1024.jpg\" alt=\"\" class=\"wp-image-1282 size-full\" srcset=\"https:\/\/www.ipgh.org\/mx\/wp-content\/uploads\/2022\/09\/ASAMBLEA-GENERAL-714x1024.jpg 714w, https:\/\/www.ipgh.org\/mx\/wp-content\/uploads\/2022\/09\/ASAMBLEA-GENERAL-209x300.jpg 209w, https:\/\/www.ipgh.org\/mx\/wp-content\/uploads\/2022\/09\/ASAMBLEA-GENERAL-768x1101.jpg 768w, https:\/\/www.ipgh.org\/mx\/wp-content\/uploads\/2022\/09\/ASAMBLEA-GENERAL.jpg 1024w\" sizes=\"(max-width: 714px) 100vw, 714px\" \/><\/figure><div class=\"wp-block-media-text__content\">\n<p class=\"has-medium-font-size\">Es el \u00f3rgano supremo que fija las directivas cient\u00edficas, administrativas y financieras del IPGH. Se integra por las delegaciones designadas por los Estados Miembros del IPGH, por las Autoridades, los Observadores Permanentes y por los Observadores invitados.<\/p>\n\n\n\n<p class=\"has-medium-font-size\">La Asamblea General se re\u00fane ordinariamente una vez al a\u00f1o y puede reunirse de manera virtual, a causa de situaciones que as\u00ed lo ameriten.<\/p>\n<\/div><\/div>\n","protected":false},"excerpt":{"rendered":"<p>Es el \u00f3rgano supremo que fija las directivas cient\u00edficas, administrativas y financieras del IPGH. Se integra por las delegaciones designadas por los Estados Miembros del IPGH, por las Autoridades, los Observadores Permanentes y por los Observadores invitados. La Asamblea General se re\u00fane ordinariamente una vez al a\u00f1o y puede reunirse de manera virtual, a causa <a class=\"read-more\" href=\"https:\/\/www.ipgh.org\/mx\/?page_id=418\">LEER M\u00c1S<\/a><\/p>\n","protected":false},"author":1,"featured_media":0,"parent":337,"menu_order":1,"comment_status":"closed","ping_status":"closed","template":"","meta":{"footnotes":""},"_links":{"self":[{"href":"https:\/\/www.ipgh.org\/mx\/index.php?rest_route=\/wp\/v2\/pages\/418"}],"collection":[{"href":"https:\/\/www.ipgh.org\/mx\/index.php?rest_route=\/wp\/v2\/pages"}],"about":[{"href":"https:\/\/www.ipgh.org\/mx\/index.php?rest_route=\/wp\/v2\/types\/page"}],"author":[{"embeddable":true,"href":"https:\/\/www.ipgh.org\/mx\/index.php?rest_route=\/wp\/v2\/users\/1"}],"replies":[{"embeddable":true,"href":"https:\/\/www.ipgh.org\/mx\/index.php?rest_route=%2Fwp%2Fv2%2Fcomments&post=418"}],"version-history":[{"count":11,"href":"https:\/\/www.ipgh.org\/mx\/index.php?rest_route=\/wp\/v2\/pages\/418\/revisions"}],"predecessor-version":[{"id":2958,"href":"https:\/\/www.ipgh.org\/mx\/index.php?rest_route=\/wp\/v2\/pages\/418\/revisions\/2958"}],"up":[{"embeddable":true,"href":"https:\/\/www.ipgh.org\/mx\/index.php?rest_route=\/wp\/v2\/pages\/337"}],"wp:attachment":[{"href":"https:\/\/www.ipgh.org\/mx\/index.php?rest_route=%2Fwp%2Fv2%2Fmedia&parent=418"}],"curies":[{"name":"wp","href":"https:\/\/api.w.org\/{rel}","templated":true}]}}