{"id":421,"date":"2022-08-18T03:02:04","date_gmt":"2022-08-18T08:02:04","guid":{"rendered":"http:\/\/www.ipgh.org\/mx\/?page_id=421"},"modified":"2025-08-28T08:08:25","modified_gmt":"2025-08-28T14:08:25","slug":"autoridades","status":"publish","type":"page","link":"https:\/\/www.ipgh.org\/mx\/?page_id=421","title":{"rendered":"Autoridades"},"content":{"rendered":"\n<p class=\"has-medium-font-size\">Constituyen el \u00f3rgano encargado de coordinar y velar por el cumplimiento de las resoluciones de la Asamblea General, as\u00ed como proponer iniciativas en los asuntos de su competencia. Se re\u00fanen semestralmente y pueden hacerlo de manera virtual a causa de situaciones que as\u00ed lo ameriten.<\/p>\n\n\n\n<p class=\"has-medium-font-size\">Las Autoridades del IPGH son:<\/p>\n\n\n\n<ul type=\"1\" class=\"has-medium-font-size\">\n<li>Presidente; <\/li>\n\n\n\n<li>Vicepresidente;<\/li>\n\n\n\n<li>Secretario General<\/li>\n\n\n\n<li>Presidentes de las Comisiones.\n<ul>\n<li style=\"font-size:18px\">Comisi\u00f3n de Cartograf\u00eda<\/li>\n\n\n\n<li style=\"font-size:18px\">Comisi\u00f3n de Geograf\u00eda<\/li>\n\n\n\n<li style=\"font-size:18px\">Comisi\u00f3n de Historia<\/li>\n\n\n\n<li style=\"font-size:18px\">Comisi\u00f3n de Geof\u00edsica<\/li>\n<\/ul>\n<\/li>\n<\/ul>\n\n\n\n<div style=\"height:13px\" aria-hidden=\"true\" class=\"wp-block-spacer\"><\/div>\n\n\n<div class=\"wp-block-image\">\n<figure class=\"aligncenter size-large is-resized\"><img decoding=\"async\" loading=\"lazy\" src=\"https:\/\/www.ipgh.org\/mx\/wp-content\/uploads\/2025\/08\/Foto-Autoridades2025ch-1024x835.png\" alt=\"\" class=\"wp-image-11109\" style=\"width:650px;height:530px\" width=\"650\" height=\"530\" srcset=\"https:\/\/www.ipgh.org\/mx\/wp-content\/uploads\/2025\/08\/Foto-Autoridades2025ch-1024x835.png 1024w, https:\/\/www.ipgh.org\/mx\/wp-content\/uploads\/2025\/08\/Foto-Autoridades2025ch-300x245.png 300w, https:\/\/www.ipgh.org\/mx\/wp-content\/uploads\/2025\/08\/Foto-Autoridades2025ch-768x626.png 768w, https:\/\/www.ipgh.org\/mx\/wp-content\/uploads\/2025\/08\/Foto-Autoridades2025ch-1536x1253.png 1536w, https:\/\/www.ipgh.org\/mx\/wp-content\/uploads\/2025\/08\/Foto-Autoridades2025ch.png 1600w\" sizes=\"(max-width: 650px) 100vw, 650px\" \/><\/figure><\/div>","protected":false},"excerpt":{"rendered":"<p>Constituyen el \u00f3rgano encargado de coordinar y velar por el cumplimiento de las resoluciones de la Asamblea General, as\u00ed como proponer iniciativas en los asuntos de su competencia. Se re\u00fanen semestralmente y pueden hacerlo de manera virtual a causa de situaciones que as\u00ed lo ameriten. Las Autoridades del IPGH son:<\/p>\n","protected":false},"author":1,"featured_media":0,"parent":337,"menu_order":2,"comment_status":"closed","ping_status":"closed","template":"","meta":{"footnotes":""},"_links":{"self":[{"href":"https:\/\/www.ipgh.org\/mx\/index.php?rest_route=\/wp\/v2\/pages\/421"}],"collection":[{"href":"https:\/\/www.ipgh.org\/mx\/index.php?rest_route=\/wp\/v2\/pages"}],"about":[{"href":"https:\/\/www.ipgh.org\/mx\/index.php?rest_route=\/wp\/v2\/types\/page"}],"author":[{"embeddable":true,"href":"https:\/\/www.ipgh.org\/mx\/index.php?rest_route=\/wp\/v2\/users\/1"}],"replies":[{"embeddable":true,"href":"https:\/\/www.ipgh.org\/mx\/index.php?rest_route=%2Fwp%2Fv2%2Fcomments&post=421"}],"version-history":[{"count":24,"href":"https:\/\/www.ipgh.org\/mx\/index.php?rest_route=\/wp\/v2\/pages\/421\/revisions"}],"predecessor-version":[{"id":11110,"href":"https:\/\/www.ipgh.org\/mx\/index.php?rest_route=\/wp\/v2\/pages\/421\/revisions\/11110"}],"up":[{"embeddable":true,"href":"https:\/\/www.ipgh.org\/mx\/index.php?rest_route=\/wp\/v2\/pages\/337"}],"wp:attachment":[{"href":"https:\/\/www.ipgh.org\/mx\/index.php?rest_route=%2Fwp%2Fv2%2Fmedia&parent=421"}],"curies":[{"name":"wp","href":"https:\/\/api.w.org\/{rel}","templated":true}]}}