{"id":424,"date":"2022-08-18T03:03:29","date_gmt":"2022-08-18T08:03:29","guid":{"rendered":"http:\/\/www.ipgh.org\/mx\/?page_id=424"},"modified":"2024-09-24T12:57:42","modified_gmt":"2024-09-24T17:57:42","slug":"secretaria-general","status":"publish","type":"page","link":"https:\/\/www.ipgh.org\/mx\/?page_id=424","title":{"rendered":"Secretar\u00eda General"},"content":{"rendered":"\n<div class=\"wp-block-media-text alignfull is-stacked-on-mobile is-vertically-aligned-center\" style=\"grid-template-columns:25% auto\"><figure class=\"wp-block-media-text__media\"><img decoding=\"async\" loading=\"lazy\" width=\"683\" height=\"1024\" src=\"http:\/\/www.ipgh.org\/mx\/wp-content\/uploads\/2022\/09\/SECRETARIA-GENERAL-683x1024.jpg\" alt=\"\" class=\"wp-image-1291 size-full\" srcset=\"https:\/\/www.ipgh.org\/mx\/wp-content\/uploads\/2022\/09\/SECRETARIA-GENERAL-683x1024.jpg 683w, https:\/\/www.ipgh.org\/mx\/wp-content\/uploads\/2022\/09\/SECRETARIA-GENERAL-200x300.jpg 200w, https:\/\/www.ipgh.org\/mx\/wp-content\/uploads\/2022\/09\/SECRETARIA-GENERAL-768x1152.jpg 768w, https:\/\/www.ipgh.org\/mx\/wp-content\/uploads\/2022\/09\/SECRETARIA-GENERAL.jpg 1024w\" sizes=\"(max-width: 683px) 100vw, 683px\" \/><\/figure><div class=\"wp-block-media-text__content\">\n<p style=\"font-size:18px\">Es el \u00f3rgano que tiene por finalidad:<\/p>\n\n\n\n<ul class=\"has-medium-font-size\">\n<li style=\"font-size:18px\">Realizar los actos administrativos del Instituto,<\/li>\n\n\n\n<li style=\"font-size:18px\">Coordinar las actividades de los \u00f3rganos del IPGH;<\/li>\n\n\n\n<li style=\"font-size:18px\">Prestar asistencia necesaria para el funcionamiento de los \u00f3rganos del IPGH y de las Secciones Nacionales;<\/li>\n\n\n\n<li style=\"font-size:18px\">Ejecutar aquellas tareas que le encomiende la Asamblea General, y<\/li>\n\n\n\n<li style=\"font-size:18px\">Velar por el cumplimiento de las decisiones adoptadas por los \u00f3rganos del IPGH.<\/li>\n<\/ul>\n\n\n\n<p class=\"has-text-align-center has-extra-small-font-size\"><\/p>\n<\/div><\/div>\n\n\n\n<p><\/p>\n\n\n\n<p style=\"font-size:18px\">La Secretar\u00eda General tiene funciones en Palacio sede de la ciudad de M\u00e9xico, y est\u00e1 a cargo de un Secretario General, quien es elegido por la Asamblea General.<\/p>\n","protected":false},"excerpt":{"rendered":"<p>La Secretar\u00eda General tiene funciones en Palacio sede de la ciudad de M\u00e9xico, y est\u00e1 a cargo de un Secretario General, quien es elegido por la Asamblea General.<\/p>\n","protected":false},"author":1,"featured_media":0,"parent":337,"menu_order":3,"comment_status":"closed","ping_status":"closed","template":"","meta":{"footnotes":""},"_links":{"self":[{"href":"https:\/\/www.ipgh.org\/mx\/index.php?rest_route=\/wp\/v2\/pages\/424"}],"collection":[{"href":"https:\/\/www.ipgh.org\/mx\/index.php?rest_route=\/wp\/v2\/pages"}],"about":[{"href":"https:\/\/www.ipgh.org\/mx\/index.php?rest_route=\/wp\/v2\/types\/page"}],"author":[{"embeddable":true,"href":"https:\/\/www.ipgh.org\/mx\/index.php?rest_route=\/wp\/v2\/users\/1"}],"replies":[{"embeddable":true,"href":"https:\/\/www.ipgh.org\/mx\/index.php?rest_route=%2Fwp%2Fv2%2Fcomments&post=424"}],"version-history":[{"count":17,"href":"https:\/\/www.ipgh.org\/mx\/index.php?rest_route=\/wp\/v2\/pages\/424\/revisions"}],"predecessor-version":[{"id":7926,"href":"https:\/\/www.ipgh.org\/mx\/index.php?rest_route=\/wp\/v2\/pages\/424\/revisions\/7926"}],"up":[{"embeddable":true,"href":"https:\/\/www.ipgh.org\/mx\/index.php?rest_route=\/wp\/v2\/pages\/337"}],"wp:attachment":[{"href":"https:\/\/www.ipgh.org\/mx\/index.php?rest_route=%2Fwp%2Fv2%2Fmedia&parent=424"}],"curies":[{"name":"wp","href":"https:\/\/api.w.org\/{rel}","templated":true}]}}