{"id":427,"date":"2022-08-18T03:04:50","date_gmt":"2022-08-18T08:04:50","guid":{"rendered":"http:\/\/www.ipgh.org\/mx\/?page_id=427"},"modified":"2024-09-24T12:59:31","modified_gmt":"2024-09-24T17:59:31","slug":"comisiones","status":"publish","type":"page","link":"https:\/\/www.ipgh.org\/mx\/?page_id=427","title":{"rendered":"Comisiones"},"content":{"rendered":"\n<p><\/p>\n\n\n\n<p><\/p>\n\n\n\n<div class=\"wp-block-media-text alignfull is-stacked-on-mobile is-vertically-aligned-center\" style=\"grid-template-columns:17% auto\"><figure class=\"wp-block-media-text__media\"><img decoding=\"async\" loading=\"lazy\" width=\"650\" height=\"1024\" src=\"http:\/\/www.ipgh.org\/mx\/wp-content\/uploads\/2022\/09\/COMISIONES-650x1024.jpg\" alt=\"\" class=\"wp-image-1295 size-full\" srcset=\"https:\/\/www.ipgh.org\/mx\/wp-content\/uploads\/2022\/09\/COMISIONES-650x1024.jpg 650w, https:\/\/www.ipgh.org\/mx\/wp-content\/uploads\/2022\/09\/COMISIONES-190x300.jpg 190w, https:\/\/www.ipgh.org\/mx\/wp-content\/uploads\/2022\/09\/COMISIONES-768x1211.jpg 768w, https:\/\/www.ipgh.org\/mx\/wp-content\/uploads\/2022\/09\/COMISIONES-975x1536.jpg 975w, https:\/\/www.ipgh.org\/mx\/wp-content\/uploads\/2022\/09\/COMISIONES.jpg 1024w\" sizes=\"(max-width: 650px) 100vw, 650px\" \/><\/figure><div class=\"wp-block-media-text__content\">\n<p style=\"font-size:18px\">Son los \u00f3rganos encargados de promover, coordinar y difundir el desarrollo cient\u00edfico y t\u00e9cnico de sus respectivos campos de acci\u00f3n en los Estados Miembros, a trav\u00e9s de los programas del IPGH.<\/p>\n\n\n\n<p class=\"has-medium-font-size\">En la ejecuci\u00f3n de sus labores, las Comisiones son apoyadas por la Secretar\u00eda General y las Secciones Nacionales.<\/p>\n\n\n\n<p style=\"font-size:18px\">Las Comisiones del IPGH son:<\/p>\n\n\n\n<ul type=\"1\" class=\"has-medium-font-size\">\n<li style=\"font-size:18px\">Comisi\u00f3n de Cartograf\u00eda;<\/li>\n\n\n\n<li style=\"font-size:18px\">Comisi\u00f3n de Geograf\u00eda;<\/li>\n\n\n\n<li style=\"font-size:18px\">Comisi\u00f3n de Historia; y<\/li>\n\n\n\n<li style=\"font-size:18px\">Comisi\u00f3n de Geof\u00edsica.<\/li>\n<\/ul>\n<\/div><\/div>\n\n\n\n<p style=\"font-size:18px\">Para el periodo de su gesti\u00f3n, cada Comisi\u00f3n establece los Comit\u00e9s y Grupos de Trabajo necesarios para el desarrollo de la estrategia cient\u00edfica, la cual es definida por la Asamblea General, a trav\u00e9s de un trabajo conjunto y coordinado con las propuestas de los especialistas.<\/p>\n","protected":false},"excerpt":{"rendered":"<p>Para el periodo de su gesti\u00f3n, cada Comisi\u00f3n establece los Comit\u00e9s y Grupos de Trabajo necesarios para el desarrollo de la estrategia cient\u00edfica, la cual es definida por la Asamblea General, a trav\u00e9s de un trabajo conjunto y coordinado con las propuestas de los especialistas.<\/p>\n","protected":false},"author":1,"featured_media":0,"parent":337,"menu_order":4,"comment_status":"closed","ping_status":"closed","template":"","meta":{"footnotes":""},"_links":{"self":[{"href":"https:\/\/www.ipgh.org\/mx\/index.php?rest_route=\/wp\/v2\/pages\/427"}],"collection":[{"href":"https:\/\/www.ipgh.org\/mx\/index.php?rest_route=\/wp\/v2\/pages"}],"about":[{"href":"https:\/\/www.ipgh.org\/mx\/index.php?rest_route=\/wp\/v2\/types\/page"}],"author":[{"embeddable":true,"href":"https:\/\/www.ipgh.org\/mx\/index.php?rest_route=\/wp\/v2\/users\/1"}],"replies":[{"embeddable":true,"href":"https:\/\/www.ipgh.org\/mx\/index.php?rest_route=%2Fwp%2Fv2%2Fcomments&post=427"}],"version-history":[{"count":13,"href":"https:\/\/www.ipgh.org\/mx\/index.php?rest_route=\/wp\/v2\/pages\/427\/revisions"}],"predecessor-version":[{"id":7927,"href":"https:\/\/www.ipgh.org\/mx\/index.php?rest_route=\/wp\/v2\/pages\/427\/revisions\/7927"}],"up":[{"embeddable":true,"href":"https:\/\/www.ipgh.org\/mx\/index.php?rest_route=\/wp\/v2\/pages\/337"}],"wp:attachment":[{"href":"https:\/\/www.ipgh.org\/mx\/index.php?rest_route=%2Fwp%2Fv2%2Fmedia&parent=427"}],"curies":[{"name":"wp","href":"https:\/\/api.w.org\/{rel}","templated":true}]}}