{"id":4292,"date":"2022-11-09T15:25:19","date_gmt":"2022-11-09T21:25:19","guid":{"rendered":"https:\/\/www.ipgh.org\/mx\/?page_id=4292"},"modified":"2024-09-30T12:06:41","modified_gmt":"2024-09-30T17:06:41","slug":"98%e1%b5%83-reunion-de-autoridades","status":"publish","type":"page","link":"https:\/\/www.ipgh.org\/mx\/?page_id=4292","title":{"rendered":"98\u1d43 Reuni\u00f3n de Autoridades"},"content":{"rendered":"\n<div style=\"height:15px\" aria-hidden=\"true\" class=\"wp-block-spacer\"><\/div>\n\n\n\n<p class=\"has-black-color has-text-color has-link-color wp-elements-f72cbd461b43f025b1abcb44bb5712be\" style=\"font-size:18px\">El pasado 24 de octubre celebr\u00f3 la 98\u1d43 Reuni\u00f3n de Autoridades del IPGH, en la que se abordaron las resoluciones y temas que se resolver\u00edan durante la 23<sup>a<\/sup> Asamblea General de este organismo especializado de la Organizaci\u00f3n de los Estados Americanos (OEA).<\/p>\n\n\n\n<p class=\"has-black-color has-text-color has-link-color wp-elements-239303b57ad962f842b0b968e8403a55\" style=\"font-size:18px\">La apertura de la reuni\u00f3n estuvo a cargo de la Presidente, Dra. Patricia Sol\u00eds y del Secretario General, Mtro. Antonio Campuzano, contando con la asistencia de los Presidentes de las Comisiones de Cartograf\u00eda, Geograf\u00eda, Geof\u00edsica, as\u00ed como de la Vicepresidente del Instituto.<\/p>\n\n\n\n<p class=\"has-black-color has-text-color has-link-color wp-elements-acce6f777a061b7210b8d8adba1538d9\" style=\"font-size:18px\">Para el inicio de esta jornada de trabajo, se cont\u00f3 con la&nbsp; presencia del Crnl. de E.M.C. Ing. Pablo An\u00edbal Acosta, Presidente de la Secci\u00f3n Nacional del IPGH en Ecuador y Director del Instituto Geogr\u00e1fico Militar Ecuador, quien expres\u00f3 su agradecimiento a este \u00f3rgano rector y coordinador de las actividades del IPGH:<\/p>\n\n\n\n<p class=\"has-black-color has-text-color has-link-color wp-elements-cec6a622254f475c1a7767bc5452e650\" style=\"font-size:18px\">\u201cEstoy seguro, de que sus deliberaciones sobre las Resoluciones que se definan a lo largo de este d\u00eda para consideraci\u00f3n de los pa\u00edses participantes a partir del d\u00eda de ma\u00f1ana, que inicia la 23<sup>a<\/sup> Asamblea General, permitir\u00e1 alcanzar los objetivos planteados en beneficio de todos los pa\u00edses que conformamos este gran organismo internacional.<\/p>\n\n\n\n<p class=\"has-black-color has-text-color has-link-color wp-elements-4c5cc983fffc9562db800c51b6dc715c\" style=\"font-size:18px\">Sean todos bienvenidos a nuestro pa\u00eds, estamos muy contentos de contar con su presencia, nos aseguraremos de que su estancia sea placentera y confortable, muchas gracias por la distinci\u00f3n al haber escogido a nuestro pa\u00eds como sede de la Asamblea\u201d.<\/p>\n\n\n\n<div style=\"height:15px\" aria-hidden=\"true\" class=\"wp-block-spacer\"><\/div>\n\n\n\n<figure class=\"wp-block-image size-large is-resized\"><img decoding=\"async\" loading=\"lazy\" src=\"https:\/\/www.ipgh.org\/mx\/wp-content\/uploads\/2022\/11\/image-1-1024x1024.png\" alt=\"\" class=\"wp-image-4297\" style=\"width:1151px;height:1151px\" width=\"1151\" height=\"1151\" srcset=\"https:\/\/www.ipgh.org\/mx\/wp-content\/uploads\/2022\/11\/image-1-1024x1024.png 1024w, https:\/\/www.ipgh.org\/mx\/wp-content\/uploads\/2022\/11\/image-1-300x300.png 300w, https:\/\/www.ipgh.org\/mx\/wp-content\/uploads\/2022\/11\/image-1-150x150.png 150w, https:\/\/www.ipgh.org\/mx\/wp-content\/uploads\/2022\/11\/image-1-768x768.png 768w, https:\/\/www.ipgh.org\/mx\/wp-content\/uploads\/2022\/11\/image-1-1536x1536.png 1536w, https:\/\/www.ipgh.org\/mx\/wp-content\/uploads\/2022\/11\/image-1.png 2048w\" sizes=\"(max-width: 1151px) 100vw, 1151px\" \/><\/figure>\n","protected":false},"excerpt":{"rendered":"<p>El pasado 24 de octubre celebr\u00f3 la 98\u1d43 Reuni\u00f3n de Autoridades del IPGH, en la que se abordaron las resoluciones y temas que se resolver\u00edan durante la 23a Asamblea General de este organismo especializado de la Organizaci\u00f3n de los Estados Americanos (OEA). La apertura de la reuni\u00f3n estuvo a cargo de la Presidente, Dra. Patricia <a class=\"read-more\" href=\"https:\/\/www.ipgh.org\/mx\/?page_id=4292\">LEER M\u00c1S<\/a><\/p>\n","protected":false},"author":1,"featured_media":0,"parent":0,"menu_order":0,"comment_status":"closed","ping_status":"closed","template":"","meta":{"footnotes":""},"_links":{"self":[{"href":"https:\/\/www.ipgh.org\/mx\/index.php?rest_route=\/wp\/v2\/pages\/4292"}],"collection":[{"href":"https:\/\/www.ipgh.org\/mx\/index.php?rest_route=\/wp\/v2\/pages"}],"about":[{"href":"https:\/\/www.ipgh.org\/mx\/index.php?rest_route=\/wp\/v2\/types\/page"}],"author":[{"embeddable":true,"href":"https:\/\/www.ipgh.org\/mx\/index.php?rest_route=\/wp\/v2\/users\/1"}],"replies":[{"embeddable":true,"href":"https:\/\/www.ipgh.org\/mx\/index.php?rest_route=%2Fwp%2Fv2%2Fcomments&post=4292"}],"version-history":[{"count":7,"href":"https:\/\/www.ipgh.org\/mx\/index.php?rest_route=\/wp\/v2\/pages\/4292\/revisions"}],"predecessor-version":[{"id":8865,"href":"https:\/\/www.ipgh.org\/mx\/index.php?rest_route=\/wp\/v2\/pages\/4292\/revisions\/8865"}],"wp:attachment":[{"href":"https:\/\/www.ipgh.org\/mx\/index.php?rest_route=%2Fwp%2Fv2%2Fmedia&parent=4292"}],"curies":[{"name":"wp","href":"https:\/\/api.w.org\/{rel}","templated":true}]}}