{"id":430,"date":"2022-08-18T03:05:47","date_gmt":"2022-08-18T08:05:47","guid":{"rendered":"http:\/\/www.ipgh.org\/mx\/?page_id=430"},"modified":"2024-09-24T13:01:42","modified_gmt":"2024-09-24T18:01:42","slug":"secciones-nacionales","status":"publish","type":"page","link":"https:\/\/www.ipgh.org\/mx\/?page_id=430","title":{"rendered":"Secciones Nacionales"},"content":{"rendered":"\n<div class=\"wp-block-media-text alignwide is-stacked-on-mobile\" style=\"grid-template-columns:37% auto\"><figure class=\"wp-block-media-text__media\"><img decoding=\"async\" loading=\"lazy\" width=\"683\" height=\"1024\" src=\"http:\/\/www.ipgh.org\/mx\/wp-content\/uploads\/2022\/09\/SECCIONES-NACIONALES-683x1024.jpg\" alt=\"\" class=\"wp-image-1303 size-full\" srcset=\"https:\/\/www.ipgh.org\/mx\/wp-content\/uploads\/2022\/09\/SECCIONES-NACIONALES-683x1024.jpg 683w, https:\/\/www.ipgh.org\/mx\/wp-content\/uploads\/2022\/09\/SECCIONES-NACIONALES-200x300.jpg 200w, https:\/\/www.ipgh.org\/mx\/wp-content\/uploads\/2022\/09\/SECCIONES-NACIONALES-768x1152.jpg 768w, https:\/\/www.ipgh.org\/mx\/wp-content\/uploads\/2022\/09\/SECCIONES-NACIONALES.jpg 1024w\" sizes=\"(max-width: 683px) 100vw, 683px\" \/><\/figure><div class=\"wp-block-media-text__content\">\n<p style=\"font-size:18px\">Es el \u00f3rgano establecido por cada Estado Miembro para el cumplimiento de la misi\u00f3n, visi\u00f3n, principios y estrategia cient\u00edfica del IPGH en el \u00e1mbito nacional, contando para ello con el apoyo financiero de su gobierno.<\/p>\n\n\n\n<p style=\"font-size:18px\">El gobierno de cada Estado Miembro designa al Presidente y Vicepresidente de su Secci\u00f3n Nacional, conforme a su reglamento interno y al Estatuto Org\u00e1nico del IPGH.<\/p>\n\n\n\n<p style=\"font-size:18px\">El gobierno de cada Estado Miembro o el Presidente de la Secci\u00f3n Nacional designa al resto de los miembros.<\/p>\n\n\n\n<p style=\"font-size:18px\">Son Estados Miembros del IPGH: Argentina, Belice, Bolivia, Brasil, Chile, Colombia, Costa Rica, Ecuador, El Salvador, Estados Unidos de Am\u00e9rica, Guatemala, Hait\u00ed, Honduras, M\u00e9xico, Nicaragua, Panam\u00e1, Paraguay, Per\u00fa, Rep\u00fablica Dominicana, Uruguay y Venezuela.<\/p>\n<\/div><\/div>\n\n\n\n<p><\/p>\n\n\n\n<p style=\"font-size:18px\"> <\/p>\n\n\n\n<p style=\"font-size:18px\"><\/p>\n","protected":false},"excerpt":{"rendered":"<p>Es el \u00f3rgano establecido por cada Estado Miembro para el cumplimiento de la misi\u00f3n, visi\u00f3n, principios y estrategia cient\u00edfica del IPGH en el \u00e1mbito nacional, contando para ello con el apoyo financiero de su gobierno. El gobierno de cada Estado Miembro designa al Presidente y Vicepresidente de su Secci\u00f3n Nacional, conforme a su reglamento interno <a class=\"read-more\" href=\"https:\/\/www.ipgh.org\/mx\/?page_id=430\">LEER M\u00c1S<\/a><\/p>\n","protected":false},"author":1,"featured_media":0,"parent":337,"menu_order":5,"comment_status":"closed","ping_status":"closed","template":"","meta":{"footnotes":""},"_links":{"self":[{"href":"https:\/\/www.ipgh.org\/mx\/index.php?rest_route=\/wp\/v2\/pages\/430"}],"collection":[{"href":"https:\/\/www.ipgh.org\/mx\/index.php?rest_route=\/wp\/v2\/pages"}],"about":[{"href":"https:\/\/www.ipgh.org\/mx\/index.php?rest_route=\/wp\/v2\/types\/page"}],"author":[{"embeddable":true,"href":"https:\/\/www.ipgh.org\/mx\/index.php?rest_route=\/wp\/v2\/users\/1"}],"replies":[{"embeddable":true,"href":"https:\/\/www.ipgh.org\/mx\/index.php?rest_route=%2Fwp%2Fv2%2Fcomments&post=430"}],"version-history":[{"count":20,"href":"https:\/\/www.ipgh.org\/mx\/index.php?rest_route=\/wp\/v2\/pages\/430\/revisions"}],"predecessor-version":[{"id":7932,"href":"https:\/\/www.ipgh.org\/mx\/index.php?rest_route=\/wp\/v2\/pages\/430\/revisions\/7932"}],"up":[{"embeddable":true,"href":"https:\/\/www.ipgh.org\/mx\/index.php?rest_route=\/wp\/v2\/pages\/337"}],"wp:attachment":[{"href":"https:\/\/www.ipgh.org\/mx\/index.php?rest_route=%2Fwp%2Fv2%2Fmedia&parent=430"}],"curies":[{"name":"wp","href":"https:\/\/api.w.org\/{rel}","templated":true}]}}